{"id":18660,"date":"2024-05-09T17:50:12","date_gmt":"2024-05-09T15:50:12","guid":{"rendered":"https:\/\/www.salve.si\/?post_type=product&#038;p=18660"},"modified":"2026-01-01T00:00:09","modified_gmt":"2025-12-31T23:00:09","slug":"ne-volkovi-ne-jagnjeta","status":"publish","type":"product","link":"https:\/\/www.salve.si\/en\/trgovina\/knjige\/mladinska-literatura\/ne-volkovi-ne-jagnjeta\/","title":{"rendered":"NE VOLKOVI NE JAGNJETA"},"content":{"rendered":"<p>Knjiga salezijanskega duhovnika Antonia Carriera, namenjena mladim, skozi analizo znamenitih don Boskovih sanj pri devetih letih vabi k razmi\u0161ljanju o vpra\u0161anjih, ki se dotikajo tako \u010dlove\u0161kega obstoja kot duhovnega \u017eivljenja.<\/p>\n<p>Od tem, kot so poklicanost in odgovor na Bo\u017eji klic, do mo\u010di in pomena lastnega imena, vsebina knjige nudi ideje, kako prepoznati in uveljaviti svoje talente in kako postati vodnik drugih z ohranjanjem poni\u017enosti v (s)poznavanju samega sebe, ki \u0161e vedno potrebuje pomo\u010d. Zanimiva je poglobljena analiza vsakega koraka Janezkovih sanj pri devetih letih, ki poudarja nekatere pogosto spregledane podrobnosti.<\/p>\n<p>Na primer, metafora o \u00bbspreminjanju volkov v jagnjeta\u00ab zahteva bolj niansirano razumevanje. Pravzaprav je nujno vedeti, da v vsakem \u010dloveku sobivata dva vidika: volkovi in jagnjeta. Med tema dvema komponentama \u010dlove\u0161ke du\u0161e je potrebno vedno iskati ravnovesje.<\/p>\n<p>Besedilo lahko vzgojiteljem pomaga pri premisleku o njihovem slogu poseganja v dana\u0161njo mladinsko stvarnost, zahvaljujo\u010d nekonvencionalnemu branju znamenitih sanj svetega Janeza Boska, saj se poglobi v najbolj neverjetne in najbolj aktualne vidike dana\u0161nje mlade. Zaznamuje ga bogastvo zgledov mladih in salezijancev, ki so se zapisali v zgodovino salezijanske vzgojne metode, in je vsekakor lahko v oporo pri spodbujanju razprav in razmi\u0161ljanj med zavzetimi mladimi, ki i\u0161\u010dejo globino in spremljanje.<\/p>\n<p><a name=\"Bookmark\"><\/a>Avtor knjige je mladi salezijanski duhovnik in katehet Antonio Carriero. Je avtor ve\u010d knjig in je sodeloval z nekaterimi najbolj poznanimi italijanskimi in vatikanskimi \u010dasopisi, kot so <i>Avvenire<\/i>, <i>L&#8217;Osservatore Romano<\/i> in <i>Vatican Insider of La Stampa<\/i>, v katerih je obravnaval \u0161tevilne vzgojne teme, povezane z liki fantasti\u010dnih romanov.<span class=\"slv-content-keywords\"> Knjige Mladinska literatura don Bosko duhovnost mladi mladinska literatura sanje vzgoja Antonio Carriero <\/span><\/p>","protected":false},"excerpt":{"rendered":"<p>Knjiga salezijanskega duhovnika Antonia Carriera ponuja globoko razmi\u0161ljanje o \u010dlove\u0161kem obstoju in duhovnem \u017eivljenju skozi analizo in razlago don Boskovih sanj. Poudarjene tematike so poklicanost, odgovor na Bo\u017eji klic, mo\u010d lastnega imena in poni\u017enost pri vodenju.<\/p>\n<p>Knjiga je lahko dragocen vir za mlade, kot tudi za star\u0161e in vzgojitelje, saj spodbuja razmislek o njihovem vplivu na mladostnike in se dotika aktualnih vpra\u0161anj mlade generacije.<\/p>","protected":false},"featured_media":18661,"template":"","meta":{"_acf_changed":false,"footnotes":""},"product_cat":[1166,141],"product_tag":[843,999,806,1168,994,725],"class_list":{"0":"post-18660","1":"product","2":"type-product","3":"status-publish","4":"has-post-thumbnail","6":"authors-antonio-carriero","7":"publisher-salve-d-o-o-ljubljana","8":"product_cat-mladinska-literatura","9":"product_cat-knjige","10":"product_tag-don-bosko","11":"product_tag-duhovnost","12":"product_tag-mladi","13":"product_tag-mladinska-literatura","14":"product_tag-sanje","15":"product_tag-vzgoja","17":"first","18":"instock","19":"shipping-taxable","20":"purchasable","21":"product-type-simple"},"acf":[],"yoast_head":"<!-- This site is optimized with the Yoast SEO plugin v23.8 - https:\/\/yoast.com\/wordpress\/plugins\/seo\/ -->\n<title>NE VOLKOVI NE JAGNJETA - Salve<\/title>\n<meta name=\"robots\" content=\"index, follow, max-snippet:-1, max-image-preview:large, max-video-preview:-1\" \/>\n<link rel=\"canonical\" href=\"https:\/\/www.salve.si\/en\/trgovina\/knjige\/mladinska-literatura\/ne-volkovi-ne-jagnjeta\/\" \/>\n<meta property=\"og:locale\" content=\"en_US\" \/>\n<meta property=\"og:type\" content=\"article\" \/>\n<meta property=\"og:title\" content=\"NE VOLKOVI NE JAGNJETA - Salve\" \/>\n<meta property=\"og:description\" content=\"Knjiga salezijanskega duhovnika Antonia Carriera ponuja globoko razmi\u0161ljanje o \u010dlove\u0161kem obstoju in duhovnem \u017eivljenju skozi analizo in razlago don Boskovih sanj. Poudarjene tematike so poklicanost, odgovor na Bo\u017eji klic, mo\u010d lastnega imena in poni\u017enost pri vodenju.  Knjiga je lahko dragocen vir za mlade, kot tudi za star\u0161e in vzgojitelje, saj spodbuja razmislek o njihovem vplivu na mladostnike in se dotika aktualnih vpra\u0161anj mlade generacije.\" \/>\n<meta property=\"og:url\" content=\"https:\/\/www.salve.si\/en\/trgovina\/knjige\/mladinska-literatura\/ne-volkovi-ne-jagnjeta\/\" \/>\n<meta property=\"og:site_name\" content=\"Salve\" \/>\n<meta property=\"article:publisher\" content=\"https:\/\/www.facebook.com\/salve.si\" \/>\n<meta property=\"article:modified_time\" content=\"2025-12-31T23:00:09+00:00\" \/>\n<meta property=\"og:image\" content=\"https:\/\/www.salve.si\/wp-content\/uploads\/2024\/05\/Carriero_Ne-volkovi-ne-jagnjeta_NASLOVNICA.jpg\" \/>\n\t<meta property=\"og:image:width\" content=\"1071\" \/>\n\t<meta property=\"og:image:height\" content=\"1654\" \/>\n\t<meta property=\"og:image:type\" content=\"image\/jpeg\" \/>\n<meta name=\"twitter:card\" content=\"summary_large_image\" \/>\n<meta name=\"twitter:label1\" content=\"Est. reading time\" \/>\n\t<meta name=\"twitter:data1\" content=\"2 minutes\" \/>\n<script type=\"application\/ld+json\" class=\"yoast-schema-graph\">{\"@context\":\"https:\/\/schema.org\",\"@graph\":[{\"@type\":\"WebPage\",\"@id\":\"https:\/\/www.salve.si\/trgovina\/knjige\/mladinska-literatura\/ne-volkovi-ne-jagnjeta\/\",\"url\":\"https:\/\/www.salve.si\/trgovina\/knjige\/mladinska-literatura\/ne-volkovi-ne-jagnjeta\/\",\"name\":\"NE VOLKOVI NE JAGNJETA - Salve\",\"isPartOf\":{\"@id\":\"https:\/\/www.salve.si\/#website\"},\"primaryImageOfPage\":{\"@id\":\"https:\/\/www.salve.si\/trgovina\/knjige\/mladinska-literatura\/ne-volkovi-ne-jagnjeta\/#primaryimage\"},\"image\":{\"@id\":\"https:\/\/www.salve.si\/trgovina\/knjige\/mladinska-literatura\/ne-volkovi-ne-jagnjeta\/#primaryimage\"},\"thumbnailUrl\":\"https:\/\/www.salve.si\/wp-content\/uploads\/2024\/05\/Carriero_Ne-volkovi-ne-jagnjeta_NASLOVNICA.jpg\",\"datePublished\":\"2024-05-09T15:50:12+00:00\",\"dateModified\":\"2025-12-31T23:00:09+00:00\",\"breadcrumb\":{\"@id\":\"https:\/\/www.salve.si\/trgovina\/knjige\/mladinska-literatura\/ne-volkovi-ne-jagnjeta\/#breadcrumb\"},\"inLanguage\":\"en-US\",\"potentialAction\":[{\"@type\":\"ReadAction\",\"target\":[\"https:\/\/www.salve.si\/trgovina\/knjige\/mladinska-literatura\/ne-volkovi-ne-jagnjeta\/\"]}]},{\"@type\":\"ImageObject\",\"inLanguage\":\"en-US\",\"@id\":\"https:\/\/www.salve.si\/trgovina\/knjige\/mladinska-literatura\/ne-volkovi-ne-jagnjeta\/#primaryimage\",\"url\":\"https:\/\/www.salve.si\/wp-content\/uploads\/2024\/05\/Carriero_Ne-volkovi-ne-jagnjeta_NASLOVNICA.jpg\",\"contentUrl\":\"https:\/\/www.salve.si\/wp-content\/uploads\/2024\/05\/Carriero_Ne-volkovi-ne-jagnjeta_NASLOVNICA.jpg\",\"width\":1071,\"height\":1654},{\"@type\":\"BreadcrumbList\",\"@id\":\"https:\/\/www.salve.si\/trgovina\/knjige\/mladinska-literatura\/ne-volkovi-ne-jagnjeta\/#breadcrumb\",\"itemListElement\":[{\"@type\":\"ListItem\",\"position\":1,\"name\":\"Home\",\"item\":\"https:\/\/www.salve.si\/\"},{\"@type\":\"ListItem\",\"position\":2,\"name\":\"Trgovina\",\"item\":\"https:\/\/www.salve.si\/trgovina\/\"},{\"@type\":\"ListItem\",\"position\":3,\"name\":\"NE VOLKOVI NE JAGNJETA\"}]},{\"@type\":\"WebSite\",\"@id\":\"https:\/\/www.salve.si\/#website\",\"url\":\"https:\/\/www.salve.si\/\",\"name\":\"Salve\",\"description\":\"Salezijanska zalo\u017eba\",\"publisher\":{\"@id\":\"https:\/\/www.salve.si\/#organization\"},\"potentialAction\":[{\"@type\":\"SearchAction\",\"target\":{\"@type\":\"EntryPoint\",\"urlTemplate\":\"https:\/\/www.salve.si\/?s={search_term_string}\"},\"query-input\":{\"@type\":\"PropertyValueSpecification\",\"valueRequired\":true,\"valueName\":\"search_term_string\"}}],\"inLanguage\":\"en-US\"},{\"@type\":\"Organization\",\"@id\":\"https:\/\/www.salve.si\/#organization\",\"name\":\"Salve d.o.o.\",\"url\":\"https:\/\/www.salve.si\/\",\"logo\":{\"@type\":\"ImageObject\",\"inLanguage\":\"en-US\",\"@id\":\"https:\/\/www.salve.si\/#\/schema\/logo\/image\/\",\"url\":\"https:\/\/www.salve.si\/wp-content\/uploads\/2021\/01\/Salve_logo_modri_nov_web.png\",\"contentUrl\":\"https:\/\/www.salve.si\/wp-content\/uploads\/2021\/01\/Salve_logo_modri_nov_web.png\",\"width\":279,\"height\":90,\"caption\":\"Salve d.o.o.\"},\"image\":{\"@id\":\"https:\/\/www.salve.si\/#\/schema\/logo\/image\/\"},\"sameAs\":[\"https:\/\/www.facebook.com\/salve.si\",\"https:\/\/www.instagram.com\/zalozbasalve\/\",\"https:\/\/www.linkedin.com\/company\/zalozba-salve\/\"]}]}<\/script>\n<!-- \/ Yoast SEO plugin. -->","yoast_head_json":{"title":"NE VOLKOVI NE JAGNJETA - Salve","robots":{"index":"index","follow":"follow","max-snippet":"max-snippet:-1","max-image-preview":"max-image-preview:large","max-video-preview":"max-video-preview:-1"},"canonical":"https:\/\/www.salve.si\/en\/trgovina\/knjige\/mladinska-literatura\/ne-volkovi-ne-jagnjeta\/","og_locale":"en_US","og_type":"article","og_title":"NE VOLKOVI NE JAGNJETA - Salve","og_description":"Knjiga salezijanskega duhovnika Antonia Carriera ponuja globoko razmi\u0161ljanje o \u010dlove\u0161kem obstoju in duhovnem \u017eivljenju skozi analizo in razlago don Boskovih sanj. Poudarjene tematike so poklicanost, odgovor na Bo\u017eji klic, mo\u010d lastnega imena in poni\u017enost pri vodenju.  Knjiga je lahko dragocen vir za mlade, kot tudi za star\u0161e in vzgojitelje, saj spodbuja razmislek o njihovem vplivu na mladostnike in se dotika aktualnih vpra\u0161anj mlade generacije.","og_url":"https:\/\/www.salve.si\/en\/trgovina\/knjige\/mladinska-literatura\/ne-volkovi-ne-jagnjeta\/","og_site_name":"Salve","article_publisher":"https:\/\/www.facebook.com\/salve.si","article_modified_time":"2025-12-31T23:00:09+00:00","og_image":[{"width":1071,"height":1654,"url":"https:\/\/www.salve.si\/wp-content\/uploads\/2024\/05\/Carriero_Ne-volkovi-ne-jagnjeta_NASLOVNICA.jpg","type":"image\/jpeg"}],"twitter_card":"summary_large_image","twitter_misc":{"Est. reading time":"2 minutes"},"schema":{"@context":"https:\/\/schema.org","@graph":[{"@type":"WebPage","@id":"https:\/\/www.salve.si\/trgovina\/knjige\/mladinska-literatura\/ne-volkovi-ne-jagnjeta\/","url":"https:\/\/www.salve.si\/trgovina\/knjige\/mladinska-literatura\/ne-volkovi-ne-jagnjeta\/","name":"NE VOLKOVI NE JAGNJETA - Salve","isPartOf":{"@id":"https:\/\/www.salve.si\/#website"},"primaryImageOfPage":{"@id":"https:\/\/www.salve.si\/trgovina\/knjige\/mladinska-literatura\/ne-volkovi-ne-jagnjeta\/#primaryimage"},"image":{"@id":"https:\/\/www.salve.si\/trgovina\/knjige\/mladinska-literatura\/ne-volkovi-ne-jagnjeta\/#primaryimage"},"thumbnailUrl":"https:\/\/www.salve.si\/wp-content\/uploads\/2024\/05\/Carriero_Ne-volkovi-ne-jagnjeta_NASLOVNICA.jpg","datePublished":"2024-05-09T15:50:12+00:00","dateModified":"2025-12-31T23:00:09+00:00","breadcrumb":{"@id":"https:\/\/www.salve.si\/trgovina\/knjige\/mladinska-literatura\/ne-volkovi-ne-jagnjeta\/#breadcrumb"},"inLanguage":"en-US","potentialAction":[{"@type":"ReadAction","target":["https:\/\/www.salve.si\/trgovina\/knjige\/mladinska-literatura\/ne-volkovi-ne-jagnjeta\/"]}]},{"@type":"ImageObject","inLanguage":"en-US","@id":"https:\/\/www.salve.si\/trgovina\/knjige\/mladinska-literatura\/ne-volkovi-ne-jagnjeta\/#primaryimage","url":"https:\/\/www.salve.si\/wp-content\/uploads\/2024\/05\/Carriero_Ne-volkovi-ne-jagnjeta_NASLOVNICA.jpg","contentUrl":"https:\/\/www.salve.si\/wp-content\/uploads\/2024\/05\/Carriero_Ne-volkovi-ne-jagnjeta_NASLOVNICA.jpg","width":1071,"height":1654},{"@type":"BreadcrumbList","@id":"https:\/\/www.salve.si\/trgovina\/knjige\/mladinska-literatura\/ne-volkovi-ne-jagnjeta\/#breadcrumb","itemListElement":[{"@type":"ListItem","position":1,"name":"Home","item":"https:\/\/www.salve.si\/"},{"@type":"ListItem","position":2,"name":"Trgovina","item":"https:\/\/www.salve.si\/trgovina\/"},{"@type":"ListItem","position":3,"name":"NE VOLKOVI NE JAGNJETA"}]},{"@type":"WebSite","@id":"https:\/\/www.salve.si\/#website","url":"https:\/\/www.salve.si\/","name":"Salve","description":"Salezijanska zalo\u017eba","publisher":{"@id":"https:\/\/www.salve.si\/#organization"},"potentialAction":[{"@type":"SearchAction","target":{"@type":"EntryPoint","urlTemplate":"https:\/\/www.salve.si\/?s={search_term_string}"},"query-input":{"@type":"PropertyValueSpecification","valueRequired":true,"valueName":"search_term_string"}}],"inLanguage":"en-US"},{"@type":"Organization","@id":"https:\/\/www.salve.si\/#organization","name":"Salve d.o.o.","url":"https:\/\/www.salve.si\/","logo":{"@type":"ImageObject","inLanguage":"en-US","@id":"https:\/\/www.salve.si\/#\/schema\/logo\/image\/","url":"https:\/\/www.salve.si\/wp-content\/uploads\/2021\/01\/Salve_logo_modri_nov_web.png","contentUrl":"https:\/\/www.salve.si\/wp-content\/uploads\/2021\/01\/Salve_logo_modri_nov_web.png","width":279,"height":90,"caption":"Salve d.o.o."},"image":{"@id":"https:\/\/www.salve.si\/#\/schema\/logo\/image\/"},"sameAs":["https:\/\/www.facebook.com\/salve.si","https:\/\/www.instagram.com\/zalozbasalve\/","https:\/\/www.linkedin.com\/company\/zalozba-salve\/"]}]}},"_links":{"self":[{"href":"https:\/\/www.salve.si\/en\/wp-json\/wp\/v2\/product\/18660","targetHints":{"allow":["GET"]}}],"collection":[{"href":"https:\/\/www.salve.si\/en\/wp-json\/wp\/v2\/product"}],"about":[{"href":"https:\/\/www.salve.si\/en\/wp-json\/wp\/v2\/types\/product"}],"version-history":[{"count":4,"href":"https:\/\/www.salve.si\/en\/wp-json\/wp\/v2\/product\/18660\/revisions"}],"predecessor-version":[{"id":18671,"href":"https:\/\/www.salve.si\/en\/wp-json\/wp\/v2\/product\/18660\/revisions\/18671"}],"wp:featuredmedia":[{"embeddable":true,"href":"https:\/\/www.salve.si\/en\/wp-json\/wp\/v2\/media\/18661"}],"wp:attachment":[{"href":"https:\/\/www.salve.si\/en\/wp-json\/wp\/v2\/media?parent=18660"}],"wp:term":[{"taxonomy":"product_cat","embeddable":true,"href":"https:\/\/www.salve.si\/en\/wp-json\/wp\/v2\/product_cat?post=18660"},{"taxonomy":"product_tag","embeddable":true,"href":"https:\/\/www.salve.si\/en\/wp-json\/wp\/v2\/product_tag?post=18660"}],"curies":[{"name":"wp","href":"https:\/\/api.w.org\/{rel}","templated":true}]}}