{"id":18653,"date":"2023-05-22T10:52:50","date_gmt":"2023-05-22T08:52:50","guid":{"rendered":"https:\/\/www.salve.si\/?post_type=product&#038;p=18653"},"modified":"2024-07-07T19:07:56","modified_gmt":"2024-07-07T17:07:56","slug":"ljubezen-ni-ljubljena","status":"publish","type":"product","link":"https:\/\/www.salve.si\/en\/trgovina\/knjige\/ljubezen-ni-ljubljena\/","title":{"rendered":"LJUBEZEN NI LJUBLJENA"},"content":{"rendered":"<p>Ena od mo\u017enosti, kako v mesecu juniju \u010dastimo presveto Jezusovo Srce, so tudi vrtnice. Najprej za tistega, ki jih napi\u0161e, nato za tiste, ki jih poslu\u0161ajo ali berejo. Mesec junij je ves posve\u010den temu Bo\u017ejemu Srcu. Obudili naj bi v sebi prepri\u010danje, da nas Jezus neizmerno ljubi, saj je Ljubezen. Njegovo prebodeno srce je zgovorno znamenje te ljubezni, saj nih\u010de nima ve\u010dje ljubezni, kakor je ta, da kdo d\u00e1 svoje \u017eivljenje za gre\u0161ni \u010dlove\u0161ki rod.<br \/>\nDuhovne vaje za posve\u010dene Jezusovemu in Marijinemu Srcu v letu 2023 so se dogajale v Assisiju, mestu sv. Fran\u010di\u0161ka ob njegovem vzkliku \u00bbLjubezen ni ljubljena!\u00ab pod vodstvom br. Mirana \u0160peli\u010da OFM.<span class=\"slv-content-keywords\"> Vrtnice Miran \u0160peli\u010d OFM Severin Maffi Vrtnice Knjige 2024 duhovnost ljubezen ofm vrtnice <\/span><\/p>","protected":false},"excerpt":{"rendered":"<p>\u010cim bolj smo z Materjo Marijo zazrti v Jezusovo prebodeno srce, ki je zdaj poveli\u010dano, tem bolj se v nas budi ljubezen do njega. Dogaja se, kar je do\u017eivljal sv. Fran\u010di\u0161ek Asi\u0161ki, ko je vzkliknil: \u00bbLjubezen ni ljubljena!\u00ab Naj ob leto\u0161njih vrtnicah to do\u017eivimo tudi mi. Pa ne samo do\u017eivimo, ampak Bo\u017ejemu Srcu z ljubeznijo darujemo tudi svoje srce.<\/p>","protected":false},"featured_media":18698,"template":"","meta":{"_acf_changed":false,"footnotes":""},"product_cat":[1078,141],"product_tag":[1247,999,1239,1250,814],"class_list":{"0":"post-18653","1":"product","2":"type-product","3":"status-publish","4":"has-post-thumbnail","6":"zbirke-vrtnice","7":"authors-miran-spelic-ofm","8":"authors-severin-maffi","9":"publisher-salve-d-o-o-ljubljana","10":"product_cat-vrtnice","11":"product_cat-knjige","12":"product_tag-1247","13":"product_tag-duhovnost","14":"product_tag-ljubezen","15":"product_tag-ofm","16":"product_tag-vrtnice","18":"first","19":"instock","20":"shipping-taxable","21":"purchasable","22":"product-type-simple"},"acf":[],"yoast_head":"<!-- This site is optimized with the Yoast SEO plugin v23.8 - https:\/\/yoast.com\/wordpress\/plugins\/seo\/ -->\n<title>LJUBEZEN NI LJUBLJENA - Salve<\/title>\n<meta name=\"robots\" content=\"index, follow, max-snippet:-1, max-image-preview:large, max-video-preview:-1\" \/>\n<link rel=\"canonical\" href=\"https:\/\/www.salve.si\/en\/trgovina\/knjige\/ljubezen-ni-ljubljena\/\" \/>\n<meta property=\"og:locale\" content=\"en_US\" \/>\n<meta property=\"og:type\" content=\"article\" \/>\n<meta property=\"og:title\" content=\"LJUBEZEN NI LJUBLJENA - Salve\" \/>\n<meta property=\"og:description\" content=\"\u010cim bolj smo z Materjo Marijo zazrti v Jezusovo prebodeno srce, ki je zdaj poveli\u010dano, tem bolj se v nas budi ljubezen do njega. Dogaja se, kar je do\u017eivljal sv. Fran\u010di\u0161ek Asi\u0161ki, ko je vzkliknil: \u00bbLjubezen ni ljubljena!\u00ab Naj ob leto\u0161njih vrtnicah to do\u017eivimo tudi mi. Pa ne samo do\u017eivimo, ampak Bo\u017ejemu Srcu z ljubeznijo darujemo tudi svoje srce.\" \/>\n<meta property=\"og:url\" content=\"https:\/\/www.salve.si\/en\/trgovina\/knjige\/ljubezen-ni-ljubljena\/\" \/>\n<meta property=\"og:site_name\" content=\"Salve\" \/>\n<meta property=\"article:publisher\" content=\"https:\/\/www.facebook.com\/salve.si\" \/>\n<meta property=\"article:modified_time\" content=\"2024-07-07T17:07:56+00:00\" \/>\n<meta property=\"og:image\" content=\"https:\/\/www.salve.si\/wp-content\/uploads\/2024\/05\/Vrtnice2024_Ljubezen-ni-ljubljena_NASLOVNICA-1.jpg\" \/>\n\t<meta property=\"og:image:width\" content=\"890\" \/>\n\t<meta property=\"og:image:height\" content=\"1260\" \/>\n\t<meta property=\"og:image:type\" content=\"image\/jpeg\" \/>\n<meta name=\"twitter:card\" content=\"summary_large_image\" \/>\n<meta name=\"twitter:label1\" content=\"Est. reading time\" \/>\n\t<meta name=\"twitter:data1\" content=\"1 minute\" \/>\n<script type=\"application\/ld+json\" class=\"yoast-schema-graph\">{\"@context\":\"https:\/\/schema.org\",\"@graph\":[{\"@type\":\"WebPage\",\"@id\":\"https:\/\/www.salve.si\/trgovina\/knjige\/ljubezen-ni-ljubljena\/\",\"url\":\"https:\/\/www.salve.si\/trgovina\/knjige\/ljubezen-ni-ljubljena\/\",\"name\":\"LJUBEZEN NI LJUBLJENA - Salve\",\"isPartOf\":{\"@id\":\"https:\/\/www.salve.si\/#website\"},\"primaryImageOfPage\":{\"@id\":\"https:\/\/www.salve.si\/trgovina\/knjige\/ljubezen-ni-ljubljena\/#primaryimage\"},\"image\":{\"@id\":\"https:\/\/www.salve.si\/trgovina\/knjige\/ljubezen-ni-ljubljena\/#primaryimage\"},\"thumbnailUrl\":\"https:\/\/www.salve.si\/wp-content\/uploads\/2024\/05\/Vrtnice2024_Ljubezen-ni-ljubljena_NASLOVNICA-1.jpg\",\"datePublished\":\"2023-05-22T08:52:50+00:00\",\"dateModified\":\"2024-07-07T17:07:56+00:00\",\"breadcrumb\":{\"@id\":\"https:\/\/www.salve.si\/trgovina\/knjige\/ljubezen-ni-ljubljena\/#breadcrumb\"},\"inLanguage\":\"en-US\",\"potentialAction\":[{\"@type\":\"ReadAction\",\"target\":[\"https:\/\/www.salve.si\/trgovina\/knjige\/ljubezen-ni-ljubljena\/\"]}]},{\"@type\":\"ImageObject\",\"inLanguage\":\"en-US\",\"@id\":\"https:\/\/www.salve.si\/trgovina\/knjige\/ljubezen-ni-ljubljena\/#primaryimage\",\"url\":\"https:\/\/www.salve.si\/wp-content\/uploads\/2024\/05\/Vrtnice2024_Ljubezen-ni-ljubljena_NASLOVNICA-1.jpg\",\"contentUrl\":\"https:\/\/www.salve.si\/wp-content\/uploads\/2024\/05\/Vrtnice2024_Ljubezen-ni-ljubljena_NASLOVNICA-1.jpg\",\"width\":890,\"height\":1260},{\"@type\":\"BreadcrumbList\",\"@id\":\"https:\/\/www.salve.si\/trgovina\/knjige\/ljubezen-ni-ljubljena\/#breadcrumb\",\"itemListElement\":[{\"@type\":\"ListItem\",\"position\":1,\"name\":\"Home\",\"item\":\"https:\/\/www.salve.si\/\"},{\"@type\":\"ListItem\",\"position\":2,\"name\":\"Trgovina\",\"item\":\"https:\/\/www.salve.si\/trgovina\/\"},{\"@type\":\"ListItem\",\"position\":3,\"name\":\"LJUBEZEN NI LJUBLJENA\"}]},{\"@type\":\"WebSite\",\"@id\":\"https:\/\/www.salve.si\/#website\",\"url\":\"https:\/\/www.salve.si\/\",\"name\":\"Salve\",\"description\":\"Salezijanska zalo\u017eba\",\"publisher\":{\"@id\":\"https:\/\/www.salve.si\/#organization\"},\"potentialAction\":[{\"@type\":\"SearchAction\",\"target\":{\"@type\":\"EntryPoint\",\"urlTemplate\":\"https:\/\/www.salve.si\/?s={search_term_string}\"},\"query-input\":{\"@type\":\"PropertyValueSpecification\",\"valueRequired\":true,\"valueName\":\"search_term_string\"}}],\"inLanguage\":\"en-US\"},{\"@type\":\"Organization\",\"@id\":\"https:\/\/www.salve.si\/#organization\",\"name\":\"Salve d.o.o.\",\"url\":\"https:\/\/www.salve.si\/\",\"logo\":{\"@type\":\"ImageObject\",\"inLanguage\":\"en-US\",\"@id\":\"https:\/\/www.salve.si\/#\/schema\/logo\/image\/\",\"url\":\"https:\/\/www.salve.si\/wp-content\/uploads\/2021\/01\/Salve_logo_modri_nov_web.png\",\"contentUrl\":\"https:\/\/www.salve.si\/wp-content\/uploads\/2021\/01\/Salve_logo_modri_nov_web.png\",\"width\":279,\"height\":90,\"caption\":\"Salve d.o.o.\"},\"image\":{\"@id\":\"https:\/\/www.salve.si\/#\/schema\/logo\/image\/\"},\"sameAs\":[\"https:\/\/www.facebook.com\/salve.si\",\"https:\/\/www.instagram.com\/zalozbasalve\/\",\"https:\/\/www.linkedin.com\/company\/zalozba-salve\/\"]}]}<\/script>\n<!-- \/ Yoast SEO plugin. -->","yoast_head_json":{"title":"LJUBEZEN NI LJUBLJENA - Salve","robots":{"index":"index","follow":"follow","max-snippet":"max-snippet:-1","max-image-preview":"max-image-preview:large","max-video-preview":"max-video-preview:-1"},"canonical":"https:\/\/www.salve.si\/en\/trgovina\/knjige\/ljubezen-ni-ljubljena\/","og_locale":"en_US","og_type":"article","og_title":"LJUBEZEN NI LJUBLJENA - Salve","og_description":"\u010cim bolj smo z Materjo Marijo zazrti v Jezusovo prebodeno srce, ki je zdaj poveli\u010dano, tem bolj se v nas budi ljubezen do njega. Dogaja se, kar je do\u017eivljal sv. Fran\u010di\u0161ek Asi\u0161ki, ko je vzkliknil: \u00bbLjubezen ni ljubljena!\u00ab Naj ob leto\u0161njih vrtnicah to do\u017eivimo tudi mi. Pa ne samo do\u017eivimo, ampak Bo\u017ejemu Srcu z ljubeznijo darujemo tudi svoje srce.","og_url":"https:\/\/www.salve.si\/en\/trgovina\/knjige\/ljubezen-ni-ljubljena\/","og_site_name":"Salve","article_publisher":"https:\/\/www.facebook.com\/salve.si","article_modified_time":"2024-07-07T17:07:56+00:00","og_image":[{"width":890,"height":1260,"url":"https:\/\/www.salve.si\/wp-content\/uploads\/2024\/05\/Vrtnice2024_Ljubezen-ni-ljubljena_NASLOVNICA-1.jpg","type":"image\/jpeg"}],"twitter_card":"summary_large_image","twitter_misc":{"Est. reading time":"1 minute"},"schema":{"@context":"https:\/\/schema.org","@graph":[{"@type":"WebPage","@id":"https:\/\/www.salve.si\/trgovina\/knjige\/ljubezen-ni-ljubljena\/","url":"https:\/\/www.salve.si\/trgovina\/knjige\/ljubezen-ni-ljubljena\/","name":"LJUBEZEN NI LJUBLJENA - Salve","isPartOf":{"@id":"https:\/\/www.salve.si\/#website"},"primaryImageOfPage":{"@id":"https:\/\/www.salve.si\/trgovina\/knjige\/ljubezen-ni-ljubljena\/#primaryimage"},"image":{"@id":"https:\/\/www.salve.si\/trgovina\/knjige\/ljubezen-ni-ljubljena\/#primaryimage"},"thumbnailUrl":"https:\/\/www.salve.si\/wp-content\/uploads\/2024\/05\/Vrtnice2024_Ljubezen-ni-ljubljena_NASLOVNICA-1.jpg","datePublished":"2023-05-22T08:52:50+00:00","dateModified":"2024-07-07T17:07:56+00:00","breadcrumb":{"@id":"https:\/\/www.salve.si\/trgovina\/knjige\/ljubezen-ni-ljubljena\/#breadcrumb"},"inLanguage":"en-US","potentialAction":[{"@type":"ReadAction","target":["https:\/\/www.salve.si\/trgovina\/knjige\/ljubezen-ni-ljubljena\/"]}]},{"@type":"ImageObject","inLanguage":"en-US","@id":"https:\/\/www.salve.si\/trgovina\/knjige\/ljubezen-ni-ljubljena\/#primaryimage","url":"https:\/\/www.salve.si\/wp-content\/uploads\/2024\/05\/Vrtnice2024_Ljubezen-ni-ljubljena_NASLOVNICA-1.jpg","contentUrl":"https:\/\/www.salve.si\/wp-content\/uploads\/2024\/05\/Vrtnice2024_Ljubezen-ni-ljubljena_NASLOVNICA-1.jpg","width":890,"height":1260},{"@type":"BreadcrumbList","@id":"https:\/\/www.salve.si\/trgovina\/knjige\/ljubezen-ni-ljubljena\/#breadcrumb","itemListElement":[{"@type":"ListItem","position":1,"name":"Home","item":"https:\/\/www.salve.si\/"},{"@type":"ListItem","position":2,"name":"Trgovina","item":"https:\/\/www.salve.si\/trgovina\/"},{"@type":"ListItem","position":3,"name":"LJUBEZEN NI LJUBLJENA"}]},{"@type":"WebSite","@id":"https:\/\/www.salve.si\/#website","url":"https:\/\/www.salve.si\/","name":"Salve","description":"Salezijanska zalo\u017eba","publisher":{"@id":"https:\/\/www.salve.si\/#organization"},"potentialAction":[{"@type":"SearchAction","target":{"@type":"EntryPoint","urlTemplate":"https:\/\/www.salve.si\/?s={search_term_string}"},"query-input":{"@type":"PropertyValueSpecification","valueRequired":true,"valueName":"search_term_string"}}],"inLanguage":"en-US"},{"@type":"Organization","@id":"https:\/\/www.salve.si\/#organization","name":"Salve d.o.o.","url":"https:\/\/www.salve.si\/","logo":{"@type":"ImageObject","inLanguage":"en-US","@id":"https:\/\/www.salve.si\/#\/schema\/logo\/image\/","url":"https:\/\/www.salve.si\/wp-content\/uploads\/2021\/01\/Salve_logo_modri_nov_web.png","contentUrl":"https:\/\/www.salve.si\/wp-content\/uploads\/2021\/01\/Salve_logo_modri_nov_web.png","width":279,"height":90,"caption":"Salve d.o.o."},"image":{"@id":"https:\/\/www.salve.si\/#\/schema\/logo\/image\/"},"sameAs":["https:\/\/www.facebook.com\/salve.si","https:\/\/www.instagram.com\/zalozbasalve\/","https:\/\/www.linkedin.com\/company\/zalozba-salve\/"]}]}},"_links":{"self":[{"href":"https:\/\/www.salve.si\/en\/wp-json\/wp\/v2\/product\/18653","targetHints":{"allow":["GET"]}}],"collection":[{"href":"https:\/\/www.salve.si\/en\/wp-json\/wp\/v2\/product"}],"about":[{"href":"https:\/\/www.salve.si\/en\/wp-json\/wp\/v2\/types\/product"}],"version-history":[{"count":8,"href":"https:\/\/www.salve.si\/en\/wp-json\/wp\/v2\/product\/18653\/revisions"}],"predecessor-version":[{"id":18837,"href":"https:\/\/www.salve.si\/en\/wp-json\/wp\/v2\/product\/18653\/revisions\/18837"}],"wp:featuredmedia":[{"embeddable":true,"href":"https:\/\/www.salve.si\/en\/wp-json\/wp\/v2\/media\/18698"}],"wp:attachment":[{"href":"https:\/\/www.salve.si\/en\/wp-json\/wp\/v2\/media?parent=18653"}],"wp:term":[{"taxonomy":"product_cat","embeddable":true,"href":"https:\/\/www.salve.si\/en\/wp-json\/wp\/v2\/product_cat?post=18653"},{"taxonomy":"product_tag","embeddable":true,"href":"https:\/\/www.salve.si\/en\/wp-json\/wp\/v2\/product_tag?post=18653"}],"curies":[{"name":"wp","href":"https:\/\/api.w.org\/{rel}","templated":true}]}}