{"id":18357,"date":"2024-02-26T16:38:19","date_gmt":"2024-02-26T15:38:19","guid":{"rendered":"https:\/\/www.salve.si\/?post_type=product&#038;p=18357"},"modified":"2026-02-16T00:00:30","modified_gmt":"2026-02-15T23:00:30","slug":"slon-v-oratoriju","status":"publish","type":"product","link":"https:\/\/www.salve.si\/en\/trgovina\/knjige\/oratorij\/slon-v-oratoriju\/","title":{"rendered":"SLON V ORATORIJU IN DRUGE DON BOSKOVE SANJE"},"content":{"rendered":"<p>Janez Bosko je priznan vzgojitelj mladostnikov, ki je \u017eivel v Italiji v 19. stoletju. Bog mu je ve\u010dkrat govoril v sanjah. Te sanje je uporabil pri vzgoji mladih, saj jim je preko sanj razlagal smernice za rast v dobre kristjane in po\u0161tene dr\u017eavljane. Zaradi tega se ga je prijel vzdevek, da je &#8220;sanja\u010d&#8221;.<\/p>\n<p>V stripu, ki ga dr\u017ei\u0161 v rokah, je zbranih nekaj najbolj znanih don Boskovih sanj. Pripravili so jih vietnamski salezijanci s sodelavci, ki so uprizorjenim sanjam vdahnili svojo razlago in izraz. A same sanj ostanejo tako univerzalne kot je univerzalen don Bosko s svojo salezijansko karizmo.<\/p>\n<p>Naj torej novi strip, ki je zagledal lu\u010d sveta prav ob 200. obletnici don Boskovih sanj pri devetih letih, dose\u017ee \u010dim ve\u010d radovednih bralcev in naj v njem najdejo tudi kaj koristnega za svoje \u017eivljenje!<\/p>\n<p>Zato se potopi vanje, odkrij njihovo sporo\u010dilo in sanjaj dalje &#8230;<span class=\"slv-content-keywords\"> Knjige Mladinska literatura Mladinske Oratorij don Bosko mladi mladinska literatura oratorij Strip Mladinska knji\u017enica <\/span><\/p>","protected":false},"excerpt":{"rendered":"<p>Nov mladinski strip, posve\u010den naj bolj znanim don Boskovim sanjam.<\/p>","protected":false},"featured_media":18358,"template":"","meta":{"_acf_changed":false,"footnotes":""},"product_cat":[1166,141,266,265],"product_tag":[843,806,1168,768,647],"class_list":{"0":"post-18357","1":"product","2":"type-product","3":"status-publish","4":"has-post-thumbnail","6":"zbirke-mladinska-knjiznica","7":"publisher-salve-d-o-o-ljubljana","8":"product_cat-mladinska-literatura","9":"product_cat-knjige","10":"product_cat-mladinske","11":"product_cat-oratorij","12":"product_tag-don-bosko","13":"product_tag-mladi","14":"product_tag-mladinska-literatura","15":"product_tag-oratorij","16":"product_tag-strip","18":"first","19":"instock","20":"shipping-taxable","21":"purchasable","22":"product-type-simple"},"acf":[],"yoast_head":"<!-- This site is optimized with the Yoast SEO plugin v23.8 - https:\/\/yoast.com\/wordpress\/plugins\/seo\/ -->\n<title>SLON V ORATORIJU IN DRUGE DON BOSKOVE SANJE - Salve<\/title>\n<meta name=\"robots\" content=\"index, follow, max-snippet:-1, max-image-preview:large, max-video-preview:-1\" \/>\n<link rel=\"canonical\" href=\"https:\/\/www.salve.si\/en\/trgovina\/knjige\/oratorij\/slon-v-oratoriju\/\" \/>\n<meta property=\"og:locale\" content=\"en_US\" \/>\n<meta property=\"og:type\" content=\"article\" \/>\n<meta property=\"og:title\" content=\"SLON V ORATORIJU IN DRUGE DON BOSKOVE SANJE - Salve\" \/>\n<meta property=\"og:description\" content=\"Nov mladinski strip, posve\u010den naj bolj znanim don Boskovim sanjam.\" \/>\n<meta property=\"og:url\" content=\"https:\/\/www.salve.si\/en\/trgovina\/knjige\/oratorij\/slon-v-oratoriju\/\" \/>\n<meta property=\"og:site_name\" content=\"Salve\" \/>\n<meta property=\"article:publisher\" content=\"https:\/\/www.facebook.com\/salve.si\" \/>\n<meta property=\"article:modified_time\" content=\"2026-02-15T23:00:30+00:00\" \/>\n<meta property=\"og:image\" content=\"https:\/\/www.salve.si\/wp-content\/uploads\/2024\/02\/STRIP_Slon-v-oratoriju_NASLOVNICA.jpg\" \/>\n\t<meta property=\"og:image:width\" content=\"1167\" \/>\n\t<meta property=\"og:image:height\" content=\"1654\" \/>\n\t<meta property=\"og:image:type\" content=\"image\/jpeg\" \/>\n<meta name=\"twitter:card\" content=\"summary_large_image\" \/>\n<meta name=\"twitter:label1\" content=\"Est. reading time\" \/>\n\t<meta name=\"twitter:data1\" content=\"2 minutes\" \/>\n<script type=\"application\/ld+json\" class=\"yoast-schema-graph\">{\"@context\":\"https:\/\/schema.org\",\"@graph\":[{\"@type\":\"WebPage\",\"@id\":\"https:\/\/www.salve.si\/trgovina\/knjige\/oratorij\/slon-v-oratoriju\/\",\"url\":\"https:\/\/www.salve.si\/trgovina\/knjige\/oratorij\/slon-v-oratoriju\/\",\"name\":\"SLON V ORATORIJU IN DRUGE DON BOSKOVE SANJE - Salve\",\"isPartOf\":{\"@id\":\"https:\/\/www.salve.si\/#website\"},\"primaryImageOfPage\":{\"@id\":\"https:\/\/www.salve.si\/trgovina\/knjige\/oratorij\/slon-v-oratoriju\/#primaryimage\"},\"image\":{\"@id\":\"https:\/\/www.salve.si\/trgovina\/knjige\/oratorij\/slon-v-oratoriju\/#primaryimage\"},\"thumbnailUrl\":\"https:\/\/www.salve.si\/wp-content\/uploads\/2024\/02\/STRIP_Slon-v-oratoriju_NASLOVNICA.jpg\",\"datePublished\":\"2024-02-26T15:38:19+00:00\",\"dateModified\":\"2026-02-15T23:00:30+00:00\",\"breadcrumb\":{\"@id\":\"https:\/\/www.salve.si\/trgovina\/knjige\/oratorij\/slon-v-oratoriju\/#breadcrumb\"},\"inLanguage\":\"en-US\",\"potentialAction\":[{\"@type\":\"ReadAction\",\"target\":[\"https:\/\/www.salve.si\/trgovina\/knjige\/oratorij\/slon-v-oratoriju\/\"]}]},{\"@type\":\"ImageObject\",\"inLanguage\":\"en-US\",\"@id\":\"https:\/\/www.salve.si\/trgovina\/knjige\/oratorij\/slon-v-oratoriju\/#primaryimage\",\"url\":\"https:\/\/www.salve.si\/wp-content\/uploads\/2024\/02\/STRIP_Slon-v-oratoriju_NASLOVNICA.jpg\",\"contentUrl\":\"https:\/\/www.salve.si\/wp-content\/uploads\/2024\/02\/STRIP_Slon-v-oratoriju_NASLOVNICA.jpg\",\"width\":1167,\"height\":1654},{\"@type\":\"BreadcrumbList\",\"@id\":\"https:\/\/www.salve.si\/trgovina\/knjige\/oratorij\/slon-v-oratoriju\/#breadcrumb\",\"itemListElement\":[{\"@type\":\"ListItem\",\"position\":1,\"name\":\"Home\",\"item\":\"https:\/\/www.salve.si\/\"},{\"@type\":\"ListItem\",\"position\":2,\"name\":\"Trgovina\",\"item\":\"https:\/\/www.salve.si\/trgovina\/\"},{\"@type\":\"ListItem\",\"position\":3,\"name\":\"SLON V ORATORIJU IN DRUGE DON BOSKOVE SANJE\"}]},{\"@type\":\"WebSite\",\"@id\":\"https:\/\/www.salve.si\/#website\",\"url\":\"https:\/\/www.salve.si\/\",\"name\":\"Salve\",\"description\":\"Salezijanska zalo\u017eba\",\"publisher\":{\"@id\":\"https:\/\/www.salve.si\/#organization\"},\"potentialAction\":[{\"@type\":\"SearchAction\",\"target\":{\"@type\":\"EntryPoint\",\"urlTemplate\":\"https:\/\/www.salve.si\/?s={search_term_string}\"},\"query-input\":{\"@type\":\"PropertyValueSpecification\",\"valueRequired\":true,\"valueName\":\"search_term_string\"}}],\"inLanguage\":\"en-US\"},{\"@type\":\"Organization\",\"@id\":\"https:\/\/www.salve.si\/#organization\",\"name\":\"Salve d.o.o.\",\"url\":\"https:\/\/www.salve.si\/\",\"logo\":{\"@type\":\"ImageObject\",\"inLanguage\":\"en-US\",\"@id\":\"https:\/\/www.salve.si\/#\/schema\/logo\/image\/\",\"url\":\"https:\/\/www.salve.si\/wp-content\/uploads\/2021\/01\/Salve_logo_modri_nov_web.png\",\"contentUrl\":\"https:\/\/www.salve.si\/wp-content\/uploads\/2021\/01\/Salve_logo_modri_nov_web.png\",\"width\":279,\"height\":90,\"caption\":\"Salve d.o.o.\"},\"image\":{\"@id\":\"https:\/\/www.salve.si\/#\/schema\/logo\/image\/\"},\"sameAs\":[\"https:\/\/www.facebook.com\/salve.si\",\"https:\/\/www.instagram.com\/zalozbasalve\/\",\"https:\/\/www.linkedin.com\/company\/zalozba-salve\/\"]}]}<\/script>\n<!-- \/ Yoast SEO plugin. -->","yoast_head_json":{"title":"SLON V ORATORIJU IN DRUGE DON BOSKOVE SANJE - Salve","robots":{"index":"index","follow":"follow","max-snippet":"max-snippet:-1","max-image-preview":"max-image-preview:large","max-video-preview":"max-video-preview:-1"},"canonical":"https:\/\/www.salve.si\/en\/trgovina\/knjige\/oratorij\/slon-v-oratoriju\/","og_locale":"en_US","og_type":"article","og_title":"SLON V ORATORIJU IN DRUGE DON BOSKOVE SANJE - Salve","og_description":"Nov mladinski strip, posve\u010den naj bolj znanim don Boskovim sanjam.","og_url":"https:\/\/www.salve.si\/en\/trgovina\/knjige\/oratorij\/slon-v-oratoriju\/","og_site_name":"Salve","article_publisher":"https:\/\/www.facebook.com\/salve.si","article_modified_time":"2026-02-15T23:00:30+00:00","og_image":[{"width":1167,"height":1654,"url":"https:\/\/www.salve.si\/wp-content\/uploads\/2024\/02\/STRIP_Slon-v-oratoriju_NASLOVNICA.jpg","type":"image\/jpeg"}],"twitter_card":"summary_large_image","twitter_misc":{"Est. reading time":"2 minutes"},"schema":{"@context":"https:\/\/schema.org","@graph":[{"@type":"WebPage","@id":"https:\/\/www.salve.si\/trgovina\/knjige\/oratorij\/slon-v-oratoriju\/","url":"https:\/\/www.salve.si\/trgovina\/knjige\/oratorij\/slon-v-oratoriju\/","name":"SLON V ORATORIJU IN DRUGE DON BOSKOVE SANJE - Salve","isPartOf":{"@id":"https:\/\/www.salve.si\/#website"},"primaryImageOfPage":{"@id":"https:\/\/www.salve.si\/trgovina\/knjige\/oratorij\/slon-v-oratoriju\/#primaryimage"},"image":{"@id":"https:\/\/www.salve.si\/trgovina\/knjige\/oratorij\/slon-v-oratoriju\/#primaryimage"},"thumbnailUrl":"https:\/\/www.salve.si\/wp-content\/uploads\/2024\/02\/STRIP_Slon-v-oratoriju_NASLOVNICA.jpg","datePublished":"2024-02-26T15:38:19+00:00","dateModified":"2026-02-15T23:00:30+00:00","breadcrumb":{"@id":"https:\/\/www.salve.si\/trgovina\/knjige\/oratorij\/slon-v-oratoriju\/#breadcrumb"},"inLanguage":"en-US","potentialAction":[{"@type":"ReadAction","target":["https:\/\/www.salve.si\/trgovina\/knjige\/oratorij\/slon-v-oratoriju\/"]}]},{"@type":"ImageObject","inLanguage":"en-US","@id":"https:\/\/www.salve.si\/trgovina\/knjige\/oratorij\/slon-v-oratoriju\/#primaryimage","url":"https:\/\/www.salve.si\/wp-content\/uploads\/2024\/02\/STRIP_Slon-v-oratoriju_NASLOVNICA.jpg","contentUrl":"https:\/\/www.salve.si\/wp-content\/uploads\/2024\/02\/STRIP_Slon-v-oratoriju_NASLOVNICA.jpg","width":1167,"height":1654},{"@type":"BreadcrumbList","@id":"https:\/\/www.salve.si\/trgovina\/knjige\/oratorij\/slon-v-oratoriju\/#breadcrumb","itemListElement":[{"@type":"ListItem","position":1,"name":"Home","item":"https:\/\/www.salve.si\/"},{"@type":"ListItem","position":2,"name":"Trgovina","item":"https:\/\/www.salve.si\/trgovina\/"},{"@type":"ListItem","position":3,"name":"SLON V ORATORIJU IN DRUGE DON BOSKOVE SANJE"}]},{"@type":"WebSite","@id":"https:\/\/www.salve.si\/#website","url":"https:\/\/www.salve.si\/","name":"Salve","description":"Salezijanska zalo\u017eba","publisher":{"@id":"https:\/\/www.salve.si\/#organization"},"potentialAction":[{"@type":"SearchAction","target":{"@type":"EntryPoint","urlTemplate":"https:\/\/www.salve.si\/?s={search_term_string}"},"query-input":{"@type":"PropertyValueSpecification","valueRequired":true,"valueName":"search_term_string"}}],"inLanguage":"en-US"},{"@type":"Organization","@id":"https:\/\/www.salve.si\/#organization","name":"Salve d.o.o.","url":"https:\/\/www.salve.si\/","logo":{"@type":"ImageObject","inLanguage":"en-US","@id":"https:\/\/www.salve.si\/#\/schema\/logo\/image\/","url":"https:\/\/www.salve.si\/wp-content\/uploads\/2021\/01\/Salve_logo_modri_nov_web.png","contentUrl":"https:\/\/www.salve.si\/wp-content\/uploads\/2021\/01\/Salve_logo_modri_nov_web.png","width":279,"height":90,"caption":"Salve d.o.o."},"image":{"@id":"https:\/\/www.salve.si\/#\/schema\/logo\/image\/"},"sameAs":["https:\/\/www.facebook.com\/salve.si","https:\/\/www.instagram.com\/zalozbasalve\/","https:\/\/www.linkedin.com\/company\/zalozba-salve\/"]}]}},"_links":{"self":[{"href":"https:\/\/www.salve.si\/en\/wp-json\/wp\/v2\/product\/18357","targetHints":{"allow":["GET"]}}],"collection":[{"href":"https:\/\/www.salve.si\/en\/wp-json\/wp\/v2\/product"}],"about":[{"href":"https:\/\/www.salve.si\/en\/wp-json\/wp\/v2\/types\/product"}],"version-history":[{"count":5,"href":"https:\/\/www.salve.si\/en\/wp-json\/wp\/v2\/product\/18357\/revisions"}],"predecessor-version":[{"id":21114,"href":"https:\/\/www.salve.si\/en\/wp-json\/wp\/v2\/product\/18357\/revisions\/21114"}],"wp:featuredmedia":[{"embeddable":true,"href":"https:\/\/www.salve.si\/en\/wp-json\/wp\/v2\/media\/18358"}],"wp:attachment":[{"href":"https:\/\/www.salve.si\/en\/wp-json\/wp\/v2\/media?parent=18357"}],"wp:term":[{"taxonomy":"product_cat","embeddable":true,"href":"https:\/\/www.salve.si\/en\/wp-json\/wp\/v2\/product_cat?post=18357"},{"taxonomy":"product_tag","embeddable":true,"href":"https:\/\/www.salve.si\/en\/wp-json\/wp\/v2\/product_tag?post=18357"}],"curies":[{"name":"wp","href":"https:\/\/api.w.org\/{rel}","templated":true}]}}