{"id":18345,"date":"2023-02-23T16:23:04","date_gmt":"2023-02-23T15:23:04","guid":{"rendered":"https:\/\/www.salve.si\/?post_type=product&#038;p=18345"},"modified":"2024-07-07T19:09:24","modified_gmt":"2024-07-07T17:09:24","slug":"18345","status":"publish","type":"product","link":"https:\/\/www.salve.si\/en\/trgovina\/knjige\/18345\/","title":{"rendered":"\u010cE POEZIJA NI MOLITEV, POTEM NOBENA STVAR NI"},"content":{"rendered":"<p>Poezija Benedikta Bena Lavriha nam razodeva njegovo iskanje Boga v duhovnikovem pestrem \u017eivljenju. Tako se poezija preliva od otro\u0161kega idealisti\u010dnega zrenja v svojo prihodnost do odraslost, ko po vseh stran poteh v sebi najde tisto pot, ki mu prina\u0161a ne le mir, ampak tudi notranje spoznanje. V otro\u0161tvu je bil mo\u010dno zaznamovan z ljube\u010dim domom in vero v Boga. Ob premi\u0161ljevanju in odlo\u010danju za duhovni\u0161ki poklic se je zavedal te\u017ee in odgovornosti, ki jo prina\u0161ajo zaobljube. Zaobljube izre\u010dene redovni skupnosti, katere pa so pred vsem zaobljube dane Bogu samemu. V duhovni\u0161kem \u017eivljenju se je in se \u0161e soo\u010da z razli\u010dnimi preizku\u0161njami (ljubezen, trpljenje, krivica, bolezen&#8230;). Tako se na razli\u010dne na\u010dine soo\u010da z eksistencialnimi vpra\u0161anji, preko katerih poglablja svoj osebni odnos z Bogom.<\/p>\n<p>Gregor \u010cu\u0161in pravi, da p. Beno sli\u0161i Gospoda v rahlem \u0161epetu (glej 1 Kr 19). Ga poslu\u0161a ter ubesedi in zapi\u0161e &#8211; za vse nas. Nima vsak poguma, da bi se prerekal z Bogom. To si upajo le preroki in pesniki. P. Beno je oboje &#8211; za vse nas. Kajti \u010de pesnik ni molivec, potem nih\u010de ni!<span class=\"slv-content-keywords\"> Benedikt Beno Lavrih Knjige Beno; Lavrih; poezija; molitev; duhovnost; odnos z Bogom <\/span><\/p>","protected":false},"excerpt":{"rendered":"<p>Poezija jezuita Benedikta Bena Lavriha, katera nas popelje v njegov svet iskanja miru, smisla, samega sebe ter Boga.<br \/>\nV prvem delu so ubesedeni trenutki, od otro\u0161tva do danes, ki so \u010dustveno zaznamovali Lavrihovo \u017eivljenje. V drugem delu pa je v Lavrihovih lastnih fotografijah ujeto do\u017eivljanje narave v vseh njenih odtenkih.<\/p>","protected":false},"featured_media":18348,"template":"","meta":{"_acf_changed":false,"footnotes":""},"product_cat":[141],"product_tag":[1233],"class_list":{"0":"post-18345","1":"product","2":"type-product","3":"status-publish","4":"has-post-thumbnail","6":"authors-benedikt-beno-lavrih","7":"publisher-salve-d-o-o-ljubljana","8":"product_cat-knjige","9":"product_tag-beno-lavrih-poezija-molitev-duhovnost-odnos-z-bogom","11":"first","12":"instock","13":"shipping-taxable","14":"purchasable","15":"product-type-simple"},"acf":[],"yoast_head":"<!-- This site is optimized with the Yoast SEO plugin v23.8 - https:\/\/yoast.com\/wordpress\/plugins\/seo\/ -->\n<title>\u010cE POEZIJA NI MOLITEV, POTEM NOBENA STVAR NI - Salve<\/title>\n<meta name=\"robots\" content=\"index, follow, max-snippet:-1, max-image-preview:large, max-video-preview:-1\" \/>\n<link rel=\"canonical\" href=\"https:\/\/www.salve.si\/en\/trgovina\/knjige\/18345\/\" \/>\n<meta property=\"og:locale\" content=\"en_US\" \/>\n<meta property=\"og:type\" content=\"article\" \/>\n<meta property=\"og:title\" content=\"\u010cE POEZIJA NI MOLITEV, POTEM NOBENA STVAR NI - Salve\" \/>\n<meta property=\"og:description\" content=\"Poezija jezuita Benedikta Bena Lavriha, katera nas popelje v njegov svet iskanja miru, smisla, samega sebe ter Boga. V prvem delu so ubesedeni trenutki, od otro\u0161tva do danes, ki so \u010dustveno zaznamovali Lavrihovo \u017eivljenje. V drugem delu pa je v Lavrihovih lastnih fotografijah ujeto do\u017eivljanje narave v vseh njenih odtenkih.\" \/>\n<meta property=\"og:url\" content=\"https:\/\/www.salve.si\/en\/trgovina\/knjige\/18345\/\" \/>\n<meta property=\"og:site_name\" content=\"Salve\" \/>\n<meta property=\"article:publisher\" content=\"https:\/\/www.facebook.com\/salve.si\" \/>\n<meta property=\"article:modified_time\" content=\"2024-07-07T17:09:24+00:00\" \/>\n<meta property=\"og:image\" content=\"https:\/\/www.salve.si\/wp-content\/uploads\/2024\/02\/Naslovnica-Ce-poezija-ni-molitev-potem-nobena-stvar-ni.jpg\" \/>\n\t<meta property=\"og:image:width\" content=\"1280\" \/>\n\t<meta property=\"og:image:height\" content=\"1275\" \/>\n\t<meta property=\"og:image:type\" content=\"image\/jpeg\" \/>\n<meta name=\"twitter:card\" content=\"summary_large_image\" \/>\n<meta name=\"twitter:label1\" content=\"Est. reading time\" \/>\n\t<meta name=\"twitter:data1\" content=\"2 minutes\" \/>\n<script type=\"application\/ld+json\" class=\"yoast-schema-graph\">{\"@context\":\"https:\/\/schema.org\",\"@graph\":[{\"@type\":\"WebPage\",\"@id\":\"https:\/\/www.salve.si\/trgovina\/knjige\/18345\/\",\"url\":\"https:\/\/www.salve.si\/trgovina\/knjige\/18345\/\",\"name\":\"\u010cE POEZIJA NI MOLITEV, POTEM NOBENA STVAR NI - Salve\",\"isPartOf\":{\"@id\":\"https:\/\/www.salve.si\/#website\"},\"primaryImageOfPage\":{\"@id\":\"https:\/\/www.salve.si\/trgovina\/knjige\/18345\/#primaryimage\"},\"image\":{\"@id\":\"https:\/\/www.salve.si\/trgovina\/knjige\/18345\/#primaryimage\"},\"thumbnailUrl\":\"https:\/\/www.salve.si\/wp-content\/uploads\/2024\/02\/Naslovnica-Ce-poezija-ni-molitev-potem-nobena-stvar-ni.jpg\",\"datePublished\":\"2023-02-23T15:23:04+00:00\",\"dateModified\":\"2024-07-07T17:09:24+00:00\",\"breadcrumb\":{\"@id\":\"https:\/\/www.salve.si\/trgovina\/knjige\/18345\/#breadcrumb\"},\"inLanguage\":\"en-US\",\"potentialAction\":[{\"@type\":\"ReadAction\",\"target\":[\"https:\/\/www.salve.si\/trgovina\/knjige\/18345\/\"]}]},{\"@type\":\"ImageObject\",\"inLanguage\":\"en-US\",\"@id\":\"https:\/\/www.salve.si\/trgovina\/knjige\/18345\/#primaryimage\",\"url\":\"https:\/\/www.salve.si\/wp-content\/uploads\/2024\/02\/Naslovnica-Ce-poezija-ni-molitev-potem-nobena-stvar-ni.jpg\",\"contentUrl\":\"https:\/\/www.salve.si\/wp-content\/uploads\/2024\/02\/Naslovnica-Ce-poezija-ni-molitev-potem-nobena-stvar-ni.jpg\",\"width\":1280,\"height\":1275},{\"@type\":\"BreadcrumbList\",\"@id\":\"https:\/\/www.salve.si\/trgovina\/knjige\/18345\/#breadcrumb\",\"itemListElement\":[{\"@type\":\"ListItem\",\"position\":1,\"name\":\"Home\",\"item\":\"https:\/\/www.salve.si\/\"},{\"@type\":\"ListItem\",\"position\":2,\"name\":\"Trgovina\",\"item\":\"https:\/\/www.salve.si\/trgovina\/\"},{\"@type\":\"ListItem\",\"position\":3,\"name\":\"\u010cE POEZIJA NI MOLITEV, POTEM NOBENA STVAR NI\"}]},{\"@type\":\"WebSite\",\"@id\":\"https:\/\/www.salve.si\/#website\",\"url\":\"https:\/\/www.salve.si\/\",\"name\":\"Salve\",\"description\":\"Salezijanska zalo\u017eba\",\"publisher\":{\"@id\":\"https:\/\/www.salve.si\/#organization\"},\"potentialAction\":[{\"@type\":\"SearchAction\",\"target\":{\"@type\":\"EntryPoint\",\"urlTemplate\":\"https:\/\/www.salve.si\/?s={search_term_string}\"},\"query-input\":{\"@type\":\"PropertyValueSpecification\",\"valueRequired\":true,\"valueName\":\"search_term_string\"}}],\"inLanguage\":\"en-US\"},{\"@type\":\"Organization\",\"@id\":\"https:\/\/www.salve.si\/#organization\",\"name\":\"Salve d.o.o.\",\"url\":\"https:\/\/www.salve.si\/\",\"logo\":{\"@type\":\"ImageObject\",\"inLanguage\":\"en-US\",\"@id\":\"https:\/\/www.salve.si\/#\/schema\/logo\/image\/\",\"url\":\"https:\/\/www.salve.si\/wp-content\/uploads\/2021\/01\/Salve_logo_modri_nov_web.png\",\"contentUrl\":\"https:\/\/www.salve.si\/wp-content\/uploads\/2021\/01\/Salve_logo_modri_nov_web.png\",\"width\":279,\"height\":90,\"caption\":\"Salve d.o.o.\"},\"image\":{\"@id\":\"https:\/\/www.salve.si\/#\/schema\/logo\/image\/\"},\"sameAs\":[\"https:\/\/www.facebook.com\/salve.si\",\"https:\/\/www.instagram.com\/zalozbasalve\/\",\"https:\/\/www.linkedin.com\/company\/zalozba-salve\/\"]}]}<\/script>\n<!-- \/ Yoast SEO plugin. -->","yoast_head_json":{"title":"\u010cE POEZIJA NI MOLITEV, POTEM NOBENA STVAR NI - Salve","robots":{"index":"index","follow":"follow","max-snippet":"max-snippet:-1","max-image-preview":"max-image-preview:large","max-video-preview":"max-video-preview:-1"},"canonical":"https:\/\/www.salve.si\/en\/trgovina\/knjige\/18345\/","og_locale":"en_US","og_type":"article","og_title":"\u010cE POEZIJA NI MOLITEV, POTEM NOBENA STVAR NI - Salve","og_description":"Poezija jezuita Benedikta Bena Lavriha, katera nas popelje v njegov svet iskanja miru, smisla, samega sebe ter Boga. V prvem delu so ubesedeni trenutki, od otro\u0161tva do danes, ki so \u010dustveno zaznamovali Lavrihovo \u017eivljenje. V drugem delu pa je v Lavrihovih lastnih fotografijah ujeto do\u017eivljanje narave v vseh njenih odtenkih.","og_url":"https:\/\/www.salve.si\/en\/trgovina\/knjige\/18345\/","og_site_name":"Salve","article_publisher":"https:\/\/www.facebook.com\/salve.si","article_modified_time":"2024-07-07T17:09:24+00:00","og_image":[{"width":1280,"height":1275,"url":"https:\/\/www.salve.si\/wp-content\/uploads\/2024\/02\/Naslovnica-Ce-poezija-ni-molitev-potem-nobena-stvar-ni.jpg","type":"image\/jpeg"}],"twitter_card":"summary_large_image","twitter_misc":{"Est. reading time":"2 minutes"},"schema":{"@context":"https:\/\/schema.org","@graph":[{"@type":"WebPage","@id":"https:\/\/www.salve.si\/trgovina\/knjige\/18345\/","url":"https:\/\/www.salve.si\/trgovina\/knjige\/18345\/","name":"\u010cE POEZIJA NI MOLITEV, POTEM NOBENA STVAR NI - Salve","isPartOf":{"@id":"https:\/\/www.salve.si\/#website"},"primaryImageOfPage":{"@id":"https:\/\/www.salve.si\/trgovina\/knjige\/18345\/#primaryimage"},"image":{"@id":"https:\/\/www.salve.si\/trgovina\/knjige\/18345\/#primaryimage"},"thumbnailUrl":"https:\/\/www.salve.si\/wp-content\/uploads\/2024\/02\/Naslovnica-Ce-poezija-ni-molitev-potem-nobena-stvar-ni.jpg","datePublished":"2023-02-23T15:23:04+00:00","dateModified":"2024-07-07T17:09:24+00:00","breadcrumb":{"@id":"https:\/\/www.salve.si\/trgovina\/knjige\/18345\/#breadcrumb"},"inLanguage":"en-US","potentialAction":[{"@type":"ReadAction","target":["https:\/\/www.salve.si\/trgovina\/knjige\/18345\/"]}]},{"@type":"ImageObject","inLanguage":"en-US","@id":"https:\/\/www.salve.si\/trgovina\/knjige\/18345\/#primaryimage","url":"https:\/\/www.salve.si\/wp-content\/uploads\/2024\/02\/Naslovnica-Ce-poezija-ni-molitev-potem-nobena-stvar-ni.jpg","contentUrl":"https:\/\/www.salve.si\/wp-content\/uploads\/2024\/02\/Naslovnica-Ce-poezija-ni-molitev-potem-nobena-stvar-ni.jpg","width":1280,"height":1275},{"@type":"BreadcrumbList","@id":"https:\/\/www.salve.si\/trgovina\/knjige\/18345\/#breadcrumb","itemListElement":[{"@type":"ListItem","position":1,"name":"Home","item":"https:\/\/www.salve.si\/"},{"@type":"ListItem","position":2,"name":"Trgovina","item":"https:\/\/www.salve.si\/trgovina\/"},{"@type":"ListItem","position":3,"name":"\u010cE POEZIJA NI MOLITEV, POTEM NOBENA STVAR NI"}]},{"@type":"WebSite","@id":"https:\/\/www.salve.si\/#website","url":"https:\/\/www.salve.si\/","name":"Salve","description":"Salezijanska zalo\u017eba","publisher":{"@id":"https:\/\/www.salve.si\/#organization"},"potentialAction":[{"@type":"SearchAction","target":{"@type":"EntryPoint","urlTemplate":"https:\/\/www.salve.si\/?s={search_term_string}"},"query-input":{"@type":"PropertyValueSpecification","valueRequired":true,"valueName":"search_term_string"}}],"inLanguage":"en-US"},{"@type":"Organization","@id":"https:\/\/www.salve.si\/#organization","name":"Salve d.o.o.","url":"https:\/\/www.salve.si\/","logo":{"@type":"ImageObject","inLanguage":"en-US","@id":"https:\/\/www.salve.si\/#\/schema\/logo\/image\/","url":"https:\/\/www.salve.si\/wp-content\/uploads\/2021\/01\/Salve_logo_modri_nov_web.png","contentUrl":"https:\/\/www.salve.si\/wp-content\/uploads\/2021\/01\/Salve_logo_modri_nov_web.png","width":279,"height":90,"caption":"Salve d.o.o."},"image":{"@id":"https:\/\/www.salve.si\/#\/schema\/logo\/image\/"},"sameAs":["https:\/\/www.facebook.com\/salve.si","https:\/\/www.instagram.com\/zalozbasalve\/","https:\/\/www.linkedin.com\/company\/zalozba-salve\/"]}]}},"_links":{"self":[{"href":"https:\/\/www.salve.si\/en\/wp-json\/wp\/v2\/product\/18345","targetHints":{"allow":["GET"]}}],"collection":[{"href":"https:\/\/www.salve.si\/en\/wp-json\/wp\/v2\/product"}],"about":[{"href":"https:\/\/www.salve.si\/en\/wp-json\/wp\/v2\/types\/product"}],"version-history":[{"count":13,"href":"https:\/\/www.salve.si\/en\/wp-json\/wp\/v2\/product\/18345\/revisions"}],"predecessor-version":[{"id":18840,"href":"https:\/\/www.salve.si\/en\/wp-json\/wp\/v2\/product\/18345\/revisions\/18840"}],"wp:featuredmedia":[{"embeddable":true,"href":"https:\/\/www.salve.si\/en\/wp-json\/wp\/v2\/media\/18348"}],"wp:attachment":[{"href":"https:\/\/www.salve.si\/en\/wp-json\/wp\/v2\/media?parent=18345"}],"wp:term":[{"taxonomy":"product_cat","embeddable":true,"href":"https:\/\/www.salve.si\/en\/wp-json\/wp\/v2\/product_cat?post=18345"},{"taxonomy":"product_tag","embeddable":true,"href":"https:\/\/www.salve.si\/en\/wp-json\/wp\/v2\/product_tag?post=18345"}],"curies":[{"name":"wp","href":"https:\/\/api.w.org\/{rel}","templated":true}]}}