{"id":18167,"date":"2023-12-21T11:44:40","date_gmt":"2023-12-21T10:44:40","guid":{"rendered":"https:\/\/www.salve.si\/?post_type=product&#038;p=18167"},"modified":"2026-01-01T00:00:10","modified_gmt":"2025-12-31T23:00:10","slug":"mnogo-nam-je-podaril","status":"publish","type":"product","link":"https:\/\/www.salve.si\/en\/trgovina\/knjige\/teologija-in-duhovnost\/mnogo-nam-je-podaril\/","title":{"rendered":"MNOGO NAM JE PODARIL"},"content":{"rendered":"<p>Benedikt XVI se je vedno zavzemal za o\u010detovsko skrb in misijonarsko nalogo, da bi z modrostjo, nepopustljivostjo in ostrim \u010dutom za natan\u010dnost obravnaval eno od najpomembnej\u0161ih vpra\u0161anj &#8211; kdo je Bog? V zasebnih pogovorih je pogosto poudarjal: &#8216;Veliko je pomembnih stvari, a najpomembnej\u0161a je vera v Boga.&#8217; Ta vera v Boga je bila sredi\u0161\u010de njegovega oznanjevanja, pape\u017eevanja in \u0161kofovske slu\u017ebe. Medtem ko so drugi morda imeli druga\u010dne prioritete, je bil glavni cilj Benedikta XVI nedvoumno jasen &#8211; Bog.<\/p>\n<p>Joseph Ratzinger si je prizadeval, da bi nas ponovno pripeljal do odkritja veli\u010dine, svetosti in bo\u017eanskega izvora liturgije, ki nas bo postavilo pred Boga. Njegov izjemni \u010dut za Boga je v njem ustvaril brezpogojno ljubezen do Bo\u017eje besede, ki jo posredujeta izro\u010dilo in Sveto pismo, in jo je zvesto posredoval skozi nedotakljivo u\u010diteljstvo Cerkve.<\/p>\n<p>Naj bo Benedikt XVI, na\u0161 duhovni vodja, pastir na\u0161ih src in o\u010de na\u0161ih du\u0161, na\u0161 vodnik in varuh Cerkve. Naj njegova modrost in ljubezen do Boga \u0161e naprej usmerjata in varujeta Cerkev ter nas vse pripeljeta bli\u017ee k Njemu.<br \/>\n<span class=\"slv-content-keywords\"> Robert Sarah kardinal Teologija in duhovnost Benedikt XVI pape\u017e Sarah Pape\u017eu Benediktu XVI. v hvale\u017een spomin <\/span><\/p>","protected":false},"excerpt":{"rendered":"<p style=\"font-size: 18px; font-weight: bold;\">Ob prvi obletnici smrti pape\u017ea Benedikta XVI.<\/p>\n<p>Zakaj \u0161e ena knjiga o Benediktu XVI.?<br \/>\nTu ne pri\u010dakujte akademskih sintez o njegovem teolo\u0161kem u\u010denju. Ne pri\u010dakujte kupa velikih nagovorov svetu. Avtor kardinal Robert Sarah, pravi, da je \u017eelel napisati to knjigo, da bi odstrl mo\u010d u\u010denja duhovnega voditelja, kar je Benedikt XVI. bil. V tej knjigi boste torej na\u0161li vpogled v du\u0161o Josepha Ratzingerja.<\/p>","protected":false},"featured_media":18169,"template":"","meta":{"_acf_changed":false,"footnotes":""},"product_cat":[314],"product_tag":[1102,972,1230],"class_list":{"0":"post-18167","1":"product","2":"type-product","3":"status-publish","4":"has-post-thumbnail","6":"authors-robert-sarah-kardinal","7":"publisher-salve-d-o-o-ljubljana","8":"product_cat-teologija-in-duhovnost","9":"product_tag-benedikt-xvi","10":"product_tag-papez","11":"product_tag-sarah","13":"first","14":"instock","15":"shipping-taxable","16":"purchasable","17":"product-type-simple"},"acf":[],"yoast_head":"<!-- This site is optimized with the Yoast SEO plugin v23.8 - https:\/\/yoast.com\/wordpress\/plugins\/seo\/ -->\n<title>MNOGO NAM JE PODARIL - Salve<\/title>\n<meta name=\"robots\" content=\"index, follow, max-snippet:-1, max-image-preview:large, max-video-preview:-1\" \/>\n<link rel=\"canonical\" href=\"https:\/\/www.salve.si\/en\/trgovina\/knjige\/teologija-in-duhovnost\/mnogo-nam-je-podaril\/\" \/>\n<meta property=\"og:locale\" content=\"en_US\" \/>\n<meta property=\"og:type\" content=\"article\" \/>\n<meta property=\"og:title\" content=\"MNOGO NAM JE PODARIL - Salve\" \/>\n<meta property=\"og:description\" content=\"Ob prvi obletnici smrti pape\u017ea Benedikta XVI. Zakaj \u0161e ena knjiga o Benediktu XVI.? Tu ne pri\u010dakujte akademskih sintez o njegovem teolo\u0161kem u\u010denju. Ne pri\u010dakujte kupa velikih nagovorov svetu. Avtor kardinal Robert Sarah, pravi, da je \u017eelel napisati to knjigo, da bi odstrl mo\u010d u\u010denja duhovnega voditelja, kar je Benedikt XVI. bil. V tej knjigi boste torej na\u0161li vpogled v du\u0161o Josepha Ratzingerja.\" \/>\n<meta property=\"og:url\" content=\"https:\/\/www.salve.si\/en\/trgovina\/knjige\/teologija-in-duhovnost\/mnogo-nam-je-podaril\/\" \/>\n<meta property=\"og:site_name\" content=\"Salve\" \/>\n<meta property=\"article:publisher\" content=\"https:\/\/www.facebook.com\/salve.si\" \/>\n<meta property=\"article:modified_time\" content=\"2025-12-31T23:00:10+00:00\" \/>\n<meta property=\"og:image\" content=\"https:\/\/www.salve.si\/wp-content\/uploads\/2023\/12\/Sarah_Mnogo-nam-je-podaril-NASLOVNICA01.jpg\" \/>\n\t<meta property=\"og:image:width\" content=\"1337\" \/>\n\t<meta property=\"og:image:height\" content=\"2067\" \/>\n\t<meta property=\"og:image:type\" content=\"image\/jpeg\" \/>\n<meta name=\"twitter:card\" content=\"summary_large_image\" \/>\n<meta name=\"twitter:label1\" content=\"Est. reading time\" \/>\n\t<meta name=\"twitter:data1\" content=\"2 minutes\" \/>\n<script type=\"application\/ld+json\" class=\"yoast-schema-graph\">{\"@context\":\"https:\/\/schema.org\",\"@graph\":[{\"@type\":\"WebPage\",\"@id\":\"https:\/\/www.salve.si\/trgovina\/knjige\/teologija-in-duhovnost\/mnogo-nam-je-podaril\/\",\"url\":\"https:\/\/www.salve.si\/trgovina\/knjige\/teologija-in-duhovnost\/mnogo-nam-je-podaril\/\",\"name\":\"MNOGO NAM JE PODARIL - Salve\",\"isPartOf\":{\"@id\":\"https:\/\/www.salve.si\/#website\"},\"primaryImageOfPage\":{\"@id\":\"https:\/\/www.salve.si\/trgovina\/knjige\/teologija-in-duhovnost\/mnogo-nam-je-podaril\/#primaryimage\"},\"image\":{\"@id\":\"https:\/\/www.salve.si\/trgovina\/knjige\/teologija-in-duhovnost\/mnogo-nam-je-podaril\/#primaryimage\"},\"thumbnailUrl\":\"https:\/\/www.salve.si\/wp-content\/uploads\/2023\/12\/Sarah_Mnogo-nam-je-podaril-NASLOVNICA01.jpg\",\"datePublished\":\"2023-12-21T10:44:40+00:00\",\"dateModified\":\"2025-12-31T23:00:10+00:00\",\"breadcrumb\":{\"@id\":\"https:\/\/www.salve.si\/trgovina\/knjige\/teologija-in-duhovnost\/mnogo-nam-je-podaril\/#breadcrumb\"},\"inLanguage\":\"en-US\",\"potentialAction\":[{\"@type\":\"ReadAction\",\"target\":[\"https:\/\/www.salve.si\/trgovina\/knjige\/teologija-in-duhovnost\/mnogo-nam-je-podaril\/\"]}]},{\"@type\":\"ImageObject\",\"inLanguage\":\"en-US\",\"@id\":\"https:\/\/www.salve.si\/trgovina\/knjige\/teologija-in-duhovnost\/mnogo-nam-je-podaril\/#primaryimage\",\"url\":\"https:\/\/www.salve.si\/wp-content\/uploads\/2023\/12\/Sarah_Mnogo-nam-je-podaril-NASLOVNICA01.jpg\",\"contentUrl\":\"https:\/\/www.salve.si\/wp-content\/uploads\/2023\/12\/Sarah_Mnogo-nam-je-podaril-NASLOVNICA01.jpg\",\"width\":1337,\"height\":2067},{\"@type\":\"BreadcrumbList\",\"@id\":\"https:\/\/www.salve.si\/trgovina\/knjige\/teologija-in-duhovnost\/mnogo-nam-je-podaril\/#breadcrumb\",\"itemListElement\":[{\"@type\":\"ListItem\",\"position\":1,\"name\":\"Home\",\"item\":\"https:\/\/www.salve.si\/\"},{\"@type\":\"ListItem\",\"position\":2,\"name\":\"Trgovina\",\"item\":\"https:\/\/www.salve.si\/trgovina\/\"},{\"@type\":\"ListItem\",\"position\":3,\"name\":\"MNOGO NAM JE PODARIL\"}]},{\"@type\":\"WebSite\",\"@id\":\"https:\/\/www.salve.si\/#website\",\"url\":\"https:\/\/www.salve.si\/\",\"name\":\"Salve\",\"description\":\"Salezijanska zalo\u017eba\",\"publisher\":{\"@id\":\"https:\/\/www.salve.si\/#organization\"},\"potentialAction\":[{\"@type\":\"SearchAction\",\"target\":{\"@type\":\"EntryPoint\",\"urlTemplate\":\"https:\/\/www.salve.si\/?s={search_term_string}\"},\"query-input\":{\"@type\":\"PropertyValueSpecification\",\"valueRequired\":true,\"valueName\":\"search_term_string\"}}],\"inLanguage\":\"en-US\"},{\"@type\":\"Organization\",\"@id\":\"https:\/\/www.salve.si\/#organization\",\"name\":\"Salve d.o.o.\",\"url\":\"https:\/\/www.salve.si\/\",\"logo\":{\"@type\":\"ImageObject\",\"inLanguage\":\"en-US\",\"@id\":\"https:\/\/www.salve.si\/#\/schema\/logo\/image\/\",\"url\":\"https:\/\/www.salve.si\/wp-content\/uploads\/2021\/01\/Salve_logo_modri_nov_web.png\",\"contentUrl\":\"https:\/\/www.salve.si\/wp-content\/uploads\/2021\/01\/Salve_logo_modri_nov_web.png\",\"width\":279,\"height\":90,\"caption\":\"Salve d.o.o.\"},\"image\":{\"@id\":\"https:\/\/www.salve.si\/#\/schema\/logo\/image\/\"},\"sameAs\":[\"https:\/\/www.facebook.com\/salve.si\",\"https:\/\/www.instagram.com\/zalozbasalve\/\",\"https:\/\/www.linkedin.com\/company\/zalozba-salve\/\"]}]}<\/script>\n<!-- \/ Yoast SEO plugin. -->","yoast_head_json":{"title":"MNOGO NAM JE PODARIL - Salve","robots":{"index":"index","follow":"follow","max-snippet":"max-snippet:-1","max-image-preview":"max-image-preview:large","max-video-preview":"max-video-preview:-1"},"canonical":"https:\/\/www.salve.si\/en\/trgovina\/knjige\/teologija-in-duhovnost\/mnogo-nam-je-podaril\/","og_locale":"en_US","og_type":"article","og_title":"MNOGO NAM JE PODARIL - Salve","og_description":"Ob prvi obletnici smrti pape\u017ea Benedikta XVI. Zakaj \u0161e ena knjiga o Benediktu XVI.? Tu ne pri\u010dakujte akademskih sintez o njegovem teolo\u0161kem u\u010denju. Ne pri\u010dakujte kupa velikih nagovorov svetu. Avtor kardinal Robert Sarah, pravi, da je \u017eelel napisati to knjigo, da bi odstrl mo\u010d u\u010denja duhovnega voditelja, kar je Benedikt XVI. bil. V tej knjigi boste torej na\u0161li vpogled v du\u0161o Josepha Ratzingerja.","og_url":"https:\/\/www.salve.si\/en\/trgovina\/knjige\/teologija-in-duhovnost\/mnogo-nam-je-podaril\/","og_site_name":"Salve","article_publisher":"https:\/\/www.facebook.com\/salve.si","article_modified_time":"2025-12-31T23:00:10+00:00","og_image":[{"width":1337,"height":2067,"url":"https:\/\/www.salve.si\/wp-content\/uploads\/2023\/12\/Sarah_Mnogo-nam-je-podaril-NASLOVNICA01.jpg","type":"image\/jpeg"}],"twitter_card":"summary_large_image","twitter_misc":{"Est. reading time":"2 minutes"},"schema":{"@context":"https:\/\/schema.org","@graph":[{"@type":"WebPage","@id":"https:\/\/www.salve.si\/trgovina\/knjige\/teologija-in-duhovnost\/mnogo-nam-je-podaril\/","url":"https:\/\/www.salve.si\/trgovina\/knjige\/teologija-in-duhovnost\/mnogo-nam-je-podaril\/","name":"MNOGO NAM JE PODARIL - Salve","isPartOf":{"@id":"https:\/\/www.salve.si\/#website"},"primaryImageOfPage":{"@id":"https:\/\/www.salve.si\/trgovina\/knjige\/teologija-in-duhovnost\/mnogo-nam-je-podaril\/#primaryimage"},"image":{"@id":"https:\/\/www.salve.si\/trgovina\/knjige\/teologija-in-duhovnost\/mnogo-nam-je-podaril\/#primaryimage"},"thumbnailUrl":"https:\/\/www.salve.si\/wp-content\/uploads\/2023\/12\/Sarah_Mnogo-nam-je-podaril-NASLOVNICA01.jpg","datePublished":"2023-12-21T10:44:40+00:00","dateModified":"2025-12-31T23:00:10+00:00","breadcrumb":{"@id":"https:\/\/www.salve.si\/trgovina\/knjige\/teologija-in-duhovnost\/mnogo-nam-je-podaril\/#breadcrumb"},"inLanguage":"en-US","potentialAction":[{"@type":"ReadAction","target":["https:\/\/www.salve.si\/trgovina\/knjige\/teologija-in-duhovnost\/mnogo-nam-je-podaril\/"]}]},{"@type":"ImageObject","inLanguage":"en-US","@id":"https:\/\/www.salve.si\/trgovina\/knjige\/teologija-in-duhovnost\/mnogo-nam-je-podaril\/#primaryimage","url":"https:\/\/www.salve.si\/wp-content\/uploads\/2023\/12\/Sarah_Mnogo-nam-je-podaril-NASLOVNICA01.jpg","contentUrl":"https:\/\/www.salve.si\/wp-content\/uploads\/2023\/12\/Sarah_Mnogo-nam-je-podaril-NASLOVNICA01.jpg","width":1337,"height":2067},{"@type":"BreadcrumbList","@id":"https:\/\/www.salve.si\/trgovina\/knjige\/teologija-in-duhovnost\/mnogo-nam-je-podaril\/#breadcrumb","itemListElement":[{"@type":"ListItem","position":1,"name":"Home","item":"https:\/\/www.salve.si\/"},{"@type":"ListItem","position":2,"name":"Trgovina","item":"https:\/\/www.salve.si\/trgovina\/"},{"@type":"ListItem","position":3,"name":"MNOGO NAM JE PODARIL"}]},{"@type":"WebSite","@id":"https:\/\/www.salve.si\/#website","url":"https:\/\/www.salve.si\/","name":"Salve","description":"Salezijanska zalo\u017eba","publisher":{"@id":"https:\/\/www.salve.si\/#organization"},"potentialAction":[{"@type":"SearchAction","target":{"@type":"EntryPoint","urlTemplate":"https:\/\/www.salve.si\/?s={search_term_string}"},"query-input":{"@type":"PropertyValueSpecification","valueRequired":true,"valueName":"search_term_string"}}],"inLanguage":"en-US"},{"@type":"Organization","@id":"https:\/\/www.salve.si\/#organization","name":"Salve d.o.o.","url":"https:\/\/www.salve.si\/","logo":{"@type":"ImageObject","inLanguage":"en-US","@id":"https:\/\/www.salve.si\/#\/schema\/logo\/image\/","url":"https:\/\/www.salve.si\/wp-content\/uploads\/2021\/01\/Salve_logo_modri_nov_web.png","contentUrl":"https:\/\/www.salve.si\/wp-content\/uploads\/2021\/01\/Salve_logo_modri_nov_web.png","width":279,"height":90,"caption":"Salve d.o.o."},"image":{"@id":"https:\/\/www.salve.si\/#\/schema\/logo\/image\/"},"sameAs":["https:\/\/www.facebook.com\/salve.si","https:\/\/www.instagram.com\/zalozbasalve\/","https:\/\/www.linkedin.com\/company\/zalozba-salve\/"]}]}},"_links":{"self":[{"href":"https:\/\/www.salve.si\/en\/wp-json\/wp\/v2\/product\/18167","targetHints":{"allow":["GET"]}}],"collection":[{"href":"https:\/\/www.salve.si\/en\/wp-json\/wp\/v2\/product"}],"about":[{"href":"https:\/\/www.salve.si\/en\/wp-json\/wp\/v2\/types\/product"}],"version-history":[{"count":6,"href":"https:\/\/www.salve.si\/en\/wp-json\/wp\/v2\/product\/18167\/revisions"}],"predecessor-version":[{"id":18257,"href":"https:\/\/www.salve.si\/en\/wp-json\/wp\/v2\/product\/18167\/revisions\/18257"}],"wp:featuredmedia":[{"embeddable":true,"href":"https:\/\/www.salve.si\/en\/wp-json\/wp\/v2\/media\/18169"}],"wp:attachment":[{"href":"https:\/\/www.salve.si\/en\/wp-json\/wp\/v2\/media?parent=18167"}],"wp:term":[{"taxonomy":"product_cat","embeddable":true,"href":"https:\/\/www.salve.si\/en\/wp-json\/wp\/v2\/product_cat?post=18167"},{"taxonomy":"product_tag","embeddable":true,"href":"https:\/\/www.salve.si\/en\/wp-json\/wp\/v2\/product_tag?post=18167"}],"curies":[{"name":"wp","href":"https:\/\/api.w.org\/{rel}","templated":true}]}}