{"id":17966,"date":"2023-11-24T10:59:01","date_gmt":"2023-11-24T09:59:01","guid":{"rendered":"https:\/\/www.salve.si\/?post_type=product&#038;p=17966"},"modified":"2026-01-01T00:00:07","modified_gmt":"2025-12-31T23:00:07","slug":"detektivski-pes-zak","status":"publish","type":"product","link":"https:\/\/www.salve.si\/en\/trgovina\/knjige\/otroske\/detektivski-pes-zak\/","title":{"rendered":"DETEKTIVSKI PES \u017dAK"},"content":{"rendered":"<p>Gre za otro\u0161ko slikanico, ki je namenjena otrokom, od treh let naprej. Namenjena je predvsem otrokom, ki se u\u010dijo brati, da bi z veseljem posegli po knjigah, da bi jih te pritegnile in da ne bi obupali pri bralni kulturi.<\/p>\n<p><em>\u00bbMladega bralca \u017eelim povabiti v svet domi\u0161ljije, da bi sam iskal nove zgodbe v resni\u010dnem svetu, ne v umetni inteligenci. Tam je izredno malo prostora za razvoj mo\u017eganov in za nove ideje. Bolj kot so na\u0161e poti vijugaste in strme, bolj mo\u017egani i\u0161\u010dejo re\u0161itve. In to je prihodnost nekega naroda, da spodbuja otroke k premi\u0161ljevanju na vseh podro\u010djih,\u00ab<\/em>\u00a0je povedala Marjeta Debevec.<\/p>\n<p><span class=\"slv-content-keywords\"> Slikanica Otro\u0161ke IN VELIKI UMOR NA KOKO\u0160JEM DVORU ANA MARINKO <\/span><\/p>","protected":false},"excerpt":{"rendered":"<div class=\"x11i5rnm xat24cr x1mh8g0r x1vvkbs xtlvy1s x126k92a\">\n<div dir=\"auto\">Na koko\u0161jem dvoru se je zgodil dvojni umor. Prestra\u0161eni petelin pokli\u010de na pomo\u010d izurjenega detektiva na \u0161tirih ta\u010dkah. Ali bo \u017daku uspelo re\u0161iti uganko?<\/div>\n<\/div>\n<div class=\"x11i5rnm xat24cr x1mh8g0r x1vvkbs xtlvy1s x126k92a\">\n<div dir=\"auto\">Re\u0161itev najdete v novi otro\u0161ki knjigi avtorice Marjeta Debevec, Detektivski pes \u017dak in veliki umor na koko\u0161jem dvoru.<\/div>\n<\/div>","protected":false},"featured_media":17984,"template":"","meta":{"_acf_changed":false,"footnotes":""},"product_cat":[1111,310],"product_tag":[],"class_list":{"0":"post-17966","1":"product","2":"type-product","3":"status-publish","4":"has-post-thumbnail","6":"publisher-salve-d-o-o-ljubljana","7":"product_cat-slikanica","8":"product_cat-otroske","10":"first","11":"instock","12":"shipping-taxable","13":"purchasable","14":"product-type-simple"},"acf":[],"yoast_head":"<!-- This site is optimized with the Yoast SEO plugin v23.8 - https:\/\/yoast.com\/wordpress\/plugins\/seo\/ -->\n<title>DETEKTIVSKI PES \u017dAK - Salve<\/title>\n<meta name=\"robots\" content=\"index, follow, max-snippet:-1, max-image-preview:large, max-video-preview:-1\" \/>\n<link rel=\"canonical\" href=\"https:\/\/www.salve.si\/en\/trgovina\/knjige\/otroske\/detektivski-pes-zak\/\" \/>\n<meta property=\"og:locale\" content=\"en_US\" \/>\n<meta property=\"og:type\" content=\"article\" \/>\n<meta property=\"og:title\" content=\"DETEKTIVSKI PES \u017dAK - Salve\" \/>\n<meta property=\"og:description\" content=\"Na koko\u0161jem dvoru se je zgodil dvojni umor. Prestra\u0161eni petelin pokli\u010de na pomo\u010d izurjenega detektiva na \u0161tirih ta\u010dkah. Ali bo \u017daku uspelo re\u0161iti uganko?   Re\u0161itev najdete v novi otro\u0161ki knjigi avtorice Marjeta Debevec, Detektivski pes \u017dak in veliki umor na koko\u0161jem dvoru.\" \/>\n<meta property=\"og:url\" content=\"https:\/\/www.salve.si\/en\/trgovina\/knjige\/otroske\/detektivski-pes-zak\/\" \/>\n<meta property=\"og:site_name\" content=\"Salve\" \/>\n<meta property=\"article:publisher\" content=\"https:\/\/www.facebook.com\/salve.si\" \/>\n<meta property=\"article:modified_time\" content=\"2025-12-31T23:00:07+00:00\" \/>\n<meta property=\"og:image\" content=\"https:\/\/www.salve.si\/wp-content\/uploads\/2023\/11\/zak-e1700908185271.jpg\" \/>\n\t<meta property=\"og:image:width\" content=\"934\" \/>\n\t<meta property=\"og:image:height\" content=\"1338\" \/>\n\t<meta property=\"og:image:type\" content=\"image\/jpeg\" \/>\n<meta name=\"twitter:card\" content=\"summary_large_image\" \/>\n<meta name=\"twitter:label1\" content=\"Est. reading time\" \/>\n\t<meta name=\"twitter:data1\" content=\"2 minutes\" \/>\n<script type=\"application\/ld+json\" class=\"yoast-schema-graph\">{\"@context\":\"https:\/\/schema.org\",\"@graph\":[{\"@type\":\"WebPage\",\"@id\":\"https:\/\/www.salve.si\/trgovina\/knjige\/otroske\/detektivski-pes-zak\/\",\"url\":\"https:\/\/www.salve.si\/trgovina\/knjige\/otroske\/detektivski-pes-zak\/\",\"name\":\"DETEKTIVSKI PES \u017dAK - Salve\",\"isPartOf\":{\"@id\":\"https:\/\/www.salve.si\/#website\"},\"primaryImageOfPage\":{\"@id\":\"https:\/\/www.salve.si\/trgovina\/knjige\/otroske\/detektivski-pes-zak\/#primaryimage\"},\"image\":{\"@id\":\"https:\/\/www.salve.si\/trgovina\/knjige\/otroske\/detektivski-pes-zak\/#primaryimage\"},\"thumbnailUrl\":\"https:\/\/www.salve.si\/wp-content\/uploads\/2023\/11\/zak-e1700908185271.jpg\",\"datePublished\":\"2023-11-24T09:59:01+00:00\",\"dateModified\":\"2025-12-31T23:00:07+00:00\",\"breadcrumb\":{\"@id\":\"https:\/\/www.salve.si\/trgovina\/knjige\/otroske\/detektivski-pes-zak\/#breadcrumb\"},\"inLanguage\":\"en-US\",\"potentialAction\":[{\"@type\":\"ReadAction\",\"target\":[\"https:\/\/www.salve.si\/trgovina\/knjige\/otroske\/detektivski-pes-zak\/\"]}]},{\"@type\":\"ImageObject\",\"inLanguage\":\"en-US\",\"@id\":\"https:\/\/www.salve.si\/trgovina\/knjige\/otroske\/detektivski-pes-zak\/#primaryimage\",\"url\":\"https:\/\/www.salve.si\/wp-content\/uploads\/2023\/11\/zak-e1700908185271.jpg\",\"contentUrl\":\"https:\/\/www.salve.si\/wp-content\/uploads\/2023\/11\/zak-e1700908185271.jpg\",\"width\":934,\"height\":1338},{\"@type\":\"BreadcrumbList\",\"@id\":\"https:\/\/www.salve.si\/trgovina\/knjige\/otroske\/detektivski-pes-zak\/#breadcrumb\",\"itemListElement\":[{\"@type\":\"ListItem\",\"position\":1,\"name\":\"Home\",\"item\":\"https:\/\/www.salve.si\/\"},{\"@type\":\"ListItem\",\"position\":2,\"name\":\"Trgovina\",\"item\":\"https:\/\/www.salve.si\/trgovina\/\"},{\"@type\":\"ListItem\",\"position\":3,\"name\":\"DETEKTIVSKI PES \u017dAK\"}]},{\"@type\":\"WebSite\",\"@id\":\"https:\/\/www.salve.si\/#website\",\"url\":\"https:\/\/www.salve.si\/\",\"name\":\"Salve\",\"description\":\"Salezijanska zalo\u017eba\",\"publisher\":{\"@id\":\"https:\/\/www.salve.si\/#organization\"},\"potentialAction\":[{\"@type\":\"SearchAction\",\"target\":{\"@type\":\"EntryPoint\",\"urlTemplate\":\"https:\/\/www.salve.si\/?s={search_term_string}\"},\"query-input\":{\"@type\":\"PropertyValueSpecification\",\"valueRequired\":true,\"valueName\":\"search_term_string\"}}],\"inLanguage\":\"en-US\"},{\"@type\":\"Organization\",\"@id\":\"https:\/\/www.salve.si\/#organization\",\"name\":\"Salve d.o.o.\",\"url\":\"https:\/\/www.salve.si\/\",\"logo\":{\"@type\":\"ImageObject\",\"inLanguage\":\"en-US\",\"@id\":\"https:\/\/www.salve.si\/#\/schema\/logo\/image\/\",\"url\":\"https:\/\/www.salve.si\/wp-content\/uploads\/2021\/01\/Salve_logo_modri_nov_web.png\",\"contentUrl\":\"https:\/\/www.salve.si\/wp-content\/uploads\/2021\/01\/Salve_logo_modri_nov_web.png\",\"width\":279,\"height\":90,\"caption\":\"Salve d.o.o.\"},\"image\":{\"@id\":\"https:\/\/www.salve.si\/#\/schema\/logo\/image\/\"},\"sameAs\":[\"https:\/\/www.facebook.com\/salve.si\",\"https:\/\/www.instagram.com\/zalozbasalve\/\",\"https:\/\/www.linkedin.com\/company\/zalozba-salve\/\"]}]}<\/script>\n<!-- \/ Yoast SEO plugin. -->","yoast_head_json":{"title":"DETEKTIVSKI PES \u017dAK - Salve","robots":{"index":"index","follow":"follow","max-snippet":"max-snippet:-1","max-image-preview":"max-image-preview:large","max-video-preview":"max-video-preview:-1"},"canonical":"https:\/\/www.salve.si\/en\/trgovina\/knjige\/otroske\/detektivski-pes-zak\/","og_locale":"en_US","og_type":"article","og_title":"DETEKTIVSKI PES \u017dAK - Salve","og_description":"Na koko\u0161jem dvoru se je zgodil dvojni umor. Prestra\u0161eni petelin pokli\u010de na pomo\u010d izurjenega detektiva na \u0161tirih ta\u010dkah. Ali bo \u017daku uspelo re\u0161iti uganko?   Re\u0161itev najdete v novi otro\u0161ki knjigi avtorice Marjeta Debevec, Detektivski pes \u017dak in veliki umor na koko\u0161jem dvoru.","og_url":"https:\/\/www.salve.si\/en\/trgovina\/knjige\/otroske\/detektivski-pes-zak\/","og_site_name":"Salve","article_publisher":"https:\/\/www.facebook.com\/salve.si","article_modified_time":"2025-12-31T23:00:07+00:00","og_image":[{"width":934,"height":1338,"url":"https:\/\/www.salve.si\/wp-content\/uploads\/2023\/11\/zak-e1700908185271.jpg","type":"image\/jpeg"}],"twitter_card":"summary_large_image","twitter_misc":{"Est. reading time":"2 minutes"},"schema":{"@context":"https:\/\/schema.org","@graph":[{"@type":"WebPage","@id":"https:\/\/www.salve.si\/trgovina\/knjige\/otroske\/detektivski-pes-zak\/","url":"https:\/\/www.salve.si\/trgovina\/knjige\/otroske\/detektivski-pes-zak\/","name":"DETEKTIVSKI PES \u017dAK - Salve","isPartOf":{"@id":"https:\/\/www.salve.si\/#website"},"primaryImageOfPage":{"@id":"https:\/\/www.salve.si\/trgovina\/knjige\/otroske\/detektivski-pes-zak\/#primaryimage"},"image":{"@id":"https:\/\/www.salve.si\/trgovina\/knjige\/otroske\/detektivski-pes-zak\/#primaryimage"},"thumbnailUrl":"https:\/\/www.salve.si\/wp-content\/uploads\/2023\/11\/zak-e1700908185271.jpg","datePublished":"2023-11-24T09:59:01+00:00","dateModified":"2025-12-31T23:00:07+00:00","breadcrumb":{"@id":"https:\/\/www.salve.si\/trgovina\/knjige\/otroske\/detektivski-pes-zak\/#breadcrumb"},"inLanguage":"en-US","potentialAction":[{"@type":"ReadAction","target":["https:\/\/www.salve.si\/trgovina\/knjige\/otroske\/detektivski-pes-zak\/"]}]},{"@type":"ImageObject","inLanguage":"en-US","@id":"https:\/\/www.salve.si\/trgovina\/knjige\/otroske\/detektivski-pes-zak\/#primaryimage","url":"https:\/\/www.salve.si\/wp-content\/uploads\/2023\/11\/zak-e1700908185271.jpg","contentUrl":"https:\/\/www.salve.si\/wp-content\/uploads\/2023\/11\/zak-e1700908185271.jpg","width":934,"height":1338},{"@type":"BreadcrumbList","@id":"https:\/\/www.salve.si\/trgovina\/knjige\/otroske\/detektivski-pes-zak\/#breadcrumb","itemListElement":[{"@type":"ListItem","position":1,"name":"Home","item":"https:\/\/www.salve.si\/"},{"@type":"ListItem","position":2,"name":"Trgovina","item":"https:\/\/www.salve.si\/trgovina\/"},{"@type":"ListItem","position":3,"name":"DETEKTIVSKI PES \u017dAK"}]},{"@type":"WebSite","@id":"https:\/\/www.salve.si\/#website","url":"https:\/\/www.salve.si\/","name":"Salve","description":"Salezijanska zalo\u017eba","publisher":{"@id":"https:\/\/www.salve.si\/#organization"},"potentialAction":[{"@type":"SearchAction","target":{"@type":"EntryPoint","urlTemplate":"https:\/\/www.salve.si\/?s={search_term_string}"},"query-input":{"@type":"PropertyValueSpecification","valueRequired":true,"valueName":"search_term_string"}}],"inLanguage":"en-US"},{"@type":"Organization","@id":"https:\/\/www.salve.si\/#organization","name":"Salve d.o.o.","url":"https:\/\/www.salve.si\/","logo":{"@type":"ImageObject","inLanguage":"en-US","@id":"https:\/\/www.salve.si\/#\/schema\/logo\/image\/","url":"https:\/\/www.salve.si\/wp-content\/uploads\/2021\/01\/Salve_logo_modri_nov_web.png","contentUrl":"https:\/\/www.salve.si\/wp-content\/uploads\/2021\/01\/Salve_logo_modri_nov_web.png","width":279,"height":90,"caption":"Salve d.o.o."},"image":{"@id":"https:\/\/www.salve.si\/#\/schema\/logo\/image\/"},"sameAs":["https:\/\/www.facebook.com\/salve.si","https:\/\/www.instagram.com\/zalozbasalve\/","https:\/\/www.linkedin.com\/company\/zalozba-salve\/"]}]}},"_links":{"self":[{"href":"https:\/\/www.salve.si\/en\/wp-json\/wp\/v2\/product\/17966","targetHints":{"allow":["GET"]}}],"collection":[{"href":"https:\/\/www.salve.si\/en\/wp-json\/wp\/v2\/product"}],"about":[{"href":"https:\/\/www.salve.si\/en\/wp-json\/wp\/v2\/types\/product"}],"version-history":[{"count":5,"href":"https:\/\/www.salve.si\/en\/wp-json\/wp\/v2\/product\/17966\/revisions"}],"predecessor-version":[{"id":18278,"href":"https:\/\/www.salve.si\/en\/wp-json\/wp\/v2\/product\/17966\/revisions\/18278"}],"wp:featuredmedia":[{"embeddable":true,"href":"https:\/\/www.salve.si\/en\/wp-json\/wp\/v2\/media\/17984"}],"wp:attachment":[{"href":"https:\/\/www.salve.si\/en\/wp-json\/wp\/v2\/media?parent=17966"}],"wp:term":[{"taxonomy":"product_cat","embeddable":true,"href":"https:\/\/www.salve.si\/en\/wp-json\/wp\/v2\/product_cat?post=17966"},{"taxonomy":"product_tag","embeddable":true,"href":"https:\/\/www.salve.si\/en\/wp-json\/wp\/v2\/product_tag?post=17966"}],"curies":[{"name":"wp","href":"https:\/\/api.w.org\/{rel}","templated":true}]}}