{"id":17874,"date":"2022-11-16T09:00:43","date_gmt":"2022-11-16T08:00:43","guid":{"rendered":"https:\/\/www.salve.si\/?post_type=product&#038;p=17874"},"modified":"2024-07-07T19:10:48","modified_gmt":"2024-07-07T17:10:48","slug":"praznim-pred-prazniki","status":"publish","type":"product","link":"https:\/\/www.salve.si\/en\/trgovina\/knjige\/praznim-pred-prazniki\/","title":{"rendered":"PRAZNIM PRED PRAZNIKI"},"content":{"rendered":"<p>&nbsp;<\/p>\n<p><span class=\"slv-content-keywords\"> Darja Ovsenik Bo\u017ei\u010dna devetdnevnica Knjige 25km Advent Bo\u017ei\u010d bo\u017ei\u010dna devetdnevnica <\/span><\/p>","protected":false},"excerpt":{"rendered":"<p>Praznike naredijo priprave. Na praznike lahko zelo hitro ostanemo prazni.<br \/>\nPozabimo, da je bistvo bo\u017ei\u010da v tem, da se je vsemogo\u010dni, vseljube\u010di Bog spustil k nam na Zemljo in se rodil kot nebogljen dojen\u010dek, da bi nam dal sebe. Da bi nam dal svojo ljubezen, usmiljenje, so\u010dutje, milino in nam sporo\u010dil: \u201cRad te imam. To\u010dno takega, kot si.\u201d In to je v resnici dale\u010d najve\u010dje darilo. Najve\u010dje polnjenje na\u0161ih src. Ne lu\u010dke, ne omamno di\u0161e\u010di vonj po cimetu in sladkorju, ne bo\u017ei\u010dna glasba iz zvo\u010dnikov, kopica dogodkov \u2026<\/p>\n<p>To je povabilo leto\u0161nje bo\u017ei\u010dne devetdnevnice: odpravimo se skupaj na pot iskanja najve\u010djega darila.<\/p>","protected":false},"featured_media":17875,"template":"","meta":{"_acf_changed":false,"footnotes":""},"product_cat":[1094,141],"product_tag":[1218,334,335,1033],"class_list":{"0":"post-17874","1":"product","2":"type-product","3":"status-publish","4":"has-post-thumbnail","6":"authors-darja-ovsenik","7":"publisher-salve-d-o-o-ljubljana","8":"product_cat-bozicna-devetdnevnica","9":"product_cat-knjige","10":"product_tag-25km","11":"product_tag-advent","12":"product_tag-bozic","13":"product_tag-bozicna-devetdnevnica","15":"first","16":"instock","17":"shipping-taxable","18":"purchasable","19":"product-type-simple"},"acf":[],"yoast_head":"<!-- This site is optimized with the Yoast SEO plugin v23.8 - https:\/\/yoast.com\/wordpress\/plugins\/seo\/ -->\n<title>PRAZNIM PRED PRAZNIKI - Salve<\/title>\n<meta name=\"robots\" content=\"index, follow, max-snippet:-1, max-image-preview:large, max-video-preview:-1\" \/>\n<link rel=\"canonical\" href=\"https:\/\/www.salve.si\/en\/trgovina\/knjige\/praznim-pred-prazniki\/\" \/>\n<meta property=\"og:locale\" content=\"en_US\" \/>\n<meta property=\"og:type\" content=\"article\" \/>\n<meta property=\"og:title\" content=\"PRAZNIM PRED PRAZNIKI - Salve\" \/>\n<meta property=\"og:description\" content=\"Praznike naredijo priprave. Na praznike lahko zelo hitro ostanemo prazni. Pozabimo, da je bistvo bo\u017ei\u010da v tem, da se je vsemogo\u010dni, vseljube\u010di Bog spustil k nam na Zemljo in se rodil kot nebogljen dojen\u010dek, da bi nam dal sebe. Da bi nam dal svojo ljubezen, usmiljenje, so\u010dutje, milino in nam sporo\u010dil: \u201cRad te imam. To\u010dno takega, kot si.\u201d In to je v resnici dale\u010d najve\u010dje darilo. Najve\u010dje polnjenje na\u0161ih src. Ne lu\u010dke, ne omamno di\u0161e\u010di vonj po cimetu in sladkorju, ne bo\u017ei\u010dna glasba iz zvo\u010dnikov, kopica dogodkov \u2026  To je povabilo leto\u0161nje bo\u017ei\u010dne devetdnevnice: odpravimo se skupaj na pot iskanja najve\u010djega darila.\" \/>\n<meta property=\"og:url\" content=\"https:\/\/www.salve.si\/en\/trgovina\/knjige\/praznim-pred-prazniki\/\" \/>\n<meta property=\"og:site_name\" content=\"Salve\" \/>\n<meta property=\"article:publisher\" content=\"https:\/\/www.facebook.com\/salve.si\" \/>\n<meta property=\"article:modified_time\" content=\"2024-07-07T17:10:48+00:00\" \/>\n<meta property=\"og:image\" content=\"https:\/\/www.salve.si\/wp-content\/uploads\/2023\/11\/Bozicna_devetdnevnica2023_NASLOVNICA.jpg\" \/>\n\t<meta property=\"og:image:width\" content=\"1180\" \/>\n\t<meta property=\"og:image:height\" content=\"1920\" \/>\n\t<meta property=\"og:image:type\" content=\"image\/jpeg\" \/>\n<meta name=\"twitter:card\" content=\"summary_large_image\" \/>\n<meta name=\"twitter:label1\" content=\"Est. reading time\" \/>\n\t<meta name=\"twitter:data1\" content=\"1 minute\" \/>\n<script type=\"application\/ld+json\" class=\"yoast-schema-graph\">{\"@context\":\"https:\/\/schema.org\",\"@graph\":[{\"@type\":\"WebPage\",\"@id\":\"https:\/\/www.salve.si\/trgovina\/knjige\/praznim-pred-prazniki\/\",\"url\":\"https:\/\/www.salve.si\/trgovina\/knjige\/praznim-pred-prazniki\/\",\"name\":\"PRAZNIM PRED PRAZNIKI - Salve\",\"isPartOf\":{\"@id\":\"https:\/\/www.salve.si\/#website\"},\"primaryImageOfPage\":{\"@id\":\"https:\/\/www.salve.si\/trgovina\/knjige\/praznim-pred-prazniki\/#primaryimage\"},\"image\":{\"@id\":\"https:\/\/www.salve.si\/trgovina\/knjige\/praznim-pred-prazniki\/#primaryimage\"},\"thumbnailUrl\":\"https:\/\/www.salve.si\/wp-content\/uploads\/2023\/11\/Bozicna_devetdnevnica2023_NASLOVNICA.jpg\",\"datePublished\":\"2022-11-16T08:00:43+00:00\",\"dateModified\":\"2024-07-07T17:10:48+00:00\",\"breadcrumb\":{\"@id\":\"https:\/\/www.salve.si\/trgovina\/knjige\/praznim-pred-prazniki\/#breadcrumb\"},\"inLanguage\":\"en-US\",\"potentialAction\":[{\"@type\":\"ReadAction\",\"target\":[\"https:\/\/www.salve.si\/trgovina\/knjige\/praznim-pred-prazniki\/\"]}]},{\"@type\":\"ImageObject\",\"inLanguage\":\"en-US\",\"@id\":\"https:\/\/www.salve.si\/trgovina\/knjige\/praznim-pred-prazniki\/#primaryimage\",\"url\":\"https:\/\/www.salve.si\/wp-content\/uploads\/2023\/11\/Bozicna_devetdnevnica2023_NASLOVNICA.jpg\",\"contentUrl\":\"https:\/\/www.salve.si\/wp-content\/uploads\/2023\/11\/Bozicna_devetdnevnica2023_NASLOVNICA.jpg\",\"width\":1180,\"height\":1920},{\"@type\":\"BreadcrumbList\",\"@id\":\"https:\/\/www.salve.si\/trgovina\/knjige\/praznim-pred-prazniki\/#breadcrumb\",\"itemListElement\":[{\"@type\":\"ListItem\",\"position\":1,\"name\":\"Home\",\"item\":\"https:\/\/www.salve.si\/\"},{\"@type\":\"ListItem\",\"position\":2,\"name\":\"Trgovina\",\"item\":\"https:\/\/www.salve.si\/trgovina\/\"},{\"@type\":\"ListItem\",\"position\":3,\"name\":\"PRAZNIM PRED PRAZNIKI\"}]},{\"@type\":\"WebSite\",\"@id\":\"https:\/\/www.salve.si\/#website\",\"url\":\"https:\/\/www.salve.si\/\",\"name\":\"Salve\",\"description\":\"Salezijanska zalo\u017eba\",\"publisher\":{\"@id\":\"https:\/\/www.salve.si\/#organization\"},\"potentialAction\":[{\"@type\":\"SearchAction\",\"target\":{\"@type\":\"EntryPoint\",\"urlTemplate\":\"https:\/\/www.salve.si\/?s={search_term_string}\"},\"query-input\":{\"@type\":\"PropertyValueSpecification\",\"valueRequired\":true,\"valueName\":\"search_term_string\"}}],\"inLanguage\":\"en-US\"},{\"@type\":\"Organization\",\"@id\":\"https:\/\/www.salve.si\/#organization\",\"name\":\"Salve d.o.o.\",\"url\":\"https:\/\/www.salve.si\/\",\"logo\":{\"@type\":\"ImageObject\",\"inLanguage\":\"en-US\",\"@id\":\"https:\/\/www.salve.si\/#\/schema\/logo\/image\/\",\"url\":\"https:\/\/www.salve.si\/wp-content\/uploads\/2021\/01\/Salve_logo_modri_nov_web.png\",\"contentUrl\":\"https:\/\/www.salve.si\/wp-content\/uploads\/2021\/01\/Salve_logo_modri_nov_web.png\",\"width\":279,\"height\":90,\"caption\":\"Salve d.o.o.\"},\"image\":{\"@id\":\"https:\/\/www.salve.si\/#\/schema\/logo\/image\/\"},\"sameAs\":[\"https:\/\/www.facebook.com\/salve.si\",\"https:\/\/www.instagram.com\/zalozbasalve\/\",\"https:\/\/www.linkedin.com\/company\/zalozba-salve\/\"]}]}<\/script>\n<!-- \/ Yoast SEO plugin. -->","yoast_head_json":{"title":"PRAZNIM PRED PRAZNIKI - Salve","robots":{"index":"index","follow":"follow","max-snippet":"max-snippet:-1","max-image-preview":"max-image-preview:large","max-video-preview":"max-video-preview:-1"},"canonical":"https:\/\/www.salve.si\/en\/trgovina\/knjige\/praznim-pred-prazniki\/","og_locale":"en_US","og_type":"article","og_title":"PRAZNIM PRED PRAZNIKI - Salve","og_description":"Praznike naredijo priprave. Na praznike lahko zelo hitro ostanemo prazni. Pozabimo, da je bistvo bo\u017ei\u010da v tem, da se je vsemogo\u010dni, vseljube\u010di Bog spustil k nam na Zemljo in se rodil kot nebogljen dojen\u010dek, da bi nam dal sebe. Da bi nam dal svojo ljubezen, usmiljenje, so\u010dutje, milino in nam sporo\u010dil: \u201cRad te imam. To\u010dno takega, kot si.\u201d In to je v resnici dale\u010d najve\u010dje darilo. Najve\u010dje polnjenje na\u0161ih src. Ne lu\u010dke, ne omamno di\u0161e\u010di vonj po cimetu in sladkorju, ne bo\u017ei\u010dna glasba iz zvo\u010dnikov, kopica dogodkov \u2026  To je povabilo leto\u0161nje bo\u017ei\u010dne devetdnevnice: odpravimo se skupaj na pot iskanja najve\u010djega darila.","og_url":"https:\/\/www.salve.si\/en\/trgovina\/knjige\/praznim-pred-prazniki\/","og_site_name":"Salve","article_publisher":"https:\/\/www.facebook.com\/salve.si","article_modified_time":"2024-07-07T17:10:48+00:00","og_image":[{"width":1180,"height":1920,"url":"https:\/\/www.salve.si\/wp-content\/uploads\/2023\/11\/Bozicna_devetdnevnica2023_NASLOVNICA.jpg","type":"image\/jpeg"}],"twitter_card":"summary_large_image","twitter_misc":{"Est. reading time":"1 minute"},"schema":{"@context":"https:\/\/schema.org","@graph":[{"@type":"WebPage","@id":"https:\/\/www.salve.si\/trgovina\/knjige\/praznim-pred-prazniki\/","url":"https:\/\/www.salve.si\/trgovina\/knjige\/praznim-pred-prazniki\/","name":"PRAZNIM PRED PRAZNIKI - Salve","isPartOf":{"@id":"https:\/\/www.salve.si\/#website"},"primaryImageOfPage":{"@id":"https:\/\/www.salve.si\/trgovina\/knjige\/praznim-pred-prazniki\/#primaryimage"},"image":{"@id":"https:\/\/www.salve.si\/trgovina\/knjige\/praznim-pred-prazniki\/#primaryimage"},"thumbnailUrl":"https:\/\/www.salve.si\/wp-content\/uploads\/2023\/11\/Bozicna_devetdnevnica2023_NASLOVNICA.jpg","datePublished":"2022-11-16T08:00:43+00:00","dateModified":"2024-07-07T17:10:48+00:00","breadcrumb":{"@id":"https:\/\/www.salve.si\/trgovina\/knjige\/praznim-pred-prazniki\/#breadcrumb"},"inLanguage":"en-US","potentialAction":[{"@type":"ReadAction","target":["https:\/\/www.salve.si\/trgovina\/knjige\/praznim-pred-prazniki\/"]}]},{"@type":"ImageObject","inLanguage":"en-US","@id":"https:\/\/www.salve.si\/trgovina\/knjige\/praznim-pred-prazniki\/#primaryimage","url":"https:\/\/www.salve.si\/wp-content\/uploads\/2023\/11\/Bozicna_devetdnevnica2023_NASLOVNICA.jpg","contentUrl":"https:\/\/www.salve.si\/wp-content\/uploads\/2023\/11\/Bozicna_devetdnevnica2023_NASLOVNICA.jpg","width":1180,"height":1920},{"@type":"BreadcrumbList","@id":"https:\/\/www.salve.si\/trgovina\/knjige\/praznim-pred-prazniki\/#breadcrumb","itemListElement":[{"@type":"ListItem","position":1,"name":"Home","item":"https:\/\/www.salve.si\/"},{"@type":"ListItem","position":2,"name":"Trgovina","item":"https:\/\/www.salve.si\/trgovina\/"},{"@type":"ListItem","position":3,"name":"PRAZNIM PRED PRAZNIKI"}]},{"@type":"WebSite","@id":"https:\/\/www.salve.si\/#website","url":"https:\/\/www.salve.si\/","name":"Salve","description":"Salezijanska zalo\u017eba","publisher":{"@id":"https:\/\/www.salve.si\/#organization"},"potentialAction":[{"@type":"SearchAction","target":{"@type":"EntryPoint","urlTemplate":"https:\/\/www.salve.si\/?s={search_term_string}"},"query-input":{"@type":"PropertyValueSpecification","valueRequired":true,"valueName":"search_term_string"}}],"inLanguage":"en-US"},{"@type":"Organization","@id":"https:\/\/www.salve.si\/#organization","name":"Salve d.o.o.","url":"https:\/\/www.salve.si\/","logo":{"@type":"ImageObject","inLanguage":"en-US","@id":"https:\/\/www.salve.si\/#\/schema\/logo\/image\/","url":"https:\/\/www.salve.si\/wp-content\/uploads\/2021\/01\/Salve_logo_modri_nov_web.png","contentUrl":"https:\/\/www.salve.si\/wp-content\/uploads\/2021\/01\/Salve_logo_modri_nov_web.png","width":279,"height":90,"caption":"Salve d.o.o."},"image":{"@id":"https:\/\/www.salve.si\/#\/schema\/logo\/image\/"},"sameAs":["https:\/\/www.facebook.com\/salve.si","https:\/\/www.instagram.com\/zalozbasalve\/","https:\/\/www.linkedin.com\/company\/zalozba-salve\/"]}]}},"_links":{"self":[{"href":"https:\/\/www.salve.si\/en\/wp-json\/wp\/v2\/product\/17874","targetHints":{"allow":["GET"]}}],"collection":[{"href":"https:\/\/www.salve.si\/en\/wp-json\/wp\/v2\/product"}],"about":[{"href":"https:\/\/www.salve.si\/en\/wp-json\/wp\/v2\/types\/product"}],"version-history":[{"count":10,"href":"https:\/\/www.salve.si\/en\/wp-json\/wp\/v2\/product\/17874\/revisions"}],"predecessor-version":[{"id":18842,"href":"https:\/\/www.salve.si\/en\/wp-json\/wp\/v2\/product\/17874\/revisions\/18842"}],"wp:featuredmedia":[{"embeddable":true,"href":"https:\/\/www.salve.si\/en\/wp-json\/wp\/v2\/media\/17875"}],"wp:attachment":[{"href":"https:\/\/www.salve.si\/en\/wp-json\/wp\/v2\/media?parent=17874"}],"wp:term":[{"taxonomy":"product_cat","embeddable":true,"href":"https:\/\/www.salve.si\/en\/wp-json\/wp\/v2\/product_cat?post=17874"},{"taxonomy":"product_tag","embeddable":true,"href":"https:\/\/www.salve.si\/en\/wp-json\/wp\/v2\/product_tag?post=17874"}],"curies":[{"name":"wp","href":"https:\/\/api.w.org\/{rel}","templated":true}]}}