{"id":17817,"date":"2023-11-06T09:19:49","date_gmt":"2023-11-06T08:19:49","guid":{"rendered":"https:\/\/www.salve.si\/?post_type=product&#038;p=17817"},"modified":"2026-01-01T00:00:10","modified_gmt":"2025-12-31T23:00:10","slug":"enejeva-izbira","status":"publish","type":"product","link":"https:\/\/www.salve.si\/en\/trgovina\/knjige\/teologija-in-duhovnost\/enejeva-izbira\/","title":{"rendered":"ENEJEVA IZBIRA"},"content":{"rendered":"<p>Konec Troje in posledi\u010dni beg Eneja z o\u010detom Anhizom na ramenih tako postaneta <strong>metafora za potovanje, ki ga <\/strong>Epicoco opravi skozi razli\u010dne \u017eivljenjske dobe, zlasti o starosti in dialogu, ki ga mora vzpostaviti z novimi generacijami in obratno. Na straneh tega dela seveda predvsem odmeva Sveto pismo, pa tudi magisterij pape\u017ea Fran\u010di\u0161ka, pri katerem je avtor eden glavnih sodelavcev, zlasti ko gre za pripravo govorov, pisem in temeljnih dokumentov pontifikata.<span class=\"slv-content-keywords\"> Luigi Maria Epicoco Knjige Razno Teologija in duhovnost Enej kr\u0161\u010dansko \u017eivljenje Klju\u010d za razumvanje sedanjosti <\/span><\/p>","protected":false},"excerpt":{"rendered":"<p>Epicocovo besedilo, ki je namenjeno<strong>&#8220;klju\u010du za razumevanje sedanjosti&#8221;<\/strong>, kot se glasi podnaslov, je zelo u\u010dinkovit posnetek trenutne dru\u017ebe, zlasti po pandemiji.<\/p>","protected":false},"featured_media":17832,"template":"","meta":{"_acf_changed":false,"footnotes":""},"product_cat":[141,663,314],"product_tag":[1214,1130],"class_list":{"0":"post-17817","1":"product","2":"type-product","3":"status-publish","4":"has-post-thumbnail","6":"authors-luigi-maria-epicoco","7":"publisher-salve-d-o-o-ljubljana","8":"product_cat-knjige","9":"product_cat-razno-knjige","10":"product_cat-teologija-in-duhovnost","11":"product_tag-enej","12":"product_tag-krscansko-zivljenje","14":"first","15":"instock","16":"shipping-taxable","17":"purchasable","18":"product-type-simple"},"acf":[],"yoast_head":"<!-- This site is optimized with the Yoast SEO plugin v23.8 - https:\/\/yoast.com\/wordpress\/plugins\/seo\/ -->\n<title>ENEJEVA IZBIRA - Salve<\/title>\n<meta name=\"robots\" content=\"index, follow, max-snippet:-1, max-image-preview:large, max-video-preview:-1\" \/>\n<link rel=\"canonical\" href=\"https:\/\/www.salve.si\/en\/trgovina\/knjige\/teologija-in-duhovnost\/enejeva-izbira\/\" \/>\n<meta property=\"og:locale\" content=\"en_US\" \/>\n<meta property=\"og:type\" content=\"article\" \/>\n<meta property=\"og:title\" content=\"ENEJEVA IZBIRA - Salve\" \/>\n<meta property=\"og:description\" content=\"Epicocovo besedilo, ki je namenjeno&quot;klju\u010du za razumevanje sedanjosti&quot;, kot se glasi podnaslov, je zelo u\u010dinkovit posnetek trenutne dru\u017ebe, zlasti po pandemiji.\" \/>\n<meta property=\"og:url\" content=\"https:\/\/www.salve.si\/en\/trgovina\/knjige\/teologija-in-duhovnost\/enejeva-izbira\/\" \/>\n<meta property=\"og:site_name\" content=\"Salve\" \/>\n<meta property=\"article:publisher\" content=\"https:\/\/www.facebook.com\/salve.si\" \/>\n<meta property=\"article:modified_time\" content=\"2025-12-31T23:00:10+00:00\" \/>\n<meta property=\"og:image\" content=\"https:\/\/www.salve.si\/wp-content\/uploads\/2023\/11\/Epicoco_Enejeva-izbira_NASLOVNICA01.jpg\" \/>\n\t<meta property=\"og:image:width\" content=\"1604\" \/>\n\t<meta property=\"og:image:height\" content=\"2481\" \/>\n\t<meta property=\"og:image:type\" content=\"image\/jpeg\" \/>\n<meta name=\"twitter:card\" content=\"summary_large_image\" \/>\n<meta name=\"twitter:label1\" content=\"Est. reading time\" \/>\n\t<meta name=\"twitter:data1\" content=\"1 minute\" \/>\n<script type=\"application\/ld+json\" class=\"yoast-schema-graph\">{\"@context\":\"https:\/\/schema.org\",\"@graph\":[{\"@type\":\"WebPage\",\"@id\":\"https:\/\/www.salve.si\/trgovina\/knjige\/teologija-in-duhovnost\/enejeva-izbira\/\",\"url\":\"https:\/\/www.salve.si\/trgovina\/knjige\/teologija-in-duhovnost\/enejeva-izbira\/\",\"name\":\"ENEJEVA IZBIRA - Salve\",\"isPartOf\":{\"@id\":\"https:\/\/www.salve.si\/#website\"},\"primaryImageOfPage\":{\"@id\":\"https:\/\/www.salve.si\/trgovina\/knjige\/teologija-in-duhovnost\/enejeva-izbira\/#primaryimage\"},\"image\":{\"@id\":\"https:\/\/www.salve.si\/trgovina\/knjige\/teologija-in-duhovnost\/enejeva-izbira\/#primaryimage\"},\"thumbnailUrl\":\"https:\/\/www.salve.si\/wp-content\/uploads\/2023\/11\/Epicoco_Enejeva-izbira_NASLOVNICA01.jpg\",\"datePublished\":\"2023-11-06T08:19:49+00:00\",\"dateModified\":\"2025-12-31T23:00:10+00:00\",\"breadcrumb\":{\"@id\":\"https:\/\/www.salve.si\/trgovina\/knjige\/teologija-in-duhovnost\/enejeva-izbira\/#breadcrumb\"},\"inLanguage\":\"en-US\",\"potentialAction\":[{\"@type\":\"ReadAction\",\"target\":[\"https:\/\/www.salve.si\/trgovina\/knjige\/teologija-in-duhovnost\/enejeva-izbira\/\"]}]},{\"@type\":\"ImageObject\",\"inLanguage\":\"en-US\",\"@id\":\"https:\/\/www.salve.si\/trgovina\/knjige\/teologija-in-duhovnost\/enejeva-izbira\/#primaryimage\",\"url\":\"https:\/\/www.salve.si\/wp-content\/uploads\/2023\/11\/Epicoco_Enejeva-izbira_NASLOVNICA01.jpg\",\"contentUrl\":\"https:\/\/www.salve.si\/wp-content\/uploads\/2023\/11\/Epicoco_Enejeva-izbira_NASLOVNICA01.jpg\",\"width\":1604,\"height\":2481},{\"@type\":\"BreadcrumbList\",\"@id\":\"https:\/\/www.salve.si\/trgovina\/knjige\/teologija-in-duhovnost\/enejeva-izbira\/#breadcrumb\",\"itemListElement\":[{\"@type\":\"ListItem\",\"position\":1,\"name\":\"Home\",\"item\":\"https:\/\/www.salve.si\/\"},{\"@type\":\"ListItem\",\"position\":2,\"name\":\"Trgovina\",\"item\":\"https:\/\/www.salve.si\/trgovina\/\"},{\"@type\":\"ListItem\",\"position\":3,\"name\":\"ENEJEVA IZBIRA\"}]},{\"@type\":\"WebSite\",\"@id\":\"https:\/\/www.salve.si\/#website\",\"url\":\"https:\/\/www.salve.si\/\",\"name\":\"Salve\",\"description\":\"Salezijanska zalo\u017eba\",\"publisher\":{\"@id\":\"https:\/\/www.salve.si\/#organization\"},\"potentialAction\":[{\"@type\":\"SearchAction\",\"target\":{\"@type\":\"EntryPoint\",\"urlTemplate\":\"https:\/\/www.salve.si\/?s={search_term_string}\"},\"query-input\":{\"@type\":\"PropertyValueSpecification\",\"valueRequired\":true,\"valueName\":\"search_term_string\"}}],\"inLanguage\":\"en-US\"},{\"@type\":\"Organization\",\"@id\":\"https:\/\/www.salve.si\/#organization\",\"name\":\"Salve d.o.o.\",\"url\":\"https:\/\/www.salve.si\/\",\"logo\":{\"@type\":\"ImageObject\",\"inLanguage\":\"en-US\",\"@id\":\"https:\/\/www.salve.si\/#\/schema\/logo\/image\/\",\"url\":\"https:\/\/www.salve.si\/wp-content\/uploads\/2021\/01\/Salve_logo_modri_nov_web.png\",\"contentUrl\":\"https:\/\/www.salve.si\/wp-content\/uploads\/2021\/01\/Salve_logo_modri_nov_web.png\",\"width\":279,\"height\":90,\"caption\":\"Salve d.o.o.\"},\"image\":{\"@id\":\"https:\/\/www.salve.si\/#\/schema\/logo\/image\/\"},\"sameAs\":[\"https:\/\/www.facebook.com\/salve.si\",\"https:\/\/www.instagram.com\/zalozbasalve\/\",\"https:\/\/www.linkedin.com\/company\/zalozba-salve\/\"]}]}<\/script>\n<!-- \/ Yoast SEO plugin. -->","yoast_head_json":{"title":"ENEJEVA IZBIRA - Salve","robots":{"index":"index","follow":"follow","max-snippet":"max-snippet:-1","max-image-preview":"max-image-preview:large","max-video-preview":"max-video-preview:-1"},"canonical":"https:\/\/www.salve.si\/en\/trgovina\/knjige\/teologija-in-duhovnost\/enejeva-izbira\/","og_locale":"en_US","og_type":"article","og_title":"ENEJEVA IZBIRA - Salve","og_description":"Epicocovo besedilo, ki je namenjeno\"klju\u010du za razumevanje sedanjosti\", kot se glasi podnaslov, je zelo u\u010dinkovit posnetek trenutne dru\u017ebe, zlasti po pandemiji.","og_url":"https:\/\/www.salve.si\/en\/trgovina\/knjige\/teologija-in-duhovnost\/enejeva-izbira\/","og_site_name":"Salve","article_publisher":"https:\/\/www.facebook.com\/salve.si","article_modified_time":"2025-12-31T23:00:10+00:00","og_image":[{"width":1604,"height":2481,"url":"https:\/\/www.salve.si\/wp-content\/uploads\/2023\/11\/Epicoco_Enejeva-izbira_NASLOVNICA01.jpg","type":"image\/jpeg"}],"twitter_card":"summary_large_image","twitter_misc":{"Est. reading time":"1 minute"},"schema":{"@context":"https:\/\/schema.org","@graph":[{"@type":"WebPage","@id":"https:\/\/www.salve.si\/trgovina\/knjige\/teologija-in-duhovnost\/enejeva-izbira\/","url":"https:\/\/www.salve.si\/trgovina\/knjige\/teologija-in-duhovnost\/enejeva-izbira\/","name":"ENEJEVA IZBIRA - Salve","isPartOf":{"@id":"https:\/\/www.salve.si\/#website"},"primaryImageOfPage":{"@id":"https:\/\/www.salve.si\/trgovina\/knjige\/teologija-in-duhovnost\/enejeva-izbira\/#primaryimage"},"image":{"@id":"https:\/\/www.salve.si\/trgovina\/knjige\/teologija-in-duhovnost\/enejeva-izbira\/#primaryimage"},"thumbnailUrl":"https:\/\/www.salve.si\/wp-content\/uploads\/2023\/11\/Epicoco_Enejeva-izbira_NASLOVNICA01.jpg","datePublished":"2023-11-06T08:19:49+00:00","dateModified":"2025-12-31T23:00:10+00:00","breadcrumb":{"@id":"https:\/\/www.salve.si\/trgovina\/knjige\/teologija-in-duhovnost\/enejeva-izbira\/#breadcrumb"},"inLanguage":"en-US","potentialAction":[{"@type":"ReadAction","target":["https:\/\/www.salve.si\/trgovina\/knjige\/teologija-in-duhovnost\/enejeva-izbira\/"]}]},{"@type":"ImageObject","inLanguage":"en-US","@id":"https:\/\/www.salve.si\/trgovina\/knjige\/teologija-in-duhovnost\/enejeva-izbira\/#primaryimage","url":"https:\/\/www.salve.si\/wp-content\/uploads\/2023\/11\/Epicoco_Enejeva-izbira_NASLOVNICA01.jpg","contentUrl":"https:\/\/www.salve.si\/wp-content\/uploads\/2023\/11\/Epicoco_Enejeva-izbira_NASLOVNICA01.jpg","width":1604,"height":2481},{"@type":"BreadcrumbList","@id":"https:\/\/www.salve.si\/trgovina\/knjige\/teologija-in-duhovnost\/enejeva-izbira\/#breadcrumb","itemListElement":[{"@type":"ListItem","position":1,"name":"Home","item":"https:\/\/www.salve.si\/"},{"@type":"ListItem","position":2,"name":"Trgovina","item":"https:\/\/www.salve.si\/trgovina\/"},{"@type":"ListItem","position":3,"name":"ENEJEVA IZBIRA"}]},{"@type":"WebSite","@id":"https:\/\/www.salve.si\/#website","url":"https:\/\/www.salve.si\/","name":"Salve","description":"Salezijanska zalo\u017eba","publisher":{"@id":"https:\/\/www.salve.si\/#organization"},"potentialAction":[{"@type":"SearchAction","target":{"@type":"EntryPoint","urlTemplate":"https:\/\/www.salve.si\/?s={search_term_string}"},"query-input":{"@type":"PropertyValueSpecification","valueRequired":true,"valueName":"search_term_string"}}],"inLanguage":"en-US"},{"@type":"Organization","@id":"https:\/\/www.salve.si\/#organization","name":"Salve d.o.o.","url":"https:\/\/www.salve.si\/","logo":{"@type":"ImageObject","inLanguage":"en-US","@id":"https:\/\/www.salve.si\/#\/schema\/logo\/image\/","url":"https:\/\/www.salve.si\/wp-content\/uploads\/2021\/01\/Salve_logo_modri_nov_web.png","contentUrl":"https:\/\/www.salve.si\/wp-content\/uploads\/2021\/01\/Salve_logo_modri_nov_web.png","width":279,"height":90,"caption":"Salve d.o.o."},"image":{"@id":"https:\/\/www.salve.si\/#\/schema\/logo\/image\/"},"sameAs":["https:\/\/www.facebook.com\/salve.si","https:\/\/www.instagram.com\/zalozbasalve\/","https:\/\/www.linkedin.com\/company\/zalozba-salve\/"]}]}},"_links":{"self":[{"href":"https:\/\/www.salve.si\/en\/wp-json\/wp\/v2\/product\/17817","targetHints":{"allow":["GET"]}}],"collection":[{"href":"https:\/\/www.salve.si\/en\/wp-json\/wp\/v2\/product"}],"about":[{"href":"https:\/\/www.salve.si\/en\/wp-json\/wp\/v2\/types\/product"}],"version-history":[{"count":1,"href":"https:\/\/www.salve.si\/en\/wp-json\/wp\/v2\/product\/17817\/revisions"}],"predecessor-version":[{"id":17819,"href":"https:\/\/www.salve.si\/en\/wp-json\/wp\/v2\/product\/17817\/revisions\/17819"}],"wp:featuredmedia":[{"embeddable":true,"href":"https:\/\/www.salve.si\/en\/wp-json\/wp\/v2\/media\/17832"}],"wp:attachment":[{"href":"https:\/\/www.salve.si\/en\/wp-json\/wp\/v2\/media?parent=17817"}],"wp:term":[{"taxonomy":"product_cat","embeddable":true,"href":"https:\/\/www.salve.si\/en\/wp-json\/wp\/v2\/product_cat?post=17817"},{"taxonomy":"product_tag","embeddable":true,"href":"https:\/\/www.salve.si\/en\/wp-json\/wp\/v2\/product_tag?post=17817"}],"curies":[{"name":"wp","href":"https:\/\/api.w.org\/{rel}","templated":true}]}}