{"id":17454,"date":"2023-07-18T11:32:50","date_gmt":"2023-07-18T09:32:50","guid":{"rendered":"https:\/\/www.salve.si\/?post_type=product&#038;p=17454"},"modified":"2026-01-01T00:00:07","modified_gmt":"2025-12-31T23:00:07","slug":"skrivni-jezik","status":"publish","type":"product","link":"https:\/\/www.salve.si\/en\/trgovina\/knjige\/mladinske\/skrivni-jezik\/","title":{"rendered":"SKRIVNI JEZIK"},"content":{"rendered":"<p>Pravijo, da z odra\u0161\u010danjem preneha\u0161 verjeti v \u010darovnije, pa ni res. Skoraj enajst let \u017ee imam in prav pred kratkim mi je \u010darovnija pomagala, da razumem \u017eivalsko govorico. Do sedaj me je veliko bolj zanimala tehnologija kot pa \u010darovni\u0161tvo, kar je popolnoma normalno, ker sem kiborg deklica. Rodila sem se gluha, ja, \u010disto \u010disto gluha, tako da ne bi mogla sli\u0161ati izbruha vulkana, pa \u010deprav bi bila sredi njegovega kraterja. \u0160e kot majhna sem imela dve operaciji, za vsako uho po eno. Vgradili so mi \u010dipa in \u017ei\u010dke. Po operaciji sem lahko s pomo\u010djo malih aparatkov, ki jih nosim za u\u0161esi, sli\u0161ala in se nau\u010dila govoriti.<\/p>\n<p><span class=\"slv-content-keywords\"> Manso Anna Pustolov\u0161\u010dina Mladinske Otro\u0161ke mladinska literatura otro\u0161ka literatura Maria Espluga <\/span><\/p>","protected":false},"excerpt":{"rendered":"<p>Marija Tereza je od rojstva gluha, zato jo so\u0161olci gledajo postrani. Vse se spremeni, ko spozna Selmo, ki je na \u0161oli nova, in s katero postaneta najbolj\u0161i prijateljici. Marija Tereza si za\u017eeli, da bi konec tedna pre\u017eiveli skupaj. Od trenutka, ko \u017eeljo izre\u010de, se lahko sporazumeva z \u017eivalmi, kadar si sname slu\u0161na aparatka. A to je skrivnost. Na\u0161a zgodba govori o prijateljstvu in \u010darovniji vsem tistim, ki verjamejo v sanje in se zanje borijo.<\/p>","protected":false},"featured_media":17517,"template":"","meta":{"_acf_changed":false,"footnotes":""},"product_cat":[1181,266,310],"product_tag":[1168,1059],"class_list":{"0":"post-17454","1":"product","2":"type-product","3":"status-publish","4":"has-post-thumbnail","6":"authors-manso-anna","7":"publisher-salve-d-o-o-ljubljana","8":"product_cat-pustolovscina","9":"product_cat-mladinske","10":"product_cat-otroske","11":"product_tag-mladinska-literatura","12":"product_tag-otroska-literatura","14":"first","15":"instock","16":"shipping-taxable","17":"purchasable","18":"product-type-simple"},"acf":[],"yoast_head":"<!-- This site is optimized with the Yoast SEO plugin v23.8 - https:\/\/yoast.com\/wordpress\/plugins\/seo\/ -->\n<title>SKRIVNI JEZIK - Salve<\/title>\n<meta name=\"robots\" content=\"index, follow, max-snippet:-1, max-image-preview:large, max-video-preview:-1\" \/>\n<link rel=\"canonical\" href=\"https:\/\/www.salve.si\/en\/trgovina\/knjige\/mladinske\/skrivni-jezik\/\" \/>\n<meta property=\"og:locale\" content=\"en_US\" \/>\n<meta property=\"og:type\" content=\"article\" \/>\n<meta property=\"og:title\" content=\"SKRIVNI JEZIK - Salve\" \/>\n<meta property=\"og:description\" content=\"Marija Tereza je od rojstva gluha, zato jo so\u0161olci gledajo postrani. Vse se spremeni, ko spozna Selmo, ki je na \u0161oli nova, in s katero postaneta najbolj\u0161i prijateljici. Marija Tereza si za\u017eeli, da bi konec tedna pre\u017eiveli skupaj. Od trenutka, ko \u017eeljo izre\u010de, se lahko sporazumeva z \u017eivalmi, kadar si sname slu\u0161na aparatka. A to je skrivnost. Na\u0161a zgodba govori o prijateljstvu in \u010darovniji vsem tistim, ki verjamejo v sanje in se zanje borijo.\" \/>\n<meta property=\"og:url\" content=\"https:\/\/www.salve.si\/en\/trgovina\/knjige\/mladinske\/skrivni-jezik\/\" \/>\n<meta property=\"og:site_name\" content=\"Salve\" \/>\n<meta property=\"article:publisher\" content=\"https:\/\/www.facebook.com\/salve.si\" \/>\n<meta property=\"article:modified_time\" content=\"2025-12-31T23:00:07+00:00\" \/>\n<meta property=\"og:image\" content=\"https:\/\/www.salve.si\/wp-content\/uploads\/2023\/07\/Manso_Skrivni-jezik_NASLOVNICA.jpg\" \/>\n\t<meta property=\"og:image:width\" content=\"1027\" \/>\n\t<meta property=\"og:image:height\" content=\"1536\" \/>\n\t<meta property=\"og:image:type\" content=\"image\/jpeg\" \/>\n<meta name=\"twitter:card\" content=\"summary_large_image\" \/>\n<meta name=\"twitter:label1\" content=\"Est. reading time\" \/>\n\t<meta name=\"twitter:data1\" content=\"1 minute\" \/>\n<script type=\"application\/ld+json\" class=\"yoast-schema-graph\">{\"@context\":\"https:\/\/schema.org\",\"@graph\":[{\"@type\":\"WebPage\",\"@id\":\"https:\/\/www.salve.si\/trgovina\/knjige\/mladinske\/skrivni-jezik\/\",\"url\":\"https:\/\/www.salve.si\/trgovina\/knjige\/mladinske\/skrivni-jezik\/\",\"name\":\"SKRIVNI JEZIK - Salve\",\"isPartOf\":{\"@id\":\"https:\/\/www.salve.si\/#website\"},\"primaryImageOfPage\":{\"@id\":\"https:\/\/www.salve.si\/trgovina\/knjige\/mladinske\/skrivni-jezik\/#primaryimage\"},\"image\":{\"@id\":\"https:\/\/www.salve.si\/trgovina\/knjige\/mladinske\/skrivni-jezik\/#primaryimage\"},\"thumbnailUrl\":\"https:\/\/www.salve.si\/wp-content\/uploads\/2023\/07\/Manso_Skrivni-jezik_NASLOVNICA.jpg\",\"datePublished\":\"2023-07-18T09:32:50+00:00\",\"dateModified\":\"2025-12-31T23:00:07+00:00\",\"breadcrumb\":{\"@id\":\"https:\/\/www.salve.si\/trgovina\/knjige\/mladinske\/skrivni-jezik\/#breadcrumb\"},\"inLanguage\":\"en-US\",\"potentialAction\":[{\"@type\":\"ReadAction\",\"target\":[\"https:\/\/www.salve.si\/trgovina\/knjige\/mladinske\/skrivni-jezik\/\"]}]},{\"@type\":\"ImageObject\",\"inLanguage\":\"en-US\",\"@id\":\"https:\/\/www.salve.si\/trgovina\/knjige\/mladinske\/skrivni-jezik\/#primaryimage\",\"url\":\"https:\/\/www.salve.si\/wp-content\/uploads\/2023\/07\/Manso_Skrivni-jezik_NASLOVNICA.jpg\",\"contentUrl\":\"https:\/\/www.salve.si\/wp-content\/uploads\/2023\/07\/Manso_Skrivni-jezik_NASLOVNICA.jpg\",\"width\":1027,\"height\":1536},{\"@type\":\"BreadcrumbList\",\"@id\":\"https:\/\/www.salve.si\/trgovina\/knjige\/mladinske\/skrivni-jezik\/#breadcrumb\",\"itemListElement\":[{\"@type\":\"ListItem\",\"position\":1,\"name\":\"Home\",\"item\":\"https:\/\/www.salve.si\/\"},{\"@type\":\"ListItem\",\"position\":2,\"name\":\"Trgovina\",\"item\":\"https:\/\/www.salve.si\/trgovina\/\"},{\"@type\":\"ListItem\",\"position\":3,\"name\":\"SKRIVNI JEZIK\"}]},{\"@type\":\"WebSite\",\"@id\":\"https:\/\/www.salve.si\/#website\",\"url\":\"https:\/\/www.salve.si\/\",\"name\":\"Salve\",\"description\":\"Salezijanska zalo\u017eba\",\"publisher\":{\"@id\":\"https:\/\/www.salve.si\/#organization\"},\"potentialAction\":[{\"@type\":\"SearchAction\",\"target\":{\"@type\":\"EntryPoint\",\"urlTemplate\":\"https:\/\/www.salve.si\/?s={search_term_string}\"},\"query-input\":{\"@type\":\"PropertyValueSpecification\",\"valueRequired\":true,\"valueName\":\"search_term_string\"}}],\"inLanguage\":\"en-US\"},{\"@type\":\"Organization\",\"@id\":\"https:\/\/www.salve.si\/#organization\",\"name\":\"Salve d.o.o.\",\"url\":\"https:\/\/www.salve.si\/\",\"logo\":{\"@type\":\"ImageObject\",\"inLanguage\":\"en-US\",\"@id\":\"https:\/\/www.salve.si\/#\/schema\/logo\/image\/\",\"url\":\"https:\/\/www.salve.si\/wp-content\/uploads\/2021\/01\/Salve_logo_modri_nov_web.png\",\"contentUrl\":\"https:\/\/www.salve.si\/wp-content\/uploads\/2021\/01\/Salve_logo_modri_nov_web.png\",\"width\":279,\"height\":90,\"caption\":\"Salve d.o.o.\"},\"image\":{\"@id\":\"https:\/\/www.salve.si\/#\/schema\/logo\/image\/\"},\"sameAs\":[\"https:\/\/www.facebook.com\/salve.si\",\"https:\/\/www.instagram.com\/zalozbasalve\/\",\"https:\/\/www.linkedin.com\/company\/zalozba-salve\/\"]}]}<\/script>\n<!-- \/ Yoast SEO plugin. -->","yoast_head_json":{"title":"SKRIVNI JEZIK - Salve","robots":{"index":"index","follow":"follow","max-snippet":"max-snippet:-1","max-image-preview":"max-image-preview:large","max-video-preview":"max-video-preview:-1"},"canonical":"https:\/\/www.salve.si\/en\/trgovina\/knjige\/mladinske\/skrivni-jezik\/","og_locale":"en_US","og_type":"article","og_title":"SKRIVNI JEZIK - Salve","og_description":"Marija Tereza je od rojstva gluha, zato jo so\u0161olci gledajo postrani. Vse se spremeni, ko spozna Selmo, ki je na \u0161oli nova, in s katero postaneta najbolj\u0161i prijateljici. Marija Tereza si za\u017eeli, da bi konec tedna pre\u017eiveli skupaj. Od trenutka, ko \u017eeljo izre\u010de, se lahko sporazumeva z \u017eivalmi, kadar si sname slu\u0161na aparatka. A to je skrivnost. Na\u0161a zgodba govori o prijateljstvu in \u010darovniji vsem tistim, ki verjamejo v sanje in se zanje borijo.","og_url":"https:\/\/www.salve.si\/en\/trgovina\/knjige\/mladinske\/skrivni-jezik\/","og_site_name":"Salve","article_publisher":"https:\/\/www.facebook.com\/salve.si","article_modified_time":"2025-12-31T23:00:07+00:00","og_image":[{"width":1027,"height":1536,"url":"https:\/\/www.salve.si\/wp-content\/uploads\/2023\/07\/Manso_Skrivni-jezik_NASLOVNICA.jpg","type":"image\/jpeg"}],"twitter_card":"summary_large_image","twitter_misc":{"Est. reading time":"1 minute"},"schema":{"@context":"https:\/\/schema.org","@graph":[{"@type":"WebPage","@id":"https:\/\/www.salve.si\/trgovina\/knjige\/mladinske\/skrivni-jezik\/","url":"https:\/\/www.salve.si\/trgovina\/knjige\/mladinske\/skrivni-jezik\/","name":"SKRIVNI JEZIK - Salve","isPartOf":{"@id":"https:\/\/www.salve.si\/#website"},"primaryImageOfPage":{"@id":"https:\/\/www.salve.si\/trgovina\/knjige\/mladinske\/skrivni-jezik\/#primaryimage"},"image":{"@id":"https:\/\/www.salve.si\/trgovina\/knjige\/mladinske\/skrivni-jezik\/#primaryimage"},"thumbnailUrl":"https:\/\/www.salve.si\/wp-content\/uploads\/2023\/07\/Manso_Skrivni-jezik_NASLOVNICA.jpg","datePublished":"2023-07-18T09:32:50+00:00","dateModified":"2025-12-31T23:00:07+00:00","breadcrumb":{"@id":"https:\/\/www.salve.si\/trgovina\/knjige\/mladinske\/skrivni-jezik\/#breadcrumb"},"inLanguage":"en-US","potentialAction":[{"@type":"ReadAction","target":["https:\/\/www.salve.si\/trgovina\/knjige\/mladinske\/skrivni-jezik\/"]}]},{"@type":"ImageObject","inLanguage":"en-US","@id":"https:\/\/www.salve.si\/trgovina\/knjige\/mladinske\/skrivni-jezik\/#primaryimage","url":"https:\/\/www.salve.si\/wp-content\/uploads\/2023\/07\/Manso_Skrivni-jezik_NASLOVNICA.jpg","contentUrl":"https:\/\/www.salve.si\/wp-content\/uploads\/2023\/07\/Manso_Skrivni-jezik_NASLOVNICA.jpg","width":1027,"height":1536},{"@type":"BreadcrumbList","@id":"https:\/\/www.salve.si\/trgovina\/knjige\/mladinske\/skrivni-jezik\/#breadcrumb","itemListElement":[{"@type":"ListItem","position":1,"name":"Home","item":"https:\/\/www.salve.si\/"},{"@type":"ListItem","position":2,"name":"Trgovina","item":"https:\/\/www.salve.si\/trgovina\/"},{"@type":"ListItem","position":3,"name":"SKRIVNI JEZIK"}]},{"@type":"WebSite","@id":"https:\/\/www.salve.si\/#website","url":"https:\/\/www.salve.si\/","name":"Salve","description":"Salezijanska zalo\u017eba","publisher":{"@id":"https:\/\/www.salve.si\/#organization"},"potentialAction":[{"@type":"SearchAction","target":{"@type":"EntryPoint","urlTemplate":"https:\/\/www.salve.si\/?s={search_term_string}"},"query-input":{"@type":"PropertyValueSpecification","valueRequired":true,"valueName":"search_term_string"}}],"inLanguage":"en-US"},{"@type":"Organization","@id":"https:\/\/www.salve.si\/#organization","name":"Salve d.o.o.","url":"https:\/\/www.salve.si\/","logo":{"@type":"ImageObject","inLanguage":"en-US","@id":"https:\/\/www.salve.si\/#\/schema\/logo\/image\/","url":"https:\/\/www.salve.si\/wp-content\/uploads\/2021\/01\/Salve_logo_modri_nov_web.png","contentUrl":"https:\/\/www.salve.si\/wp-content\/uploads\/2021\/01\/Salve_logo_modri_nov_web.png","width":279,"height":90,"caption":"Salve d.o.o."},"image":{"@id":"https:\/\/www.salve.si\/#\/schema\/logo\/image\/"},"sameAs":["https:\/\/www.facebook.com\/salve.si","https:\/\/www.instagram.com\/zalozbasalve\/","https:\/\/www.linkedin.com\/company\/zalozba-salve\/"]}]}},"_links":{"self":[{"href":"https:\/\/www.salve.si\/en\/wp-json\/wp\/v2\/product\/17454","targetHints":{"allow":["GET"]}}],"collection":[{"href":"https:\/\/www.salve.si\/en\/wp-json\/wp\/v2\/product"}],"about":[{"href":"https:\/\/www.salve.si\/en\/wp-json\/wp\/v2\/types\/product"}],"version-history":[{"count":3,"href":"https:\/\/www.salve.si\/en\/wp-json\/wp\/v2\/product\/17454\/revisions"}],"predecessor-version":[{"id":17457,"href":"https:\/\/www.salve.si\/en\/wp-json\/wp\/v2\/product\/17454\/revisions\/17457"}],"wp:featuredmedia":[{"embeddable":true,"href":"https:\/\/www.salve.si\/en\/wp-json\/wp\/v2\/media\/17517"}],"wp:attachment":[{"href":"https:\/\/www.salve.si\/en\/wp-json\/wp\/v2\/media?parent=17454"}],"wp:term":[{"taxonomy":"product_cat","embeddable":true,"href":"https:\/\/www.salve.si\/en\/wp-json\/wp\/v2\/product_cat?post=17454"},{"taxonomy":"product_tag","embeddable":true,"href":"https:\/\/www.salve.si\/en\/wp-json\/wp\/v2\/product_tag?post=17454"}],"curies":[{"name":"wp","href":"https:\/\/api.w.org\/{rel}","templated":true}]}}