{"id":17402,"date":"2023-07-04T14:51:23","date_gmt":"2023-07-04T12:51:23","guid":{"rendered":"https:\/\/www.salve.si\/?post_type=product&#038;p=17402"},"modified":"2026-01-01T00:00:07","modified_gmt":"2025-12-31T23:00:07","slug":"filozofija02","status":"publish","type":"product","link":"https:\/\/www.salve.si\/en\/trgovina\/knjige\/mladinska-literatura\/filozofija02\/","title":{"rendered":"SKRIVNOST ZA TOVARNI\u0160KIMI ZIDOVI"},"content":{"rendered":"<p><span class=\"slv-content-keywords\"> Filo&amp;Zofija Cuca Canals Knjige Mladinska literatura mladinska literatura <\/span><\/p>","protected":false},"excerpt":{"rendered":"<p>Sirote, ki so del Akademije, pod vodstvom mlade Sofije Hipatije z revolucionarnim na\u010dinom razmi\u0161ljanja, ki temelji na filozofiji, i\u0161\u010dejo nove sledi, da bi na\u0161li najbolj iskanega zlo\u010dinca. Po domnevno naklju\u010dni smrti uslu\u017ebenke pomembne tovarne bo detektivska agencija FILO&amp;SOFIA zaradi zavzemanja Karlija Marxa za socialno pravi\u010dnost raziskala izginotje ve\u010d uslu\u017ebenk in njihove delovne razmere. *Priporo\u010dljivo za starej\u0161e od 10 let.<\/p>","protected":false},"featured_media":17403,"template":"","meta":{"_acf_changed":false,"footnotes":""},"product_cat":[1166,141],"product_tag":[1168],"class_list":{"0":"post-17402","1":"product","2":"type-product","3":"status-publish","4":"has-post-thumbnail","6":"zbirke-filozofija","7":"authors-cuca-canals","8":"publisher-salve-d-o-o-ljubljana","9":"product_cat-mladinska-literatura","10":"product_cat-knjige","11":"product_tag-mladinska-literatura","13":"first","14":"instock","15":"shipping-taxable","16":"purchasable","17":"product-type-simple"},"acf":[],"yoast_head":"<!-- This site is optimized with the Yoast SEO plugin v23.8 - https:\/\/yoast.com\/wordpress\/plugins\/seo\/ -->\n<title>SKRIVNOST ZA TOVARNI\u0160KIMI ZIDOVI - Salve<\/title>\n<meta name=\"robots\" content=\"index, follow, max-snippet:-1, max-image-preview:large, max-video-preview:-1\" \/>\n<link rel=\"canonical\" href=\"https:\/\/www.salve.si\/en\/trgovina\/knjige\/mladinska-literatura\/filozofija02\/\" \/>\n<meta property=\"og:locale\" content=\"en_US\" \/>\n<meta property=\"og:type\" content=\"article\" \/>\n<meta property=\"og:title\" content=\"SKRIVNOST ZA TOVARNI\u0160KIMI ZIDOVI - Salve\" \/>\n<meta property=\"og:description\" content=\"Sirote, ki so del Akademije, pod vodstvom mlade Sofije Hipatije z revolucionarnim na\u010dinom razmi\u0161ljanja, ki temelji na filozofiji, i\u0161\u010dejo nove sledi, da bi na\u0161li najbolj iskanega zlo\u010dinca. Po domnevno naklju\u010dni smrti uslu\u017ebenke pomembne tovarne bo detektivska agencija FILO&amp;SOFIA zaradi zavzemanja Karlija Marxa za socialno pravi\u010dnost raziskala izginotje ve\u010d uslu\u017ebenk in njihove delovne razmere. *Priporo\u010dljivo za starej\u0161e od 10 let.\" \/>\n<meta property=\"og:url\" content=\"https:\/\/www.salve.si\/en\/trgovina\/knjige\/mladinska-literatura\/filozofija02\/\" \/>\n<meta property=\"og:site_name\" content=\"Salve\" \/>\n<meta property=\"article:publisher\" content=\"https:\/\/www.facebook.com\/salve.si\" \/>\n<meta property=\"article:modified_time\" content=\"2025-12-31T23:00:07+00:00\" \/>\n<meta property=\"og:image\" content=\"https:\/\/www.salve.si\/wp-content\/uploads\/2023\/07\/FiloZofija-02-naslovnica01.jpg\" \/>\n\t<meta property=\"og:image:width\" content=\"1020\" \/>\n\t<meta property=\"og:image:height\" content=\"1615\" \/>\n\t<meta property=\"og:image:type\" content=\"image\/jpeg\" \/>\n<meta name=\"twitter:card\" content=\"summary_large_image\" \/>\n<meta name=\"twitter:label1\" content=\"Est. reading time\" \/>\n\t<meta name=\"twitter:data1\" content=\"1 minute\" \/>\n<script type=\"application\/ld+json\" class=\"yoast-schema-graph\">{\"@context\":\"https:\/\/schema.org\",\"@graph\":[{\"@type\":\"WebPage\",\"@id\":\"https:\/\/www.salve.si\/trgovina\/knjige\/mladinska-literatura\/filozofija02\/\",\"url\":\"https:\/\/www.salve.si\/trgovina\/knjige\/mladinska-literatura\/filozofija02\/\",\"name\":\"SKRIVNOST ZA TOVARNI\u0160KIMI ZIDOVI - Salve\",\"isPartOf\":{\"@id\":\"https:\/\/www.salve.si\/#website\"},\"primaryImageOfPage\":{\"@id\":\"https:\/\/www.salve.si\/trgovina\/knjige\/mladinska-literatura\/filozofija02\/#primaryimage\"},\"image\":{\"@id\":\"https:\/\/www.salve.si\/trgovina\/knjige\/mladinska-literatura\/filozofija02\/#primaryimage\"},\"thumbnailUrl\":\"https:\/\/www.salve.si\/wp-content\/uploads\/2023\/07\/FiloZofija-02-naslovnica01.jpg\",\"datePublished\":\"2023-07-04T12:51:23+00:00\",\"dateModified\":\"2025-12-31T23:00:07+00:00\",\"breadcrumb\":{\"@id\":\"https:\/\/www.salve.si\/trgovina\/knjige\/mladinska-literatura\/filozofija02\/#breadcrumb\"},\"inLanguage\":\"en-US\",\"potentialAction\":[{\"@type\":\"ReadAction\",\"target\":[\"https:\/\/www.salve.si\/trgovina\/knjige\/mladinska-literatura\/filozofija02\/\"]}]},{\"@type\":\"ImageObject\",\"inLanguage\":\"en-US\",\"@id\":\"https:\/\/www.salve.si\/trgovina\/knjige\/mladinska-literatura\/filozofija02\/#primaryimage\",\"url\":\"https:\/\/www.salve.si\/wp-content\/uploads\/2023\/07\/FiloZofija-02-naslovnica01.jpg\",\"contentUrl\":\"https:\/\/www.salve.si\/wp-content\/uploads\/2023\/07\/FiloZofija-02-naslovnica01.jpg\",\"width\":1020,\"height\":1615},{\"@type\":\"BreadcrumbList\",\"@id\":\"https:\/\/www.salve.si\/trgovina\/knjige\/mladinska-literatura\/filozofija02\/#breadcrumb\",\"itemListElement\":[{\"@type\":\"ListItem\",\"position\":1,\"name\":\"Home\",\"item\":\"https:\/\/www.salve.si\/\"},{\"@type\":\"ListItem\",\"position\":2,\"name\":\"Trgovina\",\"item\":\"https:\/\/www.salve.si\/trgovina\/\"},{\"@type\":\"ListItem\",\"position\":3,\"name\":\"SKRIVNOST ZA TOVARNI\u0160KIMI ZIDOVI\"}]},{\"@type\":\"WebSite\",\"@id\":\"https:\/\/www.salve.si\/#website\",\"url\":\"https:\/\/www.salve.si\/\",\"name\":\"Salve\",\"description\":\"Salezijanska zalo\u017eba\",\"publisher\":{\"@id\":\"https:\/\/www.salve.si\/#organization\"},\"potentialAction\":[{\"@type\":\"SearchAction\",\"target\":{\"@type\":\"EntryPoint\",\"urlTemplate\":\"https:\/\/www.salve.si\/?s={search_term_string}\"},\"query-input\":{\"@type\":\"PropertyValueSpecification\",\"valueRequired\":true,\"valueName\":\"search_term_string\"}}],\"inLanguage\":\"en-US\"},{\"@type\":\"Organization\",\"@id\":\"https:\/\/www.salve.si\/#organization\",\"name\":\"Salve d.o.o.\",\"url\":\"https:\/\/www.salve.si\/\",\"logo\":{\"@type\":\"ImageObject\",\"inLanguage\":\"en-US\",\"@id\":\"https:\/\/www.salve.si\/#\/schema\/logo\/image\/\",\"url\":\"https:\/\/www.salve.si\/wp-content\/uploads\/2021\/01\/Salve_logo_modri_nov_web.png\",\"contentUrl\":\"https:\/\/www.salve.si\/wp-content\/uploads\/2021\/01\/Salve_logo_modri_nov_web.png\",\"width\":279,\"height\":90,\"caption\":\"Salve d.o.o.\"},\"image\":{\"@id\":\"https:\/\/www.salve.si\/#\/schema\/logo\/image\/\"},\"sameAs\":[\"https:\/\/www.facebook.com\/salve.si\",\"https:\/\/www.instagram.com\/zalozbasalve\/\",\"https:\/\/www.linkedin.com\/company\/zalozba-salve\/\"]}]}<\/script>\n<!-- \/ Yoast SEO plugin. -->","yoast_head_json":{"title":"SKRIVNOST ZA TOVARNI\u0160KIMI ZIDOVI - Salve","robots":{"index":"index","follow":"follow","max-snippet":"max-snippet:-1","max-image-preview":"max-image-preview:large","max-video-preview":"max-video-preview:-1"},"canonical":"https:\/\/www.salve.si\/en\/trgovina\/knjige\/mladinska-literatura\/filozofija02\/","og_locale":"en_US","og_type":"article","og_title":"SKRIVNOST ZA TOVARNI\u0160KIMI ZIDOVI - Salve","og_description":"Sirote, ki so del Akademije, pod vodstvom mlade Sofije Hipatije z revolucionarnim na\u010dinom razmi\u0161ljanja, ki temelji na filozofiji, i\u0161\u010dejo nove sledi, da bi na\u0161li najbolj iskanega zlo\u010dinca. Po domnevno naklju\u010dni smrti uslu\u017ebenke pomembne tovarne bo detektivska agencija FILO&amp;SOFIA zaradi zavzemanja Karlija Marxa za socialno pravi\u010dnost raziskala izginotje ve\u010d uslu\u017ebenk in njihove delovne razmere. *Priporo\u010dljivo za starej\u0161e od 10 let.","og_url":"https:\/\/www.salve.si\/en\/trgovina\/knjige\/mladinska-literatura\/filozofija02\/","og_site_name":"Salve","article_publisher":"https:\/\/www.facebook.com\/salve.si","article_modified_time":"2025-12-31T23:00:07+00:00","og_image":[{"width":1020,"height":1615,"url":"https:\/\/www.salve.si\/wp-content\/uploads\/2023\/07\/FiloZofija-02-naslovnica01.jpg","type":"image\/jpeg"}],"twitter_card":"summary_large_image","twitter_misc":{"Est. reading time":"1 minute"},"schema":{"@context":"https:\/\/schema.org","@graph":[{"@type":"WebPage","@id":"https:\/\/www.salve.si\/trgovina\/knjige\/mladinska-literatura\/filozofija02\/","url":"https:\/\/www.salve.si\/trgovina\/knjige\/mladinska-literatura\/filozofija02\/","name":"SKRIVNOST ZA TOVARNI\u0160KIMI ZIDOVI - Salve","isPartOf":{"@id":"https:\/\/www.salve.si\/#website"},"primaryImageOfPage":{"@id":"https:\/\/www.salve.si\/trgovina\/knjige\/mladinska-literatura\/filozofija02\/#primaryimage"},"image":{"@id":"https:\/\/www.salve.si\/trgovina\/knjige\/mladinska-literatura\/filozofija02\/#primaryimage"},"thumbnailUrl":"https:\/\/www.salve.si\/wp-content\/uploads\/2023\/07\/FiloZofija-02-naslovnica01.jpg","datePublished":"2023-07-04T12:51:23+00:00","dateModified":"2025-12-31T23:00:07+00:00","breadcrumb":{"@id":"https:\/\/www.salve.si\/trgovina\/knjige\/mladinska-literatura\/filozofija02\/#breadcrumb"},"inLanguage":"en-US","potentialAction":[{"@type":"ReadAction","target":["https:\/\/www.salve.si\/trgovina\/knjige\/mladinska-literatura\/filozofija02\/"]}]},{"@type":"ImageObject","inLanguage":"en-US","@id":"https:\/\/www.salve.si\/trgovina\/knjige\/mladinska-literatura\/filozofija02\/#primaryimage","url":"https:\/\/www.salve.si\/wp-content\/uploads\/2023\/07\/FiloZofija-02-naslovnica01.jpg","contentUrl":"https:\/\/www.salve.si\/wp-content\/uploads\/2023\/07\/FiloZofija-02-naslovnica01.jpg","width":1020,"height":1615},{"@type":"BreadcrumbList","@id":"https:\/\/www.salve.si\/trgovina\/knjige\/mladinska-literatura\/filozofija02\/#breadcrumb","itemListElement":[{"@type":"ListItem","position":1,"name":"Home","item":"https:\/\/www.salve.si\/"},{"@type":"ListItem","position":2,"name":"Trgovina","item":"https:\/\/www.salve.si\/trgovina\/"},{"@type":"ListItem","position":3,"name":"SKRIVNOST ZA TOVARNI\u0160KIMI ZIDOVI"}]},{"@type":"WebSite","@id":"https:\/\/www.salve.si\/#website","url":"https:\/\/www.salve.si\/","name":"Salve","description":"Salezijanska zalo\u017eba","publisher":{"@id":"https:\/\/www.salve.si\/#organization"},"potentialAction":[{"@type":"SearchAction","target":{"@type":"EntryPoint","urlTemplate":"https:\/\/www.salve.si\/?s={search_term_string}"},"query-input":{"@type":"PropertyValueSpecification","valueRequired":true,"valueName":"search_term_string"}}],"inLanguage":"en-US"},{"@type":"Organization","@id":"https:\/\/www.salve.si\/#organization","name":"Salve d.o.o.","url":"https:\/\/www.salve.si\/","logo":{"@type":"ImageObject","inLanguage":"en-US","@id":"https:\/\/www.salve.si\/#\/schema\/logo\/image\/","url":"https:\/\/www.salve.si\/wp-content\/uploads\/2021\/01\/Salve_logo_modri_nov_web.png","contentUrl":"https:\/\/www.salve.si\/wp-content\/uploads\/2021\/01\/Salve_logo_modri_nov_web.png","width":279,"height":90,"caption":"Salve d.o.o."},"image":{"@id":"https:\/\/www.salve.si\/#\/schema\/logo\/image\/"},"sameAs":["https:\/\/www.facebook.com\/salve.si","https:\/\/www.instagram.com\/zalozbasalve\/","https:\/\/www.linkedin.com\/company\/zalozba-salve\/"]}]}},"_links":{"self":[{"href":"https:\/\/www.salve.si\/en\/wp-json\/wp\/v2\/product\/17402","targetHints":{"allow":["GET"]}}],"collection":[{"href":"https:\/\/www.salve.si\/en\/wp-json\/wp\/v2\/product"}],"about":[{"href":"https:\/\/www.salve.si\/en\/wp-json\/wp\/v2\/types\/product"}],"version-history":[{"count":4,"href":"https:\/\/www.salve.si\/en\/wp-json\/wp\/v2\/product\/17402\/revisions"}],"predecessor-version":[{"id":17409,"href":"https:\/\/www.salve.si\/en\/wp-json\/wp\/v2\/product\/17402\/revisions\/17409"}],"wp:featuredmedia":[{"embeddable":true,"href":"https:\/\/www.salve.si\/en\/wp-json\/wp\/v2\/media\/17403"}],"wp:attachment":[{"href":"https:\/\/www.salve.si\/en\/wp-json\/wp\/v2\/media?parent=17402"}],"wp:term":[{"taxonomy":"product_cat","embeddable":true,"href":"https:\/\/www.salve.si\/en\/wp-json\/wp\/v2\/product_cat?post=17402"},{"taxonomy":"product_tag","embeddable":true,"href":"https:\/\/www.salve.si\/en\/wp-json\/wp\/v2\/product_tag?post=17402"}],"curies":[{"name":"wp","href":"https:\/\/api.w.org\/{rel}","templated":true}]}}