{"id":17371,"date":"2022-06-22T12:12:01","date_gmt":"2022-06-22T10:12:01","guid":{"rendered":"https:\/\/www.salve.si\/?post_type=product&#038;p=17371"},"modified":"2024-07-07T19:12:37","modified_gmt":"2024-07-07T17:12:37","slug":"iz-paradiza-tri-stoletja-skofjeloskega-pasijona","status":"publish","type":"product","link":"https:\/\/www.salve.si\/en\/trgovina\/knjige\/razno-knjige\/iz-paradiza-tri-stoletja-skofjeloskega-pasijona\/","title":{"rendered":"IZ PARADI\u017dA: TRI STOLETJA \u0160KOFJELO\u0160KEGA PASIJONA"},"content":{"rendered":"<p>Knjiga iz pradi\u017ea, v \u0161tirih delih podrobno predstavlja vse znane uprizoritve te slavne predstave. V prvem delu se avtor Boris Kobe poigrava s slikovitimi rekonstrukcijami pasijona, kot bi se odvijal leta 1721 po ulicah \u0160kofje Loke. Drugi del prina\u0161a kronolo\u0161ki pregled uprizarjanja pasijona v 18. stoletju, s \u010dasovno zaporednimi \u0161tevilkami od 1 do 9. Tretji del pa raziskuje vse sodobne uprizoritve med letoma 1930 in 2023, s \u0161tevilkami od 10 do 35. Knjiga prina\u0161a tudi vpogled v za\u0161\u010dito \u0160kofjelo\u0161kega pasijona kot UNESCO-ve kulturne dedi\u0161\u010dine in obnavljanje dragocenega kodeksa, kar pri\u010da o njegovi \u017eivosti in aktualnosti.<span class=\"slv-content-keywords\"> Kri\u017eev pot Razno <\/span><\/p>","protected":false},"excerpt":{"rendered":"<p>&#8220;Vse znane uprizoritve \u0160kofjelo\u0161kega pasijona predstavljene v dokumentarni knjigi ob tristoletnem jubileju&#8221;<\/p>\n<p>Ob tristoletnem jubileju \u0160kofjelo\u0161kega pasijona imate v rokah izjemno knjigo, ki prvi\u010d dokumentarno predstavlja vse znane uprizoritve te priznane predstave tako v Sloveniji kot v zamejstvu ter po svetu. Skupno je predstavljenih 35 uprizoritev, ki vam jih prina\u0161amo za gledanje in branje.<\/p>\n<p>Ne zamudite prilo\u017enosti, da se podate na popotovanje skozi zgodovino \u0160kofjelo\u0161kega pasijona in odkrijete, kako je ta izjemna predstava navdu\u0161evala ob\u010dinstva po vsem svetu.<\/p>","protected":false},"featured_media":17375,"template":"","meta":{"_acf_changed":false,"footnotes":""},"product_cat":[1099,663],"product_tag":[],"class_list":{"0":"post-17371","1":"product","2":"type-product","3":"status-publish","4":"has-post-thumbnail","6":"publisher-obciina-skofja-loka","7":"publisher-salve-d-o-o-ljubljana","8":"product_cat-krizev-pot","9":"product_cat-razno-knjige","11":"first","12":"instock","13":"shipping-taxable","14":"purchasable","15":"product-type-simple"},"acf":[],"yoast_head":"<!-- This site is optimized with the Yoast SEO plugin v23.8 - https:\/\/yoast.com\/wordpress\/plugins\/seo\/ -->\n<title>IZ PARADI\u017dA: TRI STOLETJA \u0160KOFJELO\u0160KEGA PASIJONA - Salve<\/title>\n<meta name=\"robots\" content=\"index, follow, max-snippet:-1, max-image-preview:large, max-video-preview:-1\" \/>\n<link rel=\"canonical\" href=\"https:\/\/www.salve.si\/en\/trgovina\/knjige\/razno-knjige\/iz-paradiza-tri-stoletja-skofjeloskega-pasijona\/\" \/>\n<meta property=\"og:locale\" content=\"en_US\" \/>\n<meta property=\"og:type\" content=\"article\" \/>\n<meta property=\"og:title\" content=\"IZ PARADI\u017dA: TRI STOLETJA \u0160KOFJELO\u0160KEGA PASIJONA - Salve\" \/>\n<meta property=\"og:description\" content=\"&quot;Vse znane uprizoritve \u0160kofjelo\u0161kega pasijona predstavljene v dokumentarni knjigi ob tristoletnem jubileju&quot;  Ob tristoletnem jubileju \u0160kofjelo\u0161kega pasijona imate v rokah izjemno knjigo, ki prvi\u010d dokumentarno predstavlja vse znane uprizoritve te priznane predstave tako v Sloveniji kot v zamejstvu ter po svetu. Skupno je predstavljenih 35 uprizoritev, ki vam jih prina\u0161amo za gledanje in branje.  Ne zamudite prilo\u017enosti, da se podate na popotovanje skozi zgodovino \u0160kofjelo\u0161kega pasijona in odkrijete, kako je ta izjemna predstava navdu\u0161evala ob\u010dinstva po vsem svetu.\" \/>\n<meta property=\"og:url\" content=\"https:\/\/www.salve.si\/en\/trgovina\/knjige\/razno-knjige\/iz-paradiza-tri-stoletja-skofjeloskega-pasijona\/\" \/>\n<meta property=\"og:site_name\" content=\"Salve\" \/>\n<meta property=\"article:publisher\" content=\"https:\/\/www.facebook.com\/salve.si\" \/>\n<meta property=\"article:modified_time\" content=\"2024-07-07T17:12:37+00:00\" \/>\n<meta property=\"og:image\" content=\"https:\/\/www.salve.si\/wp-content\/uploads\/2023\/06\/PASIJONSKA-FOTOMONOGRAFIJA_Iz-paradiza_ovitek_prva-stran.jpg\" \/>\n\t<meta property=\"og:image:width\" content=\"1371\" \/>\n\t<meta property=\"og:image:height\" content=\"1659\" \/>\n\t<meta property=\"og:image:type\" content=\"image\/jpeg\" \/>\n<meta name=\"twitter:card\" content=\"summary_large_image\" \/>\n<meta name=\"twitter:label1\" content=\"Est. reading time\" \/>\n\t<meta name=\"twitter:data1\" content=\"1 minute\" \/>\n<script type=\"application\/ld+json\" class=\"yoast-schema-graph\">{\"@context\":\"https:\/\/schema.org\",\"@graph\":[{\"@type\":\"WebPage\",\"@id\":\"https:\/\/www.salve.si\/trgovina\/knjige\/razno-knjige\/iz-paradiza-tri-stoletja-skofjeloskega-pasijona\/\",\"url\":\"https:\/\/www.salve.si\/trgovina\/knjige\/razno-knjige\/iz-paradiza-tri-stoletja-skofjeloskega-pasijona\/\",\"name\":\"IZ PARADI\u017dA: TRI STOLETJA \u0160KOFJELO\u0160KEGA PASIJONA - Salve\",\"isPartOf\":{\"@id\":\"https:\/\/www.salve.si\/#website\"},\"primaryImageOfPage\":{\"@id\":\"https:\/\/www.salve.si\/trgovina\/knjige\/razno-knjige\/iz-paradiza-tri-stoletja-skofjeloskega-pasijona\/#primaryimage\"},\"image\":{\"@id\":\"https:\/\/www.salve.si\/trgovina\/knjige\/razno-knjige\/iz-paradiza-tri-stoletja-skofjeloskega-pasijona\/#primaryimage\"},\"thumbnailUrl\":\"https:\/\/www.salve.si\/wp-content\/uploads\/2023\/06\/PASIJONSKA-FOTOMONOGRAFIJA_Iz-paradiza_ovitek_prva-stran.jpg\",\"datePublished\":\"2022-06-22T10:12:01+00:00\",\"dateModified\":\"2024-07-07T17:12:37+00:00\",\"breadcrumb\":{\"@id\":\"https:\/\/www.salve.si\/trgovina\/knjige\/razno-knjige\/iz-paradiza-tri-stoletja-skofjeloskega-pasijona\/#breadcrumb\"},\"inLanguage\":\"en-US\",\"potentialAction\":[{\"@type\":\"ReadAction\",\"target\":[\"https:\/\/www.salve.si\/trgovina\/knjige\/razno-knjige\/iz-paradiza-tri-stoletja-skofjeloskega-pasijona\/\"]}]},{\"@type\":\"ImageObject\",\"inLanguage\":\"en-US\",\"@id\":\"https:\/\/www.salve.si\/trgovina\/knjige\/razno-knjige\/iz-paradiza-tri-stoletja-skofjeloskega-pasijona\/#primaryimage\",\"url\":\"https:\/\/www.salve.si\/wp-content\/uploads\/2023\/06\/PASIJONSKA-FOTOMONOGRAFIJA_Iz-paradiza_ovitek_prva-stran.jpg\",\"contentUrl\":\"https:\/\/www.salve.si\/wp-content\/uploads\/2023\/06\/PASIJONSKA-FOTOMONOGRAFIJA_Iz-paradiza_ovitek_prva-stran.jpg\",\"width\":1371,\"height\":1659},{\"@type\":\"BreadcrumbList\",\"@id\":\"https:\/\/www.salve.si\/trgovina\/knjige\/razno-knjige\/iz-paradiza-tri-stoletja-skofjeloskega-pasijona\/#breadcrumb\",\"itemListElement\":[{\"@type\":\"ListItem\",\"position\":1,\"name\":\"Home\",\"item\":\"https:\/\/www.salve.si\/\"},{\"@type\":\"ListItem\",\"position\":2,\"name\":\"Trgovina\",\"item\":\"https:\/\/www.salve.si\/trgovina\/\"},{\"@type\":\"ListItem\",\"position\":3,\"name\":\"IZ PARADI\u017dA: TRI STOLETJA \u0160KOFJELO\u0160KEGA PASIJONA\"}]},{\"@type\":\"WebSite\",\"@id\":\"https:\/\/www.salve.si\/#website\",\"url\":\"https:\/\/www.salve.si\/\",\"name\":\"Salve\",\"description\":\"Salezijanska zalo\u017eba\",\"publisher\":{\"@id\":\"https:\/\/www.salve.si\/#organization\"},\"potentialAction\":[{\"@type\":\"SearchAction\",\"target\":{\"@type\":\"EntryPoint\",\"urlTemplate\":\"https:\/\/www.salve.si\/?s={search_term_string}\"},\"query-input\":{\"@type\":\"PropertyValueSpecification\",\"valueRequired\":true,\"valueName\":\"search_term_string\"}}],\"inLanguage\":\"en-US\"},{\"@type\":\"Organization\",\"@id\":\"https:\/\/www.salve.si\/#organization\",\"name\":\"Salve d.o.o.\",\"url\":\"https:\/\/www.salve.si\/\",\"logo\":{\"@type\":\"ImageObject\",\"inLanguage\":\"en-US\",\"@id\":\"https:\/\/www.salve.si\/#\/schema\/logo\/image\/\",\"url\":\"https:\/\/www.salve.si\/wp-content\/uploads\/2021\/01\/Salve_logo_modri_nov_web.png\",\"contentUrl\":\"https:\/\/www.salve.si\/wp-content\/uploads\/2021\/01\/Salve_logo_modri_nov_web.png\",\"width\":279,\"height\":90,\"caption\":\"Salve d.o.o.\"},\"image\":{\"@id\":\"https:\/\/www.salve.si\/#\/schema\/logo\/image\/\"},\"sameAs\":[\"https:\/\/www.facebook.com\/salve.si\",\"https:\/\/www.instagram.com\/zalozbasalve\/\",\"https:\/\/www.linkedin.com\/company\/zalozba-salve\/\"]}]}<\/script>\n<!-- \/ Yoast SEO plugin. -->","yoast_head_json":{"title":"IZ PARADI\u017dA: TRI STOLETJA \u0160KOFJELO\u0160KEGA PASIJONA - Salve","robots":{"index":"index","follow":"follow","max-snippet":"max-snippet:-1","max-image-preview":"max-image-preview:large","max-video-preview":"max-video-preview:-1"},"canonical":"https:\/\/www.salve.si\/en\/trgovina\/knjige\/razno-knjige\/iz-paradiza-tri-stoletja-skofjeloskega-pasijona\/","og_locale":"en_US","og_type":"article","og_title":"IZ PARADI\u017dA: TRI STOLETJA \u0160KOFJELO\u0160KEGA PASIJONA - Salve","og_description":"\"Vse znane uprizoritve \u0160kofjelo\u0161kega pasijona predstavljene v dokumentarni knjigi ob tristoletnem jubileju\"  Ob tristoletnem jubileju \u0160kofjelo\u0161kega pasijona imate v rokah izjemno knjigo, ki prvi\u010d dokumentarno predstavlja vse znane uprizoritve te priznane predstave tako v Sloveniji kot v zamejstvu ter po svetu. Skupno je predstavljenih 35 uprizoritev, ki vam jih prina\u0161amo za gledanje in branje.  Ne zamudite prilo\u017enosti, da se podate na popotovanje skozi zgodovino \u0160kofjelo\u0161kega pasijona in odkrijete, kako je ta izjemna predstava navdu\u0161evala ob\u010dinstva po vsem svetu.","og_url":"https:\/\/www.salve.si\/en\/trgovina\/knjige\/razno-knjige\/iz-paradiza-tri-stoletja-skofjeloskega-pasijona\/","og_site_name":"Salve","article_publisher":"https:\/\/www.facebook.com\/salve.si","article_modified_time":"2024-07-07T17:12:37+00:00","og_image":[{"width":1371,"height":1659,"url":"https:\/\/www.salve.si\/wp-content\/uploads\/2023\/06\/PASIJONSKA-FOTOMONOGRAFIJA_Iz-paradiza_ovitek_prva-stran.jpg","type":"image\/jpeg"}],"twitter_card":"summary_large_image","twitter_misc":{"Est. reading time":"1 minute"},"schema":{"@context":"https:\/\/schema.org","@graph":[{"@type":"WebPage","@id":"https:\/\/www.salve.si\/trgovina\/knjige\/razno-knjige\/iz-paradiza-tri-stoletja-skofjeloskega-pasijona\/","url":"https:\/\/www.salve.si\/trgovina\/knjige\/razno-knjige\/iz-paradiza-tri-stoletja-skofjeloskega-pasijona\/","name":"IZ PARADI\u017dA: TRI STOLETJA \u0160KOFJELO\u0160KEGA PASIJONA - Salve","isPartOf":{"@id":"https:\/\/www.salve.si\/#website"},"primaryImageOfPage":{"@id":"https:\/\/www.salve.si\/trgovina\/knjige\/razno-knjige\/iz-paradiza-tri-stoletja-skofjeloskega-pasijona\/#primaryimage"},"image":{"@id":"https:\/\/www.salve.si\/trgovina\/knjige\/razno-knjige\/iz-paradiza-tri-stoletja-skofjeloskega-pasijona\/#primaryimage"},"thumbnailUrl":"https:\/\/www.salve.si\/wp-content\/uploads\/2023\/06\/PASIJONSKA-FOTOMONOGRAFIJA_Iz-paradiza_ovitek_prva-stran.jpg","datePublished":"2022-06-22T10:12:01+00:00","dateModified":"2024-07-07T17:12:37+00:00","breadcrumb":{"@id":"https:\/\/www.salve.si\/trgovina\/knjige\/razno-knjige\/iz-paradiza-tri-stoletja-skofjeloskega-pasijona\/#breadcrumb"},"inLanguage":"en-US","potentialAction":[{"@type":"ReadAction","target":["https:\/\/www.salve.si\/trgovina\/knjige\/razno-knjige\/iz-paradiza-tri-stoletja-skofjeloskega-pasijona\/"]}]},{"@type":"ImageObject","inLanguage":"en-US","@id":"https:\/\/www.salve.si\/trgovina\/knjige\/razno-knjige\/iz-paradiza-tri-stoletja-skofjeloskega-pasijona\/#primaryimage","url":"https:\/\/www.salve.si\/wp-content\/uploads\/2023\/06\/PASIJONSKA-FOTOMONOGRAFIJA_Iz-paradiza_ovitek_prva-stran.jpg","contentUrl":"https:\/\/www.salve.si\/wp-content\/uploads\/2023\/06\/PASIJONSKA-FOTOMONOGRAFIJA_Iz-paradiza_ovitek_prva-stran.jpg","width":1371,"height":1659},{"@type":"BreadcrumbList","@id":"https:\/\/www.salve.si\/trgovina\/knjige\/razno-knjige\/iz-paradiza-tri-stoletja-skofjeloskega-pasijona\/#breadcrumb","itemListElement":[{"@type":"ListItem","position":1,"name":"Home","item":"https:\/\/www.salve.si\/"},{"@type":"ListItem","position":2,"name":"Trgovina","item":"https:\/\/www.salve.si\/trgovina\/"},{"@type":"ListItem","position":3,"name":"IZ PARADI\u017dA: TRI STOLETJA \u0160KOFJELO\u0160KEGA PASIJONA"}]},{"@type":"WebSite","@id":"https:\/\/www.salve.si\/#website","url":"https:\/\/www.salve.si\/","name":"Salve","description":"Salezijanska zalo\u017eba","publisher":{"@id":"https:\/\/www.salve.si\/#organization"},"potentialAction":[{"@type":"SearchAction","target":{"@type":"EntryPoint","urlTemplate":"https:\/\/www.salve.si\/?s={search_term_string}"},"query-input":{"@type":"PropertyValueSpecification","valueRequired":true,"valueName":"search_term_string"}}],"inLanguage":"en-US"},{"@type":"Organization","@id":"https:\/\/www.salve.si\/#organization","name":"Salve d.o.o.","url":"https:\/\/www.salve.si\/","logo":{"@type":"ImageObject","inLanguage":"en-US","@id":"https:\/\/www.salve.si\/#\/schema\/logo\/image\/","url":"https:\/\/www.salve.si\/wp-content\/uploads\/2021\/01\/Salve_logo_modri_nov_web.png","contentUrl":"https:\/\/www.salve.si\/wp-content\/uploads\/2021\/01\/Salve_logo_modri_nov_web.png","width":279,"height":90,"caption":"Salve d.o.o."},"image":{"@id":"https:\/\/www.salve.si\/#\/schema\/logo\/image\/"},"sameAs":["https:\/\/www.facebook.com\/salve.si","https:\/\/www.instagram.com\/zalozbasalve\/","https:\/\/www.linkedin.com\/company\/zalozba-salve\/"]}]}},"_links":{"self":[{"href":"https:\/\/www.salve.si\/en\/wp-json\/wp\/v2\/product\/17371","targetHints":{"allow":["GET"]}}],"collection":[{"href":"https:\/\/www.salve.si\/en\/wp-json\/wp\/v2\/product"}],"about":[{"href":"https:\/\/www.salve.si\/en\/wp-json\/wp\/v2\/types\/product"}],"version-history":[{"count":1,"href":"https:\/\/www.salve.si\/en\/wp-json\/wp\/v2\/product\/17371\/revisions"}],"predecessor-version":[{"id":17374,"href":"https:\/\/www.salve.si\/en\/wp-json\/wp\/v2\/product\/17371\/revisions\/17374"}],"wp:featuredmedia":[{"embeddable":true,"href":"https:\/\/www.salve.si\/en\/wp-json\/wp\/v2\/media\/17375"}],"wp:attachment":[{"href":"https:\/\/www.salve.si\/en\/wp-json\/wp\/v2\/media?parent=17371"}],"wp:term":[{"taxonomy":"product_cat","embeddable":true,"href":"https:\/\/www.salve.si\/en\/wp-json\/wp\/v2\/product_cat?post=17371"},{"taxonomy":"product_tag","embeddable":true,"href":"https:\/\/www.salve.si\/en\/wp-json\/wp\/v2\/product_tag?post=17371"}],"curies":[{"name":"wp","href":"https:\/\/api.w.org\/{rel}","templated":true}]}}