{"id":17310,"date":"2023-05-31T11:47:03","date_gmt":"2023-05-31T09:47:03","guid":{"rendered":"https:\/\/www.salve.si\/?post_type=product&#038;p=17310"},"modified":"2026-01-01T00:00:09","modified_gmt":"2025-12-31T23:00:09","slug":"biseri-duha","status":"publish","type":"product","link":"https:\/\/www.salve.si\/en\/trgovina\/knjige\/mladinske\/biseri-duha\/","title":{"rendered":"BISERI DUHA"},"content":{"rendered":"<p>Knji\u017eica zgodb za du\u0161o izpod tipk dr. Janeza Vodi\u010darja in s fotografijami dr. Davida Kranerja nas popelje v \u00bbkolobarjenje letnih \u010dasov\u00ab, ki se jim po\u010dasi a vztrajno bri\u0161ejo meje. Tudi nam ljudem se ve\u010dkrat bri\u0161ejo meje, zato potrebujemo mano izpod neba in \u017eivo vodo iz vodnjaka.<\/p>\n<p>Dr. Janez Vodi\u010dar in dr. David Kraner, oba univerzitetna profesorja na Teolo\u0161ki fakulteti Univerze v Ljubljeni, kljub svoji strokovnosti, s knji\u017eico ostaneta pri prvinskem duhovnem \u00bbkolobarjenju\u00ab. S konkretnimi razmi\u0161ljanji vsakdanjih \u010dlove\u0161kih zgodb in odli\u010dnimi fotografijami narave, dogodkov in do\u017eivetij, lahko nagovorita bralca vseh stanov, \u010de ima koli\u010dkaj odprto srce in dopusti, da se v njem po\u010dasi oblikuje pravi Biser Duha.<span class=\"slv-content-keywords\"> Duh in \u017eivljenje Mladinska zbirka Janez Vodi\u010dar Knjige Mladinska literatura Misli Mladinske misli MLADINSKA DUHOVNOST Fografije Kraner David <\/span><\/p>","protected":false},"excerpt":{"rendered":"<p>Biseri duha so prava hrana, ki sicer ne nasiti, a nam poka\u017ee pot do duhovne hrane. Pot vodi preko na\u0161ega ustvarjanja, umetnosti, razmi\u0161ljanja in \u0161irjenja obzorij. Najbolj pa preko nasmejanega obraza, ki ga podarimo so\u010dloveku.<\/p>","protected":false},"featured_media":17311,"template":"","meta":{"_acf_changed":false,"footnotes":""},"product_cat":[1166,141,658,266],"product_tag":[1159,1189],"class_list":{"0":"post-17310","1":"product","2":"type-product","3":"status-publish","4":"has-post-thumbnail","6":"zbirke-duh-in-zivljenje","7":"zbirke-mladinska-zbirka","8":"authors-janez-vodicar","9":"publisher-salve-d-o-o-ljubljana","10":"product_cat-mladinska-literatura","11":"product_cat-knjige","12":"product_cat-misli","13":"product_cat-mladinske","14":"product_tag-misli","15":"product_tag-mladinska-duhovnost","17":"first","18":"instock","19":"shipping-taxable","20":"purchasable","21":"product-type-simple"},"acf":[],"yoast_head":"<!-- This site is optimized with the Yoast SEO plugin v23.8 - https:\/\/yoast.com\/wordpress\/plugins\/seo\/ -->\n<title>BISERI DUHA - Salve<\/title>\n<meta name=\"robots\" content=\"index, follow, max-snippet:-1, max-image-preview:large, max-video-preview:-1\" \/>\n<link rel=\"canonical\" href=\"https:\/\/www.salve.si\/en\/trgovina\/knjige\/mladinske\/biseri-duha\/\" \/>\n<meta property=\"og:locale\" content=\"en_US\" \/>\n<meta property=\"og:type\" content=\"article\" \/>\n<meta property=\"og:title\" content=\"BISERI DUHA - Salve\" \/>\n<meta property=\"og:description\" content=\"Biseri duha so prava hrana, ki sicer ne nasiti, a nam poka\u017ee pot do duhovne hrane. Pot vodi preko na\u0161ega ustvarjanja, umetnosti, razmi\u0161ljanja in \u0161irjenja obzorij. Najbolj pa preko nasmejanega obraza, ki ga podarimo so\u010dloveku.\" \/>\n<meta property=\"og:url\" content=\"https:\/\/www.salve.si\/en\/trgovina\/knjige\/mladinske\/biseri-duha\/\" \/>\n<meta property=\"og:site_name\" content=\"Salve\" \/>\n<meta property=\"article:publisher\" content=\"https:\/\/www.facebook.com\/salve.si\" \/>\n<meta property=\"article:modified_time\" content=\"2025-12-31T23:00:09+00:00\" \/>\n<meta property=\"og:image\" content=\"https:\/\/www.salve.si\/wp-content\/uploads\/2023\/05\/Vodicar_Biseri-Duha_NASLOVNICA.jpg\" \/>\n\t<meta property=\"og:image:width\" content=\"1106\" \/>\n\t<meta property=\"og:image:height\" content=\"1683\" \/>\n\t<meta property=\"og:image:type\" content=\"image\/jpeg\" \/>\n<meta name=\"twitter:card\" content=\"summary_large_image\" \/>\n<meta name=\"twitter:label1\" content=\"Est. reading time\" \/>\n\t<meta name=\"twitter:data1\" content=\"1 minute\" \/>\n<script type=\"application\/ld+json\" class=\"yoast-schema-graph\">{\"@context\":\"https:\/\/schema.org\",\"@graph\":[{\"@type\":\"WebPage\",\"@id\":\"https:\/\/www.salve.si\/trgovina\/knjige\/mladinske\/biseri-duha\/\",\"url\":\"https:\/\/www.salve.si\/trgovina\/knjige\/mladinske\/biseri-duha\/\",\"name\":\"BISERI DUHA - Salve\",\"isPartOf\":{\"@id\":\"https:\/\/www.salve.si\/#website\"},\"primaryImageOfPage\":{\"@id\":\"https:\/\/www.salve.si\/trgovina\/knjige\/mladinske\/biseri-duha\/#primaryimage\"},\"image\":{\"@id\":\"https:\/\/www.salve.si\/trgovina\/knjige\/mladinske\/biseri-duha\/#primaryimage\"},\"thumbnailUrl\":\"https:\/\/www.salve.si\/wp-content\/uploads\/2023\/05\/Vodicar_Biseri-Duha_NASLOVNICA.jpg\",\"datePublished\":\"2023-05-31T09:47:03+00:00\",\"dateModified\":\"2025-12-31T23:00:09+00:00\",\"breadcrumb\":{\"@id\":\"https:\/\/www.salve.si\/trgovina\/knjige\/mladinske\/biseri-duha\/#breadcrumb\"},\"inLanguage\":\"en-US\",\"potentialAction\":[{\"@type\":\"ReadAction\",\"target\":[\"https:\/\/www.salve.si\/trgovina\/knjige\/mladinske\/biseri-duha\/\"]}]},{\"@type\":\"ImageObject\",\"inLanguage\":\"en-US\",\"@id\":\"https:\/\/www.salve.si\/trgovina\/knjige\/mladinske\/biseri-duha\/#primaryimage\",\"url\":\"https:\/\/www.salve.si\/wp-content\/uploads\/2023\/05\/Vodicar_Biseri-Duha_NASLOVNICA.jpg\",\"contentUrl\":\"https:\/\/www.salve.si\/wp-content\/uploads\/2023\/05\/Vodicar_Biseri-Duha_NASLOVNICA.jpg\",\"width\":1106,\"height\":1683},{\"@type\":\"BreadcrumbList\",\"@id\":\"https:\/\/www.salve.si\/trgovina\/knjige\/mladinske\/biseri-duha\/#breadcrumb\",\"itemListElement\":[{\"@type\":\"ListItem\",\"position\":1,\"name\":\"Home\",\"item\":\"https:\/\/www.salve.si\/\"},{\"@type\":\"ListItem\",\"position\":2,\"name\":\"Trgovina\",\"item\":\"https:\/\/www.salve.si\/trgovina\/\"},{\"@type\":\"ListItem\",\"position\":3,\"name\":\"BISERI DUHA\"}]},{\"@type\":\"WebSite\",\"@id\":\"https:\/\/www.salve.si\/#website\",\"url\":\"https:\/\/www.salve.si\/\",\"name\":\"Salve\",\"description\":\"Salezijanska zalo\u017eba\",\"publisher\":{\"@id\":\"https:\/\/www.salve.si\/#organization\"},\"potentialAction\":[{\"@type\":\"SearchAction\",\"target\":{\"@type\":\"EntryPoint\",\"urlTemplate\":\"https:\/\/www.salve.si\/?s={search_term_string}\"},\"query-input\":{\"@type\":\"PropertyValueSpecification\",\"valueRequired\":true,\"valueName\":\"search_term_string\"}}],\"inLanguage\":\"en-US\"},{\"@type\":\"Organization\",\"@id\":\"https:\/\/www.salve.si\/#organization\",\"name\":\"Salve d.o.o.\",\"url\":\"https:\/\/www.salve.si\/\",\"logo\":{\"@type\":\"ImageObject\",\"inLanguage\":\"en-US\",\"@id\":\"https:\/\/www.salve.si\/#\/schema\/logo\/image\/\",\"url\":\"https:\/\/www.salve.si\/wp-content\/uploads\/2021\/01\/Salve_logo_modri_nov_web.png\",\"contentUrl\":\"https:\/\/www.salve.si\/wp-content\/uploads\/2021\/01\/Salve_logo_modri_nov_web.png\",\"width\":279,\"height\":90,\"caption\":\"Salve d.o.o.\"},\"image\":{\"@id\":\"https:\/\/www.salve.si\/#\/schema\/logo\/image\/\"},\"sameAs\":[\"https:\/\/www.facebook.com\/salve.si\",\"https:\/\/www.instagram.com\/zalozbasalve\/\",\"https:\/\/www.linkedin.com\/company\/zalozba-salve\/\"]}]}<\/script>\n<!-- \/ Yoast SEO plugin. -->","yoast_head_json":{"title":"BISERI DUHA - Salve","robots":{"index":"index","follow":"follow","max-snippet":"max-snippet:-1","max-image-preview":"max-image-preview:large","max-video-preview":"max-video-preview:-1"},"canonical":"https:\/\/www.salve.si\/en\/trgovina\/knjige\/mladinske\/biseri-duha\/","og_locale":"en_US","og_type":"article","og_title":"BISERI DUHA - Salve","og_description":"Biseri duha so prava hrana, ki sicer ne nasiti, a nam poka\u017ee pot do duhovne hrane. Pot vodi preko na\u0161ega ustvarjanja, umetnosti, razmi\u0161ljanja in \u0161irjenja obzorij. Najbolj pa preko nasmejanega obraza, ki ga podarimo so\u010dloveku.","og_url":"https:\/\/www.salve.si\/en\/trgovina\/knjige\/mladinske\/biseri-duha\/","og_site_name":"Salve","article_publisher":"https:\/\/www.facebook.com\/salve.si","article_modified_time":"2025-12-31T23:00:09+00:00","og_image":[{"width":1106,"height":1683,"url":"https:\/\/www.salve.si\/wp-content\/uploads\/2023\/05\/Vodicar_Biseri-Duha_NASLOVNICA.jpg","type":"image\/jpeg"}],"twitter_card":"summary_large_image","twitter_misc":{"Est. reading time":"1 minute"},"schema":{"@context":"https:\/\/schema.org","@graph":[{"@type":"WebPage","@id":"https:\/\/www.salve.si\/trgovina\/knjige\/mladinske\/biseri-duha\/","url":"https:\/\/www.salve.si\/trgovina\/knjige\/mladinske\/biseri-duha\/","name":"BISERI DUHA - Salve","isPartOf":{"@id":"https:\/\/www.salve.si\/#website"},"primaryImageOfPage":{"@id":"https:\/\/www.salve.si\/trgovina\/knjige\/mladinske\/biseri-duha\/#primaryimage"},"image":{"@id":"https:\/\/www.salve.si\/trgovina\/knjige\/mladinske\/biseri-duha\/#primaryimage"},"thumbnailUrl":"https:\/\/www.salve.si\/wp-content\/uploads\/2023\/05\/Vodicar_Biseri-Duha_NASLOVNICA.jpg","datePublished":"2023-05-31T09:47:03+00:00","dateModified":"2025-12-31T23:00:09+00:00","breadcrumb":{"@id":"https:\/\/www.salve.si\/trgovina\/knjige\/mladinske\/biseri-duha\/#breadcrumb"},"inLanguage":"en-US","potentialAction":[{"@type":"ReadAction","target":["https:\/\/www.salve.si\/trgovina\/knjige\/mladinske\/biseri-duha\/"]}]},{"@type":"ImageObject","inLanguage":"en-US","@id":"https:\/\/www.salve.si\/trgovina\/knjige\/mladinske\/biseri-duha\/#primaryimage","url":"https:\/\/www.salve.si\/wp-content\/uploads\/2023\/05\/Vodicar_Biseri-Duha_NASLOVNICA.jpg","contentUrl":"https:\/\/www.salve.si\/wp-content\/uploads\/2023\/05\/Vodicar_Biseri-Duha_NASLOVNICA.jpg","width":1106,"height":1683},{"@type":"BreadcrumbList","@id":"https:\/\/www.salve.si\/trgovina\/knjige\/mladinske\/biseri-duha\/#breadcrumb","itemListElement":[{"@type":"ListItem","position":1,"name":"Home","item":"https:\/\/www.salve.si\/"},{"@type":"ListItem","position":2,"name":"Trgovina","item":"https:\/\/www.salve.si\/trgovina\/"},{"@type":"ListItem","position":3,"name":"BISERI DUHA"}]},{"@type":"WebSite","@id":"https:\/\/www.salve.si\/#website","url":"https:\/\/www.salve.si\/","name":"Salve","description":"Salezijanska zalo\u017eba","publisher":{"@id":"https:\/\/www.salve.si\/#organization"},"potentialAction":[{"@type":"SearchAction","target":{"@type":"EntryPoint","urlTemplate":"https:\/\/www.salve.si\/?s={search_term_string}"},"query-input":{"@type":"PropertyValueSpecification","valueRequired":true,"valueName":"search_term_string"}}],"inLanguage":"en-US"},{"@type":"Organization","@id":"https:\/\/www.salve.si\/#organization","name":"Salve d.o.o.","url":"https:\/\/www.salve.si\/","logo":{"@type":"ImageObject","inLanguage":"en-US","@id":"https:\/\/www.salve.si\/#\/schema\/logo\/image\/","url":"https:\/\/www.salve.si\/wp-content\/uploads\/2021\/01\/Salve_logo_modri_nov_web.png","contentUrl":"https:\/\/www.salve.si\/wp-content\/uploads\/2021\/01\/Salve_logo_modri_nov_web.png","width":279,"height":90,"caption":"Salve d.o.o."},"image":{"@id":"https:\/\/www.salve.si\/#\/schema\/logo\/image\/"},"sameAs":["https:\/\/www.facebook.com\/salve.si","https:\/\/www.instagram.com\/zalozbasalve\/","https:\/\/www.linkedin.com\/company\/zalozba-salve\/"]}]}},"_links":{"self":[{"href":"https:\/\/www.salve.si\/en\/wp-json\/wp\/v2\/product\/17310","targetHints":{"allow":["GET"]}}],"collection":[{"href":"https:\/\/www.salve.si\/en\/wp-json\/wp\/v2\/product"}],"about":[{"href":"https:\/\/www.salve.si\/en\/wp-json\/wp\/v2\/types\/product"}],"version-history":[{"count":2,"href":"https:\/\/www.salve.si\/en\/wp-json\/wp\/v2\/product\/17310\/revisions"}],"predecessor-version":[{"id":17315,"href":"https:\/\/www.salve.si\/en\/wp-json\/wp\/v2\/product\/17310\/revisions\/17315"}],"wp:featuredmedia":[{"embeddable":true,"href":"https:\/\/www.salve.si\/en\/wp-json\/wp\/v2\/media\/17311"}],"wp:attachment":[{"href":"https:\/\/www.salve.si\/en\/wp-json\/wp\/v2\/media?parent=17310"}],"wp:term":[{"taxonomy":"product_cat","embeddable":true,"href":"https:\/\/www.salve.si\/en\/wp-json\/wp\/v2\/product_cat?post=17310"},{"taxonomy":"product_tag","embeddable":true,"href":"https:\/\/www.salve.si\/en\/wp-json\/wp\/v2\/product_tag?post=17310"}],"curies":[{"name":"wp","href":"https:\/\/api.w.org\/{rel}","templated":true}]}}