{"id":17141,"date":"2023-04-04T10:49:42","date_gmt":"2023-04-04T08:49:42","guid":{"rendered":"https:\/\/www.salve.si\/?post_type=product&#038;p=17141"},"modified":"2023-04-20T10:40:39","modified_gmt":"2023-04-20T08:40:39","slug":"ob-mariji-poglejmo-v-sveto-pismo","status":"publish","type":"product","link":"https:\/\/www.salve.si\/en\/trgovina\/knjige\/smarnice\/ob-mariji-poglejmo-v-sveto-pismo\/","title":{"rendered":"OB MARIJI POGLEJMO V SVETO PISMO"},"content":{"rendered":"<p>Ne \u010dakaj pomladi, ne \u010dakaj na maj, pravi slovenska popevka \u2026<\/p>\n<p>\u010ce \u010dakamo ali ne, maj pride vsako leto. Z njim pa tudi \u010das za \u0160MARNICE \u2013 pobo\u017enost, kjer \u010dastimo nebe\u0161ko mamico Marijo!<\/p>\n<p>Leto\u0161nja tema \u0161marnic, ki jih je izdala zalo\u017eba Salve, je vzeta iz knjige vseh knjig \u2013 iz knjige, ki je primerna za vsako prilo\u017enost, le poiskati jo moramo nekje doma na polici \u2013 vzeti v roke in pustiti, da nam Gospod skoznjo spregovori \u2026<\/p>\n<p>Tokrat bomo Sveto pismo, ki bi ga radi pribli\u017eali mlaj\u0161im bralcem, odkrivali skupaj z nebe\u0161ko mamico Marijo \u2013 svetopisemske zgodbe na malo druga\u010den na\u010din, nam knji\u017ena junaka Adam in \u0160pela sku\u0161ata predstaviti v utripu dana\u0161njega dne \u2013<\/p>\n<p>Takole bo izgledalo trinajstega maja, ko bomo prisluhnili zgodbi o Samsonu in njegovi mo\u010di &#8211;<\/p>\n<p><em>Samson svoje skrivnosti najprej ni hotel zaupati niti svoji \u017eeni. Eh, bolje bi bilo, da je ne bi. Pa mu je toliko \u010dasa prigovarjali, da je kon\u010dno povedal. \u010ce bi me ostrigli, bi izgubil vso mo\u010d, ji je rekel.\u00a0 <\/em><\/p>\n<p><em>Otroci, bi vi obdr\u017eali skrivnost zase, ali bi tudi vas, tako kot Dalilo, premagala \u017eelja po bogastvu?<\/em><span class=\"slv-content-keywords\"> \u0160marnice Tadeja Roblek Knjige \u0160marnice Marija pobo\u017enost \u0161marnice sveto pismo \u0160MARNICE ZA OTROKE <\/span><\/p>","protected":false},"excerpt":{"rendered":"<p>Velikono\u010dni prazniki so za nami. Zakaj v mesecu maju, ko je dolg dan, ko \u017ee di\u0161i po poletju, ko so otroci za eno leto zrelej\u0161i od prej\u0161njega leta, ne bi skupaj slavili Marije in spoznavali, odkrivali in raziskovali Svetega pisma\u2026<\/p>\n<p>Ob Mariji poglejmo v Sveto pismo \u2013 enostavno, \u017eivljenjsko in vedno pride prav.<\/p>","protected":false},"featured_media":17143,"template":"","meta":{"_acf_changed":false,"footnotes":""},"product_cat":[141,642],"product_tag":[337,1106,967,1186],"class_list":{"0":"post-17141","1":"product","2":"type-product","3":"status-publish","4":"has-post-thumbnail","6":"zbirke-smarnice","7":"authors-tadeja-roblek","8":"publisher-salve-d-o-o-ljubljana","9":"product_cat-knjige","10":"product_cat-smarnice","11":"product_tag-marija","12":"product_tag-poboznost","13":"product_tag-smarnice","14":"product_tag-sveto-pismo","16":"first","17":"instock","18":"shipping-taxable","19":"purchasable","20":"product-type-simple"},"acf":[],"yoast_head":"<!-- This site is optimized with the Yoast SEO plugin v23.8 - https:\/\/yoast.com\/wordpress\/plugins\/seo\/ -->\n<title>OB MARIJI POGLEJMO V SVETO PISMO - Salve<\/title>\n<meta name=\"robots\" content=\"index, follow, max-snippet:-1, max-image-preview:large, max-video-preview:-1\" \/>\n<link rel=\"canonical\" href=\"https:\/\/www.salve.si\/en\/trgovina\/knjige\/smarnice\/ob-mariji-poglejmo-v-sveto-pismo\/\" \/>\n<meta property=\"og:locale\" content=\"en_US\" \/>\n<meta property=\"og:type\" content=\"article\" \/>\n<meta property=\"og:title\" content=\"OB MARIJI POGLEJMO V SVETO PISMO - Salve\" \/>\n<meta property=\"og:description\" content=\"Velikono\u010dni prazniki so za nami. Zakaj v mesecu maju, ko je dolg dan, ko \u017ee di\u0161i po poletju, ko so otroci za eno leto zrelej\u0161i od prej\u0161njega leta, ne bi skupaj slavili Marije in spoznavali, odkrivali in raziskovali Svetega pisma\u2026  Ob Mariji poglejmo v Sveto pismo \u2013 enostavno, \u017eivljenjsko in vedno pride prav.\" \/>\n<meta property=\"og:url\" content=\"https:\/\/www.salve.si\/en\/trgovina\/knjige\/smarnice\/ob-mariji-poglejmo-v-sveto-pismo\/\" \/>\n<meta property=\"og:site_name\" content=\"Salve\" \/>\n<meta property=\"article:publisher\" content=\"https:\/\/www.facebook.com\/salve.si\" \/>\n<meta property=\"article:modified_time\" content=\"2023-04-20T08:40:39+00:00\" \/>\n<meta property=\"og:image\" content=\"https:\/\/www.salve.si\/wp-content\/uploads\/2023\/04\/Smarnice2023_NASLOVNICA.jpg\" \/>\n\t<meta property=\"og:image:width\" content=\"936\" \/>\n\t<meta property=\"og:image:height\" content=\"1536\" \/>\n\t<meta property=\"og:image:type\" content=\"image\/jpeg\" \/>\n<meta name=\"twitter:card\" content=\"summary_large_image\" \/>\n<meta name=\"twitter:label1\" content=\"Est. reading time\" \/>\n\t<meta name=\"twitter:data1\" content=\"2 minutes\" \/>\n<script type=\"application\/ld+json\" class=\"yoast-schema-graph\">{\"@context\":\"https:\/\/schema.org\",\"@graph\":[{\"@type\":\"WebPage\",\"@id\":\"https:\/\/www.salve.si\/trgovina\/knjige\/smarnice\/ob-mariji-poglejmo-v-sveto-pismo\/\",\"url\":\"https:\/\/www.salve.si\/trgovina\/knjige\/smarnice\/ob-mariji-poglejmo-v-sveto-pismo\/\",\"name\":\"OB MARIJI POGLEJMO V SVETO PISMO - Salve\",\"isPartOf\":{\"@id\":\"https:\/\/www.salve.si\/#website\"},\"primaryImageOfPage\":{\"@id\":\"https:\/\/www.salve.si\/trgovina\/knjige\/smarnice\/ob-mariji-poglejmo-v-sveto-pismo\/#primaryimage\"},\"image\":{\"@id\":\"https:\/\/www.salve.si\/trgovina\/knjige\/smarnice\/ob-mariji-poglejmo-v-sveto-pismo\/#primaryimage\"},\"thumbnailUrl\":\"https:\/\/www.salve.si\/wp-content\/uploads\/2023\/04\/Smarnice2023_NASLOVNICA.jpg\",\"datePublished\":\"2023-04-04T08:49:42+00:00\",\"dateModified\":\"2023-04-20T08:40:39+00:00\",\"breadcrumb\":{\"@id\":\"https:\/\/www.salve.si\/trgovina\/knjige\/smarnice\/ob-mariji-poglejmo-v-sveto-pismo\/#breadcrumb\"},\"inLanguage\":\"en-US\",\"potentialAction\":[{\"@type\":\"ReadAction\",\"target\":[\"https:\/\/www.salve.si\/trgovina\/knjige\/smarnice\/ob-mariji-poglejmo-v-sveto-pismo\/\"]}]},{\"@type\":\"ImageObject\",\"inLanguage\":\"en-US\",\"@id\":\"https:\/\/www.salve.si\/trgovina\/knjige\/smarnice\/ob-mariji-poglejmo-v-sveto-pismo\/#primaryimage\",\"url\":\"https:\/\/www.salve.si\/wp-content\/uploads\/2023\/04\/Smarnice2023_NASLOVNICA.jpg\",\"contentUrl\":\"https:\/\/www.salve.si\/wp-content\/uploads\/2023\/04\/Smarnice2023_NASLOVNICA.jpg\",\"width\":936,\"height\":1536},{\"@type\":\"BreadcrumbList\",\"@id\":\"https:\/\/www.salve.si\/trgovina\/knjige\/smarnice\/ob-mariji-poglejmo-v-sveto-pismo\/#breadcrumb\",\"itemListElement\":[{\"@type\":\"ListItem\",\"position\":1,\"name\":\"Home\",\"item\":\"https:\/\/www.salve.si\/\"},{\"@type\":\"ListItem\",\"position\":2,\"name\":\"Trgovina\",\"item\":\"https:\/\/www.salve.si\/trgovina\/\"},{\"@type\":\"ListItem\",\"position\":3,\"name\":\"OB MARIJI POGLEJMO V SVETO PISMO\"}]},{\"@type\":\"WebSite\",\"@id\":\"https:\/\/www.salve.si\/#website\",\"url\":\"https:\/\/www.salve.si\/\",\"name\":\"Salve\",\"description\":\"Salezijanska zalo\u017eba\",\"publisher\":{\"@id\":\"https:\/\/www.salve.si\/#organization\"},\"potentialAction\":[{\"@type\":\"SearchAction\",\"target\":{\"@type\":\"EntryPoint\",\"urlTemplate\":\"https:\/\/www.salve.si\/?s={search_term_string}\"},\"query-input\":{\"@type\":\"PropertyValueSpecification\",\"valueRequired\":true,\"valueName\":\"search_term_string\"}}],\"inLanguage\":\"en-US\"},{\"@type\":\"Organization\",\"@id\":\"https:\/\/www.salve.si\/#organization\",\"name\":\"Salve d.o.o.\",\"url\":\"https:\/\/www.salve.si\/\",\"logo\":{\"@type\":\"ImageObject\",\"inLanguage\":\"en-US\",\"@id\":\"https:\/\/www.salve.si\/#\/schema\/logo\/image\/\",\"url\":\"https:\/\/www.salve.si\/wp-content\/uploads\/2021\/01\/Salve_logo_modri_nov_web.png\",\"contentUrl\":\"https:\/\/www.salve.si\/wp-content\/uploads\/2021\/01\/Salve_logo_modri_nov_web.png\",\"width\":279,\"height\":90,\"caption\":\"Salve d.o.o.\"},\"image\":{\"@id\":\"https:\/\/www.salve.si\/#\/schema\/logo\/image\/\"},\"sameAs\":[\"https:\/\/www.facebook.com\/salve.si\",\"https:\/\/www.instagram.com\/zalozbasalve\/\",\"https:\/\/www.linkedin.com\/company\/zalozba-salve\/\"]}]}<\/script>\n<!-- \/ Yoast SEO plugin. -->","yoast_head_json":{"title":"OB MARIJI POGLEJMO V SVETO PISMO - Salve","robots":{"index":"index","follow":"follow","max-snippet":"max-snippet:-1","max-image-preview":"max-image-preview:large","max-video-preview":"max-video-preview:-1"},"canonical":"https:\/\/www.salve.si\/en\/trgovina\/knjige\/smarnice\/ob-mariji-poglejmo-v-sveto-pismo\/","og_locale":"en_US","og_type":"article","og_title":"OB MARIJI POGLEJMO V SVETO PISMO - Salve","og_description":"Velikono\u010dni prazniki so za nami. Zakaj v mesecu maju, ko je dolg dan, ko \u017ee di\u0161i po poletju, ko so otroci za eno leto zrelej\u0161i od prej\u0161njega leta, ne bi skupaj slavili Marije in spoznavali, odkrivali in raziskovali Svetega pisma\u2026  Ob Mariji poglejmo v Sveto pismo \u2013 enostavno, \u017eivljenjsko in vedno pride prav.","og_url":"https:\/\/www.salve.si\/en\/trgovina\/knjige\/smarnice\/ob-mariji-poglejmo-v-sveto-pismo\/","og_site_name":"Salve","article_publisher":"https:\/\/www.facebook.com\/salve.si","article_modified_time":"2023-04-20T08:40:39+00:00","og_image":[{"width":936,"height":1536,"url":"https:\/\/www.salve.si\/wp-content\/uploads\/2023\/04\/Smarnice2023_NASLOVNICA.jpg","type":"image\/jpeg"}],"twitter_card":"summary_large_image","twitter_misc":{"Est. reading time":"2 minutes"},"schema":{"@context":"https:\/\/schema.org","@graph":[{"@type":"WebPage","@id":"https:\/\/www.salve.si\/trgovina\/knjige\/smarnice\/ob-mariji-poglejmo-v-sveto-pismo\/","url":"https:\/\/www.salve.si\/trgovina\/knjige\/smarnice\/ob-mariji-poglejmo-v-sveto-pismo\/","name":"OB MARIJI POGLEJMO V SVETO PISMO - Salve","isPartOf":{"@id":"https:\/\/www.salve.si\/#website"},"primaryImageOfPage":{"@id":"https:\/\/www.salve.si\/trgovina\/knjige\/smarnice\/ob-mariji-poglejmo-v-sveto-pismo\/#primaryimage"},"image":{"@id":"https:\/\/www.salve.si\/trgovina\/knjige\/smarnice\/ob-mariji-poglejmo-v-sveto-pismo\/#primaryimage"},"thumbnailUrl":"https:\/\/www.salve.si\/wp-content\/uploads\/2023\/04\/Smarnice2023_NASLOVNICA.jpg","datePublished":"2023-04-04T08:49:42+00:00","dateModified":"2023-04-20T08:40:39+00:00","breadcrumb":{"@id":"https:\/\/www.salve.si\/trgovina\/knjige\/smarnice\/ob-mariji-poglejmo-v-sveto-pismo\/#breadcrumb"},"inLanguage":"en-US","potentialAction":[{"@type":"ReadAction","target":["https:\/\/www.salve.si\/trgovina\/knjige\/smarnice\/ob-mariji-poglejmo-v-sveto-pismo\/"]}]},{"@type":"ImageObject","inLanguage":"en-US","@id":"https:\/\/www.salve.si\/trgovina\/knjige\/smarnice\/ob-mariji-poglejmo-v-sveto-pismo\/#primaryimage","url":"https:\/\/www.salve.si\/wp-content\/uploads\/2023\/04\/Smarnice2023_NASLOVNICA.jpg","contentUrl":"https:\/\/www.salve.si\/wp-content\/uploads\/2023\/04\/Smarnice2023_NASLOVNICA.jpg","width":936,"height":1536},{"@type":"BreadcrumbList","@id":"https:\/\/www.salve.si\/trgovina\/knjige\/smarnice\/ob-mariji-poglejmo-v-sveto-pismo\/#breadcrumb","itemListElement":[{"@type":"ListItem","position":1,"name":"Home","item":"https:\/\/www.salve.si\/"},{"@type":"ListItem","position":2,"name":"Trgovina","item":"https:\/\/www.salve.si\/trgovina\/"},{"@type":"ListItem","position":3,"name":"OB MARIJI POGLEJMO V SVETO PISMO"}]},{"@type":"WebSite","@id":"https:\/\/www.salve.si\/#website","url":"https:\/\/www.salve.si\/","name":"Salve","description":"Salezijanska zalo\u017eba","publisher":{"@id":"https:\/\/www.salve.si\/#organization"},"potentialAction":[{"@type":"SearchAction","target":{"@type":"EntryPoint","urlTemplate":"https:\/\/www.salve.si\/?s={search_term_string}"},"query-input":{"@type":"PropertyValueSpecification","valueRequired":true,"valueName":"search_term_string"}}],"inLanguage":"en-US"},{"@type":"Organization","@id":"https:\/\/www.salve.si\/#organization","name":"Salve d.o.o.","url":"https:\/\/www.salve.si\/","logo":{"@type":"ImageObject","inLanguage":"en-US","@id":"https:\/\/www.salve.si\/#\/schema\/logo\/image\/","url":"https:\/\/www.salve.si\/wp-content\/uploads\/2021\/01\/Salve_logo_modri_nov_web.png","contentUrl":"https:\/\/www.salve.si\/wp-content\/uploads\/2021\/01\/Salve_logo_modri_nov_web.png","width":279,"height":90,"caption":"Salve d.o.o."},"image":{"@id":"https:\/\/www.salve.si\/#\/schema\/logo\/image\/"},"sameAs":["https:\/\/www.facebook.com\/salve.si","https:\/\/www.instagram.com\/zalozbasalve\/","https:\/\/www.linkedin.com\/company\/zalozba-salve\/"]}]}},"_links":{"self":[{"href":"https:\/\/www.salve.si\/en\/wp-json\/wp\/v2\/product\/17141","targetHints":{"allow":["GET"]}}],"collection":[{"href":"https:\/\/www.salve.si\/en\/wp-json\/wp\/v2\/product"}],"about":[{"href":"https:\/\/www.salve.si\/en\/wp-json\/wp\/v2\/types\/product"}],"version-history":[{"count":11,"href":"https:\/\/www.salve.si\/en\/wp-json\/wp\/v2\/product\/17141\/revisions"}],"predecessor-version":[{"id":17212,"href":"https:\/\/www.salve.si\/en\/wp-json\/wp\/v2\/product\/17141\/revisions\/17212"}],"wp:featuredmedia":[{"embeddable":true,"href":"https:\/\/www.salve.si\/en\/wp-json\/wp\/v2\/media\/17143"}],"wp:attachment":[{"href":"https:\/\/www.salve.si\/en\/wp-json\/wp\/v2\/media?parent=17141"}],"wp:term":[{"taxonomy":"product_cat","embeddable":true,"href":"https:\/\/www.salve.si\/en\/wp-json\/wp\/v2\/product_cat?post=17141"},{"taxonomy":"product_tag","embeddable":true,"href":"https:\/\/www.salve.si\/en\/wp-json\/wp\/v2\/product_tag?post=17141"}],"curies":[{"name":"wp","href":"https:\/\/api.w.org\/{rel}","templated":true}]}}