{"id":16974,"date":"2023-03-02T09:35:07","date_gmt":"2023-03-02T08:35:07","guid":{"rendered":"https:\/\/www.salve.si\/?post_type=product&#038;p=16974"},"modified":"2026-01-01T00:00:07","modified_gmt":"2025-12-31T23:00:07","slug":"filozofija01","status":"publish","type":"product","link":"https:\/\/www.salve.si\/en\/trgovina\/knjige\/mladinske\/filozofija01\/","title":{"rendered":"MORIL\u010cEVI PLI\u0160ASTI MEDVEDKI"},"content":{"rendered":"<p>Reni Descartes, Fredi Nietzsche, Konfucij, David Hume, Karli Marx in Sokrat mlaj\u0161i so skupina 10 do 12-letnih otrok, ki jim je skupno, da so sirote in veliki misleci. Kljub svoji mladosti imajo filozofski pogled na \u017eivljenje. So otroci, obdarjeni z izjemno radovednostjo in se spra\u0161ujejo o vsem ter i\u0161\u010dejo odgovore, ki so pogosto nova vpra\u0161anja.<\/p>\n<p>Skupino vodi Zofija Hipatija. 16-letno dekle je zelo inteligentno. Sama se je domislila, da ustanovi agencijo na podlagi filozofskih misli. Predana je re\u0161evanju ugank. Nekaj \u200b\u200bprimerov je \u017ee re\u0161ila, zaslu\u017eeni denar pa porabila za pla\u010dilo najemnine hi\u0161e, v kateri \u017eivi z drugimi sirotami.<\/p>\n<p>Sirote, ki \u017eivijo v Akademiji, uporabljajo inovativen na\u010din razmi\u0161ljanja, ki temelji na filozofiji, da najdejo nove namige, ki jim omogo\u010dajo najti najbolj iskane zlo\u010dince.<\/p>\n<p><span class=\"slv-content-keywords\"> Filo&amp;Zofija Cuca Canals Knjige Mladinska literatura Mladinske <\/span><\/p>","protected":false},"excerpt":{"rendered":"<p>Detektivska agencija Filo&amp;Zofija se v sodelovanju s policijo Barvilla soo\u010di s prvim primerom: odkritjem neusmiljenega morilca, ki je ubil \u017ee \u0161tiri otroke. Poleg \u017ertev vedno pusti \u017eival \u2013 pli\u0161astega medvedka.<\/p>","protected":false},"featured_media":16992,"template":"","meta":{"_acf_changed":false,"footnotes":""},"product_cat":[1166,141,266],"product_tag":[],"class_list":{"0":"post-16974","1":"product","2":"type-product","3":"status-publish","4":"has-post-thumbnail","6":"zbirke-filozofija","7":"authors-cuca-canals","8":"publisher-salve-d-o-o-ljubljana","9":"product_cat-mladinska-literatura","10":"product_cat-knjige","11":"product_cat-mladinske","13":"first","14":"instock","15":"shipping-taxable","16":"purchasable","17":"product-type-simple"},"acf":[],"yoast_head":"<!-- This site is optimized with the Yoast SEO plugin v23.8 - https:\/\/yoast.com\/wordpress\/plugins\/seo\/ -->\n<title>MORIL\u010cEVI PLI\u0160ASTI MEDVEDKI - Salve<\/title>\n<meta name=\"robots\" content=\"index, follow, max-snippet:-1, max-image-preview:large, max-video-preview:-1\" \/>\n<link rel=\"canonical\" href=\"https:\/\/www.salve.si\/en\/trgovina\/knjige\/mladinske\/filozofija01\/\" \/>\n<meta property=\"og:locale\" content=\"en_US\" \/>\n<meta property=\"og:type\" content=\"article\" \/>\n<meta property=\"og:title\" content=\"MORIL\u010cEVI PLI\u0160ASTI MEDVEDKI - Salve\" \/>\n<meta property=\"og:description\" content=\"Detektivska agencija Filo&amp;Zofija se v sodelovanju s policijo Barvilla soo\u010di s prvim primerom: odkritjem neusmiljenega morilca, ki je ubil \u017ee \u0161tiri otroke. Poleg \u017ertev vedno pusti \u017eival \u2013 pli\u0161astega medvedka.\" \/>\n<meta property=\"og:url\" content=\"https:\/\/www.salve.si\/en\/trgovina\/knjige\/mladinske\/filozofija01\/\" \/>\n<meta property=\"og:site_name\" content=\"Salve\" \/>\n<meta property=\"article:publisher\" content=\"https:\/\/www.facebook.com\/salve.si\" \/>\n<meta property=\"article:modified_time\" content=\"2025-12-31T23:00:07+00:00\" \/>\n<meta property=\"og:image\" content=\"https:\/\/www.salve.si\/wp-content\/uploads\/2023\/03\/FiloZofija01_NASLOVNICA-1.jpg\" \/>\n\t<meta property=\"og:image:width\" content=\"1027\" \/>\n\t<meta property=\"og:image:height\" content=\"1615\" \/>\n\t<meta property=\"og:image:type\" content=\"image\/jpeg\" \/>\n<meta name=\"twitter:card\" content=\"summary_large_image\" \/>\n<meta name=\"twitter:label1\" content=\"Est. reading time\" \/>\n\t<meta name=\"twitter:data1\" content=\"1 minute\" \/>\n<script type=\"application\/ld+json\" class=\"yoast-schema-graph\">{\"@context\":\"https:\/\/schema.org\",\"@graph\":[{\"@type\":\"WebPage\",\"@id\":\"https:\/\/www.salve.si\/trgovina\/knjige\/mladinske\/filozofija01\/\",\"url\":\"https:\/\/www.salve.si\/trgovina\/knjige\/mladinske\/filozofija01\/\",\"name\":\"MORIL\u010cEVI PLI\u0160ASTI MEDVEDKI - Salve\",\"isPartOf\":{\"@id\":\"https:\/\/www.salve.si\/#website\"},\"primaryImageOfPage\":{\"@id\":\"https:\/\/www.salve.si\/trgovina\/knjige\/mladinske\/filozofija01\/#primaryimage\"},\"image\":{\"@id\":\"https:\/\/www.salve.si\/trgovina\/knjige\/mladinske\/filozofija01\/#primaryimage\"},\"thumbnailUrl\":\"https:\/\/www.salve.si\/wp-content\/uploads\/2023\/03\/FiloZofija01_NASLOVNICA-1.jpg\",\"datePublished\":\"2023-03-02T08:35:07+00:00\",\"dateModified\":\"2025-12-31T23:00:07+00:00\",\"breadcrumb\":{\"@id\":\"https:\/\/www.salve.si\/trgovina\/knjige\/mladinske\/filozofija01\/#breadcrumb\"},\"inLanguage\":\"en-US\",\"potentialAction\":[{\"@type\":\"ReadAction\",\"target\":[\"https:\/\/www.salve.si\/trgovina\/knjige\/mladinske\/filozofija01\/\"]}]},{\"@type\":\"ImageObject\",\"inLanguage\":\"en-US\",\"@id\":\"https:\/\/www.salve.si\/trgovina\/knjige\/mladinske\/filozofija01\/#primaryimage\",\"url\":\"https:\/\/www.salve.si\/wp-content\/uploads\/2023\/03\/FiloZofija01_NASLOVNICA-1.jpg\",\"contentUrl\":\"https:\/\/www.salve.si\/wp-content\/uploads\/2023\/03\/FiloZofija01_NASLOVNICA-1.jpg\",\"width\":1027,\"height\":1615},{\"@type\":\"BreadcrumbList\",\"@id\":\"https:\/\/www.salve.si\/trgovina\/knjige\/mladinske\/filozofija01\/#breadcrumb\",\"itemListElement\":[{\"@type\":\"ListItem\",\"position\":1,\"name\":\"Home\",\"item\":\"https:\/\/www.salve.si\/\"},{\"@type\":\"ListItem\",\"position\":2,\"name\":\"Trgovina\",\"item\":\"https:\/\/www.salve.si\/trgovina\/\"},{\"@type\":\"ListItem\",\"position\":3,\"name\":\"MORIL\u010cEVI PLI\u0160ASTI MEDVEDKI\"}]},{\"@type\":\"WebSite\",\"@id\":\"https:\/\/www.salve.si\/#website\",\"url\":\"https:\/\/www.salve.si\/\",\"name\":\"Salve\",\"description\":\"Salezijanska zalo\u017eba\",\"publisher\":{\"@id\":\"https:\/\/www.salve.si\/#organization\"},\"potentialAction\":[{\"@type\":\"SearchAction\",\"target\":{\"@type\":\"EntryPoint\",\"urlTemplate\":\"https:\/\/www.salve.si\/?s={search_term_string}\"},\"query-input\":{\"@type\":\"PropertyValueSpecification\",\"valueRequired\":true,\"valueName\":\"search_term_string\"}}],\"inLanguage\":\"en-US\"},{\"@type\":\"Organization\",\"@id\":\"https:\/\/www.salve.si\/#organization\",\"name\":\"Salve d.o.o.\",\"url\":\"https:\/\/www.salve.si\/\",\"logo\":{\"@type\":\"ImageObject\",\"inLanguage\":\"en-US\",\"@id\":\"https:\/\/www.salve.si\/#\/schema\/logo\/image\/\",\"url\":\"https:\/\/www.salve.si\/wp-content\/uploads\/2021\/01\/Salve_logo_modri_nov_web.png\",\"contentUrl\":\"https:\/\/www.salve.si\/wp-content\/uploads\/2021\/01\/Salve_logo_modri_nov_web.png\",\"width\":279,\"height\":90,\"caption\":\"Salve d.o.o.\"},\"image\":{\"@id\":\"https:\/\/www.salve.si\/#\/schema\/logo\/image\/\"},\"sameAs\":[\"https:\/\/www.facebook.com\/salve.si\",\"https:\/\/www.instagram.com\/zalozbasalve\/\",\"https:\/\/www.linkedin.com\/company\/zalozba-salve\/\"]}]}<\/script>\n<!-- \/ Yoast SEO plugin. -->","yoast_head_json":{"title":"MORIL\u010cEVI PLI\u0160ASTI MEDVEDKI - Salve","robots":{"index":"index","follow":"follow","max-snippet":"max-snippet:-1","max-image-preview":"max-image-preview:large","max-video-preview":"max-video-preview:-1"},"canonical":"https:\/\/www.salve.si\/en\/trgovina\/knjige\/mladinske\/filozofija01\/","og_locale":"en_US","og_type":"article","og_title":"MORIL\u010cEVI PLI\u0160ASTI MEDVEDKI - Salve","og_description":"Detektivska agencija Filo&amp;Zofija se v sodelovanju s policijo Barvilla soo\u010di s prvim primerom: odkritjem neusmiljenega morilca, ki je ubil \u017ee \u0161tiri otroke. Poleg \u017ertev vedno pusti \u017eival \u2013 pli\u0161astega medvedka.","og_url":"https:\/\/www.salve.si\/en\/trgovina\/knjige\/mladinske\/filozofija01\/","og_site_name":"Salve","article_publisher":"https:\/\/www.facebook.com\/salve.si","article_modified_time":"2025-12-31T23:00:07+00:00","og_image":[{"width":1027,"height":1615,"url":"https:\/\/www.salve.si\/wp-content\/uploads\/2023\/03\/FiloZofija01_NASLOVNICA-1.jpg","type":"image\/jpeg"}],"twitter_card":"summary_large_image","twitter_misc":{"Est. reading time":"1 minute"},"schema":{"@context":"https:\/\/schema.org","@graph":[{"@type":"WebPage","@id":"https:\/\/www.salve.si\/trgovina\/knjige\/mladinske\/filozofija01\/","url":"https:\/\/www.salve.si\/trgovina\/knjige\/mladinske\/filozofija01\/","name":"MORIL\u010cEVI PLI\u0160ASTI MEDVEDKI - Salve","isPartOf":{"@id":"https:\/\/www.salve.si\/#website"},"primaryImageOfPage":{"@id":"https:\/\/www.salve.si\/trgovina\/knjige\/mladinske\/filozofija01\/#primaryimage"},"image":{"@id":"https:\/\/www.salve.si\/trgovina\/knjige\/mladinske\/filozofija01\/#primaryimage"},"thumbnailUrl":"https:\/\/www.salve.si\/wp-content\/uploads\/2023\/03\/FiloZofija01_NASLOVNICA-1.jpg","datePublished":"2023-03-02T08:35:07+00:00","dateModified":"2025-12-31T23:00:07+00:00","breadcrumb":{"@id":"https:\/\/www.salve.si\/trgovina\/knjige\/mladinske\/filozofija01\/#breadcrumb"},"inLanguage":"en-US","potentialAction":[{"@type":"ReadAction","target":["https:\/\/www.salve.si\/trgovina\/knjige\/mladinske\/filozofija01\/"]}]},{"@type":"ImageObject","inLanguage":"en-US","@id":"https:\/\/www.salve.si\/trgovina\/knjige\/mladinske\/filozofija01\/#primaryimage","url":"https:\/\/www.salve.si\/wp-content\/uploads\/2023\/03\/FiloZofija01_NASLOVNICA-1.jpg","contentUrl":"https:\/\/www.salve.si\/wp-content\/uploads\/2023\/03\/FiloZofija01_NASLOVNICA-1.jpg","width":1027,"height":1615},{"@type":"BreadcrumbList","@id":"https:\/\/www.salve.si\/trgovina\/knjige\/mladinske\/filozofija01\/#breadcrumb","itemListElement":[{"@type":"ListItem","position":1,"name":"Home","item":"https:\/\/www.salve.si\/"},{"@type":"ListItem","position":2,"name":"Trgovina","item":"https:\/\/www.salve.si\/trgovina\/"},{"@type":"ListItem","position":3,"name":"MORIL\u010cEVI PLI\u0160ASTI MEDVEDKI"}]},{"@type":"WebSite","@id":"https:\/\/www.salve.si\/#website","url":"https:\/\/www.salve.si\/","name":"Salve","description":"Salezijanska zalo\u017eba","publisher":{"@id":"https:\/\/www.salve.si\/#organization"},"potentialAction":[{"@type":"SearchAction","target":{"@type":"EntryPoint","urlTemplate":"https:\/\/www.salve.si\/?s={search_term_string}"},"query-input":{"@type":"PropertyValueSpecification","valueRequired":true,"valueName":"search_term_string"}}],"inLanguage":"en-US"},{"@type":"Organization","@id":"https:\/\/www.salve.si\/#organization","name":"Salve d.o.o.","url":"https:\/\/www.salve.si\/","logo":{"@type":"ImageObject","inLanguage":"en-US","@id":"https:\/\/www.salve.si\/#\/schema\/logo\/image\/","url":"https:\/\/www.salve.si\/wp-content\/uploads\/2021\/01\/Salve_logo_modri_nov_web.png","contentUrl":"https:\/\/www.salve.si\/wp-content\/uploads\/2021\/01\/Salve_logo_modri_nov_web.png","width":279,"height":90,"caption":"Salve d.o.o."},"image":{"@id":"https:\/\/www.salve.si\/#\/schema\/logo\/image\/"},"sameAs":["https:\/\/www.facebook.com\/salve.si","https:\/\/www.instagram.com\/zalozbasalve\/","https:\/\/www.linkedin.com\/company\/zalozba-salve\/"]}]}},"_links":{"self":[{"href":"https:\/\/www.salve.si\/en\/wp-json\/wp\/v2\/product\/16974","targetHints":{"allow":["GET"]}}],"collection":[{"href":"https:\/\/www.salve.si\/en\/wp-json\/wp\/v2\/product"}],"about":[{"href":"https:\/\/www.salve.si\/en\/wp-json\/wp\/v2\/types\/product"}],"version-history":[{"count":3,"href":"https:\/\/www.salve.si\/en\/wp-json\/wp\/v2\/product\/16974\/revisions"}],"predecessor-version":[{"id":16990,"href":"https:\/\/www.salve.si\/en\/wp-json\/wp\/v2\/product\/16974\/revisions\/16990"}],"wp:featuredmedia":[{"embeddable":true,"href":"https:\/\/www.salve.si\/en\/wp-json\/wp\/v2\/media\/16992"}],"wp:attachment":[{"href":"https:\/\/www.salve.si\/en\/wp-json\/wp\/v2\/media?parent=16974"}],"wp:term":[{"taxonomy":"product_cat","embeddable":true,"href":"https:\/\/www.salve.si\/en\/wp-json\/wp\/v2\/product_cat?post=16974"},{"taxonomy":"product_tag","embeddable":true,"href":"https:\/\/www.salve.si\/en\/wp-json\/wp\/v2\/product_tag?post=16974"}],"curies":[{"name":"wp","href":"https:\/\/api.w.org\/{rel}","templated":true}]}}