{"id":16963,"date":"2023-03-02T08:53:38","date_gmt":"2023-03-02T07:53:38","guid":{"rendered":"https:\/\/www.salve.si\/?post_type=product&#038;p=16963"},"modified":"2024-01-01T23:00:36","modified_gmt":"2024-01-01T22:00:36","slug":"love-com","status":"publish","type":"product","link":"https:\/\/www.salve.si\/en\/trgovina\/knjige\/mladinske\/love-com\/","title":{"rendered":"BRIAN MCNEILL: LOVE.COM"},"content":{"rendered":"<p>Aill je ime majhnega irskega mesteca, v katerem \u017eivijo nekoliko nenavadni prebivalci. Brian Mcneill je tipi\u010den predstavnik va\u0161\u010danov. Star je dvanajst let in ima oran\u017ene lase, ostri\u017eene na gobico in Aspergerjev sindrom. Aspergerjev sindrom je razvojna motnja, ki sodi v skupino motenj avtisti\u010dnega spektra. Vsega skupaj v vasi Aill \u017eivi petdeset prebivalcev. Deluje kot vasica, v kateri se nikoli ne zgodi ni\u010d nenavadnega.<\/p>\n<p>Pa vendar: Brian Mcneill med jutranjim sprehodom po pla\u017ei \u017ee drugi\u010d naleti na truplo in mora skupaj s policistom Connollyjem in psom Anonimnim ponovno raziskati primer. Prav vse sledi ka\u017eejo na spletno stran z imenom LOVE.COM.<\/p>\n<p><span class=\"slv-content-keywords\"> Brian Mcneill Beatriz Oses Pustolov\u0161\u010dina Mladinske Otro\u0161ke Brian Mcneill Monica Armino <\/span><\/p>","protected":false},"excerpt":{"rendered":"<p><strong>V tej pustolov\u0161\u010dini iz sveta sodobnih tehnologij se skrivata obilica humorja in cel kup zapletov!<\/strong><\/p>\n<p>Briana Mcneilla ste lahko spoznali \u017ee v prvi knjigi z naslovom Plasticus, ki je prav tako iz\u0161la pri<br \/>\nzalo\u017ebi Salve. Kmalu sledi nova dogodiv\u0161\u010dina Briana Mcneilla!<\/p>","protected":false},"featured_media":16965,"template":"","meta":{"_acf_changed":false,"footnotes":""},"product_cat":[1181,266,310],"product_tag":[1182],"class_list":{"0":"post-16963","1":"product","2":"type-product","3":"status-publish","4":"has-post-thumbnail","6":"zbirke-brian-mcneill","7":"authors-beatriz-oses","8":"publisher-salve-d-o-o-ljubljana","9":"product_cat-pustolovscina","10":"product_cat-mladinske","11":"product_cat-otroske","12":"product_tag-brian-mcneill","14":"first","15":"instock","16":"shipping-taxable","17":"purchasable","18":"product-type-simple"},"acf":[],"yoast_head":"<!-- This site is optimized with the Yoast SEO plugin v23.8 - https:\/\/yoast.com\/wordpress\/plugins\/seo\/ -->\n<title>BRIAN MCNEILL: LOVE.COM - Salve<\/title>\n<meta name=\"robots\" content=\"index, follow, max-snippet:-1, max-image-preview:large, max-video-preview:-1\" \/>\n<link rel=\"canonical\" href=\"https:\/\/www.salve.si\/en\/trgovina\/knjige\/mladinske\/love-com\/\" \/>\n<meta property=\"og:locale\" content=\"en_US\" \/>\n<meta property=\"og:type\" content=\"article\" \/>\n<meta property=\"og:title\" content=\"BRIAN MCNEILL: LOVE.COM - Salve\" \/>\n<meta property=\"og:description\" content=\"V tej pustolov\u0161\u010dini iz sveta sodobnih tehnologij se skrivata obilica humorja in cel kup zapletov!  Briana Mcneilla ste lahko spoznali \u017ee v prvi knjigi z naslovom Plasticus, ki je prav tako iz\u0161la pri zalo\u017ebi Salve. Kmalu sledi nova dogodiv\u0161\u010dina Briana Mcneilla!\" \/>\n<meta property=\"og:url\" content=\"https:\/\/www.salve.si\/en\/trgovina\/knjige\/mladinske\/love-com\/\" \/>\n<meta property=\"og:site_name\" content=\"Salve\" \/>\n<meta property=\"article:publisher\" content=\"https:\/\/www.facebook.com\/salve.si\" \/>\n<meta property=\"article:modified_time\" content=\"2024-01-01T22:00:36+00:00\" \/>\n<meta property=\"og:image\" content=\"https:\/\/www.salve.si\/wp-content\/uploads\/2023\/03\/Brian-Mcneill-Love.com_naslovnica.jpg\" \/>\n\t<meta property=\"og:image:width\" content=\"1035\" \/>\n\t<meta property=\"og:image:height\" content=\"1536\" \/>\n\t<meta property=\"og:image:type\" content=\"image\/jpeg\" \/>\n<meta name=\"twitter:card\" content=\"summary_large_image\" \/>\n<meta name=\"twitter:label1\" content=\"Est. reading time\" \/>\n\t<meta name=\"twitter:data1\" content=\"1 minute\" \/>\n<script type=\"application\/ld+json\" class=\"yoast-schema-graph\">{\"@context\":\"https:\/\/schema.org\",\"@graph\":[{\"@type\":\"WebPage\",\"@id\":\"https:\/\/www.salve.si\/trgovina\/knjige\/mladinske\/love-com\/\",\"url\":\"https:\/\/www.salve.si\/trgovina\/knjige\/mladinske\/love-com\/\",\"name\":\"BRIAN MCNEILL: LOVE.COM - Salve\",\"isPartOf\":{\"@id\":\"https:\/\/www.salve.si\/#website\"},\"primaryImageOfPage\":{\"@id\":\"https:\/\/www.salve.si\/trgovina\/knjige\/mladinske\/love-com\/#primaryimage\"},\"image\":{\"@id\":\"https:\/\/www.salve.si\/trgovina\/knjige\/mladinske\/love-com\/#primaryimage\"},\"thumbnailUrl\":\"https:\/\/www.salve.si\/wp-content\/uploads\/2023\/03\/Brian-Mcneill-Love.com_naslovnica.jpg\",\"datePublished\":\"2023-03-02T07:53:38+00:00\",\"dateModified\":\"2024-01-01T22:00:36+00:00\",\"breadcrumb\":{\"@id\":\"https:\/\/www.salve.si\/trgovina\/knjige\/mladinske\/love-com\/#breadcrumb\"},\"inLanguage\":\"en-US\",\"potentialAction\":[{\"@type\":\"ReadAction\",\"target\":[\"https:\/\/www.salve.si\/trgovina\/knjige\/mladinske\/love-com\/\"]}]},{\"@type\":\"ImageObject\",\"inLanguage\":\"en-US\",\"@id\":\"https:\/\/www.salve.si\/trgovina\/knjige\/mladinske\/love-com\/#primaryimage\",\"url\":\"https:\/\/www.salve.si\/wp-content\/uploads\/2023\/03\/Brian-Mcneill-Love.com_naslovnica.jpg\",\"contentUrl\":\"https:\/\/www.salve.si\/wp-content\/uploads\/2023\/03\/Brian-Mcneill-Love.com_naslovnica.jpg\",\"width\":1035,\"height\":1536},{\"@type\":\"BreadcrumbList\",\"@id\":\"https:\/\/www.salve.si\/trgovina\/knjige\/mladinske\/love-com\/#breadcrumb\",\"itemListElement\":[{\"@type\":\"ListItem\",\"position\":1,\"name\":\"Home\",\"item\":\"https:\/\/www.salve.si\/\"},{\"@type\":\"ListItem\",\"position\":2,\"name\":\"Trgovina\",\"item\":\"https:\/\/www.salve.si\/trgovina\/\"},{\"@type\":\"ListItem\",\"position\":3,\"name\":\"BRIAN MCNEILL: LOVE.COM\"}]},{\"@type\":\"WebSite\",\"@id\":\"https:\/\/www.salve.si\/#website\",\"url\":\"https:\/\/www.salve.si\/\",\"name\":\"Salve\",\"description\":\"Salezijanska zalo\u017eba\",\"publisher\":{\"@id\":\"https:\/\/www.salve.si\/#organization\"},\"potentialAction\":[{\"@type\":\"SearchAction\",\"target\":{\"@type\":\"EntryPoint\",\"urlTemplate\":\"https:\/\/www.salve.si\/?s={search_term_string}\"},\"query-input\":{\"@type\":\"PropertyValueSpecification\",\"valueRequired\":true,\"valueName\":\"search_term_string\"}}],\"inLanguage\":\"en-US\"},{\"@type\":\"Organization\",\"@id\":\"https:\/\/www.salve.si\/#organization\",\"name\":\"Salve d.o.o.\",\"url\":\"https:\/\/www.salve.si\/\",\"logo\":{\"@type\":\"ImageObject\",\"inLanguage\":\"en-US\",\"@id\":\"https:\/\/www.salve.si\/#\/schema\/logo\/image\/\",\"url\":\"https:\/\/www.salve.si\/wp-content\/uploads\/2021\/01\/Salve_logo_modri_nov_web.png\",\"contentUrl\":\"https:\/\/www.salve.si\/wp-content\/uploads\/2021\/01\/Salve_logo_modri_nov_web.png\",\"width\":279,\"height\":90,\"caption\":\"Salve d.o.o.\"},\"image\":{\"@id\":\"https:\/\/www.salve.si\/#\/schema\/logo\/image\/\"},\"sameAs\":[\"https:\/\/www.facebook.com\/salve.si\",\"https:\/\/www.instagram.com\/zalozbasalve\/\",\"https:\/\/www.linkedin.com\/company\/zalozba-salve\/\"]}]}<\/script>\n<!-- \/ Yoast SEO plugin. -->","yoast_head_json":{"title":"BRIAN MCNEILL: LOVE.COM - Salve","robots":{"index":"index","follow":"follow","max-snippet":"max-snippet:-1","max-image-preview":"max-image-preview:large","max-video-preview":"max-video-preview:-1"},"canonical":"https:\/\/www.salve.si\/en\/trgovina\/knjige\/mladinske\/love-com\/","og_locale":"en_US","og_type":"article","og_title":"BRIAN MCNEILL: LOVE.COM - Salve","og_description":"V tej pustolov\u0161\u010dini iz sveta sodobnih tehnologij se skrivata obilica humorja in cel kup zapletov!  Briana Mcneilla ste lahko spoznali \u017ee v prvi knjigi z naslovom Plasticus, ki je prav tako iz\u0161la pri zalo\u017ebi Salve. Kmalu sledi nova dogodiv\u0161\u010dina Briana Mcneilla!","og_url":"https:\/\/www.salve.si\/en\/trgovina\/knjige\/mladinske\/love-com\/","og_site_name":"Salve","article_publisher":"https:\/\/www.facebook.com\/salve.si","article_modified_time":"2024-01-01T22:00:36+00:00","og_image":[{"width":1035,"height":1536,"url":"https:\/\/www.salve.si\/wp-content\/uploads\/2023\/03\/Brian-Mcneill-Love.com_naslovnica.jpg","type":"image\/jpeg"}],"twitter_card":"summary_large_image","twitter_misc":{"Est. reading time":"1 minute"},"schema":{"@context":"https:\/\/schema.org","@graph":[{"@type":"WebPage","@id":"https:\/\/www.salve.si\/trgovina\/knjige\/mladinske\/love-com\/","url":"https:\/\/www.salve.si\/trgovina\/knjige\/mladinske\/love-com\/","name":"BRIAN MCNEILL: LOVE.COM - Salve","isPartOf":{"@id":"https:\/\/www.salve.si\/#website"},"primaryImageOfPage":{"@id":"https:\/\/www.salve.si\/trgovina\/knjige\/mladinske\/love-com\/#primaryimage"},"image":{"@id":"https:\/\/www.salve.si\/trgovina\/knjige\/mladinske\/love-com\/#primaryimage"},"thumbnailUrl":"https:\/\/www.salve.si\/wp-content\/uploads\/2023\/03\/Brian-Mcneill-Love.com_naslovnica.jpg","datePublished":"2023-03-02T07:53:38+00:00","dateModified":"2024-01-01T22:00:36+00:00","breadcrumb":{"@id":"https:\/\/www.salve.si\/trgovina\/knjige\/mladinske\/love-com\/#breadcrumb"},"inLanguage":"en-US","potentialAction":[{"@type":"ReadAction","target":["https:\/\/www.salve.si\/trgovina\/knjige\/mladinske\/love-com\/"]}]},{"@type":"ImageObject","inLanguage":"en-US","@id":"https:\/\/www.salve.si\/trgovina\/knjige\/mladinske\/love-com\/#primaryimage","url":"https:\/\/www.salve.si\/wp-content\/uploads\/2023\/03\/Brian-Mcneill-Love.com_naslovnica.jpg","contentUrl":"https:\/\/www.salve.si\/wp-content\/uploads\/2023\/03\/Brian-Mcneill-Love.com_naslovnica.jpg","width":1035,"height":1536},{"@type":"BreadcrumbList","@id":"https:\/\/www.salve.si\/trgovina\/knjige\/mladinske\/love-com\/#breadcrumb","itemListElement":[{"@type":"ListItem","position":1,"name":"Home","item":"https:\/\/www.salve.si\/"},{"@type":"ListItem","position":2,"name":"Trgovina","item":"https:\/\/www.salve.si\/trgovina\/"},{"@type":"ListItem","position":3,"name":"BRIAN MCNEILL: LOVE.COM"}]},{"@type":"WebSite","@id":"https:\/\/www.salve.si\/#website","url":"https:\/\/www.salve.si\/","name":"Salve","description":"Salezijanska zalo\u017eba","publisher":{"@id":"https:\/\/www.salve.si\/#organization"},"potentialAction":[{"@type":"SearchAction","target":{"@type":"EntryPoint","urlTemplate":"https:\/\/www.salve.si\/?s={search_term_string}"},"query-input":{"@type":"PropertyValueSpecification","valueRequired":true,"valueName":"search_term_string"}}],"inLanguage":"en-US"},{"@type":"Organization","@id":"https:\/\/www.salve.si\/#organization","name":"Salve d.o.o.","url":"https:\/\/www.salve.si\/","logo":{"@type":"ImageObject","inLanguage":"en-US","@id":"https:\/\/www.salve.si\/#\/schema\/logo\/image\/","url":"https:\/\/www.salve.si\/wp-content\/uploads\/2021\/01\/Salve_logo_modri_nov_web.png","contentUrl":"https:\/\/www.salve.si\/wp-content\/uploads\/2021\/01\/Salve_logo_modri_nov_web.png","width":279,"height":90,"caption":"Salve d.o.o."},"image":{"@id":"https:\/\/www.salve.si\/#\/schema\/logo\/image\/"},"sameAs":["https:\/\/www.facebook.com\/salve.si","https:\/\/www.instagram.com\/zalozbasalve\/","https:\/\/www.linkedin.com\/company\/zalozba-salve\/"]}]}},"_links":{"self":[{"href":"https:\/\/www.salve.si\/en\/wp-json\/wp\/v2\/product\/16963","targetHints":{"allow":["GET"]}}],"collection":[{"href":"https:\/\/www.salve.si\/en\/wp-json\/wp\/v2\/product"}],"about":[{"href":"https:\/\/www.salve.si\/en\/wp-json\/wp\/v2\/types\/product"}],"version-history":[{"count":7,"href":"https:\/\/www.salve.si\/en\/wp-json\/wp\/v2\/product\/16963\/revisions"}],"predecessor-version":[{"id":16985,"href":"https:\/\/www.salve.si\/en\/wp-json\/wp\/v2\/product\/16963\/revisions\/16985"}],"wp:featuredmedia":[{"embeddable":true,"href":"https:\/\/www.salve.si\/en\/wp-json\/wp\/v2\/media\/16965"}],"wp:attachment":[{"href":"https:\/\/www.salve.si\/en\/wp-json\/wp\/v2\/media?parent=16963"}],"wp:term":[{"taxonomy":"product_cat","embeddable":true,"href":"https:\/\/www.salve.si\/en\/wp-json\/wp\/v2\/product_cat?post=16963"},{"taxonomy":"product_tag","embeddable":true,"href":"https:\/\/www.salve.si\/en\/wp-json\/wp\/v2\/product_tag?post=16963"}],"curies":[{"name":"wp","href":"https:\/\/api.w.org\/{rel}","templated":true}]}}