{"id":16881,"date":"2023-02-15T04:04:00","date_gmt":"2023-02-15T03:04:00","guid":{"rendered":"https:\/\/www.salve.si\/?post_type=product&#038;p=16881"},"modified":"2023-02-22T05:27:33","modified_gmt":"2023-02-22T04:27:33","slug":"lego-krizev-pot","status":"publish","type":"product","link":"https:\/\/www.salve.si\/en\/trgovina\/knjige\/krizev-pot\/lego-krizev-pot\/","title":{"rendered":"DRU\u017dINSKI LEGO KRI\u017dEV POT"},"content":{"rendered":"<p>Dru\u017einski lego kri\u017eev pot molite postopoma, to pomeni, da si postaje kri\u017eevega pota razporedite \u010dez cel postni \u010das. Npr. prvo postajo molite na pepelni\u010dno sredo oz. v tednu pred prvo postno nedeljo. Vsak naslednji teden pa molite po dve postaji. Tako boste po\u010dasi in zbrano spremljali Jezusa na vseh postajah kri\u017eevega pota \u2013 od za\u010detka postnega \u010dasa do Velike no\u010di.<\/p>\n<p><span class=\"slv-content-keywords\"> Iva Ne\u017ei\u010d Glavica Knjige Kri\u017eev pot Kri\u017eev pot <\/span><\/p>","protected":false},"excerpt":{"rendered":"<p>Besedila kri\u017eevega pota niso predpisana, zato so lahko razli\u010dna in jih je mogo\u010de prilagajati skupinam. Biti morajo tako pripravljena, da bodo vsakemu molivcu pomagala poglobiti odnos do trpe\u010dega Jezusa in soljudi in mu dala odgovore na vpra\u0161anja o \u017eivljenju, smrti in ve\u010dnosti.<\/p>\n<p>Ker se s temi vpra\u0161anji soo\u010dajo tudi otroci, je prav, da skupaj z njimi pripravimo tak\u0161en kri\u017eev pot, ki jih bo spodbujal k razmi\u0161ljanju in jih motiviral za \u017eivljenje po evangeliju. Knji\u017eica vsebuje spodbude za kreativno ustvarjanje dru\u017einskega kri\u017eevega pota iz lego kock.<\/p>","protected":false},"featured_media":16883,"template":"","meta":{"_acf_changed":false,"footnotes":""},"product_cat":[1099,141],"product_tag":[633],"class_list":{"0":"post-16881","1":"product","2":"type-product","3":"status-publish","4":"has-post-thumbnail","6":"authors-iva-nezic-glavica","7":"publisher-salve-d-o-o-ljubljana","8":"product_cat-krizev-pot","9":"product_cat-knjige","10":"product_tag-krizev-pot","12":"first","13":"instock","14":"shipping-taxable","15":"purchasable","16":"product-type-simple"},"acf":[],"yoast_head":"<!-- This site is optimized with the Yoast SEO plugin v23.8 - https:\/\/yoast.com\/wordpress\/plugins\/seo\/ -->\n<title>DRU\u017dINSKI LEGO KRI\u017dEV POT - Salve<\/title>\n<meta name=\"robots\" content=\"index, follow, max-snippet:-1, max-image-preview:large, max-video-preview:-1\" \/>\n<link rel=\"canonical\" href=\"https:\/\/www.salve.si\/en\/trgovina\/knjige\/krizev-pot\/lego-krizev-pot\/\" \/>\n<meta property=\"og:locale\" content=\"en_US\" \/>\n<meta property=\"og:type\" content=\"article\" \/>\n<meta property=\"og:title\" content=\"DRU\u017dINSKI LEGO KRI\u017dEV POT - Salve\" \/>\n<meta property=\"og:description\" content=\"Besedila kri\u017eevega pota niso predpisana, zato so lahko razli\u010dna in jih je mogo\u010de prilagajati skupinam. Biti morajo tako pripravljena, da bodo vsakemu molivcu pomagala poglobiti odnos do trpe\u010dega Jezusa in soljudi in mu dala odgovore na vpra\u0161anja o \u017eivljenju, smrti in ve\u010dnosti.  Ker se s temi vpra\u0161anji soo\u010dajo tudi otroci, je prav, da skupaj z njimi pripravimo tak\u0161en kri\u017eev pot, ki jih bo spodbujal k razmi\u0161ljanju in jih motiviral za \u017eivljenje po evangeliju. Knji\u017eica vsebuje spodbude za kreativno ustvarjanje dru\u017einskega kri\u017eevega pota iz lego kock.\" \/>\n<meta property=\"og:url\" content=\"https:\/\/www.salve.si\/en\/trgovina\/knjige\/krizev-pot\/lego-krizev-pot\/\" \/>\n<meta property=\"og:site_name\" content=\"Salve\" \/>\n<meta property=\"article:publisher\" content=\"https:\/\/www.facebook.com\/salve.si\" \/>\n<meta property=\"article:modified_time\" content=\"2023-02-22T04:27:33+00:00\" \/>\n<meta property=\"og:image\" content=\"https:\/\/www.salve.si\/wp-content\/uploads\/2023\/02\/Druzinski-lego-krizev-pot-NASLOVNICA.jpg\" \/>\n\t<meta property=\"og:image:width\" content=\"945\" \/>\n\t<meta property=\"og:image:height\" content=\"1536\" \/>\n\t<meta property=\"og:image:type\" content=\"image\/jpeg\" \/>\n<meta name=\"twitter:card\" content=\"summary_large_image\" \/>\n<meta name=\"twitter:label1\" content=\"Est. reading time\" \/>\n\t<meta name=\"twitter:data1\" content=\"2 minutes\" \/>\n<script type=\"application\/ld+json\" class=\"yoast-schema-graph\">{\"@context\":\"https:\/\/schema.org\",\"@graph\":[{\"@type\":\"WebPage\",\"@id\":\"https:\/\/www.salve.si\/trgovina\/knjige\/krizev-pot\/lego-krizev-pot\/\",\"url\":\"https:\/\/www.salve.si\/trgovina\/knjige\/krizev-pot\/lego-krizev-pot\/\",\"name\":\"DRU\u017dINSKI LEGO KRI\u017dEV POT - Salve\",\"isPartOf\":{\"@id\":\"https:\/\/www.salve.si\/#website\"},\"primaryImageOfPage\":{\"@id\":\"https:\/\/www.salve.si\/trgovina\/knjige\/krizev-pot\/lego-krizev-pot\/#primaryimage\"},\"image\":{\"@id\":\"https:\/\/www.salve.si\/trgovina\/knjige\/krizev-pot\/lego-krizev-pot\/#primaryimage\"},\"thumbnailUrl\":\"https:\/\/www.salve.si\/wp-content\/uploads\/2023\/02\/Druzinski-lego-krizev-pot-NASLOVNICA.jpg\",\"datePublished\":\"2023-02-15T03:04:00+00:00\",\"dateModified\":\"2023-02-22T04:27:33+00:00\",\"breadcrumb\":{\"@id\":\"https:\/\/www.salve.si\/trgovina\/knjige\/krizev-pot\/lego-krizev-pot\/#breadcrumb\"},\"inLanguage\":\"en-US\",\"potentialAction\":[{\"@type\":\"ReadAction\",\"target\":[\"https:\/\/www.salve.si\/trgovina\/knjige\/krizev-pot\/lego-krizev-pot\/\"]}]},{\"@type\":\"ImageObject\",\"inLanguage\":\"en-US\",\"@id\":\"https:\/\/www.salve.si\/trgovina\/knjige\/krizev-pot\/lego-krizev-pot\/#primaryimage\",\"url\":\"https:\/\/www.salve.si\/wp-content\/uploads\/2023\/02\/Druzinski-lego-krizev-pot-NASLOVNICA.jpg\",\"contentUrl\":\"https:\/\/www.salve.si\/wp-content\/uploads\/2023\/02\/Druzinski-lego-krizev-pot-NASLOVNICA.jpg\",\"width\":945,\"height\":1536},{\"@type\":\"BreadcrumbList\",\"@id\":\"https:\/\/www.salve.si\/trgovina\/knjige\/krizev-pot\/lego-krizev-pot\/#breadcrumb\",\"itemListElement\":[{\"@type\":\"ListItem\",\"position\":1,\"name\":\"Home\",\"item\":\"https:\/\/www.salve.si\/\"},{\"@type\":\"ListItem\",\"position\":2,\"name\":\"Trgovina\",\"item\":\"https:\/\/www.salve.si\/trgovina\/\"},{\"@type\":\"ListItem\",\"position\":3,\"name\":\"DRU\u017dINSKI LEGO KRI\u017dEV POT\"}]},{\"@type\":\"WebSite\",\"@id\":\"https:\/\/www.salve.si\/#website\",\"url\":\"https:\/\/www.salve.si\/\",\"name\":\"Salve\",\"description\":\"Salezijanska zalo\u017eba\",\"publisher\":{\"@id\":\"https:\/\/www.salve.si\/#organization\"},\"potentialAction\":[{\"@type\":\"SearchAction\",\"target\":{\"@type\":\"EntryPoint\",\"urlTemplate\":\"https:\/\/www.salve.si\/?s={search_term_string}\"},\"query-input\":{\"@type\":\"PropertyValueSpecification\",\"valueRequired\":true,\"valueName\":\"search_term_string\"}}],\"inLanguage\":\"en-US\"},{\"@type\":\"Organization\",\"@id\":\"https:\/\/www.salve.si\/#organization\",\"name\":\"Salve d.o.o.\",\"url\":\"https:\/\/www.salve.si\/\",\"logo\":{\"@type\":\"ImageObject\",\"inLanguage\":\"en-US\",\"@id\":\"https:\/\/www.salve.si\/#\/schema\/logo\/image\/\",\"url\":\"https:\/\/www.salve.si\/wp-content\/uploads\/2021\/01\/Salve_logo_modri_nov_web.png\",\"contentUrl\":\"https:\/\/www.salve.si\/wp-content\/uploads\/2021\/01\/Salve_logo_modri_nov_web.png\",\"width\":279,\"height\":90,\"caption\":\"Salve d.o.o.\"},\"image\":{\"@id\":\"https:\/\/www.salve.si\/#\/schema\/logo\/image\/\"},\"sameAs\":[\"https:\/\/www.facebook.com\/salve.si\",\"https:\/\/www.instagram.com\/zalozbasalve\/\",\"https:\/\/www.linkedin.com\/company\/zalozba-salve\/\"]}]}<\/script>\n<!-- \/ Yoast SEO plugin. -->","yoast_head_json":{"title":"DRU\u017dINSKI LEGO KRI\u017dEV POT - Salve","robots":{"index":"index","follow":"follow","max-snippet":"max-snippet:-1","max-image-preview":"max-image-preview:large","max-video-preview":"max-video-preview:-1"},"canonical":"https:\/\/www.salve.si\/en\/trgovina\/knjige\/krizev-pot\/lego-krizev-pot\/","og_locale":"en_US","og_type":"article","og_title":"DRU\u017dINSKI LEGO KRI\u017dEV POT - Salve","og_description":"Besedila kri\u017eevega pota niso predpisana, zato so lahko razli\u010dna in jih je mogo\u010de prilagajati skupinam. Biti morajo tako pripravljena, da bodo vsakemu molivcu pomagala poglobiti odnos do trpe\u010dega Jezusa in soljudi in mu dala odgovore na vpra\u0161anja o \u017eivljenju, smrti in ve\u010dnosti.  Ker se s temi vpra\u0161anji soo\u010dajo tudi otroci, je prav, da skupaj z njimi pripravimo tak\u0161en kri\u017eev pot, ki jih bo spodbujal k razmi\u0161ljanju in jih motiviral za \u017eivljenje po evangeliju. Knji\u017eica vsebuje spodbude za kreativno ustvarjanje dru\u017einskega kri\u017eevega pota iz lego kock.","og_url":"https:\/\/www.salve.si\/en\/trgovina\/knjige\/krizev-pot\/lego-krizev-pot\/","og_site_name":"Salve","article_publisher":"https:\/\/www.facebook.com\/salve.si","article_modified_time":"2023-02-22T04:27:33+00:00","og_image":[{"width":945,"height":1536,"url":"https:\/\/www.salve.si\/wp-content\/uploads\/2023\/02\/Druzinski-lego-krizev-pot-NASLOVNICA.jpg","type":"image\/jpeg"}],"twitter_card":"summary_large_image","twitter_misc":{"Est. reading time":"2 minutes"},"schema":{"@context":"https:\/\/schema.org","@graph":[{"@type":"WebPage","@id":"https:\/\/www.salve.si\/trgovina\/knjige\/krizev-pot\/lego-krizev-pot\/","url":"https:\/\/www.salve.si\/trgovina\/knjige\/krizev-pot\/lego-krizev-pot\/","name":"DRU\u017dINSKI LEGO KRI\u017dEV POT - Salve","isPartOf":{"@id":"https:\/\/www.salve.si\/#website"},"primaryImageOfPage":{"@id":"https:\/\/www.salve.si\/trgovina\/knjige\/krizev-pot\/lego-krizev-pot\/#primaryimage"},"image":{"@id":"https:\/\/www.salve.si\/trgovina\/knjige\/krizev-pot\/lego-krizev-pot\/#primaryimage"},"thumbnailUrl":"https:\/\/www.salve.si\/wp-content\/uploads\/2023\/02\/Druzinski-lego-krizev-pot-NASLOVNICA.jpg","datePublished":"2023-02-15T03:04:00+00:00","dateModified":"2023-02-22T04:27:33+00:00","breadcrumb":{"@id":"https:\/\/www.salve.si\/trgovina\/knjige\/krizev-pot\/lego-krizev-pot\/#breadcrumb"},"inLanguage":"en-US","potentialAction":[{"@type":"ReadAction","target":["https:\/\/www.salve.si\/trgovina\/knjige\/krizev-pot\/lego-krizev-pot\/"]}]},{"@type":"ImageObject","inLanguage":"en-US","@id":"https:\/\/www.salve.si\/trgovina\/knjige\/krizev-pot\/lego-krizev-pot\/#primaryimage","url":"https:\/\/www.salve.si\/wp-content\/uploads\/2023\/02\/Druzinski-lego-krizev-pot-NASLOVNICA.jpg","contentUrl":"https:\/\/www.salve.si\/wp-content\/uploads\/2023\/02\/Druzinski-lego-krizev-pot-NASLOVNICA.jpg","width":945,"height":1536},{"@type":"BreadcrumbList","@id":"https:\/\/www.salve.si\/trgovina\/knjige\/krizev-pot\/lego-krizev-pot\/#breadcrumb","itemListElement":[{"@type":"ListItem","position":1,"name":"Home","item":"https:\/\/www.salve.si\/"},{"@type":"ListItem","position":2,"name":"Trgovina","item":"https:\/\/www.salve.si\/trgovina\/"},{"@type":"ListItem","position":3,"name":"DRU\u017dINSKI LEGO KRI\u017dEV POT"}]},{"@type":"WebSite","@id":"https:\/\/www.salve.si\/#website","url":"https:\/\/www.salve.si\/","name":"Salve","description":"Salezijanska zalo\u017eba","publisher":{"@id":"https:\/\/www.salve.si\/#organization"},"potentialAction":[{"@type":"SearchAction","target":{"@type":"EntryPoint","urlTemplate":"https:\/\/www.salve.si\/?s={search_term_string}"},"query-input":{"@type":"PropertyValueSpecification","valueRequired":true,"valueName":"search_term_string"}}],"inLanguage":"en-US"},{"@type":"Organization","@id":"https:\/\/www.salve.si\/#organization","name":"Salve d.o.o.","url":"https:\/\/www.salve.si\/","logo":{"@type":"ImageObject","inLanguage":"en-US","@id":"https:\/\/www.salve.si\/#\/schema\/logo\/image\/","url":"https:\/\/www.salve.si\/wp-content\/uploads\/2021\/01\/Salve_logo_modri_nov_web.png","contentUrl":"https:\/\/www.salve.si\/wp-content\/uploads\/2021\/01\/Salve_logo_modri_nov_web.png","width":279,"height":90,"caption":"Salve d.o.o."},"image":{"@id":"https:\/\/www.salve.si\/#\/schema\/logo\/image\/"},"sameAs":["https:\/\/www.facebook.com\/salve.si","https:\/\/www.instagram.com\/zalozbasalve\/","https:\/\/www.linkedin.com\/company\/zalozba-salve\/"]}]}},"_links":{"self":[{"href":"https:\/\/www.salve.si\/en\/wp-json\/wp\/v2\/product\/16881","targetHints":{"allow":["GET"]}}],"collection":[{"href":"https:\/\/www.salve.si\/en\/wp-json\/wp\/v2\/product"}],"about":[{"href":"https:\/\/www.salve.si\/en\/wp-json\/wp\/v2\/types\/product"}],"version-history":[{"count":3,"href":"https:\/\/www.salve.si\/en\/wp-json\/wp\/v2\/product\/16881\/revisions"}],"predecessor-version":[{"id":16889,"href":"https:\/\/www.salve.si\/en\/wp-json\/wp\/v2\/product\/16881\/revisions\/16889"}],"wp:featuredmedia":[{"embeddable":true,"href":"https:\/\/www.salve.si\/en\/wp-json\/wp\/v2\/media\/16883"}],"wp:attachment":[{"href":"https:\/\/www.salve.si\/en\/wp-json\/wp\/v2\/media?parent=16881"}],"wp:term":[{"taxonomy":"product_cat","embeddable":true,"href":"https:\/\/www.salve.si\/en\/wp-json\/wp\/v2\/product_cat?post=16881"},{"taxonomy":"product_tag","embeddable":true,"href":"https:\/\/www.salve.si\/en\/wp-json\/wp\/v2\/product_tag?post=16881"}],"curies":[{"name":"wp","href":"https:\/\/api.w.org\/{rel}","templated":true}]}}