{"id":16200,"date":"2022-10-26T11:22:00","date_gmt":"2022-10-26T09:22:00","guid":{"rendered":"https:\/\/www.salve.si\/?post_type=product&#038;p=16200"},"modified":"2026-01-01T00:00:10","modified_gmt":"2025-12-31T23:00:10","slug":"katekizem-duhovnega-zivljenja","status":"publish","type":"product","link":"https:\/\/www.salve.si\/en\/trgovina\/knjige\/teologija-in-duhovnost\/katekizem-duhovnega-zivljenja\/","title":{"rendered":"KATEKIZEM DUHOVNEGA \u017dIVLJENJA"},"content":{"rendered":"<p>Ta knjiga bi rada preprosto spremljala vse, ki jim je pri srcu, da odgovorijo na Bo\u017ejo ljubezen z izpolnjenim, sre\u010dnim in rodovitnim \u017eivljenjem, ki se razcveta v ve\u010dno sre\u010do, da \u010dastijo Boga. Poraja se iz \u017eelje, da bi jim pomagala prehoditi notranjo pot duhovnega dvigovanja in jih uvajala v veselje sre\u010danja, ki spremeni \u017eivljenje. Te vrstice pritekajo od srca do srca z evangelijem in osebo Jezusa Kristusa, z \u017eeljo, da bi se pri bralcu zbudil isti od srca do srca, mu pomagal iti vase, na kraj notranje Bo\u017eje navzo\u010dnosti, da bi to njegovemu naporu za spreobrnjenje dalo otipljivost, pokazalo pot, ki ji je treba slediti, in stvarna sredstva, ki jih je treba uporabiti, da bi postavili Boga v sredi\u0161\u010de svojih poglavitnih skrbi.<\/p>\n<p>Rad bi, da bi mogle biti te strani kakor odmev krika, ki ga je utrujeno Bo\u017eje ljudstvo, la\u010dno in \u017eejno od hoje po \u00bbsuhi, iz\u010drpani zemlji brez vode\u00ab (prim. Ps 63,2), zagnalo k Mojzesu. Rad bi, da vzbudijo ali prebudijo v vsakem izmed nas neute\u0161ljivo \u017eejo in lakoto po Bo\u017eji besedi ter da bi kakor Izraelci vztrajno prosili svoje \u0161kofe in duhovnike, da bi imeli dostop do te nepogre\u0161ljive hrane za notranjo rast in hojo k Bogu; ne do dru\u017ebenopoliti\u010dnih razprav, pastirskih pisem o \u010dlovekovih pravicah in sodobnih demokracijah ali o zadnjih novicah (prim. Apd 17,21), ampak do trajne, trdne in dokon\u010dne Jezusove Besede in nauka u\u010diteljstva Cerkve, ki priteka iz nje.<span class=\"slv-content-keywords\"> Knjige Teologija in duhovnost duhovno \u017eivljenje duhovnost teologija Teolo\u0161ka knji\u017enica Robert Sarah kardinal <\/span><\/p>","protected":false},"excerpt":{"rendered":"<p>Kardinal Robert Sarah nam zato, da bi povrnili Bogu mesto v svojem \u017eivljenju in v \u017eivljenju Cerkve, ne predlaga druge poti razen evangeljske.<br \/>\nSedem zakramentov, s katerimi se nas Kristus danes dotika, je vezenina duhovnega popotovanja, na katero nas kardinal vabi z besedami, zaznamovanimi z misijonarsko pristnostjo in mo\u010djo.<\/p>","protected":false},"featured_media":16202,"template":"","meta":{"_acf_changed":false,"footnotes":""},"product_cat":[141,314],"product_tag":[1176,999,1101],"class_list":{"0":"post-16200","1":"product","2":"type-product","3":"status-publish","4":"has-post-thumbnail","6":"zbirke-teoloska-knjiznica","7":"authors-robert-sarah-kardinal","8":"publisher-salve-d-o-o-ljubljana","9":"product_cat-knjige","10":"product_cat-teologija-in-duhovnost","11":"product_tag-duhovno-zivljenje","12":"product_tag-duhovnost","13":"product_tag-teologija","15":"first","16":"instock","17":"shipping-taxable","18":"purchasable","19":"product-type-simple"},"acf":[],"yoast_head":"<!-- This site is optimized with the Yoast SEO plugin v23.8 - https:\/\/yoast.com\/wordpress\/plugins\/seo\/ -->\n<title>KATEKIZEM DUHOVNEGA \u017dIVLJENJA - Salve<\/title>\n<meta name=\"robots\" content=\"index, follow, max-snippet:-1, max-image-preview:large, max-video-preview:-1\" \/>\n<link rel=\"canonical\" href=\"https:\/\/www.salve.si\/en\/trgovina\/knjige\/teologija-in-duhovnost\/katekizem-duhovnega-zivljenja\/\" \/>\n<meta property=\"og:locale\" content=\"en_US\" \/>\n<meta property=\"og:type\" content=\"article\" \/>\n<meta property=\"og:title\" content=\"KATEKIZEM DUHOVNEGA \u017dIVLJENJA - Salve\" \/>\n<meta property=\"og:description\" content=\"Kardinal Robert Sarah nam zato, da bi povrnili Bogu mesto v svojem \u017eivljenju in v \u017eivljenju Cerkve, ne predlaga druge poti razen evangeljske. Sedem zakramentov, s katerimi se nas Kristus danes dotika, je vezenina duhovnega popotovanja, na katero nas kardinal vabi z besedami, zaznamovanimi z misijonarsko pristnostjo in mo\u010djo.\" \/>\n<meta property=\"og:url\" content=\"https:\/\/www.salve.si\/en\/trgovina\/knjige\/teologija-in-duhovnost\/katekizem-duhovnega-zivljenja\/\" \/>\n<meta property=\"og:site_name\" content=\"Salve\" \/>\n<meta property=\"article:publisher\" content=\"https:\/\/www.facebook.com\/salve.si\" \/>\n<meta property=\"article:modified_time\" content=\"2025-12-31T23:00:10+00:00\" \/>\n<meta property=\"og:image\" content=\"https:\/\/www.salve.si\/wp-content\/uploads\/2022\/10\/Sarah_Katekizem-duhovnega-zivljenja_NASLOVNICA.jpg\" \/>\n\t<meta property=\"og:image:width\" content=\"1069\" \/>\n\t<meta property=\"og:image:height\" content=\"1654\" \/>\n\t<meta property=\"og:image:type\" content=\"image\/jpeg\" \/>\n<meta name=\"twitter:card\" content=\"summary_large_image\" \/>\n<meta name=\"twitter:label1\" content=\"Est. reading time\" \/>\n\t<meta name=\"twitter:data1\" content=\"2 minutes\" \/>\n<script type=\"application\/ld+json\" class=\"yoast-schema-graph\">{\"@context\":\"https:\/\/schema.org\",\"@graph\":[{\"@type\":\"WebPage\",\"@id\":\"https:\/\/www.salve.si\/trgovina\/knjige\/teologija-in-duhovnost\/katekizem-duhovnega-zivljenja\/\",\"url\":\"https:\/\/www.salve.si\/trgovina\/knjige\/teologija-in-duhovnost\/katekizem-duhovnega-zivljenja\/\",\"name\":\"KATEKIZEM DUHOVNEGA \u017dIVLJENJA - Salve\",\"isPartOf\":{\"@id\":\"https:\/\/www.salve.si\/#website\"},\"primaryImageOfPage\":{\"@id\":\"https:\/\/www.salve.si\/trgovina\/knjige\/teologija-in-duhovnost\/katekizem-duhovnega-zivljenja\/#primaryimage\"},\"image\":{\"@id\":\"https:\/\/www.salve.si\/trgovina\/knjige\/teologija-in-duhovnost\/katekizem-duhovnega-zivljenja\/#primaryimage\"},\"thumbnailUrl\":\"https:\/\/www.salve.si\/wp-content\/uploads\/2022\/10\/Sarah_Katekizem-duhovnega-zivljenja_NASLOVNICA.jpg\",\"datePublished\":\"2022-10-26T09:22:00+00:00\",\"dateModified\":\"2025-12-31T23:00:10+00:00\",\"breadcrumb\":{\"@id\":\"https:\/\/www.salve.si\/trgovina\/knjige\/teologija-in-duhovnost\/katekizem-duhovnega-zivljenja\/#breadcrumb\"},\"inLanguage\":\"en-US\",\"potentialAction\":[{\"@type\":\"ReadAction\",\"target\":[\"https:\/\/www.salve.si\/trgovina\/knjige\/teologija-in-duhovnost\/katekizem-duhovnega-zivljenja\/\"]}]},{\"@type\":\"ImageObject\",\"inLanguage\":\"en-US\",\"@id\":\"https:\/\/www.salve.si\/trgovina\/knjige\/teologija-in-duhovnost\/katekizem-duhovnega-zivljenja\/#primaryimage\",\"url\":\"https:\/\/www.salve.si\/wp-content\/uploads\/2022\/10\/Sarah_Katekizem-duhovnega-zivljenja_NASLOVNICA.jpg\",\"contentUrl\":\"https:\/\/www.salve.si\/wp-content\/uploads\/2022\/10\/Sarah_Katekizem-duhovnega-zivljenja_NASLOVNICA.jpg\",\"width\":1069,\"height\":1654},{\"@type\":\"BreadcrumbList\",\"@id\":\"https:\/\/www.salve.si\/trgovina\/knjige\/teologija-in-duhovnost\/katekizem-duhovnega-zivljenja\/#breadcrumb\",\"itemListElement\":[{\"@type\":\"ListItem\",\"position\":1,\"name\":\"Home\",\"item\":\"https:\/\/www.salve.si\/\"},{\"@type\":\"ListItem\",\"position\":2,\"name\":\"Trgovina\",\"item\":\"https:\/\/www.salve.si\/trgovina\/\"},{\"@type\":\"ListItem\",\"position\":3,\"name\":\"KATEKIZEM DUHOVNEGA \u017dIVLJENJA\"}]},{\"@type\":\"WebSite\",\"@id\":\"https:\/\/www.salve.si\/#website\",\"url\":\"https:\/\/www.salve.si\/\",\"name\":\"Salve\",\"description\":\"Salezijanska zalo\u017eba\",\"publisher\":{\"@id\":\"https:\/\/www.salve.si\/#organization\"},\"potentialAction\":[{\"@type\":\"SearchAction\",\"target\":{\"@type\":\"EntryPoint\",\"urlTemplate\":\"https:\/\/www.salve.si\/?s={search_term_string}\"},\"query-input\":{\"@type\":\"PropertyValueSpecification\",\"valueRequired\":true,\"valueName\":\"search_term_string\"}}],\"inLanguage\":\"en-US\"},{\"@type\":\"Organization\",\"@id\":\"https:\/\/www.salve.si\/#organization\",\"name\":\"Salve d.o.o.\",\"url\":\"https:\/\/www.salve.si\/\",\"logo\":{\"@type\":\"ImageObject\",\"inLanguage\":\"en-US\",\"@id\":\"https:\/\/www.salve.si\/#\/schema\/logo\/image\/\",\"url\":\"https:\/\/www.salve.si\/wp-content\/uploads\/2021\/01\/Salve_logo_modri_nov_web.png\",\"contentUrl\":\"https:\/\/www.salve.si\/wp-content\/uploads\/2021\/01\/Salve_logo_modri_nov_web.png\",\"width\":279,\"height\":90,\"caption\":\"Salve d.o.o.\"},\"image\":{\"@id\":\"https:\/\/www.salve.si\/#\/schema\/logo\/image\/\"},\"sameAs\":[\"https:\/\/www.facebook.com\/salve.si\",\"https:\/\/www.instagram.com\/zalozbasalve\/\",\"https:\/\/www.linkedin.com\/company\/zalozba-salve\/\"]}]}<\/script>\n<!-- \/ Yoast SEO plugin. -->","yoast_head_json":{"title":"KATEKIZEM DUHOVNEGA \u017dIVLJENJA - Salve","robots":{"index":"index","follow":"follow","max-snippet":"max-snippet:-1","max-image-preview":"max-image-preview:large","max-video-preview":"max-video-preview:-1"},"canonical":"https:\/\/www.salve.si\/en\/trgovina\/knjige\/teologija-in-duhovnost\/katekizem-duhovnega-zivljenja\/","og_locale":"en_US","og_type":"article","og_title":"KATEKIZEM DUHOVNEGA \u017dIVLJENJA - Salve","og_description":"Kardinal Robert Sarah nam zato, da bi povrnili Bogu mesto v svojem \u017eivljenju in v \u017eivljenju Cerkve, ne predlaga druge poti razen evangeljske. Sedem zakramentov, s katerimi se nas Kristus danes dotika, je vezenina duhovnega popotovanja, na katero nas kardinal vabi z besedami, zaznamovanimi z misijonarsko pristnostjo in mo\u010djo.","og_url":"https:\/\/www.salve.si\/en\/trgovina\/knjige\/teologija-in-duhovnost\/katekizem-duhovnega-zivljenja\/","og_site_name":"Salve","article_publisher":"https:\/\/www.facebook.com\/salve.si","article_modified_time":"2025-12-31T23:00:10+00:00","og_image":[{"width":1069,"height":1654,"url":"https:\/\/www.salve.si\/wp-content\/uploads\/2022\/10\/Sarah_Katekizem-duhovnega-zivljenja_NASLOVNICA.jpg","type":"image\/jpeg"}],"twitter_card":"summary_large_image","twitter_misc":{"Est. reading time":"2 minutes"},"schema":{"@context":"https:\/\/schema.org","@graph":[{"@type":"WebPage","@id":"https:\/\/www.salve.si\/trgovina\/knjige\/teologija-in-duhovnost\/katekizem-duhovnega-zivljenja\/","url":"https:\/\/www.salve.si\/trgovina\/knjige\/teologija-in-duhovnost\/katekizem-duhovnega-zivljenja\/","name":"KATEKIZEM DUHOVNEGA \u017dIVLJENJA - Salve","isPartOf":{"@id":"https:\/\/www.salve.si\/#website"},"primaryImageOfPage":{"@id":"https:\/\/www.salve.si\/trgovina\/knjige\/teologija-in-duhovnost\/katekizem-duhovnega-zivljenja\/#primaryimage"},"image":{"@id":"https:\/\/www.salve.si\/trgovina\/knjige\/teologija-in-duhovnost\/katekizem-duhovnega-zivljenja\/#primaryimage"},"thumbnailUrl":"https:\/\/www.salve.si\/wp-content\/uploads\/2022\/10\/Sarah_Katekizem-duhovnega-zivljenja_NASLOVNICA.jpg","datePublished":"2022-10-26T09:22:00+00:00","dateModified":"2025-12-31T23:00:10+00:00","breadcrumb":{"@id":"https:\/\/www.salve.si\/trgovina\/knjige\/teologija-in-duhovnost\/katekizem-duhovnega-zivljenja\/#breadcrumb"},"inLanguage":"en-US","potentialAction":[{"@type":"ReadAction","target":["https:\/\/www.salve.si\/trgovina\/knjige\/teologija-in-duhovnost\/katekizem-duhovnega-zivljenja\/"]}]},{"@type":"ImageObject","inLanguage":"en-US","@id":"https:\/\/www.salve.si\/trgovina\/knjige\/teologija-in-duhovnost\/katekizem-duhovnega-zivljenja\/#primaryimage","url":"https:\/\/www.salve.si\/wp-content\/uploads\/2022\/10\/Sarah_Katekizem-duhovnega-zivljenja_NASLOVNICA.jpg","contentUrl":"https:\/\/www.salve.si\/wp-content\/uploads\/2022\/10\/Sarah_Katekizem-duhovnega-zivljenja_NASLOVNICA.jpg","width":1069,"height":1654},{"@type":"BreadcrumbList","@id":"https:\/\/www.salve.si\/trgovina\/knjige\/teologija-in-duhovnost\/katekizem-duhovnega-zivljenja\/#breadcrumb","itemListElement":[{"@type":"ListItem","position":1,"name":"Home","item":"https:\/\/www.salve.si\/"},{"@type":"ListItem","position":2,"name":"Trgovina","item":"https:\/\/www.salve.si\/trgovina\/"},{"@type":"ListItem","position":3,"name":"KATEKIZEM DUHOVNEGA \u017dIVLJENJA"}]},{"@type":"WebSite","@id":"https:\/\/www.salve.si\/#website","url":"https:\/\/www.salve.si\/","name":"Salve","description":"Salezijanska zalo\u017eba","publisher":{"@id":"https:\/\/www.salve.si\/#organization"},"potentialAction":[{"@type":"SearchAction","target":{"@type":"EntryPoint","urlTemplate":"https:\/\/www.salve.si\/?s={search_term_string}"},"query-input":{"@type":"PropertyValueSpecification","valueRequired":true,"valueName":"search_term_string"}}],"inLanguage":"en-US"},{"@type":"Organization","@id":"https:\/\/www.salve.si\/#organization","name":"Salve d.o.o.","url":"https:\/\/www.salve.si\/","logo":{"@type":"ImageObject","inLanguage":"en-US","@id":"https:\/\/www.salve.si\/#\/schema\/logo\/image\/","url":"https:\/\/www.salve.si\/wp-content\/uploads\/2021\/01\/Salve_logo_modri_nov_web.png","contentUrl":"https:\/\/www.salve.si\/wp-content\/uploads\/2021\/01\/Salve_logo_modri_nov_web.png","width":279,"height":90,"caption":"Salve d.o.o."},"image":{"@id":"https:\/\/www.salve.si\/#\/schema\/logo\/image\/"},"sameAs":["https:\/\/www.facebook.com\/salve.si","https:\/\/www.instagram.com\/zalozbasalve\/","https:\/\/www.linkedin.com\/company\/zalozba-salve\/"]}]}},"_links":{"self":[{"href":"https:\/\/www.salve.si\/en\/wp-json\/wp\/v2\/product\/16200","targetHints":{"allow":["GET"]}}],"collection":[{"href":"https:\/\/www.salve.si\/en\/wp-json\/wp\/v2\/product"}],"about":[{"href":"https:\/\/www.salve.si\/en\/wp-json\/wp\/v2\/types\/product"}],"version-history":[{"count":4,"href":"https:\/\/www.salve.si\/en\/wp-json\/wp\/v2\/product\/16200\/revisions"}],"predecessor-version":[{"id":19530,"href":"https:\/\/www.salve.si\/en\/wp-json\/wp\/v2\/product\/16200\/revisions\/19530"}],"wp:featuredmedia":[{"embeddable":true,"href":"https:\/\/www.salve.si\/en\/wp-json\/wp\/v2\/media\/16202"}],"wp:attachment":[{"href":"https:\/\/www.salve.si\/en\/wp-json\/wp\/v2\/media?parent=16200"}],"wp:term":[{"taxonomy":"product_cat","embeddable":true,"href":"https:\/\/www.salve.si\/en\/wp-json\/wp\/v2\/product_cat?post=16200"},{"taxonomy":"product_tag","embeddable":true,"href":"https:\/\/www.salve.si\/en\/wp-json\/wp\/v2\/product_tag?post=16200"}],"curies":[{"name":"wp","href":"https:\/\/api.w.org\/{rel}","templated":true}]}}