{"id":16127,"date":"2022-10-06T09:44:32","date_gmt":"2022-10-06T07:44:32","guid":{"rendered":"https:\/\/www.salve.si\/?post_type=product&#038;p=16127"},"modified":"2026-01-19T08:50:22","modified_gmt":"2026-01-19T07:50:22","slug":"nekdo-po-komer-se-lahko-zgledujemo","status":"publish","type":"product","link":"https:\/\/www.salve.si\/en\/trgovina\/knjige\/teologija-in-duhovnost\/nekdo-po-komer-se-lahko-zgledujemo\/","title":{"rendered":"NEKDO, PO KOMER SE LAHKO ZGLEDUJEMO"},"content":{"rendered":"<p>Pri\u010devalci so glasniki prero\u0161ke besede, ki nam jo Bog \u0161e naprej daje sredi tema\u010dnega sveta, in svetilke, ki svetijo v temi. Po njihovi zaslugi nam teme ni treba preklinjati, ampak se lahko skoznjo prebijamo zavedajo\u010d se, da ne vodi k ni\u010du, ampak k O\u010detu.<\/p>\n<p>\u00bbVsi se spontano zgledujemo po pri\u010devalcih oziroma ljudeh, ki svoje prepri\u010danje in besede udejanjajo. In k temu smo poklicani tudi sami. Pri\u010devanje ni stvar tehnike ali opravljenega te\u010daja, ampak posledica dolo\u010denega \u017eivljenjskega sloga. Ni v tem, da se trudimo o \u010dem pri\u010devati, ampak v tem, da se notranje oklepamo tega, kar spoznavamo kot resni\u010dno.<\/p>\n<p>Te knjige nisem napisal z namenom, da bi kogar koli \u00bbu\u010dil\u00ab pri\u010devati. S svojimi ubogimi besedami sem \u017eelel dati le nekaj namigov o tem, kako lahko svoje \u017eivljenje obnovimo do te mere, da postanemo pri\u010devalci.\u00ab<\/p>\n<p><em>Luigi Maria Epicoco<\/em><span class=\"slv-content-keywords\"> Knjige Teologija in duhovnost Duhovne vaje duhovnost kr\u0161\u010danstvo Premi\u0161ljevanja Luigi Maria Epicoco Za duhovnost pri\u010devanja <\/span><\/p>","protected":false},"excerpt":{"rendered":"<p>Pri\u010devalci ne moremo postati, \u010de se trdno ne oklenemo Kristusa oziroma pravilneje: \u010de se mu ne damo objeti. Samo tako objeti lahko postanemo \u00bblu\u010d sveta\u00ab in skupaj z njim svetimo v temni no\u010di sveta. In le kdor se mu da tako ljubiti, postane \u00bbnekdo, po katerem se je mogo\u010de zgledovati\u00ab.<\/p>","protected":false},"featured_media":16128,"template":"","meta":{"_acf_changed":false,"footnotes":""},"product_cat":[141,314],"product_tag":[1171,999,982,1170],"class_list":{"0":"post-16127","1":"product","2":"type-product","3":"status-publish","4":"has-post-thumbnail","6":"authors-luigi-maria-epicoco","7":"publisher-salve-d-o-o-ljubljana","8":"product_cat-knjige","9":"product_cat-teologija-in-duhovnost","10":"product_tag-duhovne-vaje","11":"product_tag-duhovnost","12":"product_tag-krscanstvo","13":"product_tag-premisljevanja","15":"first","16":"instock","17":"shipping-taxable","18":"purchasable","19":"product-type-simple"},"acf":[],"yoast_head":"<!-- This site is optimized with the Yoast SEO plugin v23.8 - https:\/\/yoast.com\/wordpress\/plugins\/seo\/ -->\n<title>NEKDO, PO KOMER SE LAHKO ZGLEDUJEMO - Salve<\/title>\n<meta name=\"robots\" content=\"index, follow, max-snippet:-1, max-image-preview:large, max-video-preview:-1\" \/>\n<link rel=\"canonical\" href=\"https:\/\/www.salve.si\/en\/trgovina\/knjige\/teologija-in-duhovnost\/nekdo-po-komer-se-lahko-zgledujemo\/\" \/>\n<meta property=\"og:locale\" content=\"en_US\" \/>\n<meta property=\"og:type\" content=\"article\" \/>\n<meta property=\"og:title\" content=\"NEKDO, PO KOMER SE LAHKO ZGLEDUJEMO - Salve\" \/>\n<meta property=\"og:description\" content=\"Pri\u010devalci ne moremo postati, \u010de se trdno ne oklenemo Kristusa oziroma pravilneje: \u010de se mu ne damo objeti. Samo tako objeti lahko postanemo \u00bblu\u010d sveta\u00ab in skupaj z njim svetimo v temni no\u010di sveta. In le kdor se mu da tako ljubiti, postane \u00bbnekdo, po katerem se je mogo\u010de zgledovati\u00ab.\" \/>\n<meta property=\"og:url\" content=\"https:\/\/www.salve.si\/en\/trgovina\/knjige\/teologija-in-duhovnost\/nekdo-po-komer-se-lahko-zgledujemo\/\" \/>\n<meta property=\"og:site_name\" content=\"Salve\" \/>\n<meta property=\"article:publisher\" content=\"https:\/\/www.facebook.com\/salve.si\" \/>\n<meta property=\"article:modified_time\" content=\"2026-01-19T07:50:22+00:00\" \/>\n<meta property=\"og:image\" content=\"https:\/\/www.salve.si\/wp-content\/uploads\/2022\/10\/Epicoco_Nekdo-po-komer-se-lahko-zgledujemo_NASLOVNICA-669x1024.jpg\" \/>\n\t<meta property=\"og:image:width\" content=\"669\" \/>\n\t<meta property=\"og:image:height\" content=\"1024\" \/>\n\t<meta property=\"og:image:type\" content=\"image\/jpeg\" \/>\n<meta name=\"twitter:card\" content=\"summary_large_image\" \/>\n<meta name=\"twitter:label1\" content=\"Est. reading time\" \/>\n\t<meta name=\"twitter:data1\" content=\"2 minutes\" \/>\n<script type=\"application\/ld+json\" class=\"yoast-schema-graph\">{\"@context\":\"https:\/\/schema.org\",\"@graph\":[{\"@type\":\"WebPage\",\"@id\":\"https:\/\/www.salve.si\/trgovina\/knjige\/teologija-in-duhovnost\/nekdo-po-komer-se-lahko-zgledujemo\/\",\"url\":\"https:\/\/www.salve.si\/trgovina\/knjige\/teologija-in-duhovnost\/nekdo-po-komer-se-lahko-zgledujemo\/\",\"name\":\"NEKDO, PO KOMER SE LAHKO ZGLEDUJEMO - Salve\",\"isPartOf\":{\"@id\":\"https:\/\/www.salve.si\/#website\"},\"primaryImageOfPage\":{\"@id\":\"https:\/\/www.salve.si\/trgovina\/knjige\/teologija-in-duhovnost\/nekdo-po-komer-se-lahko-zgledujemo\/#primaryimage\"},\"image\":{\"@id\":\"https:\/\/www.salve.si\/trgovina\/knjige\/teologija-in-duhovnost\/nekdo-po-komer-se-lahko-zgledujemo\/#primaryimage\"},\"thumbnailUrl\":\"https:\/\/www.salve.si\/wp-content\/uploads\/2022\/10\/Epicoco_Nekdo-po-komer-se-lahko-zgledujemo_NASLOVNICA.jpg\",\"datePublished\":\"2022-10-06T07:44:32+00:00\",\"dateModified\":\"2026-01-19T07:50:22+00:00\",\"breadcrumb\":{\"@id\":\"https:\/\/www.salve.si\/trgovina\/knjige\/teologija-in-duhovnost\/nekdo-po-komer-se-lahko-zgledujemo\/#breadcrumb\"},\"inLanguage\":\"en-US\",\"potentialAction\":[{\"@type\":\"ReadAction\",\"target\":[\"https:\/\/www.salve.si\/trgovina\/knjige\/teologija-in-duhovnost\/nekdo-po-komer-se-lahko-zgledujemo\/\"]}]},{\"@type\":\"ImageObject\",\"inLanguage\":\"en-US\",\"@id\":\"https:\/\/www.salve.si\/trgovina\/knjige\/teologija-in-duhovnost\/nekdo-po-komer-se-lahko-zgledujemo\/#primaryimage\",\"url\":\"https:\/\/www.salve.si\/wp-content\/uploads\/2022\/10\/Epicoco_Nekdo-po-komer-se-lahko-zgledujemo_NASLOVNICA.jpg\",\"contentUrl\":\"https:\/\/www.salve.si\/wp-content\/uploads\/2022\/10\/Epicoco_Nekdo-po-komer-se-lahko-zgledujemo_NASLOVNICA.jpg\",\"width\":1620,\"height\":2481},{\"@type\":\"BreadcrumbList\",\"@id\":\"https:\/\/www.salve.si\/trgovina\/knjige\/teologija-in-duhovnost\/nekdo-po-komer-se-lahko-zgledujemo\/#breadcrumb\",\"itemListElement\":[{\"@type\":\"ListItem\",\"position\":1,\"name\":\"Home\",\"item\":\"https:\/\/www.salve.si\/\"},{\"@type\":\"ListItem\",\"position\":2,\"name\":\"Trgovina\",\"item\":\"https:\/\/www.salve.si\/trgovina\/\"},{\"@type\":\"ListItem\",\"position\":3,\"name\":\"NEKDO, PO KOMER SE LAHKO ZGLEDUJEMO\"}]},{\"@type\":\"WebSite\",\"@id\":\"https:\/\/www.salve.si\/#website\",\"url\":\"https:\/\/www.salve.si\/\",\"name\":\"Salve\",\"description\":\"Salezijanska zalo\u017eba\",\"publisher\":{\"@id\":\"https:\/\/www.salve.si\/#organization\"},\"potentialAction\":[{\"@type\":\"SearchAction\",\"target\":{\"@type\":\"EntryPoint\",\"urlTemplate\":\"https:\/\/www.salve.si\/?s={search_term_string}\"},\"query-input\":{\"@type\":\"PropertyValueSpecification\",\"valueRequired\":true,\"valueName\":\"search_term_string\"}}],\"inLanguage\":\"en-US\"},{\"@type\":\"Organization\",\"@id\":\"https:\/\/www.salve.si\/#organization\",\"name\":\"Salve d.o.o.\",\"url\":\"https:\/\/www.salve.si\/\",\"logo\":{\"@type\":\"ImageObject\",\"inLanguage\":\"en-US\",\"@id\":\"https:\/\/www.salve.si\/#\/schema\/logo\/image\/\",\"url\":\"https:\/\/www.salve.si\/wp-content\/uploads\/2021\/01\/Salve_logo_modri_nov_web.png\",\"contentUrl\":\"https:\/\/www.salve.si\/wp-content\/uploads\/2021\/01\/Salve_logo_modri_nov_web.png\",\"width\":279,\"height\":90,\"caption\":\"Salve d.o.o.\"},\"image\":{\"@id\":\"https:\/\/www.salve.si\/#\/schema\/logo\/image\/\"},\"sameAs\":[\"https:\/\/www.facebook.com\/salve.si\",\"https:\/\/www.instagram.com\/zalozbasalve\/\",\"https:\/\/www.linkedin.com\/company\/zalozba-salve\/\"]}]}<\/script>\n<!-- \/ Yoast SEO plugin. -->","yoast_head_json":{"title":"NEKDO, PO KOMER SE LAHKO ZGLEDUJEMO - Salve","robots":{"index":"index","follow":"follow","max-snippet":"max-snippet:-1","max-image-preview":"max-image-preview:large","max-video-preview":"max-video-preview:-1"},"canonical":"https:\/\/www.salve.si\/en\/trgovina\/knjige\/teologija-in-duhovnost\/nekdo-po-komer-se-lahko-zgledujemo\/","og_locale":"en_US","og_type":"article","og_title":"NEKDO, PO KOMER SE LAHKO ZGLEDUJEMO - Salve","og_description":"Pri\u010devalci ne moremo postati, \u010de se trdno ne oklenemo Kristusa oziroma pravilneje: \u010de se mu ne damo objeti. Samo tako objeti lahko postanemo \u00bblu\u010d sveta\u00ab in skupaj z njim svetimo v temni no\u010di sveta. In le kdor se mu da tako ljubiti, postane \u00bbnekdo, po katerem se je mogo\u010de zgledovati\u00ab.","og_url":"https:\/\/www.salve.si\/en\/trgovina\/knjige\/teologija-in-duhovnost\/nekdo-po-komer-se-lahko-zgledujemo\/","og_site_name":"Salve","article_publisher":"https:\/\/www.facebook.com\/salve.si","article_modified_time":"2026-01-19T07:50:22+00:00","og_image":[{"width":669,"height":1024,"url":"https:\/\/www.salve.si\/wp-content\/uploads\/2022\/10\/Epicoco_Nekdo-po-komer-se-lahko-zgledujemo_NASLOVNICA-669x1024.jpg","type":"image\/jpeg"}],"twitter_card":"summary_large_image","twitter_misc":{"Est. reading time":"2 minutes"},"schema":{"@context":"https:\/\/schema.org","@graph":[{"@type":"WebPage","@id":"https:\/\/www.salve.si\/trgovina\/knjige\/teologija-in-duhovnost\/nekdo-po-komer-se-lahko-zgledujemo\/","url":"https:\/\/www.salve.si\/trgovina\/knjige\/teologija-in-duhovnost\/nekdo-po-komer-se-lahko-zgledujemo\/","name":"NEKDO, PO KOMER SE LAHKO ZGLEDUJEMO - Salve","isPartOf":{"@id":"https:\/\/www.salve.si\/#website"},"primaryImageOfPage":{"@id":"https:\/\/www.salve.si\/trgovina\/knjige\/teologija-in-duhovnost\/nekdo-po-komer-se-lahko-zgledujemo\/#primaryimage"},"image":{"@id":"https:\/\/www.salve.si\/trgovina\/knjige\/teologija-in-duhovnost\/nekdo-po-komer-se-lahko-zgledujemo\/#primaryimage"},"thumbnailUrl":"https:\/\/www.salve.si\/wp-content\/uploads\/2022\/10\/Epicoco_Nekdo-po-komer-se-lahko-zgledujemo_NASLOVNICA.jpg","datePublished":"2022-10-06T07:44:32+00:00","dateModified":"2026-01-19T07:50:22+00:00","breadcrumb":{"@id":"https:\/\/www.salve.si\/trgovina\/knjige\/teologija-in-duhovnost\/nekdo-po-komer-se-lahko-zgledujemo\/#breadcrumb"},"inLanguage":"en-US","potentialAction":[{"@type":"ReadAction","target":["https:\/\/www.salve.si\/trgovina\/knjige\/teologija-in-duhovnost\/nekdo-po-komer-se-lahko-zgledujemo\/"]}]},{"@type":"ImageObject","inLanguage":"en-US","@id":"https:\/\/www.salve.si\/trgovina\/knjige\/teologija-in-duhovnost\/nekdo-po-komer-se-lahko-zgledujemo\/#primaryimage","url":"https:\/\/www.salve.si\/wp-content\/uploads\/2022\/10\/Epicoco_Nekdo-po-komer-se-lahko-zgledujemo_NASLOVNICA.jpg","contentUrl":"https:\/\/www.salve.si\/wp-content\/uploads\/2022\/10\/Epicoco_Nekdo-po-komer-se-lahko-zgledujemo_NASLOVNICA.jpg","width":1620,"height":2481},{"@type":"BreadcrumbList","@id":"https:\/\/www.salve.si\/trgovina\/knjige\/teologija-in-duhovnost\/nekdo-po-komer-se-lahko-zgledujemo\/#breadcrumb","itemListElement":[{"@type":"ListItem","position":1,"name":"Home","item":"https:\/\/www.salve.si\/"},{"@type":"ListItem","position":2,"name":"Trgovina","item":"https:\/\/www.salve.si\/trgovina\/"},{"@type":"ListItem","position":3,"name":"NEKDO, PO KOMER SE LAHKO ZGLEDUJEMO"}]},{"@type":"WebSite","@id":"https:\/\/www.salve.si\/#website","url":"https:\/\/www.salve.si\/","name":"Salve","description":"Salezijanska zalo\u017eba","publisher":{"@id":"https:\/\/www.salve.si\/#organization"},"potentialAction":[{"@type":"SearchAction","target":{"@type":"EntryPoint","urlTemplate":"https:\/\/www.salve.si\/?s={search_term_string}"},"query-input":{"@type":"PropertyValueSpecification","valueRequired":true,"valueName":"search_term_string"}}],"inLanguage":"en-US"},{"@type":"Organization","@id":"https:\/\/www.salve.si\/#organization","name":"Salve d.o.o.","url":"https:\/\/www.salve.si\/","logo":{"@type":"ImageObject","inLanguage":"en-US","@id":"https:\/\/www.salve.si\/#\/schema\/logo\/image\/","url":"https:\/\/www.salve.si\/wp-content\/uploads\/2021\/01\/Salve_logo_modri_nov_web.png","contentUrl":"https:\/\/www.salve.si\/wp-content\/uploads\/2021\/01\/Salve_logo_modri_nov_web.png","width":279,"height":90,"caption":"Salve d.o.o."},"image":{"@id":"https:\/\/www.salve.si\/#\/schema\/logo\/image\/"},"sameAs":["https:\/\/www.facebook.com\/salve.si","https:\/\/www.instagram.com\/zalozbasalve\/","https:\/\/www.linkedin.com\/company\/zalozba-salve\/"]}]}},"_links":{"self":[{"href":"https:\/\/www.salve.si\/en\/wp-json\/wp\/v2\/product\/16127","targetHints":{"allow":["GET"]}}],"collection":[{"href":"https:\/\/www.salve.si\/en\/wp-json\/wp\/v2\/product"}],"about":[{"href":"https:\/\/www.salve.si\/en\/wp-json\/wp\/v2\/types\/product"}],"version-history":[{"count":5,"href":"https:\/\/www.salve.si\/en\/wp-json\/wp\/v2\/product\/16127\/revisions"}],"predecessor-version":[{"id":21092,"href":"https:\/\/www.salve.si\/en\/wp-json\/wp\/v2\/product\/16127\/revisions\/21092"}],"wp:featuredmedia":[{"embeddable":true,"href":"https:\/\/www.salve.si\/en\/wp-json\/wp\/v2\/media\/16128"}],"wp:attachment":[{"href":"https:\/\/www.salve.si\/en\/wp-json\/wp\/v2\/media?parent=16127"}],"wp:term":[{"taxonomy":"product_cat","embeddable":true,"href":"https:\/\/www.salve.si\/en\/wp-json\/wp\/v2\/product_cat?post=16127"},{"taxonomy":"product_tag","embeddable":true,"href":"https:\/\/www.salve.si\/en\/wp-json\/wp\/v2\/product_tag?post=16127"}],"curies":[{"name":"wp","href":"https:\/\/api.w.org\/{rel}","templated":true}]}}