{"id":15878,"date":"2022-06-25T16:03:29","date_gmt":"2022-06-25T14:03:29","guid":{"rendered":"https:\/\/www.salve.si\/?post_type=product&#038;p=15878"},"modified":"2024-01-01T23:00:42","modified_gmt":"2024-01-01T22:00:42","slug":"igra-v-kotu","status":"publish","type":"product","link":"https:\/\/www.salve.si\/en\/trgovina\/knjige\/leposlovje\/igra-v-kotu\/","title":{"rendered":"IGRA V KOTU"},"content":{"rendered":"<p>Stanko Devjak v novi zbirki \u0161e vedno sre\u010dujemo na poti, kakor je zastavila svojo prvo zbirko Visoke vode. Krajine, kjer se zdaj mudi, so naslikane z nekaj impresionisti\u010dne manire, migotave so in razpr\u0161ene, da bi potem splaval iz globine escherjanski skelet, stopni\u0161\u010da, arkade, priprta in odprta vrata, razgledni stolpi kot neka vesoljna katedrala. \u017de od prve zbirke jo spremlja ob\u010dutje svetosti te zgradbe \u2013 kar najde v provansalski krajini. To ni svet, ki \u017eivi zase in smo v njem mi, uokvirjeni v njegovo stalnost in neogibnost. Bolj se zdi, da bo izginil, ko zapremo o\u010di, da bo gozd nekdo posekal, ker ga ve\u010d ne gleda \u00bbbela spleti\u010dna\u00ab, ki ve, da se v njenem pogledu razkriva prava narava sveta, ki zre Onkraj. Vse to spremlja rahla patina vzvi\u0161enega jezika z arhai\u010dnimi besedami kot \u00bbravan\u00ab ali \u00bbopoldanska vro\u010dica\u00ab. Del tega sve\u010danega, notranjega pogleda je tudi subtilno dojemanje narave, ko vidi, kako se \u010dez travnik in vro\u010da zrcala, ki nastanejo s segretim zrakom, razlije belina konj v ravnici. Slavec \u0161e poje v obokih gozda. Kakor da je v njeno poezijo vdrla arabska in ji podarila ne\u017enost do\u017eivljanja.<span class=\"slv-content-keywords\"> Leposlovje Poezija Stanka Devjak leposlovje za odrasle pesmi poezija <\/span><\/p>","protected":false},"excerpt":{"rendered":"<p>Zbirka Igra v kotu je ve\u010dglasna, kot korali iz sklepnega cikla. Nastajala je br\u017ekone skozi dalj\u0161e obdobje. V njej je v vsaki pesmi prisoten visoki glas brezkon\u010dnosti, a tudi glas tukaj\u0161njosti, glas kon\u010dnosti, ve\u010d glasov kon\u010dnosti. Kot mavri\u010dni lok med Provanso in \u017di\u010dkim samostanom.<\/p>","protected":false},"featured_media":15880,"template":"","meta":{"_acf_changed":false,"footnotes":""},"product_cat":[312,313],"product_tag":[1154,941,1153],"class_list":{"0":"post-15878","1":"product","2":"type-product","3":"status-publish","4":"has-post-thumbnail","6":"authors-stanka-devjak","7":"publisher-salve-d-o-o-ljubljana","8":"product_cat-leposlovje","9":"product_cat-poezija","10":"product_tag-leposlovje-za-odrasle","11":"product_tag-pesmi","12":"product_tag-poezija","14":"first","15":"instock","16":"shipping-taxable","17":"purchasable","18":"product-type-simple"},"acf":[],"yoast_head":"<!-- This site is optimized with the Yoast SEO plugin v23.8 - https:\/\/yoast.com\/wordpress\/plugins\/seo\/ -->\n<title>IGRA V KOTU - Salve<\/title>\n<meta name=\"robots\" content=\"index, follow, max-snippet:-1, max-image-preview:large, max-video-preview:-1\" \/>\n<link rel=\"canonical\" href=\"https:\/\/www.salve.si\/en\/trgovina\/knjige\/leposlovje\/igra-v-kotu\/\" \/>\n<meta property=\"og:locale\" content=\"en_US\" \/>\n<meta property=\"og:type\" content=\"article\" \/>\n<meta property=\"og:title\" content=\"IGRA V KOTU - Salve\" \/>\n<meta property=\"og:description\" content=\"Zbirka Igra v kotu je ve\u010dglasna, kot korali iz sklepnega cikla. Nastajala je br\u017ekone skozi dalj\u0161e obdobje. V njej je v vsaki pesmi prisoten visoki glas brezkon\u010dnosti, a tudi glas tukaj\u0161njosti, glas kon\u010dnosti, ve\u010d glasov kon\u010dnosti. Kot mavri\u010dni lok med Provanso in \u017di\u010dkim samostanom.\" \/>\n<meta property=\"og:url\" content=\"https:\/\/www.salve.si\/en\/trgovina\/knjige\/leposlovje\/igra-v-kotu\/\" \/>\n<meta property=\"og:site_name\" content=\"Salve\" \/>\n<meta property=\"article:publisher\" content=\"https:\/\/www.facebook.com\/salve.si\" \/>\n<meta property=\"article:modified_time\" content=\"2024-01-01T22:00:42+00:00\" \/>\n<meta property=\"og:image\" content=\"https:\/\/www.salve.si\/wp-content\/uploads\/2022\/07\/SALVE_DEVJAK-STANKA_Igra-v-kotu_OVITEK_2022-06-16-1_naslovnica.jpg\" \/>\n\t<meta property=\"og:image:width\" content=\"1308\" \/>\n\t<meta property=\"og:image:height\" content=\"2430\" \/>\n\t<meta property=\"og:image:type\" content=\"image\/jpeg\" \/>\n<meta name=\"twitter:card\" content=\"summary_large_image\" \/>\n<meta name=\"twitter:label1\" content=\"Est. reading time\" \/>\n\t<meta name=\"twitter:data1\" content=\"1 minute\" \/>\n<script type=\"application\/ld+json\" class=\"yoast-schema-graph\">{\"@context\":\"https:\/\/schema.org\",\"@graph\":[{\"@type\":\"WebPage\",\"@id\":\"https:\/\/www.salve.si\/trgovina\/knjige\/leposlovje\/igra-v-kotu\/\",\"url\":\"https:\/\/www.salve.si\/trgovina\/knjige\/leposlovje\/igra-v-kotu\/\",\"name\":\"IGRA V KOTU - Salve\",\"isPartOf\":{\"@id\":\"https:\/\/www.salve.si\/#website\"},\"primaryImageOfPage\":{\"@id\":\"https:\/\/www.salve.si\/trgovina\/knjige\/leposlovje\/igra-v-kotu\/#primaryimage\"},\"image\":{\"@id\":\"https:\/\/www.salve.si\/trgovina\/knjige\/leposlovje\/igra-v-kotu\/#primaryimage\"},\"thumbnailUrl\":\"https:\/\/www.salve.si\/wp-content\/uploads\/2022\/07\/SALVE_DEVJAK-STANKA_Igra-v-kotu_OVITEK_2022-06-16-1_naslovnica.jpg\",\"datePublished\":\"2022-06-25T14:03:29+00:00\",\"dateModified\":\"2024-01-01T22:00:42+00:00\",\"breadcrumb\":{\"@id\":\"https:\/\/www.salve.si\/trgovina\/knjige\/leposlovje\/igra-v-kotu\/#breadcrumb\"},\"inLanguage\":\"en-US\",\"potentialAction\":[{\"@type\":\"ReadAction\",\"target\":[\"https:\/\/www.salve.si\/trgovina\/knjige\/leposlovje\/igra-v-kotu\/\"]}]},{\"@type\":\"ImageObject\",\"inLanguage\":\"en-US\",\"@id\":\"https:\/\/www.salve.si\/trgovina\/knjige\/leposlovje\/igra-v-kotu\/#primaryimage\",\"url\":\"https:\/\/www.salve.si\/wp-content\/uploads\/2022\/07\/SALVE_DEVJAK-STANKA_Igra-v-kotu_OVITEK_2022-06-16-1_naslovnica.jpg\",\"contentUrl\":\"https:\/\/www.salve.si\/wp-content\/uploads\/2022\/07\/SALVE_DEVJAK-STANKA_Igra-v-kotu_OVITEK_2022-06-16-1_naslovnica.jpg\",\"width\":1308,\"height\":2430},{\"@type\":\"BreadcrumbList\",\"@id\":\"https:\/\/www.salve.si\/trgovina\/knjige\/leposlovje\/igra-v-kotu\/#breadcrumb\",\"itemListElement\":[{\"@type\":\"ListItem\",\"position\":1,\"name\":\"Home\",\"item\":\"https:\/\/www.salve.si\/\"},{\"@type\":\"ListItem\",\"position\":2,\"name\":\"Trgovina\",\"item\":\"https:\/\/www.salve.si\/trgovina\/\"},{\"@type\":\"ListItem\",\"position\":3,\"name\":\"IGRA V KOTU\"}]},{\"@type\":\"WebSite\",\"@id\":\"https:\/\/www.salve.si\/#website\",\"url\":\"https:\/\/www.salve.si\/\",\"name\":\"Salve\",\"description\":\"Salezijanska zalo\u017eba\",\"publisher\":{\"@id\":\"https:\/\/www.salve.si\/#organization\"},\"potentialAction\":[{\"@type\":\"SearchAction\",\"target\":{\"@type\":\"EntryPoint\",\"urlTemplate\":\"https:\/\/www.salve.si\/?s={search_term_string}\"},\"query-input\":{\"@type\":\"PropertyValueSpecification\",\"valueRequired\":true,\"valueName\":\"search_term_string\"}}],\"inLanguage\":\"en-US\"},{\"@type\":\"Organization\",\"@id\":\"https:\/\/www.salve.si\/#organization\",\"name\":\"Salve d.o.o.\",\"url\":\"https:\/\/www.salve.si\/\",\"logo\":{\"@type\":\"ImageObject\",\"inLanguage\":\"en-US\",\"@id\":\"https:\/\/www.salve.si\/#\/schema\/logo\/image\/\",\"url\":\"https:\/\/www.salve.si\/wp-content\/uploads\/2021\/01\/Salve_logo_modri_nov_web.png\",\"contentUrl\":\"https:\/\/www.salve.si\/wp-content\/uploads\/2021\/01\/Salve_logo_modri_nov_web.png\",\"width\":279,\"height\":90,\"caption\":\"Salve d.o.o.\"},\"image\":{\"@id\":\"https:\/\/www.salve.si\/#\/schema\/logo\/image\/\"},\"sameAs\":[\"https:\/\/www.facebook.com\/salve.si\",\"https:\/\/www.instagram.com\/zalozbasalve\/\",\"https:\/\/www.linkedin.com\/company\/zalozba-salve\/\"]}]}<\/script>\n<!-- \/ Yoast SEO plugin. -->","yoast_head_json":{"title":"IGRA V KOTU - Salve","robots":{"index":"index","follow":"follow","max-snippet":"max-snippet:-1","max-image-preview":"max-image-preview:large","max-video-preview":"max-video-preview:-1"},"canonical":"https:\/\/www.salve.si\/en\/trgovina\/knjige\/leposlovje\/igra-v-kotu\/","og_locale":"en_US","og_type":"article","og_title":"IGRA V KOTU - Salve","og_description":"Zbirka Igra v kotu je ve\u010dglasna, kot korali iz sklepnega cikla. Nastajala je br\u017ekone skozi dalj\u0161e obdobje. V njej je v vsaki pesmi prisoten visoki glas brezkon\u010dnosti, a tudi glas tukaj\u0161njosti, glas kon\u010dnosti, ve\u010d glasov kon\u010dnosti. Kot mavri\u010dni lok med Provanso in \u017di\u010dkim samostanom.","og_url":"https:\/\/www.salve.si\/en\/trgovina\/knjige\/leposlovje\/igra-v-kotu\/","og_site_name":"Salve","article_publisher":"https:\/\/www.facebook.com\/salve.si","article_modified_time":"2024-01-01T22:00:42+00:00","og_image":[{"width":1308,"height":2430,"url":"https:\/\/www.salve.si\/wp-content\/uploads\/2022\/07\/SALVE_DEVJAK-STANKA_Igra-v-kotu_OVITEK_2022-06-16-1_naslovnica.jpg","type":"image\/jpeg"}],"twitter_card":"summary_large_image","twitter_misc":{"Est. reading time":"1 minute"},"schema":{"@context":"https:\/\/schema.org","@graph":[{"@type":"WebPage","@id":"https:\/\/www.salve.si\/trgovina\/knjige\/leposlovje\/igra-v-kotu\/","url":"https:\/\/www.salve.si\/trgovina\/knjige\/leposlovje\/igra-v-kotu\/","name":"IGRA V KOTU - Salve","isPartOf":{"@id":"https:\/\/www.salve.si\/#website"},"primaryImageOfPage":{"@id":"https:\/\/www.salve.si\/trgovina\/knjige\/leposlovje\/igra-v-kotu\/#primaryimage"},"image":{"@id":"https:\/\/www.salve.si\/trgovina\/knjige\/leposlovje\/igra-v-kotu\/#primaryimage"},"thumbnailUrl":"https:\/\/www.salve.si\/wp-content\/uploads\/2022\/07\/SALVE_DEVJAK-STANKA_Igra-v-kotu_OVITEK_2022-06-16-1_naslovnica.jpg","datePublished":"2022-06-25T14:03:29+00:00","dateModified":"2024-01-01T22:00:42+00:00","breadcrumb":{"@id":"https:\/\/www.salve.si\/trgovina\/knjige\/leposlovje\/igra-v-kotu\/#breadcrumb"},"inLanguage":"en-US","potentialAction":[{"@type":"ReadAction","target":["https:\/\/www.salve.si\/trgovina\/knjige\/leposlovje\/igra-v-kotu\/"]}]},{"@type":"ImageObject","inLanguage":"en-US","@id":"https:\/\/www.salve.si\/trgovina\/knjige\/leposlovje\/igra-v-kotu\/#primaryimage","url":"https:\/\/www.salve.si\/wp-content\/uploads\/2022\/07\/SALVE_DEVJAK-STANKA_Igra-v-kotu_OVITEK_2022-06-16-1_naslovnica.jpg","contentUrl":"https:\/\/www.salve.si\/wp-content\/uploads\/2022\/07\/SALVE_DEVJAK-STANKA_Igra-v-kotu_OVITEK_2022-06-16-1_naslovnica.jpg","width":1308,"height":2430},{"@type":"BreadcrumbList","@id":"https:\/\/www.salve.si\/trgovina\/knjige\/leposlovje\/igra-v-kotu\/#breadcrumb","itemListElement":[{"@type":"ListItem","position":1,"name":"Home","item":"https:\/\/www.salve.si\/"},{"@type":"ListItem","position":2,"name":"Trgovina","item":"https:\/\/www.salve.si\/trgovina\/"},{"@type":"ListItem","position":3,"name":"IGRA V KOTU"}]},{"@type":"WebSite","@id":"https:\/\/www.salve.si\/#website","url":"https:\/\/www.salve.si\/","name":"Salve","description":"Salezijanska zalo\u017eba","publisher":{"@id":"https:\/\/www.salve.si\/#organization"},"potentialAction":[{"@type":"SearchAction","target":{"@type":"EntryPoint","urlTemplate":"https:\/\/www.salve.si\/?s={search_term_string}"},"query-input":{"@type":"PropertyValueSpecification","valueRequired":true,"valueName":"search_term_string"}}],"inLanguage":"en-US"},{"@type":"Organization","@id":"https:\/\/www.salve.si\/#organization","name":"Salve d.o.o.","url":"https:\/\/www.salve.si\/","logo":{"@type":"ImageObject","inLanguage":"en-US","@id":"https:\/\/www.salve.si\/#\/schema\/logo\/image\/","url":"https:\/\/www.salve.si\/wp-content\/uploads\/2021\/01\/Salve_logo_modri_nov_web.png","contentUrl":"https:\/\/www.salve.si\/wp-content\/uploads\/2021\/01\/Salve_logo_modri_nov_web.png","width":279,"height":90,"caption":"Salve d.o.o."},"image":{"@id":"https:\/\/www.salve.si\/#\/schema\/logo\/image\/"},"sameAs":["https:\/\/www.facebook.com\/salve.si","https:\/\/www.instagram.com\/zalozbasalve\/","https:\/\/www.linkedin.com\/company\/zalozba-salve\/"]}]}},"_links":{"self":[{"href":"https:\/\/www.salve.si\/en\/wp-json\/wp\/v2\/product\/15878","targetHints":{"allow":["GET"]}}],"collection":[{"href":"https:\/\/www.salve.si\/en\/wp-json\/wp\/v2\/product"}],"about":[{"href":"https:\/\/www.salve.si\/en\/wp-json\/wp\/v2\/types\/product"}],"version-history":[{"count":3,"href":"https:\/\/www.salve.si\/en\/wp-json\/wp\/v2\/product\/15878\/revisions"}],"predecessor-version":[{"id":16371,"href":"https:\/\/www.salve.si\/en\/wp-json\/wp\/v2\/product\/15878\/revisions\/16371"}],"wp:featuredmedia":[{"embeddable":true,"href":"https:\/\/www.salve.si\/en\/wp-json\/wp\/v2\/media\/15880"}],"wp:attachment":[{"href":"https:\/\/www.salve.si\/en\/wp-json\/wp\/v2\/media?parent=15878"}],"wp:term":[{"taxonomy":"product_cat","embeddable":true,"href":"https:\/\/www.salve.si\/en\/wp-json\/wp\/v2\/product_cat?post=15878"},{"taxonomy":"product_tag","embeddable":true,"href":"https:\/\/www.salve.si\/en\/wp-json\/wp\/v2\/product_tag?post=15878"}],"curies":[{"name":"wp","href":"https:\/\/api.w.org\/{rel}","templated":true}]}}