{"id":15856,"date":"2022-07-01T15:24:52","date_gmt":"2022-07-01T13:24:52","guid":{"rendered":"https:\/\/www.salve.si\/?post_type=product&#038;p=15856"},"modified":"2026-01-01T00:00:10","modified_gmt":"2025-12-31T23:00:10","slug":"ti-si-duhovnik-vekomaj","status":"publish","type":"product","link":"https:\/\/www.salve.si\/en\/trgovina\/knjige\/teologija-in-duhovnost\/ti-si-duhovnik-vekomaj\/","title":{"rendered":"TI SI DUHOVNIK VEKOMAJ"},"content":{"rendered":"<p>Dnevi duhovni\u0161kega posve\u010denja so v Cerkvi prazni\u010dni. Kak\u0161no veselje je videti te sre\u010dne mlade duhovnike, da se podarjajo Gospodu! Kdo ni kdaj ob\u010dudoval globoke sre\u010de, ki preveva zgubano in utrujeno obli\u010dje ostarelih duhovnikov, ki so bili zvesti toliko let? Slu\u017ebeno duhovni\u0161tvo je izvir sre\u010de, ker je v podarjanju Bo\u017ejega \u017eivljenja in usmerja du\u0161e k nebesom, naproti popolni sre\u010di.<\/p>\n<p>Vendar pa v dana\u0161njem \u010dasu nad \u017eivljenjem duhovnikov visi no\u010dna senca. Ne mine teden brez izbruha afere o spolnih zlorabah ali sprevr\u017eenosti. Resnici je treba pogledati v obraz: zdi se, da se duhovni\u0161tvo maje. Ne moremo se delati, kakor da to ni ni\u010d. Kakor bi bilo vse to samo nezgoda. Zlu je treba pogledati v o\u010di. Zakaj je toliko sprevr\u017eenosti, stranpoti, pokvarjenosti? Ljudje od nas upravi\u010deno zahtevajo ra\u010dune. Upravi\u010deno je, da nam pravijo: \u00bbKakor farizeji ste, govorite, a ne delate\u00ab (prim. Mt 23,3).<\/p>\n<p>O\u010ditno je, da svetost, ki mora \u017eareti v duhovniku, prihaja od svetosti Boga. Duhovniki morajo postati popolni in sveti, upodobljeni po Jezusu Kristusu. Kot duhovniki moramo tako delovati, da dose\u017eemo vse \u010dlove\u0161ke in kr\u0161\u010danske kreposti, da bi se resni\u010dno prili\u010dili Kristusu in mu bili podobni.<span class=\"slv-content-keywords\"> Robert Sarah kardinal Duhovnost Knjige Teologija in duhovnost duhovnik duhovni\u0161tvo duhovnost Kristus MEDITACIJE O PODOBI DUHOVNIKA <\/span><\/p>","protected":false},"excerpt":{"rendered":"<p>Kardinal Robert Sarah v knjigi \u00bbTi si duhovnik vekomaj\u00ab &#8211; Meditacije o podobi duhovnika v \u0161tirinajstih poglavjih obravnava temelje duhovni\u0161ke slu\u017ebe in poslanstva. Tehtno odgovarja na hudo krizo, ki pretresa katoli\u0161ko Cerkev. V knjigi nas nagovorijo: cerkvena u\u010diteljica sveta Katarina Sienska, pape\u017e sveti Gregorij V\u00e9liki, sveti Janez Zlatousti, sveti Janez Pavel II., kardinal Jean-Marie Lustiger, sveti Bernard iz Clairvauxa, pape\u017e Benedikt XVI., Georges Bernanos, sveti Janez Henrik Newman, pape\u017e Fran\u010di\u0161ek, pape\u017e Pij XII. in sveti Avgu\u0161tin.<\/p>","protected":false},"featured_media":15859,"template":"","meta":{"_acf_changed":false,"footnotes":""},"product_cat":[1128,141,314],"product_tag":[1151,1152,999,991],"class_list":{"0":"post-15856","1":"product","2":"type-product","3":"status-publish","4":"has-post-thumbnail","6":"authors-robert-sarah-kardinal","7":"publisher-salve-d-o-o-ljubljana","8":"product_cat-duhovnost","9":"product_cat-knjige","10":"product_cat-teologija-in-duhovnost","11":"product_tag-duhovnik","12":"product_tag-duhovnistvo","13":"product_tag-duhovnost","14":"product_tag-kristus","16":"first","17":"instock","18":"shipping-taxable","19":"purchasable","20":"product-type-simple"},"acf":[],"yoast_head":"<!-- This site is optimized with the Yoast SEO plugin v23.8 - https:\/\/yoast.com\/wordpress\/plugins\/seo\/ -->\n<title>TI SI DUHOVNIK VEKOMAJ - Salve<\/title>\n<meta name=\"robots\" content=\"index, follow, max-snippet:-1, max-image-preview:large, max-video-preview:-1\" \/>\n<link rel=\"canonical\" href=\"https:\/\/www.salve.si\/en\/trgovina\/knjige\/teologija-in-duhovnost\/ti-si-duhovnik-vekomaj\/\" \/>\n<meta property=\"og:locale\" content=\"en_US\" \/>\n<meta property=\"og:type\" content=\"article\" \/>\n<meta property=\"og:title\" content=\"TI SI DUHOVNIK VEKOMAJ - Salve\" \/>\n<meta property=\"og:description\" content=\"Kardinal Robert Sarah v knjigi \u00bbTi si duhovnik vekomaj\u00ab - Meditacije o podobi duhovnika v \u0161tirinajstih poglavjih obravnava temelje duhovni\u0161ke slu\u017ebe in poslanstva. Tehtno odgovarja na hudo krizo, ki pretresa katoli\u0161ko Cerkev. V knjigi nas nagovorijo: cerkvena u\u010diteljica sveta Katarina Sienska, pape\u017e sveti Gregorij V\u00e9liki, sveti Janez Zlatousti, sveti Janez Pavel II., kardinal Jean-Marie Lustiger, sveti Bernard iz Clairvauxa, pape\u017e Benedikt XVI., Georges Bernanos, sveti Janez Henrik Newman, pape\u017e Fran\u010di\u0161ek, pape\u017e Pij XII. in sveti Avgu\u0161tin.\" \/>\n<meta property=\"og:url\" content=\"https:\/\/www.salve.si\/en\/trgovina\/knjige\/teologija-in-duhovnost\/ti-si-duhovnik-vekomaj\/\" \/>\n<meta property=\"og:site_name\" content=\"Salve\" \/>\n<meta property=\"article:publisher\" content=\"https:\/\/www.facebook.com\/salve.si\" \/>\n<meta property=\"article:modified_time\" content=\"2025-12-31T23:00:10+00:00\" \/>\n<meta property=\"og:image\" content=\"https:\/\/www.salve.si\/wp-content\/uploads\/2022\/07\/Ti-si-duhovnik-vekomaj_Sarah_NASLOVNICA.jpg\" \/>\n\t<meta property=\"og:image:width\" content=\"801\" \/>\n\t<meta property=\"og:image:height\" content=\"1241\" \/>\n\t<meta property=\"og:image:type\" content=\"image\/jpeg\" \/>\n<meta name=\"twitter:card\" content=\"summary_large_image\" \/>\n<meta name=\"twitter:label1\" content=\"Est. reading time\" \/>\n\t<meta name=\"twitter:data1\" content=\"1 minute\" \/>\n<script type=\"application\/ld+json\" class=\"yoast-schema-graph\">{\"@context\":\"https:\/\/schema.org\",\"@graph\":[{\"@type\":\"WebPage\",\"@id\":\"https:\/\/www.salve.si\/trgovina\/knjige\/teologija-in-duhovnost\/ti-si-duhovnik-vekomaj\/\",\"url\":\"https:\/\/www.salve.si\/trgovina\/knjige\/teologija-in-duhovnost\/ti-si-duhovnik-vekomaj\/\",\"name\":\"TI SI DUHOVNIK VEKOMAJ - Salve\",\"isPartOf\":{\"@id\":\"https:\/\/www.salve.si\/#website\"},\"primaryImageOfPage\":{\"@id\":\"https:\/\/www.salve.si\/trgovina\/knjige\/teologija-in-duhovnost\/ti-si-duhovnik-vekomaj\/#primaryimage\"},\"image\":{\"@id\":\"https:\/\/www.salve.si\/trgovina\/knjige\/teologija-in-duhovnost\/ti-si-duhovnik-vekomaj\/#primaryimage\"},\"thumbnailUrl\":\"https:\/\/www.salve.si\/wp-content\/uploads\/2022\/07\/Ti-si-duhovnik-vekomaj_Sarah_NASLOVNICA.jpg\",\"datePublished\":\"2022-07-01T13:24:52+00:00\",\"dateModified\":\"2025-12-31T23:00:10+00:00\",\"breadcrumb\":{\"@id\":\"https:\/\/www.salve.si\/trgovina\/knjige\/teologija-in-duhovnost\/ti-si-duhovnik-vekomaj\/#breadcrumb\"},\"inLanguage\":\"en-US\",\"potentialAction\":[{\"@type\":\"ReadAction\",\"target\":[\"https:\/\/www.salve.si\/trgovina\/knjige\/teologija-in-duhovnost\/ti-si-duhovnik-vekomaj\/\"]}]},{\"@type\":\"ImageObject\",\"inLanguage\":\"en-US\",\"@id\":\"https:\/\/www.salve.si\/trgovina\/knjige\/teologija-in-duhovnost\/ti-si-duhovnik-vekomaj\/#primaryimage\",\"url\":\"https:\/\/www.salve.si\/wp-content\/uploads\/2022\/07\/Ti-si-duhovnik-vekomaj_Sarah_NASLOVNICA.jpg\",\"contentUrl\":\"https:\/\/www.salve.si\/wp-content\/uploads\/2022\/07\/Ti-si-duhovnik-vekomaj_Sarah_NASLOVNICA.jpg\",\"width\":801,\"height\":1241},{\"@type\":\"BreadcrumbList\",\"@id\":\"https:\/\/www.salve.si\/trgovina\/knjige\/teologija-in-duhovnost\/ti-si-duhovnik-vekomaj\/#breadcrumb\",\"itemListElement\":[{\"@type\":\"ListItem\",\"position\":1,\"name\":\"Home\",\"item\":\"https:\/\/www.salve.si\/\"},{\"@type\":\"ListItem\",\"position\":2,\"name\":\"Trgovina\",\"item\":\"https:\/\/www.salve.si\/trgovina\/\"},{\"@type\":\"ListItem\",\"position\":3,\"name\":\"TI SI DUHOVNIK VEKOMAJ\"}]},{\"@type\":\"WebSite\",\"@id\":\"https:\/\/www.salve.si\/#website\",\"url\":\"https:\/\/www.salve.si\/\",\"name\":\"Salve\",\"description\":\"Salezijanska zalo\u017eba\",\"publisher\":{\"@id\":\"https:\/\/www.salve.si\/#organization\"},\"potentialAction\":[{\"@type\":\"SearchAction\",\"target\":{\"@type\":\"EntryPoint\",\"urlTemplate\":\"https:\/\/www.salve.si\/?s={search_term_string}\"},\"query-input\":{\"@type\":\"PropertyValueSpecification\",\"valueRequired\":true,\"valueName\":\"search_term_string\"}}],\"inLanguage\":\"en-US\"},{\"@type\":\"Organization\",\"@id\":\"https:\/\/www.salve.si\/#organization\",\"name\":\"Salve d.o.o.\",\"url\":\"https:\/\/www.salve.si\/\",\"logo\":{\"@type\":\"ImageObject\",\"inLanguage\":\"en-US\",\"@id\":\"https:\/\/www.salve.si\/#\/schema\/logo\/image\/\",\"url\":\"https:\/\/www.salve.si\/wp-content\/uploads\/2021\/01\/Salve_logo_modri_nov_web.png\",\"contentUrl\":\"https:\/\/www.salve.si\/wp-content\/uploads\/2021\/01\/Salve_logo_modri_nov_web.png\",\"width\":279,\"height\":90,\"caption\":\"Salve d.o.o.\"},\"image\":{\"@id\":\"https:\/\/www.salve.si\/#\/schema\/logo\/image\/\"},\"sameAs\":[\"https:\/\/www.facebook.com\/salve.si\",\"https:\/\/www.instagram.com\/zalozbasalve\/\",\"https:\/\/www.linkedin.com\/company\/zalozba-salve\/\"]}]}<\/script>\n<!-- \/ Yoast SEO plugin. -->","yoast_head_json":{"title":"TI SI DUHOVNIK VEKOMAJ - Salve","robots":{"index":"index","follow":"follow","max-snippet":"max-snippet:-1","max-image-preview":"max-image-preview:large","max-video-preview":"max-video-preview:-1"},"canonical":"https:\/\/www.salve.si\/en\/trgovina\/knjige\/teologija-in-duhovnost\/ti-si-duhovnik-vekomaj\/","og_locale":"en_US","og_type":"article","og_title":"TI SI DUHOVNIK VEKOMAJ - Salve","og_description":"Kardinal Robert Sarah v knjigi \u00bbTi si duhovnik vekomaj\u00ab - Meditacije o podobi duhovnika v \u0161tirinajstih poglavjih obravnava temelje duhovni\u0161ke slu\u017ebe in poslanstva. Tehtno odgovarja na hudo krizo, ki pretresa katoli\u0161ko Cerkev. V knjigi nas nagovorijo: cerkvena u\u010diteljica sveta Katarina Sienska, pape\u017e sveti Gregorij V\u00e9liki, sveti Janez Zlatousti, sveti Janez Pavel II., kardinal Jean-Marie Lustiger, sveti Bernard iz Clairvauxa, pape\u017e Benedikt XVI., Georges Bernanos, sveti Janez Henrik Newman, pape\u017e Fran\u010di\u0161ek, pape\u017e Pij XII. in sveti Avgu\u0161tin.","og_url":"https:\/\/www.salve.si\/en\/trgovina\/knjige\/teologija-in-duhovnost\/ti-si-duhovnik-vekomaj\/","og_site_name":"Salve","article_publisher":"https:\/\/www.facebook.com\/salve.si","article_modified_time":"2025-12-31T23:00:10+00:00","og_image":[{"width":801,"height":1241,"url":"https:\/\/www.salve.si\/wp-content\/uploads\/2022\/07\/Ti-si-duhovnik-vekomaj_Sarah_NASLOVNICA.jpg","type":"image\/jpeg"}],"twitter_card":"summary_large_image","twitter_misc":{"Est. reading time":"1 minute"},"schema":{"@context":"https:\/\/schema.org","@graph":[{"@type":"WebPage","@id":"https:\/\/www.salve.si\/trgovina\/knjige\/teologija-in-duhovnost\/ti-si-duhovnik-vekomaj\/","url":"https:\/\/www.salve.si\/trgovina\/knjige\/teologija-in-duhovnost\/ti-si-duhovnik-vekomaj\/","name":"TI SI DUHOVNIK VEKOMAJ - Salve","isPartOf":{"@id":"https:\/\/www.salve.si\/#website"},"primaryImageOfPage":{"@id":"https:\/\/www.salve.si\/trgovina\/knjige\/teologija-in-duhovnost\/ti-si-duhovnik-vekomaj\/#primaryimage"},"image":{"@id":"https:\/\/www.salve.si\/trgovina\/knjige\/teologija-in-duhovnost\/ti-si-duhovnik-vekomaj\/#primaryimage"},"thumbnailUrl":"https:\/\/www.salve.si\/wp-content\/uploads\/2022\/07\/Ti-si-duhovnik-vekomaj_Sarah_NASLOVNICA.jpg","datePublished":"2022-07-01T13:24:52+00:00","dateModified":"2025-12-31T23:00:10+00:00","breadcrumb":{"@id":"https:\/\/www.salve.si\/trgovina\/knjige\/teologija-in-duhovnost\/ti-si-duhovnik-vekomaj\/#breadcrumb"},"inLanguage":"en-US","potentialAction":[{"@type":"ReadAction","target":["https:\/\/www.salve.si\/trgovina\/knjige\/teologija-in-duhovnost\/ti-si-duhovnik-vekomaj\/"]}]},{"@type":"ImageObject","inLanguage":"en-US","@id":"https:\/\/www.salve.si\/trgovina\/knjige\/teologija-in-duhovnost\/ti-si-duhovnik-vekomaj\/#primaryimage","url":"https:\/\/www.salve.si\/wp-content\/uploads\/2022\/07\/Ti-si-duhovnik-vekomaj_Sarah_NASLOVNICA.jpg","contentUrl":"https:\/\/www.salve.si\/wp-content\/uploads\/2022\/07\/Ti-si-duhovnik-vekomaj_Sarah_NASLOVNICA.jpg","width":801,"height":1241},{"@type":"BreadcrumbList","@id":"https:\/\/www.salve.si\/trgovina\/knjige\/teologija-in-duhovnost\/ti-si-duhovnik-vekomaj\/#breadcrumb","itemListElement":[{"@type":"ListItem","position":1,"name":"Home","item":"https:\/\/www.salve.si\/"},{"@type":"ListItem","position":2,"name":"Trgovina","item":"https:\/\/www.salve.si\/trgovina\/"},{"@type":"ListItem","position":3,"name":"TI SI DUHOVNIK VEKOMAJ"}]},{"@type":"WebSite","@id":"https:\/\/www.salve.si\/#website","url":"https:\/\/www.salve.si\/","name":"Salve","description":"Salezijanska zalo\u017eba","publisher":{"@id":"https:\/\/www.salve.si\/#organization"},"potentialAction":[{"@type":"SearchAction","target":{"@type":"EntryPoint","urlTemplate":"https:\/\/www.salve.si\/?s={search_term_string}"},"query-input":{"@type":"PropertyValueSpecification","valueRequired":true,"valueName":"search_term_string"}}],"inLanguage":"en-US"},{"@type":"Organization","@id":"https:\/\/www.salve.si\/#organization","name":"Salve d.o.o.","url":"https:\/\/www.salve.si\/","logo":{"@type":"ImageObject","inLanguage":"en-US","@id":"https:\/\/www.salve.si\/#\/schema\/logo\/image\/","url":"https:\/\/www.salve.si\/wp-content\/uploads\/2021\/01\/Salve_logo_modri_nov_web.png","contentUrl":"https:\/\/www.salve.si\/wp-content\/uploads\/2021\/01\/Salve_logo_modri_nov_web.png","width":279,"height":90,"caption":"Salve d.o.o."},"image":{"@id":"https:\/\/www.salve.si\/#\/schema\/logo\/image\/"},"sameAs":["https:\/\/www.facebook.com\/salve.si","https:\/\/www.instagram.com\/zalozbasalve\/","https:\/\/www.linkedin.com\/company\/zalozba-salve\/"]}]}},"_links":{"self":[{"href":"https:\/\/www.salve.si\/en\/wp-json\/wp\/v2\/product\/15856","targetHints":{"allow":["GET"]}}],"collection":[{"href":"https:\/\/www.salve.si\/en\/wp-json\/wp\/v2\/product"}],"about":[{"href":"https:\/\/www.salve.si\/en\/wp-json\/wp\/v2\/types\/product"}],"version-history":[{"count":4,"href":"https:\/\/www.salve.si\/en\/wp-json\/wp\/v2\/product\/15856\/revisions"}],"predecessor-version":[{"id":16954,"href":"https:\/\/www.salve.si\/en\/wp-json\/wp\/v2\/product\/15856\/revisions\/16954"}],"wp:featuredmedia":[{"embeddable":true,"href":"https:\/\/www.salve.si\/en\/wp-json\/wp\/v2\/media\/15859"}],"wp:attachment":[{"href":"https:\/\/www.salve.si\/en\/wp-json\/wp\/v2\/media?parent=15856"}],"wp:term":[{"taxonomy":"product_cat","embeddable":true,"href":"https:\/\/www.salve.si\/en\/wp-json\/wp\/v2\/product_cat?post=15856"},{"taxonomy":"product_tag","embeddable":true,"href":"https:\/\/www.salve.si\/en\/wp-json\/wp\/v2\/product_tag?post=15856"}],"curies":[{"name":"wp","href":"https:\/\/api.w.org\/{rel}","templated":true}]}}