{"id":15842,"date":"2022-06-25T15:13:48","date_gmt":"2022-06-25T13:13:48","guid":{"rendered":"https:\/\/www.salve.si\/?post_type=product&#038;p=15842"},"modified":"2022-11-21T08:51:24","modified_gmt":"2022-11-21T07:51:24","slug":"akash-bashir","status":"publish","type":"product","link":"https:\/\/www.salve.si\/en\/trgovina\/knjige\/mladinske\/akash-bashir\/","title":{"rendered":"AKASH BASHIR"},"content":{"rendered":"<p>Akash Bashir \u017eivi normalno \u017eivljenje, kot vsak drug mladeni\u010d, med dru\u017eino, prijatelji, \u0161olo, slu\u017ebo, \u0161portom in molitvijo. Seveda v dr\u017eavi, kot je Pakistan, kjer prevladuje konservativna muslimanska vera, biti mlad katoli\u010dan ni majhna stvar. Tu vera ni le naziv ali dru\u017einska tradicija, temve\u010d identiteta.<\/p>\n<p>Preprosta, a pomembna nit, zaradi katere je bil njegov obstoj druga\u010den, je bilo \u00bbslu\u017eenje\u00ab. Vsak trenutek Akashevega \u017eivljenja je bil dejanje slu\u017eenja in umrl je, ko je slu\u017eil skupnosti v svoji soseski, umrl je, ko je slu\u017eil do te mere, da je dal svoje \u017eivljenje.<span class=\"slv-content-keywords\"> Knjige Avtobiografije, \u017eivljenjepisi Mladinske Pierluigi Cameroni kr\u0161\u010danstvo mladi neleposlovje za odrasle Pakistan pri\u010devanja svetni\u0161ki kandidati Pakistanski pri\u010devalec <\/span><\/p>","protected":false},"excerpt":{"rendered":"<p>Akash Bashir, pakistanski pri\u010devalec<\/p>\n<p>\u017divljenje Akasha Bashirja (Aka\u0161 Ba\u0161ir) je presenetljivo vsakdanje. Salezijanski dijak, mlad katoli\u010dan, rojen v skromni dru\u017eini, a z globoko in iskreno vero. \u0160tudiral je v salezijansem zavodu v Pakistanu, v mestu Lahore, v kr\u0161\u010danskem okro\u017eju Youhanabad.<\/p>","protected":false},"featured_media":15844,"template":"","meta":{"_acf_changed":false,"footnotes":""},"product_cat":[141,315,266],"product_tag":[982,806,1149,1147,1148,1146],"class_list":{"0":"post-15842","1":"product","2":"type-product","3":"status-publish","4":"has-post-thumbnail","6":"authors-pierluigi-cameroni","7":"publisher-salve-d-o-o-ljubljana","8":"product_cat-knjige","9":"product_cat-svetniki-in-zivljenjepisi","10":"product_cat-mladinske","11":"product_tag-krscanstvo","12":"product_tag-mladi","13":"product_tag-neleposlovje-za-odrasle","14":"product_tag-pakistan","15":"product_tag-pricevanja","16":"product_tag-svetniski-kandidati","18":"first","19":"instock","20":"shipping-taxable","21":"purchasable","22":"product-type-simple"},"acf":[],"yoast_head":"<!-- This site is optimized with the Yoast SEO plugin v23.8 - https:\/\/yoast.com\/wordpress\/plugins\/seo\/ -->\n<title>AKASH BASHIR - Salve<\/title>\n<meta name=\"robots\" content=\"index, follow, max-snippet:-1, max-image-preview:large, max-video-preview:-1\" \/>\n<link rel=\"canonical\" href=\"https:\/\/www.salve.si\/en\/trgovina\/knjige\/mladinske\/akash-bashir\/\" \/>\n<meta property=\"og:locale\" content=\"en_US\" \/>\n<meta property=\"og:type\" content=\"article\" \/>\n<meta property=\"og:title\" content=\"AKASH BASHIR - Salve\" \/>\n<meta property=\"og:description\" content=\"Akash Bashir, pakistanski pri\u010devalec  \u017divljenje Akasha Bashirja (Aka\u0161 Ba\u0161ir) je presenetljivo vsakdanje. Salezijanski dijak, mlad katoli\u010dan, rojen v skromni dru\u017eini, a z globoko in iskreno vero. \u0160tudiral je v salezijansem zavodu v Pakistanu, v mestu Lahore, v kr\u0161\u010danskem okro\u017eju Youhanabad.\" \/>\n<meta property=\"og:url\" content=\"https:\/\/www.salve.si\/en\/trgovina\/knjige\/mladinske\/akash-bashir\/\" \/>\n<meta property=\"og:site_name\" content=\"Salve\" \/>\n<meta property=\"article:publisher\" content=\"https:\/\/www.facebook.com\/salve.si\" \/>\n<meta property=\"article:modified_time\" content=\"2022-11-21T07:51:24+00:00\" \/>\n<meta property=\"og:image\" content=\"https:\/\/www.salve.si\/wp-content\/uploads\/2022\/06\/Akash-Bashir-NASLOVNICA.jpg\" \/>\n\t<meta property=\"og:image:width\" content=\"952\" \/>\n\t<meta property=\"og:image:height\" content=\"1536\" \/>\n\t<meta property=\"og:image:type\" content=\"image\/jpeg\" \/>\n<meta name=\"twitter:card\" content=\"summary_large_image\" \/>\n<meta name=\"twitter:label1\" content=\"Est. reading time\" \/>\n\t<meta name=\"twitter:data1\" content=\"1 minute\" \/>\n<script type=\"application\/ld+json\" class=\"yoast-schema-graph\">{\"@context\":\"https:\/\/schema.org\",\"@graph\":[{\"@type\":\"WebPage\",\"@id\":\"https:\/\/www.salve.si\/trgovina\/knjige\/mladinske\/akash-bashir\/\",\"url\":\"https:\/\/www.salve.si\/trgovina\/knjige\/mladinske\/akash-bashir\/\",\"name\":\"AKASH BASHIR - Salve\",\"isPartOf\":{\"@id\":\"https:\/\/www.salve.si\/#website\"},\"primaryImageOfPage\":{\"@id\":\"https:\/\/www.salve.si\/trgovina\/knjige\/mladinske\/akash-bashir\/#primaryimage\"},\"image\":{\"@id\":\"https:\/\/www.salve.si\/trgovina\/knjige\/mladinske\/akash-bashir\/#primaryimage\"},\"thumbnailUrl\":\"https:\/\/www.salve.si\/wp-content\/uploads\/2022\/06\/Akash-Bashir-NASLOVNICA.jpg\",\"datePublished\":\"2022-06-25T13:13:48+00:00\",\"dateModified\":\"2022-11-21T07:51:24+00:00\",\"breadcrumb\":{\"@id\":\"https:\/\/www.salve.si\/trgovina\/knjige\/mladinske\/akash-bashir\/#breadcrumb\"},\"inLanguage\":\"en-US\",\"potentialAction\":[{\"@type\":\"ReadAction\",\"target\":[\"https:\/\/www.salve.si\/trgovina\/knjige\/mladinske\/akash-bashir\/\"]}]},{\"@type\":\"ImageObject\",\"inLanguage\":\"en-US\",\"@id\":\"https:\/\/www.salve.si\/trgovina\/knjige\/mladinske\/akash-bashir\/#primaryimage\",\"url\":\"https:\/\/www.salve.si\/wp-content\/uploads\/2022\/06\/Akash-Bashir-NASLOVNICA.jpg\",\"contentUrl\":\"https:\/\/www.salve.si\/wp-content\/uploads\/2022\/06\/Akash-Bashir-NASLOVNICA.jpg\",\"width\":952,\"height\":1536},{\"@type\":\"BreadcrumbList\",\"@id\":\"https:\/\/www.salve.si\/trgovina\/knjige\/mladinske\/akash-bashir\/#breadcrumb\",\"itemListElement\":[{\"@type\":\"ListItem\",\"position\":1,\"name\":\"Home\",\"item\":\"https:\/\/www.salve.si\/\"},{\"@type\":\"ListItem\",\"position\":2,\"name\":\"Trgovina\",\"item\":\"https:\/\/www.salve.si\/trgovina\/\"},{\"@type\":\"ListItem\",\"position\":3,\"name\":\"AKASH BASHIR\"}]},{\"@type\":\"WebSite\",\"@id\":\"https:\/\/www.salve.si\/#website\",\"url\":\"https:\/\/www.salve.si\/\",\"name\":\"Salve\",\"description\":\"Salezijanska zalo\u017eba\",\"publisher\":{\"@id\":\"https:\/\/www.salve.si\/#organization\"},\"potentialAction\":[{\"@type\":\"SearchAction\",\"target\":{\"@type\":\"EntryPoint\",\"urlTemplate\":\"https:\/\/www.salve.si\/?s={search_term_string}\"},\"query-input\":{\"@type\":\"PropertyValueSpecification\",\"valueRequired\":true,\"valueName\":\"search_term_string\"}}],\"inLanguage\":\"en-US\"},{\"@type\":\"Organization\",\"@id\":\"https:\/\/www.salve.si\/#organization\",\"name\":\"Salve d.o.o.\",\"url\":\"https:\/\/www.salve.si\/\",\"logo\":{\"@type\":\"ImageObject\",\"inLanguage\":\"en-US\",\"@id\":\"https:\/\/www.salve.si\/#\/schema\/logo\/image\/\",\"url\":\"https:\/\/www.salve.si\/wp-content\/uploads\/2021\/01\/Salve_logo_modri_nov_web.png\",\"contentUrl\":\"https:\/\/www.salve.si\/wp-content\/uploads\/2021\/01\/Salve_logo_modri_nov_web.png\",\"width\":279,\"height\":90,\"caption\":\"Salve d.o.o.\"},\"image\":{\"@id\":\"https:\/\/www.salve.si\/#\/schema\/logo\/image\/\"},\"sameAs\":[\"https:\/\/www.facebook.com\/salve.si\",\"https:\/\/www.instagram.com\/zalozbasalve\/\",\"https:\/\/www.linkedin.com\/company\/zalozba-salve\/\"]}]}<\/script>\n<!-- \/ Yoast SEO plugin. -->","yoast_head_json":{"title":"AKASH BASHIR - Salve","robots":{"index":"index","follow":"follow","max-snippet":"max-snippet:-1","max-image-preview":"max-image-preview:large","max-video-preview":"max-video-preview:-1"},"canonical":"https:\/\/www.salve.si\/en\/trgovina\/knjige\/mladinske\/akash-bashir\/","og_locale":"en_US","og_type":"article","og_title":"AKASH BASHIR - Salve","og_description":"Akash Bashir, pakistanski pri\u010devalec  \u017divljenje Akasha Bashirja (Aka\u0161 Ba\u0161ir) je presenetljivo vsakdanje. Salezijanski dijak, mlad katoli\u010dan, rojen v skromni dru\u017eini, a z globoko in iskreno vero. \u0160tudiral je v salezijansem zavodu v Pakistanu, v mestu Lahore, v kr\u0161\u010danskem okro\u017eju Youhanabad.","og_url":"https:\/\/www.salve.si\/en\/trgovina\/knjige\/mladinske\/akash-bashir\/","og_site_name":"Salve","article_publisher":"https:\/\/www.facebook.com\/salve.si","article_modified_time":"2022-11-21T07:51:24+00:00","og_image":[{"width":952,"height":1536,"url":"https:\/\/www.salve.si\/wp-content\/uploads\/2022\/06\/Akash-Bashir-NASLOVNICA.jpg","type":"image\/jpeg"}],"twitter_card":"summary_large_image","twitter_misc":{"Est. reading time":"1 minute"},"schema":{"@context":"https:\/\/schema.org","@graph":[{"@type":"WebPage","@id":"https:\/\/www.salve.si\/trgovina\/knjige\/mladinske\/akash-bashir\/","url":"https:\/\/www.salve.si\/trgovina\/knjige\/mladinske\/akash-bashir\/","name":"AKASH BASHIR - Salve","isPartOf":{"@id":"https:\/\/www.salve.si\/#website"},"primaryImageOfPage":{"@id":"https:\/\/www.salve.si\/trgovina\/knjige\/mladinske\/akash-bashir\/#primaryimage"},"image":{"@id":"https:\/\/www.salve.si\/trgovina\/knjige\/mladinske\/akash-bashir\/#primaryimage"},"thumbnailUrl":"https:\/\/www.salve.si\/wp-content\/uploads\/2022\/06\/Akash-Bashir-NASLOVNICA.jpg","datePublished":"2022-06-25T13:13:48+00:00","dateModified":"2022-11-21T07:51:24+00:00","breadcrumb":{"@id":"https:\/\/www.salve.si\/trgovina\/knjige\/mladinske\/akash-bashir\/#breadcrumb"},"inLanguage":"en-US","potentialAction":[{"@type":"ReadAction","target":["https:\/\/www.salve.si\/trgovina\/knjige\/mladinske\/akash-bashir\/"]}]},{"@type":"ImageObject","inLanguage":"en-US","@id":"https:\/\/www.salve.si\/trgovina\/knjige\/mladinske\/akash-bashir\/#primaryimage","url":"https:\/\/www.salve.si\/wp-content\/uploads\/2022\/06\/Akash-Bashir-NASLOVNICA.jpg","contentUrl":"https:\/\/www.salve.si\/wp-content\/uploads\/2022\/06\/Akash-Bashir-NASLOVNICA.jpg","width":952,"height":1536},{"@type":"BreadcrumbList","@id":"https:\/\/www.salve.si\/trgovina\/knjige\/mladinske\/akash-bashir\/#breadcrumb","itemListElement":[{"@type":"ListItem","position":1,"name":"Home","item":"https:\/\/www.salve.si\/"},{"@type":"ListItem","position":2,"name":"Trgovina","item":"https:\/\/www.salve.si\/trgovina\/"},{"@type":"ListItem","position":3,"name":"AKASH BASHIR"}]},{"@type":"WebSite","@id":"https:\/\/www.salve.si\/#website","url":"https:\/\/www.salve.si\/","name":"Salve","description":"Salezijanska zalo\u017eba","publisher":{"@id":"https:\/\/www.salve.si\/#organization"},"potentialAction":[{"@type":"SearchAction","target":{"@type":"EntryPoint","urlTemplate":"https:\/\/www.salve.si\/?s={search_term_string}"},"query-input":{"@type":"PropertyValueSpecification","valueRequired":true,"valueName":"search_term_string"}}],"inLanguage":"en-US"},{"@type":"Organization","@id":"https:\/\/www.salve.si\/#organization","name":"Salve d.o.o.","url":"https:\/\/www.salve.si\/","logo":{"@type":"ImageObject","inLanguage":"en-US","@id":"https:\/\/www.salve.si\/#\/schema\/logo\/image\/","url":"https:\/\/www.salve.si\/wp-content\/uploads\/2021\/01\/Salve_logo_modri_nov_web.png","contentUrl":"https:\/\/www.salve.si\/wp-content\/uploads\/2021\/01\/Salve_logo_modri_nov_web.png","width":279,"height":90,"caption":"Salve d.o.o."},"image":{"@id":"https:\/\/www.salve.si\/#\/schema\/logo\/image\/"},"sameAs":["https:\/\/www.facebook.com\/salve.si","https:\/\/www.instagram.com\/zalozbasalve\/","https:\/\/www.linkedin.com\/company\/zalozba-salve\/"]}]}},"_links":{"self":[{"href":"https:\/\/www.salve.si\/en\/wp-json\/wp\/v2\/product\/15842","targetHints":{"allow":["GET"]}}],"collection":[{"href":"https:\/\/www.salve.si\/en\/wp-json\/wp\/v2\/product"}],"about":[{"href":"https:\/\/www.salve.si\/en\/wp-json\/wp\/v2\/types\/product"}],"version-history":[{"count":3,"href":"https:\/\/www.salve.si\/en\/wp-json\/wp\/v2\/product\/15842\/revisions"}],"predecessor-version":[{"id":16322,"href":"https:\/\/www.salve.si\/en\/wp-json\/wp\/v2\/product\/15842\/revisions\/16322"}],"wp:featuredmedia":[{"embeddable":true,"href":"https:\/\/www.salve.si\/en\/wp-json\/wp\/v2\/media\/15844"}],"wp:attachment":[{"href":"https:\/\/www.salve.si\/en\/wp-json\/wp\/v2\/media?parent=15842"}],"wp:term":[{"taxonomy":"product_cat","embeddable":true,"href":"https:\/\/www.salve.si\/en\/wp-json\/wp\/v2\/product_cat?post=15842"},{"taxonomy":"product_tag","embeddable":true,"href":"https:\/\/www.salve.si\/en\/wp-json\/wp\/v2\/product_tag?post=15842"}],"curies":[{"name":"wp","href":"https:\/\/api.w.org\/{rel}","templated":true}]}}