{"id":15701,"date":"2022-07-22T08:58:48","date_gmt":"2022-07-22T06:58:48","guid":{"rendered":"https:\/\/www.salve.si\/?post_type=product&#038;p=15701"},"modified":"2026-04-17T01:00:04","modified_gmt":"2026-04-16T23:00:04","slug":"bog-je-bog-cloveskega-srca","status":"publish","type":"product","link":"https:\/\/www.salve.si\/en\/trgovina\/knjige\/teologija-in-duhovnost\/bog-je-bog-cloveskega-srca\/","title":{"rendered":"BOG JE BOG \u010cLOVE\u0160KEGA SRCA"},"content":{"rendered":"<p>Francoski duhovnik Michel Torunade, zaljubljen v sv. Fran\u010di\u0161ka in njegovo dedi\u0161\u010dino, se je lotil \u00bbprilagoditve\u00ab Fran\u010di\u0161kove Filoteje, primerne dana\u0161njemu odraslemu in mlademu \u010dloveku.<\/p>\n<p>\u00bbMogli bi si predstavljati, da se na\u0161 \u0161kof iz Annecyja udele\u017ei svetovnih dnevov mladih in pripravlja svojo \u0161kofijo na jubilejno leto. Tedaj bi se na Filotejo, mlado \u0161tudentko na fakulteti, na dijakinjo v srednji \u0161oli, ali na Teotima, \u0161tudenta medicine ali pa koga, ki \u0161tudira ob delu, obrnil s tikanjem.\u00ab<\/p>\n<p>Ta prilagoditev je hotela ohraniti ter prenesti misli in spoznanja savojskega \u0161kofa, zaljubljenega v naravo in dejavnega v svetu, ki potrebuje ljubezen. Kakor je hitri vlak nadomestil po\u0161tno ko\u010dijo, tako primeri v knjigi sku\u0161ajo priklicati na\u0161e okoli\u0161\u010dine in njene stvarnosti.<\/p>\n<p>\u00bbKnji\u017eica te vabi, da odkrije\u0161 duhovno zakoreninjenost, ki ti jo ta mladi \u0161kof predlaga, da okusi\u0161 in odgovori\u0161 na neizmerno ljubezen, s katero te Bog ljubi,\u00ab \u0161e dodaja Michel Torunade v besedi na pot prebiranja Filoteje 21. stoletja.<span class=\"slv-content-keywords\"> Duhovnost Knjige Teologija in duhovnost duhovnost Filoteja Fran\u010di\u0161ek Sale\u0161ki kr\u0161\u010dansko \u017eivljenje vzgoja Michel Tournade FILOTEJA SVETEGA FRAN\u010cI\u0160KA SALE\u0160KEGA ZA DANA\u0160NJI \u010cAS <\/span><\/p>","protected":false},"excerpt":{"rendered":"<p>V letu 2022 se spominjamo 400. obletnice smrti sv. Fran\u010di\u0161ka Sale\u0161kega, zavetnika novinarjev, u\u010diteljev in salezijanske dru\u017eine. S svojim izvirnim pastoralnim in komunikacijskim pristopom je revolucionarno vplival na po\u017eivitev kr\u0161\u010danske vere v svojem okolju in \u010dasu ter navdihoval mnoge rodove vse do dana\u0161njih dni.<\/p>\n<p>\u0160kof iz visoke Savoje je dolgo in podrobno pilil jezik za svoje bralce, ki jih imenuje Filoteja in Teotim. A njegov jezik je jezik 16. in 17. stoletja, ki je za dana\u0161nji \u010das zastarel in nerazumljiv, \u010deprav je vsebina \u0161e kako aktualna.<\/p>","protected":false},"featured_media":15706,"template":"","meta":{"_acf_changed":false,"footnotes":""},"product_cat":[1128,141,314],"product_tag":[999,1129,1131,1130,725],"class_list":{"0":"post-15701","1":"product","2":"type-product","3":"status-publish","4":"has-post-thumbnail","6":"authors-michel-tournade","7":"publisher-salve-d-o-o-ljubljana","8":"product_cat-duhovnost","9":"product_cat-knjige","10":"product_cat-teologija-in-duhovnost","11":"product_tag-duhovnost","12":"product_tag-filoteja","13":"product_tag-francisek-saleski","14":"product_tag-krscansko-zivljenje","15":"product_tag-vzgoja","17":"first","18":"instock","19":"shipping-taxable","20":"purchasable","21":"product-type-simple"},"acf":[],"yoast_head":"<!-- This site is optimized with the Yoast SEO plugin v23.8 - https:\/\/yoast.com\/wordpress\/plugins\/seo\/ -->\n<title>BOG JE BOG \u010cLOVE\u0160KEGA SRCA - Salve<\/title>\n<meta name=\"robots\" content=\"index, follow, max-snippet:-1, max-image-preview:large, max-video-preview:-1\" \/>\n<link rel=\"canonical\" href=\"https:\/\/www.salve.si\/en\/trgovina\/knjige\/teologija-in-duhovnost\/bog-je-bog-cloveskega-srca\/\" \/>\n<meta property=\"og:locale\" content=\"en_US\" \/>\n<meta property=\"og:type\" content=\"article\" \/>\n<meta property=\"og:title\" content=\"BOG JE BOG \u010cLOVE\u0160KEGA SRCA - Salve\" \/>\n<meta property=\"og:description\" content=\"V letu 2022 se spominjamo 400. obletnice smrti sv. Fran\u010di\u0161ka Sale\u0161kega, zavetnika novinarjev, u\u010diteljev in salezijanske dru\u017eine. S svojim izvirnim pastoralnim in komunikacijskim pristopom je revolucionarno vplival na po\u017eivitev kr\u0161\u010danske vere v svojem okolju in \u010dasu ter navdihoval mnoge rodove vse do dana\u0161njih dni.  \u0160kof iz visoke Savoje je dolgo in podrobno pilil jezik za svoje bralce, ki jih imenuje Filoteja in Teotim. A njegov jezik je jezik 16. in 17. stoletja, ki je za dana\u0161nji \u010das zastarel in nerazumljiv, \u010deprav je vsebina \u0161e kako aktualna.\" \/>\n<meta property=\"og:url\" content=\"https:\/\/www.salve.si\/en\/trgovina\/knjige\/teologija-in-duhovnost\/bog-je-bog-cloveskega-srca\/\" \/>\n<meta property=\"og:site_name\" content=\"Salve\" \/>\n<meta property=\"article:publisher\" content=\"https:\/\/www.facebook.com\/salve.si\" \/>\n<meta property=\"article:modified_time\" content=\"2026-04-16T23:00:04+00:00\" \/>\n<meta property=\"og:image\" content=\"https:\/\/www.salve.si\/wp-content\/uploads\/2022\/05\/Bog-je-Bog-cloveskega-srca-NASLOVNICA.jpg\" \/>\n\t<meta property=\"og:image:width\" content=\"1067\" \/>\n\t<meta property=\"og:image:height\" content=\"1654\" \/>\n\t<meta property=\"og:image:type\" content=\"image\/jpeg\" \/>\n<meta name=\"twitter:card\" content=\"summary_large_image\" \/>\n<meta name=\"twitter:label1\" content=\"Est. reading time\" \/>\n\t<meta name=\"twitter:data1\" content=\"2 minutes\" \/>\n<script type=\"application\/ld+json\" class=\"yoast-schema-graph\">{\"@context\":\"https:\/\/schema.org\",\"@graph\":[{\"@type\":\"WebPage\",\"@id\":\"https:\/\/www.salve.si\/trgovina\/knjige\/teologija-in-duhovnost\/bog-je-bog-cloveskega-srca\/\",\"url\":\"https:\/\/www.salve.si\/trgovina\/knjige\/teologija-in-duhovnost\/bog-je-bog-cloveskega-srca\/\",\"name\":\"BOG JE BOG \u010cLOVE\u0160KEGA SRCA - Salve\",\"isPartOf\":{\"@id\":\"https:\/\/www.salve.si\/#website\"},\"primaryImageOfPage\":{\"@id\":\"https:\/\/www.salve.si\/trgovina\/knjige\/teologija-in-duhovnost\/bog-je-bog-cloveskega-srca\/#primaryimage\"},\"image\":{\"@id\":\"https:\/\/www.salve.si\/trgovina\/knjige\/teologija-in-duhovnost\/bog-je-bog-cloveskega-srca\/#primaryimage\"},\"thumbnailUrl\":\"https:\/\/www.salve.si\/wp-content\/uploads\/2022\/05\/Bog-je-Bog-cloveskega-srca-NASLOVNICA.jpg\",\"datePublished\":\"2022-07-22T06:58:48+00:00\",\"dateModified\":\"2026-04-16T23:00:04+00:00\",\"breadcrumb\":{\"@id\":\"https:\/\/www.salve.si\/trgovina\/knjige\/teologija-in-duhovnost\/bog-je-bog-cloveskega-srca\/#breadcrumb\"},\"inLanguage\":\"en-US\",\"potentialAction\":[{\"@type\":\"ReadAction\",\"target\":[\"https:\/\/www.salve.si\/trgovina\/knjige\/teologija-in-duhovnost\/bog-je-bog-cloveskega-srca\/\"]}]},{\"@type\":\"ImageObject\",\"inLanguage\":\"en-US\",\"@id\":\"https:\/\/www.salve.si\/trgovina\/knjige\/teologija-in-duhovnost\/bog-je-bog-cloveskega-srca\/#primaryimage\",\"url\":\"https:\/\/www.salve.si\/wp-content\/uploads\/2022\/05\/Bog-je-Bog-cloveskega-srca-NASLOVNICA.jpg\",\"contentUrl\":\"https:\/\/www.salve.si\/wp-content\/uploads\/2022\/05\/Bog-je-Bog-cloveskega-srca-NASLOVNICA.jpg\",\"width\":1067,\"height\":1654},{\"@type\":\"BreadcrumbList\",\"@id\":\"https:\/\/www.salve.si\/trgovina\/knjige\/teologija-in-duhovnost\/bog-je-bog-cloveskega-srca\/#breadcrumb\",\"itemListElement\":[{\"@type\":\"ListItem\",\"position\":1,\"name\":\"Home\",\"item\":\"https:\/\/www.salve.si\/\"},{\"@type\":\"ListItem\",\"position\":2,\"name\":\"Trgovina\",\"item\":\"https:\/\/www.salve.si\/trgovina\/\"},{\"@type\":\"ListItem\",\"position\":3,\"name\":\"BOG JE BOG \u010cLOVE\u0160KEGA SRCA\"}]},{\"@type\":\"WebSite\",\"@id\":\"https:\/\/www.salve.si\/#website\",\"url\":\"https:\/\/www.salve.si\/\",\"name\":\"Salve\",\"description\":\"Salezijanska zalo\u017eba\",\"publisher\":{\"@id\":\"https:\/\/www.salve.si\/#organization\"},\"potentialAction\":[{\"@type\":\"SearchAction\",\"target\":{\"@type\":\"EntryPoint\",\"urlTemplate\":\"https:\/\/www.salve.si\/?s={search_term_string}\"},\"query-input\":{\"@type\":\"PropertyValueSpecification\",\"valueRequired\":true,\"valueName\":\"search_term_string\"}}],\"inLanguage\":\"en-US\"},{\"@type\":\"Organization\",\"@id\":\"https:\/\/www.salve.si\/#organization\",\"name\":\"Salve d.o.o.\",\"url\":\"https:\/\/www.salve.si\/\",\"logo\":{\"@type\":\"ImageObject\",\"inLanguage\":\"en-US\",\"@id\":\"https:\/\/www.salve.si\/#\/schema\/logo\/image\/\",\"url\":\"https:\/\/www.salve.si\/wp-content\/uploads\/2021\/01\/Salve_logo_modri_nov_web.png\",\"contentUrl\":\"https:\/\/www.salve.si\/wp-content\/uploads\/2021\/01\/Salve_logo_modri_nov_web.png\",\"width\":279,\"height\":90,\"caption\":\"Salve d.o.o.\"},\"image\":{\"@id\":\"https:\/\/www.salve.si\/#\/schema\/logo\/image\/\"},\"sameAs\":[\"https:\/\/www.facebook.com\/salve.si\",\"https:\/\/www.instagram.com\/zalozbasalve\/\",\"https:\/\/www.linkedin.com\/company\/zalozba-salve\/\"]}]}<\/script>\n<!-- \/ Yoast SEO plugin. -->","yoast_head_json":{"title":"BOG JE BOG \u010cLOVE\u0160KEGA SRCA - Salve","robots":{"index":"index","follow":"follow","max-snippet":"max-snippet:-1","max-image-preview":"max-image-preview:large","max-video-preview":"max-video-preview:-1"},"canonical":"https:\/\/www.salve.si\/en\/trgovina\/knjige\/teologija-in-duhovnost\/bog-je-bog-cloveskega-srca\/","og_locale":"en_US","og_type":"article","og_title":"BOG JE BOG \u010cLOVE\u0160KEGA SRCA - Salve","og_description":"V letu 2022 se spominjamo 400. obletnice smrti sv. Fran\u010di\u0161ka Sale\u0161kega, zavetnika novinarjev, u\u010diteljev in salezijanske dru\u017eine. S svojim izvirnim pastoralnim in komunikacijskim pristopom je revolucionarno vplival na po\u017eivitev kr\u0161\u010danske vere v svojem okolju in \u010dasu ter navdihoval mnoge rodove vse do dana\u0161njih dni.  \u0160kof iz visoke Savoje je dolgo in podrobno pilil jezik za svoje bralce, ki jih imenuje Filoteja in Teotim. A njegov jezik je jezik 16. in 17. stoletja, ki je za dana\u0161nji \u010das zastarel in nerazumljiv, \u010deprav je vsebina \u0161e kako aktualna.","og_url":"https:\/\/www.salve.si\/en\/trgovina\/knjige\/teologija-in-duhovnost\/bog-je-bog-cloveskega-srca\/","og_site_name":"Salve","article_publisher":"https:\/\/www.facebook.com\/salve.si","article_modified_time":"2026-04-16T23:00:04+00:00","og_image":[{"width":1067,"height":1654,"url":"https:\/\/www.salve.si\/wp-content\/uploads\/2022\/05\/Bog-je-Bog-cloveskega-srca-NASLOVNICA.jpg","type":"image\/jpeg"}],"twitter_card":"summary_large_image","twitter_misc":{"Est. reading time":"2 minutes"},"schema":{"@context":"https:\/\/schema.org","@graph":[{"@type":"WebPage","@id":"https:\/\/www.salve.si\/trgovina\/knjige\/teologija-in-duhovnost\/bog-je-bog-cloveskega-srca\/","url":"https:\/\/www.salve.si\/trgovina\/knjige\/teologija-in-duhovnost\/bog-je-bog-cloveskega-srca\/","name":"BOG JE BOG \u010cLOVE\u0160KEGA SRCA - Salve","isPartOf":{"@id":"https:\/\/www.salve.si\/#website"},"primaryImageOfPage":{"@id":"https:\/\/www.salve.si\/trgovina\/knjige\/teologija-in-duhovnost\/bog-je-bog-cloveskega-srca\/#primaryimage"},"image":{"@id":"https:\/\/www.salve.si\/trgovina\/knjige\/teologija-in-duhovnost\/bog-je-bog-cloveskega-srca\/#primaryimage"},"thumbnailUrl":"https:\/\/www.salve.si\/wp-content\/uploads\/2022\/05\/Bog-je-Bog-cloveskega-srca-NASLOVNICA.jpg","datePublished":"2022-07-22T06:58:48+00:00","dateModified":"2026-04-16T23:00:04+00:00","breadcrumb":{"@id":"https:\/\/www.salve.si\/trgovina\/knjige\/teologija-in-duhovnost\/bog-je-bog-cloveskega-srca\/#breadcrumb"},"inLanguage":"en-US","potentialAction":[{"@type":"ReadAction","target":["https:\/\/www.salve.si\/trgovina\/knjige\/teologija-in-duhovnost\/bog-je-bog-cloveskega-srca\/"]}]},{"@type":"ImageObject","inLanguage":"en-US","@id":"https:\/\/www.salve.si\/trgovina\/knjige\/teologija-in-duhovnost\/bog-je-bog-cloveskega-srca\/#primaryimage","url":"https:\/\/www.salve.si\/wp-content\/uploads\/2022\/05\/Bog-je-Bog-cloveskega-srca-NASLOVNICA.jpg","contentUrl":"https:\/\/www.salve.si\/wp-content\/uploads\/2022\/05\/Bog-je-Bog-cloveskega-srca-NASLOVNICA.jpg","width":1067,"height":1654},{"@type":"BreadcrumbList","@id":"https:\/\/www.salve.si\/trgovina\/knjige\/teologija-in-duhovnost\/bog-je-bog-cloveskega-srca\/#breadcrumb","itemListElement":[{"@type":"ListItem","position":1,"name":"Home","item":"https:\/\/www.salve.si\/"},{"@type":"ListItem","position":2,"name":"Trgovina","item":"https:\/\/www.salve.si\/trgovina\/"},{"@type":"ListItem","position":3,"name":"BOG JE BOG \u010cLOVE\u0160KEGA SRCA"}]},{"@type":"WebSite","@id":"https:\/\/www.salve.si\/#website","url":"https:\/\/www.salve.si\/","name":"Salve","description":"Salezijanska zalo\u017eba","publisher":{"@id":"https:\/\/www.salve.si\/#organization"},"potentialAction":[{"@type":"SearchAction","target":{"@type":"EntryPoint","urlTemplate":"https:\/\/www.salve.si\/?s={search_term_string}"},"query-input":{"@type":"PropertyValueSpecification","valueRequired":true,"valueName":"search_term_string"}}],"inLanguage":"en-US"},{"@type":"Organization","@id":"https:\/\/www.salve.si\/#organization","name":"Salve d.o.o.","url":"https:\/\/www.salve.si\/","logo":{"@type":"ImageObject","inLanguage":"en-US","@id":"https:\/\/www.salve.si\/#\/schema\/logo\/image\/","url":"https:\/\/www.salve.si\/wp-content\/uploads\/2021\/01\/Salve_logo_modri_nov_web.png","contentUrl":"https:\/\/www.salve.si\/wp-content\/uploads\/2021\/01\/Salve_logo_modri_nov_web.png","width":279,"height":90,"caption":"Salve d.o.o."},"image":{"@id":"https:\/\/www.salve.si\/#\/schema\/logo\/image\/"},"sameAs":["https:\/\/www.facebook.com\/salve.si","https:\/\/www.instagram.com\/zalozbasalve\/","https:\/\/www.linkedin.com\/company\/zalozba-salve\/"]}]}},"_links":{"self":[{"href":"https:\/\/www.salve.si\/en\/wp-json\/wp\/v2\/product\/15701","targetHints":{"allow":["GET"]}}],"collection":[{"href":"https:\/\/www.salve.si\/en\/wp-json\/wp\/v2\/product"}],"about":[{"href":"https:\/\/www.salve.si\/en\/wp-json\/wp\/v2\/types\/product"}],"version-history":[{"count":4,"href":"https:\/\/www.salve.si\/en\/wp-json\/wp\/v2\/product\/15701\/revisions"}],"predecessor-version":[{"id":19529,"href":"https:\/\/www.salve.si\/en\/wp-json\/wp\/v2\/product\/15701\/revisions\/19529"}],"wp:featuredmedia":[{"embeddable":true,"href":"https:\/\/www.salve.si\/en\/wp-json\/wp\/v2\/media\/15706"}],"wp:attachment":[{"href":"https:\/\/www.salve.si\/en\/wp-json\/wp\/v2\/media?parent=15701"}],"wp:term":[{"taxonomy":"product_cat","embeddable":true,"href":"https:\/\/www.salve.si\/en\/wp-json\/wp\/v2\/product_cat?post=15701"},{"taxonomy":"product_tag","embeddable":true,"href":"https:\/\/www.salve.si\/en\/wp-json\/wp\/v2\/product_tag?post=15701"}],"curies":[{"name":"wp","href":"https:\/\/api.w.org\/{rel}","templated":true}]}}