{"id":15646,"date":"2022-05-11T12:08:10","date_gmt":"2022-05-11T10:08:10","guid":{"rendered":"https:\/\/www.salve.si\/?post_type=product&#038;p=15646"},"modified":"2022-06-30T13:45:28","modified_gmt":"2022-06-30T11:45:28","slug":"anton-strle-in-srce-jezusovo","status":"publish","type":"product","link":"https:\/\/www.salve.si\/en\/trgovina\/knjige\/anton-strle-in-srce-jezusovo\/","title":{"rendered":"ANTON STRLE IN SRCE JEZUSOVO"},"content":{"rendered":"<p>Za Antona Strleta, dolgoletnega profesorja dogmati\u010dne teologije, teolo\u0161kega pisatelja in spovednika \u0161tevilnim kristjanom ter gore\u010dega \u010dastilca Jezusovega in Marijinega Srca pa velja, da se je takoj po njegovi smrti za\u010del \u0161iriti glas o njegovi posebni svetosti. Ta svetost je v veliki meri dobivala hrano iz \u017eivljenja v skladu s posvetitvijo Jezusovemu in Marijinemu Srcu. Njegovo apostolsko gore\u010dnost izra\u017ea novoma\u0161no geslo: Povsod Boga!<span class=\"slv-content-keywords\"> Bernardova knji\u017enica Vrtnice Andrej Pir\u0161 Vrtnice Knjige Srce Jezusovo Strle Anton vrtnice Vrtnice 2022 <\/span><\/p>","protected":false},"excerpt":{"rendered":"<p>Avtor p. Andrej Pir\u0161 FSO, v tridesetih kratkih zgodbah predstavi Bo\u017ejega slu\u017eabnika Antona Strleta. Strleta so odlikovale vse kreposti, v nekaterih je \u0161e posebno izstopal. Da jih je lahko \u017eivel, mu je prav gotovo pomagalo \u010de\u0161\u010denje Srca Jezusovega. Od mladosti pa vse do smrti je bil velik \u010dastilec Srca Jezusovega. Po Strletovem trdnem prepri\u010danju nas \u010de\u0161\u010denje Srca Jezusovega u\u010di ne\u010desa, kar je za \u017eivljenje silno pomembno: realizma greha in \u0161e bolj realizma odre\u0161enja. \u010ce\u0161\u010denje Srca Jezusovega nam pomaga, da premagamo izgubo ob\u010dutka za greh.<\/p>","protected":false},"featured_media":15648,"template":"","meta":{"_acf_changed":false,"footnotes":""},"product_cat":[1078,141],"product_tag":[1123,1122,814],"class_list":{"0":"post-15646","1":"product","2":"type-product","3":"status-publish","4":"has-post-thumbnail","6":"zbirke-bernardova-knjiznica","7":"zbirke-vrtnice","8":"authors-andrej-pirs","9":"product_cat-vrtnice","10":"product_cat-knjige","11":"product_tag-srce-jezusovo","12":"product_tag-strle-anton","13":"product_tag-vrtnice","15":"first","16":"outofstock","17":"shipping-taxable","18":"purchasable","19":"product-type-simple"},"acf":[],"yoast_head":"<!-- This site is optimized with the Yoast SEO plugin v23.8 - https:\/\/yoast.com\/wordpress\/plugins\/seo\/ -->\n<title>ANTON STRLE IN SRCE JEZUSOVO - Salve<\/title>\n<meta name=\"robots\" content=\"index, follow, max-snippet:-1, max-image-preview:large, max-video-preview:-1\" \/>\n<link rel=\"canonical\" href=\"https:\/\/www.salve.si\/en\/trgovina\/knjige\/anton-strle-in-srce-jezusovo\/\" \/>\n<meta property=\"og:locale\" content=\"en_US\" \/>\n<meta property=\"og:type\" content=\"article\" \/>\n<meta property=\"og:title\" content=\"ANTON STRLE IN SRCE JEZUSOVO - Salve\" \/>\n<meta property=\"og:description\" content=\"Avtor p. Andrej Pir\u0161 FSO, v tridesetih kratkih zgodbah predstavi Bo\u017ejega slu\u017eabnika Antona Strleta. Strleta so odlikovale vse kreposti, v nekaterih je \u0161e posebno izstopal. Da jih je lahko \u017eivel, mu je prav gotovo pomagalo \u010de\u0161\u010denje Srca Jezusovega. Od mladosti pa vse do smrti je bil velik \u010dastilec Srca Jezusovega. Po Strletovem trdnem prepri\u010danju nas \u010de\u0161\u010denje Srca Jezusovega u\u010di ne\u010desa, kar je za \u017eivljenje silno pomembno: realizma greha in \u0161e bolj realizma odre\u0161enja. \u010ce\u0161\u010denje Srca Jezusovega nam pomaga, da premagamo izgubo ob\u010dutka za greh.\" \/>\n<meta property=\"og:url\" content=\"https:\/\/www.salve.si\/en\/trgovina\/knjige\/anton-strle-in-srce-jezusovo\/\" \/>\n<meta property=\"og:site_name\" content=\"Salve\" \/>\n<meta property=\"article:publisher\" content=\"https:\/\/www.facebook.com\/salve.si\" \/>\n<meta property=\"article:modified_time\" content=\"2022-06-30T11:45:28+00:00\" \/>\n<meta property=\"og:image\" content=\"https:\/\/www.salve.si\/wp-content\/uploads\/2022\/05\/naslovnia_vrntnice2022-scaled.jpg\" \/>\n\t<meta property=\"og:image:width\" content=\"1751\" \/>\n\t<meta property=\"og:image:height\" content=\"2560\" \/>\n\t<meta property=\"og:image:type\" content=\"image\/jpeg\" \/>\n<meta name=\"twitter:card\" content=\"summary_large_image\" \/>\n<script type=\"application\/ld+json\" class=\"yoast-schema-graph\">{\"@context\":\"https:\/\/schema.org\",\"@graph\":[{\"@type\":\"WebPage\",\"@id\":\"https:\/\/www.salve.si\/trgovina\/knjige\/anton-strle-in-srce-jezusovo\/\",\"url\":\"https:\/\/www.salve.si\/trgovina\/knjige\/anton-strle-in-srce-jezusovo\/\",\"name\":\"ANTON STRLE IN SRCE JEZUSOVO - Salve\",\"isPartOf\":{\"@id\":\"https:\/\/www.salve.si\/#website\"},\"primaryImageOfPage\":{\"@id\":\"https:\/\/www.salve.si\/trgovina\/knjige\/anton-strle-in-srce-jezusovo\/#primaryimage\"},\"image\":{\"@id\":\"https:\/\/www.salve.si\/trgovina\/knjige\/anton-strle-in-srce-jezusovo\/#primaryimage\"},\"thumbnailUrl\":\"https:\/\/www.salve.si\/wp-content\/uploads\/2022\/05\/naslovnia_vrntnice2022-scaled.jpg\",\"datePublished\":\"2022-05-11T10:08:10+00:00\",\"dateModified\":\"2022-06-30T11:45:28+00:00\",\"breadcrumb\":{\"@id\":\"https:\/\/www.salve.si\/trgovina\/knjige\/anton-strle-in-srce-jezusovo\/#breadcrumb\"},\"inLanguage\":\"en-US\",\"potentialAction\":[{\"@type\":\"ReadAction\",\"target\":[\"https:\/\/www.salve.si\/trgovina\/knjige\/anton-strle-in-srce-jezusovo\/\"]}]},{\"@type\":\"ImageObject\",\"inLanguage\":\"en-US\",\"@id\":\"https:\/\/www.salve.si\/trgovina\/knjige\/anton-strle-in-srce-jezusovo\/#primaryimage\",\"url\":\"https:\/\/www.salve.si\/wp-content\/uploads\/2022\/05\/naslovnia_vrntnice2022-scaled.jpg\",\"contentUrl\":\"https:\/\/www.salve.si\/wp-content\/uploads\/2022\/05\/naslovnia_vrntnice2022-scaled.jpg\",\"width\":1751,\"height\":2560},{\"@type\":\"BreadcrumbList\",\"@id\":\"https:\/\/www.salve.si\/trgovina\/knjige\/anton-strle-in-srce-jezusovo\/#breadcrumb\",\"itemListElement\":[{\"@type\":\"ListItem\",\"position\":1,\"name\":\"Home\",\"item\":\"https:\/\/www.salve.si\/\"},{\"@type\":\"ListItem\",\"position\":2,\"name\":\"Trgovina\",\"item\":\"https:\/\/www.salve.si\/trgovina\/\"},{\"@type\":\"ListItem\",\"position\":3,\"name\":\"ANTON STRLE IN SRCE JEZUSOVO\"}]},{\"@type\":\"WebSite\",\"@id\":\"https:\/\/www.salve.si\/#website\",\"url\":\"https:\/\/www.salve.si\/\",\"name\":\"Salve\",\"description\":\"Salezijanska zalo\u017eba\",\"publisher\":{\"@id\":\"https:\/\/www.salve.si\/#organization\"},\"potentialAction\":[{\"@type\":\"SearchAction\",\"target\":{\"@type\":\"EntryPoint\",\"urlTemplate\":\"https:\/\/www.salve.si\/?s={search_term_string}\"},\"query-input\":{\"@type\":\"PropertyValueSpecification\",\"valueRequired\":true,\"valueName\":\"search_term_string\"}}],\"inLanguage\":\"en-US\"},{\"@type\":\"Organization\",\"@id\":\"https:\/\/www.salve.si\/#organization\",\"name\":\"Salve d.o.o.\",\"url\":\"https:\/\/www.salve.si\/\",\"logo\":{\"@type\":\"ImageObject\",\"inLanguage\":\"en-US\",\"@id\":\"https:\/\/www.salve.si\/#\/schema\/logo\/image\/\",\"url\":\"https:\/\/www.salve.si\/wp-content\/uploads\/2021\/01\/Salve_logo_modri_nov_web.png\",\"contentUrl\":\"https:\/\/www.salve.si\/wp-content\/uploads\/2021\/01\/Salve_logo_modri_nov_web.png\",\"width\":279,\"height\":90,\"caption\":\"Salve d.o.o.\"},\"image\":{\"@id\":\"https:\/\/www.salve.si\/#\/schema\/logo\/image\/\"},\"sameAs\":[\"https:\/\/www.facebook.com\/salve.si\",\"https:\/\/www.instagram.com\/zalozbasalve\/\",\"https:\/\/www.linkedin.com\/company\/zalozba-salve\/\"]}]}<\/script>\n<!-- \/ Yoast SEO plugin. -->","yoast_head_json":{"title":"ANTON STRLE IN SRCE JEZUSOVO - Salve","robots":{"index":"index","follow":"follow","max-snippet":"max-snippet:-1","max-image-preview":"max-image-preview:large","max-video-preview":"max-video-preview:-1"},"canonical":"https:\/\/www.salve.si\/en\/trgovina\/knjige\/anton-strle-in-srce-jezusovo\/","og_locale":"en_US","og_type":"article","og_title":"ANTON STRLE IN SRCE JEZUSOVO - Salve","og_description":"Avtor p. Andrej Pir\u0161 FSO, v tridesetih kratkih zgodbah predstavi Bo\u017ejega slu\u017eabnika Antona Strleta. Strleta so odlikovale vse kreposti, v nekaterih je \u0161e posebno izstopal. Da jih je lahko \u017eivel, mu je prav gotovo pomagalo \u010de\u0161\u010denje Srca Jezusovega. Od mladosti pa vse do smrti je bil velik \u010dastilec Srca Jezusovega. Po Strletovem trdnem prepri\u010danju nas \u010de\u0161\u010denje Srca Jezusovega u\u010di ne\u010desa, kar je za \u017eivljenje silno pomembno: realizma greha in \u0161e bolj realizma odre\u0161enja. \u010ce\u0161\u010denje Srca Jezusovega nam pomaga, da premagamo izgubo ob\u010dutka za greh.","og_url":"https:\/\/www.salve.si\/en\/trgovina\/knjige\/anton-strle-in-srce-jezusovo\/","og_site_name":"Salve","article_publisher":"https:\/\/www.facebook.com\/salve.si","article_modified_time":"2022-06-30T11:45:28+00:00","og_image":[{"width":1751,"height":2560,"url":"https:\/\/www.salve.si\/wp-content\/uploads\/2022\/05\/naslovnia_vrntnice2022-scaled.jpg","type":"image\/jpeg"}],"twitter_card":"summary_large_image","schema":{"@context":"https:\/\/schema.org","@graph":[{"@type":"WebPage","@id":"https:\/\/www.salve.si\/trgovina\/knjige\/anton-strle-in-srce-jezusovo\/","url":"https:\/\/www.salve.si\/trgovina\/knjige\/anton-strle-in-srce-jezusovo\/","name":"ANTON STRLE IN SRCE JEZUSOVO - Salve","isPartOf":{"@id":"https:\/\/www.salve.si\/#website"},"primaryImageOfPage":{"@id":"https:\/\/www.salve.si\/trgovina\/knjige\/anton-strle-in-srce-jezusovo\/#primaryimage"},"image":{"@id":"https:\/\/www.salve.si\/trgovina\/knjige\/anton-strle-in-srce-jezusovo\/#primaryimage"},"thumbnailUrl":"https:\/\/www.salve.si\/wp-content\/uploads\/2022\/05\/naslovnia_vrntnice2022-scaled.jpg","datePublished":"2022-05-11T10:08:10+00:00","dateModified":"2022-06-30T11:45:28+00:00","breadcrumb":{"@id":"https:\/\/www.salve.si\/trgovina\/knjige\/anton-strle-in-srce-jezusovo\/#breadcrumb"},"inLanguage":"en-US","potentialAction":[{"@type":"ReadAction","target":["https:\/\/www.salve.si\/trgovina\/knjige\/anton-strle-in-srce-jezusovo\/"]}]},{"@type":"ImageObject","inLanguage":"en-US","@id":"https:\/\/www.salve.si\/trgovina\/knjige\/anton-strle-in-srce-jezusovo\/#primaryimage","url":"https:\/\/www.salve.si\/wp-content\/uploads\/2022\/05\/naslovnia_vrntnice2022-scaled.jpg","contentUrl":"https:\/\/www.salve.si\/wp-content\/uploads\/2022\/05\/naslovnia_vrntnice2022-scaled.jpg","width":1751,"height":2560},{"@type":"BreadcrumbList","@id":"https:\/\/www.salve.si\/trgovina\/knjige\/anton-strle-in-srce-jezusovo\/#breadcrumb","itemListElement":[{"@type":"ListItem","position":1,"name":"Home","item":"https:\/\/www.salve.si\/"},{"@type":"ListItem","position":2,"name":"Trgovina","item":"https:\/\/www.salve.si\/trgovina\/"},{"@type":"ListItem","position":3,"name":"ANTON STRLE IN SRCE JEZUSOVO"}]},{"@type":"WebSite","@id":"https:\/\/www.salve.si\/#website","url":"https:\/\/www.salve.si\/","name":"Salve","description":"Salezijanska zalo\u017eba","publisher":{"@id":"https:\/\/www.salve.si\/#organization"},"potentialAction":[{"@type":"SearchAction","target":{"@type":"EntryPoint","urlTemplate":"https:\/\/www.salve.si\/?s={search_term_string}"},"query-input":{"@type":"PropertyValueSpecification","valueRequired":true,"valueName":"search_term_string"}}],"inLanguage":"en-US"},{"@type":"Organization","@id":"https:\/\/www.salve.si\/#organization","name":"Salve d.o.o.","url":"https:\/\/www.salve.si\/","logo":{"@type":"ImageObject","inLanguage":"en-US","@id":"https:\/\/www.salve.si\/#\/schema\/logo\/image\/","url":"https:\/\/www.salve.si\/wp-content\/uploads\/2021\/01\/Salve_logo_modri_nov_web.png","contentUrl":"https:\/\/www.salve.si\/wp-content\/uploads\/2021\/01\/Salve_logo_modri_nov_web.png","width":279,"height":90,"caption":"Salve d.o.o."},"image":{"@id":"https:\/\/www.salve.si\/#\/schema\/logo\/image\/"},"sameAs":["https:\/\/www.facebook.com\/salve.si","https:\/\/www.instagram.com\/zalozbasalve\/","https:\/\/www.linkedin.com\/company\/zalozba-salve\/"]}]}},"_links":{"self":[{"href":"https:\/\/www.salve.si\/en\/wp-json\/wp\/v2\/product\/15646","targetHints":{"allow":["GET"]}}],"collection":[{"href":"https:\/\/www.salve.si\/en\/wp-json\/wp\/v2\/product"}],"about":[{"href":"https:\/\/www.salve.si\/en\/wp-json\/wp\/v2\/types\/product"}],"version-history":[{"count":6,"href":"https:\/\/www.salve.si\/en\/wp-json\/wp\/v2\/product\/15646\/revisions"}],"predecessor-version":[{"id":15850,"href":"https:\/\/www.salve.si\/en\/wp-json\/wp\/v2\/product\/15646\/revisions\/15850"}],"wp:featuredmedia":[{"embeddable":true,"href":"https:\/\/www.salve.si\/en\/wp-json\/wp\/v2\/media\/15648"}],"wp:attachment":[{"href":"https:\/\/www.salve.si\/en\/wp-json\/wp\/v2\/media?parent=15646"}],"wp:term":[{"taxonomy":"product_cat","embeddable":true,"href":"https:\/\/www.salve.si\/en\/wp-json\/wp\/v2\/product_cat?post=15646"},{"taxonomy":"product_tag","embeddable":true,"href":"https:\/\/www.salve.si\/en\/wp-json\/wp\/v2\/product_tag?post=15646"}],"curies":[{"name":"wp","href":"https:\/\/api.w.org\/{rel}","templated":true}]}}