{"id":15621,"date":"2022-05-03T11:57:25","date_gmt":"2022-05-03T09:57:25","guid":{"rendered":"https:\/\/www.salve.si\/?post_type=product&#038;p=15621"},"modified":"2023-05-01T01:01:04","modified_gmt":"2023-04-30T23:01:04","slug":"artemij-zatti-sorodnik-ubogih","status":"publish","type":"product","link":"https:\/\/www.salve.si\/en\/trgovina\/knjige\/svetniki-in-zivljenjepisi\/artemij-zatti-sorodnik-ubogih\/","title":{"rendered":"ARTEMIJ ZATTI, SORODNIK UBOGIH"},"content":{"rendered":"<p>Artemij je vedel, da tudi takrat, ko ni mogo\u010de pozdraviti, je vedno mogo\u010de ozdraviti, potola\u017eiti, vedno je mogo\u010de ljudem nuditi bli\u017eino, ki se ka\u017ee v zanimanju za \u010dloveka pred njegovo boleznijo. Ustavi se, prisluhne, vzpostavi neposreden in oseben odnos z bolnikom, do njega izka\u017ee empatijo in \u010dutenje, pusti se vplesti v njegovo trpljenje do te mere, da ga prevzame. Artemij je to bli\u017eino do\u017eivljal kot izraz ljubezni Jezusa Kristusa, dobrega samarijana, ki se s so\u010dutjem bli\u017ea vsakemu \u010dloveku, ranjenemu od greha.<\/p>\n<p>Posodobljen in dopolnjen kratki \u017eivljenjepis tega zanimivega lika utele\u0161ene salezijanske karizme nam je lahko za zgled poklicanosti in izpolnjevanja Bo\u017eje volje v vsakdanjem \u017eivljenju.<span class=\"slv-content-keywords\"> Knji\u017eice Enzo Bianchi Knjige Avtobiografije, \u017eivljenjepisi Svetniki Argentina misijonar misijoni pastoralno delo salezijanci svetnik Zatti <\/span><\/p>","protected":false},"excerpt":{"rendered":"<p>Ob skoraj\u0161nji razglasitvi za svetnika prvega salezijanca po don Bosku, ki ni umrl mu\u010deni\u0161ke smrti, je v salezijanski dru\u017eini \u017eivahno zavr\u0161alo: salezijanec brat Artemij Zatti, ki je deloval v Argentini, nam po besedah vrhovnega predstojnika <em>\u00c1ngela Fern\u00e1ndeza Artimeja <\/em>v vsakdanjem \u017eivljenju predstavlja izraz Bo\u017eje ljubezni, ki jo je sprejemal in tudi vra\u010dal. Gre za predlog \u00bbsvetosti sosednjih vrat\u00ab oziroma srednjega razreda svetosti, o kateri nam s tolik\u0161no naklonjenostjo govori pape\u017e Fran\u010di\u0161ek.<\/p>","protected":false},"featured_media":15622,"template":"","meta":{"_acf_changed":false,"footnotes":""},"product_cat":[141,315,634],"product_tag":[1118,922,1119,1117,1019,781,1116],"class_list":{"0":"post-15621","1":"product","2":"type-product","3":"status-publish","4":"has-post-thumbnail","6":"zbirke-knjizice","7":"authors-enzo-bianchi","8":"publisher-salve-d-o-o-ljubljana","9":"product_cat-knjige","10":"product_cat-svetniki-in-zivljenjepisi","11":"product_cat-svetniki","12":"product_tag-argentina","13":"product_tag-misijonar","14":"product_tag-misijoni","15":"product_tag-pastoralno-delo","16":"product_tag-salezijanci","17":"product_tag-svetnik","18":"product_tag-zatti","20":"first","21":"instock","22":"shipping-taxable","23":"purchasable","24":"product-type-simple"},"acf":[],"yoast_head":"<!-- This site is optimized with the Yoast SEO plugin v23.8 - https:\/\/yoast.com\/wordpress\/plugins\/seo\/ -->\n<title>ARTEMIJ ZATTI, SORODNIK UBOGIH - Salve<\/title>\n<meta name=\"robots\" content=\"index, follow, max-snippet:-1, max-image-preview:large, max-video-preview:-1\" \/>\n<link rel=\"canonical\" href=\"https:\/\/www.salve.si\/en\/trgovina\/knjige\/svetniki-in-zivljenjepisi\/artemij-zatti-sorodnik-ubogih\/\" \/>\n<meta property=\"og:locale\" content=\"en_US\" \/>\n<meta property=\"og:type\" content=\"article\" \/>\n<meta property=\"og:title\" content=\"ARTEMIJ ZATTI, SORODNIK UBOGIH - Salve\" \/>\n<meta property=\"og:description\" content=\"Ob skoraj\u0161nji razglasitvi za svetnika prvega salezijanca po don Bosku, ki ni umrl mu\u010deni\u0161ke smrti, je v salezijanski dru\u017eini \u017eivahno zavr\u0161alo: salezijanec brat Artemij Zatti, ki je deloval v Argentini, nam po besedah vrhovnega predstojnika \u00c1ngela Fern\u00e1ndeza Artimeja v vsakdanjem \u017eivljenju predstavlja izraz Bo\u017eje ljubezni, ki jo je sprejemal in tudi vra\u010dal. Gre za predlog \u00bbsvetosti sosednjih vrat\u00ab oziroma srednjega razreda svetosti, o kateri nam s tolik\u0161no naklonjenostjo govori pape\u017e Fran\u010di\u0161ek.\" \/>\n<meta property=\"og:url\" content=\"https:\/\/www.salve.si\/en\/trgovina\/knjige\/svetniki-in-zivljenjepisi\/artemij-zatti-sorodnik-ubogih\/\" \/>\n<meta property=\"og:site_name\" content=\"Salve\" \/>\n<meta property=\"article:publisher\" content=\"https:\/\/www.facebook.com\/salve.si\" \/>\n<meta property=\"article:modified_time\" content=\"2023-04-30T23:01:04+00:00\" \/>\n<meta property=\"og:image\" content=\"https:\/\/www.salve.si\/wp-content\/uploads\/2022\/05\/Artemij-Zatti_sorodnik-ubogih-NASLOVNICA.jpg\" \/>\n\t<meta property=\"og:image:width\" content=\"714\" \/>\n\t<meta property=\"og:image:height\" content=\"1152\" \/>\n\t<meta property=\"og:image:type\" content=\"image\/jpeg\" \/>\n<meta name=\"twitter:card\" content=\"summary_large_image\" \/>\n<meta name=\"twitter:label1\" content=\"Est. reading time\" \/>\n\t<meta name=\"twitter:data1\" content=\"1 minute\" \/>\n<script type=\"application\/ld+json\" class=\"yoast-schema-graph\">{\"@context\":\"https:\/\/schema.org\",\"@graph\":[{\"@type\":\"WebPage\",\"@id\":\"https:\/\/www.salve.si\/trgovina\/knjige\/svetniki-in-zivljenjepisi\/artemij-zatti-sorodnik-ubogih\/\",\"url\":\"https:\/\/www.salve.si\/trgovina\/knjige\/svetniki-in-zivljenjepisi\/artemij-zatti-sorodnik-ubogih\/\",\"name\":\"ARTEMIJ ZATTI, SORODNIK UBOGIH - Salve\",\"isPartOf\":{\"@id\":\"https:\/\/www.salve.si\/#website\"},\"primaryImageOfPage\":{\"@id\":\"https:\/\/www.salve.si\/trgovina\/knjige\/svetniki-in-zivljenjepisi\/artemij-zatti-sorodnik-ubogih\/#primaryimage\"},\"image\":{\"@id\":\"https:\/\/www.salve.si\/trgovina\/knjige\/svetniki-in-zivljenjepisi\/artemij-zatti-sorodnik-ubogih\/#primaryimage\"},\"thumbnailUrl\":\"https:\/\/www.salve.si\/wp-content\/uploads\/2022\/05\/Artemij-Zatti_sorodnik-ubogih-NASLOVNICA.jpg\",\"datePublished\":\"2022-05-03T09:57:25+00:00\",\"dateModified\":\"2023-04-30T23:01:04+00:00\",\"breadcrumb\":{\"@id\":\"https:\/\/www.salve.si\/trgovina\/knjige\/svetniki-in-zivljenjepisi\/artemij-zatti-sorodnik-ubogih\/#breadcrumb\"},\"inLanguage\":\"en-US\",\"potentialAction\":[{\"@type\":\"ReadAction\",\"target\":[\"https:\/\/www.salve.si\/trgovina\/knjige\/svetniki-in-zivljenjepisi\/artemij-zatti-sorodnik-ubogih\/\"]}]},{\"@type\":\"ImageObject\",\"inLanguage\":\"en-US\",\"@id\":\"https:\/\/www.salve.si\/trgovina\/knjige\/svetniki-in-zivljenjepisi\/artemij-zatti-sorodnik-ubogih\/#primaryimage\",\"url\":\"https:\/\/www.salve.si\/wp-content\/uploads\/2022\/05\/Artemij-Zatti_sorodnik-ubogih-NASLOVNICA.jpg\",\"contentUrl\":\"https:\/\/www.salve.si\/wp-content\/uploads\/2022\/05\/Artemij-Zatti_sorodnik-ubogih-NASLOVNICA.jpg\",\"width\":714,\"height\":1152},{\"@type\":\"BreadcrumbList\",\"@id\":\"https:\/\/www.salve.si\/trgovina\/knjige\/svetniki-in-zivljenjepisi\/artemij-zatti-sorodnik-ubogih\/#breadcrumb\",\"itemListElement\":[{\"@type\":\"ListItem\",\"position\":1,\"name\":\"Home\",\"item\":\"https:\/\/www.salve.si\/\"},{\"@type\":\"ListItem\",\"position\":2,\"name\":\"Trgovina\",\"item\":\"https:\/\/www.salve.si\/trgovina\/\"},{\"@type\":\"ListItem\",\"position\":3,\"name\":\"ARTEMIJ ZATTI, SORODNIK UBOGIH\"}]},{\"@type\":\"WebSite\",\"@id\":\"https:\/\/www.salve.si\/#website\",\"url\":\"https:\/\/www.salve.si\/\",\"name\":\"Salve\",\"description\":\"Salezijanska zalo\u017eba\",\"publisher\":{\"@id\":\"https:\/\/www.salve.si\/#organization\"},\"potentialAction\":[{\"@type\":\"SearchAction\",\"target\":{\"@type\":\"EntryPoint\",\"urlTemplate\":\"https:\/\/www.salve.si\/?s={search_term_string}\"},\"query-input\":{\"@type\":\"PropertyValueSpecification\",\"valueRequired\":true,\"valueName\":\"search_term_string\"}}],\"inLanguage\":\"en-US\"},{\"@type\":\"Organization\",\"@id\":\"https:\/\/www.salve.si\/#organization\",\"name\":\"Salve d.o.o.\",\"url\":\"https:\/\/www.salve.si\/\",\"logo\":{\"@type\":\"ImageObject\",\"inLanguage\":\"en-US\",\"@id\":\"https:\/\/www.salve.si\/#\/schema\/logo\/image\/\",\"url\":\"https:\/\/www.salve.si\/wp-content\/uploads\/2021\/01\/Salve_logo_modri_nov_web.png\",\"contentUrl\":\"https:\/\/www.salve.si\/wp-content\/uploads\/2021\/01\/Salve_logo_modri_nov_web.png\",\"width\":279,\"height\":90,\"caption\":\"Salve d.o.o.\"},\"image\":{\"@id\":\"https:\/\/www.salve.si\/#\/schema\/logo\/image\/\"},\"sameAs\":[\"https:\/\/www.facebook.com\/salve.si\",\"https:\/\/www.instagram.com\/zalozbasalve\/\",\"https:\/\/www.linkedin.com\/company\/zalozba-salve\/\"]}]}<\/script>\n<!-- \/ Yoast SEO plugin. -->","yoast_head_json":{"title":"ARTEMIJ ZATTI, SORODNIK UBOGIH - Salve","robots":{"index":"index","follow":"follow","max-snippet":"max-snippet:-1","max-image-preview":"max-image-preview:large","max-video-preview":"max-video-preview:-1"},"canonical":"https:\/\/www.salve.si\/en\/trgovina\/knjige\/svetniki-in-zivljenjepisi\/artemij-zatti-sorodnik-ubogih\/","og_locale":"en_US","og_type":"article","og_title":"ARTEMIJ ZATTI, SORODNIK UBOGIH - Salve","og_description":"Ob skoraj\u0161nji razglasitvi za svetnika prvega salezijanca po don Bosku, ki ni umrl mu\u010deni\u0161ke smrti, je v salezijanski dru\u017eini \u017eivahno zavr\u0161alo: salezijanec brat Artemij Zatti, ki je deloval v Argentini, nam po besedah vrhovnega predstojnika \u00c1ngela Fern\u00e1ndeza Artimeja v vsakdanjem \u017eivljenju predstavlja izraz Bo\u017eje ljubezni, ki jo je sprejemal in tudi vra\u010dal. Gre za predlog \u00bbsvetosti sosednjih vrat\u00ab oziroma srednjega razreda svetosti, o kateri nam s tolik\u0161no naklonjenostjo govori pape\u017e Fran\u010di\u0161ek.","og_url":"https:\/\/www.salve.si\/en\/trgovina\/knjige\/svetniki-in-zivljenjepisi\/artemij-zatti-sorodnik-ubogih\/","og_site_name":"Salve","article_publisher":"https:\/\/www.facebook.com\/salve.si","article_modified_time":"2023-04-30T23:01:04+00:00","og_image":[{"width":714,"height":1152,"url":"https:\/\/www.salve.si\/wp-content\/uploads\/2022\/05\/Artemij-Zatti_sorodnik-ubogih-NASLOVNICA.jpg","type":"image\/jpeg"}],"twitter_card":"summary_large_image","twitter_misc":{"Est. reading time":"1 minute"},"schema":{"@context":"https:\/\/schema.org","@graph":[{"@type":"WebPage","@id":"https:\/\/www.salve.si\/trgovina\/knjige\/svetniki-in-zivljenjepisi\/artemij-zatti-sorodnik-ubogih\/","url":"https:\/\/www.salve.si\/trgovina\/knjige\/svetniki-in-zivljenjepisi\/artemij-zatti-sorodnik-ubogih\/","name":"ARTEMIJ ZATTI, SORODNIK UBOGIH - Salve","isPartOf":{"@id":"https:\/\/www.salve.si\/#website"},"primaryImageOfPage":{"@id":"https:\/\/www.salve.si\/trgovina\/knjige\/svetniki-in-zivljenjepisi\/artemij-zatti-sorodnik-ubogih\/#primaryimage"},"image":{"@id":"https:\/\/www.salve.si\/trgovina\/knjige\/svetniki-in-zivljenjepisi\/artemij-zatti-sorodnik-ubogih\/#primaryimage"},"thumbnailUrl":"https:\/\/www.salve.si\/wp-content\/uploads\/2022\/05\/Artemij-Zatti_sorodnik-ubogih-NASLOVNICA.jpg","datePublished":"2022-05-03T09:57:25+00:00","dateModified":"2023-04-30T23:01:04+00:00","breadcrumb":{"@id":"https:\/\/www.salve.si\/trgovina\/knjige\/svetniki-in-zivljenjepisi\/artemij-zatti-sorodnik-ubogih\/#breadcrumb"},"inLanguage":"en-US","potentialAction":[{"@type":"ReadAction","target":["https:\/\/www.salve.si\/trgovina\/knjige\/svetniki-in-zivljenjepisi\/artemij-zatti-sorodnik-ubogih\/"]}]},{"@type":"ImageObject","inLanguage":"en-US","@id":"https:\/\/www.salve.si\/trgovina\/knjige\/svetniki-in-zivljenjepisi\/artemij-zatti-sorodnik-ubogih\/#primaryimage","url":"https:\/\/www.salve.si\/wp-content\/uploads\/2022\/05\/Artemij-Zatti_sorodnik-ubogih-NASLOVNICA.jpg","contentUrl":"https:\/\/www.salve.si\/wp-content\/uploads\/2022\/05\/Artemij-Zatti_sorodnik-ubogih-NASLOVNICA.jpg","width":714,"height":1152},{"@type":"BreadcrumbList","@id":"https:\/\/www.salve.si\/trgovina\/knjige\/svetniki-in-zivljenjepisi\/artemij-zatti-sorodnik-ubogih\/#breadcrumb","itemListElement":[{"@type":"ListItem","position":1,"name":"Home","item":"https:\/\/www.salve.si\/"},{"@type":"ListItem","position":2,"name":"Trgovina","item":"https:\/\/www.salve.si\/trgovina\/"},{"@type":"ListItem","position":3,"name":"ARTEMIJ ZATTI, SORODNIK UBOGIH"}]},{"@type":"WebSite","@id":"https:\/\/www.salve.si\/#website","url":"https:\/\/www.salve.si\/","name":"Salve","description":"Salezijanska zalo\u017eba","publisher":{"@id":"https:\/\/www.salve.si\/#organization"},"potentialAction":[{"@type":"SearchAction","target":{"@type":"EntryPoint","urlTemplate":"https:\/\/www.salve.si\/?s={search_term_string}"},"query-input":{"@type":"PropertyValueSpecification","valueRequired":true,"valueName":"search_term_string"}}],"inLanguage":"en-US"},{"@type":"Organization","@id":"https:\/\/www.salve.si\/#organization","name":"Salve d.o.o.","url":"https:\/\/www.salve.si\/","logo":{"@type":"ImageObject","inLanguage":"en-US","@id":"https:\/\/www.salve.si\/#\/schema\/logo\/image\/","url":"https:\/\/www.salve.si\/wp-content\/uploads\/2021\/01\/Salve_logo_modri_nov_web.png","contentUrl":"https:\/\/www.salve.si\/wp-content\/uploads\/2021\/01\/Salve_logo_modri_nov_web.png","width":279,"height":90,"caption":"Salve d.o.o."},"image":{"@id":"https:\/\/www.salve.si\/#\/schema\/logo\/image\/"},"sameAs":["https:\/\/www.facebook.com\/salve.si","https:\/\/www.instagram.com\/zalozbasalve\/","https:\/\/www.linkedin.com\/company\/zalozba-salve\/"]}]}},"_links":{"self":[{"href":"https:\/\/www.salve.si\/en\/wp-json\/wp\/v2\/product\/15621","targetHints":{"allow":["GET"]}}],"collection":[{"href":"https:\/\/www.salve.si\/en\/wp-json\/wp\/v2\/product"}],"about":[{"href":"https:\/\/www.salve.si\/en\/wp-json\/wp\/v2\/types\/product"}],"version-history":[{"count":4,"href":"https:\/\/www.salve.si\/en\/wp-json\/wp\/v2\/product\/15621\/revisions"}],"predecessor-version":[{"id":17134,"href":"https:\/\/www.salve.si\/en\/wp-json\/wp\/v2\/product\/15621\/revisions\/17134"}],"wp:featuredmedia":[{"embeddable":true,"href":"https:\/\/www.salve.si\/en\/wp-json\/wp\/v2\/media\/15622"}],"wp:attachment":[{"href":"https:\/\/www.salve.si\/en\/wp-json\/wp\/v2\/media?parent=15621"}],"wp:term":[{"taxonomy":"product_cat","embeddable":true,"href":"https:\/\/www.salve.si\/en\/wp-json\/wp\/v2\/product_cat?post=15621"},{"taxonomy":"product_tag","embeddable":true,"href":"https:\/\/www.salve.si\/en\/wp-json\/wp\/v2\/product_tag?post=15621"}],"curies":[{"name":"wp","href":"https:\/\/api.w.org\/{rel}","templated":true}]}}