{"id":15587,"date":"2022-04-15T15:15:54","date_gmt":"2022-04-15T13:15:54","guid":{"rendered":"https:\/\/www.salve.si\/?post_type=product&#038;p=15587"},"modified":"2026-01-01T00:00:08","modified_gmt":"2025-12-31T23:00:08","slug":"sveti-francisek-saleski","status":"publish","type":"product","link":"https:\/\/www.salve.si\/en\/trgovina\/knjige\/otroske\/sveti-francisek-saleski\/","title":{"rendered":"SVETI FRAN\u010cI\u0160EK SALE\u0160KI"},"content":{"rendered":"<p>Gospod in gospa Boisy sta pri\u0161la v cerkev, kjer sta dala krstiti prvorojenca. Po o\u010detu sta mu dala ime Fran\u010di\u0161ek. Fran\u010di\u0161ek Sale\u0161ki je \u017eivel v \u010dudovitem gradu pod gorami. Odpovedal se je \u010dastem in bogastvu ter sledil Jezusu. Kot \u0161kof ga je prina\u0161al v mnoga srca z \u00bboro\u017ejem\u00ab ljubezni in miline.<span class=\"slv-content-keywords\"> Slikanica Otro\u0161ke slikanica za pred\u0161olske otroke Mladinska knji\u017enica Elena Pascoletti slikanica ; otro\u0161ko gradivo Michela Ameli <\/span><\/p>","protected":false},"excerpt":{"rendered":"<p>Konec tega leta bomo obhajali 400. obletnico smrti velikega svetnika, edinstvenega genija svojega \u010dasa, ki je za nekaj stoletij prehitel nauk Cerkve ter oznanjal o\u010detovsko Bo\u017eje usmiljenje in svetost za vse ljudi.<\/p>","protected":false},"featured_media":15589,"template":"","meta":{"_acf_changed":false,"footnotes":""},"product_cat":[1111,310],"product_tag":[1009,1108],"class_list":{"0":"post-15587","1":"product","2":"type-product","3":"status-publish","4":"has-post-thumbnail","6":"zbirke-mladinska-knjiznica","7":"authors-elena-pascoletti","8":"publisher-salve-d-o-o-ljubljana","9":"product_cat-slikanica","10":"product_cat-otroske","11":"product_tag-slikanica","12":"product_tag-za-predsolske-otroke","14":"first","15":"instock","16":"shipping-taxable","17":"purchasable","18":"product-type-simple"},"acf":[],"yoast_head":"<!-- This site is optimized with the Yoast SEO plugin v23.8 - https:\/\/yoast.com\/wordpress\/plugins\/seo\/ -->\n<title>SVETI FRAN\u010cI\u0160EK SALE\u0160KI - Salve<\/title>\n<meta name=\"robots\" content=\"index, follow, max-snippet:-1, max-image-preview:large, max-video-preview:-1\" \/>\n<link rel=\"canonical\" href=\"https:\/\/www.salve.si\/en\/trgovina\/knjige\/otroske\/sveti-francisek-saleski\/\" \/>\n<meta property=\"og:locale\" content=\"en_US\" \/>\n<meta property=\"og:type\" content=\"article\" \/>\n<meta property=\"og:title\" content=\"SVETI FRAN\u010cI\u0160EK SALE\u0160KI - Salve\" \/>\n<meta property=\"og:description\" content=\"Konec tega leta bomo obhajali 400. obletnico smrti velikega svetnika, edinstvenega genija svojega \u010dasa, ki je za nekaj stoletij prehitel nauk Cerkve ter oznanjal o\u010detovsko Bo\u017eje usmiljenje in svetost za vse ljudi.\" \/>\n<meta property=\"og:url\" content=\"https:\/\/www.salve.si\/en\/trgovina\/knjige\/otroske\/sveti-francisek-saleski\/\" \/>\n<meta property=\"og:site_name\" content=\"Salve\" \/>\n<meta property=\"article:publisher\" content=\"https:\/\/www.facebook.com\/salve.si\" \/>\n<meta property=\"article:modified_time\" content=\"2025-12-31T23:00:08+00:00\" \/>\n<meta property=\"og:image\" content=\"https:\/\/www.salve.si\/wp-content\/uploads\/2022\/04\/Sveti_Francisek_Saleski_slikanica_NASLOVNICA.jpg\" \/>\n\t<meta property=\"og:image:width\" content=\"1714\" \/>\n\t<meta property=\"og:image:height\" content=\"1597\" \/>\n\t<meta property=\"og:image:type\" content=\"image\/jpeg\" \/>\n<meta name=\"twitter:card\" content=\"summary_large_image\" \/>\n<meta name=\"twitter:label1\" content=\"Est. reading time\" \/>\n\t<meta name=\"twitter:data1\" content=\"1 minute\" \/>\n<script type=\"application\/ld+json\" class=\"yoast-schema-graph\">{\"@context\":\"https:\/\/schema.org\",\"@graph\":[{\"@type\":\"WebPage\",\"@id\":\"https:\/\/www.salve.si\/trgovina\/knjige\/otroske\/sveti-francisek-saleski\/\",\"url\":\"https:\/\/www.salve.si\/trgovina\/knjige\/otroske\/sveti-francisek-saleski\/\",\"name\":\"SVETI FRAN\u010cI\u0160EK SALE\u0160KI - Salve\",\"isPartOf\":{\"@id\":\"https:\/\/www.salve.si\/#website\"},\"primaryImageOfPage\":{\"@id\":\"https:\/\/www.salve.si\/trgovina\/knjige\/otroske\/sveti-francisek-saleski\/#primaryimage\"},\"image\":{\"@id\":\"https:\/\/www.salve.si\/trgovina\/knjige\/otroske\/sveti-francisek-saleski\/#primaryimage\"},\"thumbnailUrl\":\"https:\/\/www.salve.si\/wp-content\/uploads\/2022\/04\/Sveti_Francisek_Saleski_slikanica_NASLOVNICA.jpg\",\"datePublished\":\"2022-04-15T13:15:54+00:00\",\"dateModified\":\"2025-12-31T23:00:08+00:00\",\"breadcrumb\":{\"@id\":\"https:\/\/www.salve.si\/trgovina\/knjige\/otroske\/sveti-francisek-saleski\/#breadcrumb\"},\"inLanguage\":\"en-US\",\"potentialAction\":[{\"@type\":\"ReadAction\",\"target\":[\"https:\/\/www.salve.si\/trgovina\/knjige\/otroske\/sveti-francisek-saleski\/\"]}]},{\"@type\":\"ImageObject\",\"inLanguage\":\"en-US\",\"@id\":\"https:\/\/www.salve.si\/trgovina\/knjige\/otroske\/sveti-francisek-saleski\/#primaryimage\",\"url\":\"https:\/\/www.salve.si\/wp-content\/uploads\/2022\/04\/Sveti_Francisek_Saleski_slikanica_NASLOVNICA.jpg\",\"contentUrl\":\"https:\/\/www.salve.si\/wp-content\/uploads\/2022\/04\/Sveti_Francisek_Saleski_slikanica_NASLOVNICA.jpg\",\"width\":1714,\"height\":1597},{\"@type\":\"BreadcrumbList\",\"@id\":\"https:\/\/www.salve.si\/trgovina\/knjige\/otroske\/sveti-francisek-saleski\/#breadcrumb\",\"itemListElement\":[{\"@type\":\"ListItem\",\"position\":1,\"name\":\"Home\",\"item\":\"https:\/\/www.salve.si\/\"},{\"@type\":\"ListItem\",\"position\":2,\"name\":\"Trgovina\",\"item\":\"https:\/\/www.salve.si\/trgovina\/\"},{\"@type\":\"ListItem\",\"position\":3,\"name\":\"SVETI FRAN\u010cI\u0160EK SALE\u0160KI\"}]},{\"@type\":\"WebSite\",\"@id\":\"https:\/\/www.salve.si\/#website\",\"url\":\"https:\/\/www.salve.si\/\",\"name\":\"Salve\",\"description\":\"Salezijanska zalo\u017eba\",\"publisher\":{\"@id\":\"https:\/\/www.salve.si\/#organization\"},\"potentialAction\":[{\"@type\":\"SearchAction\",\"target\":{\"@type\":\"EntryPoint\",\"urlTemplate\":\"https:\/\/www.salve.si\/?s={search_term_string}\"},\"query-input\":{\"@type\":\"PropertyValueSpecification\",\"valueRequired\":true,\"valueName\":\"search_term_string\"}}],\"inLanguage\":\"en-US\"},{\"@type\":\"Organization\",\"@id\":\"https:\/\/www.salve.si\/#organization\",\"name\":\"Salve d.o.o.\",\"url\":\"https:\/\/www.salve.si\/\",\"logo\":{\"@type\":\"ImageObject\",\"inLanguage\":\"en-US\",\"@id\":\"https:\/\/www.salve.si\/#\/schema\/logo\/image\/\",\"url\":\"https:\/\/www.salve.si\/wp-content\/uploads\/2021\/01\/Salve_logo_modri_nov_web.png\",\"contentUrl\":\"https:\/\/www.salve.si\/wp-content\/uploads\/2021\/01\/Salve_logo_modri_nov_web.png\",\"width\":279,\"height\":90,\"caption\":\"Salve d.o.o.\"},\"image\":{\"@id\":\"https:\/\/www.salve.si\/#\/schema\/logo\/image\/\"},\"sameAs\":[\"https:\/\/www.facebook.com\/salve.si\",\"https:\/\/www.instagram.com\/zalozbasalve\/\",\"https:\/\/www.linkedin.com\/company\/zalozba-salve\/\"]}]}<\/script>\n<!-- \/ Yoast SEO plugin. -->","yoast_head_json":{"title":"SVETI FRAN\u010cI\u0160EK SALE\u0160KI - Salve","robots":{"index":"index","follow":"follow","max-snippet":"max-snippet:-1","max-image-preview":"max-image-preview:large","max-video-preview":"max-video-preview:-1"},"canonical":"https:\/\/www.salve.si\/en\/trgovina\/knjige\/otroske\/sveti-francisek-saleski\/","og_locale":"en_US","og_type":"article","og_title":"SVETI FRAN\u010cI\u0160EK SALE\u0160KI - Salve","og_description":"Konec tega leta bomo obhajali 400. obletnico smrti velikega svetnika, edinstvenega genija svojega \u010dasa, ki je za nekaj stoletij prehitel nauk Cerkve ter oznanjal o\u010detovsko Bo\u017eje usmiljenje in svetost za vse ljudi.","og_url":"https:\/\/www.salve.si\/en\/trgovina\/knjige\/otroske\/sveti-francisek-saleski\/","og_site_name":"Salve","article_publisher":"https:\/\/www.facebook.com\/salve.si","article_modified_time":"2025-12-31T23:00:08+00:00","og_image":[{"width":1714,"height":1597,"url":"https:\/\/www.salve.si\/wp-content\/uploads\/2022\/04\/Sveti_Francisek_Saleski_slikanica_NASLOVNICA.jpg","type":"image\/jpeg"}],"twitter_card":"summary_large_image","twitter_misc":{"Est. reading time":"1 minute"},"schema":{"@context":"https:\/\/schema.org","@graph":[{"@type":"WebPage","@id":"https:\/\/www.salve.si\/trgovina\/knjige\/otroske\/sveti-francisek-saleski\/","url":"https:\/\/www.salve.si\/trgovina\/knjige\/otroske\/sveti-francisek-saleski\/","name":"SVETI FRAN\u010cI\u0160EK SALE\u0160KI - Salve","isPartOf":{"@id":"https:\/\/www.salve.si\/#website"},"primaryImageOfPage":{"@id":"https:\/\/www.salve.si\/trgovina\/knjige\/otroske\/sveti-francisek-saleski\/#primaryimage"},"image":{"@id":"https:\/\/www.salve.si\/trgovina\/knjige\/otroske\/sveti-francisek-saleski\/#primaryimage"},"thumbnailUrl":"https:\/\/www.salve.si\/wp-content\/uploads\/2022\/04\/Sveti_Francisek_Saleski_slikanica_NASLOVNICA.jpg","datePublished":"2022-04-15T13:15:54+00:00","dateModified":"2025-12-31T23:00:08+00:00","breadcrumb":{"@id":"https:\/\/www.salve.si\/trgovina\/knjige\/otroske\/sveti-francisek-saleski\/#breadcrumb"},"inLanguage":"en-US","potentialAction":[{"@type":"ReadAction","target":["https:\/\/www.salve.si\/trgovina\/knjige\/otroske\/sveti-francisek-saleski\/"]}]},{"@type":"ImageObject","inLanguage":"en-US","@id":"https:\/\/www.salve.si\/trgovina\/knjige\/otroske\/sveti-francisek-saleski\/#primaryimage","url":"https:\/\/www.salve.si\/wp-content\/uploads\/2022\/04\/Sveti_Francisek_Saleski_slikanica_NASLOVNICA.jpg","contentUrl":"https:\/\/www.salve.si\/wp-content\/uploads\/2022\/04\/Sveti_Francisek_Saleski_slikanica_NASLOVNICA.jpg","width":1714,"height":1597},{"@type":"BreadcrumbList","@id":"https:\/\/www.salve.si\/trgovina\/knjige\/otroske\/sveti-francisek-saleski\/#breadcrumb","itemListElement":[{"@type":"ListItem","position":1,"name":"Home","item":"https:\/\/www.salve.si\/"},{"@type":"ListItem","position":2,"name":"Trgovina","item":"https:\/\/www.salve.si\/trgovina\/"},{"@type":"ListItem","position":3,"name":"SVETI FRAN\u010cI\u0160EK SALE\u0160KI"}]},{"@type":"WebSite","@id":"https:\/\/www.salve.si\/#website","url":"https:\/\/www.salve.si\/","name":"Salve","description":"Salezijanska zalo\u017eba","publisher":{"@id":"https:\/\/www.salve.si\/#organization"},"potentialAction":[{"@type":"SearchAction","target":{"@type":"EntryPoint","urlTemplate":"https:\/\/www.salve.si\/?s={search_term_string}"},"query-input":{"@type":"PropertyValueSpecification","valueRequired":true,"valueName":"search_term_string"}}],"inLanguage":"en-US"},{"@type":"Organization","@id":"https:\/\/www.salve.si\/#organization","name":"Salve d.o.o.","url":"https:\/\/www.salve.si\/","logo":{"@type":"ImageObject","inLanguage":"en-US","@id":"https:\/\/www.salve.si\/#\/schema\/logo\/image\/","url":"https:\/\/www.salve.si\/wp-content\/uploads\/2021\/01\/Salve_logo_modri_nov_web.png","contentUrl":"https:\/\/www.salve.si\/wp-content\/uploads\/2021\/01\/Salve_logo_modri_nov_web.png","width":279,"height":90,"caption":"Salve d.o.o."},"image":{"@id":"https:\/\/www.salve.si\/#\/schema\/logo\/image\/"},"sameAs":["https:\/\/www.facebook.com\/salve.si","https:\/\/www.instagram.com\/zalozbasalve\/","https:\/\/www.linkedin.com\/company\/zalozba-salve\/"]}]}},"_links":{"self":[{"href":"https:\/\/www.salve.si\/en\/wp-json\/wp\/v2\/product\/15587","targetHints":{"allow":["GET"]}}],"collection":[{"href":"https:\/\/www.salve.si\/en\/wp-json\/wp\/v2\/product"}],"about":[{"href":"https:\/\/www.salve.si\/en\/wp-json\/wp\/v2\/types\/product"}],"version-history":[{"count":2,"href":"https:\/\/www.salve.si\/en\/wp-json\/wp\/v2\/product\/15587\/revisions"}],"predecessor-version":[{"id":18533,"href":"https:\/\/www.salve.si\/en\/wp-json\/wp\/v2\/product\/15587\/revisions\/18533"}],"wp:featuredmedia":[{"embeddable":true,"href":"https:\/\/www.salve.si\/en\/wp-json\/wp\/v2\/media\/15589"}],"wp:attachment":[{"href":"https:\/\/www.salve.si\/en\/wp-json\/wp\/v2\/media?parent=15587"}],"wp:term":[{"taxonomy":"product_cat","embeddable":true,"href":"https:\/\/www.salve.si\/en\/wp-json\/wp\/v2\/product_cat?post=15587"},{"taxonomy":"product_tag","embeddable":true,"href":"https:\/\/www.salve.si\/en\/wp-json\/wp\/v2\/product_tag?post=15587"}],"curies":[{"name":"wp","href":"https:\/\/api.w.org\/{rel}","templated":true}]}}