{"id":15534,"date":"2022-04-02T10:47:47","date_gmt":"2022-04-02T08:47:47","guid":{"rendered":"https:\/\/www.salve.si\/?post_type=product&#038;p=15534"},"modified":"2022-05-02T05:29:27","modified_gmt":"2022-05-02T03:29:27","slug":"dva-velikana-in-se-vecja-mamica","status":"publish","type":"product","link":"https:\/\/www.salve.si\/en\/trgovina\/knjige\/otroske\/dva-velikana-in-se-vecja-mamica\/","title":{"rendered":"DVA VELIKANA IN \u0160E VE\u010cJA MAMICA"},"content":{"rendered":"<p>\u00bbNeko\u010d sta \u017eivela dva velikana in imela sta \u0161e ve\u010djo mamico. \u2026 Za danes vam lahko le povem, kako jima je ime. Pa ne se smejati. Eden je Janez, drugi Fran\u010di\u0161ek. Kak\u0161na velikana sta bila? Kaj sta po\u010dela? Sta bila dobra ali hudobna? Janez je imel \u010drne lase in po navadi je nosil dolg \u010drn pla\u0161\u010d. Fran\u010di\u0161ek pa je bil po glavi skoraj brez las, imel pa je dolgo rjavo brado. Vas je kaj strah? Se vam zdita stra\u0161na? Ah dajte no, ni\u010desar se ne bojte. Sicer pa vedno vedite: kadar vas je strah, se v molitvi obrnite na nebe\u0161ko mamico Marijo.\u00ab<\/p>\n<p>Tako se za\u010denjajo leto\u0161nje \u0161marnice za otroke avtorice Tadeje Roblek, ki \u017ee nekaj let nagovarja najmlaj\u0161e in mlade ter animira star\u0161e in vzgojitelje v kr\u0161\u010danski vzgoji.<span class=\"slv-content-keywords\"> \u0160marnice Tadeja Roblek Knjige Otro\u0161ke \u0160marnice Marija otro\u0161ka literatura pobo\u017enost \u0161marnice <\/span><\/p>","protected":false},"excerpt":{"rendered":"<p>Leto\u0161nje \u0161marnice so posve\u010dene dvema velikanoma \u2013 svetnikoma, ki sta \u017eivela v razli\u010dnih obdobjih, a sta med seboj zelo povezana: sv. Fran\u010di\u0161ek Sale\u0161ki, \u010digar 400. obletnico smrti obhajamo prav letos, ter don Bosko, vedno aktualni svetnik, ki je zamisli in duhovnost za svojo vzgojno dejavnost \u010drpal pri \u017eenevskem \u0161kofu.<\/p>","protected":false},"featured_media":15570,"template":"","meta":{"_acf_changed":false,"footnotes":""},"product_cat":[141,310,642],"product_tag":[337,1059,1106,967],"class_list":{"0":"post-15534","1":"product","2":"type-product","3":"status-publish","4":"has-post-thumbnail","6":"zbirke-smarnice","7":"authors-tadeja-roblek","8":"publisher-salve-d-o-o-ljubljana","9":"product_cat-knjige","10":"product_cat-otroske","11":"product_cat-smarnice","12":"product_tag-marija","13":"product_tag-otroska-literatura","14":"product_tag-poboznost","15":"product_tag-smarnice","17":"first","18":"instock","19":"featured","20":"shipping-taxable","21":"purchasable","22":"product-type-simple"},"acf":[],"yoast_head":"<!-- This site is optimized with the Yoast SEO plugin v23.8 - https:\/\/yoast.com\/wordpress\/plugins\/seo\/ -->\n<title>DVA VELIKANA IN \u0160E VE\u010cJA MAMICA - Salve<\/title>\n<meta name=\"robots\" content=\"index, follow, max-snippet:-1, max-image-preview:large, max-video-preview:-1\" \/>\n<link rel=\"canonical\" href=\"https:\/\/www.salve.si\/en\/trgovina\/knjige\/otroske\/dva-velikana-in-se-vecja-mamica\/\" \/>\n<meta property=\"og:locale\" content=\"en_US\" \/>\n<meta property=\"og:type\" content=\"article\" \/>\n<meta property=\"og:title\" content=\"DVA VELIKANA IN \u0160E VE\u010cJA MAMICA - Salve\" \/>\n<meta property=\"og:description\" content=\"Leto\u0161nje \u0161marnice so posve\u010dene dvema velikanoma \u2013 svetnikoma, ki sta \u017eivela v razli\u010dnih obdobjih, a sta med seboj zelo povezana: sv. Fran\u010di\u0161ek Sale\u0161ki, \u010digar 400. obletnico smrti obhajamo prav letos, ter don Bosko, vedno aktualni svetnik, ki je zamisli in duhovnost za svojo vzgojno dejavnost \u010drpal pri \u017eenevskem \u0161kofu.\" \/>\n<meta property=\"og:url\" content=\"https:\/\/www.salve.si\/en\/trgovina\/knjige\/otroske\/dva-velikana-in-se-vecja-mamica\/\" \/>\n<meta property=\"og:site_name\" content=\"Salve\" \/>\n<meta property=\"article:publisher\" content=\"https:\/\/www.facebook.com\/salve.si\" \/>\n<meta property=\"article:modified_time\" content=\"2022-05-02T03:29:27+00:00\" \/>\n<meta property=\"og:image\" content=\"https:\/\/www.salve.si\/wp-content\/uploads\/2022\/04\/Smarnice2022_NASLOVNICA01-1.jpg\" \/>\n\t<meta property=\"og:image:width\" content=\"708\" \/>\n\t<meta property=\"og:image:height\" content=\"1152\" \/>\n\t<meta property=\"og:image:type\" content=\"image\/jpeg\" \/>\n<meta name=\"twitter:card\" content=\"summary_large_image\" \/>\n<meta name=\"twitter:label1\" content=\"Est. reading time\" \/>\n\t<meta name=\"twitter:data1\" content=\"1 minute\" \/>\n<script type=\"application\/ld+json\" class=\"yoast-schema-graph\">{\"@context\":\"https:\/\/schema.org\",\"@graph\":[{\"@type\":\"WebPage\",\"@id\":\"https:\/\/www.salve.si\/trgovina\/knjige\/otroske\/dva-velikana-in-se-vecja-mamica\/\",\"url\":\"https:\/\/www.salve.si\/trgovina\/knjige\/otroske\/dva-velikana-in-se-vecja-mamica\/\",\"name\":\"DVA VELIKANA IN \u0160E VE\u010cJA MAMICA - Salve\",\"isPartOf\":{\"@id\":\"https:\/\/www.salve.si\/#website\"},\"primaryImageOfPage\":{\"@id\":\"https:\/\/www.salve.si\/trgovina\/knjige\/otroske\/dva-velikana-in-se-vecja-mamica\/#primaryimage\"},\"image\":{\"@id\":\"https:\/\/www.salve.si\/trgovina\/knjige\/otroske\/dva-velikana-in-se-vecja-mamica\/#primaryimage\"},\"thumbnailUrl\":\"https:\/\/www.salve.si\/wp-content\/uploads\/2022\/04\/Smarnice2022_NASLOVNICA01-1.jpg\",\"datePublished\":\"2022-04-02T08:47:47+00:00\",\"dateModified\":\"2022-05-02T03:29:27+00:00\",\"breadcrumb\":{\"@id\":\"https:\/\/www.salve.si\/trgovina\/knjige\/otroske\/dva-velikana-in-se-vecja-mamica\/#breadcrumb\"},\"inLanguage\":\"en-US\",\"potentialAction\":[{\"@type\":\"ReadAction\",\"target\":[\"https:\/\/www.salve.si\/trgovina\/knjige\/otroske\/dva-velikana-in-se-vecja-mamica\/\"]}]},{\"@type\":\"ImageObject\",\"inLanguage\":\"en-US\",\"@id\":\"https:\/\/www.salve.si\/trgovina\/knjige\/otroske\/dva-velikana-in-se-vecja-mamica\/#primaryimage\",\"url\":\"https:\/\/www.salve.si\/wp-content\/uploads\/2022\/04\/Smarnice2022_NASLOVNICA01-1.jpg\",\"contentUrl\":\"https:\/\/www.salve.si\/wp-content\/uploads\/2022\/04\/Smarnice2022_NASLOVNICA01-1.jpg\",\"width\":708,\"height\":1152},{\"@type\":\"BreadcrumbList\",\"@id\":\"https:\/\/www.salve.si\/trgovina\/knjige\/otroske\/dva-velikana-in-se-vecja-mamica\/#breadcrumb\",\"itemListElement\":[{\"@type\":\"ListItem\",\"position\":1,\"name\":\"Home\",\"item\":\"https:\/\/www.salve.si\/\"},{\"@type\":\"ListItem\",\"position\":2,\"name\":\"Trgovina\",\"item\":\"https:\/\/www.salve.si\/trgovina\/\"},{\"@type\":\"ListItem\",\"position\":3,\"name\":\"DVA VELIKANA IN \u0160E VE\u010cJA MAMICA\"}]},{\"@type\":\"WebSite\",\"@id\":\"https:\/\/www.salve.si\/#website\",\"url\":\"https:\/\/www.salve.si\/\",\"name\":\"Salve\",\"description\":\"Salezijanska zalo\u017eba\",\"publisher\":{\"@id\":\"https:\/\/www.salve.si\/#organization\"},\"potentialAction\":[{\"@type\":\"SearchAction\",\"target\":{\"@type\":\"EntryPoint\",\"urlTemplate\":\"https:\/\/www.salve.si\/?s={search_term_string}\"},\"query-input\":{\"@type\":\"PropertyValueSpecification\",\"valueRequired\":true,\"valueName\":\"search_term_string\"}}],\"inLanguage\":\"en-US\"},{\"@type\":\"Organization\",\"@id\":\"https:\/\/www.salve.si\/#organization\",\"name\":\"Salve d.o.o.\",\"url\":\"https:\/\/www.salve.si\/\",\"logo\":{\"@type\":\"ImageObject\",\"inLanguage\":\"en-US\",\"@id\":\"https:\/\/www.salve.si\/#\/schema\/logo\/image\/\",\"url\":\"https:\/\/www.salve.si\/wp-content\/uploads\/2021\/01\/Salve_logo_modri_nov_web.png\",\"contentUrl\":\"https:\/\/www.salve.si\/wp-content\/uploads\/2021\/01\/Salve_logo_modri_nov_web.png\",\"width\":279,\"height\":90,\"caption\":\"Salve d.o.o.\"},\"image\":{\"@id\":\"https:\/\/www.salve.si\/#\/schema\/logo\/image\/\"},\"sameAs\":[\"https:\/\/www.facebook.com\/salve.si\",\"https:\/\/www.instagram.com\/zalozbasalve\/\",\"https:\/\/www.linkedin.com\/company\/zalozba-salve\/\"]}]}<\/script>\n<!-- \/ Yoast SEO plugin. -->","yoast_head_json":{"title":"DVA VELIKANA IN \u0160E VE\u010cJA MAMICA - Salve","robots":{"index":"index","follow":"follow","max-snippet":"max-snippet:-1","max-image-preview":"max-image-preview:large","max-video-preview":"max-video-preview:-1"},"canonical":"https:\/\/www.salve.si\/en\/trgovina\/knjige\/otroske\/dva-velikana-in-se-vecja-mamica\/","og_locale":"en_US","og_type":"article","og_title":"DVA VELIKANA IN \u0160E VE\u010cJA MAMICA - Salve","og_description":"Leto\u0161nje \u0161marnice so posve\u010dene dvema velikanoma \u2013 svetnikoma, ki sta \u017eivela v razli\u010dnih obdobjih, a sta med seboj zelo povezana: sv. Fran\u010di\u0161ek Sale\u0161ki, \u010digar 400. obletnico smrti obhajamo prav letos, ter don Bosko, vedno aktualni svetnik, ki je zamisli in duhovnost za svojo vzgojno dejavnost \u010drpal pri \u017eenevskem \u0161kofu.","og_url":"https:\/\/www.salve.si\/en\/trgovina\/knjige\/otroske\/dva-velikana-in-se-vecja-mamica\/","og_site_name":"Salve","article_publisher":"https:\/\/www.facebook.com\/salve.si","article_modified_time":"2022-05-02T03:29:27+00:00","og_image":[{"width":708,"height":1152,"url":"https:\/\/www.salve.si\/wp-content\/uploads\/2022\/04\/Smarnice2022_NASLOVNICA01-1.jpg","type":"image\/jpeg"}],"twitter_card":"summary_large_image","twitter_misc":{"Est. reading time":"1 minute"},"schema":{"@context":"https:\/\/schema.org","@graph":[{"@type":"WebPage","@id":"https:\/\/www.salve.si\/trgovina\/knjige\/otroske\/dva-velikana-in-se-vecja-mamica\/","url":"https:\/\/www.salve.si\/trgovina\/knjige\/otroske\/dva-velikana-in-se-vecja-mamica\/","name":"DVA VELIKANA IN \u0160E VE\u010cJA MAMICA - Salve","isPartOf":{"@id":"https:\/\/www.salve.si\/#website"},"primaryImageOfPage":{"@id":"https:\/\/www.salve.si\/trgovina\/knjige\/otroske\/dva-velikana-in-se-vecja-mamica\/#primaryimage"},"image":{"@id":"https:\/\/www.salve.si\/trgovina\/knjige\/otroske\/dva-velikana-in-se-vecja-mamica\/#primaryimage"},"thumbnailUrl":"https:\/\/www.salve.si\/wp-content\/uploads\/2022\/04\/Smarnice2022_NASLOVNICA01-1.jpg","datePublished":"2022-04-02T08:47:47+00:00","dateModified":"2022-05-02T03:29:27+00:00","breadcrumb":{"@id":"https:\/\/www.salve.si\/trgovina\/knjige\/otroske\/dva-velikana-in-se-vecja-mamica\/#breadcrumb"},"inLanguage":"en-US","potentialAction":[{"@type":"ReadAction","target":["https:\/\/www.salve.si\/trgovina\/knjige\/otroske\/dva-velikana-in-se-vecja-mamica\/"]}]},{"@type":"ImageObject","inLanguage":"en-US","@id":"https:\/\/www.salve.si\/trgovina\/knjige\/otroske\/dva-velikana-in-se-vecja-mamica\/#primaryimage","url":"https:\/\/www.salve.si\/wp-content\/uploads\/2022\/04\/Smarnice2022_NASLOVNICA01-1.jpg","contentUrl":"https:\/\/www.salve.si\/wp-content\/uploads\/2022\/04\/Smarnice2022_NASLOVNICA01-1.jpg","width":708,"height":1152},{"@type":"BreadcrumbList","@id":"https:\/\/www.salve.si\/trgovina\/knjige\/otroske\/dva-velikana-in-se-vecja-mamica\/#breadcrumb","itemListElement":[{"@type":"ListItem","position":1,"name":"Home","item":"https:\/\/www.salve.si\/"},{"@type":"ListItem","position":2,"name":"Trgovina","item":"https:\/\/www.salve.si\/trgovina\/"},{"@type":"ListItem","position":3,"name":"DVA VELIKANA IN \u0160E VE\u010cJA MAMICA"}]},{"@type":"WebSite","@id":"https:\/\/www.salve.si\/#website","url":"https:\/\/www.salve.si\/","name":"Salve","description":"Salezijanska zalo\u017eba","publisher":{"@id":"https:\/\/www.salve.si\/#organization"},"potentialAction":[{"@type":"SearchAction","target":{"@type":"EntryPoint","urlTemplate":"https:\/\/www.salve.si\/?s={search_term_string}"},"query-input":{"@type":"PropertyValueSpecification","valueRequired":true,"valueName":"search_term_string"}}],"inLanguage":"en-US"},{"@type":"Organization","@id":"https:\/\/www.salve.si\/#organization","name":"Salve d.o.o.","url":"https:\/\/www.salve.si\/","logo":{"@type":"ImageObject","inLanguage":"en-US","@id":"https:\/\/www.salve.si\/#\/schema\/logo\/image\/","url":"https:\/\/www.salve.si\/wp-content\/uploads\/2021\/01\/Salve_logo_modri_nov_web.png","contentUrl":"https:\/\/www.salve.si\/wp-content\/uploads\/2021\/01\/Salve_logo_modri_nov_web.png","width":279,"height":90,"caption":"Salve d.o.o."},"image":{"@id":"https:\/\/www.salve.si\/#\/schema\/logo\/image\/"},"sameAs":["https:\/\/www.facebook.com\/salve.si","https:\/\/www.instagram.com\/zalozbasalve\/","https:\/\/www.linkedin.com\/company\/zalozba-salve\/"]}]}},"_links":{"self":[{"href":"https:\/\/www.salve.si\/en\/wp-json\/wp\/v2\/product\/15534","targetHints":{"allow":["GET"]}}],"collection":[{"href":"https:\/\/www.salve.si\/en\/wp-json\/wp\/v2\/product"}],"about":[{"href":"https:\/\/www.salve.si\/en\/wp-json\/wp\/v2\/types\/product"}],"version-history":[{"count":7,"href":"https:\/\/www.salve.si\/en\/wp-json\/wp\/v2\/product\/15534\/revisions"}],"predecessor-version":[{"id":15617,"href":"https:\/\/www.salve.si\/en\/wp-json\/wp\/v2\/product\/15534\/revisions\/15617"}],"wp:featuredmedia":[{"embeddable":true,"href":"https:\/\/www.salve.si\/en\/wp-json\/wp\/v2\/media\/15570"}],"wp:attachment":[{"href":"https:\/\/www.salve.si\/en\/wp-json\/wp\/v2\/media?parent=15534"}],"wp:term":[{"taxonomy":"product_cat","embeddable":true,"href":"https:\/\/www.salve.si\/en\/wp-json\/wp\/v2\/product_cat?post=15534"},{"taxonomy":"product_tag","embeddable":true,"href":"https:\/\/www.salve.si\/en\/wp-json\/wp\/v2\/product_tag?post=15534"}],"curies":[{"name":"wp","href":"https:\/\/api.w.org\/{rel}","templated":true}]}}