{"id":15454,"date":"2022-02-23T13:53:16","date_gmt":"2022-02-23T12:53:16","guid":{"rendered":"https:\/\/www.salve.si\/?post_type=product&#038;p=15454"},"modified":"2022-02-28T05:40:28","modified_gmt":"2022-02-28T04:40:28","slug":"krizev-pot-s-sveto-favstino-kowalsko","status":"publish","type":"product","link":"https:\/\/www.salve.si\/en\/trgovina\/knjige\/krizev-pot\/krizev-pot-s-sveto-favstino-kowalsko\/","title":{"rendered":"Kri\u017eev pot s sveto Favstino Kowalsko"},"content":{"rendered":"<p><span class=\"slv-content-keywords\"> Favstina Kowalska Kri\u017eev pot Kri\u017eev pot Kri\u017eev pot Maximino Cerezo Barredo <\/span><\/p>","protected":false},"excerpt":{"rendered":"<p>Knji\u017eica prina\u0161a molitev kri\u017eevega pota z bogatimi mislimi sv. Favstine Kowalske: \u00bb Moj Jezus, moje edino upanje, zahvaljujem se ti za knjigo, ki si jo odprl pred o\u010dmi moje du\u0161e. Ta knjiga je tvoje trpljenje, ki si ga vzel nase iz ljubezni do mene. Iz te knjige sem se nau\u010dila, kako ljubiti Boga in du\u0161e. V tej knjigi so zajeti neizmerni zakladi za nas. Jezus, tako malo du\u0161 razume tvoje trpljenje iz ljubezni! Kako velik je ogenj \u010diste ljubezni, ki gori v tvojem najsvetej\u0161em Srcu! Blagor du\u0161i, ki je spoznala ljubezen Jezusovega Srca! \u00ab<\/p>","protected":false},"featured_media":15456,"template":"","meta":{"_acf_changed":false,"footnotes":""},"product_cat":[1099],"product_tag":[633],"class_list":{"0":"post-15454","1":"product","2":"type-product","3":"status-publish","4":"has-post-thumbnail","6":"authors-favstina-kowalska","7":"publisher-salve-d-o-o-ljubljana","8":"product_cat-krizev-pot","9":"product_tag-krizev-pot","11":"first","12":"instock","13":"shipping-taxable","14":"purchasable","15":"product-type-simple"},"acf":[],"yoast_head":"<!-- This site is optimized with the Yoast SEO plugin v23.8 - https:\/\/yoast.com\/wordpress\/plugins\/seo\/ -->\n<title>Kri\u017eev pot s sveto Favstino Kowalsko - Salve<\/title>\n<meta name=\"robots\" content=\"index, follow, max-snippet:-1, max-image-preview:large, max-video-preview:-1\" \/>\n<link rel=\"canonical\" href=\"https:\/\/www.salve.si\/en\/trgovina\/knjige\/krizev-pot\/krizev-pot-s-sveto-favstino-kowalsko\/\" \/>\n<meta property=\"og:locale\" content=\"en_US\" \/>\n<meta property=\"og:type\" content=\"article\" \/>\n<meta property=\"og:title\" content=\"Kri\u017eev pot s sveto Favstino Kowalsko - Salve\" \/>\n<meta property=\"og:description\" content=\"Knji\u017eica prina\u0161a molitev kri\u017eevega pota z bogatimi mislimi sv. Favstine Kowalske: \u00bb Moj Jezus, moje edino upanje, zahvaljujem se ti za knjigo, ki si jo odprl pred o\u010dmi moje du\u0161e. Ta knjiga je tvoje trpljenje, ki si ga vzel nase iz ljubezni do mene. Iz te knjige sem se nau\u010dila, kako ljubiti Boga in du\u0161e. V tej knjigi so zajeti neizmerni zakladi za nas. Jezus, tako malo du\u0161 razume tvoje trpljenje iz ljubezni! Kako velik je ogenj \u010diste ljubezni, ki gori v tvojem najsvetej\u0161em Srcu! Blagor du\u0161i, ki je spoznala ljubezen Jezusovega Srca! \u00ab\" \/>\n<meta property=\"og:url\" content=\"https:\/\/www.salve.si\/en\/trgovina\/knjige\/krizev-pot\/krizev-pot-s-sveto-favstino-kowalsko\/\" \/>\n<meta property=\"og:site_name\" content=\"Salve\" \/>\n<meta property=\"article:publisher\" content=\"https:\/\/www.facebook.com\/salve.si\" \/>\n<meta property=\"article:modified_time\" content=\"2022-02-28T04:40:28+00:00\" \/>\n<meta property=\"og:image\" content=\"https:\/\/www.salve.si\/wp-content\/uploads\/2022\/02\/Krizev-pot-s-sveto-Favstino-Kowalsko_NASLOVNICA.jpg\" \/>\n\t<meta property=\"og:image:width\" content=\"945\" \/>\n\t<meta property=\"og:image:height\" content=\"1536\" \/>\n\t<meta property=\"og:image:type\" content=\"image\/jpeg\" \/>\n<meta name=\"twitter:card\" content=\"summary_large_image\" \/>\n<script type=\"application\/ld+json\" class=\"yoast-schema-graph\">{\"@context\":\"https:\/\/schema.org\",\"@graph\":[{\"@type\":\"WebPage\",\"@id\":\"https:\/\/www.salve.si\/trgovina\/knjige\/krizev-pot\/krizev-pot-s-sveto-favstino-kowalsko\/\",\"url\":\"https:\/\/www.salve.si\/trgovina\/knjige\/krizev-pot\/krizev-pot-s-sveto-favstino-kowalsko\/\",\"name\":\"Kri\u017eev pot s sveto Favstino Kowalsko - Salve\",\"isPartOf\":{\"@id\":\"https:\/\/www.salve.si\/#website\"},\"primaryImageOfPage\":{\"@id\":\"https:\/\/www.salve.si\/trgovina\/knjige\/krizev-pot\/krizev-pot-s-sveto-favstino-kowalsko\/#primaryimage\"},\"image\":{\"@id\":\"https:\/\/www.salve.si\/trgovina\/knjige\/krizev-pot\/krizev-pot-s-sveto-favstino-kowalsko\/#primaryimage\"},\"thumbnailUrl\":\"https:\/\/www.salve.si\/wp-content\/uploads\/2022\/02\/Krizev-pot-s-sveto-Favstino-Kowalsko_NASLOVNICA.jpg\",\"datePublished\":\"2022-02-23T12:53:16+00:00\",\"dateModified\":\"2022-02-28T04:40:28+00:00\",\"breadcrumb\":{\"@id\":\"https:\/\/www.salve.si\/trgovina\/knjige\/krizev-pot\/krizev-pot-s-sveto-favstino-kowalsko\/#breadcrumb\"},\"inLanguage\":\"en-US\",\"potentialAction\":[{\"@type\":\"ReadAction\",\"target\":[\"https:\/\/www.salve.si\/trgovina\/knjige\/krizev-pot\/krizev-pot-s-sveto-favstino-kowalsko\/\"]}]},{\"@type\":\"ImageObject\",\"inLanguage\":\"en-US\",\"@id\":\"https:\/\/www.salve.si\/trgovina\/knjige\/krizev-pot\/krizev-pot-s-sveto-favstino-kowalsko\/#primaryimage\",\"url\":\"https:\/\/www.salve.si\/wp-content\/uploads\/2022\/02\/Krizev-pot-s-sveto-Favstino-Kowalsko_NASLOVNICA.jpg\",\"contentUrl\":\"https:\/\/www.salve.si\/wp-content\/uploads\/2022\/02\/Krizev-pot-s-sveto-Favstino-Kowalsko_NASLOVNICA.jpg\",\"width\":945,\"height\":1536},{\"@type\":\"BreadcrumbList\",\"@id\":\"https:\/\/www.salve.si\/trgovina\/knjige\/krizev-pot\/krizev-pot-s-sveto-favstino-kowalsko\/#breadcrumb\",\"itemListElement\":[{\"@type\":\"ListItem\",\"position\":1,\"name\":\"Home\",\"item\":\"https:\/\/www.salve.si\/\"},{\"@type\":\"ListItem\",\"position\":2,\"name\":\"Trgovina\",\"item\":\"https:\/\/www.salve.si\/trgovina\/\"},{\"@type\":\"ListItem\",\"position\":3,\"name\":\"Kri\u017eev pot s sveto Favstino Kowalsko\"}]},{\"@type\":\"WebSite\",\"@id\":\"https:\/\/www.salve.si\/#website\",\"url\":\"https:\/\/www.salve.si\/\",\"name\":\"Salve\",\"description\":\"Salezijanska zalo\u017eba\",\"publisher\":{\"@id\":\"https:\/\/www.salve.si\/#organization\"},\"potentialAction\":[{\"@type\":\"SearchAction\",\"target\":{\"@type\":\"EntryPoint\",\"urlTemplate\":\"https:\/\/www.salve.si\/?s={search_term_string}\"},\"query-input\":{\"@type\":\"PropertyValueSpecification\",\"valueRequired\":true,\"valueName\":\"search_term_string\"}}],\"inLanguage\":\"en-US\"},{\"@type\":\"Organization\",\"@id\":\"https:\/\/www.salve.si\/#organization\",\"name\":\"Salve d.o.o.\",\"url\":\"https:\/\/www.salve.si\/\",\"logo\":{\"@type\":\"ImageObject\",\"inLanguage\":\"en-US\",\"@id\":\"https:\/\/www.salve.si\/#\/schema\/logo\/image\/\",\"url\":\"https:\/\/www.salve.si\/wp-content\/uploads\/2021\/01\/Salve_logo_modri_nov_web.png\",\"contentUrl\":\"https:\/\/www.salve.si\/wp-content\/uploads\/2021\/01\/Salve_logo_modri_nov_web.png\",\"width\":279,\"height\":90,\"caption\":\"Salve d.o.o.\"},\"image\":{\"@id\":\"https:\/\/www.salve.si\/#\/schema\/logo\/image\/\"},\"sameAs\":[\"https:\/\/www.facebook.com\/salve.si\",\"https:\/\/www.instagram.com\/zalozbasalve\/\",\"https:\/\/www.linkedin.com\/company\/zalozba-salve\/\"]}]}<\/script>\n<!-- \/ Yoast SEO plugin. -->","yoast_head_json":{"title":"Kri\u017eev pot s sveto Favstino Kowalsko - Salve","robots":{"index":"index","follow":"follow","max-snippet":"max-snippet:-1","max-image-preview":"max-image-preview:large","max-video-preview":"max-video-preview:-1"},"canonical":"https:\/\/www.salve.si\/en\/trgovina\/knjige\/krizev-pot\/krizev-pot-s-sveto-favstino-kowalsko\/","og_locale":"en_US","og_type":"article","og_title":"Kri\u017eev pot s sveto Favstino Kowalsko - Salve","og_description":"Knji\u017eica prina\u0161a molitev kri\u017eevega pota z bogatimi mislimi sv. Favstine Kowalske: \u00bb Moj Jezus, moje edino upanje, zahvaljujem se ti za knjigo, ki si jo odprl pred o\u010dmi moje du\u0161e. Ta knjiga je tvoje trpljenje, ki si ga vzel nase iz ljubezni do mene. Iz te knjige sem se nau\u010dila, kako ljubiti Boga in du\u0161e. V tej knjigi so zajeti neizmerni zakladi za nas. Jezus, tako malo du\u0161 razume tvoje trpljenje iz ljubezni! Kako velik je ogenj \u010diste ljubezni, ki gori v tvojem najsvetej\u0161em Srcu! Blagor du\u0161i, ki je spoznala ljubezen Jezusovega Srca! \u00ab","og_url":"https:\/\/www.salve.si\/en\/trgovina\/knjige\/krizev-pot\/krizev-pot-s-sveto-favstino-kowalsko\/","og_site_name":"Salve","article_publisher":"https:\/\/www.facebook.com\/salve.si","article_modified_time":"2022-02-28T04:40:28+00:00","og_image":[{"width":945,"height":1536,"url":"https:\/\/www.salve.si\/wp-content\/uploads\/2022\/02\/Krizev-pot-s-sveto-Favstino-Kowalsko_NASLOVNICA.jpg","type":"image\/jpeg"}],"twitter_card":"summary_large_image","schema":{"@context":"https:\/\/schema.org","@graph":[{"@type":"WebPage","@id":"https:\/\/www.salve.si\/trgovina\/knjige\/krizev-pot\/krizev-pot-s-sveto-favstino-kowalsko\/","url":"https:\/\/www.salve.si\/trgovina\/knjige\/krizev-pot\/krizev-pot-s-sveto-favstino-kowalsko\/","name":"Kri\u017eev pot s sveto Favstino Kowalsko - Salve","isPartOf":{"@id":"https:\/\/www.salve.si\/#website"},"primaryImageOfPage":{"@id":"https:\/\/www.salve.si\/trgovina\/knjige\/krizev-pot\/krizev-pot-s-sveto-favstino-kowalsko\/#primaryimage"},"image":{"@id":"https:\/\/www.salve.si\/trgovina\/knjige\/krizev-pot\/krizev-pot-s-sveto-favstino-kowalsko\/#primaryimage"},"thumbnailUrl":"https:\/\/www.salve.si\/wp-content\/uploads\/2022\/02\/Krizev-pot-s-sveto-Favstino-Kowalsko_NASLOVNICA.jpg","datePublished":"2022-02-23T12:53:16+00:00","dateModified":"2022-02-28T04:40:28+00:00","breadcrumb":{"@id":"https:\/\/www.salve.si\/trgovina\/knjige\/krizev-pot\/krizev-pot-s-sveto-favstino-kowalsko\/#breadcrumb"},"inLanguage":"en-US","potentialAction":[{"@type":"ReadAction","target":["https:\/\/www.salve.si\/trgovina\/knjige\/krizev-pot\/krizev-pot-s-sveto-favstino-kowalsko\/"]}]},{"@type":"ImageObject","inLanguage":"en-US","@id":"https:\/\/www.salve.si\/trgovina\/knjige\/krizev-pot\/krizev-pot-s-sveto-favstino-kowalsko\/#primaryimage","url":"https:\/\/www.salve.si\/wp-content\/uploads\/2022\/02\/Krizev-pot-s-sveto-Favstino-Kowalsko_NASLOVNICA.jpg","contentUrl":"https:\/\/www.salve.si\/wp-content\/uploads\/2022\/02\/Krizev-pot-s-sveto-Favstino-Kowalsko_NASLOVNICA.jpg","width":945,"height":1536},{"@type":"BreadcrumbList","@id":"https:\/\/www.salve.si\/trgovina\/knjige\/krizev-pot\/krizev-pot-s-sveto-favstino-kowalsko\/#breadcrumb","itemListElement":[{"@type":"ListItem","position":1,"name":"Home","item":"https:\/\/www.salve.si\/"},{"@type":"ListItem","position":2,"name":"Trgovina","item":"https:\/\/www.salve.si\/trgovina\/"},{"@type":"ListItem","position":3,"name":"Kri\u017eev pot s sveto Favstino Kowalsko"}]},{"@type":"WebSite","@id":"https:\/\/www.salve.si\/#website","url":"https:\/\/www.salve.si\/","name":"Salve","description":"Salezijanska zalo\u017eba","publisher":{"@id":"https:\/\/www.salve.si\/#organization"},"potentialAction":[{"@type":"SearchAction","target":{"@type":"EntryPoint","urlTemplate":"https:\/\/www.salve.si\/?s={search_term_string}"},"query-input":{"@type":"PropertyValueSpecification","valueRequired":true,"valueName":"search_term_string"}}],"inLanguage":"en-US"},{"@type":"Organization","@id":"https:\/\/www.salve.si\/#organization","name":"Salve d.o.o.","url":"https:\/\/www.salve.si\/","logo":{"@type":"ImageObject","inLanguage":"en-US","@id":"https:\/\/www.salve.si\/#\/schema\/logo\/image\/","url":"https:\/\/www.salve.si\/wp-content\/uploads\/2021\/01\/Salve_logo_modri_nov_web.png","contentUrl":"https:\/\/www.salve.si\/wp-content\/uploads\/2021\/01\/Salve_logo_modri_nov_web.png","width":279,"height":90,"caption":"Salve d.o.o."},"image":{"@id":"https:\/\/www.salve.si\/#\/schema\/logo\/image\/"},"sameAs":["https:\/\/www.facebook.com\/salve.si","https:\/\/www.instagram.com\/zalozbasalve\/","https:\/\/www.linkedin.com\/company\/zalozba-salve\/"]}]}},"_links":{"self":[{"href":"https:\/\/www.salve.si\/en\/wp-json\/wp\/v2\/product\/15454","targetHints":{"allow":["GET"]}}],"collection":[{"href":"https:\/\/www.salve.si\/en\/wp-json\/wp\/v2\/product"}],"about":[{"href":"https:\/\/www.salve.si\/en\/wp-json\/wp\/v2\/types\/product"}],"version-history":[{"count":2,"href":"https:\/\/www.salve.si\/en\/wp-json\/wp\/v2\/product\/15454\/revisions"}],"predecessor-version":[{"id":15460,"href":"https:\/\/www.salve.si\/en\/wp-json\/wp\/v2\/product\/15454\/revisions\/15460"}],"wp:featuredmedia":[{"embeddable":true,"href":"https:\/\/www.salve.si\/en\/wp-json\/wp\/v2\/media\/15456"}],"wp:attachment":[{"href":"https:\/\/www.salve.si\/en\/wp-json\/wp\/v2\/media?parent=15454"}],"wp:term":[{"taxonomy":"product_cat","embeddable":true,"href":"https:\/\/www.salve.si\/en\/wp-json\/wp\/v2\/product_cat?post=15454"},{"taxonomy":"product_tag","embeddable":true,"href":"https:\/\/www.salve.si\/en\/wp-json\/wp\/v2\/product_tag?post=15454"}],"curies":[{"name":"wp","href":"https:\/\/api.w.org\/{rel}","templated":true}]}}