{"id":15204,"date":"2021-12-17T11:16:20","date_gmt":"2021-12-17T10:16:20","guid":{"rendered":"https:\/\/www.salve.si\/?post_type=product&#038;p=15204"},"modified":"2026-01-01T00:00:10","modified_gmt":"2025-12-31T23:00:10","slug":"stanovitni-in-verodostojni","status":"publish","type":"product","link":"https:\/\/www.salve.si\/en\/trgovina\/knjige\/teologija-in-duhovnost\/stanovitni-in-verodostojni\/","title":{"rendered":"STANOVITNI IN VERODOSTOJNI"},"content":{"rendered":"<p>\u00bbZvestobo bi lahko opredelili kot zaupanja vreden odnos. Kaj je zvestoba, razumemo samo v zanesljivih odnosih. Toda komu lahko zaupamo? Na koga se lahko zanesemo? Kaj je v mojem \u017eivljenju zanesljivo in verodostojno? Odgovoriti si na ta vpra\u0161anja je zelo pomembno za duhovno \u017eivljenje. \u0160ele ko odkrijemo, kaj ali bolje Kdo, je zanesljiv, si lahko gradimo trdno in prepri\u010dljivo \u017eivljenje,\u00ab se spra\u0161uje avtor uspe\u0161nic sodobne kr\u0161\u010danske duhovnosti Luigi Maria Epicoco.<\/p>\n<p>Luigi Maria Epicoco (1980) je duhovnik italijanske \u0161kofije L\u2018Aquila in dekan In\u0161tituta za verske \u0161tudije <em>Fides et ratio<\/em>. Posebno se posve\u010da duhovni vzgoji laikov in redovnikov, tudi s prirejanjem predavanj in duhovnih vaj. Njegova dela so prevedena v ve\u010d jezikov. V sloven\u0161\u010dini je zalo\u017eba Salve leta 2020 izdala dve njegovi deli: <em>Sol, ne med &#8211; za vero, ki \u017ege <\/em>in <em>Sveti Janez Pavel veliki.<\/em><span class=\"slv-content-keywords\"> Knjige Teologija in duhovnost duhovnost kr\u0161\u010danska duhovnost Luigi Maria Epicoco Urjenje v vsakdanji zvestobi <\/span><\/p>","protected":false},"excerpt":{"rendered":"<p>\u017de samo povabilo k vsakdanji zvestobi zveni kot nekaj globokega, konkretnega in koristnega za duhovno rast vseh, ne glede na \u017eivljenjski stan in poklic. Pisec nam predlaga, naj zvestobo sprejmemo kot \u017eivljenjski slog, v katerem se moramo uriti dan za dnem. Vabi nas, naj se u\u010dimo iz svojih napak in odlo\u010ditev, tako dobrih kot slabih, predvsem pa iz dogodkov, ki nam jih po\u0161ilja \u017eivljenje.<\/p>","protected":false},"featured_media":15205,"template":"","meta":{"_acf_changed":false,"footnotes":""},"product_cat":[141,314],"product_tag":[999,981],"class_list":{"0":"post-15204","1":"product","2":"type-product","3":"status-publish","4":"has-post-thumbnail","6":"authors-luigi-maria-epicoco","7":"publisher-salve-d-o-o-ljubljana","8":"product_cat-knjige","9":"product_cat-teologija-in-duhovnost","10":"product_tag-duhovnost","11":"product_tag-krscanska-duhovnost","13":"first","14":"instock","15":"shipping-taxable","16":"purchasable","17":"product-type-simple"},"acf":[],"yoast_head":"<!-- This site is optimized with the Yoast SEO plugin v23.8 - https:\/\/yoast.com\/wordpress\/plugins\/seo\/ -->\n<title>STANOVITNI IN VERODOSTOJNI - Salve<\/title>\n<meta name=\"robots\" content=\"index, follow, max-snippet:-1, max-image-preview:large, max-video-preview:-1\" \/>\n<link rel=\"canonical\" href=\"https:\/\/www.salve.si\/en\/trgovina\/knjige\/teologija-in-duhovnost\/stanovitni-in-verodostojni\/\" \/>\n<meta property=\"og:locale\" content=\"en_US\" \/>\n<meta property=\"og:type\" content=\"article\" \/>\n<meta property=\"og:title\" content=\"STANOVITNI IN VERODOSTOJNI - Salve\" \/>\n<meta property=\"og:description\" content=\"\u017de samo povabilo k vsakdanji zvestobi zveni kot nekaj globokega, konkretnega in koristnega za duhovno rast vseh, ne glede na \u017eivljenjski stan in poklic. Pisec nam predlaga, naj zvestobo sprejmemo kot \u017eivljenjski slog, v katerem se moramo uriti dan za dnem. Vabi nas, naj se u\u010dimo iz svojih napak in odlo\u010ditev, tako dobrih kot slabih, predvsem pa iz dogodkov, ki nam jih po\u0161ilja \u017eivljenje.\" \/>\n<meta property=\"og:url\" content=\"https:\/\/www.salve.si\/en\/trgovina\/knjige\/teologija-in-duhovnost\/stanovitni-in-verodostojni\/\" \/>\n<meta property=\"og:site_name\" content=\"Salve\" \/>\n<meta property=\"article:publisher\" content=\"https:\/\/www.facebook.com\/salve.si\" \/>\n<meta property=\"article:modified_time\" content=\"2025-12-31T23:00:10+00:00\" \/>\n<meta property=\"og:image\" content=\"https:\/\/www.salve.si\/wp-content\/uploads\/2021\/12\/Stanovitni-in-verodostojni-NASLOVNICA-.jpg\" \/>\n\t<meta property=\"og:image:width\" content=\"532\" \/>\n\t<meta property=\"og:image:height\" content=\"827\" \/>\n\t<meta property=\"og:image:type\" content=\"image\/jpeg\" \/>\n<meta name=\"twitter:card\" content=\"summary_large_image\" \/>\n<meta name=\"twitter:label1\" content=\"Est. reading time\" \/>\n\t<meta name=\"twitter:data1\" content=\"2 minutes\" \/>\n<script type=\"application\/ld+json\" class=\"yoast-schema-graph\">{\"@context\":\"https:\/\/schema.org\",\"@graph\":[{\"@type\":\"WebPage\",\"@id\":\"https:\/\/www.salve.si\/trgovina\/knjige\/teologija-in-duhovnost\/stanovitni-in-verodostojni\/\",\"url\":\"https:\/\/www.salve.si\/trgovina\/knjige\/teologija-in-duhovnost\/stanovitni-in-verodostojni\/\",\"name\":\"STANOVITNI IN VERODOSTOJNI - Salve\",\"isPartOf\":{\"@id\":\"https:\/\/www.salve.si\/#website\"},\"primaryImageOfPage\":{\"@id\":\"https:\/\/www.salve.si\/trgovina\/knjige\/teologija-in-duhovnost\/stanovitni-in-verodostojni\/#primaryimage\"},\"image\":{\"@id\":\"https:\/\/www.salve.si\/trgovina\/knjige\/teologija-in-duhovnost\/stanovitni-in-verodostojni\/#primaryimage\"},\"thumbnailUrl\":\"https:\/\/www.salve.si\/wp-content\/uploads\/2021\/12\/Stanovitni-in-verodostojni-NASLOVNICA-.jpg\",\"datePublished\":\"2021-12-17T10:16:20+00:00\",\"dateModified\":\"2025-12-31T23:00:10+00:00\",\"breadcrumb\":{\"@id\":\"https:\/\/www.salve.si\/trgovina\/knjige\/teologija-in-duhovnost\/stanovitni-in-verodostojni\/#breadcrumb\"},\"inLanguage\":\"en-US\",\"potentialAction\":[{\"@type\":\"ReadAction\",\"target\":[\"https:\/\/www.salve.si\/trgovina\/knjige\/teologija-in-duhovnost\/stanovitni-in-verodostojni\/\"]}]},{\"@type\":\"ImageObject\",\"inLanguage\":\"en-US\",\"@id\":\"https:\/\/www.salve.si\/trgovina\/knjige\/teologija-in-duhovnost\/stanovitni-in-verodostojni\/#primaryimage\",\"url\":\"https:\/\/www.salve.si\/wp-content\/uploads\/2021\/12\/Stanovitni-in-verodostojni-NASLOVNICA-.jpg\",\"contentUrl\":\"https:\/\/www.salve.si\/wp-content\/uploads\/2021\/12\/Stanovitni-in-verodostojni-NASLOVNICA-.jpg\",\"width\":532,\"height\":827},{\"@type\":\"BreadcrumbList\",\"@id\":\"https:\/\/www.salve.si\/trgovina\/knjige\/teologija-in-duhovnost\/stanovitni-in-verodostojni\/#breadcrumb\",\"itemListElement\":[{\"@type\":\"ListItem\",\"position\":1,\"name\":\"Home\",\"item\":\"https:\/\/www.salve.si\/\"},{\"@type\":\"ListItem\",\"position\":2,\"name\":\"Trgovina\",\"item\":\"https:\/\/www.salve.si\/trgovina\/\"},{\"@type\":\"ListItem\",\"position\":3,\"name\":\"STANOVITNI IN VERODOSTOJNI\"}]},{\"@type\":\"WebSite\",\"@id\":\"https:\/\/www.salve.si\/#website\",\"url\":\"https:\/\/www.salve.si\/\",\"name\":\"Salve\",\"description\":\"Salezijanska zalo\u017eba\",\"publisher\":{\"@id\":\"https:\/\/www.salve.si\/#organization\"},\"potentialAction\":[{\"@type\":\"SearchAction\",\"target\":{\"@type\":\"EntryPoint\",\"urlTemplate\":\"https:\/\/www.salve.si\/?s={search_term_string}\"},\"query-input\":{\"@type\":\"PropertyValueSpecification\",\"valueRequired\":true,\"valueName\":\"search_term_string\"}}],\"inLanguage\":\"en-US\"},{\"@type\":\"Organization\",\"@id\":\"https:\/\/www.salve.si\/#organization\",\"name\":\"Salve d.o.o.\",\"url\":\"https:\/\/www.salve.si\/\",\"logo\":{\"@type\":\"ImageObject\",\"inLanguage\":\"en-US\",\"@id\":\"https:\/\/www.salve.si\/#\/schema\/logo\/image\/\",\"url\":\"https:\/\/www.salve.si\/wp-content\/uploads\/2021\/01\/Salve_logo_modri_nov_web.png\",\"contentUrl\":\"https:\/\/www.salve.si\/wp-content\/uploads\/2021\/01\/Salve_logo_modri_nov_web.png\",\"width\":279,\"height\":90,\"caption\":\"Salve d.o.o.\"},\"image\":{\"@id\":\"https:\/\/www.salve.si\/#\/schema\/logo\/image\/\"},\"sameAs\":[\"https:\/\/www.facebook.com\/salve.si\",\"https:\/\/www.instagram.com\/zalozbasalve\/\",\"https:\/\/www.linkedin.com\/company\/zalozba-salve\/\"]}]}<\/script>\n<!-- \/ Yoast SEO plugin. -->","yoast_head_json":{"title":"STANOVITNI IN VERODOSTOJNI - Salve","robots":{"index":"index","follow":"follow","max-snippet":"max-snippet:-1","max-image-preview":"max-image-preview:large","max-video-preview":"max-video-preview:-1"},"canonical":"https:\/\/www.salve.si\/en\/trgovina\/knjige\/teologija-in-duhovnost\/stanovitni-in-verodostojni\/","og_locale":"en_US","og_type":"article","og_title":"STANOVITNI IN VERODOSTOJNI - Salve","og_description":"\u017de samo povabilo k vsakdanji zvestobi zveni kot nekaj globokega, konkretnega in koristnega za duhovno rast vseh, ne glede na \u017eivljenjski stan in poklic. Pisec nam predlaga, naj zvestobo sprejmemo kot \u017eivljenjski slog, v katerem se moramo uriti dan za dnem. Vabi nas, naj se u\u010dimo iz svojih napak in odlo\u010ditev, tako dobrih kot slabih, predvsem pa iz dogodkov, ki nam jih po\u0161ilja \u017eivljenje.","og_url":"https:\/\/www.salve.si\/en\/trgovina\/knjige\/teologija-in-duhovnost\/stanovitni-in-verodostojni\/","og_site_name":"Salve","article_publisher":"https:\/\/www.facebook.com\/salve.si","article_modified_time":"2025-12-31T23:00:10+00:00","og_image":[{"width":532,"height":827,"url":"https:\/\/www.salve.si\/wp-content\/uploads\/2021\/12\/Stanovitni-in-verodostojni-NASLOVNICA-.jpg","type":"image\/jpeg"}],"twitter_card":"summary_large_image","twitter_misc":{"Est. reading time":"2 minutes"},"schema":{"@context":"https:\/\/schema.org","@graph":[{"@type":"WebPage","@id":"https:\/\/www.salve.si\/trgovina\/knjige\/teologija-in-duhovnost\/stanovitni-in-verodostojni\/","url":"https:\/\/www.salve.si\/trgovina\/knjige\/teologija-in-duhovnost\/stanovitni-in-verodostojni\/","name":"STANOVITNI IN VERODOSTOJNI - Salve","isPartOf":{"@id":"https:\/\/www.salve.si\/#website"},"primaryImageOfPage":{"@id":"https:\/\/www.salve.si\/trgovina\/knjige\/teologija-in-duhovnost\/stanovitni-in-verodostojni\/#primaryimage"},"image":{"@id":"https:\/\/www.salve.si\/trgovina\/knjige\/teologija-in-duhovnost\/stanovitni-in-verodostojni\/#primaryimage"},"thumbnailUrl":"https:\/\/www.salve.si\/wp-content\/uploads\/2021\/12\/Stanovitni-in-verodostojni-NASLOVNICA-.jpg","datePublished":"2021-12-17T10:16:20+00:00","dateModified":"2025-12-31T23:00:10+00:00","breadcrumb":{"@id":"https:\/\/www.salve.si\/trgovina\/knjige\/teologija-in-duhovnost\/stanovitni-in-verodostojni\/#breadcrumb"},"inLanguage":"en-US","potentialAction":[{"@type":"ReadAction","target":["https:\/\/www.salve.si\/trgovina\/knjige\/teologija-in-duhovnost\/stanovitni-in-verodostojni\/"]}]},{"@type":"ImageObject","inLanguage":"en-US","@id":"https:\/\/www.salve.si\/trgovina\/knjige\/teologija-in-duhovnost\/stanovitni-in-verodostojni\/#primaryimage","url":"https:\/\/www.salve.si\/wp-content\/uploads\/2021\/12\/Stanovitni-in-verodostojni-NASLOVNICA-.jpg","contentUrl":"https:\/\/www.salve.si\/wp-content\/uploads\/2021\/12\/Stanovitni-in-verodostojni-NASLOVNICA-.jpg","width":532,"height":827},{"@type":"BreadcrumbList","@id":"https:\/\/www.salve.si\/trgovina\/knjige\/teologija-in-duhovnost\/stanovitni-in-verodostojni\/#breadcrumb","itemListElement":[{"@type":"ListItem","position":1,"name":"Home","item":"https:\/\/www.salve.si\/"},{"@type":"ListItem","position":2,"name":"Trgovina","item":"https:\/\/www.salve.si\/trgovina\/"},{"@type":"ListItem","position":3,"name":"STANOVITNI IN VERODOSTOJNI"}]},{"@type":"WebSite","@id":"https:\/\/www.salve.si\/#website","url":"https:\/\/www.salve.si\/","name":"Salve","description":"Salezijanska zalo\u017eba","publisher":{"@id":"https:\/\/www.salve.si\/#organization"},"potentialAction":[{"@type":"SearchAction","target":{"@type":"EntryPoint","urlTemplate":"https:\/\/www.salve.si\/?s={search_term_string}"},"query-input":{"@type":"PropertyValueSpecification","valueRequired":true,"valueName":"search_term_string"}}],"inLanguage":"en-US"},{"@type":"Organization","@id":"https:\/\/www.salve.si\/#organization","name":"Salve d.o.o.","url":"https:\/\/www.salve.si\/","logo":{"@type":"ImageObject","inLanguage":"en-US","@id":"https:\/\/www.salve.si\/#\/schema\/logo\/image\/","url":"https:\/\/www.salve.si\/wp-content\/uploads\/2021\/01\/Salve_logo_modri_nov_web.png","contentUrl":"https:\/\/www.salve.si\/wp-content\/uploads\/2021\/01\/Salve_logo_modri_nov_web.png","width":279,"height":90,"caption":"Salve d.o.o."},"image":{"@id":"https:\/\/www.salve.si\/#\/schema\/logo\/image\/"},"sameAs":["https:\/\/www.facebook.com\/salve.si","https:\/\/www.instagram.com\/zalozbasalve\/","https:\/\/www.linkedin.com\/company\/zalozba-salve\/"]}]}},"_links":{"self":[{"href":"https:\/\/www.salve.si\/en\/wp-json\/wp\/v2\/product\/15204","targetHints":{"allow":["GET"]}}],"collection":[{"href":"https:\/\/www.salve.si\/en\/wp-json\/wp\/v2\/product"}],"about":[{"href":"https:\/\/www.salve.si\/en\/wp-json\/wp\/v2\/types\/product"}],"version-history":[{"count":2,"href":"https:\/\/www.salve.si\/en\/wp-json\/wp\/v2\/product\/15204\/revisions"}],"predecessor-version":[{"id":19531,"href":"https:\/\/www.salve.si\/en\/wp-json\/wp\/v2\/product\/15204\/revisions\/19531"}],"wp:featuredmedia":[{"embeddable":true,"href":"https:\/\/www.salve.si\/en\/wp-json\/wp\/v2\/media\/15205"}],"wp:attachment":[{"href":"https:\/\/www.salve.si\/en\/wp-json\/wp\/v2\/media?parent=15204"}],"wp:term":[{"taxonomy":"product_cat","embeddable":true,"href":"https:\/\/www.salve.si\/en\/wp-json\/wp\/v2\/product_cat?post=15204"},{"taxonomy":"product_tag","embeddable":true,"href":"https:\/\/www.salve.si\/en\/wp-json\/wp\/v2\/product_tag?post=15204"}],"curies":[{"name":"wp","href":"https:\/\/api.w.org\/{rel}","templated":true}]}}