{"id":15012,"date":"2021-11-21T15:06:54","date_gmt":"2021-11-21T14:06:54","guid":{"rendered":"https:\/\/www.salve.si\/?post_type=product&#038;p=15012"},"modified":"2021-11-24T10:05:19","modified_gmt":"2021-11-24T09:05:19","slug":"v-zakramentih-do-jezuscka","status":"publish","type":"product","link":"https:\/\/www.salve.si\/en\/trgovina\/knjige\/v-zakramentih-do-jezuscka\/","title":{"rendered":"V ZAKRAMENTIH DO JEZU\u0160\u010cKA\u00a0"},"content":{"rendered":"<p><span class=\"slv-content-keywords\"> Tadeja Roblek Bo\u017ei\u010dna devetdnevnica Knjige <\/span><\/p>","protected":false},"excerpt":{"rendered":"<p>Bo\u017ei\u010dna devetdnevnica bo letos druga\u010dna! \u017divimo v svetu, polnem informacij in podatkov. Ob obilici vseh vedenj in znanj pa kaj hitro pozabimo na najbolj osnovno. V pogovoru je to spo\u0161tovanje, pri adventu Bo\u017ei\u010d, v veri pa so ena izmed osnovnih\u00a0re\u010di tudi zakramenti. Jih znamo na\u0161teti? Vemo kaj z njimi prejemamo in kako pomembni so?<br \/>\nOdprimo knji\u017eico z bo\u017ei\u010dno devetdnevnico &#8211; tam jih bomo videli opisane skozi resni\u010dne, obi\u010dajne zgodbe. Naj nas pove\u017eejo z bratcem Jezusom, ki jih je postavil. Naj nam pomagajo do\u017eiveti Bo\u017ei\u010d in biti povezani z Njim tudi, ko se vonj bo\u017ei\u010dnega kadila ne vonja ve\u010d &#8230;<\/p>","protected":false},"featured_media":15013,"template":"","meta":{"_acf_changed":false,"footnotes":""},"product_cat":[1094,141],"product_tag":[],"class_list":{"0":"post-15012","1":"product","2":"type-product","3":"status-publish","4":"has-post-thumbnail","6":"authors-tadeja-roblek","7":"publisher-salve-d-o-o-ljubljana","8":"product_cat-bozicna-devetdnevnica","9":"product_cat-knjige","11":"first","12":"instock","13":"shipping-taxable","14":"purchasable","15":"product-type-simple"},"acf":[],"yoast_head":"<!-- This site is optimized with the Yoast SEO plugin v23.8 - https:\/\/yoast.com\/wordpress\/plugins\/seo\/ -->\n<title>V ZAKRAMENTIH DO JEZU\u0160\u010cKA\u00a0 - Salve<\/title>\n<meta name=\"robots\" content=\"index, follow, max-snippet:-1, max-image-preview:large, max-video-preview:-1\" \/>\n<link rel=\"canonical\" href=\"https:\/\/www.salve.si\/en\/trgovina\/knjige\/v-zakramentih-do-jezuscka\/\" \/>\n<meta property=\"og:locale\" content=\"en_US\" \/>\n<meta property=\"og:type\" content=\"article\" \/>\n<meta property=\"og:title\" content=\"V ZAKRAMENTIH DO JEZU\u0160\u010cKA\u00a0 - Salve\" \/>\n<meta property=\"og:description\" content=\"Bo\u017ei\u010dna devetdnevnica bo letos druga\u010dna! \u017divimo v svetu, polnem informacij in podatkov. Ob obilici vseh vedenj in znanj pa kaj hitro pozabimo na najbolj osnovno. V pogovoru je to spo\u0161tovanje, pri adventu Bo\u017ei\u010d, v veri pa so ena izmed osnovnih\u00a0re\u010di tudi zakramenti. Jih znamo na\u0161teti? Vemo kaj z njimi prejemamo in kako pomembni so? Odprimo knji\u017eico z bo\u017ei\u010dno devetdnevnico - tam jih bomo videli opisane skozi resni\u010dne, obi\u010dajne zgodbe. Naj nas pove\u017eejo z bratcem Jezusom, ki jih je postavil. Naj nam pomagajo do\u017eiveti Bo\u017ei\u010d in biti povezani z Njim tudi, ko se vonj bo\u017ei\u010dnega kadila ne vonja ve\u010d ...\" \/>\n<meta property=\"og:url\" content=\"https:\/\/www.salve.si\/en\/trgovina\/knjige\/v-zakramentih-do-jezuscka\/\" \/>\n<meta property=\"og:site_name\" content=\"Salve\" \/>\n<meta property=\"article:publisher\" content=\"https:\/\/www.facebook.com\/salve.si\" \/>\n<meta property=\"article:modified_time\" content=\"2021-11-24T09:05:19+00:00\" \/>\n<meta property=\"og:image\" content=\"https:\/\/www.salve.si\/wp-content\/uploads\/2021\/11\/Bozicna_devetdnevnica2021_NASLOVNICA.jpg\" \/>\n\t<meta property=\"og:image:width\" content=\"934\" \/>\n\t<meta property=\"og:image:height\" content=\"1536\" \/>\n\t<meta property=\"og:image:type\" content=\"image\/jpeg\" \/>\n<meta name=\"twitter:card\" content=\"summary_large_image\" \/>\n<script type=\"application\/ld+json\" class=\"yoast-schema-graph\">{\"@context\":\"https:\/\/schema.org\",\"@graph\":[{\"@type\":\"WebPage\",\"@id\":\"https:\/\/www.salve.si\/trgovina\/knjige\/v-zakramentih-do-jezuscka\/\",\"url\":\"https:\/\/www.salve.si\/trgovina\/knjige\/v-zakramentih-do-jezuscka\/\",\"name\":\"V ZAKRAMENTIH DO JEZU\u0160\u010cKA\u00a0 - Salve\",\"isPartOf\":{\"@id\":\"https:\/\/www.salve.si\/#website\"},\"primaryImageOfPage\":{\"@id\":\"https:\/\/www.salve.si\/trgovina\/knjige\/v-zakramentih-do-jezuscka\/#primaryimage\"},\"image\":{\"@id\":\"https:\/\/www.salve.si\/trgovina\/knjige\/v-zakramentih-do-jezuscka\/#primaryimage\"},\"thumbnailUrl\":\"https:\/\/www.salve.si\/wp-content\/uploads\/2021\/11\/Bozicna_devetdnevnica2021_NASLOVNICA.jpg\",\"datePublished\":\"2021-11-21T14:06:54+00:00\",\"dateModified\":\"2021-11-24T09:05:19+00:00\",\"breadcrumb\":{\"@id\":\"https:\/\/www.salve.si\/trgovina\/knjige\/v-zakramentih-do-jezuscka\/#breadcrumb\"},\"inLanguage\":\"en-US\",\"potentialAction\":[{\"@type\":\"ReadAction\",\"target\":[\"https:\/\/www.salve.si\/trgovina\/knjige\/v-zakramentih-do-jezuscka\/\"]}]},{\"@type\":\"ImageObject\",\"inLanguage\":\"en-US\",\"@id\":\"https:\/\/www.salve.si\/trgovina\/knjige\/v-zakramentih-do-jezuscka\/#primaryimage\",\"url\":\"https:\/\/www.salve.si\/wp-content\/uploads\/2021\/11\/Bozicna_devetdnevnica2021_NASLOVNICA.jpg\",\"contentUrl\":\"https:\/\/www.salve.si\/wp-content\/uploads\/2021\/11\/Bozicna_devetdnevnica2021_NASLOVNICA.jpg\",\"width\":934,\"height\":1536},{\"@type\":\"BreadcrumbList\",\"@id\":\"https:\/\/www.salve.si\/trgovina\/knjige\/v-zakramentih-do-jezuscka\/#breadcrumb\",\"itemListElement\":[{\"@type\":\"ListItem\",\"position\":1,\"name\":\"Home\",\"item\":\"https:\/\/www.salve.si\/\"},{\"@type\":\"ListItem\",\"position\":2,\"name\":\"Trgovina\",\"item\":\"https:\/\/www.salve.si\/trgovina\/\"},{\"@type\":\"ListItem\",\"position\":3,\"name\":\"V ZAKRAMENTIH DO JEZU\u0160\u010cKA\u00a0\"}]},{\"@type\":\"WebSite\",\"@id\":\"https:\/\/www.salve.si\/#website\",\"url\":\"https:\/\/www.salve.si\/\",\"name\":\"Salve\",\"description\":\"Salezijanska zalo\u017eba\",\"publisher\":{\"@id\":\"https:\/\/www.salve.si\/#organization\"},\"potentialAction\":[{\"@type\":\"SearchAction\",\"target\":{\"@type\":\"EntryPoint\",\"urlTemplate\":\"https:\/\/www.salve.si\/?s={search_term_string}\"},\"query-input\":{\"@type\":\"PropertyValueSpecification\",\"valueRequired\":true,\"valueName\":\"search_term_string\"}}],\"inLanguage\":\"en-US\"},{\"@type\":\"Organization\",\"@id\":\"https:\/\/www.salve.si\/#organization\",\"name\":\"Salve d.o.o.\",\"url\":\"https:\/\/www.salve.si\/\",\"logo\":{\"@type\":\"ImageObject\",\"inLanguage\":\"en-US\",\"@id\":\"https:\/\/www.salve.si\/#\/schema\/logo\/image\/\",\"url\":\"https:\/\/www.salve.si\/wp-content\/uploads\/2021\/01\/Salve_logo_modri_nov_web.png\",\"contentUrl\":\"https:\/\/www.salve.si\/wp-content\/uploads\/2021\/01\/Salve_logo_modri_nov_web.png\",\"width\":279,\"height\":90,\"caption\":\"Salve d.o.o.\"},\"image\":{\"@id\":\"https:\/\/www.salve.si\/#\/schema\/logo\/image\/\"},\"sameAs\":[\"https:\/\/www.facebook.com\/salve.si\",\"https:\/\/www.instagram.com\/zalozbasalve\/\",\"https:\/\/www.linkedin.com\/company\/zalozba-salve\/\"]}]}<\/script>\n<!-- \/ Yoast SEO plugin. -->","yoast_head_json":{"title":"V ZAKRAMENTIH DO JEZU\u0160\u010cKA\u00a0 - Salve","robots":{"index":"index","follow":"follow","max-snippet":"max-snippet:-1","max-image-preview":"max-image-preview:large","max-video-preview":"max-video-preview:-1"},"canonical":"https:\/\/www.salve.si\/en\/trgovina\/knjige\/v-zakramentih-do-jezuscka\/","og_locale":"en_US","og_type":"article","og_title":"V ZAKRAMENTIH DO JEZU\u0160\u010cKA\u00a0 - Salve","og_description":"Bo\u017ei\u010dna devetdnevnica bo letos druga\u010dna! \u017divimo v svetu, polnem informacij in podatkov. Ob obilici vseh vedenj in znanj pa kaj hitro pozabimo na najbolj osnovno. V pogovoru je to spo\u0161tovanje, pri adventu Bo\u017ei\u010d, v veri pa so ena izmed osnovnih\u00a0re\u010di tudi zakramenti. Jih znamo na\u0161teti? Vemo kaj z njimi prejemamo in kako pomembni so? Odprimo knji\u017eico z bo\u017ei\u010dno devetdnevnico - tam jih bomo videli opisane skozi resni\u010dne, obi\u010dajne zgodbe. Naj nas pove\u017eejo z bratcem Jezusom, ki jih je postavil. Naj nam pomagajo do\u017eiveti Bo\u017ei\u010d in biti povezani z Njim tudi, ko se vonj bo\u017ei\u010dnega kadila ne vonja ve\u010d ...","og_url":"https:\/\/www.salve.si\/en\/trgovina\/knjige\/v-zakramentih-do-jezuscka\/","og_site_name":"Salve","article_publisher":"https:\/\/www.facebook.com\/salve.si","article_modified_time":"2021-11-24T09:05:19+00:00","og_image":[{"width":934,"height":1536,"url":"https:\/\/www.salve.si\/wp-content\/uploads\/2021\/11\/Bozicna_devetdnevnica2021_NASLOVNICA.jpg","type":"image\/jpeg"}],"twitter_card":"summary_large_image","schema":{"@context":"https:\/\/schema.org","@graph":[{"@type":"WebPage","@id":"https:\/\/www.salve.si\/trgovina\/knjige\/v-zakramentih-do-jezuscka\/","url":"https:\/\/www.salve.si\/trgovina\/knjige\/v-zakramentih-do-jezuscka\/","name":"V ZAKRAMENTIH DO JEZU\u0160\u010cKA\u00a0 - Salve","isPartOf":{"@id":"https:\/\/www.salve.si\/#website"},"primaryImageOfPage":{"@id":"https:\/\/www.salve.si\/trgovina\/knjige\/v-zakramentih-do-jezuscka\/#primaryimage"},"image":{"@id":"https:\/\/www.salve.si\/trgovina\/knjige\/v-zakramentih-do-jezuscka\/#primaryimage"},"thumbnailUrl":"https:\/\/www.salve.si\/wp-content\/uploads\/2021\/11\/Bozicna_devetdnevnica2021_NASLOVNICA.jpg","datePublished":"2021-11-21T14:06:54+00:00","dateModified":"2021-11-24T09:05:19+00:00","breadcrumb":{"@id":"https:\/\/www.salve.si\/trgovina\/knjige\/v-zakramentih-do-jezuscka\/#breadcrumb"},"inLanguage":"en-US","potentialAction":[{"@type":"ReadAction","target":["https:\/\/www.salve.si\/trgovina\/knjige\/v-zakramentih-do-jezuscka\/"]}]},{"@type":"ImageObject","inLanguage":"en-US","@id":"https:\/\/www.salve.si\/trgovina\/knjige\/v-zakramentih-do-jezuscka\/#primaryimage","url":"https:\/\/www.salve.si\/wp-content\/uploads\/2021\/11\/Bozicna_devetdnevnica2021_NASLOVNICA.jpg","contentUrl":"https:\/\/www.salve.si\/wp-content\/uploads\/2021\/11\/Bozicna_devetdnevnica2021_NASLOVNICA.jpg","width":934,"height":1536},{"@type":"BreadcrumbList","@id":"https:\/\/www.salve.si\/trgovina\/knjige\/v-zakramentih-do-jezuscka\/#breadcrumb","itemListElement":[{"@type":"ListItem","position":1,"name":"Home","item":"https:\/\/www.salve.si\/"},{"@type":"ListItem","position":2,"name":"Trgovina","item":"https:\/\/www.salve.si\/trgovina\/"},{"@type":"ListItem","position":3,"name":"V ZAKRAMENTIH DO JEZU\u0160\u010cKA\u00a0"}]},{"@type":"WebSite","@id":"https:\/\/www.salve.si\/#website","url":"https:\/\/www.salve.si\/","name":"Salve","description":"Salezijanska zalo\u017eba","publisher":{"@id":"https:\/\/www.salve.si\/#organization"},"potentialAction":[{"@type":"SearchAction","target":{"@type":"EntryPoint","urlTemplate":"https:\/\/www.salve.si\/?s={search_term_string}"},"query-input":{"@type":"PropertyValueSpecification","valueRequired":true,"valueName":"search_term_string"}}],"inLanguage":"en-US"},{"@type":"Organization","@id":"https:\/\/www.salve.si\/#organization","name":"Salve d.o.o.","url":"https:\/\/www.salve.si\/","logo":{"@type":"ImageObject","inLanguage":"en-US","@id":"https:\/\/www.salve.si\/#\/schema\/logo\/image\/","url":"https:\/\/www.salve.si\/wp-content\/uploads\/2021\/01\/Salve_logo_modri_nov_web.png","contentUrl":"https:\/\/www.salve.si\/wp-content\/uploads\/2021\/01\/Salve_logo_modri_nov_web.png","width":279,"height":90,"caption":"Salve d.o.o."},"image":{"@id":"https:\/\/www.salve.si\/#\/schema\/logo\/image\/"},"sameAs":["https:\/\/www.facebook.com\/salve.si","https:\/\/www.instagram.com\/zalozbasalve\/","https:\/\/www.linkedin.com\/company\/zalozba-salve\/"]}]}},"_links":{"self":[{"href":"https:\/\/www.salve.si\/en\/wp-json\/wp\/v2\/product\/15012","targetHints":{"allow":["GET"]}}],"collection":[{"href":"https:\/\/www.salve.si\/en\/wp-json\/wp\/v2\/product"}],"about":[{"href":"https:\/\/www.salve.si\/en\/wp-json\/wp\/v2\/types\/product"}],"version-history":[{"count":2,"href":"https:\/\/www.salve.si\/en\/wp-json\/wp\/v2\/product\/15012\/revisions"}],"predecessor-version":[{"id":15017,"href":"https:\/\/www.salve.si\/en\/wp-json\/wp\/v2\/product\/15012\/revisions\/15017"}],"wp:featuredmedia":[{"embeddable":true,"href":"https:\/\/www.salve.si\/en\/wp-json\/wp\/v2\/media\/15013"}],"wp:attachment":[{"href":"https:\/\/www.salve.si\/en\/wp-json\/wp\/v2\/media?parent=15012"}],"wp:term":[{"taxonomy":"product_cat","embeddable":true,"href":"https:\/\/www.salve.si\/en\/wp-json\/wp\/v2\/product_cat?post=15012"},{"taxonomy":"product_tag","embeddable":true,"href":"https:\/\/www.salve.si\/en\/wp-json\/wp\/v2\/product_tag?post=15012"}],"curies":[{"name":"wp","href":"https:\/\/api.w.org\/{rel}","templated":true}]}}