{"id":14916,"date":"2014-11-16T05:42:38","date_gmt":"2014-11-16T04:42:38","guid":{"rendered":"https:\/\/www.salve.si\/?post_type=product&#038;p=14916"},"modified":"2024-01-01T23:00:41","modified_gmt":"2024-01-01T22:00:41","slug":"castite-s-srcem-mojega-sina","status":"publish","type":"product","link":"https:\/\/www.salve.si\/en\/trgovina\/knjige\/razno-knjige\/castite-s-srcem-mojega-sina\/","title":{"rendered":"\u010cASTITE S SRCEM MOJEGA SINA"},"content":{"rendered":"<p><span class=\"slv-content-keywords\"> Razno Slavko Barbari\u0107 <\/span><\/p>","protected":false},"excerpt":{"rendered":"<p>\u00bbDragi otroci! \u017delim, da bi se zahvaljevali Bogu za vse milosti, ki vam jih je dal. Zahvaljujte se Gospodu za vse sadove in ga \u010dastite. Dragi otroci, nau\u010dite se zahvaljevati za majhne stvari, potem se boste mogli zahvaljevati tudi za velike. Hvala vam, ker ste se odzvali mojemu klicu. (3.\u00a0 oktober 1985)<\/p>","protected":false},"featured_media":14917,"template":"","meta":{"_acf_changed":false,"footnotes":""},"product_cat":[663],"product_tag":[],"class_list":{"0":"post-14916","1":"product","2":"type-product","3":"status-publish","4":"has-post-thumbnail","6":"authors-slavko-barbaric","7":"publisher-salve-d-o-o-ljubljana","8":"product_cat-razno-knjige","10":"first","11":"instock","12":"shipping-taxable","13":"purchasable","14":"product-type-simple"},"acf":[],"yoast_head":"<!-- This site is optimized with the Yoast SEO plugin v23.8 - https:\/\/yoast.com\/wordpress\/plugins\/seo\/ -->\n<title>\u010cASTITE S SRCEM MOJEGA SINA - Salve<\/title>\n<meta name=\"robots\" content=\"index, follow, max-snippet:-1, max-image-preview:large, max-video-preview:-1\" \/>\n<link rel=\"canonical\" href=\"https:\/\/www.salve.si\/en\/trgovina\/knjige\/razno-knjige\/castite-s-srcem-mojega-sina\/\" \/>\n<meta property=\"og:locale\" content=\"en_US\" \/>\n<meta property=\"og:type\" content=\"article\" \/>\n<meta property=\"og:title\" content=\"\u010cASTITE S SRCEM MOJEGA SINA - Salve\" \/>\n<meta property=\"og:description\" content=\"\u00bbDragi otroci! \u017delim, da bi se zahvaljevali Bogu za vse milosti, ki vam jih je dal. Zahvaljujte se Gospodu za vse sadove in ga \u010dastite. Dragi otroci, nau\u010dite se zahvaljevati za majhne stvari, potem se boste mogli zahvaljevati tudi za velike. Hvala vam, ker ste se odzvali mojemu klicu. (3.\u00a0 oktober 1985)\" \/>\n<meta property=\"og:url\" content=\"https:\/\/www.salve.si\/en\/trgovina\/knjige\/razno-knjige\/castite-s-srcem-mojega-sina\/\" \/>\n<meta property=\"og:site_name\" content=\"Salve\" \/>\n<meta property=\"article:publisher\" content=\"https:\/\/www.facebook.com\/salve.si\" \/>\n<meta property=\"article:modified_time\" content=\"2024-01-01T22:00:41+00:00\" \/>\n<meta property=\"og:image\" content=\"https:\/\/www.salve.si\/wp-content\/uploads\/2021\/11\/MEDZUGORJE_Castite-s-srcem-1024x901.png\" \/>\n\t<meta property=\"og:image:width\" content=\"1024\" \/>\n\t<meta property=\"og:image:height\" content=\"901\" \/>\n\t<meta property=\"og:image:type\" content=\"image\/png\" \/>\n<meta name=\"twitter:card\" content=\"summary_large_image\" \/>\n<script type=\"application\/ld+json\" class=\"yoast-schema-graph\">{\"@context\":\"https:\/\/schema.org\",\"@graph\":[{\"@type\":\"WebPage\",\"@id\":\"https:\/\/www.salve.si\/trgovina\/knjige\/razno-knjige\/castite-s-srcem-mojega-sina\/\",\"url\":\"https:\/\/www.salve.si\/trgovina\/knjige\/razno-knjige\/castite-s-srcem-mojega-sina\/\",\"name\":\"\u010cASTITE S SRCEM MOJEGA SINA - Salve\",\"isPartOf\":{\"@id\":\"https:\/\/www.salve.si\/#website\"},\"primaryImageOfPage\":{\"@id\":\"https:\/\/www.salve.si\/trgovina\/knjige\/razno-knjige\/castite-s-srcem-mojega-sina\/#primaryimage\"},\"image\":{\"@id\":\"https:\/\/www.salve.si\/trgovina\/knjige\/razno-knjige\/castite-s-srcem-mojega-sina\/#primaryimage\"},\"thumbnailUrl\":\"https:\/\/www.salve.si\/wp-content\/uploads\/2021\/11\/MEDZUGORJE_Castite-s-srcem.png\",\"datePublished\":\"2014-11-16T04:42:38+00:00\",\"dateModified\":\"2024-01-01T22:00:41+00:00\",\"breadcrumb\":{\"@id\":\"https:\/\/www.salve.si\/trgovina\/knjige\/razno-knjige\/castite-s-srcem-mojega-sina\/#breadcrumb\"},\"inLanguage\":\"en-US\",\"potentialAction\":[{\"@type\":\"ReadAction\",\"target\":[\"https:\/\/www.salve.si\/trgovina\/knjige\/razno-knjige\/castite-s-srcem-mojega-sina\/\"]}]},{\"@type\":\"ImageObject\",\"inLanguage\":\"en-US\",\"@id\":\"https:\/\/www.salve.si\/trgovina\/knjige\/razno-knjige\/castite-s-srcem-mojega-sina\/#primaryimage\",\"url\":\"https:\/\/www.salve.si\/wp-content\/uploads\/2021\/11\/MEDZUGORJE_Castite-s-srcem.png\",\"contentUrl\":\"https:\/\/www.salve.si\/wp-content\/uploads\/2021\/11\/MEDZUGORJE_Castite-s-srcem.png\",\"width\":2988,\"height\":2628},{\"@type\":\"BreadcrumbList\",\"@id\":\"https:\/\/www.salve.si\/trgovina\/knjige\/razno-knjige\/castite-s-srcem-mojega-sina\/#breadcrumb\",\"itemListElement\":[{\"@type\":\"ListItem\",\"position\":1,\"name\":\"Home\",\"item\":\"https:\/\/www.salve.si\/\"},{\"@type\":\"ListItem\",\"position\":2,\"name\":\"Trgovina\",\"item\":\"https:\/\/www.salve.si\/trgovina\/\"},{\"@type\":\"ListItem\",\"position\":3,\"name\":\"\u010cASTITE S SRCEM MOJEGA SINA\"}]},{\"@type\":\"WebSite\",\"@id\":\"https:\/\/www.salve.si\/#website\",\"url\":\"https:\/\/www.salve.si\/\",\"name\":\"Salve\",\"description\":\"Salezijanska zalo\u017eba\",\"publisher\":{\"@id\":\"https:\/\/www.salve.si\/#organization\"},\"potentialAction\":[{\"@type\":\"SearchAction\",\"target\":{\"@type\":\"EntryPoint\",\"urlTemplate\":\"https:\/\/www.salve.si\/?s={search_term_string}\"},\"query-input\":{\"@type\":\"PropertyValueSpecification\",\"valueRequired\":true,\"valueName\":\"search_term_string\"}}],\"inLanguage\":\"en-US\"},{\"@type\":\"Organization\",\"@id\":\"https:\/\/www.salve.si\/#organization\",\"name\":\"Salve d.o.o.\",\"url\":\"https:\/\/www.salve.si\/\",\"logo\":{\"@type\":\"ImageObject\",\"inLanguage\":\"en-US\",\"@id\":\"https:\/\/www.salve.si\/#\/schema\/logo\/image\/\",\"url\":\"https:\/\/www.salve.si\/wp-content\/uploads\/2021\/01\/Salve_logo_modri_nov_web.png\",\"contentUrl\":\"https:\/\/www.salve.si\/wp-content\/uploads\/2021\/01\/Salve_logo_modri_nov_web.png\",\"width\":279,\"height\":90,\"caption\":\"Salve d.o.o.\"},\"image\":{\"@id\":\"https:\/\/www.salve.si\/#\/schema\/logo\/image\/\"},\"sameAs\":[\"https:\/\/www.facebook.com\/salve.si\",\"https:\/\/www.instagram.com\/zalozbasalve\/\",\"https:\/\/www.linkedin.com\/company\/zalozba-salve\/\"]}]}<\/script>\n<!-- \/ Yoast SEO plugin. -->","yoast_head_json":{"title":"\u010cASTITE S SRCEM MOJEGA SINA - Salve","robots":{"index":"index","follow":"follow","max-snippet":"max-snippet:-1","max-image-preview":"max-image-preview:large","max-video-preview":"max-video-preview:-1"},"canonical":"https:\/\/www.salve.si\/en\/trgovina\/knjige\/razno-knjige\/castite-s-srcem-mojega-sina\/","og_locale":"en_US","og_type":"article","og_title":"\u010cASTITE S SRCEM MOJEGA SINA - Salve","og_description":"\u00bbDragi otroci! \u017delim, da bi se zahvaljevali Bogu za vse milosti, ki vam jih je dal. Zahvaljujte se Gospodu za vse sadove in ga \u010dastite. Dragi otroci, nau\u010dite se zahvaljevati za majhne stvari, potem se boste mogli zahvaljevati tudi za velike. Hvala vam, ker ste se odzvali mojemu klicu. (3.\u00a0 oktober 1985)","og_url":"https:\/\/www.salve.si\/en\/trgovina\/knjige\/razno-knjige\/castite-s-srcem-mojega-sina\/","og_site_name":"Salve","article_publisher":"https:\/\/www.facebook.com\/salve.si","article_modified_time":"2024-01-01T22:00:41+00:00","og_image":[{"width":1024,"height":901,"url":"https:\/\/www.salve.si\/wp-content\/uploads\/2021\/11\/MEDZUGORJE_Castite-s-srcem-1024x901.png","type":"image\/png"}],"twitter_card":"summary_large_image","schema":{"@context":"https:\/\/schema.org","@graph":[{"@type":"WebPage","@id":"https:\/\/www.salve.si\/trgovina\/knjige\/razno-knjige\/castite-s-srcem-mojega-sina\/","url":"https:\/\/www.salve.si\/trgovina\/knjige\/razno-knjige\/castite-s-srcem-mojega-sina\/","name":"\u010cASTITE S SRCEM MOJEGA SINA - Salve","isPartOf":{"@id":"https:\/\/www.salve.si\/#website"},"primaryImageOfPage":{"@id":"https:\/\/www.salve.si\/trgovina\/knjige\/razno-knjige\/castite-s-srcem-mojega-sina\/#primaryimage"},"image":{"@id":"https:\/\/www.salve.si\/trgovina\/knjige\/razno-knjige\/castite-s-srcem-mojega-sina\/#primaryimage"},"thumbnailUrl":"https:\/\/www.salve.si\/wp-content\/uploads\/2021\/11\/MEDZUGORJE_Castite-s-srcem.png","datePublished":"2014-11-16T04:42:38+00:00","dateModified":"2024-01-01T22:00:41+00:00","breadcrumb":{"@id":"https:\/\/www.salve.si\/trgovina\/knjige\/razno-knjige\/castite-s-srcem-mojega-sina\/#breadcrumb"},"inLanguage":"en-US","potentialAction":[{"@type":"ReadAction","target":["https:\/\/www.salve.si\/trgovina\/knjige\/razno-knjige\/castite-s-srcem-mojega-sina\/"]}]},{"@type":"ImageObject","inLanguage":"en-US","@id":"https:\/\/www.salve.si\/trgovina\/knjige\/razno-knjige\/castite-s-srcem-mojega-sina\/#primaryimage","url":"https:\/\/www.salve.si\/wp-content\/uploads\/2021\/11\/MEDZUGORJE_Castite-s-srcem.png","contentUrl":"https:\/\/www.salve.si\/wp-content\/uploads\/2021\/11\/MEDZUGORJE_Castite-s-srcem.png","width":2988,"height":2628},{"@type":"BreadcrumbList","@id":"https:\/\/www.salve.si\/trgovina\/knjige\/razno-knjige\/castite-s-srcem-mojega-sina\/#breadcrumb","itemListElement":[{"@type":"ListItem","position":1,"name":"Home","item":"https:\/\/www.salve.si\/"},{"@type":"ListItem","position":2,"name":"Trgovina","item":"https:\/\/www.salve.si\/trgovina\/"},{"@type":"ListItem","position":3,"name":"\u010cASTITE S SRCEM MOJEGA SINA"}]},{"@type":"WebSite","@id":"https:\/\/www.salve.si\/#website","url":"https:\/\/www.salve.si\/","name":"Salve","description":"Salezijanska zalo\u017eba","publisher":{"@id":"https:\/\/www.salve.si\/#organization"},"potentialAction":[{"@type":"SearchAction","target":{"@type":"EntryPoint","urlTemplate":"https:\/\/www.salve.si\/?s={search_term_string}"},"query-input":{"@type":"PropertyValueSpecification","valueRequired":true,"valueName":"search_term_string"}}],"inLanguage":"en-US"},{"@type":"Organization","@id":"https:\/\/www.salve.si\/#organization","name":"Salve d.o.o.","url":"https:\/\/www.salve.si\/","logo":{"@type":"ImageObject","inLanguage":"en-US","@id":"https:\/\/www.salve.si\/#\/schema\/logo\/image\/","url":"https:\/\/www.salve.si\/wp-content\/uploads\/2021\/01\/Salve_logo_modri_nov_web.png","contentUrl":"https:\/\/www.salve.si\/wp-content\/uploads\/2021\/01\/Salve_logo_modri_nov_web.png","width":279,"height":90,"caption":"Salve d.o.o."},"image":{"@id":"https:\/\/www.salve.si\/#\/schema\/logo\/image\/"},"sameAs":["https:\/\/www.facebook.com\/salve.si","https:\/\/www.instagram.com\/zalozbasalve\/","https:\/\/www.linkedin.com\/company\/zalozba-salve\/"]}]}},"_links":{"self":[{"href":"https:\/\/www.salve.si\/en\/wp-json\/wp\/v2\/product\/14916","targetHints":{"allow":["GET"]}}],"collection":[{"href":"https:\/\/www.salve.si\/en\/wp-json\/wp\/v2\/product"}],"about":[{"href":"https:\/\/www.salve.si\/en\/wp-json\/wp\/v2\/types\/product"}],"version-history":[{"count":2,"href":"https:\/\/www.salve.si\/en\/wp-json\/wp\/v2\/product\/14916\/revisions"}],"predecessor-version":[{"id":16340,"href":"https:\/\/www.salve.si\/en\/wp-json\/wp\/v2\/product\/14916\/revisions\/16340"}],"wp:featuredmedia":[{"embeddable":true,"href":"https:\/\/www.salve.si\/en\/wp-json\/wp\/v2\/media\/14917"}],"wp:attachment":[{"href":"https:\/\/www.salve.si\/en\/wp-json\/wp\/v2\/media?parent=14916"}],"wp:term":[{"taxonomy":"product_cat","embeddable":true,"href":"https:\/\/www.salve.si\/en\/wp-json\/wp\/v2\/product_cat?post=14916"},{"taxonomy":"product_tag","embeddable":true,"href":"https:\/\/www.salve.si\/en\/wp-json\/wp\/v2\/product_tag?post=14916"}],"curies":[{"name":"wp","href":"https:\/\/api.w.org\/{rel}","templated":true}]}}