{"id":14775,"date":"2021-10-01T15:10:24","date_gmt":"2021-10-01T13:10:24","guid":{"rendered":"https:\/\/www.salve.si\/?post_type=product&#038;p=14775"},"modified":"2025-04-03T08:57:08","modified_gmt":"2025-04-03T06:57:08","slug":"bozja-mati-v-zivljenju-patra-pija","status":"publish","type":"product","link":"https:\/\/www.salve.si\/en\/trgovina\/knjige\/teologija-in-duhovnost\/bozja-mati-v-zivljenju-patra-pija\/","title":{"rendered":"BO\u017dJA MATI V \u017dIVLJENJU PATRA PIJA"},"content":{"rendered":"<p>Tarcisio Zullo iz Cervinare je s svojimi vpra\u0161anji pogosto sku\u0161al podreti zid skrivnosti, ki je patra lo\u010deval od nas, zato ga je nekega dne vpra\u0161al s presenetljivo spontanostjo: \u00bbPater, ali Bo\u017eja Mati kdaj pride v va\u0161o celico?\u00ab P. Pij je odkritosr\u010dno odgovoril: \u00bbMoral bi me vpra\u0161ati, kdaj se Bo\u017eja Mati oddalji od moje celice!\u00ab<\/p>\n<p>Pietru Cuginu, ki mu je zastavil isto vpra\u0161anje, pa je svetnik odgovoril tako, da je dodal \u0161e neko podrobnost: \u00bbJaz v celici vidim dve mami.\u00ab Skupaj s presveto Devico je sinu delala dru\u017ebo tudi mama Pepa.<\/p>\n<p>Lahko zatrdimo, da so duhovni sinovi, \u010detudi niso poznali toliko podrobnosti pri ravnanju Jezusove Matere, ob tem izrednem Gospodovem slu\u017eabniku vendarle iz tiso\u010de znamenj uganili njeno dejavno in materinsko navzo\u010dnost.<span class=\"slv-content-keywords\"> Novo Posebna ponudba Knjige Svetniki Teologija in duhovnost Marcellino Iasenzaniro <\/span><\/p>","protected":false},"excerpt":{"rendered":"<p>Avtor je kapucin Marcellino Iasenzaniro, ki je bil svetnikov osebni asistent in je skrbel za njegovo korespondenco z angle\u0161kega podro\u010dja od 26. aprila do 26. septembra 1965. Kot ena glavnih pri\u010d je nastopil na \u0161kofijskem postopku za beatifikacijo in kanonizacijo patra Pija.<\/p>","protected":false},"featured_media":14777,"template":"","meta":{"_acf_changed":false,"footnotes":""},"product_cat":[710,709,141,634,314],"product_tag":[],"class_list":{"0":"post-14775","1":"product","2":"type-product","3":"status-publish","4":"has-post-thumbnail","6":"authors-marcellino-iasenzaniro","7":"publisher-salve-d-o-o-ljubljana","8":"product_cat-novo","9":"product_cat-posebna-ponudba","10":"product_cat-knjige","11":"product_cat-svetniki","12":"product_cat-teologija-in-duhovnost","14":"first","15":"instock","16":"shipping-taxable","17":"purchasable","18":"product-type-simple"},"acf":[],"yoast_head":"<!-- This site is optimized with the Yoast SEO plugin v23.8 - https:\/\/yoast.com\/wordpress\/plugins\/seo\/ -->\n<title>BO\u017dJA MATI V \u017dIVLJENJU PATRA PIJA - Salve<\/title>\n<meta name=\"robots\" content=\"index, follow, max-snippet:-1, max-image-preview:large, max-video-preview:-1\" \/>\n<link rel=\"canonical\" href=\"https:\/\/www.salve.si\/en\/trgovina\/knjige\/teologija-in-duhovnost\/bozja-mati-v-zivljenju-patra-pija\/\" \/>\n<meta property=\"og:locale\" content=\"en_US\" \/>\n<meta property=\"og:type\" content=\"article\" \/>\n<meta property=\"og:title\" content=\"BO\u017dJA MATI V \u017dIVLJENJU PATRA PIJA - Salve\" \/>\n<meta property=\"og:description\" content=\"Avtor je kapucin Marcellino Iasenzaniro, ki je bil svetnikov osebni asistent in je skrbel za njegovo korespondenco z angle\u0161kega podro\u010dja od 26. aprila do 26. septembra 1965. Kot ena glavnih pri\u010d je nastopil na \u0161kofijskem postopku za beatifikacijo in kanonizacijo patra Pija.\" \/>\n<meta property=\"og:url\" content=\"https:\/\/www.salve.si\/en\/trgovina\/knjige\/teologija-in-duhovnost\/bozja-mati-v-zivljenju-patra-pija\/\" \/>\n<meta property=\"og:site_name\" content=\"Salve\" \/>\n<meta property=\"article:publisher\" content=\"https:\/\/www.facebook.com\/salve.si\" \/>\n<meta property=\"article:modified_time\" content=\"2025-04-03T06:57:08+00:00\" \/>\n<meta property=\"og:image\" content=\"https:\/\/www.salve.si\/wp-content\/uploads\/2021\/10\/Bozja-Mati-v-zivljenju-patra-Pija-NASLOVNICA.jpg\" \/>\n\t<meta property=\"og:image:width\" content=\"532\" \/>\n\t<meta property=\"og:image:height\" content=\"827\" \/>\n\t<meta property=\"og:image:type\" content=\"image\/jpeg\" \/>\n<meta name=\"twitter:card\" content=\"summary_large_image\" \/>\n<meta name=\"twitter:label1\" content=\"Est. reading time\" \/>\n\t<meta name=\"twitter:data1\" content=\"1 minute\" \/>\n<script type=\"application\/ld+json\" class=\"yoast-schema-graph\">{\"@context\":\"https:\/\/schema.org\",\"@graph\":[{\"@type\":\"WebPage\",\"@id\":\"https:\/\/www.salve.si\/trgovina\/knjige\/teologija-in-duhovnost\/bozja-mati-v-zivljenju-patra-pija\/\",\"url\":\"https:\/\/www.salve.si\/trgovina\/knjige\/teologija-in-duhovnost\/bozja-mati-v-zivljenju-patra-pija\/\",\"name\":\"BO\u017dJA MATI V \u017dIVLJENJU PATRA PIJA - Salve\",\"isPartOf\":{\"@id\":\"https:\/\/www.salve.si\/#website\"},\"primaryImageOfPage\":{\"@id\":\"https:\/\/www.salve.si\/trgovina\/knjige\/teologija-in-duhovnost\/bozja-mati-v-zivljenju-patra-pija\/#primaryimage\"},\"image\":{\"@id\":\"https:\/\/www.salve.si\/trgovina\/knjige\/teologija-in-duhovnost\/bozja-mati-v-zivljenju-patra-pija\/#primaryimage\"},\"thumbnailUrl\":\"https:\/\/www.salve.si\/wp-content\/uploads\/2021\/10\/Bozja-Mati-v-zivljenju-patra-Pija-NASLOVNICA.jpg\",\"datePublished\":\"2021-10-01T13:10:24+00:00\",\"dateModified\":\"2025-04-03T06:57:08+00:00\",\"breadcrumb\":{\"@id\":\"https:\/\/www.salve.si\/trgovina\/knjige\/teologija-in-duhovnost\/bozja-mati-v-zivljenju-patra-pija\/#breadcrumb\"},\"inLanguage\":\"en-US\",\"potentialAction\":[{\"@type\":\"ReadAction\",\"target\":[\"https:\/\/www.salve.si\/trgovina\/knjige\/teologija-in-duhovnost\/bozja-mati-v-zivljenju-patra-pija\/\"]}]},{\"@type\":\"ImageObject\",\"inLanguage\":\"en-US\",\"@id\":\"https:\/\/www.salve.si\/trgovina\/knjige\/teologija-in-duhovnost\/bozja-mati-v-zivljenju-patra-pija\/#primaryimage\",\"url\":\"https:\/\/www.salve.si\/wp-content\/uploads\/2021\/10\/Bozja-Mati-v-zivljenju-patra-Pija-NASLOVNICA.jpg\",\"contentUrl\":\"https:\/\/www.salve.si\/wp-content\/uploads\/2021\/10\/Bozja-Mati-v-zivljenju-patra-Pija-NASLOVNICA.jpg\",\"width\":532,\"height\":827},{\"@type\":\"BreadcrumbList\",\"@id\":\"https:\/\/www.salve.si\/trgovina\/knjige\/teologija-in-duhovnost\/bozja-mati-v-zivljenju-patra-pija\/#breadcrumb\",\"itemListElement\":[{\"@type\":\"ListItem\",\"position\":1,\"name\":\"Home\",\"item\":\"https:\/\/www.salve.si\/\"},{\"@type\":\"ListItem\",\"position\":2,\"name\":\"Trgovina\",\"item\":\"https:\/\/www.salve.si\/trgovina\/\"},{\"@type\":\"ListItem\",\"position\":3,\"name\":\"BO\u017dJA MATI V \u017dIVLJENJU PATRA PIJA\"}]},{\"@type\":\"WebSite\",\"@id\":\"https:\/\/www.salve.si\/#website\",\"url\":\"https:\/\/www.salve.si\/\",\"name\":\"Salve\",\"description\":\"Salezijanska zalo\u017eba\",\"publisher\":{\"@id\":\"https:\/\/www.salve.si\/#organization\"},\"potentialAction\":[{\"@type\":\"SearchAction\",\"target\":{\"@type\":\"EntryPoint\",\"urlTemplate\":\"https:\/\/www.salve.si\/?s={search_term_string}\"},\"query-input\":{\"@type\":\"PropertyValueSpecification\",\"valueRequired\":true,\"valueName\":\"search_term_string\"}}],\"inLanguage\":\"en-US\"},{\"@type\":\"Organization\",\"@id\":\"https:\/\/www.salve.si\/#organization\",\"name\":\"Salve d.o.o.\",\"url\":\"https:\/\/www.salve.si\/\",\"logo\":{\"@type\":\"ImageObject\",\"inLanguage\":\"en-US\",\"@id\":\"https:\/\/www.salve.si\/#\/schema\/logo\/image\/\",\"url\":\"https:\/\/www.salve.si\/wp-content\/uploads\/2021\/01\/Salve_logo_modri_nov_web.png\",\"contentUrl\":\"https:\/\/www.salve.si\/wp-content\/uploads\/2021\/01\/Salve_logo_modri_nov_web.png\",\"width\":279,\"height\":90,\"caption\":\"Salve d.o.o.\"},\"image\":{\"@id\":\"https:\/\/www.salve.si\/#\/schema\/logo\/image\/\"},\"sameAs\":[\"https:\/\/www.facebook.com\/salve.si\",\"https:\/\/www.instagram.com\/zalozbasalve\/\",\"https:\/\/www.linkedin.com\/company\/zalozba-salve\/\"]}]}<\/script>\n<!-- \/ Yoast SEO plugin. -->","yoast_head_json":{"title":"BO\u017dJA MATI V \u017dIVLJENJU PATRA PIJA - Salve","robots":{"index":"index","follow":"follow","max-snippet":"max-snippet:-1","max-image-preview":"max-image-preview:large","max-video-preview":"max-video-preview:-1"},"canonical":"https:\/\/www.salve.si\/en\/trgovina\/knjige\/teologija-in-duhovnost\/bozja-mati-v-zivljenju-patra-pija\/","og_locale":"en_US","og_type":"article","og_title":"BO\u017dJA MATI V \u017dIVLJENJU PATRA PIJA - Salve","og_description":"Avtor je kapucin Marcellino Iasenzaniro, ki je bil svetnikov osebni asistent in je skrbel za njegovo korespondenco z angle\u0161kega podro\u010dja od 26. aprila do 26. septembra 1965. Kot ena glavnih pri\u010d je nastopil na \u0161kofijskem postopku za beatifikacijo in kanonizacijo patra Pija.","og_url":"https:\/\/www.salve.si\/en\/trgovina\/knjige\/teologija-in-duhovnost\/bozja-mati-v-zivljenju-patra-pija\/","og_site_name":"Salve","article_publisher":"https:\/\/www.facebook.com\/salve.si","article_modified_time":"2025-04-03T06:57:08+00:00","og_image":[{"width":532,"height":827,"url":"https:\/\/www.salve.si\/wp-content\/uploads\/2021\/10\/Bozja-Mati-v-zivljenju-patra-Pija-NASLOVNICA.jpg","type":"image\/jpeg"}],"twitter_card":"summary_large_image","twitter_misc":{"Est. reading time":"1 minute"},"schema":{"@context":"https:\/\/schema.org","@graph":[{"@type":"WebPage","@id":"https:\/\/www.salve.si\/trgovina\/knjige\/teologija-in-duhovnost\/bozja-mati-v-zivljenju-patra-pija\/","url":"https:\/\/www.salve.si\/trgovina\/knjige\/teologija-in-duhovnost\/bozja-mati-v-zivljenju-patra-pija\/","name":"BO\u017dJA MATI V \u017dIVLJENJU PATRA PIJA - Salve","isPartOf":{"@id":"https:\/\/www.salve.si\/#website"},"primaryImageOfPage":{"@id":"https:\/\/www.salve.si\/trgovina\/knjige\/teologija-in-duhovnost\/bozja-mati-v-zivljenju-patra-pija\/#primaryimage"},"image":{"@id":"https:\/\/www.salve.si\/trgovina\/knjige\/teologija-in-duhovnost\/bozja-mati-v-zivljenju-patra-pija\/#primaryimage"},"thumbnailUrl":"https:\/\/www.salve.si\/wp-content\/uploads\/2021\/10\/Bozja-Mati-v-zivljenju-patra-Pija-NASLOVNICA.jpg","datePublished":"2021-10-01T13:10:24+00:00","dateModified":"2025-04-03T06:57:08+00:00","breadcrumb":{"@id":"https:\/\/www.salve.si\/trgovina\/knjige\/teologija-in-duhovnost\/bozja-mati-v-zivljenju-patra-pija\/#breadcrumb"},"inLanguage":"en-US","potentialAction":[{"@type":"ReadAction","target":["https:\/\/www.salve.si\/trgovina\/knjige\/teologija-in-duhovnost\/bozja-mati-v-zivljenju-patra-pija\/"]}]},{"@type":"ImageObject","inLanguage":"en-US","@id":"https:\/\/www.salve.si\/trgovina\/knjige\/teologija-in-duhovnost\/bozja-mati-v-zivljenju-patra-pija\/#primaryimage","url":"https:\/\/www.salve.si\/wp-content\/uploads\/2021\/10\/Bozja-Mati-v-zivljenju-patra-Pija-NASLOVNICA.jpg","contentUrl":"https:\/\/www.salve.si\/wp-content\/uploads\/2021\/10\/Bozja-Mati-v-zivljenju-patra-Pija-NASLOVNICA.jpg","width":532,"height":827},{"@type":"BreadcrumbList","@id":"https:\/\/www.salve.si\/trgovina\/knjige\/teologija-in-duhovnost\/bozja-mati-v-zivljenju-patra-pija\/#breadcrumb","itemListElement":[{"@type":"ListItem","position":1,"name":"Home","item":"https:\/\/www.salve.si\/"},{"@type":"ListItem","position":2,"name":"Trgovina","item":"https:\/\/www.salve.si\/trgovina\/"},{"@type":"ListItem","position":3,"name":"BO\u017dJA MATI V \u017dIVLJENJU PATRA PIJA"}]},{"@type":"WebSite","@id":"https:\/\/www.salve.si\/#website","url":"https:\/\/www.salve.si\/","name":"Salve","description":"Salezijanska zalo\u017eba","publisher":{"@id":"https:\/\/www.salve.si\/#organization"},"potentialAction":[{"@type":"SearchAction","target":{"@type":"EntryPoint","urlTemplate":"https:\/\/www.salve.si\/?s={search_term_string}"},"query-input":{"@type":"PropertyValueSpecification","valueRequired":true,"valueName":"search_term_string"}}],"inLanguage":"en-US"},{"@type":"Organization","@id":"https:\/\/www.salve.si\/#organization","name":"Salve d.o.o.","url":"https:\/\/www.salve.si\/","logo":{"@type":"ImageObject","inLanguage":"en-US","@id":"https:\/\/www.salve.si\/#\/schema\/logo\/image\/","url":"https:\/\/www.salve.si\/wp-content\/uploads\/2021\/01\/Salve_logo_modri_nov_web.png","contentUrl":"https:\/\/www.salve.si\/wp-content\/uploads\/2021\/01\/Salve_logo_modri_nov_web.png","width":279,"height":90,"caption":"Salve d.o.o."},"image":{"@id":"https:\/\/www.salve.si\/#\/schema\/logo\/image\/"},"sameAs":["https:\/\/www.facebook.com\/salve.si","https:\/\/www.instagram.com\/zalozbasalve\/","https:\/\/www.linkedin.com\/company\/zalozba-salve\/"]}]}},"_links":{"self":[{"href":"https:\/\/www.salve.si\/en\/wp-json\/wp\/v2\/product\/14775","targetHints":{"allow":["GET"]}}],"collection":[{"href":"https:\/\/www.salve.si\/en\/wp-json\/wp\/v2\/product"}],"about":[{"href":"https:\/\/www.salve.si\/en\/wp-json\/wp\/v2\/types\/product"}],"version-history":[{"count":4,"href":"https:\/\/www.salve.si\/en\/wp-json\/wp\/v2\/product\/14775\/revisions"}],"predecessor-version":[{"id":16334,"href":"https:\/\/www.salve.si\/en\/wp-json\/wp\/v2\/product\/14775\/revisions\/16334"}],"wp:featuredmedia":[{"embeddable":true,"href":"https:\/\/www.salve.si\/en\/wp-json\/wp\/v2\/media\/14777"}],"wp:attachment":[{"href":"https:\/\/www.salve.si\/en\/wp-json\/wp\/v2\/media?parent=14775"}],"wp:term":[{"taxonomy":"product_cat","embeddable":true,"href":"https:\/\/www.salve.si\/en\/wp-json\/wp\/v2\/product_cat?post=14775"},{"taxonomy":"product_tag","embeddable":true,"href":"https:\/\/www.salve.si\/en\/wp-json\/wp\/v2\/product_tag?post=14775"}],"curies":[{"name":"wp","href":"https:\/\/api.w.org\/{rel}","templated":true}]}}