{"id":14534,"date":"2021-08-11T09:03:27","date_gmt":"2021-08-11T07:03:27","guid":{"rendered":"https:\/\/www.salve.si\/?post_type=product&#038;p=14534"},"modified":"2024-01-01T23:00:39","modified_gmt":"2024-01-01T22:00:39","slug":"cez-gore-in-cez-morje","status":"publish","type":"product","link":"https:\/\/www.salve.si\/en\/trgovina\/knjige\/mladinske\/cez-gore-in-cez-morje\/","title":{"rendered":"\u010cEZ GORE IN \u010cEZ MORJE"},"content":{"rendered":"<p>\u010cez gore in \u010dez morje je roman o slovesu in odhodu.<\/p>\n<p>Vsako leto spomladi pridejo mimo Sorajine vasi nomadi na poti do svojega poletnega tabora v afganistanskih gorah. Z njimi pride Tarek, ki zna pripovedovati \u010dudovite zgodbe. Toda letos Soraja zaman \u010daka nanj. Kot sedma h\u010di je zaradi starodavnega obi\u010daja odrasla kot fant, zato lahko prosto hodi naokoli in obiskuje \u0161olo. Zdaj pa je dosegla starost, ko bi morala znova za\u017eiveti kot dekle, v ti\u0161ini doma. Talibi nedvoumno pritiskajo nanjo. Grozili so tudi Tareku. Zato Tarek in Soraja ne vidita drugega izhoda. Neodvisno drug od drugega se odpravita v tujino.<\/p>\n<p>Pisatelj pravi: \u00bbOb pisanju romana sem se pogovarjal z mladimi begunci iz Afganistana, ki jim je uspelo priti v Nem\u010dijo in so ve\u010dinoma \u0161e v azilnem postopku. \u0160tevilni so bili pripravljeni govoriti z menoj o svojih izku\u0161njah le anonimno, iz razumljivih razlogov. Njihove zgodbe so v tej ali oni obliki vtkane v roman, kot liki in prizori\u0161\u010da, vtisi in deli dogajanja.<\/p>\n<p>In predvsem pripovedi, ki jasno ka\u017eejo naslednje: Pogosto prav v najte\u017ejih razmerah uspevajo posebno dragocene stvari. Silovita volja do pre\u017eivetja. Samodejna pripravljenost pomagati. Pristno prijateljstvo. Lepota.<\/p>\n<p>In: poezija.&#8221;<span class=\"slv-content-keywords\"> Dirk Reinhardt Novo Posebna ponudba Knjige Mladinske <\/span><\/p>","protected":false},"excerpt":{"rendered":"<p>To so pripovedi mladih, ki so v nekaj letih prestali ve\u010d kot drugi v vsem svojem \u017eivljenju. Pripovedi iz druga\u010dnega sveta, ki se nenadoma in ostro sklenejo v na\u0161em svetu. Pripovedi o razo\u010daranjih in travmah, o strahu in pogumu, o obupu in upanju.<\/p>","protected":false},"featured_media":14536,"template":"","meta":{"_acf_changed":false,"footnotes":""},"product_cat":[710,709,141,266],"product_tag":[],"class_list":{"0":"post-14534","1":"product","2":"type-product","3":"status-publish","4":"has-post-thumbnail","6":"authors-dirk-reinhardt","7":"publisher-salve-d-o-o-ljubljana","8":"product_cat-novo","9":"product_cat-posebna-ponudba","10":"product_cat-knjige","11":"product_cat-mladinske","13":"first","14":"instock","15":"shipping-taxable","16":"purchasable","17":"product-type-simple"},"acf":[],"yoast_head":"<!-- This site is optimized with the Yoast SEO plugin v23.8 - https:\/\/yoast.com\/wordpress\/plugins\/seo\/ -->\n<title>\u010cEZ GORE IN \u010cEZ MORJE - Salve<\/title>\n<meta name=\"robots\" content=\"index, follow, max-snippet:-1, max-image-preview:large, max-video-preview:-1\" \/>\n<link rel=\"canonical\" href=\"https:\/\/www.salve.si\/en\/trgovina\/knjige\/mladinske\/cez-gore-in-cez-morje\/\" \/>\n<meta property=\"og:locale\" content=\"en_US\" \/>\n<meta property=\"og:type\" content=\"article\" \/>\n<meta property=\"og:title\" content=\"\u010cEZ GORE IN \u010cEZ MORJE - Salve\" \/>\n<meta property=\"og:description\" content=\"To so pripovedi mladih, ki so v nekaj letih prestali ve\u010d kot drugi v vsem svojem \u017eivljenju. Pripovedi iz druga\u010dnega sveta, ki se nenadoma in ostro sklenejo v na\u0161em svetu. Pripovedi o razo\u010daranjih in travmah, o strahu in pogumu, o obupu in upanju.\" \/>\n<meta property=\"og:url\" content=\"https:\/\/www.salve.si\/en\/trgovina\/knjige\/mladinske\/cez-gore-in-cez-morje\/\" \/>\n<meta property=\"og:site_name\" content=\"Salve\" \/>\n<meta property=\"article:publisher\" content=\"https:\/\/www.facebook.com\/salve.si\" \/>\n<meta property=\"article:modified_time\" content=\"2024-01-01T22:00:39+00:00\" \/>\n<meta property=\"og:image\" content=\"https:\/\/www.salve.si\/wp-content\/uploads\/2021\/07\/Cez-gore-in-cez-morje-NASLOVNICA01-scaled.jpg\" \/>\n\t<meta property=\"og:image:width\" content=\"1666\" \/>\n\t<meta property=\"og:image:height\" content=\"2560\" \/>\n\t<meta property=\"og:image:type\" content=\"image\/jpeg\" \/>\n<meta name=\"twitter:card\" content=\"summary_large_image\" \/>\n<meta name=\"twitter:label1\" content=\"Est. reading time\" \/>\n\t<meta name=\"twitter:data1\" content=\"2 minutes\" \/>\n<script type=\"application\/ld+json\" class=\"yoast-schema-graph\">{\"@context\":\"https:\/\/schema.org\",\"@graph\":[{\"@type\":\"WebPage\",\"@id\":\"https:\/\/www.salve.si\/trgovina\/knjige\/mladinske\/cez-gore-in-cez-morje\/\",\"url\":\"https:\/\/www.salve.si\/trgovina\/knjige\/mladinske\/cez-gore-in-cez-morje\/\",\"name\":\"\u010cEZ GORE IN \u010cEZ MORJE - Salve\",\"isPartOf\":{\"@id\":\"https:\/\/www.salve.si\/#website\"},\"primaryImageOfPage\":{\"@id\":\"https:\/\/www.salve.si\/trgovina\/knjige\/mladinske\/cez-gore-in-cez-morje\/#primaryimage\"},\"image\":{\"@id\":\"https:\/\/www.salve.si\/trgovina\/knjige\/mladinske\/cez-gore-in-cez-morje\/#primaryimage\"},\"thumbnailUrl\":\"https:\/\/www.salve.si\/wp-content\/uploads\/2021\/07\/Cez-gore-in-cez-morje-NASLOVNICA01-scaled.jpg\",\"datePublished\":\"2021-08-11T07:03:27+00:00\",\"dateModified\":\"2024-01-01T22:00:39+00:00\",\"breadcrumb\":{\"@id\":\"https:\/\/www.salve.si\/trgovina\/knjige\/mladinske\/cez-gore-in-cez-morje\/#breadcrumb\"},\"inLanguage\":\"en-US\",\"potentialAction\":[{\"@type\":\"ReadAction\",\"target\":[\"https:\/\/www.salve.si\/trgovina\/knjige\/mladinske\/cez-gore-in-cez-morje\/\"]}]},{\"@type\":\"ImageObject\",\"inLanguage\":\"en-US\",\"@id\":\"https:\/\/www.salve.si\/trgovina\/knjige\/mladinske\/cez-gore-in-cez-morje\/#primaryimage\",\"url\":\"https:\/\/www.salve.si\/wp-content\/uploads\/2021\/07\/Cez-gore-in-cez-morje-NASLOVNICA01-scaled.jpg\",\"contentUrl\":\"https:\/\/www.salve.si\/wp-content\/uploads\/2021\/07\/Cez-gore-in-cez-morje-NASLOVNICA01-scaled.jpg\",\"width\":1666,\"height\":2560},{\"@type\":\"BreadcrumbList\",\"@id\":\"https:\/\/www.salve.si\/trgovina\/knjige\/mladinske\/cez-gore-in-cez-morje\/#breadcrumb\",\"itemListElement\":[{\"@type\":\"ListItem\",\"position\":1,\"name\":\"Home\",\"item\":\"https:\/\/www.salve.si\/\"},{\"@type\":\"ListItem\",\"position\":2,\"name\":\"Trgovina\",\"item\":\"https:\/\/www.salve.si\/trgovina\/\"},{\"@type\":\"ListItem\",\"position\":3,\"name\":\"\u010cEZ GORE IN \u010cEZ MORJE\"}]},{\"@type\":\"WebSite\",\"@id\":\"https:\/\/www.salve.si\/#website\",\"url\":\"https:\/\/www.salve.si\/\",\"name\":\"Salve\",\"description\":\"Salezijanska zalo\u017eba\",\"publisher\":{\"@id\":\"https:\/\/www.salve.si\/#organization\"},\"potentialAction\":[{\"@type\":\"SearchAction\",\"target\":{\"@type\":\"EntryPoint\",\"urlTemplate\":\"https:\/\/www.salve.si\/?s={search_term_string}\"},\"query-input\":{\"@type\":\"PropertyValueSpecification\",\"valueRequired\":true,\"valueName\":\"search_term_string\"}}],\"inLanguage\":\"en-US\"},{\"@type\":\"Organization\",\"@id\":\"https:\/\/www.salve.si\/#organization\",\"name\":\"Salve d.o.o.\",\"url\":\"https:\/\/www.salve.si\/\",\"logo\":{\"@type\":\"ImageObject\",\"inLanguage\":\"en-US\",\"@id\":\"https:\/\/www.salve.si\/#\/schema\/logo\/image\/\",\"url\":\"https:\/\/www.salve.si\/wp-content\/uploads\/2021\/01\/Salve_logo_modri_nov_web.png\",\"contentUrl\":\"https:\/\/www.salve.si\/wp-content\/uploads\/2021\/01\/Salve_logo_modri_nov_web.png\",\"width\":279,\"height\":90,\"caption\":\"Salve d.o.o.\"},\"image\":{\"@id\":\"https:\/\/www.salve.si\/#\/schema\/logo\/image\/\"},\"sameAs\":[\"https:\/\/www.facebook.com\/salve.si\",\"https:\/\/www.instagram.com\/zalozbasalve\/\",\"https:\/\/www.linkedin.com\/company\/zalozba-salve\/\"]}]}<\/script>\n<!-- \/ Yoast SEO plugin. -->","yoast_head_json":{"title":"\u010cEZ GORE IN \u010cEZ MORJE - Salve","robots":{"index":"index","follow":"follow","max-snippet":"max-snippet:-1","max-image-preview":"max-image-preview:large","max-video-preview":"max-video-preview:-1"},"canonical":"https:\/\/www.salve.si\/en\/trgovina\/knjige\/mladinske\/cez-gore-in-cez-morje\/","og_locale":"en_US","og_type":"article","og_title":"\u010cEZ GORE IN \u010cEZ MORJE - Salve","og_description":"To so pripovedi mladih, ki so v nekaj letih prestali ve\u010d kot drugi v vsem svojem \u017eivljenju. Pripovedi iz druga\u010dnega sveta, ki se nenadoma in ostro sklenejo v na\u0161em svetu. Pripovedi o razo\u010daranjih in travmah, o strahu in pogumu, o obupu in upanju.","og_url":"https:\/\/www.salve.si\/en\/trgovina\/knjige\/mladinske\/cez-gore-in-cez-morje\/","og_site_name":"Salve","article_publisher":"https:\/\/www.facebook.com\/salve.si","article_modified_time":"2024-01-01T22:00:39+00:00","og_image":[{"width":1666,"height":2560,"url":"https:\/\/www.salve.si\/wp-content\/uploads\/2021\/07\/Cez-gore-in-cez-morje-NASLOVNICA01-scaled.jpg","type":"image\/jpeg"}],"twitter_card":"summary_large_image","twitter_misc":{"Est. reading time":"2 minutes"},"schema":{"@context":"https:\/\/schema.org","@graph":[{"@type":"WebPage","@id":"https:\/\/www.salve.si\/trgovina\/knjige\/mladinske\/cez-gore-in-cez-morje\/","url":"https:\/\/www.salve.si\/trgovina\/knjige\/mladinske\/cez-gore-in-cez-morje\/","name":"\u010cEZ GORE IN \u010cEZ MORJE - Salve","isPartOf":{"@id":"https:\/\/www.salve.si\/#website"},"primaryImageOfPage":{"@id":"https:\/\/www.salve.si\/trgovina\/knjige\/mladinske\/cez-gore-in-cez-morje\/#primaryimage"},"image":{"@id":"https:\/\/www.salve.si\/trgovina\/knjige\/mladinske\/cez-gore-in-cez-morje\/#primaryimage"},"thumbnailUrl":"https:\/\/www.salve.si\/wp-content\/uploads\/2021\/07\/Cez-gore-in-cez-morje-NASLOVNICA01-scaled.jpg","datePublished":"2021-08-11T07:03:27+00:00","dateModified":"2024-01-01T22:00:39+00:00","breadcrumb":{"@id":"https:\/\/www.salve.si\/trgovina\/knjige\/mladinske\/cez-gore-in-cez-morje\/#breadcrumb"},"inLanguage":"en-US","potentialAction":[{"@type":"ReadAction","target":["https:\/\/www.salve.si\/trgovina\/knjige\/mladinske\/cez-gore-in-cez-morje\/"]}]},{"@type":"ImageObject","inLanguage":"en-US","@id":"https:\/\/www.salve.si\/trgovina\/knjige\/mladinske\/cez-gore-in-cez-morje\/#primaryimage","url":"https:\/\/www.salve.si\/wp-content\/uploads\/2021\/07\/Cez-gore-in-cez-morje-NASLOVNICA01-scaled.jpg","contentUrl":"https:\/\/www.salve.si\/wp-content\/uploads\/2021\/07\/Cez-gore-in-cez-morje-NASLOVNICA01-scaled.jpg","width":1666,"height":2560},{"@type":"BreadcrumbList","@id":"https:\/\/www.salve.si\/trgovina\/knjige\/mladinske\/cez-gore-in-cez-morje\/#breadcrumb","itemListElement":[{"@type":"ListItem","position":1,"name":"Home","item":"https:\/\/www.salve.si\/"},{"@type":"ListItem","position":2,"name":"Trgovina","item":"https:\/\/www.salve.si\/trgovina\/"},{"@type":"ListItem","position":3,"name":"\u010cEZ GORE IN \u010cEZ MORJE"}]},{"@type":"WebSite","@id":"https:\/\/www.salve.si\/#website","url":"https:\/\/www.salve.si\/","name":"Salve","description":"Salezijanska zalo\u017eba","publisher":{"@id":"https:\/\/www.salve.si\/#organization"},"potentialAction":[{"@type":"SearchAction","target":{"@type":"EntryPoint","urlTemplate":"https:\/\/www.salve.si\/?s={search_term_string}"},"query-input":{"@type":"PropertyValueSpecification","valueRequired":true,"valueName":"search_term_string"}}],"inLanguage":"en-US"},{"@type":"Organization","@id":"https:\/\/www.salve.si\/#organization","name":"Salve d.o.o.","url":"https:\/\/www.salve.si\/","logo":{"@type":"ImageObject","inLanguage":"en-US","@id":"https:\/\/www.salve.si\/#\/schema\/logo\/image\/","url":"https:\/\/www.salve.si\/wp-content\/uploads\/2021\/01\/Salve_logo_modri_nov_web.png","contentUrl":"https:\/\/www.salve.si\/wp-content\/uploads\/2021\/01\/Salve_logo_modri_nov_web.png","width":279,"height":90,"caption":"Salve d.o.o."},"image":{"@id":"https:\/\/www.salve.si\/#\/schema\/logo\/image\/"},"sameAs":["https:\/\/www.facebook.com\/salve.si","https:\/\/www.instagram.com\/zalozbasalve\/","https:\/\/www.linkedin.com\/company\/zalozba-salve\/"]}]}},"_links":{"self":[{"href":"https:\/\/www.salve.si\/en\/wp-json\/wp\/v2\/product\/14534","targetHints":{"allow":["GET"]}}],"collection":[{"href":"https:\/\/www.salve.si\/en\/wp-json\/wp\/v2\/product"}],"about":[{"href":"https:\/\/www.salve.si\/en\/wp-json\/wp\/v2\/types\/product"}],"version-history":[{"count":5,"href":"https:\/\/www.salve.si\/en\/wp-json\/wp\/v2\/product\/14534\/revisions"}],"predecessor-version":[{"id":17137,"href":"https:\/\/www.salve.si\/en\/wp-json\/wp\/v2\/product\/14534\/revisions\/17137"}],"wp:featuredmedia":[{"embeddable":true,"href":"https:\/\/www.salve.si\/en\/wp-json\/wp\/v2\/media\/14536"}],"wp:attachment":[{"href":"https:\/\/www.salve.si\/en\/wp-json\/wp\/v2\/media?parent=14534"}],"wp:term":[{"taxonomy":"product_cat","embeddable":true,"href":"https:\/\/www.salve.si\/en\/wp-json\/wp\/v2\/product_cat?post=14534"},{"taxonomy":"product_tag","embeddable":true,"href":"https:\/\/www.salve.si\/en\/wp-json\/wp\/v2\/product_tag?post=14534"}],"curies":[{"name":"wp","href":"https:\/\/api.w.org\/{rel}","templated":true}]}}