{"id":14279,"date":"2021-05-01T11:45:37","date_gmt":"2021-05-01T09:45:37","guid":{"rendered":"https:\/\/www.salve.si\/?post_type=product&#038;p=14279"},"modified":"2021-05-14T15:50:21","modified_gmt":"2021-05-14T13:50:21","slug":"slovenski-pricevalci-za-vero","status":"publish","type":"product","link":"https:\/\/www.salve.si\/en\/trgovina\/knjige\/slovenski-pricevalci-za-vero\/","title":{"rendered":"Slovenski pri\u010devalci za vero"},"content":{"rendered":"<p>Kako hudo bi se pregre\u0161ili proti njim, \u010de bi pozabili nanje, \u010de se jih sedaj ne bi spomnili po tolikih letih pozabe in molka. \u00bbPri\u0161li bodo dnevi, ko va\u0161 narod ne bo tako dober, ko ne bo tako zvest, ko ne bo v stanju roditi svetnikov\u00ab, je zapisal leta 1949 francoski pater, \u00bbtakrat jih boste imeli, te svetnike kot va\u0161o veliko narodno rezervo, da bodo za va\u0161 narod prosili in ga iz te\u017eav izvlekli\u00ab.\u00a0 Mi bi lahko dodali, da se znova dvigajo tiste sile, ki so pri\u010deli z razkolom leta 1941 in ga danes znova o\u017eivljajo in po\u017eivljajo ter \u0161irijo sovra\u0161tvo in nestrpnost, la\u017e in nadutost in ogro\u017eajo kr\u0161\u010danske korenine na\u0161ega naroda in spravo, ki jo na\u0161 narod \u017ee tako dolgo pri\u010dakuje.<\/p>\n<p>\u00bbDa, ni se nam treba bati, saj imamo tiso\u010de pripro\u0161njikov, ki so dali \u017eivljenje za Boga in domovino. Ni se nam treba bati, saj v mo\u010di njihove pripro\u0161nje zmoremo vztrajati v delu za skupno dobro in za na\u0161o domovino\u00ab, je zapisala Helena Jaklitsch. Zato radi ponavljajmo: \u00bbVsi slovenski mu\u010denci in mu\u010denke, prosite za nas!\u00ab<\/p>\n<p><span class=\"slv-content-keywords\"> Alojz Snoj Vrtnice Knjige mu\u010denci vrtnice Vrtnice za leto 2021 <\/span><\/p>","protected":false},"excerpt":{"rendered":"<p>Svetniki so narodovo bogastvo, narodovi pripro\u0161njiki, kamor se verniki z zaupanjem zatekajo, \u0161e posebej v te\u017ekih trenutkih. Bog ve, koliko jih imamo tudi mi, na\u0161ih svetih star\u0161ev, starih star\u0161ev, stricev in tet, morda tudi bratov in sester. A imamo zagotovo tudi tiso\u010de svetih mu\u010dencev in mu\u010denk iz medvojnega in povojnega obdobja, ki v stotnijah polnijo nebo kot \u017eive pri\u010de dolge zvestobe Bogu. \u00a0Ne smemo pustiti vnemar teh pri\u010devalcev na\u0161e vere, saj so izgubili svoja \u017eivljenja ali bili mu\u010deni zato, ker so bili verni kristjani in zavedni Slovenci. So na\u0161i narodni pripro\u0161njiki pri Bogu.<\/p>","protected":false},"featured_media":14280,"template":"","meta":{"_acf_changed":false,"footnotes":""},"product_cat":[1078,141],"product_tag":[1079,814],"class_list":{"0":"post-14279","1":"product","2":"type-product","3":"status-publish","4":"has-post-thumbnail","6":"authors-alojz-snoj","7":"publisher-salve-d-o-o-ljubljana","8":"product_cat-vrtnice","9":"product_cat-knjige","10":"product_tag-mucenci","11":"product_tag-vrtnice","13":"first","14":"instock","15":"shipping-taxable","16":"purchasable","17":"product-type-simple"},"acf":[],"yoast_head":"<!-- This site is optimized with the Yoast SEO plugin v23.8 - https:\/\/yoast.com\/wordpress\/plugins\/seo\/ -->\n<title>Slovenski pri\u010devalci za vero - Salve<\/title>\n<meta name=\"robots\" content=\"index, follow, max-snippet:-1, max-image-preview:large, max-video-preview:-1\" \/>\n<link rel=\"canonical\" href=\"https:\/\/www.salve.si\/en\/trgovina\/knjige\/slovenski-pricevalci-za-vero\/\" \/>\n<meta property=\"og:locale\" content=\"en_US\" \/>\n<meta property=\"og:type\" content=\"article\" \/>\n<meta property=\"og:title\" content=\"Slovenski pri\u010devalci za vero - Salve\" \/>\n<meta property=\"og:description\" content=\"Svetniki so narodovo bogastvo, narodovi pripro\u0161njiki, kamor se verniki z zaupanjem zatekajo, \u0161e posebej v te\u017ekih trenutkih. Bog ve, koliko jih imamo tudi mi, na\u0161ih svetih star\u0161ev, starih star\u0161ev, stricev in tet, morda tudi bratov in sester. A imamo zagotovo tudi tiso\u010de svetih mu\u010dencev in mu\u010denk iz medvojnega in povojnega obdobja, ki v stotnijah polnijo nebo kot \u017eive pri\u010de dolge zvestobe Bogu. \u00a0Ne smemo pustiti vnemar teh pri\u010devalcev na\u0161e vere, saj so izgubili svoja \u017eivljenja ali bili mu\u010deni zato, ker so bili verni kristjani in zavedni Slovenci. So na\u0161i narodni pripro\u0161njiki pri Bogu.\" \/>\n<meta property=\"og:url\" content=\"https:\/\/www.salve.si\/en\/trgovina\/knjige\/slovenski-pricevalci-za-vero\/\" \/>\n<meta property=\"og:site_name\" content=\"Salve\" \/>\n<meta property=\"article:publisher\" content=\"https:\/\/www.facebook.com\/salve.si\" \/>\n<meta property=\"article:modified_time\" content=\"2021-05-14T13:50:21+00:00\" \/>\n<meta property=\"og:image\" content=\"https:\/\/www.salve.si\/wp-content\/uploads\/2021\/05\/Vrtnice-ovitek-2021.jpg\" \/>\n\t<meta property=\"og:image:width\" content=\"832\" \/>\n\t<meta property=\"og:image:height\" content=\"1244\" \/>\n\t<meta property=\"og:image:type\" content=\"image\/jpeg\" \/>\n<meta name=\"twitter:card\" content=\"summary_large_image\" \/>\n<meta name=\"twitter:label1\" content=\"Est. reading time\" \/>\n\t<meta name=\"twitter:data1\" content=\"1 minute\" \/>\n<script type=\"application\/ld+json\" class=\"yoast-schema-graph\">{\"@context\":\"https:\/\/schema.org\",\"@graph\":[{\"@type\":\"WebPage\",\"@id\":\"https:\/\/www.salve.si\/trgovina\/knjige\/slovenski-pricevalci-za-vero\/\",\"url\":\"https:\/\/www.salve.si\/trgovina\/knjige\/slovenski-pricevalci-za-vero\/\",\"name\":\"Slovenski pri\u010devalci za vero - Salve\",\"isPartOf\":{\"@id\":\"https:\/\/www.salve.si\/#website\"},\"primaryImageOfPage\":{\"@id\":\"https:\/\/www.salve.si\/trgovina\/knjige\/slovenski-pricevalci-za-vero\/#primaryimage\"},\"image\":{\"@id\":\"https:\/\/www.salve.si\/trgovina\/knjige\/slovenski-pricevalci-za-vero\/#primaryimage\"},\"thumbnailUrl\":\"https:\/\/www.salve.si\/wp-content\/uploads\/2021\/05\/Vrtnice-ovitek-2021.jpg\",\"datePublished\":\"2021-05-01T09:45:37+00:00\",\"dateModified\":\"2021-05-14T13:50:21+00:00\",\"breadcrumb\":{\"@id\":\"https:\/\/www.salve.si\/trgovina\/knjige\/slovenski-pricevalci-za-vero\/#breadcrumb\"},\"inLanguage\":\"en-US\",\"potentialAction\":[{\"@type\":\"ReadAction\",\"target\":[\"https:\/\/www.salve.si\/trgovina\/knjige\/slovenski-pricevalci-za-vero\/\"]}]},{\"@type\":\"ImageObject\",\"inLanguage\":\"en-US\",\"@id\":\"https:\/\/www.salve.si\/trgovina\/knjige\/slovenski-pricevalci-za-vero\/#primaryimage\",\"url\":\"https:\/\/www.salve.si\/wp-content\/uploads\/2021\/05\/Vrtnice-ovitek-2021.jpg\",\"contentUrl\":\"https:\/\/www.salve.si\/wp-content\/uploads\/2021\/05\/Vrtnice-ovitek-2021.jpg\",\"width\":832,\"height\":1244},{\"@type\":\"BreadcrumbList\",\"@id\":\"https:\/\/www.salve.si\/trgovina\/knjige\/slovenski-pricevalci-za-vero\/#breadcrumb\",\"itemListElement\":[{\"@type\":\"ListItem\",\"position\":1,\"name\":\"Home\",\"item\":\"https:\/\/www.salve.si\/\"},{\"@type\":\"ListItem\",\"position\":2,\"name\":\"Trgovina\",\"item\":\"https:\/\/www.salve.si\/trgovina\/\"},{\"@type\":\"ListItem\",\"position\":3,\"name\":\"Slovenski pri\u010devalci za vero\"}]},{\"@type\":\"WebSite\",\"@id\":\"https:\/\/www.salve.si\/#website\",\"url\":\"https:\/\/www.salve.si\/\",\"name\":\"Salve\",\"description\":\"Salezijanska zalo\u017eba\",\"publisher\":{\"@id\":\"https:\/\/www.salve.si\/#organization\"},\"potentialAction\":[{\"@type\":\"SearchAction\",\"target\":{\"@type\":\"EntryPoint\",\"urlTemplate\":\"https:\/\/www.salve.si\/?s={search_term_string}\"},\"query-input\":{\"@type\":\"PropertyValueSpecification\",\"valueRequired\":true,\"valueName\":\"search_term_string\"}}],\"inLanguage\":\"en-US\"},{\"@type\":\"Organization\",\"@id\":\"https:\/\/www.salve.si\/#organization\",\"name\":\"Salve d.o.o.\",\"url\":\"https:\/\/www.salve.si\/\",\"logo\":{\"@type\":\"ImageObject\",\"inLanguage\":\"en-US\",\"@id\":\"https:\/\/www.salve.si\/#\/schema\/logo\/image\/\",\"url\":\"https:\/\/www.salve.si\/wp-content\/uploads\/2021\/01\/Salve_logo_modri_nov_web.png\",\"contentUrl\":\"https:\/\/www.salve.si\/wp-content\/uploads\/2021\/01\/Salve_logo_modri_nov_web.png\",\"width\":279,\"height\":90,\"caption\":\"Salve d.o.o.\"},\"image\":{\"@id\":\"https:\/\/www.salve.si\/#\/schema\/logo\/image\/\"},\"sameAs\":[\"https:\/\/www.facebook.com\/salve.si\",\"https:\/\/www.instagram.com\/zalozbasalve\/\",\"https:\/\/www.linkedin.com\/company\/zalozba-salve\/\"]}]}<\/script>\n<!-- \/ Yoast SEO plugin. -->","yoast_head_json":{"title":"Slovenski pri\u010devalci za vero - Salve","robots":{"index":"index","follow":"follow","max-snippet":"max-snippet:-1","max-image-preview":"max-image-preview:large","max-video-preview":"max-video-preview:-1"},"canonical":"https:\/\/www.salve.si\/en\/trgovina\/knjige\/slovenski-pricevalci-za-vero\/","og_locale":"en_US","og_type":"article","og_title":"Slovenski pri\u010devalci za vero - Salve","og_description":"Svetniki so narodovo bogastvo, narodovi pripro\u0161njiki, kamor se verniki z zaupanjem zatekajo, \u0161e posebej v te\u017ekih trenutkih. Bog ve, koliko jih imamo tudi mi, na\u0161ih svetih star\u0161ev, starih star\u0161ev, stricev in tet, morda tudi bratov in sester. A imamo zagotovo tudi tiso\u010de svetih mu\u010dencev in mu\u010denk iz medvojnega in povojnega obdobja, ki v stotnijah polnijo nebo kot \u017eive pri\u010de dolge zvestobe Bogu. \u00a0Ne smemo pustiti vnemar teh pri\u010devalcev na\u0161e vere, saj so izgubili svoja \u017eivljenja ali bili mu\u010deni zato, ker so bili verni kristjani in zavedni Slovenci. So na\u0161i narodni pripro\u0161njiki pri Bogu.","og_url":"https:\/\/www.salve.si\/en\/trgovina\/knjige\/slovenski-pricevalci-za-vero\/","og_site_name":"Salve","article_publisher":"https:\/\/www.facebook.com\/salve.si","article_modified_time":"2021-05-14T13:50:21+00:00","og_image":[{"width":832,"height":1244,"url":"https:\/\/www.salve.si\/wp-content\/uploads\/2021\/05\/Vrtnice-ovitek-2021.jpg","type":"image\/jpeg"}],"twitter_card":"summary_large_image","twitter_misc":{"Est. reading time":"1 minute"},"schema":{"@context":"https:\/\/schema.org","@graph":[{"@type":"WebPage","@id":"https:\/\/www.salve.si\/trgovina\/knjige\/slovenski-pricevalci-za-vero\/","url":"https:\/\/www.salve.si\/trgovina\/knjige\/slovenski-pricevalci-za-vero\/","name":"Slovenski pri\u010devalci za vero - Salve","isPartOf":{"@id":"https:\/\/www.salve.si\/#website"},"primaryImageOfPage":{"@id":"https:\/\/www.salve.si\/trgovina\/knjige\/slovenski-pricevalci-za-vero\/#primaryimage"},"image":{"@id":"https:\/\/www.salve.si\/trgovina\/knjige\/slovenski-pricevalci-za-vero\/#primaryimage"},"thumbnailUrl":"https:\/\/www.salve.si\/wp-content\/uploads\/2021\/05\/Vrtnice-ovitek-2021.jpg","datePublished":"2021-05-01T09:45:37+00:00","dateModified":"2021-05-14T13:50:21+00:00","breadcrumb":{"@id":"https:\/\/www.salve.si\/trgovina\/knjige\/slovenski-pricevalci-za-vero\/#breadcrumb"},"inLanguage":"en-US","potentialAction":[{"@type":"ReadAction","target":["https:\/\/www.salve.si\/trgovina\/knjige\/slovenski-pricevalci-za-vero\/"]}]},{"@type":"ImageObject","inLanguage":"en-US","@id":"https:\/\/www.salve.si\/trgovina\/knjige\/slovenski-pricevalci-za-vero\/#primaryimage","url":"https:\/\/www.salve.si\/wp-content\/uploads\/2021\/05\/Vrtnice-ovitek-2021.jpg","contentUrl":"https:\/\/www.salve.si\/wp-content\/uploads\/2021\/05\/Vrtnice-ovitek-2021.jpg","width":832,"height":1244},{"@type":"BreadcrumbList","@id":"https:\/\/www.salve.si\/trgovina\/knjige\/slovenski-pricevalci-za-vero\/#breadcrumb","itemListElement":[{"@type":"ListItem","position":1,"name":"Home","item":"https:\/\/www.salve.si\/"},{"@type":"ListItem","position":2,"name":"Trgovina","item":"https:\/\/www.salve.si\/trgovina\/"},{"@type":"ListItem","position":3,"name":"Slovenski pri\u010devalci za vero"}]},{"@type":"WebSite","@id":"https:\/\/www.salve.si\/#website","url":"https:\/\/www.salve.si\/","name":"Salve","description":"Salezijanska zalo\u017eba","publisher":{"@id":"https:\/\/www.salve.si\/#organization"},"potentialAction":[{"@type":"SearchAction","target":{"@type":"EntryPoint","urlTemplate":"https:\/\/www.salve.si\/?s={search_term_string}"},"query-input":{"@type":"PropertyValueSpecification","valueRequired":true,"valueName":"search_term_string"}}],"inLanguage":"en-US"},{"@type":"Organization","@id":"https:\/\/www.salve.si\/#organization","name":"Salve d.o.o.","url":"https:\/\/www.salve.si\/","logo":{"@type":"ImageObject","inLanguage":"en-US","@id":"https:\/\/www.salve.si\/#\/schema\/logo\/image\/","url":"https:\/\/www.salve.si\/wp-content\/uploads\/2021\/01\/Salve_logo_modri_nov_web.png","contentUrl":"https:\/\/www.salve.si\/wp-content\/uploads\/2021\/01\/Salve_logo_modri_nov_web.png","width":279,"height":90,"caption":"Salve d.o.o."},"image":{"@id":"https:\/\/www.salve.si\/#\/schema\/logo\/image\/"},"sameAs":["https:\/\/www.facebook.com\/salve.si","https:\/\/www.instagram.com\/zalozbasalve\/","https:\/\/www.linkedin.com\/company\/zalozba-salve\/"]}]}},"_links":{"self":[{"href":"https:\/\/www.salve.si\/en\/wp-json\/wp\/v2\/product\/14279","targetHints":{"allow":["GET"]}}],"collection":[{"href":"https:\/\/www.salve.si\/en\/wp-json\/wp\/v2\/product"}],"about":[{"href":"https:\/\/www.salve.si\/en\/wp-json\/wp\/v2\/types\/product"}],"version-history":[{"count":6,"href":"https:\/\/www.salve.si\/en\/wp-json\/wp\/v2\/product\/14279\/revisions"}],"predecessor-version":[{"id":14383,"href":"https:\/\/www.salve.si\/en\/wp-json\/wp\/v2\/product\/14279\/revisions\/14383"}],"wp:featuredmedia":[{"embeddable":true,"href":"https:\/\/www.salve.si\/en\/wp-json\/wp\/v2\/media\/14280"}],"wp:attachment":[{"href":"https:\/\/www.salve.si\/en\/wp-json\/wp\/v2\/media?parent=14279"}],"wp:term":[{"taxonomy":"product_cat","embeddable":true,"href":"https:\/\/www.salve.si\/en\/wp-json\/wp\/v2\/product_cat?post=14279"},{"taxonomy":"product_tag","embeddable":true,"href":"https:\/\/www.salve.si\/en\/wp-json\/wp\/v2\/product_tag?post=14279"}],"curies":[{"name":"wp","href":"https:\/\/api.w.org\/{rel}","templated":true}]}}