{"id":14096,"date":"2021-06-30T10:08:21","date_gmt":"2021-06-30T08:08:21","guid":{"rendered":"https:\/\/www.salve.si\/?post_type=product&#038;p=14096"},"modified":"2026-01-01T00:00:10","modified_gmt":"2025-12-31T23:00:10","slug":"moje-zivljenje-je-v-tvojih-rokah","status":"publish","type":"product","link":"https:\/\/www.salve.si\/en\/trgovina\/knjige\/teologija-in-duhovnost\/moje-zivljenje-je-v-tvojih-rokah\/","title":{"rendered":"MOJE \u017dIVLJENJE JE V TVOJIH ROKAH"},"content":{"rendered":"<p>Dragi bralec, povabim te na pot izro\u010danja, pot predajanja, pot veselja, pot, ki nas vodi v Bo\u017eji objem. Povabim te, da pogumno stopi\u0161 na to pot.<\/p>\n<p>Dana\u0161nja psihologija nas posku\u0161a nau\u010diti, da bi sprejemali to, kar je neizogibno. Vendar golo sprejemanje ve\u010dkrat meji na vdanost v usodo. Boj se nam lahko zdi brez smisla, ko v dani situaciji nismo sposobni ni\u010desar storiti. \u010ce mislimo, da sta to stanje povzro\u010dila usoda ali slu\u010daj in da je vse brezciljno in nesmiselno, nam preostane samo \u0161e resignacija \u2013 obup, vdanost v usodo. Za \u010dloveka, ki ne pozna Stvarnika, polnega ljubezni, in Tistega, ki ima vse v svojih rokah, je to edina mo\u017enost.<\/p>\n<p>Kr\u0161\u010danski odgovor na resignacijo je predanost, ki se poraja iz vere, da nad vsem \u2013 tudi nad tistim, kar se nam zdi nesmiselno \u2013 bdi skrbna ljubezen Nekoga. Izmed vseh stali\u0161\u010d, lastnih kr\u0161\u010danski veri, ima morda, poleg odpu\u0161\u010danja, preprostosti, molitve in dobrote, predanost najbogatej\u0161o vsebino. \u00bbSedaj me vodi samo \u0161e predanost, ni\u010desar drugega gotovo tudi nimam,\u00ab pi\u0161e sveta Mala Terezija.<span class=\"slv-content-keywords\"> Novo Posebna ponudba Knjige Teologija in duhovnost Wilfrid Stinissen duhovnost Knjiga o predanosti <\/span><\/p>","protected":false},"excerpt":{"rendered":"<p>Avtor knjige karmeli\u010dan Wilfrid Stinnisen nas na zanimiv na\u010din povede po poti predajanja Bogu. Tudi \u010de smo trenutno popolnoma \u00bbsamooskrbni\u00ab in \u00bbsamozadostni\u00ab, se lahko \u0161e vedno prepustimo Bo\u017ejim rokam. Ob prebiranju knjige se \u010dlovek hitro zave, da nismo mi gospodarji svojega \u017eivljenja, kraja, dru\u017eine. Nad nami vedno bdi On, ki je Vsemogo\u010den, Vseprisoten in ki skrbi za celotno na\u0161e \u017eivljenje, pa naj bo \u0161e tako drobna malenkost. S postopnim izro\u010danjem Bogu postajamo vedno bolj svobodni, saj vemo, da bo, ob na\u0161em sodelovanju, za vse poskrbel On.<\/p>\n<p>&nbsp;<\/p>","protected":false},"featured_media":14097,"template":"","meta":{"_acf_changed":false,"footnotes":""},"product_cat":[710,709,141,314],"product_tag":[999],"class_list":{"0":"post-14096","1":"product","2":"type-product","3":"status-publish","4":"has-post-thumbnail","6":"authors-wilfrid-stinissen","7":"publisher-salve-d-o-o-ljubljana","8":"product_cat-novo","9":"product_cat-posebna-ponudba","10":"product_cat-knjige","11":"product_cat-teologija-in-duhovnost","12":"product_tag-duhovnost","14":"first","15":"instock","16":"shipping-taxable","17":"purchasable","18":"product-type-simple"},"acf":[],"yoast_head":"<!-- This site is optimized with the Yoast SEO plugin v23.8 - https:\/\/yoast.com\/wordpress\/plugins\/seo\/ -->\n<title>MOJE \u017dIVLJENJE JE V TVOJIH ROKAH - Salve<\/title>\n<meta name=\"robots\" content=\"index, follow, max-snippet:-1, max-image-preview:large, max-video-preview:-1\" \/>\n<link rel=\"canonical\" href=\"https:\/\/www.salve.si\/en\/trgovina\/knjige\/teologija-in-duhovnost\/moje-zivljenje-je-v-tvojih-rokah\/\" \/>\n<meta property=\"og:locale\" content=\"en_US\" \/>\n<meta property=\"og:type\" content=\"article\" \/>\n<meta property=\"og:title\" content=\"MOJE \u017dIVLJENJE JE V TVOJIH ROKAH - Salve\" \/>\n<meta property=\"og:description\" content=\"Avtor knjige karmeli\u010dan Wilfrid Stinnisen nas na zanimiv na\u010din povede po poti predajanja Bogu. Tudi \u010de smo trenutno popolnoma \u00bbsamooskrbni\u00ab in \u00bbsamozadostni\u00ab, se lahko \u0161e vedno prepustimo Bo\u017ejim rokam. Ob prebiranju knjige se \u010dlovek hitro zave, da nismo mi gospodarji svojega \u017eivljenja, kraja, dru\u017eine. Nad nami vedno bdi On, ki je Vsemogo\u010den, Vseprisoten in ki skrbi za celotno na\u0161e \u017eivljenje, pa naj bo \u0161e tako drobna malenkost. S postopnim izro\u010danjem Bogu postajamo vedno bolj svobodni, saj vemo, da bo, ob na\u0161em sodelovanju, za vse poskrbel On.  &nbsp;\" \/>\n<meta property=\"og:url\" content=\"https:\/\/www.salve.si\/en\/trgovina\/knjige\/teologija-in-duhovnost\/moje-zivljenje-je-v-tvojih-rokah\/\" \/>\n<meta property=\"og:site_name\" content=\"Salve\" \/>\n<meta property=\"article:publisher\" content=\"https:\/\/www.facebook.com\/salve.si\" \/>\n<meta property=\"article:modified_time\" content=\"2025-12-31T23:00:10+00:00\" \/>\n<meta property=\"og:image\" content=\"https:\/\/www.salve.si\/wp-content\/uploads\/2021\/03\/Stinissen_Moje_zivljenje_je_v_tvojih_rokah_NASLOVNICA01.jpg\" \/>\n\t<meta property=\"og:image:width\" content=\"1063\" \/>\n\t<meta property=\"og:image:height\" content=\"1654\" \/>\n\t<meta property=\"og:image:type\" content=\"image\/jpeg\" \/>\n<meta name=\"twitter:card\" content=\"summary_large_image\" \/>\n<meta name=\"twitter:label1\" content=\"Est. reading time\" \/>\n\t<meta name=\"twitter:data1\" content=\"1 minute\" \/>\n<script type=\"application\/ld+json\" class=\"yoast-schema-graph\">{\"@context\":\"https:\/\/schema.org\",\"@graph\":[{\"@type\":\"WebPage\",\"@id\":\"https:\/\/www.salve.si\/trgovina\/knjige\/teologija-in-duhovnost\/moje-zivljenje-je-v-tvojih-rokah\/\",\"url\":\"https:\/\/www.salve.si\/trgovina\/knjige\/teologija-in-duhovnost\/moje-zivljenje-je-v-tvojih-rokah\/\",\"name\":\"MOJE \u017dIVLJENJE JE V TVOJIH ROKAH - Salve\",\"isPartOf\":{\"@id\":\"https:\/\/www.salve.si\/#website\"},\"primaryImageOfPage\":{\"@id\":\"https:\/\/www.salve.si\/trgovina\/knjige\/teologija-in-duhovnost\/moje-zivljenje-je-v-tvojih-rokah\/#primaryimage\"},\"image\":{\"@id\":\"https:\/\/www.salve.si\/trgovina\/knjige\/teologija-in-duhovnost\/moje-zivljenje-je-v-tvojih-rokah\/#primaryimage\"},\"thumbnailUrl\":\"https:\/\/www.salve.si\/wp-content\/uploads\/2021\/03\/Stinissen_Moje_zivljenje_je_v_tvojih_rokah_NASLOVNICA01.jpg\",\"datePublished\":\"2021-06-30T08:08:21+00:00\",\"dateModified\":\"2025-12-31T23:00:10+00:00\",\"breadcrumb\":{\"@id\":\"https:\/\/www.salve.si\/trgovina\/knjige\/teologija-in-duhovnost\/moje-zivljenje-je-v-tvojih-rokah\/#breadcrumb\"},\"inLanguage\":\"en-US\",\"potentialAction\":[{\"@type\":\"ReadAction\",\"target\":[\"https:\/\/www.salve.si\/trgovina\/knjige\/teologija-in-duhovnost\/moje-zivljenje-je-v-tvojih-rokah\/\"]}]},{\"@type\":\"ImageObject\",\"inLanguage\":\"en-US\",\"@id\":\"https:\/\/www.salve.si\/trgovina\/knjige\/teologija-in-duhovnost\/moje-zivljenje-je-v-tvojih-rokah\/#primaryimage\",\"url\":\"https:\/\/www.salve.si\/wp-content\/uploads\/2021\/03\/Stinissen_Moje_zivljenje_je_v_tvojih_rokah_NASLOVNICA01.jpg\",\"contentUrl\":\"https:\/\/www.salve.si\/wp-content\/uploads\/2021\/03\/Stinissen_Moje_zivljenje_je_v_tvojih_rokah_NASLOVNICA01.jpg\",\"width\":1063,\"height\":1654},{\"@type\":\"BreadcrumbList\",\"@id\":\"https:\/\/www.salve.si\/trgovina\/knjige\/teologija-in-duhovnost\/moje-zivljenje-je-v-tvojih-rokah\/#breadcrumb\",\"itemListElement\":[{\"@type\":\"ListItem\",\"position\":1,\"name\":\"Home\",\"item\":\"https:\/\/www.salve.si\/\"},{\"@type\":\"ListItem\",\"position\":2,\"name\":\"Trgovina\",\"item\":\"https:\/\/www.salve.si\/trgovina\/\"},{\"@type\":\"ListItem\",\"position\":3,\"name\":\"MOJE \u017dIVLJENJE JE V TVOJIH ROKAH\"}]},{\"@type\":\"WebSite\",\"@id\":\"https:\/\/www.salve.si\/#website\",\"url\":\"https:\/\/www.salve.si\/\",\"name\":\"Salve\",\"description\":\"Salezijanska zalo\u017eba\",\"publisher\":{\"@id\":\"https:\/\/www.salve.si\/#organization\"},\"potentialAction\":[{\"@type\":\"SearchAction\",\"target\":{\"@type\":\"EntryPoint\",\"urlTemplate\":\"https:\/\/www.salve.si\/?s={search_term_string}\"},\"query-input\":{\"@type\":\"PropertyValueSpecification\",\"valueRequired\":true,\"valueName\":\"search_term_string\"}}],\"inLanguage\":\"en-US\"},{\"@type\":\"Organization\",\"@id\":\"https:\/\/www.salve.si\/#organization\",\"name\":\"Salve d.o.o.\",\"url\":\"https:\/\/www.salve.si\/\",\"logo\":{\"@type\":\"ImageObject\",\"inLanguage\":\"en-US\",\"@id\":\"https:\/\/www.salve.si\/#\/schema\/logo\/image\/\",\"url\":\"https:\/\/www.salve.si\/wp-content\/uploads\/2021\/01\/Salve_logo_modri_nov_web.png\",\"contentUrl\":\"https:\/\/www.salve.si\/wp-content\/uploads\/2021\/01\/Salve_logo_modri_nov_web.png\",\"width\":279,\"height\":90,\"caption\":\"Salve d.o.o.\"},\"image\":{\"@id\":\"https:\/\/www.salve.si\/#\/schema\/logo\/image\/\"},\"sameAs\":[\"https:\/\/www.facebook.com\/salve.si\",\"https:\/\/www.instagram.com\/zalozbasalve\/\",\"https:\/\/www.linkedin.com\/company\/zalozba-salve\/\"]}]}<\/script>\n<!-- \/ Yoast SEO plugin. -->","yoast_head_json":{"title":"MOJE \u017dIVLJENJE JE V TVOJIH ROKAH - Salve","robots":{"index":"index","follow":"follow","max-snippet":"max-snippet:-1","max-image-preview":"max-image-preview:large","max-video-preview":"max-video-preview:-1"},"canonical":"https:\/\/www.salve.si\/en\/trgovina\/knjige\/teologija-in-duhovnost\/moje-zivljenje-je-v-tvojih-rokah\/","og_locale":"en_US","og_type":"article","og_title":"MOJE \u017dIVLJENJE JE V TVOJIH ROKAH - Salve","og_description":"Avtor knjige karmeli\u010dan Wilfrid Stinnisen nas na zanimiv na\u010din povede po poti predajanja Bogu. Tudi \u010de smo trenutno popolnoma \u00bbsamooskrbni\u00ab in \u00bbsamozadostni\u00ab, se lahko \u0161e vedno prepustimo Bo\u017ejim rokam. Ob prebiranju knjige se \u010dlovek hitro zave, da nismo mi gospodarji svojega \u017eivljenja, kraja, dru\u017eine. Nad nami vedno bdi On, ki je Vsemogo\u010den, Vseprisoten in ki skrbi za celotno na\u0161e \u017eivljenje, pa naj bo \u0161e tako drobna malenkost. S postopnim izro\u010danjem Bogu postajamo vedno bolj svobodni, saj vemo, da bo, ob na\u0161em sodelovanju, za vse poskrbel On.  &nbsp;","og_url":"https:\/\/www.salve.si\/en\/trgovina\/knjige\/teologija-in-duhovnost\/moje-zivljenje-je-v-tvojih-rokah\/","og_site_name":"Salve","article_publisher":"https:\/\/www.facebook.com\/salve.si","article_modified_time":"2025-12-31T23:00:10+00:00","og_image":[{"width":1063,"height":1654,"url":"https:\/\/www.salve.si\/wp-content\/uploads\/2021\/03\/Stinissen_Moje_zivljenje_je_v_tvojih_rokah_NASLOVNICA01.jpg","type":"image\/jpeg"}],"twitter_card":"summary_large_image","twitter_misc":{"Est. reading time":"1 minute"},"schema":{"@context":"https:\/\/schema.org","@graph":[{"@type":"WebPage","@id":"https:\/\/www.salve.si\/trgovina\/knjige\/teologija-in-duhovnost\/moje-zivljenje-je-v-tvojih-rokah\/","url":"https:\/\/www.salve.si\/trgovina\/knjige\/teologija-in-duhovnost\/moje-zivljenje-je-v-tvojih-rokah\/","name":"MOJE \u017dIVLJENJE JE V TVOJIH ROKAH - Salve","isPartOf":{"@id":"https:\/\/www.salve.si\/#website"},"primaryImageOfPage":{"@id":"https:\/\/www.salve.si\/trgovina\/knjige\/teologija-in-duhovnost\/moje-zivljenje-je-v-tvojih-rokah\/#primaryimage"},"image":{"@id":"https:\/\/www.salve.si\/trgovina\/knjige\/teologija-in-duhovnost\/moje-zivljenje-je-v-tvojih-rokah\/#primaryimage"},"thumbnailUrl":"https:\/\/www.salve.si\/wp-content\/uploads\/2021\/03\/Stinissen_Moje_zivljenje_je_v_tvojih_rokah_NASLOVNICA01.jpg","datePublished":"2021-06-30T08:08:21+00:00","dateModified":"2025-12-31T23:00:10+00:00","breadcrumb":{"@id":"https:\/\/www.salve.si\/trgovina\/knjige\/teologija-in-duhovnost\/moje-zivljenje-je-v-tvojih-rokah\/#breadcrumb"},"inLanguage":"en-US","potentialAction":[{"@type":"ReadAction","target":["https:\/\/www.salve.si\/trgovina\/knjige\/teologija-in-duhovnost\/moje-zivljenje-je-v-tvojih-rokah\/"]}]},{"@type":"ImageObject","inLanguage":"en-US","@id":"https:\/\/www.salve.si\/trgovina\/knjige\/teologija-in-duhovnost\/moje-zivljenje-je-v-tvojih-rokah\/#primaryimage","url":"https:\/\/www.salve.si\/wp-content\/uploads\/2021\/03\/Stinissen_Moje_zivljenje_je_v_tvojih_rokah_NASLOVNICA01.jpg","contentUrl":"https:\/\/www.salve.si\/wp-content\/uploads\/2021\/03\/Stinissen_Moje_zivljenje_je_v_tvojih_rokah_NASLOVNICA01.jpg","width":1063,"height":1654},{"@type":"BreadcrumbList","@id":"https:\/\/www.salve.si\/trgovina\/knjige\/teologija-in-duhovnost\/moje-zivljenje-je-v-tvojih-rokah\/#breadcrumb","itemListElement":[{"@type":"ListItem","position":1,"name":"Home","item":"https:\/\/www.salve.si\/"},{"@type":"ListItem","position":2,"name":"Trgovina","item":"https:\/\/www.salve.si\/trgovina\/"},{"@type":"ListItem","position":3,"name":"MOJE \u017dIVLJENJE JE V TVOJIH ROKAH"}]},{"@type":"WebSite","@id":"https:\/\/www.salve.si\/#website","url":"https:\/\/www.salve.si\/","name":"Salve","description":"Salezijanska zalo\u017eba","publisher":{"@id":"https:\/\/www.salve.si\/#organization"},"potentialAction":[{"@type":"SearchAction","target":{"@type":"EntryPoint","urlTemplate":"https:\/\/www.salve.si\/?s={search_term_string}"},"query-input":{"@type":"PropertyValueSpecification","valueRequired":true,"valueName":"search_term_string"}}],"inLanguage":"en-US"},{"@type":"Organization","@id":"https:\/\/www.salve.si\/#organization","name":"Salve d.o.o.","url":"https:\/\/www.salve.si\/","logo":{"@type":"ImageObject","inLanguage":"en-US","@id":"https:\/\/www.salve.si\/#\/schema\/logo\/image\/","url":"https:\/\/www.salve.si\/wp-content\/uploads\/2021\/01\/Salve_logo_modri_nov_web.png","contentUrl":"https:\/\/www.salve.si\/wp-content\/uploads\/2021\/01\/Salve_logo_modri_nov_web.png","width":279,"height":90,"caption":"Salve d.o.o."},"image":{"@id":"https:\/\/www.salve.si\/#\/schema\/logo\/image\/"},"sameAs":["https:\/\/www.facebook.com\/salve.si","https:\/\/www.instagram.com\/zalozbasalve\/","https:\/\/www.linkedin.com\/company\/zalozba-salve\/"]}]}},"_links":{"self":[{"href":"https:\/\/www.salve.si\/en\/wp-json\/wp\/v2\/product\/14096","targetHints":{"allow":["GET"]}}],"collection":[{"href":"https:\/\/www.salve.si\/en\/wp-json\/wp\/v2\/product"}],"about":[{"href":"https:\/\/www.salve.si\/en\/wp-json\/wp\/v2\/types\/product"}],"version-history":[{"count":5,"href":"https:\/\/www.salve.si\/en\/wp-json\/wp\/v2\/product\/14096\/revisions"}],"predecessor-version":[{"id":16391,"href":"https:\/\/www.salve.si\/en\/wp-json\/wp\/v2\/product\/14096\/revisions\/16391"}],"wp:featuredmedia":[{"embeddable":true,"href":"https:\/\/www.salve.si\/en\/wp-json\/wp\/v2\/media\/14097"}],"wp:attachment":[{"href":"https:\/\/www.salve.si\/en\/wp-json\/wp\/v2\/media?parent=14096"}],"wp:term":[{"taxonomy":"product_cat","embeddable":true,"href":"https:\/\/www.salve.si\/en\/wp-json\/wp\/v2\/product_cat?post=14096"},{"taxonomy":"product_tag","embeddable":true,"href":"https:\/\/www.salve.si\/en\/wp-json\/wp\/v2\/product_tag?post=14096"}],"curies":[{"name":"wp","href":"https:\/\/api.w.org\/{rel}","templated":true}]}}