{"id":14087,"date":"2021-03-11T11:28:08","date_gmt":"2021-03-11T10:28:08","guid":{"rendered":"https:\/\/www.salve.si\/?post_type=product&#038;p=14087"},"modified":"2025-06-04T14:47:58","modified_gmt":"2025-06-04T12:47:58","slug":"cujecnost-pod-lucmi-vsakdanjika","status":"publish","type":"product","link":"https:\/\/www.salve.si\/en\/trgovina\/knjige\/cujecnost-pod-lucmi-vsakdanjika\/","title":{"rendered":"\u010cUJE\u010cNOST POD LU\u010cMI VSAKDANJIKA"},"content":{"rendered":"<p>Knjiga je poleg odli\u010dne vsebi\u00adne tudi zelo sistemati\u010dna in urejena, s tem pa daje bral\u00adcu mir ter strukturo, ki je pri tako globokih, hkrati pa tako vsakdanjih temah, kot je \u010duje\u010dnost, \u0161e kako pot\u00adrebna in za\u017eelena.<\/p>\n<p>Mojca \u0160imenc je \u010dlanica redovne skupnosti h\u010dera Marije Pomo\u010dnice ali don Boskovih salezijank. V pisanem naboru slu\u017eb, ki jih je opravljala in ki jih vr\u0161i danes, se miselno ukvarja s procesi medsebojnih odnosov in vedenj v skupnostih in dru\u017ebi nasploh. Knjigo \u010cuje\u010dnost pod lu\u010dmi vsakdanjika je napisala na osnovi obse\u017ene raziskave v svetovnem merilu, ki jo je izvedla v lastni redovni dru\u017eini in s pomo\u010djo vsakodnevnih drobnih opa\u017eanj.<\/p>\n<p>Sama pa pravi: \u00bbZa to knjigo ima zasluge tudi epidemija in v njej klic k negovanju upanja. Veliko poudarkov v besedilu je tak\u0161nih, da v nas lahko prenovijo \u017eeljo po tem, da bi si prizadevali za kakovostne osebne dr\u017ee, ki jih izbiramo svobodno. Tega se lahko u\u010dimo zavestno in ne glede na razmere, ki jih postavlja \u017eivljenje.\u00ab<\/p>\n<p><span class=\"slv-content-keywords\"> Knjige \u010duje\u010dnost Medosebni odnosi Mojca \u0160imenc FMA <\/span><\/p>","protected":false},"excerpt":{"rendered":"<p>V \u010dasu preplavljenosti s podatki, novicami, akcijami, slikami, besedilom, nepristnimi odnosi, odklapljanji in drugimi nefunkcionalnimi vedenji se tako hitro zgodi, da izgubimo svoj notranji kompas. Pri\u010dujo\u010da knjiga prina\u0161a eno izmed protiute\u017ei vsemu temu hitenju, hlastanju in iskanju hitrih re\u0161itev (ki so pogosto samo za\u010dasne) za nezadovoljene potrebe, ki so vedno ve\u010dje in glasnej\u0161e.<\/p>","protected":false},"featured_media":14089,"template":"","meta":{"_acf_changed":false,"footnotes":""},"product_cat":[141],"product_tag":[1062,1061],"class_list":{"0":"post-14087","1":"product","2":"type-product","3":"status-publish","4":"has-post-thumbnail","6":"authors-mojca-simenc-fma","7":"publisher-salve-d-o-o-ljubljana","8":"product_cat-knjige","9":"product_tag-cujecnost","10":"product_tag-medosebni-odnosi","12":"first","13":"outofstock","14":"shipping-taxable","15":"purchasable","16":"product-type-simple"},"acf":[],"yoast_head":"<!-- This site is optimized with the Yoast SEO plugin v23.8 - https:\/\/yoast.com\/wordpress\/plugins\/seo\/ -->\n<title>\u010cUJE\u010cNOST POD LU\u010cMI VSAKDANJIKA - Salve<\/title>\n<meta name=\"robots\" content=\"index, follow, max-snippet:-1, max-image-preview:large, max-video-preview:-1\" \/>\n<link rel=\"canonical\" href=\"https:\/\/www.salve.si\/en\/trgovina\/knjige\/cujecnost-pod-lucmi-vsakdanjika\/\" \/>\n<meta property=\"og:locale\" content=\"en_US\" \/>\n<meta property=\"og:type\" content=\"article\" \/>\n<meta property=\"og:title\" content=\"\u010cUJE\u010cNOST POD LU\u010cMI VSAKDANJIKA - Salve\" \/>\n<meta property=\"og:description\" content=\"V \u010dasu preplavljenosti s podatki, novicami, akcijami, slikami, besedilom, nepristnimi odnosi, odklapljanji in drugimi nefunkcionalnimi vedenji se tako hitro zgodi, da izgubimo svoj notranji kompas. Pri\u010dujo\u010da knjiga prina\u0161a eno izmed protiute\u017ei vsemu temu hitenju, hlastanju in iskanju hitrih re\u0161itev (ki so pogosto samo za\u010dasne) za nezadovoljene potrebe, ki so vedno ve\u010dje in glasnej\u0161e.\" \/>\n<meta property=\"og:url\" content=\"https:\/\/www.salve.si\/en\/trgovina\/knjige\/cujecnost-pod-lucmi-vsakdanjika\/\" \/>\n<meta property=\"og:site_name\" content=\"Salve\" \/>\n<meta property=\"article:publisher\" content=\"https:\/\/www.facebook.com\/salve.si\" \/>\n<meta property=\"article:modified_time\" content=\"2025-06-04T12:47:58+00:00\" \/>\n<meta property=\"og:image\" content=\"https:\/\/www.salve.si\/wp-content\/uploads\/2021\/03\/Simenc_Cujecnost-pod-lucmi-vsakdanjika_NASLOVNICA01.jpg\" \/>\n\t<meta property=\"og:image:width\" content=\"1064\" \/>\n\t<meta property=\"og:image:height\" content=\"1654\" \/>\n\t<meta property=\"og:image:type\" content=\"image\/jpeg\" \/>\n<meta name=\"twitter:card\" content=\"summary_large_image\" \/>\n<meta name=\"twitter:label1\" content=\"Est. reading time\" \/>\n\t<meta name=\"twitter:data1\" content=\"2 minutes\" \/>\n<script type=\"application\/ld+json\" class=\"yoast-schema-graph\">{\"@context\":\"https:\/\/schema.org\",\"@graph\":[{\"@type\":\"WebPage\",\"@id\":\"https:\/\/www.salve.si\/trgovina\/knjige\/cujecnost-pod-lucmi-vsakdanjika\/\",\"url\":\"https:\/\/www.salve.si\/trgovina\/knjige\/cujecnost-pod-lucmi-vsakdanjika\/\",\"name\":\"\u010cUJE\u010cNOST POD LU\u010cMI VSAKDANJIKA - Salve\",\"isPartOf\":{\"@id\":\"https:\/\/www.salve.si\/#website\"},\"primaryImageOfPage\":{\"@id\":\"https:\/\/www.salve.si\/trgovina\/knjige\/cujecnost-pod-lucmi-vsakdanjika\/#primaryimage\"},\"image\":{\"@id\":\"https:\/\/www.salve.si\/trgovina\/knjige\/cujecnost-pod-lucmi-vsakdanjika\/#primaryimage\"},\"thumbnailUrl\":\"https:\/\/www.salve.si\/wp-content\/uploads\/2021\/03\/Simenc_Cujecnost-pod-lucmi-vsakdanjika_NASLOVNICA01.jpg\",\"datePublished\":\"2021-03-11T10:28:08+00:00\",\"dateModified\":\"2025-06-04T12:47:58+00:00\",\"breadcrumb\":{\"@id\":\"https:\/\/www.salve.si\/trgovina\/knjige\/cujecnost-pod-lucmi-vsakdanjika\/#breadcrumb\"},\"inLanguage\":\"en-US\",\"potentialAction\":[{\"@type\":\"ReadAction\",\"target\":[\"https:\/\/www.salve.si\/trgovina\/knjige\/cujecnost-pod-lucmi-vsakdanjika\/\"]}]},{\"@type\":\"ImageObject\",\"inLanguage\":\"en-US\",\"@id\":\"https:\/\/www.salve.si\/trgovina\/knjige\/cujecnost-pod-lucmi-vsakdanjika\/#primaryimage\",\"url\":\"https:\/\/www.salve.si\/wp-content\/uploads\/2021\/03\/Simenc_Cujecnost-pod-lucmi-vsakdanjika_NASLOVNICA01.jpg\",\"contentUrl\":\"https:\/\/www.salve.si\/wp-content\/uploads\/2021\/03\/Simenc_Cujecnost-pod-lucmi-vsakdanjika_NASLOVNICA01.jpg\",\"width\":1064,\"height\":1654},{\"@type\":\"BreadcrumbList\",\"@id\":\"https:\/\/www.salve.si\/trgovina\/knjige\/cujecnost-pod-lucmi-vsakdanjika\/#breadcrumb\",\"itemListElement\":[{\"@type\":\"ListItem\",\"position\":1,\"name\":\"Home\",\"item\":\"https:\/\/www.salve.si\/\"},{\"@type\":\"ListItem\",\"position\":2,\"name\":\"Trgovina\",\"item\":\"https:\/\/www.salve.si\/trgovina\/\"},{\"@type\":\"ListItem\",\"position\":3,\"name\":\"\u010cUJE\u010cNOST POD LU\u010cMI VSAKDANJIKA\"}]},{\"@type\":\"WebSite\",\"@id\":\"https:\/\/www.salve.si\/#website\",\"url\":\"https:\/\/www.salve.si\/\",\"name\":\"Salve\",\"description\":\"Salezijanska zalo\u017eba\",\"publisher\":{\"@id\":\"https:\/\/www.salve.si\/#organization\"},\"potentialAction\":[{\"@type\":\"SearchAction\",\"target\":{\"@type\":\"EntryPoint\",\"urlTemplate\":\"https:\/\/www.salve.si\/?s={search_term_string}\"},\"query-input\":{\"@type\":\"PropertyValueSpecification\",\"valueRequired\":true,\"valueName\":\"search_term_string\"}}],\"inLanguage\":\"en-US\"},{\"@type\":\"Organization\",\"@id\":\"https:\/\/www.salve.si\/#organization\",\"name\":\"Salve d.o.o.\",\"url\":\"https:\/\/www.salve.si\/\",\"logo\":{\"@type\":\"ImageObject\",\"inLanguage\":\"en-US\",\"@id\":\"https:\/\/www.salve.si\/#\/schema\/logo\/image\/\",\"url\":\"https:\/\/www.salve.si\/wp-content\/uploads\/2021\/01\/Salve_logo_modri_nov_web.png\",\"contentUrl\":\"https:\/\/www.salve.si\/wp-content\/uploads\/2021\/01\/Salve_logo_modri_nov_web.png\",\"width\":279,\"height\":90,\"caption\":\"Salve d.o.o.\"},\"image\":{\"@id\":\"https:\/\/www.salve.si\/#\/schema\/logo\/image\/\"},\"sameAs\":[\"https:\/\/www.facebook.com\/salve.si\",\"https:\/\/www.instagram.com\/zalozbasalve\/\",\"https:\/\/www.linkedin.com\/company\/zalozba-salve\/\"]}]}<\/script>\n<!-- \/ Yoast SEO plugin. -->","yoast_head_json":{"title":"\u010cUJE\u010cNOST POD LU\u010cMI VSAKDANJIKA - Salve","robots":{"index":"index","follow":"follow","max-snippet":"max-snippet:-1","max-image-preview":"max-image-preview:large","max-video-preview":"max-video-preview:-1"},"canonical":"https:\/\/www.salve.si\/en\/trgovina\/knjige\/cujecnost-pod-lucmi-vsakdanjika\/","og_locale":"en_US","og_type":"article","og_title":"\u010cUJE\u010cNOST POD LU\u010cMI VSAKDANJIKA - Salve","og_description":"V \u010dasu preplavljenosti s podatki, novicami, akcijami, slikami, besedilom, nepristnimi odnosi, odklapljanji in drugimi nefunkcionalnimi vedenji se tako hitro zgodi, da izgubimo svoj notranji kompas. Pri\u010dujo\u010da knjiga prina\u0161a eno izmed protiute\u017ei vsemu temu hitenju, hlastanju in iskanju hitrih re\u0161itev (ki so pogosto samo za\u010dasne) za nezadovoljene potrebe, ki so vedno ve\u010dje in glasnej\u0161e.","og_url":"https:\/\/www.salve.si\/en\/trgovina\/knjige\/cujecnost-pod-lucmi-vsakdanjika\/","og_site_name":"Salve","article_publisher":"https:\/\/www.facebook.com\/salve.si","article_modified_time":"2025-06-04T12:47:58+00:00","og_image":[{"width":1064,"height":1654,"url":"https:\/\/www.salve.si\/wp-content\/uploads\/2021\/03\/Simenc_Cujecnost-pod-lucmi-vsakdanjika_NASLOVNICA01.jpg","type":"image\/jpeg"}],"twitter_card":"summary_large_image","twitter_misc":{"Est. reading time":"2 minutes"},"schema":{"@context":"https:\/\/schema.org","@graph":[{"@type":"WebPage","@id":"https:\/\/www.salve.si\/trgovina\/knjige\/cujecnost-pod-lucmi-vsakdanjika\/","url":"https:\/\/www.salve.si\/trgovina\/knjige\/cujecnost-pod-lucmi-vsakdanjika\/","name":"\u010cUJE\u010cNOST POD LU\u010cMI VSAKDANJIKA - Salve","isPartOf":{"@id":"https:\/\/www.salve.si\/#website"},"primaryImageOfPage":{"@id":"https:\/\/www.salve.si\/trgovina\/knjige\/cujecnost-pod-lucmi-vsakdanjika\/#primaryimage"},"image":{"@id":"https:\/\/www.salve.si\/trgovina\/knjige\/cujecnost-pod-lucmi-vsakdanjika\/#primaryimage"},"thumbnailUrl":"https:\/\/www.salve.si\/wp-content\/uploads\/2021\/03\/Simenc_Cujecnost-pod-lucmi-vsakdanjika_NASLOVNICA01.jpg","datePublished":"2021-03-11T10:28:08+00:00","dateModified":"2025-06-04T12:47:58+00:00","breadcrumb":{"@id":"https:\/\/www.salve.si\/trgovina\/knjige\/cujecnost-pod-lucmi-vsakdanjika\/#breadcrumb"},"inLanguage":"en-US","potentialAction":[{"@type":"ReadAction","target":["https:\/\/www.salve.si\/trgovina\/knjige\/cujecnost-pod-lucmi-vsakdanjika\/"]}]},{"@type":"ImageObject","inLanguage":"en-US","@id":"https:\/\/www.salve.si\/trgovina\/knjige\/cujecnost-pod-lucmi-vsakdanjika\/#primaryimage","url":"https:\/\/www.salve.si\/wp-content\/uploads\/2021\/03\/Simenc_Cujecnost-pod-lucmi-vsakdanjika_NASLOVNICA01.jpg","contentUrl":"https:\/\/www.salve.si\/wp-content\/uploads\/2021\/03\/Simenc_Cujecnost-pod-lucmi-vsakdanjika_NASLOVNICA01.jpg","width":1064,"height":1654},{"@type":"BreadcrumbList","@id":"https:\/\/www.salve.si\/trgovina\/knjige\/cujecnost-pod-lucmi-vsakdanjika\/#breadcrumb","itemListElement":[{"@type":"ListItem","position":1,"name":"Home","item":"https:\/\/www.salve.si\/"},{"@type":"ListItem","position":2,"name":"Trgovina","item":"https:\/\/www.salve.si\/trgovina\/"},{"@type":"ListItem","position":3,"name":"\u010cUJE\u010cNOST POD LU\u010cMI VSAKDANJIKA"}]},{"@type":"WebSite","@id":"https:\/\/www.salve.si\/#website","url":"https:\/\/www.salve.si\/","name":"Salve","description":"Salezijanska zalo\u017eba","publisher":{"@id":"https:\/\/www.salve.si\/#organization"},"potentialAction":[{"@type":"SearchAction","target":{"@type":"EntryPoint","urlTemplate":"https:\/\/www.salve.si\/?s={search_term_string}"},"query-input":{"@type":"PropertyValueSpecification","valueRequired":true,"valueName":"search_term_string"}}],"inLanguage":"en-US"},{"@type":"Organization","@id":"https:\/\/www.salve.si\/#organization","name":"Salve d.o.o.","url":"https:\/\/www.salve.si\/","logo":{"@type":"ImageObject","inLanguage":"en-US","@id":"https:\/\/www.salve.si\/#\/schema\/logo\/image\/","url":"https:\/\/www.salve.si\/wp-content\/uploads\/2021\/01\/Salve_logo_modri_nov_web.png","contentUrl":"https:\/\/www.salve.si\/wp-content\/uploads\/2021\/01\/Salve_logo_modri_nov_web.png","width":279,"height":90,"caption":"Salve d.o.o."},"image":{"@id":"https:\/\/www.salve.si\/#\/schema\/logo\/image\/"},"sameAs":["https:\/\/www.facebook.com\/salve.si","https:\/\/www.instagram.com\/zalozbasalve\/","https:\/\/www.linkedin.com\/company\/zalozba-salve\/"]}]}},"_links":{"self":[{"href":"https:\/\/www.salve.si\/en\/wp-json\/wp\/v2\/product\/14087","targetHints":{"allow":["GET"]}}],"collection":[{"href":"https:\/\/www.salve.si\/en\/wp-json\/wp\/v2\/product"}],"about":[{"href":"https:\/\/www.salve.si\/en\/wp-json\/wp\/v2\/types\/product"}],"version-history":[{"count":4,"href":"https:\/\/www.salve.si\/en\/wp-json\/wp\/v2\/product\/14087\/revisions"}],"predecessor-version":[{"id":19983,"href":"https:\/\/www.salve.si\/en\/wp-json\/wp\/v2\/product\/14087\/revisions\/19983"}],"wp:featuredmedia":[{"embeddable":true,"href":"https:\/\/www.salve.si\/en\/wp-json\/wp\/v2\/media\/14089"}],"wp:attachment":[{"href":"https:\/\/www.salve.si\/en\/wp-json\/wp\/v2\/media?parent=14087"}],"wp:term":[{"taxonomy":"product_cat","embeddable":true,"href":"https:\/\/www.salve.si\/en\/wp-json\/wp\/v2\/product_cat?post=14087"},{"taxonomy":"product_tag","embeddable":true,"href":"https:\/\/www.salve.si\/en\/wp-json\/wp\/v2\/product_tag?post=14087"}],"curies":[{"name":"wp","href":"https:\/\/api.w.org\/{rel}","templated":true}]}}