{"id":14030,"date":"2021-02-10T13:46:52","date_gmt":"2021-02-10T12:46:52","guid":{"rendered":"https:\/\/www.salve.si\/?post_type=product&#038;p=14030"},"modified":"2026-01-01T00:00:08","modified_gmt":"2025-12-31T23:00:08","slug":"petrov-petelincek","status":"publish","type":"product","link":"https:\/\/www.salve.si\/en\/trgovina\/knjige\/otroske\/petrov-petelincek\/","title":{"rendered":"PETROV PETELIN\u010cEK"},"content":{"rendered":"<p><em>V Jezusovih \u010dasih je nedale\u010d od pala\u010de stala hi\u0161ka z dvori\u0161\u010dem. Na njem se je brezskrbno sprehajal petelin\u010dek. Imel je pisano perje, visok greben in krasne ostroge. <\/em><\/p>\n<p><em>Bil je nadvse zvedav in zelo rad je kikirikal. <\/em><\/p>\n<p><em>Pogosto je posedal na leseni ograji, ki jo je gospodar postavil okrog in okrog dvori\u0161\u010da. Od tod je petelin\u010dek velikokrat opazoval okolico. Nekega dne mu je bilo dolg\u010das, zato jo je mahnil na potep.<\/em><\/p>\n<p><em>Malce je hodil, malce tudi letel. Tako se je na vsem lepem zna\u0161el na drugem koncu mesta. Zdajci se je ustavil na vogalu hi\u0161e, iz katere je zasli\u0161al nekoga govoriti. Petelin\u010dek je postal radoveden in zletel na okensko polico.<\/em><\/p>\n<p>&nbsp;<\/p>\n<p><span class=\"slv-content-keywords\"> Novo Posebna ponudba Knjige Otro\u0161ke Stanka Devjak Mladinska knji\u017enica otro\u0161ka literatura slikanica Nina \u0160ulin <\/span><\/p>","protected":false},"excerpt":{"rendered":"<p>Bogato ilustrirana pripoved o Jezusovem trpljenju, smrti in vstajenju skozi o\u010di Petrovega petelin\u010dka. Njegova radovednost ga vodi po poti, ki jo je prehodil Jezus. S svojim kikirikanjem opozarja apostole in \u017eene, da so kon\u010dno uvideli, da Jezus ni umrl, ampak \u017eivi.<\/p>","protected":false},"featured_media":14033,"template":"","meta":{"_acf_changed":false,"footnotes":""},"product_cat":[710,709,141,310],"product_tag":[1059,1009],"class_list":{"0":"post-14030","1":"product","2":"type-product","3":"status-publish","4":"has-post-thumbnail","6":"zbirke-mladinska-knjiznica","7":"authors-stanka-devjak","8":"publisher-salve-d-o-o-ljubljana","9":"product_cat-novo","10":"product_cat-posebna-ponudba","11":"product_cat-knjige","12":"product_cat-otroske","13":"product_tag-otroska-literatura","14":"product_tag-slikanica","16":"first","17":"instock","18":"shipping-taxable","19":"purchasable","20":"product-type-simple"},"acf":[],"yoast_head":"<!-- This site is optimized with the Yoast SEO plugin v23.8 - https:\/\/yoast.com\/wordpress\/plugins\/seo\/ -->\n<title>PETROV PETELIN\u010cEK - Salve<\/title>\n<meta name=\"robots\" content=\"index, follow, max-snippet:-1, max-image-preview:large, max-video-preview:-1\" \/>\n<link rel=\"canonical\" href=\"https:\/\/www.salve.si\/en\/trgovina\/knjige\/otroske\/petrov-petelincek\/\" \/>\n<meta property=\"og:locale\" content=\"en_US\" \/>\n<meta property=\"og:type\" content=\"article\" \/>\n<meta property=\"og:title\" content=\"PETROV PETELIN\u010cEK - Salve\" \/>\n<meta property=\"og:description\" content=\"Bogato ilustrirana pripoved o Jezusovem trpljenju, smrti in vstajenju skozi o\u010di Petrovega petelin\u010dka. Njegova radovednost ga vodi po poti, ki jo je prehodil Jezus. S svojim kikirikanjem opozarja apostole in \u017eene, da so kon\u010dno uvideli, da Jezus ni umrl, ampak \u017eivi.\" \/>\n<meta property=\"og:url\" content=\"https:\/\/www.salve.si\/en\/trgovina\/knjige\/otroske\/petrov-petelincek\/\" \/>\n<meta property=\"og:site_name\" content=\"Salve\" \/>\n<meta property=\"article:publisher\" content=\"https:\/\/www.facebook.com\/salve.si\" \/>\n<meta property=\"article:modified_time\" content=\"2025-12-31T23:00:08+00:00\" \/>\n<meta property=\"og:image\" content=\"https:\/\/www.salve.si\/wp-content\/uploads\/2021\/02\/Petrov_petelincek_naslovnica.jpg\" \/>\n\t<meta property=\"og:image:width\" content=\"1575\" \/>\n\t<meta property=\"og:image:height\" content=\"1061\" \/>\n\t<meta property=\"og:image:type\" content=\"image\/jpeg\" \/>\n<meta name=\"twitter:card\" content=\"summary_large_image\" \/>\n<meta name=\"twitter:label1\" content=\"Est. reading time\" \/>\n\t<meta name=\"twitter:data1\" content=\"1 minute\" \/>\n<script type=\"application\/ld+json\" class=\"yoast-schema-graph\">{\"@context\":\"https:\/\/schema.org\",\"@graph\":[{\"@type\":\"WebPage\",\"@id\":\"https:\/\/www.salve.si\/trgovina\/knjige\/otroske\/petrov-petelincek\/\",\"url\":\"https:\/\/www.salve.si\/trgovina\/knjige\/otroske\/petrov-petelincek\/\",\"name\":\"PETROV PETELIN\u010cEK - Salve\",\"isPartOf\":{\"@id\":\"https:\/\/www.salve.si\/#website\"},\"primaryImageOfPage\":{\"@id\":\"https:\/\/www.salve.si\/trgovina\/knjige\/otroske\/petrov-petelincek\/#primaryimage\"},\"image\":{\"@id\":\"https:\/\/www.salve.si\/trgovina\/knjige\/otroske\/petrov-petelincek\/#primaryimage\"},\"thumbnailUrl\":\"https:\/\/www.salve.si\/wp-content\/uploads\/2021\/02\/Petrov_petelincek_naslovnica.jpg\",\"datePublished\":\"2021-02-10T12:46:52+00:00\",\"dateModified\":\"2025-12-31T23:00:08+00:00\",\"breadcrumb\":{\"@id\":\"https:\/\/www.salve.si\/trgovina\/knjige\/otroske\/petrov-petelincek\/#breadcrumb\"},\"inLanguage\":\"en-US\",\"potentialAction\":[{\"@type\":\"ReadAction\",\"target\":[\"https:\/\/www.salve.si\/trgovina\/knjige\/otroske\/petrov-petelincek\/\"]}]},{\"@type\":\"ImageObject\",\"inLanguage\":\"en-US\",\"@id\":\"https:\/\/www.salve.si\/trgovina\/knjige\/otroske\/petrov-petelincek\/#primaryimage\",\"url\":\"https:\/\/www.salve.si\/wp-content\/uploads\/2021\/02\/Petrov_petelincek_naslovnica.jpg\",\"contentUrl\":\"https:\/\/www.salve.si\/wp-content\/uploads\/2021\/02\/Petrov_petelincek_naslovnica.jpg\",\"width\":1575,\"height\":1061},{\"@type\":\"BreadcrumbList\",\"@id\":\"https:\/\/www.salve.si\/trgovina\/knjige\/otroske\/petrov-petelincek\/#breadcrumb\",\"itemListElement\":[{\"@type\":\"ListItem\",\"position\":1,\"name\":\"Home\",\"item\":\"https:\/\/www.salve.si\/\"},{\"@type\":\"ListItem\",\"position\":2,\"name\":\"Trgovina\",\"item\":\"https:\/\/www.salve.si\/trgovina\/\"},{\"@type\":\"ListItem\",\"position\":3,\"name\":\"PETROV PETELIN\u010cEK\"}]},{\"@type\":\"WebSite\",\"@id\":\"https:\/\/www.salve.si\/#website\",\"url\":\"https:\/\/www.salve.si\/\",\"name\":\"Salve\",\"description\":\"Salezijanska zalo\u017eba\",\"publisher\":{\"@id\":\"https:\/\/www.salve.si\/#organization\"},\"potentialAction\":[{\"@type\":\"SearchAction\",\"target\":{\"@type\":\"EntryPoint\",\"urlTemplate\":\"https:\/\/www.salve.si\/?s={search_term_string}\"},\"query-input\":{\"@type\":\"PropertyValueSpecification\",\"valueRequired\":true,\"valueName\":\"search_term_string\"}}],\"inLanguage\":\"en-US\"},{\"@type\":\"Organization\",\"@id\":\"https:\/\/www.salve.si\/#organization\",\"name\":\"Salve d.o.o.\",\"url\":\"https:\/\/www.salve.si\/\",\"logo\":{\"@type\":\"ImageObject\",\"inLanguage\":\"en-US\",\"@id\":\"https:\/\/www.salve.si\/#\/schema\/logo\/image\/\",\"url\":\"https:\/\/www.salve.si\/wp-content\/uploads\/2021\/01\/Salve_logo_modri_nov_web.png\",\"contentUrl\":\"https:\/\/www.salve.si\/wp-content\/uploads\/2021\/01\/Salve_logo_modri_nov_web.png\",\"width\":279,\"height\":90,\"caption\":\"Salve d.o.o.\"},\"image\":{\"@id\":\"https:\/\/www.salve.si\/#\/schema\/logo\/image\/\"},\"sameAs\":[\"https:\/\/www.facebook.com\/salve.si\",\"https:\/\/www.instagram.com\/zalozbasalve\/\",\"https:\/\/www.linkedin.com\/company\/zalozba-salve\/\"]}]}<\/script>\n<!-- \/ Yoast SEO plugin. -->","yoast_head_json":{"title":"PETROV PETELIN\u010cEK - Salve","robots":{"index":"index","follow":"follow","max-snippet":"max-snippet:-1","max-image-preview":"max-image-preview:large","max-video-preview":"max-video-preview:-1"},"canonical":"https:\/\/www.salve.si\/en\/trgovina\/knjige\/otroske\/petrov-petelincek\/","og_locale":"en_US","og_type":"article","og_title":"PETROV PETELIN\u010cEK - Salve","og_description":"Bogato ilustrirana pripoved o Jezusovem trpljenju, smrti in vstajenju skozi o\u010di Petrovega petelin\u010dka. Njegova radovednost ga vodi po poti, ki jo je prehodil Jezus. S svojim kikirikanjem opozarja apostole in \u017eene, da so kon\u010dno uvideli, da Jezus ni umrl, ampak \u017eivi.","og_url":"https:\/\/www.salve.si\/en\/trgovina\/knjige\/otroske\/petrov-petelincek\/","og_site_name":"Salve","article_publisher":"https:\/\/www.facebook.com\/salve.si","article_modified_time":"2025-12-31T23:00:08+00:00","og_image":[{"width":1575,"height":1061,"url":"https:\/\/www.salve.si\/wp-content\/uploads\/2021\/02\/Petrov_petelincek_naslovnica.jpg","type":"image\/jpeg"}],"twitter_card":"summary_large_image","twitter_misc":{"Est. reading time":"1 minute"},"schema":{"@context":"https:\/\/schema.org","@graph":[{"@type":"WebPage","@id":"https:\/\/www.salve.si\/trgovina\/knjige\/otroske\/petrov-petelincek\/","url":"https:\/\/www.salve.si\/trgovina\/knjige\/otroske\/petrov-petelincek\/","name":"PETROV PETELIN\u010cEK - Salve","isPartOf":{"@id":"https:\/\/www.salve.si\/#website"},"primaryImageOfPage":{"@id":"https:\/\/www.salve.si\/trgovina\/knjige\/otroske\/petrov-petelincek\/#primaryimage"},"image":{"@id":"https:\/\/www.salve.si\/trgovina\/knjige\/otroske\/petrov-petelincek\/#primaryimage"},"thumbnailUrl":"https:\/\/www.salve.si\/wp-content\/uploads\/2021\/02\/Petrov_petelincek_naslovnica.jpg","datePublished":"2021-02-10T12:46:52+00:00","dateModified":"2025-12-31T23:00:08+00:00","breadcrumb":{"@id":"https:\/\/www.salve.si\/trgovina\/knjige\/otroske\/petrov-petelincek\/#breadcrumb"},"inLanguage":"en-US","potentialAction":[{"@type":"ReadAction","target":["https:\/\/www.salve.si\/trgovina\/knjige\/otroske\/petrov-petelincek\/"]}]},{"@type":"ImageObject","inLanguage":"en-US","@id":"https:\/\/www.salve.si\/trgovina\/knjige\/otroske\/petrov-petelincek\/#primaryimage","url":"https:\/\/www.salve.si\/wp-content\/uploads\/2021\/02\/Petrov_petelincek_naslovnica.jpg","contentUrl":"https:\/\/www.salve.si\/wp-content\/uploads\/2021\/02\/Petrov_petelincek_naslovnica.jpg","width":1575,"height":1061},{"@type":"BreadcrumbList","@id":"https:\/\/www.salve.si\/trgovina\/knjige\/otroske\/petrov-petelincek\/#breadcrumb","itemListElement":[{"@type":"ListItem","position":1,"name":"Home","item":"https:\/\/www.salve.si\/"},{"@type":"ListItem","position":2,"name":"Trgovina","item":"https:\/\/www.salve.si\/trgovina\/"},{"@type":"ListItem","position":3,"name":"PETROV PETELIN\u010cEK"}]},{"@type":"WebSite","@id":"https:\/\/www.salve.si\/#website","url":"https:\/\/www.salve.si\/","name":"Salve","description":"Salezijanska zalo\u017eba","publisher":{"@id":"https:\/\/www.salve.si\/#organization"},"potentialAction":[{"@type":"SearchAction","target":{"@type":"EntryPoint","urlTemplate":"https:\/\/www.salve.si\/?s={search_term_string}"},"query-input":{"@type":"PropertyValueSpecification","valueRequired":true,"valueName":"search_term_string"}}],"inLanguage":"en-US"},{"@type":"Organization","@id":"https:\/\/www.salve.si\/#organization","name":"Salve d.o.o.","url":"https:\/\/www.salve.si\/","logo":{"@type":"ImageObject","inLanguage":"en-US","@id":"https:\/\/www.salve.si\/#\/schema\/logo\/image\/","url":"https:\/\/www.salve.si\/wp-content\/uploads\/2021\/01\/Salve_logo_modri_nov_web.png","contentUrl":"https:\/\/www.salve.si\/wp-content\/uploads\/2021\/01\/Salve_logo_modri_nov_web.png","width":279,"height":90,"caption":"Salve d.o.o."},"image":{"@id":"https:\/\/www.salve.si\/#\/schema\/logo\/image\/"},"sameAs":["https:\/\/www.facebook.com\/salve.si","https:\/\/www.instagram.com\/zalozbasalve\/","https:\/\/www.linkedin.com\/company\/zalozba-salve\/"]}]}},"_links":{"self":[{"href":"https:\/\/www.salve.si\/en\/wp-json\/wp\/v2\/product\/14030","targetHints":{"allow":["GET"]}}],"collection":[{"href":"https:\/\/www.salve.si\/en\/wp-json\/wp\/v2\/product"}],"about":[{"href":"https:\/\/www.salve.si\/en\/wp-json\/wp\/v2\/types\/product"}],"version-history":[{"count":6,"href":"https:\/\/www.salve.si\/en\/wp-json\/wp\/v2\/product\/14030\/revisions"}],"predecessor-version":[{"id":16409,"href":"https:\/\/www.salve.si\/en\/wp-json\/wp\/v2\/product\/14030\/revisions\/16409"}],"wp:featuredmedia":[{"embeddable":true,"href":"https:\/\/www.salve.si\/en\/wp-json\/wp\/v2\/media\/14033"}],"wp:attachment":[{"href":"https:\/\/www.salve.si\/en\/wp-json\/wp\/v2\/media?parent=14030"}],"wp:term":[{"taxonomy":"product_cat","embeddable":true,"href":"https:\/\/www.salve.si\/en\/wp-json\/wp\/v2\/product_cat?post=14030"},{"taxonomy":"product_tag","embeddable":true,"href":"https:\/\/www.salve.si\/en\/wp-json\/wp\/v2\/product_tag?post=14030"}],"curies":[{"name":"wp","href":"https:\/\/api.w.org\/{rel}","templated":true}]}}