{"id":12830,"date":"2020-11-21T10:05:39","date_gmt":"2020-11-21T09:05:39","guid":{"rendered":"https:\/\/www.salve.si\/?post_type=product&#038;p=12830"},"modified":"2020-12-07T05:36:48","modified_gmt":"2020-12-07T04:36:48","slug":"ne-bojte-se","status":"publish","type":"product","link":"https:\/\/www.salve.si\/en\/trgovina\/knjige\/ne-bojte-se\/","title":{"rendered":"Ne bojte se!"},"content":{"rendered":"<p>Kako pomemben stavek! \u0160e kako aktualen za \u010das, ko se vsi soo\u010damo z zunanjimi vplivi, v katere smo postavljeni in jim pogosto dovolimo, da vplivajo tudi na na\u0161 notranji svet. Ali pa tudi ne &#8230;<\/p>\n<p>Bog nas res tako mo\u010dno ljubi, da nam daje vse, kar ima On \u2013 torej imamo zares vse \u2013 brezpogojno ljubezen, obljubo ve\u010dnega Kraljestva, vso podporo in mo\u017enosti, \u0161e ve\u010d, kot si upamo misliti. In v tem ni prostora za strah. Res ne! To je tudi sporo\u010dilo bo\u017ei\u010da. Bog se je dal u\u010dlove\u010diti v majhnega dojen\u010dka, le kdo ga ne bi sprejel?<\/p>\n<p>Vsako leto isto \u2026 a druga\u010dno. Ve\u010dina nas pozna vse tiste svetopisemske vrstice o spo\u010detju Device Marije, rojstva Jezusa Odre\u0161enika &#8230; Pa vseeno vsako leto dobijo druga\u010den zven. Ker smo mi vsako leto druga\u010dni. Letos imamo krasno prilo\u017enost, da se dru\u017eino in to kar doma, spravimo odpret Sveto pismo ob bo\u017ei\u010dni devetdnevnici, ki jo je v pri\u010devanjskem stilu napisala mama \u0161tirih otrok Tadeja Roblek.<\/p>\n<p><strong>Ugodnost, ki jo ne gre zamuditi<\/strong>: Ob nakupu knji\u017eice v spletni trgovini, vam na va\u0161 elektronski naslov po\u0161ljemo pred za\u010detkom devetdnevnice ilustracije iz knji\u017eice &#8220;Ne bojte se!&#8221;, ki so zaradi svoje narave nekaj posebnega: <strong>(glej zavihek predogled)<\/strong><\/p>\n<p><strong>So \u010drno-bele in na obrazih ni izrazov. Otroci si jih bodo narisali sami.<\/strong><\/p>\n<p>&nbsp;<\/p>\n<p><span class=\"slv-content-keywords\"> Tadeja Roblek Novo Posebna ponudba Knjige bo\u017ei\u010dna devetdnevnica Bo\u017ei\u010dna devetdnevnica 2020 PAUL SATHISH SDB <\/span><\/p>","protected":false},"excerpt":{"rendered":"<p>Bo\u017ei\u010dna devetdnevnica 2020<\/p>\n<p>&nbsp;<\/p>","protected":false},"featured_media":12831,"template":"","meta":{"_acf_changed":false,"footnotes":""},"product_cat":[710,709,141],"product_tag":[1033],"class_list":{"0":"post-12830","1":"product","2":"type-product","3":"status-publish","4":"has-post-thumbnail","6":"authors-tadeja-roblek","7":"publisher-salve-d-o-o-ljubljana","8":"product_cat-novo","9":"product_cat-posebna-ponudba","10":"product_cat-knjige","11":"product_tag-bozicna-devetdnevnica","13":"first","14":"instock","15":"shipping-taxable","16":"purchasable","17":"product-type-simple"},"acf":[],"yoast_head":"<!-- This site is optimized with the Yoast SEO plugin v23.8 - https:\/\/yoast.com\/wordpress\/plugins\/seo\/ -->\n<title>Ne bojte se! - Salve<\/title>\n<meta name=\"robots\" content=\"index, follow, max-snippet:-1, max-image-preview:large, max-video-preview:-1\" \/>\n<link rel=\"canonical\" href=\"https:\/\/www.salve.si\/en\/trgovina\/knjige\/ne-bojte-se\/\" \/>\n<meta property=\"og:locale\" content=\"en_US\" \/>\n<meta property=\"og:type\" content=\"article\" \/>\n<meta property=\"og:title\" content=\"Ne bojte se! - Salve\" \/>\n<meta property=\"og:description\" content=\"Bo\u017ei\u010dna devetdnevnica 2020  &nbsp;\" \/>\n<meta property=\"og:url\" content=\"https:\/\/www.salve.si\/en\/trgovina\/knjige\/ne-bojte-se\/\" \/>\n<meta property=\"og:site_name\" content=\"Salve\" \/>\n<meta property=\"article:publisher\" content=\"https:\/\/www.facebook.com\/salve.si\" \/>\n<meta property=\"article:modified_time\" content=\"2020-12-07T04:36:48+00:00\" \/>\n<meta property=\"og:image\" content=\"https:\/\/www.salve.si\/wp-content\/uploads\/2020\/11\/Ne-_bojte_se_Bozicna_devetdnevnica2020_NASLOVNICA.jpg\" \/>\n\t<meta property=\"og:image:width\" content=\"944\" \/>\n\t<meta property=\"og:image:height\" content=\"1536\" \/>\n\t<meta property=\"og:image:type\" content=\"image\/jpeg\" \/>\n<meta name=\"twitter:card\" content=\"summary_large_image\" \/>\n<meta name=\"twitter:label1\" content=\"Est. reading time\" \/>\n\t<meta name=\"twitter:data1\" content=\"1 minute\" \/>\n<script type=\"application\/ld+json\" class=\"yoast-schema-graph\">{\"@context\":\"https:\/\/schema.org\",\"@graph\":[{\"@type\":\"WebPage\",\"@id\":\"https:\/\/www.salve.si\/trgovina\/knjige\/ne-bojte-se\/\",\"url\":\"https:\/\/www.salve.si\/trgovina\/knjige\/ne-bojte-se\/\",\"name\":\"Ne bojte se! - Salve\",\"isPartOf\":{\"@id\":\"https:\/\/www.salve.si\/#website\"},\"primaryImageOfPage\":{\"@id\":\"https:\/\/www.salve.si\/trgovina\/knjige\/ne-bojte-se\/#primaryimage\"},\"image\":{\"@id\":\"https:\/\/www.salve.si\/trgovina\/knjige\/ne-bojte-se\/#primaryimage\"},\"thumbnailUrl\":\"https:\/\/www.salve.si\/wp-content\/uploads\/2020\/11\/Ne-_bojte_se_Bozicna_devetdnevnica2020_NASLOVNICA.jpg\",\"datePublished\":\"2020-11-21T09:05:39+00:00\",\"dateModified\":\"2020-12-07T04:36:48+00:00\",\"breadcrumb\":{\"@id\":\"https:\/\/www.salve.si\/trgovina\/knjige\/ne-bojte-se\/#breadcrumb\"},\"inLanguage\":\"en-US\",\"potentialAction\":[{\"@type\":\"ReadAction\",\"target\":[\"https:\/\/www.salve.si\/trgovina\/knjige\/ne-bojte-se\/\"]}]},{\"@type\":\"ImageObject\",\"inLanguage\":\"en-US\",\"@id\":\"https:\/\/www.salve.si\/trgovina\/knjige\/ne-bojte-se\/#primaryimage\",\"url\":\"https:\/\/www.salve.si\/wp-content\/uploads\/2020\/11\/Ne-_bojte_se_Bozicna_devetdnevnica2020_NASLOVNICA.jpg\",\"contentUrl\":\"https:\/\/www.salve.si\/wp-content\/uploads\/2020\/11\/Ne-_bojte_se_Bozicna_devetdnevnica2020_NASLOVNICA.jpg\",\"width\":944,\"height\":1536},{\"@type\":\"BreadcrumbList\",\"@id\":\"https:\/\/www.salve.si\/trgovina\/knjige\/ne-bojte-se\/#breadcrumb\",\"itemListElement\":[{\"@type\":\"ListItem\",\"position\":1,\"name\":\"Home\",\"item\":\"https:\/\/www.salve.si\/\"},{\"@type\":\"ListItem\",\"position\":2,\"name\":\"Trgovina\",\"item\":\"https:\/\/www.salve.si\/trgovina\/\"},{\"@type\":\"ListItem\",\"position\":3,\"name\":\"Ne bojte se!\"}]},{\"@type\":\"WebSite\",\"@id\":\"https:\/\/www.salve.si\/#website\",\"url\":\"https:\/\/www.salve.si\/\",\"name\":\"Salve\",\"description\":\"Salezijanska zalo\u017eba\",\"publisher\":{\"@id\":\"https:\/\/www.salve.si\/#organization\"},\"potentialAction\":[{\"@type\":\"SearchAction\",\"target\":{\"@type\":\"EntryPoint\",\"urlTemplate\":\"https:\/\/www.salve.si\/?s={search_term_string}\"},\"query-input\":{\"@type\":\"PropertyValueSpecification\",\"valueRequired\":true,\"valueName\":\"search_term_string\"}}],\"inLanguage\":\"en-US\"},{\"@type\":\"Organization\",\"@id\":\"https:\/\/www.salve.si\/#organization\",\"name\":\"Salve d.o.o.\",\"url\":\"https:\/\/www.salve.si\/\",\"logo\":{\"@type\":\"ImageObject\",\"inLanguage\":\"en-US\",\"@id\":\"https:\/\/www.salve.si\/#\/schema\/logo\/image\/\",\"url\":\"https:\/\/www.salve.si\/wp-content\/uploads\/2021\/01\/Salve_logo_modri_nov_web.png\",\"contentUrl\":\"https:\/\/www.salve.si\/wp-content\/uploads\/2021\/01\/Salve_logo_modri_nov_web.png\",\"width\":279,\"height\":90,\"caption\":\"Salve d.o.o.\"},\"image\":{\"@id\":\"https:\/\/www.salve.si\/#\/schema\/logo\/image\/\"},\"sameAs\":[\"https:\/\/www.facebook.com\/salve.si\",\"https:\/\/www.instagram.com\/zalozbasalve\/\",\"https:\/\/www.linkedin.com\/company\/zalozba-salve\/\"]}]}<\/script>\n<!-- \/ Yoast SEO plugin. -->","yoast_head_json":{"title":"Ne bojte se! - Salve","robots":{"index":"index","follow":"follow","max-snippet":"max-snippet:-1","max-image-preview":"max-image-preview:large","max-video-preview":"max-video-preview:-1"},"canonical":"https:\/\/www.salve.si\/en\/trgovina\/knjige\/ne-bojte-se\/","og_locale":"en_US","og_type":"article","og_title":"Ne bojte se! - Salve","og_description":"Bo\u017ei\u010dna devetdnevnica 2020  &nbsp;","og_url":"https:\/\/www.salve.si\/en\/trgovina\/knjige\/ne-bojte-se\/","og_site_name":"Salve","article_publisher":"https:\/\/www.facebook.com\/salve.si","article_modified_time":"2020-12-07T04:36:48+00:00","og_image":[{"width":944,"height":1536,"url":"https:\/\/www.salve.si\/wp-content\/uploads\/2020\/11\/Ne-_bojte_se_Bozicna_devetdnevnica2020_NASLOVNICA.jpg","type":"image\/jpeg"}],"twitter_card":"summary_large_image","twitter_misc":{"Est. reading time":"1 minute"},"schema":{"@context":"https:\/\/schema.org","@graph":[{"@type":"WebPage","@id":"https:\/\/www.salve.si\/trgovina\/knjige\/ne-bojte-se\/","url":"https:\/\/www.salve.si\/trgovina\/knjige\/ne-bojte-se\/","name":"Ne bojte se! - Salve","isPartOf":{"@id":"https:\/\/www.salve.si\/#website"},"primaryImageOfPage":{"@id":"https:\/\/www.salve.si\/trgovina\/knjige\/ne-bojte-se\/#primaryimage"},"image":{"@id":"https:\/\/www.salve.si\/trgovina\/knjige\/ne-bojte-se\/#primaryimage"},"thumbnailUrl":"https:\/\/www.salve.si\/wp-content\/uploads\/2020\/11\/Ne-_bojte_se_Bozicna_devetdnevnica2020_NASLOVNICA.jpg","datePublished":"2020-11-21T09:05:39+00:00","dateModified":"2020-12-07T04:36:48+00:00","breadcrumb":{"@id":"https:\/\/www.salve.si\/trgovina\/knjige\/ne-bojte-se\/#breadcrumb"},"inLanguage":"en-US","potentialAction":[{"@type":"ReadAction","target":["https:\/\/www.salve.si\/trgovina\/knjige\/ne-bojte-se\/"]}]},{"@type":"ImageObject","inLanguage":"en-US","@id":"https:\/\/www.salve.si\/trgovina\/knjige\/ne-bojte-se\/#primaryimage","url":"https:\/\/www.salve.si\/wp-content\/uploads\/2020\/11\/Ne-_bojte_se_Bozicna_devetdnevnica2020_NASLOVNICA.jpg","contentUrl":"https:\/\/www.salve.si\/wp-content\/uploads\/2020\/11\/Ne-_bojte_se_Bozicna_devetdnevnica2020_NASLOVNICA.jpg","width":944,"height":1536},{"@type":"BreadcrumbList","@id":"https:\/\/www.salve.si\/trgovina\/knjige\/ne-bojte-se\/#breadcrumb","itemListElement":[{"@type":"ListItem","position":1,"name":"Home","item":"https:\/\/www.salve.si\/"},{"@type":"ListItem","position":2,"name":"Trgovina","item":"https:\/\/www.salve.si\/trgovina\/"},{"@type":"ListItem","position":3,"name":"Ne bojte se!"}]},{"@type":"WebSite","@id":"https:\/\/www.salve.si\/#website","url":"https:\/\/www.salve.si\/","name":"Salve","description":"Salezijanska zalo\u017eba","publisher":{"@id":"https:\/\/www.salve.si\/#organization"},"potentialAction":[{"@type":"SearchAction","target":{"@type":"EntryPoint","urlTemplate":"https:\/\/www.salve.si\/?s={search_term_string}"},"query-input":{"@type":"PropertyValueSpecification","valueRequired":true,"valueName":"search_term_string"}}],"inLanguage":"en-US"},{"@type":"Organization","@id":"https:\/\/www.salve.si\/#organization","name":"Salve d.o.o.","url":"https:\/\/www.salve.si\/","logo":{"@type":"ImageObject","inLanguage":"en-US","@id":"https:\/\/www.salve.si\/#\/schema\/logo\/image\/","url":"https:\/\/www.salve.si\/wp-content\/uploads\/2021\/01\/Salve_logo_modri_nov_web.png","contentUrl":"https:\/\/www.salve.si\/wp-content\/uploads\/2021\/01\/Salve_logo_modri_nov_web.png","width":279,"height":90,"caption":"Salve d.o.o."},"image":{"@id":"https:\/\/www.salve.si\/#\/schema\/logo\/image\/"},"sameAs":["https:\/\/www.facebook.com\/salve.si","https:\/\/www.instagram.com\/zalozbasalve\/","https:\/\/www.linkedin.com\/company\/zalozba-salve\/"]}]}},"_links":{"self":[{"href":"https:\/\/www.salve.si\/en\/wp-json\/wp\/v2\/product\/12830","targetHints":{"allow":["GET"]}}],"collection":[{"href":"https:\/\/www.salve.si\/en\/wp-json\/wp\/v2\/product"}],"about":[{"href":"https:\/\/www.salve.si\/en\/wp-json\/wp\/v2\/types\/product"}],"version-history":[{"count":8,"href":"https:\/\/www.salve.si\/en\/wp-json\/wp\/v2\/product\/12830\/revisions"}],"predecessor-version":[{"id":13129,"href":"https:\/\/www.salve.si\/en\/wp-json\/wp\/v2\/product\/12830\/revisions\/13129"}],"wp:featuredmedia":[{"embeddable":true,"href":"https:\/\/www.salve.si\/en\/wp-json\/wp\/v2\/media\/12831"}],"wp:attachment":[{"href":"https:\/\/www.salve.si\/en\/wp-json\/wp\/v2\/media?parent=12830"}],"wp:term":[{"taxonomy":"product_cat","embeddable":true,"href":"https:\/\/www.salve.si\/en\/wp-json\/wp\/v2\/product_cat?post=12830"},{"taxonomy":"product_tag","embeddable":true,"href":"https:\/\/www.salve.si\/en\/wp-json\/wp\/v2\/product_tag?post=12830"}],"curies":[{"name":"wp","href":"https:\/\/api.w.org\/{rel}","templated":true}]}}