{"id":12448,"date":"2020-11-03T15:35:06","date_gmt":"2020-11-03T14:35:06","guid":{"rendered":"https:\/\/www.salve.si\/?post_type=product&#038;p=12448"},"modified":"2023-05-01T01:01:04","modified_gmt":"2023-04-30T23:01:04","slug":"130-tvitov-svetega-duha","status":"publish","type":"product","link":"https:\/\/www.salve.si\/en\/trgovina\/knjige\/130-tvitov-svetega-duha\/","title":{"rendered":"130 TVITOV SVETEGA DUHA"},"content":{"rendered":"<p align=\"left\"><span style=\"font-size: 9.5pt;\">Avtor Leon Marc je v uvodniku zapisal: \u00bbNastanek te knjige je spodbudila h\u010derkina priprava na birmo. Ugotovil sem namre\u010d, da so vpra\u0161anja (in odgovori), ki se jih je morala pred birmo nau\u010diti (ali pa bi se jih vsaj morala nau\u010diti), popolnoma enaka tistim, ki sem se jih pred desetletji u\u010dil sam. \u017de res, da so teolo\u0161ko neopore\u010dna, a so otrokom najverjetneje tudi te\u017eko razumljiva. Ko sva se torej odgovore s h\u010derko u\u010dila na pamet, se &#8211; na njeno veliko \u017ealost &#8211; nisem mogel izogniti &#8216;predavanjem&#8217;, to je bolj ali manj dolgim razlagam te\u017eko razumljivih vpra\u0161anj in celo enako nelahkih odgovorov. In nisem si mogel kaj, da ne bi teh svojih &#8216;predavanj&#8217; zapisal: iz \u017eelje, da bi h\u010derki zapustil moje razlage tudi na papirju, malce pa tudi iz prepri\u010danja, da mora uvajanje v zrelo vero slediti \u010dasu (ne pa vedno tudi njegovemu duhu!).\u00ab<\/span><\/p>\n<p><span class=\"slv-content-keywords\"> Leon Marc v sodelovanju s p. Primo\u017eem Jakopom Knjige Kako sem h\u010derki razlo\u017eil vpra\u0161anja in odgovore za birmo <\/span><\/p>","protected":false},"excerpt":{"rendered":"<p class=\"BESEDILO\" style=\"text-align: left;\" align=\"left\"><span style=\"font-size: 9.5pt;\">Knji\u017eica je namenjena v prvi vrsti mladim, ki se pripravljajo na birmo, pa tudi njihovim star\u0161em, botrom in \u017eupnikom, da bodo la\u017ee pomagali mladim v spoznavanju in usvajanju resnic kr\u0161\u010danske vere na sodoben na\u010din.<\/span><\/p>","protected":false},"featured_media":12449,"template":"","meta":{"_acf_changed":false,"footnotes":""},"product_cat":[141],"product_tag":[],"class_list":{"0":"post-12448","1":"product","2":"type-product","3":"status-publish","4":"has-post-thumbnail","6":"authors-leon-marc-v-sodelovanju-s-p-primozem-jakopom","7":"publisher-salve-d-o-o-ljubljana","8":"product_cat-knjige","10":"first","11":"instock","12":"shipping-taxable","13":"purchasable","14":"product-type-simple"},"acf":[],"yoast_head":"<!-- This site is optimized with the Yoast SEO plugin v23.8 - https:\/\/yoast.com\/wordpress\/plugins\/seo\/ -->\n<title>130 TVITOV SVETEGA DUHA - Salve<\/title>\n<meta name=\"robots\" content=\"index, follow, max-snippet:-1, max-image-preview:large, max-video-preview:-1\" \/>\n<link rel=\"canonical\" href=\"https:\/\/www.salve.si\/en\/trgovina\/knjige\/130-tvitov-svetega-duha\/\" \/>\n<meta property=\"og:locale\" content=\"en_US\" \/>\n<meta property=\"og:type\" content=\"article\" \/>\n<meta property=\"og:title\" content=\"130 TVITOV SVETEGA DUHA - Salve\" \/>\n<meta property=\"og:description\" content=\"Knji\u017eica je namenjena v prvi vrsti mladim, ki se pripravljajo na birmo, pa tudi njihovim star\u0161em, botrom in \u017eupnikom, da bodo la\u017ee pomagali mladim v spoznavanju in usvajanju resnic kr\u0161\u010danske vere na sodoben na\u010din.\" \/>\n<meta property=\"og:url\" content=\"https:\/\/www.salve.si\/en\/trgovina\/knjige\/130-tvitov-svetega-duha\/\" \/>\n<meta property=\"og:site_name\" content=\"Salve\" \/>\n<meta property=\"article:publisher\" content=\"https:\/\/www.facebook.com\/salve.si\" \/>\n<meta property=\"article:modified_time\" content=\"2023-04-30T23:01:04+00:00\" \/>\n<meta property=\"og:image\" content=\"https:\/\/www.salve.si\/wp-content\/uploads\/2020\/11\/130-tvitov-Svetega-Duha_NASLOVNICA.jpg\" \/>\n\t<meta property=\"og:image:width\" content=\"980\" \/>\n\t<meta property=\"og:image:height\" content=\"1615\" \/>\n\t<meta property=\"og:image:type\" content=\"image\/jpeg\" \/>\n<meta name=\"twitter:card\" content=\"summary_large_image\" \/>\n<meta name=\"twitter:label1\" content=\"Est. reading time\" \/>\n\t<meta name=\"twitter:data1\" content=\"1 minute\" \/>\n<script type=\"application\/ld+json\" class=\"yoast-schema-graph\">{\"@context\":\"https:\/\/schema.org\",\"@graph\":[{\"@type\":\"WebPage\",\"@id\":\"https:\/\/www.salve.si\/trgovina\/knjige\/130-tvitov-svetega-duha\/\",\"url\":\"https:\/\/www.salve.si\/trgovina\/knjige\/130-tvitov-svetega-duha\/\",\"name\":\"130 TVITOV SVETEGA DUHA - Salve\",\"isPartOf\":{\"@id\":\"https:\/\/www.salve.si\/#website\"},\"primaryImageOfPage\":{\"@id\":\"https:\/\/www.salve.si\/trgovina\/knjige\/130-tvitov-svetega-duha\/#primaryimage\"},\"image\":{\"@id\":\"https:\/\/www.salve.si\/trgovina\/knjige\/130-tvitov-svetega-duha\/#primaryimage\"},\"thumbnailUrl\":\"https:\/\/www.salve.si\/wp-content\/uploads\/2020\/11\/130-tvitov-Svetega-Duha_NASLOVNICA.jpg\",\"datePublished\":\"2020-11-03T14:35:06+00:00\",\"dateModified\":\"2023-04-30T23:01:04+00:00\",\"breadcrumb\":{\"@id\":\"https:\/\/www.salve.si\/trgovina\/knjige\/130-tvitov-svetega-duha\/#breadcrumb\"},\"inLanguage\":\"en-US\",\"potentialAction\":[{\"@type\":\"ReadAction\",\"target\":[\"https:\/\/www.salve.si\/trgovina\/knjige\/130-tvitov-svetega-duha\/\"]}]},{\"@type\":\"ImageObject\",\"inLanguage\":\"en-US\",\"@id\":\"https:\/\/www.salve.si\/trgovina\/knjige\/130-tvitov-svetega-duha\/#primaryimage\",\"url\":\"https:\/\/www.salve.si\/wp-content\/uploads\/2020\/11\/130-tvitov-Svetega-Duha_NASLOVNICA.jpg\",\"contentUrl\":\"https:\/\/www.salve.si\/wp-content\/uploads\/2020\/11\/130-tvitov-Svetega-Duha_NASLOVNICA.jpg\",\"width\":980,\"height\":1615},{\"@type\":\"BreadcrumbList\",\"@id\":\"https:\/\/www.salve.si\/trgovina\/knjige\/130-tvitov-svetega-duha\/#breadcrumb\",\"itemListElement\":[{\"@type\":\"ListItem\",\"position\":1,\"name\":\"Home\",\"item\":\"https:\/\/www.salve.si\/\"},{\"@type\":\"ListItem\",\"position\":2,\"name\":\"Trgovina\",\"item\":\"https:\/\/www.salve.si\/trgovina\/\"},{\"@type\":\"ListItem\",\"position\":3,\"name\":\"130 TVITOV SVETEGA DUHA\"}]},{\"@type\":\"WebSite\",\"@id\":\"https:\/\/www.salve.si\/#website\",\"url\":\"https:\/\/www.salve.si\/\",\"name\":\"Salve\",\"description\":\"Salezijanska zalo\u017eba\",\"publisher\":{\"@id\":\"https:\/\/www.salve.si\/#organization\"},\"potentialAction\":[{\"@type\":\"SearchAction\",\"target\":{\"@type\":\"EntryPoint\",\"urlTemplate\":\"https:\/\/www.salve.si\/?s={search_term_string}\"},\"query-input\":{\"@type\":\"PropertyValueSpecification\",\"valueRequired\":true,\"valueName\":\"search_term_string\"}}],\"inLanguage\":\"en-US\"},{\"@type\":\"Organization\",\"@id\":\"https:\/\/www.salve.si\/#organization\",\"name\":\"Salve d.o.o.\",\"url\":\"https:\/\/www.salve.si\/\",\"logo\":{\"@type\":\"ImageObject\",\"inLanguage\":\"en-US\",\"@id\":\"https:\/\/www.salve.si\/#\/schema\/logo\/image\/\",\"url\":\"https:\/\/www.salve.si\/wp-content\/uploads\/2021\/01\/Salve_logo_modri_nov_web.png\",\"contentUrl\":\"https:\/\/www.salve.si\/wp-content\/uploads\/2021\/01\/Salve_logo_modri_nov_web.png\",\"width\":279,\"height\":90,\"caption\":\"Salve d.o.o.\"},\"image\":{\"@id\":\"https:\/\/www.salve.si\/#\/schema\/logo\/image\/\"},\"sameAs\":[\"https:\/\/www.facebook.com\/salve.si\",\"https:\/\/www.instagram.com\/zalozbasalve\/\",\"https:\/\/www.linkedin.com\/company\/zalozba-salve\/\"]}]}<\/script>\n<!-- \/ Yoast SEO plugin. -->","yoast_head_json":{"title":"130 TVITOV SVETEGA DUHA - Salve","robots":{"index":"index","follow":"follow","max-snippet":"max-snippet:-1","max-image-preview":"max-image-preview:large","max-video-preview":"max-video-preview:-1"},"canonical":"https:\/\/www.salve.si\/en\/trgovina\/knjige\/130-tvitov-svetega-duha\/","og_locale":"en_US","og_type":"article","og_title":"130 TVITOV SVETEGA DUHA - Salve","og_description":"Knji\u017eica je namenjena v prvi vrsti mladim, ki se pripravljajo na birmo, pa tudi njihovim star\u0161em, botrom in \u017eupnikom, da bodo la\u017ee pomagali mladim v spoznavanju in usvajanju resnic kr\u0161\u010danske vere na sodoben na\u010din.","og_url":"https:\/\/www.salve.si\/en\/trgovina\/knjige\/130-tvitov-svetega-duha\/","og_site_name":"Salve","article_publisher":"https:\/\/www.facebook.com\/salve.si","article_modified_time":"2023-04-30T23:01:04+00:00","og_image":[{"width":980,"height":1615,"url":"https:\/\/www.salve.si\/wp-content\/uploads\/2020\/11\/130-tvitov-Svetega-Duha_NASLOVNICA.jpg","type":"image\/jpeg"}],"twitter_card":"summary_large_image","twitter_misc":{"Est. reading time":"1 minute"},"schema":{"@context":"https:\/\/schema.org","@graph":[{"@type":"WebPage","@id":"https:\/\/www.salve.si\/trgovina\/knjige\/130-tvitov-svetega-duha\/","url":"https:\/\/www.salve.si\/trgovina\/knjige\/130-tvitov-svetega-duha\/","name":"130 TVITOV SVETEGA DUHA - Salve","isPartOf":{"@id":"https:\/\/www.salve.si\/#website"},"primaryImageOfPage":{"@id":"https:\/\/www.salve.si\/trgovina\/knjige\/130-tvitov-svetega-duha\/#primaryimage"},"image":{"@id":"https:\/\/www.salve.si\/trgovina\/knjige\/130-tvitov-svetega-duha\/#primaryimage"},"thumbnailUrl":"https:\/\/www.salve.si\/wp-content\/uploads\/2020\/11\/130-tvitov-Svetega-Duha_NASLOVNICA.jpg","datePublished":"2020-11-03T14:35:06+00:00","dateModified":"2023-04-30T23:01:04+00:00","breadcrumb":{"@id":"https:\/\/www.salve.si\/trgovina\/knjige\/130-tvitov-svetega-duha\/#breadcrumb"},"inLanguage":"en-US","potentialAction":[{"@type":"ReadAction","target":["https:\/\/www.salve.si\/trgovina\/knjige\/130-tvitov-svetega-duha\/"]}]},{"@type":"ImageObject","inLanguage":"en-US","@id":"https:\/\/www.salve.si\/trgovina\/knjige\/130-tvitov-svetega-duha\/#primaryimage","url":"https:\/\/www.salve.si\/wp-content\/uploads\/2020\/11\/130-tvitov-Svetega-Duha_NASLOVNICA.jpg","contentUrl":"https:\/\/www.salve.si\/wp-content\/uploads\/2020\/11\/130-tvitov-Svetega-Duha_NASLOVNICA.jpg","width":980,"height":1615},{"@type":"BreadcrumbList","@id":"https:\/\/www.salve.si\/trgovina\/knjige\/130-tvitov-svetega-duha\/#breadcrumb","itemListElement":[{"@type":"ListItem","position":1,"name":"Home","item":"https:\/\/www.salve.si\/"},{"@type":"ListItem","position":2,"name":"Trgovina","item":"https:\/\/www.salve.si\/trgovina\/"},{"@type":"ListItem","position":3,"name":"130 TVITOV SVETEGA DUHA"}]},{"@type":"WebSite","@id":"https:\/\/www.salve.si\/#website","url":"https:\/\/www.salve.si\/","name":"Salve","description":"Salezijanska zalo\u017eba","publisher":{"@id":"https:\/\/www.salve.si\/#organization"},"potentialAction":[{"@type":"SearchAction","target":{"@type":"EntryPoint","urlTemplate":"https:\/\/www.salve.si\/?s={search_term_string}"},"query-input":{"@type":"PropertyValueSpecification","valueRequired":true,"valueName":"search_term_string"}}],"inLanguage":"en-US"},{"@type":"Organization","@id":"https:\/\/www.salve.si\/#organization","name":"Salve d.o.o.","url":"https:\/\/www.salve.si\/","logo":{"@type":"ImageObject","inLanguage":"en-US","@id":"https:\/\/www.salve.si\/#\/schema\/logo\/image\/","url":"https:\/\/www.salve.si\/wp-content\/uploads\/2021\/01\/Salve_logo_modri_nov_web.png","contentUrl":"https:\/\/www.salve.si\/wp-content\/uploads\/2021\/01\/Salve_logo_modri_nov_web.png","width":279,"height":90,"caption":"Salve d.o.o."},"image":{"@id":"https:\/\/www.salve.si\/#\/schema\/logo\/image\/"},"sameAs":["https:\/\/www.facebook.com\/salve.si","https:\/\/www.instagram.com\/zalozbasalve\/","https:\/\/www.linkedin.com\/company\/zalozba-salve\/"]}]}},"_links":{"self":[{"href":"https:\/\/www.salve.si\/en\/wp-json\/wp\/v2\/product\/12448","targetHints":{"allow":["GET"]}}],"collection":[{"href":"https:\/\/www.salve.si\/en\/wp-json\/wp\/v2\/product"}],"about":[{"href":"https:\/\/www.salve.si\/en\/wp-json\/wp\/v2\/types\/product"}],"version-history":[{"count":6,"href":"https:\/\/www.salve.si\/en\/wp-json\/wp\/v2\/product\/12448\/revisions"}],"predecessor-version":[{"id":17133,"href":"https:\/\/www.salve.si\/en\/wp-json\/wp\/v2\/product\/12448\/revisions\/17133"}],"wp:featuredmedia":[{"embeddable":true,"href":"https:\/\/www.salve.si\/en\/wp-json\/wp\/v2\/media\/12449"}],"wp:attachment":[{"href":"https:\/\/www.salve.si\/en\/wp-json\/wp\/v2\/media?parent=12448"}],"wp:term":[{"taxonomy":"product_cat","embeddable":true,"href":"https:\/\/www.salve.si\/en\/wp-json\/wp\/v2\/product_cat?post=12448"},{"taxonomy":"product_tag","embeddable":true,"href":"https:\/\/www.salve.si\/en\/wp-json\/wp\/v2\/product_tag?post=12448"}],"curies":[{"name":"wp","href":"https:\/\/api.w.org\/{rel}","templated":true}]}}