{"id":12324,"date":"2020-10-17T05:08:17","date_gmt":"2020-10-17T03:08:17","guid":{"rendered":"https:\/\/www.salve.si\/?post_type=product&#038;p=12324"},"modified":"2022-12-01T00:01:05","modified_gmt":"2022-11-30T23:01:05","slug":"veliki-zdravnik-fan-fenglong-oki","status":"publish","type":"product","link":"https:\/\/www.salve.si\/en\/trgovina\/knjige\/svetniki-in-zivljenjepisi\/veliki-zdravnik-fan-fenglong-oki\/","title":{"rendered":"VELIKI ZDRAVNIK FAN FENGLONG &#8211; OKI"},"content":{"rendered":"<p>Zdravnik je bil z vsem srcem. \u010ceprav je bil stalno z bolniki, je bral in \u0161tudiral, da bi dopolnjeval svoje strokovno znanje. Kot zdravnik se ni menil ne za slavo ne za denar. Vsa leta v bolni\u0161nici sv. Marije v Luodongu ni prejemal pla\u010de. Nasprotno. Sam je z denarjem pomagal revnim pacientom, ki si sicer zdravljenja ne bi mogli privo\u0161\u010diti. Denar so mu po\u0161iljali znanci in dobrotniki z vsega sveta. Lahko bi si privo\u0161\u010dil udobno \u017eivljenje, a je vse razdal. Slava mu je bila ponujena na kro\u017eniku. Ve\u010dkrat so ga hoteli predlagati za Nobelovo nagrado, pa je vedno odklonil. Pisali so o njem, a je pisce vedno prosil, naj o njem pi\u0161ejo \u010dim manj in \u0161e to samo resnico, brez olep\u0161evanj.<\/p>\n<p><em>Msgr. Stanislav Zore, ljubljanski nad\u0161kof in metropolit, v uvodni besedi<\/em><\/p>\n<p>&nbsp;<\/p>\n<p>Misijonarji so bili navdihnjeni z Jezusovim kr\u0161\u010danskim duhom in so slu\u017eili brez ozira na zasebno. Pred-vsem kirurgi so imeli zelo omejene vire, opremo in pripomo\u010dke, s katerimi so lahko operirali, zato so vedeli, da bol-nik ne bo imel nobenega upanja, \u010de se ne bodo zanj borili z vsemi silami. S takimi plemenitimi ob\u010dutji je Fan Fenglong \u00a0(Janez Jane\u017e) izvedel ve\u010d kot osemdeset tiso\u010d operacij od nog do glave; \u010de je le mogel, se je lotil operiranja. \u010ce bi danes kdo hotel potol\u010di njegov rekord, mislim, da bi moral za to prekr\u0161iti zdravni\u0161ko etiko in \u010dezmerno operirati.<span class=\"slv-content-keywords\"> Enota za ustno zgodovino Bolni\u0161nice svete Marije na Tajvanu Posebna ponudba Knjige Avtobiografije, \u017eivljenjepisi Janez Jane\u017e misijonar zdravnik DR. JANEZ JANE\u017d, KI JE RAVNINO LANYANG POSEJAL S SO\u010cUTJEM <\/span><\/p>","protected":false},"excerpt":{"rendered":"<p>\u010ce si ga pogledal od dale\u010d, si videl le mrk izraz na obrazu in obleko, ki ji ni namenil nobene pozornosti. \u010ce ga nisi poznal od prej, bi si te\u017eko predstavljal, da je bil to glavni junak omenjenih legendarnih zgodb. Nad njegovo glavo ni bilo videti svetni\u0161kega sija, na zunaj se ni \u010disto ni\u010d razlikoval od drugih ljudi, njegova dejanja pa so v ljudeh vzbujala ob\u010dutke ob\u010dudovanja, kot da je dale\u010d nad vsemi.<\/p>\n<p>&nbsp;<\/p>","protected":false},"featured_media":12325,"template":"","meta":{"_acf_changed":false,"footnotes":""},"product_cat":[709,141,315],"product_tag":[1032,922,924],"class_list":{"0":"post-12324","1":"product","2":"type-product","3":"status-publish","4":"has-post-thumbnail","6":"authors-enota-za-ustno-zgodovino-bolnisnice-svete-marije-na-tajvanu","7":"publisher-salve-d-o-o-ljubljana","8":"product_cat-posebna-ponudba","9":"product_cat-knjige","10":"product_cat-svetniki-in-zivljenjepisi","11":"product_tag-janez-janez","12":"product_tag-misijonar","13":"product_tag-zdravnik","15":"first","16":"instock","17":"shipping-taxable","18":"purchasable","19":"product-type-simple"},"acf":[],"yoast_head":"<!-- This site is optimized with the Yoast SEO plugin v23.8 - https:\/\/yoast.com\/wordpress\/plugins\/seo\/ -->\n<title>VELIKI ZDRAVNIK FAN FENGLONG - OKI - Salve<\/title>\n<meta name=\"robots\" content=\"index, follow, max-snippet:-1, max-image-preview:large, max-video-preview:-1\" \/>\n<link rel=\"canonical\" href=\"https:\/\/www.salve.si\/en\/trgovina\/knjige\/svetniki-in-zivljenjepisi\/veliki-zdravnik-fan-fenglong-oki\/\" \/>\n<meta property=\"og:locale\" content=\"en_US\" \/>\n<meta property=\"og:type\" content=\"article\" \/>\n<meta property=\"og:title\" content=\"VELIKI ZDRAVNIK FAN FENGLONG - OKI - Salve\" \/>\n<meta property=\"og:description\" content=\"\u010ce si ga pogledal od dale\u010d, si videl le mrk izraz na obrazu in obleko, ki ji ni namenil nobene pozornosti. \u010ce ga nisi poznal od prej, bi si te\u017eko predstavljal, da je bil to glavni junak omenjenih legendarnih zgodb. Nad njegovo glavo ni bilo videti svetni\u0161kega sija, na zunaj se ni \u010disto ni\u010d razlikoval od drugih ljudi, njegova dejanja pa so v ljudeh vzbujala ob\u010dutke ob\u010dudovanja, kot da je dale\u010d nad vsemi.  &nbsp;\" \/>\n<meta property=\"og:url\" content=\"https:\/\/www.salve.si\/en\/trgovina\/knjige\/svetniki-in-zivljenjepisi\/veliki-zdravnik-fan-fenglong-oki\/\" \/>\n<meta property=\"og:site_name\" content=\"Salve\" \/>\n<meta property=\"article:publisher\" content=\"https:\/\/www.facebook.com\/salve.si\" \/>\n<meta property=\"article:modified_time\" content=\"2022-11-30T23:01:05+00:00\" \/>\n<meta property=\"og:image\" content=\"https:\/\/www.salve.si\/wp-content\/uploads\/2020\/10\/Janez_naslovnica.jpg\" \/>\n\t<meta property=\"og:image:width\" content=\"1764\" \/>\n\t<meta property=\"og:image:height\" content=\"2481\" \/>\n\t<meta property=\"og:image:type\" content=\"image\/jpeg\" \/>\n<meta name=\"twitter:card\" content=\"summary_large_image\" \/>\n<meta name=\"twitter:label1\" content=\"Est. reading time\" \/>\n\t<meta name=\"twitter:data1\" content=\"1 minute\" \/>\n<script type=\"application\/ld+json\" class=\"yoast-schema-graph\">{\"@context\":\"https:\/\/schema.org\",\"@graph\":[{\"@type\":\"WebPage\",\"@id\":\"https:\/\/www.salve.si\/trgovina\/knjige\/svetniki-in-zivljenjepisi\/veliki-zdravnik-fan-fenglong-oki\/\",\"url\":\"https:\/\/www.salve.si\/trgovina\/knjige\/svetniki-in-zivljenjepisi\/veliki-zdravnik-fan-fenglong-oki\/\",\"name\":\"VELIKI ZDRAVNIK FAN FENGLONG - OKI - Salve\",\"isPartOf\":{\"@id\":\"https:\/\/www.salve.si\/#website\"},\"primaryImageOfPage\":{\"@id\":\"https:\/\/www.salve.si\/trgovina\/knjige\/svetniki-in-zivljenjepisi\/veliki-zdravnik-fan-fenglong-oki\/#primaryimage\"},\"image\":{\"@id\":\"https:\/\/www.salve.si\/trgovina\/knjige\/svetniki-in-zivljenjepisi\/veliki-zdravnik-fan-fenglong-oki\/#primaryimage\"},\"thumbnailUrl\":\"https:\/\/www.salve.si\/wp-content\/uploads\/2020\/10\/Janez_naslovnica.jpg\",\"datePublished\":\"2020-10-17T03:08:17+00:00\",\"dateModified\":\"2022-11-30T23:01:05+00:00\",\"breadcrumb\":{\"@id\":\"https:\/\/www.salve.si\/trgovina\/knjige\/svetniki-in-zivljenjepisi\/veliki-zdravnik-fan-fenglong-oki\/#breadcrumb\"},\"inLanguage\":\"en-US\",\"potentialAction\":[{\"@type\":\"ReadAction\",\"target\":[\"https:\/\/www.salve.si\/trgovina\/knjige\/svetniki-in-zivljenjepisi\/veliki-zdravnik-fan-fenglong-oki\/\"]}]},{\"@type\":\"ImageObject\",\"inLanguage\":\"en-US\",\"@id\":\"https:\/\/www.salve.si\/trgovina\/knjige\/svetniki-in-zivljenjepisi\/veliki-zdravnik-fan-fenglong-oki\/#primaryimage\",\"url\":\"https:\/\/www.salve.si\/wp-content\/uploads\/2020\/10\/Janez_naslovnica.jpg\",\"contentUrl\":\"https:\/\/www.salve.si\/wp-content\/uploads\/2020\/10\/Janez_naslovnica.jpg\",\"width\":1764,\"height\":2481},{\"@type\":\"BreadcrumbList\",\"@id\":\"https:\/\/www.salve.si\/trgovina\/knjige\/svetniki-in-zivljenjepisi\/veliki-zdravnik-fan-fenglong-oki\/#breadcrumb\",\"itemListElement\":[{\"@type\":\"ListItem\",\"position\":1,\"name\":\"Home\",\"item\":\"https:\/\/www.salve.si\/\"},{\"@type\":\"ListItem\",\"position\":2,\"name\":\"Trgovina\",\"item\":\"https:\/\/www.salve.si\/trgovina\/\"},{\"@type\":\"ListItem\",\"position\":3,\"name\":\"VELIKI ZDRAVNIK FAN FENGLONG &#8211; OKI\"}]},{\"@type\":\"WebSite\",\"@id\":\"https:\/\/www.salve.si\/#website\",\"url\":\"https:\/\/www.salve.si\/\",\"name\":\"Salve\",\"description\":\"Salezijanska zalo\u017eba\",\"publisher\":{\"@id\":\"https:\/\/www.salve.si\/#organization\"},\"potentialAction\":[{\"@type\":\"SearchAction\",\"target\":{\"@type\":\"EntryPoint\",\"urlTemplate\":\"https:\/\/www.salve.si\/?s={search_term_string}\"},\"query-input\":{\"@type\":\"PropertyValueSpecification\",\"valueRequired\":true,\"valueName\":\"search_term_string\"}}],\"inLanguage\":\"en-US\"},{\"@type\":\"Organization\",\"@id\":\"https:\/\/www.salve.si\/#organization\",\"name\":\"Salve d.o.o.\",\"url\":\"https:\/\/www.salve.si\/\",\"logo\":{\"@type\":\"ImageObject\",\"inLanguage\":\"en-US\",\"@id\":\"https:\/\/www.salve.si\/#\/schema\/logo\/image\/\",\"url\":\"https:\/\/www.salve.si\/wp-content\/uploads\/2021\/01\/Salve_logo_modri_nov_web.png\",\"contentUrl\":\"https:\/\/www.salve.si\/wp-content\/uploads\/2021\/01\/Salve_logo_modri_nov_web.png\",\"width\":279,\"height\":90,\"caption\":\"Salve d.o.o.\"},\"image\":{\"@id\":\"https:\/\/www.salve.si\/#\/schema\/logo\/image\/\"},\"sameAs\":[\"https:\/\/www.facebook.com\/salve.si\",\"https:\/\/www.instagram.com\/zalozbasalve\/\",\"https:\/\/www.linkedin.com\/company\/zalozba-salve\/\"]}]}<\/script>\n<!-- \/ Yoast SEO plugin. -->","yoast_head_json":{"title":"VELIKI ZDRAVNIK FAN FENGLONG - OKI - Salve","robots":{"index":"index","follow":"follow","max-snippet":"max-snippet:-1","max-image-preview":"max-image-preview:large","max-video-preview":"max-video-preview:-1"},"canonical":"https:\/\/www.salve.si\/en\/trgovina\/knjige\/svetniki-in-zivljenjepisi\/veliki-zdravnik-fan-fenglong-oki\/","og_locale":"en_US","og_type":"article","og_title":"VELIKI ZDRAVNIK FAN FENGLONG - OKI - Salve","og_description":"\u010ce si ga pogledal od dale\u010d, si videl le mrk izraz na obrazu in obleko, ki ji ni namenil nobene pozornosti. \u010ce ga nisi poznal od prej, bi si te\u017eko predstavljal, da je bil to glavni junak omenjenih legendarnih zgodb. Nad njegovo glavo ni bilo videti svetni\u0161kega sija, na zunaj se ni \u010disto ni\u010d razlikoval od drugih ljudi, njegova dejanja pa so v ljudeh vzbujala ob\u010dutke ob\u010dudovanja, kot da je dale\u010d nad vsemi.  &nbsp;","og_url":"https:\/\/www.salve.si\/en\/trgovina\/knjige\/svetniki-in-zivljenjepisi\/veliki-zdravnik-fan-fenglong-oki\/","og_site_name":"Salve","article_publisher":"https:\/\/www.facebook.com\/salve.si","article_modified_time":"2022-11-30T23:01:05+00:00","og_image":[{"width":1764,"height":2481,"url":"https:\/\/www.salve.si\/wp-content\/uploads\/2020\/10\/Janez_naslovnica.jpg","type":"image\/jpeg"}],"twitter_card":"summary_large_image","twitter_misc":{"Est. reading time":"1 minute"},"schema":{"@context":"https:\/\/schema.org","@graph":[{"@type":"WebPage","@id":"https:\/\/www.salve.si\/trgovina\/knjige\/svetniki-in-zivljenjepisi\/veliki-zdravnik-fan-fenglong-oki\/","url":"https:\/\/www.salve.si\/trgovina\/knjige\/svetniki-in-zivljenjepisi\/veliki-zdravnik-fan-fenglong-oki\/","name":"VELIKI ZDRAVNIK FAN FENGLONG - OKI - Salve","isPartOf":{"@id":"https:\/\/www.salve.si\/#website"},"primaryImageOfPage":{"@id":"https:\/\/www.salve.si\/trgovina\/knjige\/svetniki-in-zivljenjepisi\/veliki-zdravnik-fan-fenglong-oki\/#primaryimage"},"image":{"@id":"https:\/\/www.salve.si\/trgovina\/knjige\/svetniki-in-zivljenjepisi\/veliki-zdravnik-fan-fenglong-oki\/#primaryimage"},"thumbnailUrl":"https:\/\/www.salve.si\/wp-content\/uploads\/2020\/10\/Janez_naslovnica.jpg","datePublished":"2020-10-17T03:08:17+00:00","dateModified":"2022-11-30T23:01:05+00:00","breadcrumb":{"@id":"https:\/\/www.salve.si\/trgovina\/knjige\/svetniki-in-zivljenjepisi\/veliki-zdravnik-fan-fenglong-oki\/#breadcrumb"},"inLanguage":"en-US","potentialAction":[{"@type":"ReadAction","target":["https:\/\/www.salve.si\/trgovina\/knjige\/svetniki-in-zivljenjepisi\/veliki-zdravnik-fan-fenglong-oki\/"]}]},{"@type":"ImageObject","inLanguage":"en-US","@id":"https:\/\/www.salve.si\/trgovina\/knjige\/svetniki-in-zivljenjepisi\/veliki-zdravnik-fan-fenglong-oki\/#primaryimage","url":"https:\/\/www.salve.si\/wp-content\/uploads\/2020\/10\/Janez_naslovnica.jpg","contentUrl":"https:\/\/www.salve.si\/wp-content\/uploads\/2020\/10\/Janez_naslovnica.jpg","width":1764,"height":2481},{"@type":"BreadcrumbList","@id":"https:\/\/www.salve.si\/trgovina\/knjige\/svetniki-in-zivljenjepisi\/veliki-zdravnik-fan-fenglong-oki\/#breadcrumb","itemListElement":[{"@type":"ListItem","position":1,"name":"Home","item":"https:\/\/www.salve.si\/"},{"@type":"ListItem","position":2,"name":"Trgovina","item":"https:\/\/www.salve.si\/trgovina\/"},{"@type":"ListItem","position":3,"name":"VELIKI ZDRAVNIK FAN FENGLONG &#8211; OKI"}]},{"@type":"WebSite","@id":"https:\/\/www.salve.si\/#website","url":"https:\/\/www.salve.si\/","name":"Salve","description":"Salezijanska zalo\u017eba","publisher":{"@id":"https:\/\/www.salve.si\/#organization"},"potentialAction":[{"@type":"SearchAction","target":{"@type":"EntryPoint","urlTemplate":"https:\/\/www.salve.si\/?s={search_term_string}"},"query-input":{"@type":"PropertyValueSpecification","valueRequired":true,"valueName":"search_term_string"}}],"inLanguage":"en-US"},{"@type":"Organization","@id":"https:\/\/www.salve.si\/#organization","name":"Salve d.o.o.","url":"https:\/\/www.salve.si\/","logo":{"@type":"ImageObject","inLanguage":"en-US","@id":"https:\/\/www.salve.si\/#\/schema\/logo\/image\/","url":"https:\/\/www.salve.si\/wp-content\/uploads\/2021\/01\/Salve_logo_modri_nov_web.png","contentUrl":"https:\/\/www.salve.si\/wp-content\/uploads\/2021\/01\/Salve_logo_modri_nov_web.png","width":279,"height":90,"caption":"Salve d.o.o."},"image":{"@id":"https:\/\/www.salve.si\/#\/schema\/logo\/image\/"},"sameAs":["https:\/\/www.facebook.com\/salve.si","https:\/\/www.instagram.com\/zalozbasalve\/","https:\/\/www.linkedin.com\/company\/zalozba-salve\/"]}]}},"_links":{"self":[{"href":"https:\/\/www.salve.si\/en\/wp-json\/wp\/v2\/product\/12324","targetHints":{"allow":["GET"]}}],"collection":[{"href":"https:\/\/www.salve.si\/en\/wp-json\/wp\/v2\/product"}],"about":[{"href":"https:\/\/www.salve.si\/en\/wp-json\/wp\/v2\/types\/product"}],"version-history":[{"count":10,"href":"https:\/\/www.salve.si\/en\/wp-json\/wp\/v2\/product\/12324\/revisions"}],"predecessor-version":[{"id":12331,"href":"https:\/\/www.salve.si\/en\/wp-json\/wp\/v2\/product\/12324\/revisions\/12331"}],"wp:featuredmedia":[{"embeddable":true,"href":"https:\/\/www.salve.si\/en\/wp-json\/wp\/v2\/media\/12325"}],"wp:attachment":[{"href":"https:\/\/www.salve.si\/en\/wp-json\/wp\/v2\/media?parent=12324"}],"wp:term":[{"taxonomy":"product_cat","embeddable":true,"href":"https:\/\/www.salve.si\/en\/wp-json\/wp\/v2\/product_cat?post=12324"},{"taxonomy":"product_tag","embeddable":true,"href":"https:\/\/www.salve.si\/en\/wp-json\/wp\/v2\/product_tag?post=12324"}],"curies":[{"name":"wp","href":"https:\/\/api.w.org\/{rel}","templated":true}]}}