{"id":12251,"date":"2020-10-05T12:15:14","date_gmt":"2020-10-05T10:15:14","guid":{"rendered":"https:\/\/www.salve.si\/?post_type=product&#038;p=12251"},"modified":"2020-11-07T15:26:59","modified_gmt":"2020-11-07T14:26:59","slug":"misijon-za-ljubezen-etiopije","status":"publish","type":"product","link":"https:\/\/www.salve.si\/en\/trgovina\/knjige\/misijon-za-ljubezen-etiopije\/","title":{"rendered":"MISIJON ZA LJUBEZEN ETIOPIJE"},"content":{"rendered":"<p>\u017delim si, da bi vsi otroci in mladi imeli prilo\u017enost, da bi obiskovali \u0161olo, imeli dovolj hrane, pitne vode, da bi imeli zdravstveno oskrbo. Le tako bodo lahko uresni\u010dili svoje sanje.<br \/>\nZato \u017eiveti solidarno v tem globalnem svetu pomeni deliti to, kar sem in imam, z najbolj potrebnimi. Vsak izmed nas je povabljen, da si ob Bo\u017eji besedi in ob lomljenju kruha izprosi dobro srce, ki je so\u010dutno in dela dobro.<br \/>\n<span class=\"slv-content-keywords\"> Jo\u017ee Andol\u0161ek Knjige Pisana mavrica vtisov in izpovedi misijonskih prostovoljcev <\/span><\/p>","protected":false},"excerpt":{"rendered":"<p>Pisana mavrica vtisov in izpovedi misijonskih prostovoljcev<\/p>","protected":false},"featured_media":12252,"template":"","meta":{"_acf_changed":false,"footnotes":""},"product_cat":[141],"product_tag":[],"class_list":{"0":"post-12251","1":"product","2":"type-product","3":"status-publish","4":"has-post-thumbnail","6":"authors-joze-andolsek","7":"publisher-salve-d-o-o-ljubljana","8":"product_cat-knjige","10":"first","11":"instock","12":"shipping-taxable","13":"purchasable","14":"product-type-simple"},"acf":[],"yoast_head":"<!-- This site is optimized with the Yoast SEO plugin v23.8 - https:\/\/yoast.com\/wordpress\/plugins\/seo\/ -->\n<title>MISIJON ZA LJUBEZEN ETIOPIJE - Salve<\/title>\n<meta name=\"robots\" content=\"index, follow, max-snippet:-1, max-image-preview:large, max-video-preview:-1\" \/>\n<link rel=\"canonical\" href=\"https:\/\/www.salve.si\/en\/trgovina\/knjige\/misijon-za-ljubezen-etiopije\/\" \/>\n<meta property=\"og:locale\" content=\"en_US\" \/>\n<meta property=\"og:type\" content=\"article\" \/>\n<meta property=\"og:title\" content=\"MISIJON ZA LJUBEZEN ETIOPIJE - Salve\" \/>\n<meta property=\"og:description\" content=\"Pisana mavrica vtisov in izpovedi misijonskih prostovoljcev\" \/>\n<meta property=\"og:url\" content=\"https:\/\/www.salve.si\/en\/trgovina\/knjige\/misijon-za-ljubezen-etiopije\/\" \/>\n<meta property=\"og:site_name\" content=\"Salve\" \/>\n<meta property=\"article:publisher\" content=\"https:\/\/www.facebook.com\/salve.si\" \/>\n<meta property=\"article:modified_time\" content=\"2020-11-07T14:26:59+00:00\" \/>\n<meta property=\"og:image\" content=\"https:\/\/www.salve.si\/wp-content\/uploads\/2020\/10\/Misijon-za-ljubezen-Etiopije_NASLOVNICA01.jpg\" \/>\n\t<meta property=\"og:image:width\" content=\"1299\" \/>\n\t<meta property=\"og:image:height\" content=\"2185\" \/>\n\t<meta property=\"og:image:type\" content=\"image\/jpeg\" \/>\n<meta name=\"twitter:card\" content=\"summary_large_image\" \/>\n<script type=\"application\/ld+json\" class=\"yoast-schema-graph\">{\"@context\":\"https:\/\/schema.org\",\"@graph\":[{\"@type\":\"WebPage\",\"@id\":\"https:\/\/www.salve.si\/trgovina\/knjige\/misijon-za-ljubezen-etiopije\/\",\"url\":\"https:\/\/www.salve.si\/trgovina\/knjige\/misijon-za-ljubezen-etiopije\/\",\"name\":\"MISIJON ZA LJUBEZEN ETIOPIJE - Salve\",\"isPartOf\":{\"@id\":\"https:\/\/www.salve.si\/#website\"},\"primaryImageOfPage\":{\"@id\":\"https:\/\/www.salve.si\/trgovina\/knjige\/misijon-za-ljubezen-etiopije\/#primaryimage\"},\"image\":{\"@id\":\"https:\/\/www.salve.si\/trgovina\/knjige\/misijon-za-ljubezen-etiopije\/#primaryimage\"},\"thumbnailUrl\":\"https:\/\/www.salve.si\/wp-content\/uploads\/2020\/10\/Misijon-za-ljubezen-Etiopije_NASLOVNICA01.jpg\",\"datePublished\":\"2020-10-05T10:15:14+00:00\",\"dateModified\":\"2020-11-07T14:26:59+00:00\",\"breadcrumb\":{\"@id\":\"https:\/\/www.salve.si\/trgovina\/knjige\/misijon-za-ljubezen-etiopije\/#breadcrumb\"},\"inLanguage\":\"en-US\",\"potentialAction\":[{\"@type\":\"ReadAction\",\"target\":[\"https:\/\/www.salve.si\/trgovina\/knjige\/misijon-za-ljubezen-etiopije\/\"]}]},{\"@type\":\"ImageObject\",\"inLanguage\":\"en-US\",\"@id\":\"https:\/\/www.salve.si\/trgovina\/knjige\/misijon-za-ljubezen-etiopije\/#primaryimage\",\"url\":\"https:\/\/www.salve.si\/wp-content\/uploads\/2020\/10\/Misijon-za-ljubezen-Etiopije_NASLOVNICA01.jpg\",\"contentUrl\":\"https:\/\/www.salve.si\/wp-content\/uploads\/2020\/10\/Misijon-za-ljubezen-Etiopije_NASLOVNICA01.jpg\",\"width\":1299,\"height\":2185},{\"@type\":\"BreadcrumbList\",\"@id\":\"https:\/\/www.salve.si\/trgovina\/knjige\/misijon-za-ljubezen-etiopije\/#breadcrumb\",\"itemListElement\":[{\"@type\":\"ListItem\",\"position\":1,\"name\":\"Home\",\"item\":\"https:\/\/www.salve.si\/\"},{\"@type\":\"ListItem\",\"position\":2,\"name\":\"Trgovina\",\"item\":\"https:\/\/www.salve.si\/trgovina\/\"},{\"@type\":\"ListItem\",\"position\":3,\"name\":\"MISIJON ZA LJUBEZEN ETIOPIJE\"}]},{\"@type\":\"WebSite\",\"@id\":\"https:\/\/www.salve.si\/#website\",\"url\":\"https:\/\/www.salve.si\/\",\"name\":\"Salve\",\"description\":\"Salezijanska zalo\u017eba\",\"publisher\":{\"@id\":\"https:\/\/www.salve.si\/#organization\"},\"potentialAction\":[{\"@type\":\"SearchAction\",\"target\":{\"@type\":\"EntryPoint\",\"urlTemplate\":\"https:\/\/www.salve.si\/?s={search_term_string}\"},\"query-input\":{\"@type\":\"PropertyValueSpecification\",\"valueRequired\":true,\"valueName\":\"search_term_string\"}}],\"inLanguage\":\"en-US\"},{\"@type\":\"Organization\",\"@id\":\"https:\/\/www.salve.si\/#organization\",\"name\":\"Salve d.o.o.\",\"url\":\"https:\/\/www.salve.si\/\",\"logo\":{\"@type\":\"ImageObject\",\"inLanguage\":\"en-US\",\"@id\":\"https:\/\/www.salve.si\/#\/schema\/logo\/image\/\",\"url\":\"https:\/\/www.salve.si\/wp-content\/uploads\/2021\/01\/Salve_logo_modri_nov_web.png\",\"contentUrl\":\"https:\/\/www.salve.si\/wp-content\/uploads\/2021\/01\/Salve_logo_modri_nov_web.png\",\"width\":279,\"height\":90,\"caption\":\"Salve d.o.o.\"},\"image\":{\"@id\":\"https:\/\/www.salve.si\/#\/schema\/logo\/image\/\"},\"sameAs\":[\"https:\/\/www.facebook.com\/salve.si\",\"https:\/\/www.instagram.com\/zalozbasalve\/\",\"https:\/\/www.linkedin.com\/company\/zalozba-salve\/\"]}]}<\/script>\n<!-- \/ Yoast SEO plugin. -->","yoast_head_json":{"title":"MISIJON ZA LJUBEZEN ETIOPIJE - Salve","robots":{"index":"index","follow":"follow","max-snippet":"max-snippet:-1","max-image-preview":"max-image-preview:large","max-video-preview":"max-video-preview:-1"},"canonical":"https:\/\/www.salve.si\/en\/trgovina\/knjige\/misijon-za-ljubezen-etiopije\/","og_locale":"en_US","og_type":"article","og_title":"MISIJON ZA LJUBEZEN ETIOPIJE - Salve","og_description":"Pisana mavrica vtisov in izpovedi misijonskih prostovoljcev","og_url":"https:\/\/www.salve.si\/en\/trgovina\/knjige\/misijon-za-ljubezen-etiopije\/","og_site_name":"Salve","article_publisher":"https:\/\/www.facebook.com\/salve.si","article_modified_time":"2020-11-07T14:26:59+00:00","og_image":[{"width":1299,"height":2185,"url":"https:\/\/www.salve.si\/wp-content\/uploads\/2020\/10\/Misijon-za-ljubezen-Etiopije_NASLOVNICA01.jpg","type":"image\/jpeg"}],"twitter_card":"summary_large_image","schema":{"@context":"https:\/\/schema.org","@graph":[{"@type":"WebPage","@id":"https:\/\/www.salve.si\/trgovina\/knjige\/misijon-za-ljubezen-etiopije\/","url":"https:\/\/www.salve.si\/trgovina\/knjige\/misijon-za-ljubezen-etiopije\/","name":"MISIJON ZA LJUBEZEN ETIOPIJE - Salve","isPartOf":{"@id":"https:\/\/www.salve.si\/#website"},"primaryImageOfPage":{"@id":"https:\/\/www.salve.si\/trgovina\/knjige\/misijon-za-ljubezen-etiopije\/#primaryimage"},"image":{"@id":"https:\/\/www.salve.si\/trgovina\/knjige\/misijon-za-ljubezen-etiopije\/#primaryimage"},"thumbnailUrl":"https:\/\/www.salve.si\/wp-content\/uploads\/2020\/10\/Misijon-za-ljubezen-Etiopije_NASLOVNICA01.jpg","datePublished":"2020-10-05T10:15:14+00:00","dateModified":"2020-11-07T14:26:59+00:00","breadcrumb":{"@id":"https:\/\/www.salve.si\/trgovina\/knjige\/misijon-za-ljubezen-etiopije\/#breadcrumb"},"inLanguage":"en-US","potentialAction":[{"@type":"ReadAction","target":["https:\/\/www.salve.si\/trgovina\/knjige\/misijon-za-ljubezen-etiopije\/"]}]},{"@type":"ImageObject","inLanguage":"en-US","@id":"https:\/\/www.salve.si\/trgovina\/knjige\/misijon-za-ljubezen-etiopije\/#primaryimage","url":"https:\/\/www.salve.si\/wp-content\/uploads\/2020\/10\/Misijon-za-ljubezen-Etiopije_NASLOVNICA01.jpg","contentUrl":"https:\/\/www.salve.si\/wp-content\/uploads\/2020\/10\/Misijon-za-ljubezen-Etiopije_NASLOVNICA01.jpg","width":1299,"height":2185},{"@type":"BreadcrumbList","@id":"https:\/\/www.salve.si\/trgovina\/knjige\/misijon-za-ljubezen-etiopije\/#breadcrumb","itemListElement":[{"@type":"ListItem","position":1,"name":"Home","item":"https:\/\/www.salve.si\/"},{"@type":"ListItem","position":2,"name":"Trgovina","item":"https:\/\/www.salve.si\/trgovina\/"},{"@type":"ListItem","position":3,"name":"MISIJON ZA LJUBEZEN ETIOPIJE"}]},{"@type":"WebSite","@id":"https:\/\/www.salve.si\/#website","url":"https:\/\/www.salve.si\/","name":"Salve","description":"Salezijanska zalo\u017eba","publisher":{"@id":"https:\/\/www.salve.si\/#organization"},"potentialAction":[{"@type":"SearchAction","target":{"@type":"EntryPoint","urlTemplate":"https:\/\/www.salve.si\/?s={search_term_string}"},"query-input":{"@type":"PropertyValueSpecification","valueRequired":true,"valueName":"search_term_string"}}],"inLanguage":"en-US"},{"@type":"Organization","@id":"https:\/\/www.salve.si\/#organization","name":"Salve d.o.o.","url":"https:\/\/www.salve.si\/","logo":{"@type":"ImageObject","inLanguage":"en-US","@id":"https:\/\/www.salve.si\/#\/schema\/logo\/image\/","url":"https:\/\/www.salve.si\/wp-content\/uploads\/2021\/01\/Salve_logo_modri_nov_web.png","contentUrl":"https:\/\/www.salve.si\/wp-content\/uploads\/2021\/01\/Salve_logo_modri_nov_web.png","width":279,"height":90,"caption":"Salve d.o.o."},"image":{"@id":"https:\/\/www.salve.si\/#\/schema\/logo\/image\/"},"sameAs":["https:\/\/www.facebook.com\/salve.si","https:\/\/www.instagram.com\/zalozbasalve\/","https:\/\/www.linkedin.com\/company\/zalozba-salve\/"]}]}},"_links":{"self":[{"href":"https:\/\/www.salve.si\/en\/wp-json\/wp\/v2\/product\/12251","targetHints":{"allow":["GET"]}}],"collection":[{"href":"https:\/\/www.salve.si\/en\/wp-json\/wp\/v2\/product"}],"about":[{"href":"https:\/\/www.salve.si\/en\/wp-json\/wp\/v2\/types\/product"}],"version-history":[{"count":4,"href":"https:\/\/www.salve.si\/en\/wp-json\/wp\/v2\/product\/12251\/revisions"}],"predecessor-version":[{"id":12471,"href":"https:\/\/www.salve.si\/en\/wp-json\/wp\/v2\/product\/12251\/revisions\/12471"}],"wp:featuredmedia":[{"embeddable":true,"href":"https:\/\/www.salve.si\/en\/wp-json\/wp\/v2\/media\/12252"}],"wp:attachment":[{"href":"https:\/\/www.salve.si\/en\/wp-json\/wp\/v2\/media?parent=12251"}],"wp:term":[{"taxonomy":"product_cat","embeddable":true,"href":"https:\/\/www.salve.si\/en\/wp-json\/wp\/v2\/product_cat?post=12251"},{"taxonomy":"product_tag","embeddable":true,"href":"https:\/\/www.salve.si\/en\/wp-json\/wp\/v2\/product_tag?post=12251"}],"curies":[{"name":"wp","href":"https:\/\/api.w.org\/{rel}","templated":true}]}}