{"id":12209,"date":"2020-09-26T06:11:36","date_gmt":"2020-09-26T04:11:36","guid":{"rendered":"https:\/\/www.salve.si\/?post_type=product&#038;p=12209"},"modified":"2024-01-01T23:00:39","modified_gmt":"2024-01-01T22:00:39","slug":"poklicana","status":"publish","type":"product","link":"https:\/\/www.salve.si\/en\/trgovina\/knjige\/poklicana\/","title":{"rendered":"POKLICANA"},"content":{"rendered":"<p><img loading=\"lazy\" decoding=\"async\" class=\"alignnone size-medium wp-image-12217\" src=\"https:\/\/www.salve.si\/wp-content\/uploads\/2020\/09\/Poklicana_spletni-flajer-300x173.jpg\" alt=\"\" width=\"300\" height=\"173\" srcset=\"https:\/\/www.salve.si\/wp-content\/uploads\/2020\/09\/Poklicana_spletni-flajer-300x173.jpg 300w, https:\/\/www.salve.si\/wp-content\/uploads\/2020\/09\/Poklicana_spletni-flajer-1024x589.jpg 1024w, https:\/\/www.salve.si\/wp-content\/uploads\/2020\/09\/Poklicana_spletni-flajer-768x442.jpg 768w, https:\/\/www.salve.si\/wp-content\/uploads\/2020\/09\/Poklicana_spletni-flajer-1536x883.jpg 1536w, https:\/\/www.salve.si\/wp-content\/uploads\/2020\/09\/Poklicana_spletni-flajer-2048x1178.jpg 2048w, https:\/\/www.salve.si\/wp-content\/uploads\/2020\/09\/Poklicana_spletni-flajer-750x431.jpg 750w, https:\/\/www.salve.si\/wp-content\/uploads\/2020\/09\/Poklicana_spletni-flajer-400x230.jpg 400w, https:\/\/www.salve.si\/wp-content\/uploads\/2020\/09\/Poklicana_spletni-flajer-250x144.jpg 250w, https:\/\/www.salve.si\/wp-content\/uploads\/2020\/09\/Poklicana_spletni-flajer-1150x661.jpg 1150w, https:\/\/www.salve.si\/wp-content\/uploads\/2020\/09\/Poklicana_spletni-flajer-325x187.jpg 325w\" sizes=\"auto, (max-width: 300px) 100vw, 300px\" \/><\/p>\n<p>Ne omalova\u017eujmo svojega \u017eivljenja. Smo ve\u010d kot le statisti\u010dna mo\u017enost, produkt dedne in dru\u017ebene zasnove, skupek podedovanih kromosomov in otro\u0161kih travm; ve\u010d kot vetrovnica na cerkvenem zvoniku, ki jo vrtijo brezdu\u0161ni vetrovi usode. Ljube\u010di Bog nas je iz ni\u010da priklical v bivanje. To nam sporo\u010da Sveto pismo.<\/p>\n<p>Prav na to nas \u017eeli v svoji knjigi Poklicana spomniti Paula Faris, ki pravi, da je vsak izmed nas obdarjen s tem, kar imenuje \u00bbverska poklicanost\u00ab. Vabi nas, naj si odgovorimo na bivanjska vpra\u0161anja, kot so:<\/p>\n<p>Ali se zavedam svoje verske poklicanosti \u2013 kdo sem in k \u010demu sem poklican? Ali lahko to svojo poklicanost jasno opredelim?<\/p>\n<p>Ali so moje poklicno delo, moja slu\u017eba, moje star\u0161evstvo, moji hobiji in moji velikopotezni \u017eivljenjski na\u010drti v skladu s to poklicanostjo ali pa jih usmerja kaj drugega?<\/p>\n<p>Te\u017eko bi na\u0161li pomembnej\u0161a vpra\u0161anja od teh. In malo je ljudi, ki bi nam pri iskanju odgovorov nanje lahko pomagali bolje kot avtorica te knjige. Paula je neozdravljivo radovedna. Je neiz\u010drpen vir presenetljivih vpra\u0161anj, kar vem iz prve roke, a tudi koristnih nasvetov. Predvsem pa je neutrudna iskalka resnice, ki \u017eivi iz svoje kr\u0161\u010danske vere. \u010ce bi radi tudi vi, dr\u017eite v rokah pravo knjigo. Je dobro napisana, privla\u010dna, polna brez\u010dasnih (in pravo\u010dasnih) misli.<\/p>\n<p>&nbsp;<\/p>\n<p>Paula Faris je nacionalna dopisnica pri ABC News in voditeljica poddaje Potovanja vere s Paulo Faris. Pred tem je bila sovoditeljica oddaj Dobro jutro Amerika ob koncu tedna in Pogledi. Farisova, ki se je rodila v Jacksonu (Michigan, ZDA) in z odliko diplomirala na Univerzi Cedarville v Ohiu, \u017eivi v New Yorku z mo\u017eem Johnom in njunimi tremi otroki.<\/p>\n<p>S svojo knjigo je \u017eelela poudariti preprosto resnico, da \u010dlovekova veljava ni odvisna<br \/>\nod tega, kak\u0161en poklic opravlja, ampak kak\u0161en je po srcu.<span class=\"slv-content-keywords\"> Paula Faris Posebna ponudba Knjige Zakaj sem pustila dve sanjski slu\u017ebi, da bi lahko v polnosti \u017eivela svojo poklicanost <\/span><\/p>","protected":false},"excerpt":{"rendered":"<p>Paula Faris s svojo knjigo \u017eeli poudariti preprosto resnico, da \u010dlovekova veljava ni odvisna od tega, kak\u0161en poklic opravlja, ampak kak\u0161en je po srcu.<\/p>","protected":false},"featured_media":12211,"template":"","meta":{"_acf_changed":false,"footnotes":""},"product_cat":[709,141],"product_tag":[],"class_list":{"0":"post-12209","1":"product","2":"type-product","3":"status-publish","4":"has-post-thumbnail","6":"authors-paula-faris","7":"publisher-salve-d-o-o-ljubljana","8":"product_cat-posebna-ponudba","9":"product_cat-knjige","11":"first","12":"instock","13":"shipping-taxable","14":"purchasable","15":"product-type-simple"},"acf":[],"yoast_head":"<!-- This site is optimized with the Yoast SEO plugin v23.8 - https:\/\/yoast.com\/wordpress\/plugins\/seo\/ -->\n<title>POKLICANA - Salve<\/title>\n<meta name=\"robots\" content=\"index, follow, max-snippet:-1, max-image-preview:large, max-video-preview:-1\" \/>\n<link rel=\"canonical\" href=\"https:\/\/www.salve.si\/en\/trgovina\/knjige\/poklicana\/\" \/>\n<meta property=\"og:locale\" content=\"en_US\" \/>\n<meta property=\"og:type\" content=\"article\" \/>\n<meta property=\"og:title\" content=\"POKLICANA - Salve\" \/>\n<meta property=\"og:description\" content=\"Paula Faris s svojo knjigo \u017eeli poudariti preprosto resnico, da \u010dlovekova veljava ni odvisna od tega, kak\u0161en poklic opravlja, ampak kak\u0161en je po srcu.\" \/>\n<meta property=\"og:url\" content=\"https:\/\/www.salve.si\/en\/trgovina\/knjige\/poklicana\/\" \/>\n<meta property=\"og:site_name\" content=\"Salve\" \/>\n<meta property=\"article:publisher\" content=\"https:\/\/www.facebook.com\/salve.si\" \/>\n<meta property=\"article:modified_time\" content=\"2024-01-01T22:00:39+00:00\" \/>\n<meta property=\"og:image\" content=\"https:\/\/www.salve.si\/wp-content\/uploads\/2020\/09\/Poklicana_NASLOVNICA02.jpg\" \/>\n\t<meta property=\"og:image:width\" content=\"1425\" \/>\n\t<meta property=\"og:image:height\" content=\"1425\" \/>\n\t<meta property=\"og:image:type\" content=\"image\/jpeg\" \/>\n<meta name=\"twitter:card\" content=\"summary_large_image\" \/>\n<meta name=\"twitter:label1\" content=\"Est. reading time\" \/>\n\t<meta name=\"twitter:data1\" content=\"2 minutes\" \/>\n<script type=\"application\/ld+json\" class=\"yoast-schema-graph\">{\"@context\":\"https:\/\/schema.org\",\"@graph\":[{\"@type\":\"WebPage\",\"@id\":\"https:\/\/www.salve.si\/trgovina\/knjige\/poklicana\/\",\"url\":\"https:\/\/www.salve.si\/trgovina\/knjige\/poklicana\/\",\"name\":\"POKLICANA - Salve\",\"isPartOf\":{\"@id\":\"https:\/\/www.salve.si\/#website\"},\"primaryImageOfPage\":{\"@id\":\"https:\/\/www.salve.si\/trgovina\/knjige\/poklicana\/#primaryimage\"},\"image\":{\"@id\":\"https:\/\/www.salve.si\/trgovina\/knjige\/poklicana\/#primaryimage\"},\"thumbnailUrl\":\"https:\/\/www.salve.si\/wp-content\/uploads\/2020\/09\/Poklicana_NASLOVNICA02.jpg\",\"datePublished\":\"2020-09-26T04:11:36+00:00\",\"dateModified\":\"2024-01-01T22:00:39+00:00\",\"breadcrumb\":{\"@id\":\"https:\/\/www.salve.si\/trgovina\/knjige\/poklicana\/#breadcrumb\"},\"inLanguage\":\"en-US\",\"potentialAction\":[{\"@type\":\"ReadAction\",\"target\":[\"https:\/\/www.salve.si\/trgovina\/knjige\/poklicana\/\"]}]},{\"@type\":\"ImageObject\",\"inLanguage\":\"en-US\",\"@id\":\"https:\/\/www.salve.si\/trgovina\/knjige\/poklicana\/#primaryimage\",\"url\":\"https:\/\/www.salve.si\/wp-content\/uploads\/2020\/09\/Poklicana_NASLOVNICA02.jpg\",\"contentUrl\":\"https:\/\/www.salve.si\/wp-content\/uploads\/2020\/09\/Poklicana_NASLOVNICA02.jpg\",\"width\":1425,\"height\":1425},{\"@type\":\"BreadcrumbList\",\"@id\":\"https:\/\/www.salve.si\/trgovina\/knjige\/poklicana\/#breadcrumb\",\"itemListElement\":[{\"@type\":\"ListItem\",\"position\":1,\"name\":\"Home\",\"item\":\"https:\/\/www.salve.si\/\"},{\"@type\":\"ListItem\",\"position\":2,\"name\":\"Trgovina\",\"item\":\"https:\/\/www.salve.si\/trgovina\/\"},{\"@type\":\"ListItem\",\"position\":3,\"name\":\"POKLICANA\"}]},{\"@type\":\"WebSite\",\"@id\":\"https:\/\/www.salve.si\/#website\",\"url\":\"https:\/\/www.salve.si\/\",\"name\":\"Salve\",\"description\":\"Salezijanska zalo\u017eba\",\"publisher\":{\"@id\":\"https:\/\/www.salve.si\/#organization\"},\"potentialAction\":[{\"@type\":\"SearchAction\",\"target\":{\"@type\":\"EntryPoint\",\"urlTemplate\":\"https:\/\/www.salve.si\/?s={search_term_string}\"},\"query-input\":{\"@type\":\"PropertyValueSpecification\",\"valueRequired\":true,\"valueName\":\"search_term_string\"}}],\"inLanguage\":\"en-US\"},{\"@type\":\"Organization\",\"@id\":\"https:\/\/www.salve.si\/#organization\",\"name\":\"Salve d.o.o.\",\"url\":\"https:\/\/www.salve.si\/\",\"logo\":{\"@type\":\"ImageObject\",\"inLanguage\":\"en-US\",\"@id\":\"https:\/\/www.salve.si\/#\/schema\/logo\/image\/\",\"url\":\"https:\/\/www.salve.si\/wp-content\/uploads\/2021\/01\/Salve_logo_modri_nov_web.png\",\"contentUrl\":\"https:\/\/www.salve.si\/wp-content\/uploads\/2021\/01\/Salve_logo_modri_nov_web.png\",\"width\":279,\"height\":90,\"caption\":\"Salve d.o.o.\"},\"image\":{\"@id\":\"https:\/\/www.salve.si\/#\/schema\/logo\/image\/\"},\"sameAs\":[\"https:\/\/www.facebook.com\/salve.si\",\"https:\/\/www.instagram.com\/zalozbasalve\/\",\"https:\/\/www.linkedin.com\/company\/zalozba-salve\/\"]}]}<\/script>\n<!-- \/ Yoast SEO plugin. -->","yoast_head_json":{"title":"POKLICANA - Salve","robots":{"index":"index","follow":"follow","max-snippet":"max-snippet:-1","max-image-preview":"max-image-preview:large","max-video-preview":"max-video-preview:-1"},"canonical":"https:\/\/www.salve.si\/en\/trgovina\/knjige\/poklicana\/","og_locale":"en_US","og_type":"article","og_title":"POKLICANA - Salve","og_description":"Paula Faris s svojo knjigo \u017eeli poudariti preprosto resnico, da \u010dlovekova veljava ni odvisna od tega, kak\u0161en poklic opravlja, ampak kak\u0161en je po srcu.","og_url":"https:\/\/www.salve.si\/en\/trgovina\/knjige\/poklicana\/","og_site_name":"Salve","article_publisher":"https:\/\/www.facebook.com\/salve.si","article_modified_time":"2024-01-01T22:00:39+00:00","og_image":[{"width":1425,"height":1425,"url":"https:\/\/www.salve.si\/wp-content\/uploads\/2020\/09\/Poklicana_NASLOVNICA02.jpg","type":"image\/jpeg"}],"twitter_card":"summary_large_image","twitter_misc":{"Est. reading time":"2 minutes"},"schema":{"@context":"https:\/\/schema.org","@graph":[{"@type":"WebPage","@id":"https:\/\/www.salve.si\/trgovina\/knjige\/poklicana\/","url":"https:\/\/www.salve.si\/trgovina\/knjige\/poklicana\/","name":"POKLICANA - Salve","isPartOf":{"@id":"https:\/\/www.salve.si\/#website"},"primaryImageOfPage":{"@id":"https:\/\/www.salve.si\/trgovina\/knjige\/poklicana\/#primaryimage"},"image":{"@id":"https:\/\/www.salve.si\/trgovina\/knjige\/poklicana\/#primaryimage"},"thumbnailUrl":"https:\/\/www.salve.si\/wp-content\/uploads\/2020\/09\/Poklicana_NASLOVNICA02.jpg","datePublished":"2020-09-26T04:11:36+00:00","dateModified":"2024-01-01T22:00:39+00:00","breadcrumb":{"@id":"https:\/\/www.salve.si\/trgovina\/knjige\/poklicana\/#breadcrumb"},"inLanguage":"en-US","potentialAction":[{"@type":"ReadAction","target":["https:\/\/www.salve.si\/trgovina\/knjige\/poklicana\/"]}]},{"@type":"ImageObject","inLanguage":"en-US","@id":"https:\/\/www.salve.si\/trgovina\/knjige\/poklicana\/#primaryimage","url":"https:\/\/www.salve.si\/wp-content\/uploads\/2020\/09\/Poklicana_NASLOVNICA02.jpg","contentUrl":"https:\/\/www.salve.si\/wp-content\/uploads\/2020\/09\/Poklicana_NASLOVNICA02.jpg","width":1425,"height":1425},{"@type":"BreadcrumbList","@id":"https:\/\/www.salve.si\/trgovina\/knjige\/poklicana\/#breadcrumb","itemListElement":[{"@type":"ListItem","position":1,"name":"Home","item":"https:\/\/www.salve.si\/"},{"@type":"ListItem","position":2,"name":"Trgovina","item":"https:\/\/www.salve.si\/trgovina\/"},{"@type":"ListItem","position":3,"name":"POKLICANA"}]},{"@type":"WebSite","@id":"https:\/\/www.salve.si\/#website","url":"https:\/\/www.salve.si\/","name":"Salve","description":"Salezijanska zalo\u017eba","publisher":{"@id":"https:\/\/www.salve.si\/#organization"},"potentialAction":[{"@type":"SearchAction","target":{"@type":"EntryPoint","urlTemplate":"https:\/\/www.salve.si\/?s={search_term_string}"},"query-input":{"@type":"PropertyValueSpecification","valueRequired":true,"valueName":"search_term_string"}}],"inLanguage":"en-US"},{"@type":"Organization","@id":"https:\/\/www.salve.si\/#organization","name":"Salve d.o.o.","url":"https:\/\/www.salve.si\/","logo":{"@type":"ImageObject","inLanguage":"en-US","@id":"https:\/\/www.salve.si\/#\/schema\/logo\/image\/","url":"https:\/\/www.salve.si\/wp-content\/uploads\/2021\/01\/Salve_logo_modri_nov_web.png","contentUrl":"https:\/\/www.salve.si\/wp-content\/uploads\/2021\/01\/Salve_logo_modri_nov_web.png","width":279,"height":90,"caption":"Salve d.o.o."},"image":{"@id":"https:\/\/www.salve.si\/#\/schema\/logo\/image\/"},"sameAs":["https:\/\/www.facebook.com\/salve.si","https:\/\/www.instagram.com\/zalozbasalve\/","https:\/\/www.linkedin.com\/company\/zalozba-salve\/"]}]}},"_links":{"self":[{"href":"https:\/\/www.salve.si\/en\/wp-json\/wp\/v2\/product\/12209","targetHints":{"allow":["GET"]}}],"collection":[{"href":"https:\/\/www.salve.si\/en\/wp-json\/wp\/v2\/product"}],"about":[{"href":"https:\/\/www.salve.si\/en\/wp-json\/wp\/v2\/types\/product"}],"version-history":[{"count":11,"href":"https:\/\/www.salve.si\/en\/wp-json\/wp\/v2\/product\/12209\/revisions"}],"predecessor-version":[{"id":17462,"href":"https:\/\/www.salve.si\/en\/wp-json\/wp\/v2\/product\/12209\/revisions\/17462"}],"wp:featuredmedia":[{"embeddable":true,"href":"https:\/\/www.salve.si\/en\/wp-json\/wp\/v2\/media\/12211"}],"wp:attachment":[{"href":"https:\/\/www.salve.si\/en\/wp-json\/wp\/v2\/media?parent=12209"}],"wp:term":[{"taxonomy":"product_cat","embeddable":true,"href":"https:\/\/www.salve.si\/en\/wp-json\/wp\/v2\/product_cat?post=12209"},{"taxonomy":"product_tag","embeddable":true,"href":"https:\/\/www.salve.si\/en\/wp-json\/wp\/v2\/product_tag?post=12209"}],"curies":[{"name":"wp","href":"https:\/\/api.w.org\/{rel}","templated":true}]}}