{"id":12192,"date":"2020-09-24T18:46:42","date_gmt":"2020-09-24T16:46:42","guid":{"rendered":"https:\/\/www.salve.si\/?post_type=product&#038;p=12192"},"modified":"2025-12-03T13:28:53","modified_gmt":"2025-12-03T12:28:53","slug":"na-poti-s-terezijo","status":"publish","type":"product","link":"https:\/\/www.salve.si\/en\/trgovina\/knjige\/svetniki-in-zivljenjepisi\/na-poti-s-terezijo\/","title":{"rendered":"Na poti s Terezijo"},"content":{"rendered":"<p><img loading=\"lazy\" decoding=\"async\" class=\"alignnone wp-image-12206 size-medium\" src=\"https:\/\/www.salve.si\/wp-content\/uploads\/2020\/09\/Na-poti-s-Terezijo_NASLOVNICA02-300x300.jpg\" alt=\"\" width=\"300\" height=\"300\" srcset=\"https:\/\/www.salve.si\/wp-content\/uploads\/2020\/09\/Na-poti-s-Terezijo_NASLOVNICA02-300x300.jpg 300w, https:\/\/www.salve.si\/wp-content\/uploads\/2020\/09\/Na-poti-s-Terezijo_NASLOVNICA02-1024x1024.jpg 1024w, https:\/\/www.salve.si\/wp-content\/uploads\/2020\/09\/Na-poti-s-Terezijo_NASLOVNICA02-150x150.jpg 150w, https:\/\/www.salve.si\/wp-content\/uploads\/2020\/09\/Na-poti-s-Terezijo_NASLOVNICA02-768x768.jpg 768w, https:\/\/www.salve.si\/wp-content\/uploads\/2020\/09\/Na-poti-s-Terezijo_NASLOVNICA02-750x750.jpg 750w, https:\/\/www.salve.si\/wp-content\/uploads\/2020\/09\/Na-poti-s-Terezijo_NASLOVNICA02-400x400.jpg 400w, https:\/\/www.salve.si\/wp-content\/uploads\/2020\/09\/Na-poti-s-Terezijo_NASLOVNICA02-250x250.jpg 250w, https:\/\/www.salve.si\/wp-content\/uploads\/2020\/09\/Na-poti-s-Terezijo_NASLOVNICA02-1150x1150.jpg 1150w, https:\/\/www.salve.si\/wp-content\/uploads\/2020\/09\/Na-poti-s-Terezijo_NASLOVNICA02-75x75.jpg 75w, https:\/\/www.salve.si\/wp-content\/uploads\/2020\/09\/Na-poti-s-Terezijo_NASLOVNICA02-325x325.jpg 325w, https:\/\/www.salve.si\/wp-content\/uploads\/2020\/09\/Na-poti-s-Terezijo_NASLOVNICA02-100x100.jpg 100w, https:\/\/www.salve.si\/wp-content\/uploads\/2020\/09\/Na-poti-s-Terezijo_NASLOVNICA02.jpg 1295w\" sizes=\"auto, (max-width: 300px) 100vw, 300px\" \/><\/p>\n<p>Sveta Terezija iz Lisieuxa je med kristjani zelo navzo\u010da in priljubljena, skoraj kot starej\u0161a sestra. Poleg Device Marije je ona najbolj priljubljena \u017eena na svetu. Kar so bili Izaija, Jeremija, Ezekiel, Ozej in Janez Krstnik za staro zavezo, je sestra Terezija na neki na\u010din po Kristusovem prihodu: ena najve\u010djih Bo\u017ejih prerokov, navdihnjen vir duhovne prenove. Za celo mno\u017eico je varen svetilnik, ki me\u010de vso svojo lu\u010d na Jezusa, ki je \u00bbpot, resnica in \u017eivljenje\u00ab (Jn 1,6).<\/p>\n<p>Njena beseda je imela mo\u010dan vpliv na kr\u0161\u010dansko duhovnost dvajsetega stoletja in bo spodbujala tudi kristjane enaindvajsetega. Mlada kontemplativna redovnica je v enem zdru\u017eevala tri darove: bistro razumnost, ki je sposobna postavljati temeljna vpra\u0161anja in nanje dajati odgovore, globoko doma\u010dnost z evangeljskim sporo\u010dilom in ljube\u010de poznavanje Jezusa, ki \u017eivi v njenem srcu in razsvetljuje njenega duha.<\/p>\n<p>Avtor Conrad De Meester (1936-2019), bosonogi karmeli\u010dan, priznan duhovni pisatelj in poznavalec Male Cvetke, v knji\u017eici ne opisuje le njenega \u017eivljenja, temve\u010d prika\u017ee celotno duhovno podobo te priljubljene svetnice, h kateri se tudi Slovenci tako radi zatekamo.<span class=\"slv-content-keywords\"> Posebna ponudba Knjige Avtobiografije, \u017eivljenjepisi Conrad De Meester <\/span><\/p>","protected":false},"excerpt":{"rendered":"<p>Na pragu tretjega tiso\u010dletja je sv. Terezija iz Lisieuxa med mnogimi kristjani zelo navzo\u010da in priljubljena. Mlada redovnica je ena najve\u010djih Bo\u017ejih prerokov, navdihnjen vir duhovne prenove. Polna duhovne nadarjenosti je za na\u0161 \u010das narisala pristno in privla\u010dno podobo Kristusa, ki prina\u0161a O\u010detovo usmiljenost in gradi dru\u017ebo ljubezni.<\/p>","protected":false},"featured_media":12194,"template":"","meta":{"_acf_changed":false,"footnotes":""},"product_cat":[709,141,315],"product_tag":[],"class_list":{"0":"post-12192","1":"product","2":"type-product","3":"status-publish","4":"has-post-thumbnail","6":"authors-conrad-de-meester-conrad-de-meester","7":"publisher-salve-d-o-o-ljubljana","8":"product_cat-posebna-ponudba","9":"product_cat-knjige","10":"product_cat-svetniki-in-zivljenjepisi","12":"first","13":"outofstock","14":"shipping-taxable","15":"purchasable","16":"product-type-simple"},"acf":[],"yoast_head":"<!-- This site is optimized with the Yoast SEO plugin v23.8 - https:\/\/yoast.com\/wordpress\/plugins\/seo\/ -->\n<title>Na poti s Terezijo - Salve<\/title>\n<meta name=\"robots\" content=\"index, follow, max-snippet:-1, max-image-preview:large, max-video-preview:-1\" \/>\n<link rel=\"canonical\" href=\"https:\/\/www.salve.si\/en\/trgovina\/knjige\/svetniki-in-zivljenjepisi\/na-poti-s-terezijo\/\" \/>\n<meta property=\"og:locale\" content=\"en_US\" \/>\n<meta property=\"og:type\" content=\"article\" \/>\n<meta property=\"og:title\" content=\"Na poti s Terezijo - Salve\" \/>\n<meta property=\"og:description\" content=\"Na pragu tretjega tiso\u010dletja je sv. Terezija iz Lisieuxa med mnogimi kristjani zelo navzo\u010da in priljubljena. Mlada redovnica je ena najve\u010djih Bo\u017ejih prerokov, navdihnjen vir duhovne prenove. Polna duhovne nadarjenosti je za na\u0161 \u010das narisala pristno in privla\u010dno podobo Kristusa, ki prina\u0161a O\u010detovo usmiljenost in gradi dru\u017ebo ljubezni.\" \/>\n<meta property=\"og:url\" content=\"https:\/\/www.salve.si\/en\/trgovina\/knjige\/svetniki-in-zivljenjepisi\/na-poti-s-terezijo\/\" \/>\n<meta property=\"og:site_name\" content=\"Salve\" \/>\n<meta property=\"article:publisher\" content=\"https:\/\/www.facebook.com\/salve.si\" \/>\n<meta property=\"article:modified_time\" content=\"2025-12-03T12:28:53+00:00\" \/>\n<meta property=\"og:image\" content=\"https:\/\/www.salve.si\/wp-content\/uploads\/2020\/09\/Na-poti-s-Terezijo_NASLOVNICA01.jpg\" \/>\n\t<meta property=\"og:image:width\" content=\"1295\" \/>\n\t<meta property=\"og:image:height\" content=\"1295\" \/>\n\t<meta property=\"og:image:type\" content=\"image\/jpeg\" \/>\n<meta name=\"twitter:card\" content=\"summary_large_image\" \/>\n<meta name=\"twitter:label1\" content=\"Est. reading time\" \/>\n\t<meta name=\"twitter:data1\" content=\"2 minutes\" \/>\n<script type=\"application\/ld+json\" class=\"yoast-schema-graph\">{\"@context\":\"https:\/\/schema.org\",\"@graph\":[{\"@type\":\"WebPage\",\"@id\":\"https:\/\/www.salve.si\/trgovina\/knjige\/svetniki-in-zivljenjepisi\/na-poti-s-terezijo\/\",\"url\":\"https:\/\/www.salve.si\/trgovina\/knjige\/svetniki-in-zivljenjepisi\/na-poti-s-terezijo\/\",\"name\":\"Na poti s Terezijo - Salve\",\"isPartOf\":{\"@id\":\"https:\/\/www.salve.si\/#website\"},\"primaryImageOfPage\":{\"@id\":\"https:\/\/www.salve.si\/trgovina\/knjige\/svetniki-in-zivljenjepisi\/na-poti-s-terezijo\/#primaryimage\"},\"image\":{\"@id\":\"https:\/\/www.salve.si\/trgovina\/knjige\/svetniki-in-zivljenjepisi\/na-poti-s-terezijo\/#primaryimage\"},\"thumbnailUrl\":\"https:\/\/www.salve.si\/wp-content\/uploads\/2020\/09\/Na-poti-s-Terezijo_NASLOVNICA01.jpg\",\"datePublished\":\"2020-09-24T16:46:42+00:00\",\"dateModified\":\"2025-12-03T12:28:53+00:00\",\"breadcrumb\":{\"@id\":\"https:\/\/www.salve.si\/trgovina\/knjige\/svetniki-in-zivljenjepisi\/na-poti-s-terezijo\/#breadcrumb\"},\"inLanguage\":\"en-US\",\"potentialAction\":[{\"@type\":\"ReadAction\",\"target\":[\"https:\/\/www.salve.si\/trgovina\/knjige\/svetniki-in-zivljenjepisi\/na-poti-s-terezijo\/\"]}]},{\"@type\":\"ImageObject\",\"inLanguage\":\"en-US\",\"@id\":\"https:\/\/www.salve.si\/trgovina\/knjige\/svetniki-in-zivljenjepisi\/na-poti-s-terezijo\/#primaryimage\",\"url\":\"https:\/\/www.salve.si\/wp-content\/uploads\/2020\/09\/Na-poti-s-Terezijo_NASLOVNICA01.jpg\",\"contentUrl\":\"https:\/\/www.salve.si\/wp-content\/uploads\/2020\/09\/Na-poti-s-Terezijo_NASLOVNICA01.jpg\",\"width\":1295,\"height\":1295},{\"@type\":\"BreadcrumbList\",\"@id\":\"https:\/\/www.salve.si\/trgovina\/knjige\/svetniki-in-zivljenjepisi\/na-poti-s-terezijo\/#breadcrumb\",\"itemListElement\":[{\"@type\":\"ListItem\",\"position\":1,\"name\":\"Home\",\"item\":\"https:\/\/www.salve.si\/\"},{\"@type\":\"ListItem\",\"position\":2,\"name\":\"Trgovina\",\"item\":\"https:\/\/www.salve.si\/trgovina\/\"},{\"@type\":\"ListItem\",\"position\":3,\"name\":\"Na poti s Terezijo\"}]},{\"@type\":\"WebSite\",\"@id\":\"https:\/\/www.salve.si\/#website\",\"url\":\"https:\/\/www.salve.si\/\",\"name\":\"Salve\",\"description\":\"Salezijanska zalo\u017eba\",\"publisher\":{\"@id\":\"https:\/\/www.salve.si\/#organization\"},\"potentialAction\":[{\"@type\":\"SearchAction\",\"target\":{\"@type\":\"EntryPoint\",\"urlTemplate\":\"https:\/\/www.salve.si\/?s={search_term_string}\"},\"query-input\":{\"@type\":\"PropertyValueSpecification\",\"valueRequired\":true,\"valueName\":\"search_term_string\"}}],\"inLanguage\":\"en-US\"},{\"@type\":\"Organization\",\"@id\":\"https:\/\/www.salve.si\/#organization\",\"name\":\"Salve d.o.o.\",\"url\":\"https:\/\/www.salve.si\/\",\"logo\":{\"@type\":\"ImageObject\",\"inLanguage\":\"en-US\",\"@id\":\"https:\/\/www.salve.si\/#\/schema\/logo\/image\/\",\"url\":\"https:\/\/www.salve.si\/wp-content\/uploads\/2021\/01\/Salve_logo_modri_nov_web.png\",\"contentUrl\":\"https:\/\/www.salve.si\/wp-content\/uploads\/2021\/01\/Salve_logo_modri_nov_web.png\",\"width\":279,\"height\":90,\"caption\":\"Salve d.o.o.\"},\"image\":{\"@id\":\"https:\/\/www.salve.si\/#\/schema\/logo\/image\/\"},\"sameAs\":[\"https:\/\/www.facebook.com\/salve.si\",\"https:\/\/www.instagram.com\/zalozbasalve\/\",\"https:\/\/www.linkedin.com\/company\/zalozba-salve\/\"]}]}<\/script>\n<!-- \/ Yoast SEO plugin. -->","yoast_head_json":{"title":"Na poti s Terezijo - Salve","robots":{"index":"index","follow":"follow","max-snippet":"max-snippet:-1","max-image-preview":"max-image-preview:large","max-video-preview":"max-video-preview:-1"},"canonical":"https:\/\/www.salve.si\/en\/trgovina\/knjige\/svetniki-in-zivljenjepisi\/na-poti-s-terezijo\/","og_locale":"en_US","og_type":"article","og_title":"Na poti s Terezijo - Salve","og_description":"Na pragu tretjega tiso\u010dletja je sv. Terezija iz Lisieuxa med mnogimi kristjani zelo navzo\u010da in priljubljena. Mlada redovnica je ena najve\u010djih Bo\u017ejih prerokov, navdihnjen vir duhovne prenove. Polna duhovne nadarjenosti je za na\u0161 \u010das narisala pristno in privla\u010dno podobo Kristusa, ki prina\u0161a O\u010detovo usmiljenost in gradi dru\u017ebo ljubezni.","og_url":"https:\/\/www.salve.si\/en\/trgovina\/knjige\/svetniki-in-zivljenjepisi\/na-poti-s-terezijo\/","og_site_name":"Salve","article_publisher":"https:\/\/www.facebook.com\/salve.si","article_modified_time":"2025-12-03T12:28:53+00:00","og_image":[{"width":1295,"height":1295,"url":"https:\/\/www.salve.si\/wp-content\/uploads\/2020\/09\/Na-poti-s-Terezijo_NASLOVNICA01.jpg","type":"image\/jpeg"}],"twitter_card":"summary_large_image","twitter_misc":{"Est. reading time":"2 minutes"},"schema":{"@context":"https:\/\/schema.org","@graph":[{"@type":"WebPage","@id":"https:\/\/www.salve.si\/trgovina\/knjige\/svetniki-in-zivljenjepisi\/na-poti-s-terezijo\/","url":"https:\/\/www.salve.si\/trgovina\/knjige\/svetniki-in-zivljenjepisi\/na-poti-s-terezijo\/","name":"Na poti s Terezijo - Salve","isPartOf":{"@id":"https:\/\/www.salve.si\/#website"},"primaryImageOfPage":{"@id":"https:\/\/www.salve.si\/trgovina\/knjige\/svetniki-in-zivljenjepisi\/na-poti-s-terezijo\/#primaryimage"},"image":{"@id":"https:\/\/www.salve.si\/trgovina\/knjige\/svetniki-in-zivljenjepisi\/na-poti-s-terezijo\/#primaryimage"},"thumbnailUrl":"https:\/\/www.salve.si\/wp-content\/uploads\/2020\/09\/Na-poti-s-Terezijo_NASLOVNICA01.jpg","datePublished":"2020-09-24T16:46:42+00:00","dateModified":"2025-12-03T12:28:53+00:00","breadcrumb":{"@id":"https:\/\/www.salve.si\/trgovina\/knjige\/svetniki-in-zivljenjepisi\/na-poti-s-terezijo\/#breadcrumb"},"inLanguage":"en-US","potentialAction":[{"@type":"ReadAction","target":["https:\/\/www.salve.si\/trgovina\/knjige\/svetniki-in-zivljenjepisi\/na-poti-s-terezijo\/"]}]},{"@type":"ImageObject","inLanguage":"en-US","@id":"https:\/\/www.salve.si\/trgovina\/knjige\/svetniki-in-zivljenjepisi\/na-poti-s-terezijo\/#primaryimage","url":"https:\/\/www.salve.si\/wp-content\/uploads\/2020\/09\/Na-poti-s-Terezijo_NASLOVNICA01.jpg","contentUrl":"https:\/\/www.salve.si\/wp-content\/uploads\/2020\/09\/Na-poti-s-Terezijo_NASLOVNICA01.jpg","width":1295,"height":1295},{"@type":"BreadcrumbList","@id":"https:\/\/www.salve.si\/trgovina\/knjige\/svetniki-in-zivljenjepisi\/na-poti-s-terezijo\/#breadcrumb","itemListElement":[{"@type":"ListItem","position":1,"name":"Home","item":"https:\/\/www.salve.si\/"},{"@type":"ListItem","position":2,"name":"Trgovina","item":"https:\/\/www.salve.si\/trgovina\/"},{"@type":"ListItem","position":3,"name":"Na poti s Terezijo"}]},{"@type":"WebSite","@id":"https:\/\/www.salve.si\/#website","url":"https:\/\/www.salve.si\/","name":"Salve","description":"Salezijanska zalo\u017eba","publisher":{"@id":"https:\/\/www.salve.si\/#organization"},"potentialAction":[{"@type":"SearchAction","target":{"@type":"EntryPoint","urlTemplate":"https:\/\/www.salve.si\/?s={search_term_string}"},"query-input":{"@type":"PropertyValueSpecification","valueRequired":true,"valueName":"search_term_string"}}],"inLanguage":"en-US"},{"@type":"Organization","@id":"https:\/\/www.salve.si\/#organization","name":"Salve d.o.o.","url":"https:\/\/www.salve.si\/","logo":{"@type":"ImageObject","inLanguage":"en-US","@id":"https:\/\/www.salve.si\/#\/schema\/logo\/image\/","url":"https:\/\/www.salve.si\/wp-content\/uploads\/2021\/01\/Salve_logo_modri_nov_web.png","contentUrl":"https:\/\/www.salve.si\/wp-content\/uploads\/2021\/01\/Salve_logo_modri_nov_web.png","width":279,"height":90,"caption":"Salve d.o.o."},"image":{"@id":"https:\/\/www.salve.si\/#\/schema\/logo\/image\/"},"sameAs":["https:\/\/www.facebook.com\/salve.si","https:\/\/www.instagram.com\/zalozbasalve\/","https:\/\/www.linkedin.com\/company\/zalozba-salve\/"]}]}},"_links":{"self":[{"href":"https:\/\/www.salve.si\/en\/wp-json\/wp\/v2\/product\/12192","targetHints":{"allow":["GET"]}}],"collection":[{"href":"https:\/\/www.salve.si\/en\/wp-json\/wp\/v2\/product"}],"about":[{"href":"https:\/\/www.salve.si\/en\/wp-json\/wp\/v2\/types\/product"}],"version-history":[{"count":12,"href":"https:\/\/www.salve.si\/en\/wp-json\/wp\/v2\/product\/12192\/revisions"}],"predecessor-version":[{"id":20678,"href":"https:\/\/www.salve.si\/en\/wp-json\/wp\/v2\/product\/12192\/revisions\/20678"}],"wp:featuredmedia":[{"embeddable":true,"href":"https:\/\/www.salve.si\/en\/wp-json\/wp\/v2\/media\/12194"}],"wp:attachment":[{"href":"https:\/\/www.salve.si\/en\/wp-json\/wp\/v2\/media?parent=12192"}],"wp:term":[{"taxonomy":"product_cat","embeddable":true,"href":"https:\/\/www.salve.si\/en\/wp-json\/wp\/v2\/product_cat?post=12192"},{"taxonomy":"product_tag","embeddable":true,"href":"https:\/\/www.salve.si\/en\/wp-json\/wp\/v2\/product_tag?post=12192"}],"curies":[{"name":"wp","href":"https:\/\/api.w.org\/{rel}","templated":true}]}}