{"id":12184,"date":"2020-09-23T16:23:21","date_gmt":"2020-09-23T14:23:21","guid":{"rendered":"https:\/\/www.salve.si\/?post_type=product&#038;p=12184"},"modified":"2024-05-23T12:16:14","modified_gmt":"2024-05-23T10:16:14","slug":"andrej-majcen-odsev-vzhodnega-neba","status":"publish","type":"product","link":"https:\/\/www.salve.si\/en\/trgovina\/knjige\/svetniki-in-zivljenjepisi\/andrej-majcen-odsev-vzhodnega-neba\/","title":{"rendered":"ANDREJ MAJCEN, Odsev vzhodnega neba"},"content":{"rendered":"<p>Priznan ilustrator Juan Juvan\u010di\u010d je v stripovske okvire ujel zanimive in za marsikoga \u0161e neznane pripetljaje slovenskega salezijanskega misijonarja, Bo\u017ejega slu\u017eabnika Andreja Majcna. Otroke (in star\u0161e ter seveda vse vmes) bodo razveselile \u017eivahne barve, skoraj akcijski prizori in jasno sporo\u010dilo, kako je Andrej Majcen \u017eivel Jezusov evangelij v de\u017eelah daljne Azije.<\/p>\n<p>Salezijanski in\u0161pektor Marko Ko\u0161nik je v kratkem uvodu med drugim zapisal: \u00bbPrepri\u010dan sem, da bo\u0161 navdu\u0161en. S ponosom bo\u0161 ugotovil, da smo Slovenci \u0161tevil\u010dno sicer majhen narod, pa velik po \u0161tevilu junakov! Spoznaj juna\u0161ko pot salezijanskega misijonarja Andreja Majcna, ki odseva na vzhodnem nebu. Hitro se odpravi tja dale\u010d v Azijo in odkrij njegovo zgodbo.\u00ab<span class=\"slv-content-keywords\"> Posebna ponudba Knjige Avtobiografije, \u017eivljenjepisi Juvan\u010di\u010d, Juan <\/span><\/p>","protected":false},"excerpt":{"rendered":"<p>Juna\u0161ka pot salezijanskega misijonarja Andreja Majcna.<\/p>","protected":false},"featured_media":12185,"template":"","meta":{"_acf_changed":false,"footnotes":""},"product_cat":[709,141,315],"product_tag":[],"class_list":{"0":"post-12184","1":"product","2":"type-product","3":"status-publish","4":"has-post-thumbnail","6":"publisher-salve-d-o-o-ljubljana","7":"product_cat-posebna-ponudba","8":"product_cat-knjige","9":"product_cat-svetniki-in-zivljenjepisi","11":"first","12":"outofstock","13":"shipping-taxable","14":"purchasable","15":"product-type-simple"},"acf":[],"yoast_head":"<!-- This site is optimized with the Yoast SEO plugin v23.8 - https:\/\/yoast.com\/wordpress\/plugins\/seo\/ -->\n<title>ANDREJ MAJCEN, Odsev vzhodnega neba - Salve<\/title>\n<meta name=\"robots\" content=\"index, follow, max-snippet:-1, max-image-preview:large, max-video-preview:-1\" \/>\n<link rel=\"canonical\" href=\"https:\/\/www.salve.si\/en\/trgovina\/knjige\/svetniki-in-zivljenjepisi\/andrej-majcen-odsev-vzhodnega-neba\/\" \/>\n<meta property=\"og:locale\" content=\"en_US\" \/>\n<meta property=\"og:type\" content=\"article\" \/>\n<meta property=\"og:title\" content=\"ANDREJ MAJCEN, Odsev vzhodnega neba - Salve\" \/>\n<meta property=\"og:description\" content=\"Juna\u0161ka pot salezijanskega misijonarja Andreja Majcna.\" \/>\n<meta property=\"og:url\" content=\"https:\/\/www.salve.si\/en\/trgovina\/knjige\/svetniki-in-zivljenjepisi\/andrej-majcen-odsev-vzhodnega-neba\/\" \/>\n<meta property=\"og:site_name\" content=\"Salve\" \/>\n<meta property=\"article:publisher\" content=\"https:\/\/www.facebook.com\/salve.si\" \/>\n<meta property=\"article:modified_time\" content=\"2024-05-23T10:16:14+00:00\" \/>\n<meta property=\"og:image\" content=\"https:\/\/www.salve.si\/wp-content\/uploads\/2020\/09\/Andrej_Majcen_Odsev_vzhodnega_neba_NASLOVNICA.jpg\" \/>\n\t<meta property=\"og:image:width\" content=\"1123\" \/>\n\t<meta property=\"og:image:height\" content=\"1713\" \/>\n\t<meta property=\"og:image:type\" content=\"image\/jpeg\" \/>\n<meta name=\"twitter:card\" content=\"summary_large_image\" \/>\n<meta name=\"twitter:label1\" content=\"Est. reading time\" \/>\n\t<meta name=\"twitter:data1\" content=\"1 minute\" \/>\n<script type=\"application\/ld+json\" class=\"yoast-schema-graph\">{\"@context\":\"https:\/\/schema.org\",\"@graph\":[{\"@type\":\"WebPage\",\"@id\":\"https:\/\/www.salve.si\/trgovina\/knjige\/svetniki-in-zivljenjepisi\/andrej-majcen-odsev-vzhodnega-neba\/\",\"url\":\"https:\/\/www.salve.si\/trgovina\/knjige\/svetniki-in-zivljenjepisi\/andrej-majcen-odsev-vzhodnega-neba\/\",\"name\":\"ANDREJ MAJCEN, Odsev vzhodnega neba - Salve\",\"isPartOf\":{\"@id\":\"https:\/\/www.salve.si\/#website\"},\"primaryImageOfPage\":{\"@id\":\"https:\/\/www.salve.si\/trgovina\/knjige\/svetniki-in-zivljenjepisi\/andrej-majcen-odsev-vzhodnega-neba\/#primaryimage\"},\"image\":{\"@id\":\"https:\/\/www.salve.si\/trgovina\/knjige\/svetniki-in-zivljenjepisi\/andrej-majcen-odsev-vzhodnega-neba\/#primaryimage\"},\"thumbnailUrl\":\"https:\/\/www.salve.si\/wp-content\/uploads\/2020\/09\/Andrej_Majcen_Odsev_vzhodnega_neba_NASLOVNICA.jpg\",\"datePublished\":\"2020-09-23T14:23:21+00:00\",\"dateModified\":\"2024-05-23T10:16:14+00:00\",\"breadcrumb\":{\"@id\":\"https:\/\/www.salve.si\/trgovina\/knjige\/svetniki-in-zivljenjepisi\/andrej-majcen-odsev-vzhodnega-neba\/#breadcrumb\"},\"inLanguage\":\"en-US\",\"potentialAction\":[{\"@type\":\"ReadAction\",\"target\":[\"https:\/\/www.salve.si\/trgovina\/knjige\/svetniki-in-zivljenjepisi\/andrej-majcen-odsev-vzhodnega-neba\/\"]}]},{\"@type\":\"ImageObject\",\"inLanguage\":\"en-US\",\"@id\":\"https:\/\/www.salve.si\/trgovina\/knjige\/svetniki-in-zivljenjepisi\/andrej-majcen-odsev-vzhodnega-neba\/#primaryimage\",\"url\":\"https:\/\/www.salve.si\/wp-content\/uploads\/2020\/09\/Andrej_Majcen_Odsev_vzhodnega_neba_NASLOVNICA.jpg\",\"contentUrl\":\"https:\/\/www.salve.si\/wp-content\/uploads\/2020\/09\/Andrej_Majcen_Odsev_vzhodnega_neba_NASLOVNICA.jpg\",\"width\":1123,\"height\":1713},{\"@type\":\"BreadcrumbList\",\"@id\":\"https:\/\/www.salve.si\/trgovina\/knjige\/svetniki-in-zivljenjepisi\/andrej-majcen-odsev-vzhodnega-neba\/#breadcrumb\",\"itemListElement\":[{\"@type\":\"ListItem\",\"position\":1,\"name\":\"Home\",\"item\":\"https:\/\/www.salve.si\/\"},{\"@type\":\"ListItem\",\"position\":2,\"name\":\"Trgovina\",\"item\":\"https:\/\/www.salve.si\/trgovina\/\"},{\"@type\":\"ListItem\",\"position\":3,\"name\":\"ANDREJ MAJCEN, Odsev vzhodnega neba\"}]},{\"@type\":\"WebSite\",\"@id\":\"https:\/\/www.salve.si\/#website\",\"url\":\"https:\/\/www.salve.si\/\",\"name\":\"Salve\",\"description\":\"Salezijanska zalo\u017eba\",\"publisher\":{\"@id\":\"https:\/\/www.salve.si\/#organization\"},\"potentialAction\":[{\"@type\":\"SearchAction\",\"target\":{\"@type\":\"EntryPoint\",\"urlTemplate\":\"https:\/\/www.salve.si\/?s={search_term_string}\"},\"query-input\":{\"@type\":\"PropertyValueSpecification\",\"valueRequired\":true,\"valueName\":\"search_term_string\"}}],\"inLanguage\":\"en-US\"},{\"@type\":\"Organization\",\"@id\":\"https:\/\/www.salve.si\/#organization\",\"name\":\"Salve d.o.o.\",\"url\":\"https:\/\/www.salve.si\/\",\"logo\":{\"@type\":\"ImageObject\",\"inLanguage\":\"en-US\",\"@id\":\"https:\/\/www.salve.si\/#\/schema\/logo\/image\/\",\"url\":\"https:\/\/www.salve.si\/wp-content\/uploads\/2021\/01\/Salve_logo_modri_nov_web.png\",\"contentUrl\":\"https:\/\/www.salve.si\/wp-content\/uploads\/2021\/01\/Salve_logo_modri_nov_web.png\",\"width\":279,\"height\":90,\"caption\":\"Salve d.o.o.\"},\"image\":{\"@id\":\"https:\/\/www.salve.si\/#\/schema\/logo\/image\/\"},\"sameAs\":[\"https:\/\/www.facebook.com\/salve.si\",\"https:\/\/www.instagram.com\/zalozbasalve\/\",\"https:\/\/www.linkedin.com\/company\/zalozba-salve\/\"]}]}<\/script>\n<!-- \/ Yoast SEO plugin. -->","yoast_head_json":{"title":"ANDREJ MAJCEN, Odsev vzhodnega neba - Salve","robots":{"index":"index","follow":"follow","max-snippet":"max-snippet:-1","max-image-preview":"max-image-preview:large","max-video-preview":"max-video-preview:-1"},"canonical":"https:\/\/www.salve.si\/en\/trgovina\/knjige\/svetniki-in-zivljenjepisi\/andrej-majcen-odsev-vzhodnega-neba\/","og_locale":"en_US","og_type":"article","og_title":"ANDREJ MAJCEN, Odsev vzhodnega neba - Salve","og_description":"Juna\u0161ka pot salezijanskega misijonarja Andreja Majcna.","og_url":"https:\/\/www.salve.si\/en\/trgovina\/knjige\/svetniki-in-zivljenjepisi\/andrej-majcen-odsev-vzhodnega-neba\/","og_site_name":"Salve","article_publisher":"https:\/\/www.facebook.com\/salve.si","article_modified_time":"2024-05-23T10:16:14+00:00","og_image":[{"width":1123,"height":1713,"url":"https:\/\/www.salve.si\/wp-content\/uploads\/2020\/09\/Andrej_Majcen_Odsev_vzhodnega_neba_NASLOVNICA.jpg","type":"image\/jpeg"}],"twitter_card":"summary_large_image","twitter_misc":{"Est. reading time":"1 minute"},"schema":{"@context":"https:\/\/schema.org","@graph":[{"@type":"WebPage","@id":"https:\/\/www.salve.si\/trgovina\/knjige\/svetniki-in-zivljenjepisi\/andrej-majcen-odsev-vzhodnega-neba\/","url":"https:\/\/www.salve.si\/trgovina\/knjige\/svetniki-in-zivljenjepisi\/andrej-majcen-odsev-vzhodnega-neba\/","name":"ANDREJ MAJCEN, Odsev vzhodnega neba - Salve","isPartOf":{"@id":"https:\/\/www.salve.si\/#website"},"primaryImageOfPage":{"@id":"https:\/\/www.salve.si\/trgovina\/knjige\/svetniki-in-zivljenjepisi\/andrej-majcen-odsev-vzhodnega-neba\/#primaryimage"},"image":{"@id":"https:\/\/www.salve.si\/trgovina\/knjige\/svetniki-in-zivljenjepisi\/andrej-majcen-odsev-vzhodnega-neba\/#primaryimage"},"thumbnailUrl":"https:\/\/www.salve.si\/wp-content\/uploads\/2020\/09\/Andrej_Majcen_Odsev_vzhodnega_neba_NASLOVNICA.jpg","datePublished":"2020-09-23T14:23:21+00:00","dateModified":"2024-05-23T10:16:14+00:00","breadcrumb":{"@id":"https:\/\/www.salve.si\/trgovina\/knjige\/svetniki-in-zivljenjepisi\/andrej-majcen-odsev-vzhodnega-neba\/#breadcrumb"},"inLanguage":"en-US","potentialAction":[{"@type":"ReadAction","target":["https:\/\/www.salve.si\/trgovina\/knjige\/svetniki-in-zivljenjepisi\/andrej-majcen-odsev-vzhodnega-neba\/"]}]},{"@type":"ImageObject","inLanguage":"en-US","@id":"https:\/\/www.salve.si\/trgovina\/knjige\/svetniki-in-zivljenjepisi\/andrej-majcen-odsev-vzhodnega-neba\/#primaryimage","url":"https:\/\/www.salve.si\/wp-content\/uploads\/2020\/09\/Andrej_Majcen_Odsev_vzhodnega_neba_NASLOVNICA.jpg","contentUrl":"https:\/\/www.salve.si\/wp-content\/uploads\/2020\/09\/Andrej_Majcen_Odsev_vzhodnega_neba_NASLOVNICA.jpg","width":1123,"height":1713},{"@type":"BreadcrumbList","@id":"https:\/\/www.salve.si\/trgovina\/knjige\/svetniki-in-zivljenjepisi\/andrej-majcen-odsev-vzhodnega-neba\/#breadcrumb","itemListElement":[{"@type":"ListItem","position":1,"name":"Home","item":"https:\/\/www.salve.si\/"},{"@type":"ListItem","position":2,"name":"Trgovina","item":"https:\/\/www.salve.si\/trgovina\/"},{"@type":"ListItem","position":3,"name":"ANDREJ MAJCEN, Odsev vzhodnega neba"}]},{"@type":"WebSite","@id":"https:\/\/www.salve.si\/#website","url":"https:\/\/www.salve.si\/","name":"Salve","description":"Salezijanska zalo\u017eba","publisher":{"@id":"https:\/\/www.salve.si\/#organization"},"potentialAction":[{"@type":"SearchAction","target":{"@type":"EntryPoint","urlTemplate":"https:\/\/www.salve.si\/?s={search_term_string}"},"query-input":{"@type":"PropertyValueSpecification","valueRequired":true,"valueName":"search_term_string"}}],"inLanguage":"en-US"},{"@type":"Organization","@id":"https:\/\/www.salve.si\/#organization","name":"Salve d.o.o.","url":"https:\/\/www.salve.si\/","logo":{"@type":"ImageObject","inLanguage":"en-US","@id":"https:\/\/www.salve.si\/#\/schema\/logo\/image\/","url":"https:\/\/www.salve.si\/wp-content\/uploads\/2021\/01\/Salve_logo_modri_nov_web.png","contentUrl":"https:\/\/www.salve.si\/wp-content\/uploads\/2021\/01\/Salve_logo_modri_nov_web.png","width":279,"height":90,"caption":"Salve d.o.o."},"image":{"@id":"https:\/\/www.salve.si\/#\/schema\/logo\/image\/"},"sameAs":["https:\/\/www.facebook.com\/salve.si","https:\/\/www.instagram.com\/zalozbasalve\/","https:\/\/www.linkedin.com\/company\/zalozba-salve\/"]}]}},"_links":{"self":[{"href":"https:\/\/www.salve.si\/en\/wp-json\/wp\/v2\/product\/12184","targetHints":{"allow":["GET"]}}],"collection":[{"href":"https:\/\/www.salve.si\/en\/wp-json\/wp\/v2\/product"}],"about":[{"href":"https:\/\/www.salve.si\/en\/wp-json\/wp\/v2\/types\/product"}],"version-history":[{"count":5,"href":"https:\/\/www.salve.si\/en\/wp-json\/wp\/v2\/product\/12184\/revisions"}],"predecessor-version":[{"id":14964,"href":"https:\/\/www.salve.si\/en\/wp-json\/wp\/v2\/product\/12184\/revisions\/14964"}],"wp:featuredmedia":[{"embeddable":true,"href":"https:\/\/www.salve.si\/en\/wp-json\/wp\/v2\/media\/12185"}],"wp:attachment":[{"href":"https:\/\/www.salve.si\/en\/wp-json\/wp\/v2\/media?parent=12184"}],"wp:term":[{"taxonomy":"product_cat","embeddable":true,"href":"https:\/\/www.salve.si\/en\/wp-json\/wp\/v2\/product_cat?post=12184"},{"taxonomy":"product_tag","embeddable":true,"href":"https:\/\/www.salve.si\/en\/wp-json\/wp\/v2\/product_tag?post=12184"}],"curies":[{"name":"wp","href":"https:\/\/api.w.org\/{rel}","templated":true}]}}