{"id":12060,"date":"2020-09-03T09:27:37","date_gmt":"2020-09-03T07:27:37","guid":{"rendered":"https:\/\/www.salve.si\/?post_type=product&#038;p=12060"},"modified":"2026-01-01T00:00:10","modified_gmt":"2025-12-31T23:00:10","slug":"ucitelj-nauci-nas-moliti","status":"publish","type":"product","link":"https:\/\/www.salve.si\/en\/trgovina\/knjige\/prirocniki\/ucitelj-nauci-nas-moliti\/","title":{"rendered":"U\u010ditelj, nau\u010di nas moliti"},"content":{"rendered":"<p><img loading=\"lazy\" decoding=\"async\" class=\"alignnone size-medium wp-image-12061\" src=\"https:\/\/www.salve.si\/wp-content\/uploads\/2020\/09\/Ucitelj_nauci_nas_moliti_NASLOVNICA02-300x300.jpg\" alt=\"\" width=\"300\" height=\"300\" srcset=\"https:\/\/www.salve.si\/wp-content\/uploads\/2020\/09\/Ucitelj_nauci_nas_moliti_NASLOVNICA02-300x300.jpg 300w, https:\/\/www.salve.si\/wp-content\/uploads\/2020\/09\/Ucitelj_nauci_nas_moliti_NASLOVNICA02-1024x1024.jpg 1024w, https:\/\/www.salve.si\/wp-content\/uploads\/2020\/09\/Ucitelj_nauci_nas_moliti_NASLOVNICA02-150x150.jpg 150w, https:\/\/www.salve.si\/wp-content\/uploads\/2020\/09\/Ucitelj_nauci_nas_moliti_NASLOVNICA02-768x768.jpg 768w, https:\/\/www.salve.si\/wp-content\/uploads\/2020\/09\/Ucitelj_nauci_nas_moliti_NASLOVNICA02-750x750.jpg 750w, https:\/\/www.salve.si\/wp-content\/uploads\/2020\/09\/Ucitelj_nauci_nas_moliti_NASLOVNICA02-400x400.jpg 400w, https:\/\/www.salve.si\/wp-content\/uploads\/2020\/09\/Ucitelj_nauci_nas_moliti_NASLOVNICA02-250x250.jpg 250w, https:\/\/www.salve.si\/wp-content\/uploads\/2020\/09\/Ucitelj_nauci_nas_moliti_NASLOVNICA02-1150x1150.jpg 1150w, https:\/\/www.salve.si\/wp-content\/uploads\/2020\/09\/Ucitelj_nauci_nas_moliti_NASLOVNICA02-75x75.jpg 75w, https:\/\/www.salve.si\/wp-content\/uploads\/2020\/09\/Ucitelj_nauci_nas_moliti_NASLOVNICA02-325x325.jpg 325w, https:\/\/www.salve.si\/wp-content\/uploads\/2020\/09\/Ucitelj_nauci_nas_moliti_NASLOVNICA02-100x100.jpg 100w, https:\/\/www.salve.si\/wp-content\/uploads\/2020\/09\/Ucitelj_nauci_nas_moliti_NASLOVNICA02.jpg 1475w\" sizes=\"auto, (max-width: 300px) 100vw, 300px\" \/><\/p>\n<p>Molitev je velik in zahteven dar. Ni v tem, da se nau\u010dimo nekaterih pojmov, ampak je na\u010din \u017eivljenja. In vendar lahko v enem mesecu postavimo temelje resnemu uvajanju v molitev.<\/p>\n<p><em>U\u010ditelj, nau\u010di nas moliti<\/em> je pravi priro\u010dnik \u0161ole molitve italijanskega duhovnika Andrea Gasparina, ki je ustanovil priznan center duhovnosti v italijanskem Cuneu ter kontemplativno misijonsko gibanje Padre de Foucauld.<\/p>\n<p>Priro\u010dnik je zasnovan zelo preprosto: v mesecu dni nas vsak dan prakti\u010dno in vsebinsko vodi in usmerja v poglabljanju prave molitve ter nas od besed vodi k na\u010dinu \u017eivljenja.<\/p>\n<p>Pogovor s prevajalcem knjige:\u00a0<a href=\"https:\/\/donbosko.si\/pot-do-molitve-ljubezni\/\">https:\/\/donbosko.si\/pot-do-molitve-ljubezni\/<\/a><\/p>\n<p><span class=\"slv-content-keywords\"> Andrea Gasparino Posebna ponudba Knjige Priro\u010dniki kr\u0161\u010danska duhovnost kr\u0161\u010danstvo molitev priro\u010dniki \u0161ola molitve <\/span><\/p>","protected":false},"excerpt":{"rendered":"<p>NAU\u010cIMO SE MOLITI<\/p>\n<p>Knjiga pripelje do molitve srca. Ima jasno sporo\u010dilo, da bodimo stanovitni v molitvi &#8230; vzemimo si \u010das za molitev in bodimo ljube\u010di.<\/p>","protected":false},"featured_media":12061,"template":"","meta":{"_acf_changed":false,"footnotes":""},"product_cat":[709,141,316],"product_tag":[981,982,766,983,980],"class_list":{"0":"post-12060","1":"product","2":"type-product","3":"status-publish","4":"has-post-thumbnail","6":"authors-andrea-gasparino","7":"publisher-salve-d-o-o-ljubljana","8":"product_cat-posebna-ponudba","9":"product_cat-knjige","10":"product_cat-prirocniki","11":"product_tag-krscanska-duhovnost","12":"product_tag-krscanstvo","13":"product_tag-molitev","14":"product_tag-prirocniki","15":"product_tag-sola-molitve","17":"first","18":"instock","19":"shipping-taxable","20":"purchasable","21":"product-type-simple"},"acf":[],"yoast_head":"<!-- This site is optimized with the Yoast SEO plugin v23.8 - https:\/\/yoast.com\/wordpress\/plugins\/seo\/ -->\n<title>U\u010ditelj, nau\u010di nas moliti - Salve<\/title>\n<meta name=\"robots\" content=\"index, follow, max-snippet:-1, max-image-preview:large, max-video-preview:-1\" \/>\n<link rel=\"canonical\" href=\"https:\/\/www.salve.si\/en\/trgovina\/knjige\/prirocniki\/ucitelj-nauci-nas-moliti\/\" \/>\n<meta property=\"og:locale\" content=\"en_US\" \/>\n<meta property=\"og:type\" content=\"article\" \/>\n<meta property=\"og:title\" content=\"U\u010ditelj, nau\u010di nas moliti - Salve\" \/>\n<meta property=\"og:description\" content=\"NAU\u010cIMO SE MOLITI  Knjiga pripelje do molitve srca. Ima jasno sporo\u010dilo, da bodimo stanovitni v molitvi ... vzemimo si \u010das za molitev in bodimo ljube\u010di.\" \/>\n<meta property=\"og:url\" content=\"https:\/\/www.salve.si\/en\/trgovina\/knjige\/prirocniki\/ucitelj-nauci-nas-moliti\/\" \/>\n<meta property=\"og:site_name\" content=\"Salve\" \/>\n<meta property=\"article:publisher\" content=\"https:\/\/www.facebook.com\/salve.si\" \/>\n<meta property=\"article:modified_time\" content=\"2025-12-31T23:00:10+00:00\" \/>\n<meta property=\"og:image\" content=\"https:\/\/www.salve.si\/wp-content\/uploads\/2020\/09\/Ucitelj_nauci_nas_moliti_NASLOVNICA02.jpg\" \/>\n\t<meta property=\"og:image:width\" content=\"1475\" \/>\n\t<meta property=\"og:image:height\" content=\"1475\" \/>\n\t<meta property=\"og:image:type\" content=\"image\/jpeg\" \/>\n<meta name=\"twitter:card\" content=\"summary_large_image\" \/>\n<meta name=\"twitter:label1\" content=\"Est. reading time\" \/>\n\t<meta name=\"twitter:data1\" content=\"1 minute\" \/>\n<script type=\"application\/ld+json\" class=\"yoast-schema-graph\">{\"@context\":\"https:\/\/schema.org\",\"@graph\":[{\"@type\":\"WebPage\",\"@id\":\"https:\/\/www.salve.si\/trgovina\/knjige\/prirocniki\/ucitelj-nauci-nas-moliti\/\",\"url\":\"https:\/\/www.salve.si\/trgovina\/knjige\/prirocniki\/ucitelj-nauci-nas-moliti\/\",\"name\":\"U\u010ditelj, nau\u010di nas moliti - Salve\",\"isPartOf\":{\"@id\":\"https:\/\/www.salve.si\/#website\"},\"primaryImageOfPage\":{\"@id\":\"https:\/\/www.salve.si\/trgovina\/knjige\/prirocniki\/ucitelj-nauci-nas-moliti\/#primaryimage\"},\"image\":{\"@id\":\"https:\/\/www.salve.si\/trgovina\/knjige\/prirocniki\/ucitelj-nauci-nas-moliti\/#primaryimage\"},\"thumbnailUrl\":\"https:\/\/www.salve.si\/wp-content\/uploads\/2020\/09\/Ucitelj_nauci_nas_moliti_NASLOVNICA02.jpg\",\"datePublished\":\"2020-09-03T07:27:37+00:00\",\"dateModified\":\"2025-12-31T23:00:10+00:00\",\"breadcrumb\":{\"@id\":\"https:\/\/www.salve.si\/trgovina\/knjige\/prirocniki\/ucitelj-nauci-nas-moliti\/#breadcrumb\"},\"inLanguage\":\"en-US\",\"potentialAction\":[{\"@type\":\"ReadAction\",\"target\":[\"https:\/\/www.salve.si\/trgovina\/knjige\/prirocniki\/ucitelj-nauci-nas-moliti\/\"]}]},{\"@type\":\"ImageObject\",\"inLanguage\":\"en-US\",\"@id\":\"https:\/\/www.salve.si\/trgovina\/knjige\/prirocniki\/ucitelj-nauci-nas-moliti\/#primaryimage\",\"url\":\"https:\/\/www.salve.si\/wp-content\/uploads\/2020\/09\/Ucitelj_nauci_nas_moliti_NASLOVNICA02.jpg\",\"contentUrl\":\"https:\/\/www.salve.si\/wp-content\/uploads\/2020\/09\/Ucitelj_nauci_nas_moliti_NASLOVNICA02.jpg\",\"width\":1475,\"height\":1475},{\"@type\":\"BreadcrumbList\",\"@id\":\"https:\/\/www.salve.si\/trgovina\/knjige\/prirocniki\/ucitelj-nauci-nas-moliti\/#breadcrumb\",\"itemListElement\":[{\"@type\":\"ListItem\",\"position\":1,\"name\":\"Home\",\"item\":\"https:\/\/www.salve.si\/\"},{\"@type\":\"ListItem\",\"position\":2,\"name\":\"Trgovina\",\"item\":\"https:\/\/www.salve.si\/trgovina\/\"},{\"@type\":\"ListItem\",\"position\":3,\"name\":\"U\u010ditelj, nau\u010di nas moliti\"}]},{\"@type\":\"WebSite\",\"@id\":\"https:\/\/www.salve.si\/#website\",\"url\":\"https:\/\/www.salve.si\/\",\"name\":\"Salve\",\"description\":\"Salezijanska zalo\u017eba\",\"publisher\":{\"@id\":\"https:\/\/www.salve.si\/#organization\"},\"potentialAction\":[{\"@type\":\"SearchAction\",\"target\":{\"@type\":\"EntryPoint\",\"urlTemplate\":\"https:\/\/www.salve.si\/?s={search_term_string}\"},\"query-input\":{\"@type\":\"PropertyValueSpecification\",\"valueRequired\":true,\"valueName\":\"search_term_string\"}}],\"inLanguage\":\"en-US\"},{\"@type\":\"Organization\",\"@id\":\"https:\/\/www.salve.si\/#organization\",\"name\":\"Salve d.o.o.\",\"url\":\"https:\/\/www.salve.si\/\",\"logo\":{\"@type\":\"ImageObject\",\"inLanguage\":\"en-US\",\"@id\":\"https:\/\/www.salve.si\/#\/schema\/logo\/image\/\",\"url\":\"https:\/\/www.salve.si\/wp-content\/uploads\/2021\/01\/Salve_logo_modri_nov_web.png\",\"contentUrl\":\"https:\/\/www.salve.si\/wp-content\/uploads\/2021\/01\/Salve_logo_modri_nov_web.png\",\"width\":279,\"height\":90,\"caption\":\"Salve d.o.o.\"},\"image\":{\"@id\":\"https:\/\/www.salve.si\/#\/schema\/logo\/image\/\"},\"sameAs\":[\"https:\/\/www.facebook.com\/salve.si\",\"https:\/\/www.instagram.com\/zalozbasalve\/\",\"https:\/\/www.linkedin.com\/company\/zalozba-salve\/\"]}]}<\/script>\n<!-- \/ Yoast SEO plugin. -->","yoast_head_json":{"title":"U\u010ditelj, nau\u010di nas moliti - Salve","robots":{"index":"index","follow":"follow","max-snippet":"max-snippet:-1","max-image-preview":"max-image-preview:large","max-video-preview":"max-video-preview:-1"},"canonical":"https:\/\/www.salve.si\/en\/trgovina\/knjige\/prirocniki\/ucitelj-nauci-nas-moliti\/","og_locale":"en_US","og_type":"article","og_title":"U\u010ditelj, nau\u010di nas moliti - Salve","og_description":"NAU\u010cIMO SE MOLITI  Knjiga pripelje do molitve srca. Ima jasno sporo\u010dilo, da bodimo stanovitni v molitvi ... vzemimo si \u010das za molitev in bodimo ljube\u010di.","og_url":"https:\/\/www.salve.si\/en\/trgovina\/knjige\/prirocniki\/ucitelj-nauci-nas-moliti\/","og_site_name":"Salve","article_publisher":"https:\/\/www.facebook.com\/salve.si","article_modified_time":"2025-12-31T23:00:10+00:00","og_image":[{"width":1475,"height":1475,"url":"https:\/\/www.salve.si\/wp-content\/uploads\/2020\/09\/Ucitelj_nauci_nas_moliti_NASLOVNICA02.jpg","type":"image\/jpeg"}],"twitter_card":"summary_large_image","twitter_misc":{"Est. reading time":"1 minute"},"schema":{"@context":"https:\/\/schema.org","@graph":[{"@type":"WebPage","@id":"https:\/\/www.salve.si\/trgovina\/knjige\/prirocniki\/ucitelj-nauci-nas-moliti\/","url":"https:\/\/www.salve.si\/trgovina\/knjige\/prirocniki\/ucitelj-nauci-nas-moliti\/","name":"U\u010ditelj, nau\u010di nas moliti - Salve","isPartOf":{"@id":"https:\/\/www.salve.si\/#website"},"primaryImageOfPage":{"@id":"https:\/\/www.salve.si\/trgovina\/knjige\/prirocniki\/ucitelj-nauci-nas-moliti\/#primaryimage"},"image":{"@id":"https:\/\/www.salve.si\/trgovina\/knjige\/prirocniki\/ucitelj-nauci-nas-moliti\/#primaryimage"},"thumbnailUrl":"https:\/\/www.salve.si\/wp-content\/uploads\/2020\/09\/Ucitelj_nauci_nas_moliti_NASLOVNICA02.jpg","datePublished":"2020-09-03T07:27:37+00:00","dateModified":"2025-12-31T23:00:10+00:00","breadcrumb":{"@id":"https:\/\/www.salve.si\/trgovina\/knjige\/prirocniki\/ucitelj-nauci-nas-moliti\/#breadcrumb"},"inLanguage":"en-US","potentialAction":[{"@type":"ReadAction","target":["https:\/\/www.salve.si\/trgovina\/knjige\/prirocniki\/ucitelj-nauci-nas-moliti\/"]}]},{"@type":"ImageObject","inLanguage":"en-US","@id":"https:\/\/www.salve.si\/trgovina\/knjige\/prirocniki\/ucitelj-nauci-nas-moliti\/#primaryimage","url":"https:\/\/www.salve.si\/wp-content\/uploads\/2020\/09\/Ucitelj_nauci_nas_moliti_NASLOVNICA02.jpg","contentUrl":"https:\/\/www.salve.si\/wp-content\/uploads\/2020\/09\/Ucitelj_nauci_nas_moliti_NASLOVNICA02.jpg","width":1475,"height":1475},{"@type":"BreadcrumbList","@id":"https:\/\/www.salve.si\/trgovina\/knjige\/prirocniki\/ucitelj-nauci-nas-moliti\/#breadcrumb","itemListElement":[{"@type":"ListItem","position":1,"name":"Home","item":"https:\/\/www.salve.si\/"},{"@type":"ListItem","position":2,"name":"Trgovina","item":"https:\/\/www.salve.si\/trgovina\/"},{"@type":"ListItem","position":3,"name":"U\u010ditelj, nau\u010di nas moliti"}]},{"@type":"WebSite","@id":"https:\/\/www.salve.si\/#website","url":"https:\/\/www.salve.si\/","name":"Salve","description":"Salezijanska zalo\u017eba","publisher":{"@id":"https:\/\/www.salve.si\/#organization"},"potentialAction":[{"@type":"SearchAction","target":{"@type":"EntryPoint","urlTemplate":"https:\/\/www.salve.si\/?s={search_term_string}"},"query-input":{"@type":"PropertyValueSpecification","valueRequired":true,"valueName":"search_term_string"}}],"inLanguage":"en-US"},{"@type":"Organization","@id":"https:\/\/www.salve.si\/#organization","name":"Salve d.o.o.","url":"https:\/\/www.salve.si\/","logo":{"@type":"ImageObject","inLanguage":"en-US","@id":"https:\/\/www.salve.si\/#\/schema\/logo\/image\/","url":"https:\/\/www.salve.si\/wp-content\/uploads\/2021\/01\/Salve_logo_modri_nov_web.png","contentUrl":"https:\/\/www.salve.si\/wp-content\/uploads\/2021\/01\/Salve_logo_modri_nov_web.png","width":279,"height":90,"caption":"Salve d.o.o."},"image":{"@id":"https:\/\/www.salve.si\/#\/schema\/logo\/image\/"},"sameAs":["https:\/\/www.facebook.com\/salve.si","https:\/\/www.instagram.com\/zalozbasalve\/","https:\/\/www.linkedin.com\/company\/zalozba-salve\/"]}]}},"_links":{"self":[{"href":"https:\/\/www.salve.si\/en\/wp-json\/wp\/v2\/product\/12060","targetHints":{"allow":["GET"]}}],"collection":[{"href":"https:\/\/www.salve.si\/en\/wp-json\/wp\/v2\/product"}],"about":[{"href":"https:\/\/www.salve.si\/en\/wp-json\/wp\/v2\/types\/product"}],"version-history":[{"count":11,"href":"https:\/\/www.salve.si\/en\/wp-json\/wp\/v2\/product\/12060\/revisions"}],"predecessor-version":[{"id":17856,"href":"https:\/\/www.salve.si\/en\/wp-json\/wp\/v2\/product\/12060\/revisions\/17856"}],"wp:featuredmedia":[{"embeddable":true,"href":"https:\/\/www.salve.si\/en\/wp-json\/wp\/v2\/media\/12061"}],"wp:attachment":[{"href":"https:\/\/www.salve.si\/en\/wp-json\/wp\/v2\/media?parent=12060"}],"wp:term":[{"taxonomy":"product_cat","embeddable":true,"href":"https:\/\/www.salve.si\/en\/wp-json\/wp\/v2\/product_cat?post=12060"},{"taxonomy":"product_tag","embeddable":true,"href":"https:\/\/www.salve.si\/en\/wp-json\/wp\/v2\/product_tag?post=12060"}],"curies":[{"name":"wp","href":"https:\/\/api.w.org\/{rel}","templated":true}]}}