{"id":11622,"date":"2020-05-16T11:40:01","date_gmt":"2020-05-16T09:40:01","guid":{"rendered":"https:\/\/www.salve.si\/?post_type=product&#038;p=11622"},"modified":"2020-08-24T08:38:06","modified_gmt":"2020-08-24T06:38:06","slug":"evharistija-v-soli-svetnikov","status":"publish","type":"product","link":"https:\/\/www.salve.si\/en\/trgovina\/knjige\/evharistija-v-soli-svetnikov\/","title":{"rendered":"EVHARISTIJA V \u0160OLI SVETNIKOV"},"content":{"rendered":"<p>Svetniki in sveto \u017eive\u010di kristjani, s katerimi se bomo sre\u010dali v leto\u0161njih vrtnicah, nam bodo pomagali, da bo sveta Evharistija za nas postala \u00bblu\u010d in mo\u010d\u00ab za na\u0161e vsakdanje \u017eivljenje. Hkrati bomo spoznali tudi nujnost in veli\u010dino duhovni\u0161ke slu\u017ebe, brez katere ni nobene ma\u0161ne daritve.<\/p>\n<p>Za vse nas velja pape\u017eev poziv: \u00bbVi, dragi verniki, vnovi\u010d odkrijte dar Evharistije kot lu\u010d in mo\u010d za va\u0161e vsakdanje \u017eivljenje v svetu, pri nalogah va\u0161ega poklica in v najbolj raznolikih okoli\u0161\u010dinah.\u00ab<span class=\"slv-content-keywords\"> V \u0161oli najsvetej\u0161ih src Anton Nadrah Knjige evharistija svetniki Vrtnice za leto 2020 ob 20-letnici vrtnic <\/span><\/p>","protected":false},"excerpt":{"rendered":"<p>Mesec junij je mesec Jezusovega Srca. Leto\u0161nje vrtnice nam predstavijo sveto Evharistijo, ki ponavzo\u010duje Kalvarijo z Jezusom na kri\u017eu in z njegovim prebodenim Srcem. Ljubezen, ki je pripravljena iti na kri\u017e, je najbolj odre\u0161ilna in pri\u010devalna. Tak\u0161na je ljubezen Jezusovega Srca.<\/p>","protected":false},"featured_media":11623,"template":"","meta":{"_acf_changed":false,"footnotes":""},"product_cat":[141],"product_tag":[898,954],"class_list":{"0":"post-11622","1":"product","2":"type-product","3":"status-publish","4":"has-post-thumbnail","6":"zbirke-v-soli-najsvetejsih-src","7":"authors-anton-nadrah","8":"publisher-salve-d-o-o-ljubljana","9":"product_cat-knjige","10":"product_tag-evharistija","11":"product_tag-svetniki","13":"first","14":"onbackorder","15":"shipping-taxable","16":"purchasable","17":"product-type-simple"},"acf":[],"yoast_head":"<!-- This site is optimized with the Yoast SEO plugin v23.8 - https:\/\/yoast.com\/wordpress\/plugins\/seo\/ -->\n<title>EVHARISTIJA V \u0160OLI SVETNIKOV - Salve<\/title>\n<meta name=\"robots\" content=\"index, follow, max-snippet:-1, max-image-preview:large, max-video-preview:-1\" \/>\n<link rel=\"canonical\" href=\"https:\/\/www.salve.si\/en\/trgovina\/knjige\/evharistija-v-soli-svetnikov\/\" \/>\n<meta property=\"og:locale\" content=\"en_US\" \/>\n<meta property=\"og:type\" content=\"article\" \/>\n<meta property=\"og:title\" content=\"EVHARISTIJA V \u0160OLI SVETNIKOV - Salve\" \/>\n<meta property=\"og:description\" content=\"Mesec junij je mesec Jezusovega Srca. Leto\u0161nje vrtnice nam predstavijo sveto Evharistijo, ki ponavzo\u010duje Kalvarijo z Jezusom na kri\u017eu in z njegovim prebodenim Srcem. Ljubezen, ki je pripravljena iti na kri\u017e, je najbolj odre\u0161ilna in pri\u010devalna. Tak\u0161na je ljubezen Jezusovega Srca.\" \/>\n<meta property=\"og:url\" content=\"https:\/\/www.salve.si\/en\/trgovina\/knjige\/evharistija-v-soli-svetnikov\/\" \/>\n<meta property=\"og:site_name\" content=\"Salve\" \/>\n<meta property=\"article:publisher\" content=\"https:\/\/www.facebook.com\/salve.si\" \/>\n<meta property=\"article:modified_time\" content=\"2020-08-24T06:38:06+00:00\" \/>\n<meta property=\"og:image\" content=\"https:\/\/www.salve.si\/wp-content\/uploads\/2020\/05\/Vrtnice2020_Naslovnica.jpg\" \/>\n\t<meta property=\"og:image:width\" content=\"1332\" \/>\n\t<meta property=\"og:image:height\" content=\"1894\" \/>\n\t<meta property=\"og:image:type\" content=\"image\/jpeg\" \/>\n<meta name=\"twitter:card\" content=\"summary_large_image\" \/>\n<meta name=\"twitter:label1\" content=\"Est. reading time\" \/>\n\t<meta name=\"twitter:data1\" content=\"1 minute\" \/>\n<script type=\"application\/ld+json\" class=\"yoast-schema-graph\">{\"@context\":\"https:\/\/schema.org\",\"@graph\":[{\"@type\":\"WebPage\",\"@id\":\"https:\/\/www.salve.si\/trgovina\/knjige\/evharistija-v-soli-svetnikov\/\",\"url\":\"https:\/\/www.salve.si\/trgovina\/knjige\/evharistija-v-soli-svetnikov\/\",\"name\":\"EVHARISTIJA V \u0160OLI SVETNIKOV - Salve\",\"isPartOf\":{\"@id\":\"https:\/\/www.salve.si\/#website\"},\"primaryImageOfPage\":{\"@id\":\"https:\/\/www.salve.si\/trgovina\/knjige\/evharistija-v-soli-svetnikov\/#primaryimage\"},\"image\":{\"@id\":\"https:\/\/www.salve.si\/trgovina\/knjige\/evharistija-v-soli-svetnikov\/#primaryimage\"},\"thumbnailUrl\":\"https:\/\/www.salve.si\/wp-content\/uploads\/2020\/05\/Vrtnice2020_Naslovnica.jpg\",\"datePublished\":\"2020-05-16T09:40:01+00:00\",\"dateModified\":\"2020-08-24T06:38:06+00:00\",\"breadcrumb\":{\"@id\":\"https:\/\/www.salve.si\/trgovina\/knjige\/evharistija-v-soli-svetnikov\/#breadcrumb\"},\"inLanguage\":\"en-US\",\"potentialAction\":[{\"@type\":\"ReadAction\",\"target\":[\"https:\/\/www.salve.si\/trgovina\/knjige\/evharistija-v-soli-svetnikov\/\"]}]},{\"@type\":\"ImageObject\",\"inLanguage\":\"en-US\",\"@id\":\"https:\/\/www.salve.si\/trgovina\/knjige\/evharistija-v-soli-svetnikov\/#primaryimage\",\"url\":\"https:\/\/www.salve.si\/wp-content\/uploads\/2020\/05\/Vrtnice2020_Naslovnica.jpg\",\"contentUrl\":\"https:\/\/www.salve.si\/wp-content\/uploads\/2020\/05\/Vrtnice2020_Naslovnica.jpg\",\"width\":1332,\"height\":1894},{\"@type\":\"BreadcrumbList\",\"@id\":\"https:\/\/www.salve.si\/trgovina\/knjige\/evharistija-v-soli-svetnikov\/#breadcrumb\",\"itemListElement\":[{\"@type\":\"ListItem\",\"position\":1,\"name\":\"Home\",\"item\":\"https:\/\/www.salve.si\/\"},{\"@type\":\"ListItem\",\"position\":2,\"name\":\"Trgovina\",\"item\":\"https:\/\/www.salve.si\/trgovina\/\"},{\"@type\":\"ListItem\",\"position\":3,\"name\":\"EVHARISTIJA V \u0160OLI SVETNIKOV\"}]},{\"@type\":\"WebSite\",\"@id\":\"https:\/\/www.salve.si\/#website\",\"url\":\"https:\/\/www.salve.si\/\",\"name\":\"Salve\",\"description\":\"Salezijanska zalo\u017eba\",\"publisher\":{\"@id\":\"https:\/\/www.salve.si\/#organization\"},\"potentialAction\":[{\"@type\":\"SearchAction\",\"target\":{\"@type\":\"EntryPoint\",\"urlTemplate\":\"https:\/\/www.salve.si\/?s={search_term_string}\"},\"query-input\":{\"@type\":\"PropertyValueSpecification\",\"valueRequired\":true,\"valueName\":\"search_term_string\"}}],\"inLanguage\":\"en-US\"},{\"@type\":\"Organization\",\"@id\":\"https:\/\/www.salve.si\/#organization\",\"name\":\"Salve d.o.o.\",\"url\":\"https:\/\/www.salve.si\/\",\"logo\":{\"@type\":\"ImageObject\",\"inLanguage\":\"en-US\",\"@id\":\"https:\/\/www.salve.si\/#\/schema\/logo\/image\/\",\"url\":\"https:\/\/www.salve.si\/wp-content\/uploads\/2021\/01\/Salve_logo_modri_nov_web.png\",\"contentUrl\":\"https:\/\/www.salve.si\/wp-content\/uploads\/2021\/01\/Salve_logo_modri_nov_web.png\",\"width\":279,\"height\":90,\"caption\":\"Salve d.o.o.\"},\"image\":{\"@id\":\"https:\/\/www.salve.si\/#\/schema\/logo\/image\/\"},\"sameAs\":[\"https:\/\/www.facebook.com\/salve.si\",\"https:\/\/www.instagram.com\/zalozbasalve\/\",\"https:\/\/www.linkedin.com\/company\/zalozba-salve\/\"]}]}<\/script>\n<!-- \/ Yoast SEO plugin. -->","yoast_head_json":{"title":"EVHARISTIJA V \u0160OLI SVETNIKOV - Salve","robots":{"index":"index","follow":"follow","max-snippet":"max-snippet:-1","max-image-preview":"max-image-preview:large","max-video-preview":"max-video-preview:-1"},"canonical":"https:\/\/www.salve.si\/en\/trgovina\/knjige\/evharistija-v-soli-svetnikov\/","og_locale":"en_US","og_type":"article","og_title":"EVHARISTIJA V \u0160OLI SVETNIKOV - Salve","og_description":"Mesec junij je mesec Jezusovega Srca. Leto\u0161nje vrtnice nam predstavijo sveto Evharistijo, ki ponavzo\u010duje Kalvarijo z Jezusom na kri\u017eu in z njegovim prebodenim Srcem. Ljubezen, ki je pripravljena iti na kri\u017e, je najbolj odre\u0161ilna in pri\u010devalna. Tak\u0161na je ljubezen Jezusovega Srca.","og_url":"https:\/\/www.salve.si\/en\/trgovina\/knjige\/evharistija-v-soli-svetnikov\/","og_site_name":"Salve","article_publisher":"https:\/\/www.facebook.com\/salve.si","article_modified_time":"2020-08-24T06:38:06+00:00","og_image":[{"width":1332,"height":1894,"url":"https:\/\/www.salve.si\/wp-content\/uploads\/2020\/05\/Vrtnice2020_Naslovnica.jpg","type":"image\/jpeg"}],"twitter_card":"summary_large_image","twitter_misc":{"Est. reading time":"1 minute"},"schema":{"@context":"https:\/\/schema.org","@graph":[{"@type":"WebPage","@id":"https:\/\/www.salve.si\/trgovina\/knjige\/evharistija-v-soli-svetnikov\/","url":"https:\/\/www.salve.si\/trgovina\/knjige\/evharistija-v-soli-svetnikov\/","name":"EVHARISTIJA V \u0160OLI SVETNIKOV - Salve","isPartOf":{"@id":"https:\/\/www.salve.si\/#website"},"primaryImageOfPage":{"@id":"https:\/\/www.salve.si\/trgovina\/knjige\/evharistija-v-soli-svetnikov\/#primaryimage"},"image":{"@id":"https:\/\/www.salve.si\/trgovina\/knjige\/evharistija-v-soli-svetnikov\/#primaryimage"},"thumbnailUrl":"https:\/\/www.salve.si\/wp-content\/uploads\/2020\/05\/Vrtnice2020_Naslovnica.jpg","datePublished":"2020-05-16T09:40:01+00:00","dateModified":"2020-08-24T06:38:06+00:00","breadcrumb":{"@id":"https:\/\/www.salve.si\/trgovina\/knjige\/evharistija-v-soli-svetnikov\/#breadcrumb"},"inLanguage":"en-US","potentialAction":[{"@type":"ReadAction","target":["https:\/\/www.salve.si\/trgovina\/knjige\/evharistija-v-soli-svetnikov\/"]}]},{"@type":"ImageObject","inLanguage":"en-US","@id":"https:\/\/www.salve.si\/trgovina\/knjige\/evharistija-v-soli-svetnikov\/#primaryimage","url":"https:\/\/www.salve.si\/wp-content\/uploads\/2020\/05\/Vrtnice2020_Naslovnica.jpg","contentUrl":"https:\/\/www.salve.si\/wp-content\/uploads\/2020\/05\/Vrtnice2020_Naslovnica.jpg","width":1332,"height":1894},{"@type":"BreadcrumbList","@id":"https:\/\/www.salve.si\/trgovina\/knjige\/evharistija-v-soli-svetnikov\/#breadcrumb","itemListElement":[{"@type":"ListItem","position":1,"name":"Home","item":"https:\/\/www.salve.si\/"},{"@type":"ListItem","position":2,"name":"Trgovina","item":"https:\/\/www.salve.si\/trgovina\/"},{"@type":"ListItem","position":3,"name":"EVHARISTIJA V \u0160OLI SVETNIKOV"}]},{"@type":"WebSite","@id":"https:\/\/www.salve.si\/#website","url":"https:\/\/www.salve.si\/","name":"Salve","description":"Salezijanska zalo\u017eba","publisher":{"@id":"https:\/\/www.salve.si\/#organization"},"potentialAction":[{"@type":"SearchAction","target":{"@type":"EntryPoint","urlTemplate":"https:\/\/www.salve.si\/?s={search_term_string}"},"query-input":{"@type":"PropertyValueSpecification","valueRequired":true,"valueName":"search_term_string"}}],"inLanguage":"en-US"},{"@type":"Organization","@id":"https:\/\/www.salve.si\/#organization","name":"Salve d.o.o.","url":"https:\/\/www.salve.si\/","logo":{"@type":"ImageObject","inLanguage":"en-US","@id":"https:\/\/www.salve.si\/#\/schema\/logo\/image\/","url":"https:\/\/www.salve.si\/wp-content\/uploads\/2021\/01\/Salve_logo_modri_nov_web.png","contentUrl":"https:\/\/www.salve.si\/wp-content\/uploads\/2021\/01\/Salve_logo_modri_nov_web.png","width":279,"height":90,"caption":"Salve d.o.o."},"image":{"@id":"https:\/\/www.salve.si\/#\/schema\/logo\/image\/"},"sameAs":["https:\/\/www.facebook.com\/salve.si","https:\/\/www.instagram.com\/zalozbasalve\/","https:\/\/www.linkedin.com\/company\/zalozba-salve\/"]}]}},"_links":{"self":[{"href":"https:\/\/www.salve.si\/en\/wp-json\/wp\/v2\/product\/11622","targetHints":{"allow":["GET"]}}],"collection":[{"href":"https:\/\/www.salve.si\/en\/wp-json\/wp\/v2\/product"}],"about":[{"href":"https:\/\/www.salve.si\/en\/wp-json\/wp\/v2\/types\/product"}],"version-history":[{"count":1,"href":"https:\/\/www.salve.si\/en\/wp-json\/wp\/v2\/product\/11622\/revisions"}],"predecessor-version":[{"id":11624,"href":"https:\/\/www.salve.si\/en\/wp-json\/wp\/v2\/product\/11622\/revisions\/11624"}],"wp:featuredmedia":[{"embeddable":true,"href":"https:\/\/www.salve.si\/en\/wp-json\/wp\/v2\/media\/11623"}],"wp:attachment":[{"href":"https:\/\/www.salve.si\/en\/wp-json\/wp\/v2\/media?parent=11622"}],"wp:term":[{"taxonomy":"product_cat","embeddable":true,"href":"https:\/\/www.salve.si\/en\/wp-json\/wp\/v2\/product_cat?post=11622"},{"taxonomy":"product_tag","embeddable":true,"href":"https:\/\/www.salve.si\/en\/wp-json\/wp\/v2\/product_tag?post=11622"}],"curies":[{"name":"wp","href":"https:\/\/api.w.org\/{rel}","templated":true}]}}