{"id":10893,"date":"2020-05-04T12:44:28","date_gmt":"2020-05-04T10:44:28","guid":{"rendered":"https:\/\/www.salve.si\/?post_type=product&#038;p=10893"},"modified":"2026-01-01T00:00:10","modified_gmt":"2025-12-31T23:00:10","slug":"sol-ne-med","status":"publish","type":"product","link":"https:\/\/www.salve.si\/en\/trgovina\/knjige\/teologija-in-duhovnost\/sol-ne-med\/","title":{"rendered":"SOL, NE MED"},"content":{"rendered":"<p>&#8220;Na\u0161e \u017eivljenje namre\u010d ves \u010das ogro\u017ea gniloba. To ni pesimisti\u010dna, ampak realisti\u010dna trditev. Gniloba ne napada tega, kar je mrtvo in suho, temve\u010d to, kar je \u017eivo in so\u010dno. Zboli ali krvavi lahko\u00a0 samo \u017eivo telo. Rana boli, ker prizadene \u017eivo telo. Kar je sol za telo, je svetost za du\u0161o. Tako kot sol varuje telo pred oku\u017ebami in smrtjo, varuje svetost du\u0161o pred pokvarjenostjo in samouni\u010denjem. Svetost pa ni kaj cenenega in osladnega. Pridobljena nam je bila za ceno velike grenkobe.<\/p>\n<p>Po skrivnostni Bo\u017eji previdnosti sem imel prilo\u017enost spoznati veliko kristjanov, kr\u0161\u010danskih skupnosti in oblik kr\u0161\u010danskega \u017eivljenja. Imel sem milost potopiti se v samostansko ti\u0161ino, pa tudi vzneseno prepevati na velikih zborovanjih. Obiskal sem veliko \u017eupnij in govoril z ljudmi, ki so jim \u017eivljenje spremenili nepredvideni dogodki. Ob tem sem se ve\u010dkrat spra\u0161eval, kaj je tisti najmanj\u0161i \u00bbskupni imenovalec\u00ab, ki vse te ljudi povezuje, ne glede na njihovo vero, dru\u017ebeni status in druge razlike. Kaj nas napravlja za Bo\u017eje otroke, ki so vsejani v rodovitno Bo\u017ejo njivo? Kaj nam daje notranjo gotovost, da smo ljubljeni in da je bistvo \u017eivljenja, ki je vredno tega imena, Bo\u017eja ljubezen? Spoznal sem, da so to vera, upanje in ljubezen \u2013 tri semena, ki so bila v nas vsejana pri krstu in smo jih poklicani negovati ter izkazovati v svojem \u017eivljenju.&#8221;<\/p>\n<p>LUIGI MARIA EPICOCO (1980) je duhovnik \u0161kofije Aquila (Italija).<br \/>\nNa pape\u0161ki lateranski univerzi v Rimu in na In\u0161titutu za verske \u0161tudije \u00bbFides et ratio\u00ab v Aquili pou\u010duje filozofijo. Posve\u010da se predavanjem ter formaciji laikov in redovnikov s konferencami, duhovnimi obnovami in duhovnimi vajami. Znan je tudi po znanstvenih \u010dlankih in spisih s filozofskimi, teolo\u0161kimi in duhovnimi temami.<span class=\"slv-content-keywords\"> Novo Knjige Teologija in duhovnost Luigi Maria Epicoco Za vero, ki \u017ege <\/span><\/p>","protected":false},"excerpt":{"rendered":"<p>&#8220;Vera ni kaj sladkega, kot \u017elica medu, ki jo vzamemo, da la\u017eje pogoltnemo grenka zdravila.<br \/>\nPogosto nas \u017ege tako kot sol na rani. A prav s tem prepre\u010duje njeno zagnojitev.<br \/>\nPoklicani smo biti sol, ne med.&#8221;<\/p>","protected":false},"featured_media":12470,"template":"","meta":{"_acf_changed":false,"footnotes":""},"product_cat":[710,141,314],"product_tag":[],"class_list":{"0":"post-10893","1":"product","2":"type-product","3":"status-publish","4":"has-post-thumbnail","6":"authors-luigi-maria-epicoco","7":"publisher-salve-d-o-o-ljubljana","8":"product_cat-novo","9":"product_cat-knjige","10":"product_cat-teologija-in-duhovnost","12":"first","13":"instock","14":"shipping-taxable","15":"purchasable","16":"product-type-simple"},"acf":[],"yoast_head":"<!-- This site is optimized with the Yoast SEO plugin v23.8 - https:\/\/yoast.com\/wordpress\/plugins\/seo\/ -->\n<title>SOL, NE MED - Salve<\/title>\n<meta name=\"robots\" content=\"index, follow, max-snippet:-1, max-image-preview:large, max-video-preview:-1\" \/>\n<link rel=\"canonical\" href=\"https:\/\/www.salve.si\/en\/trgovina\/knjige\/teologija-in-duhovnost\/sol-ne-med\/\" \/>\n<meta property=\"og:locale\" content=\"en_US\" \/>\n<meta property=\"og:type\" content=\"article\" \/>\n<meta property=\"og:title\" content=\"SOL, NE MED - Salve\" \/>\n<meta property=\"og:description\" content=\"&quot;Vera ni kaj sladkega, kot \u017elica medu, ki jo vzamemo, da la\u017eje pogoltnemo grenka zdravila. Pogosto nas \u017ege tako kot sol na rani. A prav s tem prepre\u010duje njeno zagnojitev. Poklicani smo biti sol, ne med.&quot;\" \/>\n<meta property=\"og:url\" content=\"https:\/\/www.salve.si\/en\/trgovina\/knjige\/teologija-in-duhovnost\/sol-ne-med\/\" \/>\n<meta property=\"og:site_name\" content=\"Salve\" \/>\n<meta property=\"article:publisher\" content=\"https:\/\/www.facebook.com\/salve.si\" \/>\n<meta property=\"article:modified_time\" content=\"2025-12-31T23:00:10+00:00\" \/>\n<meta property=\"og:image\" content=\"https:\/\/www.salve.si\/wp-content\/uploads\/2020\/05\/Sol_ne_med_NASLOVNICA-1.jpg\" \/>\n\t<meta property=\"og:image:width\" content=\"1069\" \/>\n\t<meta property=\"og:image:height\" content=\"1654\" \/>\n\t<meta property=\"og:image:type\" content=\"image\/jpeg\" \/>\n<meta name=\"twitter:card\" content=\"summary_large_image\" \/>\n<meta name=\"twitter:label1\" content=\"Est. reading time\" \/>\n\t<meta name=\"twitter:data1\" content=\"2 minutes\" \/>\n<script type=\"application\/ld+json\" class=\"yoast-schema-graph\">{\"@context\":\"https:\/\/schema.org\",\"@graph\":[{\"@type\":\"WebPage\",\"@id\":\"https:\/\/www.salve.si\/trgovina\/knjige\/teologija-in-duhovnost\/sol-ne-med\/\",\"url\":\"https:\/\/www.salve.si\/trgovina\/knjige\/teologija-in-duhovnost\/sol-ne-med\/\",\"name\":\"SOL, NE MED - Salve\",\"isPartOf\":{\"@id\":\"https:\/\/www.salve.si\/#website\"},\"primaryImageOfPage\":{\"@id\":\"https:\/\/www.salve.si\/trgovina\/knjige\/teologija-in-duhovnost\/sol-ne-med\/#primaryimage\"},\"image\":{\"@id\":\"https:\/\/www.salve.si\/trgovina\/knjige\/teologija-in-duhovnost\/sol-ne-med\/#primaryimage\"},\"thumbnailUrl\":\"https:\/\/www.salve.si\/wp-content\/uploads\/2020\/05\/Sol_ne_med_NASLOVNICA-1.jpg\",\"datePublished\":\"2020-05-04T10:44:28+00:00\",\"dateModified\":\"2025-12-31T23:00:10+00:00\",\"breadcrumb\":{\"@id\":\"https:\/\/www.salve.si\/trgovina\/knjige\/teologija-in-duhovnost\/sol-ne-med\/#breadcrumb\"},\"inLanguage\":\"en-US\",\"potentialAction\":[{\"@type\":\"ReadAction\",\"target\":[\"https:\/\/www.salve.si\/trgovina\/knjige\/teologija-in-duhovnost\/sol-ne-med\/\"]}]},{\"@type\":\"ImageObject\",\"inLanguage\":\"en-US\",\"@id\":\"https:\/\/www.salve.si\/trgovina\/knjige\/teologija-in-duhovnost\/sol-ne-med\/#primaryimage\",\"url\":\"https:\/\/www.salve.si\/wp-content\/uploads\/2020\/05\/Sol_ne_med_NASLOVNICA-1.jpg\",\"contentUrl\":\"https:\/\/www.salve.si\/wp-content\/uploads\/2020\/05\/Sol_ne_med_NASLOVNICA-1.jpg\",\"width\":1069,\"height\":1654},{\"@type\":\"BreadcrumbList\",\"@id\":\"https:\/\/www.salve.si\/trgovina\/knjige\/teologija-in-duhovnost\/sol-ne-med\/#breadcrumb\",\"itemListElement\":[{\"@type\":\"ListItem\",\"position\":1,\"name\":\"Home\",\"item\":\"https:\/\/www.salve.si\/\"},{\"@type\":\"ListItem\",\"position\":2,\"name\":\"Trgovina\",\"item\":\"https:\/\/www.salve.si\/trgovina\/\"},{\"@type\":\"ListItem\",\"position\":3,\"name\":\"SOL, NE MED\"}]},{\"@type\":\"WebSite\",\"@id\":\"https:\/\/www.salve.si\/#website\",\"url\":\"https:\/\/www.salve.si\/\",\"name\":\"Salve\",\"description\":\"Salezijanska zalo\u017eba\",\"publisher\":{\"@id\":\"https:\/\/www.salve.si\/#organization\"},\"potentialAction\":[{\"@type\":\"SearchAction\",\"target\":{\"@type\":\"EntryPoint\",\"urlTemplate\":\"https:\/\/www.salve.si\/?s={search_term_string}\"},\"query-input\":{\"@type\":\"PropertyValueSpecification\",\"valueRequired\":true,\"valueName\":\"search_term_string\"}}],\"inLanguage\":\"en-US\"},{\"@type\":\"Organization\",\"@id\":\"https:\/\/www.salve.si\/#organization\",\"name\":\"Salve d.o.o.\",\"url\":\"https:\/\/www.salve.si\/\",\"logo\":{\"@type\":\"ImageObject\",\"inLanguage\":\"en-US\",\"@id\":\"https:\/\/www.salve.si\/#\/schema\/logo\/image\/\",\"url\":\"https:\/\/www.salve.si\/wp-content\/uploads\/2021\/01\/Salve_logo_modri_nov_web.png\",\"contentUrl\":\"https:\/\/www.salve.si\/wp-content\/uploads\/2021\/01\/Salve_logo_modri_nov_web.png\",\"width\":279,\"height\":90,\"caption\":\"Salve d.o.o.\"},\"image\":{\"@id\":\"https:\/\/www.salve.si\/#\/schema\/logo\/image\/\"},\"sameAs\":[\"https:\/\/www.facebook.com\/salve.si\",\"https:\/\/www.instagram.com\/zalozbasalve\/\",\"https:\/\/www.linkedin.com\/company\/zalozba-salve\/\"]}]}<\/script>\n<!-- \/ Yoast SEO plugin. -->","yoast_head_json":{"title":"SOL, NE MED - Salve","robots":{"index":"index","follow":"follow","max-snippet":"max-snippet:-1","max-image-preview":"max-image-preview:large","max-video-preview":"max-video-preview:-1"},"canonical":"https:\/\/www.salve.si\/en\/trgovina\/knjige\/teologija-in-duhovnost\/sol-ne-med\/","og_locale":"en_US","og_type":"article","og_title":"SOL, NE MED - Salve","og_description":"\"Vera ni kaj sladkega, kot \u017elica medu, ki jo vzamemo, da la\u017eje pogoltnemo grenka zdravila. Pogosto nas \u017ege tako kot sol na rani. A prav s tem prepre\u010duje njeno zagnojitev. Poklicani smo biti sol, ne med.\"","og_url":"https:\/\/www.salve.si\/en\/trgovina\/knjige\/teologija-in-duhovnost\/sol-ne-med\/","og_site_name":"Salve","article_publisher":"https:\/\/www.facebook.com\/salve.si","article_modified_time":"2025-12-31T23:00:10+00:00","og_image":[{"width":1069,"height":1654,"url":"https:\/\/www.salve.si\/wp-content\/uploads\/2020\/05\/Sol_ne_med_NASLOVNICA-1.jpg","type":"image\/jpeg"}],"twitter_card":"summary_large_image","twitter_misc":{"Est. reading time":"2 minutes"},"schema":{"@context":"https:\/\/schema.org","@graph":[{"@type":"WebPage","@id":"https:\/\/www.salve.si\/trgovina\/knjige\/teologija-in-duhovnost\/sol-ne-med\/","url":"https:\/\/www.salve.si\/trgovina\/knjige\/teologija-in-duhovnost\/sol-ne-med\/","name":"SOL, NE MED - Salve","isPartOf":{"@id":"https:\/\/www.salve.si\/#website"},"primaryImageOfPage":{"@id":"https:\/\/www.salve.si\/trgovina\/knjige\/teologija-in-duhovnost\/sol-ne-med\/#primaryimage"},"image":{"@id":"https:\/\/www.salve.si\/trgovina\/knjige\/teologija-in-duhovnost\/sol-ne-med\/#primaryimage"},"thumbnailUrl":"https:\/\/www.salve.si\/wp-content\/uploads\/2020\/05\/Sol_ne_med_NASLOVNICA-1.jpg","datePublished":"2020-05-04T10:44:28+00:00","dateModified":"2025-12-31T23:00:10+00:00","breadcrumb":{"@id":"https:\/\/www.salve.si\/trgovina\/knjige\/teologija-in-duhovnost\/sol-ne-med\/#breadcrumb"},"inLanguage":"en-US","potentialAction":[{"@type":"ReadAction","target":["https:\/\/www.salve.si\/trgovina\/knjige\/teologija-in-duhovnost\/sol-ne-med\/"]}]},{"@type":"ImageObject","inLanguage":"en-US","@id":"https:\/\/www.salve.si\/trgovina\/knjige\/teologija-in-duhovnost\/sol-ne-med\/#primaryimage","url":"https:\/\/www.salve.si\/wp-content\/uploads\/2020\/05\/Sol_ne_med_NASLOVNICA-1.jpg","contentUrl":"https:\/\/www.salve.si\/wp-content\/uploads\/2020\/05\/Sol_ne_med_NASLOVNICA-1.jpg","width":1069,"height":1654},{"@type":"BreadcrumbList","@id":"https:\/\/www.salve.si\/trgovina\/knjige\/teologija-in-duhovnost\/sol-ne-med\/#breadcrumb","itemListElement":[{"@type":"ListItem","position":1,"name":"Home","item":"https:\/\/www.salve.si\/"},{"@type":"ListItem","position":2,"name":"Trgovina","item":"https:\/\/www.salve.si\/trgovina\/"},{"@type":"ListItem","position":3,"name":"SOL, NE MED"}]},{"@type":"WebSite","@id":"https:\/\/www.salve.si\/#website","url":"https:\/\/www.salve.si\/","name":"Salve","description":"Salezijanska zalo\u017eba","publisher":{"@id":"https:\/\/www.salve.si\/#organization"},"potentialAction":[{"@type":"SearchAction","target":{"@type":"EntryPoint","urlTemplate":"https:\/\/www.salve.si\/?s={search_term_string}"},"query-input":{"@type":"PropertyValueSpecification","valueRequired":true,"valueName":"search_term_string"}}],"inLanguage":"en-US"},{"@type":"Organization","@id":"https:\/\/www.salve.si\/#organization","name":"Salve d.o.o.","url":"https:\/\/www.salve.si\/","logo":{"@type":"ImageObject","inLanguage":"en-US","@id":"https:\/\/www.salve.si\/#\/schema\/logo\/image\/","url":"https:\/\/www.salve.si\/wp-content\/uploads\/2021\/01\/Salve_logo_modri_nov_web.png","contentUrl":"https:\/\/www.salve.si\/wp-content\/uploads\/2021\/01\/Salve_logo_modri_nov_web.png","width":279,"height":90,"caption":"Salve d.o.o."},"image":{"@id":"https:\/\/www.salve.si\/#\/schema\/logo\/image\/"},"sameAs":["https:\/\/www.facebook.com\/salve.si","https:\/\/www.instagram.com\/zalozbasalve\/","https:\/\/www.linkedin.com\/company\/zalozba-salve\/"]}]}},"_links":{"self":[{"href":"https:\/\/www.salve.si\/en\/wp-json\/wp\/v2\/product\/10893","targetHints":{"allow":["GET"]}}],"collection":[{"href":"https:\/\/www.salve.si\/en\/wp-json\/wp\/v2\/product"}],"about":[{"href":"https:\/\/www.salve.si\/en\/wp-json\/wp\/v2\/types\/product"}],"version-history":[{"count":5,"href":"https:\/\/www.salve.si\/en\/wp-json\/wp\/v2\/product\/10893\/revisions"}],"predecessor-version":[{"id":19532,"href":"https:\/\/www.salve.si\/en\/wp-json\/wp\/v2\/product\/10893\/revisions\/19532"}],"wp:featuredmedia":[{"embeddable":true,"href":"https:\/\/www.salve.si\/en\/wp-json\/wp\/v2\/media\/12470"}],"wp:attachment":[{"href":"https:\/\/www.salve.si\/en\/wp-json\/wp\/v2\/media?parent=10893"}],"wp:term":[{"taxonomy":"product_cat","embeddable":true,"href":"https:\/\/www.salve.si\/en\/wp-json\/wp\/v2\/product_cat?post=10893"},{"taxonomy":"product_tag","embeddable":true,"href":"https:\/\/www.salve.si\/en\/wp-json\/wp\/v2\/product_tag?post=10893"}],"curies":[{"name":"wp","href":"https:\/\/api.w.org\/{rel}","templated":true}]}}