{"id":10367,"date":"2020-04-01T13:06:05","date_gmt":"2020-04-01T11:06:05","guid":{"rendered":"https:\/\/www.salve.si\/?post_type=product&#038;p=10367"},"modified":"2024-03-08T14:39:00","modified_gmt":"2024-03-08T13:39:00","slug":"jubilate-iii","status":"publish","type":"product","link":"https:\/\/www.salve.si\/en\/trgovina\/knjige\/pesmarice-in-notni-zapisi\/jubilate-iii\/","title":{"rendered":"JUBILATE III"},"content":{"rendered":"<p>Pesmarica Jubilate 3 zdru\u017euje staro bogastvo z novimi pesmimi, ki prina\u0161a sve\u017eino v prostor sodobne kr\u0161\u010danske glasbe.<\/p>\n<p>Vsebuje raznovrsten nabor, v katerem so posebej ozna\u010dene pesmi, primerne za slavljenje, duhovne obnove in spokorna bogoslu\u017eja, darovanje in pesmi, ki jih lahko pojemo namesto psalmov.<\/p>\n<p>Novost je razdelek z ma\u0161nimi deli: Gospod, usmili se; Slava; Svet in Jagnje Bo\u017eje. Nekatere od teh so opremljene s QR kodo, s katero lahko na omre\u017ejih poi\u0161\u010dete posnetek za la\u017eje in pravilno izvajanje pesmi.<\/p>\n<p>Na koncu pesmarice ob abecednem kazalu najdemo tudi bogato \u0161tevilo kazal po tematskih sklopih, kar omogo\u010da hitro in u\u010dinkovito iskanje in pripravo izbora pesmi.<span class=\"slv-content-keywords\"> Novo Posebna ponudba Pesmarice in notni zapisi Pedago\u0161ka zbirka Mladinska duhovna pesmarica Jure Plavec <\/span><\/p>","protected":false},"excerpt":{"rendered":"<p>Pesmarica je naslednica izredno priljubljenih mladinskih pesmaric Jubilate I in II.<\/p>\n<p>&nbsp;<\/p>","protected":false},"featured_media":11219,"template":"","meta":{"_acf_changed":false,"footnotes":""},"product_cat":[710,709,657],"product_tag":[],"class_list":{"0":"post-10367","1":"product","2":"type-product","3":"status-publish","4":"has-post-thumbnail","6":"zbirke-pedagoska-zbirka","7":"publisher-salve-d-o-o-ljubljana","8":"product_cat-novo","9":"product_cat-posebna-ponudba","10":"product_cat-pesmarice-in-notni-zapisi","12":"first","13":"instock","14":"shipping-taxable","15":"purchasable","16":"product-type-simple"},"acf":[],"yoast_head":"<!-- This site is optimized with the Yoast SEO plugin v23.8 - https:\/\/yoast.com\/wordpress\/plugins\/seo\/ -->\n<title>JUBILATE III - Salve<\/title>\n<meta name=\"robots\" content=\"index, follow, max-snippet:-1, max-image-preview:large, max-video-preview:-1\" \/>\n<link rel=\"canonical\" href=\"https:\/\/www.salve.si\/en\/trgovina\/knjige\/pesmarice-in-notni-zapisi\/jubilate-iii\/\" \/>\n<meta property=\"og:locale\" content=\"en_US\" \/>\n<meta property=\"og:type\" content=\"article\" \/>\n<meta property=\"og:title\" content=\"JUBILATE III - Salve\" \/>\n<meta property=\"og:description\" content=\"Pesmarica je naslednica izredno priljubljenih mladinskih pesmaric Jubilate I in II.  &nbsp;\" \/>\n<meta property=\"og:url\" content=\"https:\/\/www.salve.si\/en\/trgovina\/knjige\/pesmarice-in-notni-zapisi\/jubilate-iii\/\" \/>\n<meta property=\"og:site_name\" content=\"Salve\" \/>\n<meta property=\"article:publisher\" content=\"https:\/\/www.facebook.com\/salve.si\" \/>\n<meta property=\"article:modified_time\" content=\"2024-03-08T13:39:00+00:00\" \/>\n<meta property=\"og:image\" content=\"https:\/\/www.salve.si\/wp-content\/uploads\/2020\/04\/Salve_spletna_gl_Jubilate-scaled.jpg\" \/>\n\t<meta property=\"og:image:width\" content=\"2560\" \/>\n\t<meta property=\"og:image:height\" content=\"1440\" \/>\n\t<meta property=\"og:image:type\" content=\"image\/jpeg\" \/>\n<meta name=\"twitter:card\" content=\"summary_large_image\" \/>\n<meta name=\"twitter:label1\" content=\"Est. reading time\" \/>\n\t<meta name=\"twitter:data1\" content=\"1 minute\" \/>\n<script type=\"application\/ld+json\" class=\"yoast-schema-graph\">{\"@context\":\"https:\/\/schema.org\",\"@graph\":[{\"@type\":\"WebPage\",\"@id\":\"https:\/\/www.salve.si\/trgovina\/knjige\/pesmarice-in-notni-zapisi\/jubilate-iii\/\",\"url\":\"https:\/\/www.salve.si\/trgovina\/knjige\/pesmarice-in-notni-zapisi\/jubilate-iii\/\",\"name\":\"JUBILATE III - Salve\",\"isPartOf\":{\"@id\":\"https:\/\/www.salve.si\/#website\"},\"primaryImageOfPage\":{\"@id\":\"https:\/\/www.salve.si\/trgovina\/knjige\/pesmarice-in-notni-zapisi\/jubilate-iii\/#primaryimage\"},\"image\":{\"@id\":\"https:\/\/www.salve.si\/trgovina\/knjige\/pesmarice-in-notni-zapisi\/jubilate-iii\/#primaryimage\"},\"thumbnailUrl\":\"https:\/\/www.salve.si\/wp-content\/uploads\/2020\/04\/Salve_spletna_gl_Jubilate-scaled.jpg\",\"datePublished\":\"2020-04-01T11:06:05+00:00\",\"dateModified\":\"2024-03-08T13:39:00+00:00\",\"breadcrumb\":{\"@id\":\"https:\/\/www.salve.si\/trgovina\/knjige\/pesmarice-in-notni-zapisi\/jubilate-iii\/#breadcrumb\"},\"inLanguage\":\"en-US\",\"potentialAction\":[{\"@type\":\"ReadAction\",\"target\":[\"https:\/\/www.salve.si\/trgovina\/knjige\/pesmarice-in-notni-zapisi\/jubilate-iii\/\"]}]},{\"@type\":\"ImageObject\",\"inLanguage\":\"en-US\",\"@id\":\"https:\/\/www.salve.si\/trgovina\/knjige\/pesmarice-in-notni-zapisi\/jubilate-iii\/#primaryimage\",\"url\":\"https:\/\/www.salve.si\/wp-content\/uploads\/2020\/04\/Salve_spletna_gl_Jubilate-scaled.jpg\",\"contentUrl\":\"https:\/\/www.salve.si\/wp-content\/uploads\/2020\/04\/Salve_spletna_gl_Jubilate-scaled.jpg\",\"width\":2560,\"height\":1440},{\"@type\":\"BreadcrumbList\",\"@id\":\"https:\/\/www.salve.si\/trgovina\/knjige\/pesmarice-in-notni-zapisi\/jubilate-iii\/#breadcrumb\",\"itemListElement\":[{\"@type\":\"ListItem\",\"position\":1,\"name\":\"Home\",\"item\":\"https:\/\/www.salve.si\/\"},{\"@type\":\"ListItem\",\"position\":2,\"name\":\"Trgovina\",\"item\":\"https:\/\/www.salve.si\/trgovina\/\"},{\"@type\":\"ListItem\",\"position\":3,\"name\":\"JUBILATE III\"}]},{\"@type\":\"WebSite\",\"@id\":\"https:\/\/www.salve.si\/#website\",\"url\":\"https:\/\/www.salve.si\/\",\"name\":\"Salve\",\"description\":\"Salezijanska zalo\u017eba\",\"publisher\":{\"@id\":\"https:\/\/www.salve.si\/#organization\"},\"potentialAction\":[{\"@type\":\"SearchAction\",\"target\":{\"@type\":\"EntryPoint\",\"urlTemplate\":\"https:\/\/www.salve.si\/?s={search_term_string}\"},\"query-input\":{\"@type\":\"PropertyValueSpecification\",\"valueRequired\":true,\"valueName\":\"search_term_string\"}}],\"inLanguage\":\"en-US\"},{\"@type\":\"Organization\",\"@id\":\"https:\/\/www.salve.si\/#organization\",\"name\":\"Salve d.o.o.\",\"url\":\"https:\/\/www.salve.si\/\",\"logo\":{\"@type\":\"ImageObject\",\"inLanguage\":\"en-US\",\"@id\":\"https:\/\/www.salve.si\/#\/schema\/logo\/image\/\",\"url\":\"https:\/\/www.salve.si\/wp-content\/uploads\/2021\/01\/Salve_logo_modri_nov_web.png\",\"contentUrl\":\"https:\/\/www.salve.si\/wp-content\/uploads\/2021\/01\/Salve_logo_modri_nov_web.png\",\"width\":279,\"height\":90,\"caption\":\"Salve d.o.o.\"},\"image\":{\"@id\":\"https:\/\/www.salve.si\/#\/schema\/logo\/image\/\"},\"sameAs\":[\"https:\/\/www.facebook.com\/salve.si\",\"https:\/\/www.instagram.com\/zalozbasalve\/\",\"https:\/\/www.linkedin.com\/company\/zalozba-salve\/\"]}]}<\/script>\n<!-- \/ Yoast SEO plugin. -->","yoast_head_json":{"title":"JUBILATE III - Salve","robots":{"index":"index","follow":"follow","max-snippet":"max-snippet:-1","max-image-preview":"max-image-preview:large","max-video-preview":"max-video-preview:-1"},"canonical":"https:\/\/www.salve.si\/en\/trgovina\/knjige\/pesmarice-in-notni-zapisi\/jubilate-iii\/","og_locale":"en_US","og_type":"article","og_title":"JUBILATE III - Salve","og_description":"Pesmarica je naslednica izredno priljubljenih mladinskih pesmaric Jubilate I in II.  &nbsp;","og_url":"https:\/\/www.salve.si\/en\/trgovina\/knjige\/pesmarice-in-notni-zapisi\/jubilate-iii\/","og_site_name":"Salve","article_publisher":"https:\/\/www.facebook.com\/salve.si","article_modified_time":"2024-03-08T13:39:00+00:00","og_image":[{"width":2560,"height":1440,"url":"https:\/\/www.salve.si\/wp-content\/uploads\/2020\/04\/Salve_spletna_gl_Jubilate-scaled.jpg","type":"image\/jpeg"}],"twitter_card":"summary_large_image","twitter_misc":{"Est. reading time":"1 minute"},"schema":{"@context":"https:\/\/schema.org","@graph":[{"@type":"WebPage","@id":"https:\/\/www.salve.si\/trgovina\/knjige\/pesmarice-in-notni-zapisi\/jubilate-iii\/","url":"https:\/\/www.salve.si\/trgovina\/knjige\/pesmarice-in-notni-zapisi\/jubilate-iii\/","name":"JUBILATE III - Salve","isPartOf":{"@id":"https:\/\/www.salve.si\/#website"},"primaryImageOfPage":{"@id":"https:\/\/www.salve.si\/trgovina\/knjige\/pesmarice-in-notni-zapisi\/jubilate-iii\/#primaryimage"},"image":{"@id":"https:\/\/www.salve.si\/trgovina\/knjige\/pesmarice-in-notni-zapisi\/jubilate-iii\/#primaryimage"},"thumbnailUrl":"https:\/\/www.salve.si\/wp-content\/uploads\/2020\/04\/Salve_spletna_gl_Jubilate-scaled.jpg","datePublished":"2020-04-01T11:06:05+00:00","dateModified":"2024-03-08T13:39:00+00:00","breadcrumb":{"@id":"https:\/\/www.salve.si\/trgovina\/knjige\/pesmarice-in-notni-zapisi\/jubilate-iii\/#breadcrumb"},"inLanguage":"en-US","potentialAction":[{"@type":"ReadAction","target":["https:\/\/www.salve.si\/trgovina\/knjige\/pesmarice-in-notni-zapisi\/jubilate-iii\/"]}]},{"@type":"ImageObject","inLanguage":"en-US","@id":"https:\/\/www.salve.si\/trgovina\/knjige\/pesmarice-in-notni-zapisi\/jubilate-iii\/#primaryimage","url":"https:\/\/www.salve.si\/wp-content\/uploads\/2020\/04\/Salve_spletna_gl_Jubilate-scaled.jpg","contentUrl":"https:\/\/www.salve.si\/wp-content\/uploads\/2020\/04\/Salve_spletna_gl_Jubilate-scaled.jpg","width":2560,"height":1440},{"@type":"BreadcrumbList","@id":"https:\/\/www.salve.si\/trgovina\/knjige\/pesmarice-in-notni-zapisi\/jubilate-iii\/#breadcrumb","itemListElement":[{"@type":"ListItem","position":1,"name":"Home","item":"https:\/\/www.salve.si\/"},{"@type":"ListItem","position":2,"name":"Trgovina","item":"https:\/\/www.salve.si\/trgovina\/"},{"@type":"ListItem","position":3,"name":"JUBILATE III"}]},{"@type":"WebSite","@id":"https:\/\/www.salve.si\/#website","url":"https:\/\/www.salve.si\/","name":"Salve","description":"Salezijanska zalo\u017eba","publisher":{"@id":"https:\/\/www.salve.si\/#organization"},"potentialAction":[{"@type":"SearchAction","target":{"@type":"EntryPoint","urlTemplate":"https:\/\/www.salve.si\/?s={search_term_string}"},"query-input":{"@type":"PropertyValueSpecification","valueRequired":true,"valueName":"search_term_string"}}],"inLanguage":"en-US"},{"@type":"Organization","@id":"https:\/\/www.salve.si\/#organization","name":"Salve d.o.o.","url":"https:\/\/www.salve.si\/","logo":{"@type":"ImageObject","inLanguage":"en-US","@id":"https:\/\/www.salve.si\/#\/schema\/logo\/image\/","url":"https:\/\/www.salve.si\/wp-content\/uploads\/2021\/01\/Salve_logo_modri_nov_web.png","contentUrl":"https:\/\/www.salve.si\/wp-content\/uploads\/2021\/01\/Salve_logo_modri_nov_web.png","width":279,"height":90,"caption":"Salve d.o.o."},"image":{"@id":"https:\/\/www.salve.si\/#\/schema\/logo\/image\/"},"sameAs":["https:\/\/www.facebook.com\/salve.si","https:\/\/www.instagram.com\/zalozbasalve\/","https:\/\/www.linkedin.com\/company\/zalozba-salve\/"]}]}},"_links":{"self":[{"href":"https:\/\/www.salve.si\/en\/wp-json\/wp\/v2\/product\/10367","targetHints":{"allow":["GET"]}}],"collection":[{"href":"https:\/\/www.salve.si\/en\/wp-json\/wp\/v2\/product"}],"about":[{"href":"https:\/\/www.salve.si\/en\/wp-json\/wp\/v2\/types\/product"}],"version-history":[{"count":25,"href":"https:\/\/www.salve.si\/en\/wp-json\/wp\/v2\/product\/10367\/revisions"}],"predecessor-version":[{"id":18427,"href":"https:\/\/www.salve.si\/en\/wp-json\/wp\/v2\/product\/10367\/revisions\/18427"}],"wp:featuredmedia":[{"embeddable":true,"href":"https:\/\/www.salve.si\/en\/wp-json\/wp\/v2\/media\/11219"}],"wp:attachment":[{"href":"https:\/\/www.salve.si\/en\/wp-json\/wp\/v2\/media?parent=10367"}],"wp:term":[{"taxonomy":"product_cat","embeddable":true,"href":"https:\/\/www.salve.si\/en\/wp-json\/wp\/v2\/product_cat?post=10367"},{"taxonomy":"product_tag","embeddable":true,"href":"https:\/\/www.salve.si\/en\/wp-json\/wp\/v2\/product_tag?post=10367"}],"curies":[{"name":"wp","href":"https:\/\/api.w.org\/{rel}","templated":true}]}}