{"id":10259,"date":"2020-02-10T11:44:53","date_gmt":"2020-02-10T10:44:53","guid":{"rendered":"https:\/\/www.salve.si\/?post_type=product&#038;p=10259"},"modified":"2020-11-10T16:00:45","modified_gmt":"2020-11-10T15:00:45","slug":"zaupam-zato-si-upam-prirocnik-za-oratorij-2020","status":"publish","type":"product","link":"https:\/\/www.salve.si\/en\/trgovina\/knjige\/oratorij\/zaupam-zato-si-upam-prirocnik-za-oratorij-2020\/","title":{"rendered":"ZAUPAM, ZATO SI UPAM (priro\u010dnik za oratorij 2020)"},"content":{"rendered":"<p>Oratorij Slovenija je mladinski prostovoljski po\u010ditni\u0161ki program za otroke, ki deluje po pedago\u0161kih na\u010delih don Boskovega preventivnega sistema. Glavni protagonisti programa so mladi prostovoljci \u2013 animatorji, katerih stalna navzo\u010dnost med otroki ni nadzorni\u0161ka in prepre\u010devalna, ampak prijateljska in spodbujevalna, usmerjena v celostno rast posameznika.<\/p>\n<p>Letos je za oratorijsko temo spet na vrsti svetopisemska oseba. Izbrana je bila zgodba o Esteri, ki iz preprostega dekleta postane kraljica mogo\u010dnega Perzijskega imperija. V mo\u010di te svoje nove vloge kljub tveganju za lastno \u017eivljenje re\u0161i svoje ljudstvo zanesljive smrti. Njena zgodba je napeta in zanimiva, hkrati pa Estero odlikujejo zanimive kreposti (lepota, odgovornost, zavedanje pomena posta in molitve, zaupanje in hvale\u017enost), ki jih bomo pobli\u017ee spoznavali z otroki na oratoriju.<\/p>\n<p>Esterin odnos do Boga in do svojega poslanstva je navdihnil tudi naslov Oratorija 2020: \u00bbZaupam, zato si upam\u00ab. Postati kraljica ni bila njena \u017eelja. Bila je iztrgana iz svojega okolja in prisiljena za\u010deti novo \u017eivljenje. Toda zaupala je Bogu, da ima na\u010drt za njeno \u017eivljenje. V mo\u010di tega zaupanja je novo \u017eivljenje sprejela in ga \u017eivela v polnosti. Ko je njenemu ljudstvu zagrozilo uni\u010denje, pa je tvegala vse. Njen na\u010drt bi lahko klavrno pogorel \u017ee v prvem trenutku, ko je nepovabljena stopila pred kralja. Poguma za to dejanje sama ne bi zmogla. A v zaupanju v Boga si je upala svoj na\u010drt uresni\u010diti. In uspela. V tem je bila aktualna pred 2500 leti in je aktualna tudi \u0161e danes.<\/p>\n<p><span class=\"slv-content-keywords\"> Animator Salezijanci Zdru\u017eenje animatorjev Oratorija Knjige Oratorij oratorij 2020 svetniki Priro\u010dnik za oblikovanje otrok in odra\u0161\u010dajo\u010dih, Oratorij 2020 Juan Juvan\u010di\u010d <\/span><\/p>","protected":false},"excerpt":{"rendered":"<p>Estera je preprosto dekle, ki zaradi svoje zunanje in notranje lepote postane kraljica mogo\u010dnega Perzijskega imperija. V mo\u010di te svoje nove vloge kljub tveganju za lastno \u017eivljenje re\u0161i svoje ljudstvo zanesljive smrti.<br \/>\nNjena zgodba je napeta in zanimiva, hkrati pa nudi razmislek o nekaterih pomembnih vrednotah. Kraljico Estero odlikujejo kreposti, kot so lepota, odgovornost, zavedanje pomena posta in molitve, zaupanje in hvale\u017enost, ki jih bomo pobli\u017ee spoznavali z otroki na oratoriju.<\/p>","protected":false},"featured_media":12496,"template":"","meta":{"_acf_changed":false,"footnotes":""},"product_cat":[141,265],"product_tag":[953,954],"class_list":{"0":"post-10259","1":"product","2":"type-product","3":"status-publish","4":"has-post-thumbnail","6":"zbirke-animator","7":"authors-salezijanci","8":"authors-zdruzenje-animatorjev-oratorija","9":"publisher-salve-d-o-o-ljubljana","10":"product_cat-knjige","11":"product_cat-oratorij","12":"product_tag-oratorij-2020","13":"product_tag-svetniki","15":"first","16":"instock","17":"shipping-taxable","18":"purchasable","19":"product-type-simple"},"acf":[],"yoast_head":"<!-- This site is optimized with the Yoast SEO plugin v23.8 - https:\/\/yoast.com\/wordpress\/plugins\/seo\/ -->\n<title>ZAUPAM, ZATO SI UPAM (priro\u010dnik za oratorij 2020) - Salve<\/title>\n<meta name=\"robots\" content=\"index, follow, max-snippet:-1, max-image-preview:large, max-video-preview:-1\" \/>\n<link rel=\"canonical\" href=\"https:\/\/www.salve.si\/en\/trgovina\/knjige\/oratorij\/zaupam-zato-si-upam-prirocnik-za-oratorij-2020\/\" \/>\n<meta property=\"og:locale\" content=\"en_US\" \/>\n<meta property=\"og:type\" content=\"article\" \/>\n<meta property=\"og:title\" content=\"ZAUPAM, ZATO SI UPAM (priro\u010dnik za oratorij 2020) - Salve\" \/>\n<meta property=\"og:description\" content=\"Estera je preprosto dekle, ki zaradi svoje zunanje in notranje lepote postane kraljica mogo\u010dnega Perzijskega imperija. V mo\u010di te svoje nove vloge kljub tveganju za lastno \u017eivljenje re\u0161i svoje ljudstvo zanesljive smrti. Njena zgodba je napeta in zanimiva, hkrati pa nudi razmislek o nekaterih pomembnih vrednotah. Kraljico Estero odlikujejo kreposti, kot so lepota, odgovornost, zavedanje pomena posta in molitve, zaupanje in hvale\u017enost, ki jih bomo pobli\u017ee spoznavali z otroki na oratoriju.\" \/>\n<meta property=\"og:url\" content=\"https:\/\/www.salve.si\/en\/trgovina\/knjige\/oratorij\/zaupam-zato-si-upam-prirocnik-za-oratorij-2020\/\" \/>\n<meta property=\"og:site_name\" content=\"Salve\" \/>\n<meta property=\"article:publisher\" content=\"https:\/\/www.facebook.com\/salve.si\" \/>\n<meta property=\"article:modified_time\" content=\"2020-11-10T15:00:45+00:00\" \/>\n<meta property=\"og:image\" content=\"https:\/\/www.salve.si\/wp-content\/uploads\/2020\/02\/zaupam.jpg\" \/>\n\t<meta property=\"og:image:width\" content=\"474\" \/>\n\t<meta property=\"og:image:height\" content=\"679\" \/>\n\t<meta property=\"og:image:type\" content=\"image\/jpeg\" \/>\n<meta name=\"twitter:card\" content=\"summary_large_image\" \/>\n<meta name=\"twitter:label1\" content=\"Est. reading time\" \/>\n\t<meta name=\"twitter:data1\" content=\"1 minute\" \/>\n<script type=\"application\/ld+json\" class=\"yoast-schema-graph\">{\"@context\":\"https:\/\/schema.org\",\"@graph\":[{\"@type\":\"WebPage\",\"@id\":\"https:\/\/www.salve.si\/trgovina\/knjige\/oratorij\/zaupam-zato-si-upam-prirocnik-za-oratorij-2020\/\",\"url\":\"https:\/\/www.salve.si\/trgovina\/knjige\/oratorij\/zaupam-zato-si-upam-prirocnik-za-oratorij-2020\/\",\"name\":\"ZAUPAM, ZATO SI UPAM (priro\u010dnik za oratorij 2020) - Salve\",\"isPartOf\":{\"@id\":\"https:\/\/www.salve.si\/#website\"},\"primaryImageOfPage\":{\"@id\":\"https:\/\/www.salve.si\/trgovina\/knjige\/oratorij\/zaupam-zato-si-upam-prirocnik-za-oratorij-2020\/#primaryimage\"},\"image\":{\"@id\":\"https:\/\/www.salve.si\/trgovina\/knjige\/oratorij\/zaupam-zato-si-upam-prirocnik-za-oratorij-2020\/#primaryimage\"},\"thumbnailUrl\":\"https:\/\/www.salve.si\/wp-content\/uploads\/2020\/02\/zaupam.jpg\",\"datePublished\":\"2020-02-10T10:44:53+00:00\",\"dateModified\":\"2020-11-10T15:00:45+00:00\",\"breadcrumb\":{\"@id\":\"https:\/\/www.salve.si\/trgovina\/knjige\/oratorij\/zaupam-zato-si-upam-prirocnik-za-oratorij-2020\/#breadcrumb\"},\"inLanguage\":\"en-US\",\"potentialAction\":[{\"@type\":\"ReadAction\",\"target\":[\"https:\/\/www.salve.si\/trgovina\/knjige\/oratorij\/zaupam-zato-si-upam-prirocnik-za-oratorij-2020\/\"]}]},{\"@type\":\"ImageObject\",\"inLanguage\":\"en-US\",\"@id\":\"https:\/\/www.salve.si\/trgovina\/knjige\/oratorij\/zaupam-zato-si-upam-prirocnik-za-oratorij-2020\/#primaryimage\",\"url\":\"https:\/\/www.salve.si\/wp-content\/uploads\/2020\/02\/zaupam.jpg\",\"contentUrl\":\"https:\/\/www.salve.si\/wp-content\/uploads\/2020\/02\/zaupam.jpg\",\"width\":474,\"height\":679},{\"@type\":\"BreadcrumbList\",\"@id\":\"https:\/\/www.salve.si\/trgovina\/knjige\/oratorij\/zaupam-zato-si-upam-prirocnik-za-oratorij-2020\/#breadcrumb\",\"itemListElement\":[{\"@type\":\"ListItem\",\"position\":1,\"name\":\"Home\",\"item\":\"https:\/\/www.salve.si\/\"},{\"@type\":\"ListItem\",\"position\":2,\"name\":\"Trgovina\",\"item\":\"https:\/\/www.salve.si\/trgovina\/\"},{\"@type\":\"ListItem\",\"position\":3,\"name\":\"ZAUPAM, ZATO SI UPAM (priro\u010dnik za oratorij 2020)\"}]},{\"@type\":\"WebSite\",\"@id\":\"https:\/\/www.salve.si\/#website\",\"url\":\"https:\/\/www.salve.si\/\",\"name\":\"Salve\",\"description\":\"Salezijanska zalo\u017eba\",\"publisher\":{\"@id\":\"https:\/\/www.salve.si\/#organization\"},\"potentialAction\":[{\"@type\":\"SearchAction\",\"target\":{\"@type\":\"EntryPoint\",\"urlTemplate\":\"https:\/\/www.salve.si\/?s={search_term_string}\"},\"query-input\":{\"@type\":\"PropertyValueSpecification\",\"valueRequired\":true,\"valueName\":\"search_term_string\"}}],\"inLanguage\":\"en-US\"},{\"@type\":\"Organization\",\"@id\":\"https:\/\/www.salve.si\/#organization\",\"name\":\"Salve d.o.o.\",\"url\":\"https:\/\/www.salve.si\/\",\"logo\":{\"@type\":\"ImageObject\",\"inLanguage\":\"en-US\",\"@id\":\"https:\/\/www.salve.si\/#\/schema\/logo\/image\/\",\"url\":\"https:\/\/www.salve.si\/wp-content\/uploads\/2021\/01\/Salve_logo_modri_nov_web.png\",\"contentUrl\":\"https:\/\/www.salve.si\/wp-content\/uploads\/2021\/01\/Salve_logo_modri_nov_web.png\",\"width\":279,\"height\":90,\"caption\":\"Salve d.o.o.\"},\"image\":{\"@id\":\"https:\/\/www.salve.si\/#\/schema\/logo\/image\/\"},\"sameAs\":[\"https:\/\/www.facebook.com\/salve.si\",\"https:\/\/www.instagram.com\/zalozbasalve\/\",\"https:\/\/www.linkedin.com\/company\/zalozba-salve\/\"]}]}<\/script>\n<!-- \/ Yoast SEO plugin. -->","yoast_head_json":{"title":"ZAUPAM, ZATO SI UPAM (priro\u010dnik za oratorij 2020) - Salve","robots":{"index":"index","follow":"follow","max-snippet":"max-snippet:-1","max-image-preview":"max-image-preview:large","max-video-preview":"max-video-preview:-1"},"canonical":"https:\/\/www.salve.si\/en\/trgovina\/knjige\/oratorij\/zaupam-zato-si-upam-prirocnik-za-oratorij-2020\/","og_locale":"en_US","og_type":"article","og_title":"ZAUPAM, ZATO SI UPAM (priro\u010dnik za oratorij 2020) - Salve","og_description":"Estera je preprosto dekle, ki zaradi svoje zunanje in notranje lepote postane kraljica mogo\u010dnega Perzijskega imperija. V mo\u010di te svoje nove vloge kljub tveganju za lastno \u017eivljenje re\u0161i svoje ljudstvo zanesljive smrti. Njena zgodba je napeta in zanimiva, hkrati pa nudi razmislek o nekaterih pomembnih vrednotah. Kraljico Estero odlikujejo kreposti, kot so lepota, odgovornost, zavedanje pomena posta in molitve, zaupanje in hvale\u017enost, ki jih bomo pobli\u017ee spoznavali z otroki na oratoriju.","og_url":"https:\/\/www.salve.si\/en\/trgovina\/knjige\/oratorij\/zaupam-zato-si-upam-prirocnik-za-oratorij-2020\/","og_site_name":"Salve","article_publisher":"https:\/\/www.facebook.com\/salve.si","article_modified_time":"2020-11-10T15:00:45+00:00","og_image":[{"width":474,"height":679,"url":"https:\/\/www.salve.si\/wp-content\/uploads\/2020\/02\/zaupam.jpg","type":"image\/jpeg"}],"twitter_card":"summary_large_image","twitter_misc":{"Est. reading time":"1 minute"},"schema":{"@context":"https:\/\/schema.org","@graph":[{"@type":"WebPage","@id":"https:\/\/www.salve.si\/trgovina\/knjige\/oratorij\/zaupam-zato-si-upam-prirocnik-za-oratorij-2020\/","url":"https:\/\/www.salve.si\/trgovina\/knjige\/oratorij\/zaupam-zato-si-upam-prirocnik-za-oratorij-2020\/","name":"ZAUPAM, ZATO SI UPAM (priro\u010dnik za oratorij 2020) - Salve","isPartOf":{"@id":"https:\/\/www.salve.si\/#website"},"primaryImageOfPage":{"@id":"https:\/\/www.salve.si\/trgovina\/knjige\/oratorij\/zaupam-zato-si-upam-prirocnik-za-oratorij-2020\/#primaryimage"},"image":{"@id":"https:\/\/www.salve.si\/trgovina\/knjige\/oratorij\/zaupam-zato-si-upam-prirocnik-za-oratorij-2020\/#primaryimage"},"thumbnailUrl":"https:\/\/www.salve.si\/wp-content\/uploads\/2020\/02\/zaupam.jpg","datePublished":"2020-02-10T10:44:53+00:00","dateModified":"2020-11-10T15:00:45+00:00","breadcrumb":{"@id":"https:\/\/www.salve.si\/trgovina\/knjige\/oratorij\/zaupam-zato-si-upam-prirocnik-za-oratorij-2020\/#breadcrumb"},"inLanguage":"en-US","potentialAction":[{"@type":"ReadAction","target":["https:\/\/www.salve.si\/trgovina\/knjige\/oratorij\/zaupam-zato-si-upam-prirocnik-za-oratorij-2020\/"]}]},{"@type":"ImageObject","inLanguage":"en-US","@id":"https:\/\/www.salve.si\/trgovina\/knjige\/oratorij\/zaupam-zato-si-upam-prirocnik-za-oratorij-2020\/#primaryimage","url":"https:\/\/www.salve.si\/wp-content\/uploads\/2020\/02\/zaupam.jpg","contentUrl":"https:\/\/www.salve.si\/wp-content\/uploads\/2020\/02\/zaupam.jpg","width":474,"height":679},{"@type":"BreadcrumbList","@id":"https:\/\/www.salve.si\/trgovina\/knjige\/oratorij\/zaupam-zato-si-upam-prirocnik-za-oratorij-2020\/#breadcrumb","itemListElement":[{"@type":"ListItem","position":1,"name":"Home","item":"https:\/\/www.salve.si\/"},{"@type":"ListItem","position":2,"name":"Trgovina","item":"https:\/\/www.salve.si\/trgovina\/"},{"@type":"ListItem","position":3,"name":"ZAUPAM, ZATO SI UPAM (priro\u010dnik za oratorij 2020)"}]},{"@type":"WebSite","@id":"https:\/\/www.salve.si\/#website","url":"https:\/\/www.salve.si\/","name":"Salve","description":"Salezijanska zalo\u017eba","publisher":{"@id":"https:\/\/www.salve.si\/#organization"},"potentialAction":[{"@type":"SearchAction","target":{"@type":"EntryPoint","urlTemplate":"https:\/\/www.salve.si\/?s={search_term_string}"},"query-input":{"@type":"PropertyValueSpecification","valueRequired":true,"valueName":"search_term_string"}}],"inLanguage":"en-US"},{"@type":"Organization","@id":"https:\/\/www.salve.si\/#organization","name":"Salve d.o.o.","url":"https:\/\/www.salve.si\/","logo":{"@type":"ImageObject","inLanguage":"en-US","@id":"https:\/\/www.salve.si\/#\/schema\/logo\/image\/","url":"https:\/\/www.salve.si\/wp-content\/uploads\/2021\/01\/Salve_logo_modri_nov_web.png","contentUrl":"https:\/\/www.salve.si\/wp-content\/uploads\/2021\/01\/Salve_logo_modri_nov_web.png","width":279,"height":90,"caption":"Salve d.o.o."},"image":{"@id":"https:\/\/www.salve.si\/#\/schema\/logo\/image\/"},"sameAs":["https:\/\/www.facebook.com\/salve.si","https:\/\/www.instagram.com\/zalozbasalve\/","https:\/\/www.linkedin.com\/company\/zalozba-salve\/"]}]}},"_links":{"self":[{"href":"https:\/\/www.salve.si\/en\/wp-json\/wp\/v2\/product\/10259","targetHints":{"allow":["GET"]}}],"collection":[{"href":"https:\/\/www.salve.si\/en\/wp-json\/wp\/v2\/product"}],"about":[{"href":"https:\/\/www.salve.si\/en\/wp-json\/wp\/v2\/types\/product"}],"version-history":[{"count":4,"href":"https:\/\/www.salve.si\/en\/wp-json\/wp\/v2\/product\/10259\/revisions"}],"predecessor-version":[{"id":11813,"href":"https:\/\/www.salve.si\/en\/wp-json\/wp\/v2\/product\/10259\/revisions\/11813"}],"wp:featuredmedia":[{"embeddable":true,"href":"https:\/\/www.salve.si\/en\/wp-json\/wp\/v2\/media\/12496"}],"wp:attachment":[{"href":"https:\/\/www.salve.si\/en\/wp-json\/wp\/v2\/media?parent=10259"}],"wp:term":[{"taxonomy":"product_cat","embeddable":true,"href":"https:\/\/www.salve.si\/en\/wp-json\/wp\/v2\/product_cat?post=10259"},{"taxonomy":"product_tag","embeddable":true,"href":"https:\/\/www.salve.si\/en\/wp-json\/wp\/v2\/product_tag?post=10259"}],"curies":[{"name":"wp","href":"https:\/\/api.w.org\/{rel}","templated":true}]}}