{"id":11986,"date":"2020-08-26T21:13:15","date_gmt":"2020-08-26T19:13:15","guid":{"rendered":"https:\/\/www.salve.si\/?page_id=11986"},"modified":"2020-08-26T21:39:59","modified_gmt":"2020-08-26T19:39:59","slug":"piskotki","status":"publish","type":"page","link":"https:\/\/www.salve.si\/en\/piskotki\/","title":{"rendered":"Pi\u0161kotki"},"content":{"rendered":"<h4 class=\"wp-block-heading\">Kaj so pi\u0161kotki?<\/h4><p>Pi\u0161kotek je datoteka, ki shrani nastavitve spletnih strani. Spletna mesta pi\u0161kotke shranijo v naprave uporabnikov, s katerimi dostopajo do interneta z namenom prepoznavanja posameznih naprav in nastavitev, ki so jih uporabniki uporabili pri dostopu.<\/p><p>Pi\u0161kotki omogo\u010dajo spletnim stranem prepoznavanje, \u010de je uporabnik \u017ee obiskal to spletno mesto in pri naprednih aplikacijah se lahko z njihovo pomo\u010djo ustrezno prilagodijo posamezne nastavitve. Njihovo shranjevanje je pod popolnim nadzorom brskalnika, ki ga uporablja uporabnik \u2013 ta lahko shranjevanje pi\u0161kotkov po \u017eelji omeji ali onemogo\u010di.<\/p><h4 class=\"wp-block-heading\">Zakaj so pi\u0161kotki potrebni?<\/h4><p>Pi\u0161kotki so temeljnega pomena za zagotavljanje uporabniku prijaznih spletnih storitev; najpogostej\u0161e funkcije e-poslovanja ne bi bile mogo\u010de brez pi\u0161kotkov. Interakcija med spletnim uporabnikom in spletno stranjo je s pomo\u010djo pi\u0161kotkov hitrej\u0161a in enostavnej\u0161a. Z njihovo pomo\u010djo si spletna stran zapomni posameznikove preference in izku\u0161nje, brskanje po spletnih straneh pa je s tem bolj u\u010dinkovito in prijetno.<\/p><p>Razlogov za uporabo pi\u0161kotkov je ve\u010d. Uporabljajo se za shranjevanje podatkov o stanju posamezne spletne strani (podrobnosti o prilagoditvah posamezne spletne strani), pomagajo pri izvajanju spletnih storitev (npr spletne trgovine), pomagajo pri zbiranju statistik o uporabnikih in obiskanosti spletnega mesta, o navadah spletnega uporabnika , itd. S pomo\u010djo pi\u0161kotkov lahko torej ocenimo u\u010dinkovitost zasnove na\u0161ega spletnega mesta.<\/p><p>O priporo\u010deni in dovoljeni uporabi pi\u0161kotkov na spletnih straneh si lahko preberete tudi smernice informacijskega poobla\u0161\u010denca za uporabo pi\u0161kotkov, ki jih najdete&nbsp;<a href=\"https:\/\/www.ip-rs.si\/novice\/informacijski-pooblascenec-izdal-smernice-glede-uporabe-piskotkov-801\/\">tukaj<\/a>.<\/p><h4 class=\"wp-block-heading\">Seznam pi\u0161kotkov na na\u0161i spletni strani<\/h4><figure class=\"wp-block-table\"><table><tbody><tr><td><strong>Ime pi\u0161kotka<\/strong><\/td><td><strong>Trajanje<\/strong><\/td><td><strong>Opis<\/strong><\/td><\/tr><tr><td>NID<\/td><td>180 dni<\/td><td>Ta pi\u0161kotek vsebuje edinstven ID, ki ga Google uporablja za shranjevanje va\u0161ih nastavitev in drugih informacij, na primer izbranega jezika, koliko rezultatov iskanja \u017eelite prikazati na strani (npr. 10 ali 20) in \u010de imate vklopljen Googlov filter za varno iskanje.<\/td><\/tr><tr><td>_ga, _gat, _gid<\/td><td>do 2 let<\/td><td>Pi\u0161kotki za upravljanje Google analitke. Google Analitka je Googlovo orodje za analitiko, ki lastnikom spletnih strani in aplikacij pomaga razumeti, kako obiskovalci uporabljajo stran. Uporablja se ve\u010d pi\u0161kotkov za bele\u017eenje informacij in poro\u010danje o statistiki uporabe spletnega mesta, ki nimajo mo\u010di da bi osebno identificirali posamezne obiskovalce.<\/td><\/tr><tr><td>_woocommerce_*<\/td><td>do konca seje<\/td><td>Pi\u0161kotki za hranjenje uporabnikovih podatkov o prijavi in nakupovalni ko\u0161arici.<\/td><\/tr><tr><td>sora<\/td><td>1 dan<\/td><td>Pi\u0161kotek za bele\u017eenje izdelkov in avtentikacijo oratorijske nakupovalne ko\u0161arice.<\/td><\/tr><\/tbody><\/table><\/figure><p><\/p><p>Pi\u0161kotki, ki jih uporabljamo na na\u0161i spletni strani, ne zbirajo va\u0161ih osebnih podatkov, s katerimi bi vas bilo mogo\u010de osebno prepoznati in ne morejo po\u0161kodovati va\u0161ega ra\u010dunalnika, tablice ali mobilnega telefona. Pi\u0161kotki omogo\u010dajo delovanje na\u0161ega spletnega mesta in nam pomagajo razumeti, katere informacije so najkoristnej\u0161i za obiskovalce.<\/p><p><em><strong>Priglasitev<\/strong><\/em><\/p><p>Z uporabo tega spletnega mesta se strinjate, da to spletno mesto nastavi pi\u0161kotke na va\u0161em ra\u010dunalniku ali mobilni napravi.<\/p><h4 class=\"wp-block-heading\">Upravljanje in brisanje pi\u0161kotkov<\/h4><p>\u010ce \u017eelite spremeniti na\u010din uporabe pi\u0161kotkov v brskalniku, vklju\u010dno z blokiranjem ali izbrisom, lahko to storite z ustrezno spremembo nastavitev brskalnika. Za upravljanje pi\u0161kotkov vam ve\u010dina brskalnikov omogo\u010da, da sprejmete ali zavrnete vse pi\u0161kotke, sprejmete samo dolo\u010deno vrsto pi\u0161kotkov ali pa vas opozori, da stran \u017eeli shraniti pi\u0161kotek. Pi\u0161kotke, ki jih je brskalnik shranil, lahko tudi enostavno izbri\u0161ete. \u010ce spremenite ali izbri\u0161ete brskalnikovo datoteko s pi\u0161kotki, spremenite ali nagradite va\u0161 brskalnik ali napravo, boste morda morali ponovno onemogo\u010diti pi\u0161kotke. Postopek za upravljanje in brisanje pi\u0161kotkov se razlikuje od brskalnika do brskalnika. \u010ce pri tem potrebujete pomo\u010d, lahko pogledate v brskalnikovi pomo\u010di uporabnikom.<\/p><p>Sledenju Google Analytics lahko onemogo\u010dite tudi na naslednji povezavi:&nbsp;<a href=\"https:\/\/tools.google.com\/dlpage\/gaoptout\">https:\/\/tools.google.com\/dlpage\/gaoptout<\/a>.<\/p>","protected":false},"excerpt":{"rendered":"<p>Kaj so pi\u0161kotki? Pi\u0161kotek je datoteka, ki shrani nastavitve spletnih strani. Spletna mesta pi\u0161kotke shranijo v naprave uporabnikov, s katerimi dostopajo do interneta z namenom prepoznavanja posameznih naprav in nastavitev, ki so jih uporabniki uporabili pri dostopu. Pi\u0161kotki omogo\u010dajo spletnim stranem prepoznavanje, \u010de je uporabnik \u017ee obiskal to spletno mesto in pri naprednih aplikacijah se<a href=\"https:\/\/www.salve.si\/en\/piskotki\/\">&#8230;<\/a><\/p>","protected":false},"author":1,"featured_media":0,"parent":0,"menu_order":0,"comment_status":"closed","ping_status":"closed","template":"","meta":{"_acf_changed":false,"footnotes":""},"class_list":["post-11986","page","type-page","status-publish","hentry"],"acf":[],"yoast_head":"<!-- This site is optimized with the Yoast SEO plugin v23.8 - https:\/\/yoast.com\/wordpress\/plugins\/seo\/ -->\n<title>Pi\u0161kotki - Salve<\/title>\n<meta name=\"robots\" content=\"noindex, follow\" \/>\n<meta property=\"og:locale\" content=\"en_US\" \/>\n<meta property=\"og:type\" content=\"article\" \/>\n<meta property=\"og:title\" content=\"Pi\u0161kotki - Salve\" \/>\n<meta property=\"og:description\" content=\"Kaj so pi\u0161kotki? Pi\u0161kotek je datoteka, ki shrani nastavitve spletnih strani. Spletna mesta pi\u0161kotke shranijo v naprave uporabnikov, s katerimi dostopajo do interneta z namenom prepoznavanja posameznih naprav in nastavitev, ki so jih uporabniki uporabili pri dostopu. Pi\u0161kotki omogo\u010dajo spletnim stranem prepoznavanje, \u010de je uporabnik \u017ee obiskal to spletno mesto in pri naprednih aplikacijah se...\" \/>\n<meta property=\"og:url\" content=\"https:\/\/www.salve.si\/en\/piskotki\/\" \/>\n<meta property=\"og:site_name\" content=\"Salve\" \/>\n<meta property=\"article:publisher\" content=\"https:\/\/www.facebook.com\/salve.si\" \/>\n<meta property=\"article:modified_time\" content=\"2020-08-26T19:39:59+00:00\" \/>\n<meta property=\"og:image\" content=\"https:\/\/www.salve.si\/wp-content\/uploads\/2026\/01\/salve-og1.jpg\" \/>\n\t<meta property=\"og:image:width\" content=\"1200\" \/>\n\t<meta property=\"og:image:height\" content=\"630\" \/>\n\t<meta property=\"og:image:type\" content=\"image\/jpeg\" \/>\n<meta name=\"twitter:card\" content=\"summary_large_image\" \/>\n<meta name=\"twitter:label1\" content=\"Est. reading time\" \/>\n\t<meta name=\"twitter:data1\" content=\"3 minutes\" \/>\n<script type=\"application\/ld+json\" class=\"yoast-schema-graph\">{\"@context\":\"https:\/\/schema.org\",\"@graph\":[{\"@type\":\"WebPage\",\"@id\":\"https:\/\/www.salve.si\/piskotki\/\",\"url\":\"https:\/\/www.salve.si\/piskotki\/\",\"name\":\"Pi\u0161kotki - Salve\",\"isPartOf\":{\"@id\":\"https:\/\/www.salve.si\/#website\"},\"datePublished\":\"2020-08-26T19:13:15+00:00\",\"dateModified\":\"2020-08-26T19:39:59+00:00\",\"breadcrumb\":{\"@id\":\"https:\/\/www.salve.si\/piskotki\/#breadcrumb\"},\"inLanguage\":\"en-US\",\"potentialAction\":[{\"@type\":\"ReadAction\",\"target\":[\"https:\/\/www.salve.si\/piskotki\/\"]}]},{\"@type\":\"BreadcrumbList\",\"@id\":\"https:\/\/www.salve.si\/piskotki\/#breadcrumb\",\"itemListElement\":[{\"@type\":\"ListItem\",\"position\":1,\"name\":\"Home\",\"item\":\"https:\/\/www.salve.si\/\"},{\"@type\":\"ListItem\",\"position\":2,\"name\":\"Pi\u0161kotki\"}]},{\"@type\":\"WebSite\",\"@id\":\"https:\/\/www.salve.si\/#website\",\"url\":\"https:\/\/www.salve.si\/\",\"name\":\"Salve\",\"description\":\"Salezijanska zalo\u017eba\",\"publisher\":{\"@id\":\"https:\/\/www.salve.si\/#organization\"},\"potentialAction\":[{\"@type\":\"SearchAction\",\"target\":{\"@type\":\"EntryPoint\",\"urlTemplate\":\"https:\/\/www.salve.si\/?s={search_term_string}\"},\"query-input\":{\"@type\":\"PropertyValueSpecification\",\"valueRequired\":true,\"valueName\":\"search_term_string\"}}],\"inLanguage\":\"en-US\"},{\"@type\":\"Organization\",\"@id\":\"https:\/\/www.salve.si\/#organization\",\"name\":\"Salve d.o.o.\",\"url\":\"https:\/\/www.salve.si\/\",\"logo\":{\"@type\":\"ImageObject\",\"inLanguage\":\"en-US\",\"@id\":\"https:\/\/www.salve.si\/#\/schema\/logo\/image\/\",\"url\":\"https:\/\/www.salve.si\/wp-content\/uploads\/2021\/01\/Salve_logo_modri_nov_web.png\",\"contentUrl\":\"https:\/\/www.salve.si\/wp-content\/uploads\/2021\/01\/Salve_logo_modri_nov_web.png\",\"width\":279,\"height\":90,\"caption\":\"Salve d.o.o.\"},\"image\":{\"@id\":\"https:\/\/www.salve.si\/#\/schema\/logo\/image\/\"},\"sameAs\":[\"https:\/\/www.facebook.com\/salve.si\",\"https:\/\/www.instagram.com\/zalozbasalve\/\",\"https:\/\/www.linkedin.com\/company\/zalozba-salve\/\"]}]}<\/script>\n<!-- \/ Yoast SEO plugin. -->","yoast_head_json":{"title":"Pi\u0161kotki - Salve","robots":{"index":"noindex","follow":"follow"},"og_locale":"en_US","og_type":"article","og_title":"Pi\u0161kotki - Salve","og_description":"Kaj so pi\u0161kotki? Pi\u0161kotek je datoteka, ki shrani nastavitve spletnih strani. Spletna mesta pi\u0161kotke shranijo v naprave uporabnikov, s katerimi dostopajo do interneta z namenom prepoznavanja posameznih naprav in nastavitev, ki so jih uporabniki uporabili pri dostopu. Pi\u0161kotki omogo\u010dajo spletnim stranem prepoznavanje, \u010de je uporabnik \u017ee obiskal to spletno mesto in pri naprednih aplikacijah se...","og_url":"https:\/\/www.salve.si\/en\/piskotki\/","og_site_name":"Salve","article_publisher":"https:\/\/www.facebook.com\/salve.si","article_modified_time":"2020-08-26T19:39:59+00:00","og_image":[{"width":1200,"height":630,"url":"https:\/\/www.salve.si\/wp-content\/uploads\/2026\/01\/salve-og1.jpg","type":"image\/jpeg"}],"twitter_card":"summary_large_image","twitter_misc":{"Est. reading time":"3 minutes"},"schema":{"@context":"https:\/\/schema.org","@graph":[{"@type":"WebPage","@id":"https:\/\/www.salve.si\/piskotki\/","url":"https:\/\/www.salve.si\/piskotki\/","name":"Pi\u0161kotki - Salve","isPartOf":{"@id":"https:\/\/www.salve.si\/#website"},"datePublished":"2020-08-26T19:13:15+00:00","dateModified":"2020-08-26T19:39:59+00:00","breadcrumb":{"@id":"https:\/\/www.salve.si\/piskotki\/#breadcrumb"},"inLanguage":"en-US","potentialAction":[{"@type":"ReadAction","target":["https:\/\/www.salve.si\/piskotki\/"]}]},{"@type":"BreadcrumbList","@id":"https:\/\/www.salve.si\/piskotki\/#breadcrumb","itemListElement":[{"@type":"ListItem","position":1,"name":"Home","item":"https:\/\/www.salve.si\/"},{"@type":"ListItem","position":2,"name":"Pi\u0161kotki"}]},{"@type":"WebSite","@id":"https:\/\/www.salve.si\/#website","url":"https:\/\/www.salve.si\/","name":"Salve","description":"Salezijanska zalo\u017eba","publisher":{"@id":"https:\/\/www.salve.si\/#organization"},"potentialAction":[{"@type":"SearchAction","target":{"@type":"EntryPoint","urlTemplate":"https:\/\/www.salve.si\/?s={search_term_string}"},"query-input":{"@type":"PropertyValueSpecification","valueRequired":true,"valueName":"search_term_string"}}],"inLanguage":"en-US"},{"@type":"Organization","@id":"https:\/\/www.salve.si\/#organization","name":"Salve d.o.o.","url":"https:\/\/www.salve.si\/","logo":{"@type":"ImageObject","inLanguage":"en-US","@id":"https:\/\/www.salve.si\/#\/schema\/logo\/image\/","url":"https:\/\/www.salve.si\/wp-content\/uploads\/2021\/01\/Salve_logo_modri_nov_web.png","contentUrl":"https:\/\/www.salve.si\/wp-content\/uploads\/2021\/01\/Salve_logo_modri_nov_web.png","width":279,"height":90,"caption":"Salve d.o.o."},"image":{"@id":"https:\/\/www.salve.si\/#\/schema\/logo\/image\/"},"sameAs":["https:\/\/www.facebook.com\/salve.si","https:\/\/www.instagram.com\/zalozbasalve\/","https:\/\/www.linkedin.com\/company\/zalozba-salve\/"]}]}},"_links":{"self":[{"href":"https:\/\/www.salve.si\/en\/wp-json\/wp\/v2\/pages\/11986","targetHints":{"allow":["GET"]}}],"collection":[{"href":"https:\/\/www.salve.si\/en\/wp-json\/wp\/v2\/pages"}],"about":[{"href":"https:\/\/www.salve.si\/en\/wp-json\/wp\/v2\/types\/page"}],"author":[{"embeddable":true,"href":"https:\/\/www.salve.si\/en\/wp-json\/wp\/v2\/users\/1"}],"replies":[{"embeddable":true,"href":"https:\/\/www.salve.si\/en\/wp-json\/wp\/v2\/comments?post=11986"}],"version-history":[{"count":10,"href":"https:\/\/www.salve.si\/en\/wp-json\/wp\/v2\/pages\/11986\/revisions"}],"predecessor-version":[{"id":11998,"href":"https:\/\/www.salve.si\/en\/wp-json\/wp\/v2\/pages\/11986\/revisions\/11998"}],"wp:attachment":[{"href":"https:\/\/www.salve.si\/en\/wp-json\/wp\/v2\/media?parent=11986"}],"curies":[{"name":"wp","href":"https:\/\/api.w.org\/{rel}","templated":true}]}}